{"id":12581,"date":"2021-01-27T22:06:40","date_gmt":"2021-01-27T22:06:40","guid":{"rendered":"https:\/\/www.heartfailurematters.org\/o-que-pode-fazer\/manter-outros-problemas-de-saude-sob-controlo\/"},"modified":"2021-01-27T22:06:40","modified_gmt":"2021-01-27T22:06:40","slug":"manter-outros-problemas-de-saude-sob-controlo","status":"publish","type":"page","link":"https:\/\/www.heartfailurematters.org\/pt-br\/o-que-pode-fazer\/manter-outros-problemas-de-saude-sob-controlo\/","title":{"rendered":"Manter outros problemas de sa\u00fade sob controlo"},"content":{"rendered":"<p>A sua insufici\u00eancia card\u00edaca \u00e9 considerada uma doen\u00e7a cr\u00f3nica, tendo em conta que \u00e9 prov\u00e1vel que receba tratamento a longo prazo para a mesma. \u00c9 poss\u00edvel que tenha mais doen\u00e7as cr\u00f3nicas. Isto poder\u00e1 significar que tem de tomar medicamentos ou implementar altera\u00e7\u00f5es no seu estilo de vida para al\u00e9m dos aconselhados pelo m\u00e9dico, no \u00e2mbito da gest\u00e3o da insufici\u00eancia card\u00edaca.<\/p>\n<p>\u00c9 importante gerir as outras doen\u00e7as cr\u00f3nicas o melhor poss\u00edvel, caso contr\u00e1rio podem agravar a insufici\u00eancia card\u00edaca. Gerir v\u00e1rias doen\u00e7as pode ser um desafio, pelo que deve manter o seu m\u00e9dico e enfermeiro informados sobre as suas doen\u00e7as cr\u00f3nicas e respetivos tratamentos, para assegurar que obt\u00e9m os melhores resultados. Isto \u00e9 particularmente importante se tiver mais de um m\u00e9dico para as diferentes doen\u00e7as.<\/p>\n<p>As seguintes doen\u00e7as s\u00e3o normalmente diagnosticadas a doentes com insufici\u00eancia card\u00edaca.<\/p>\n<ul>\n<li>Press\u00e3o arterial elevada (<a class=\"addtooltip\" title=\"Press\u00e3o arterial persistentemente elevada.\"><strong>hipertens\u00e3o<\/strong><\/a>)<\/li>\n<li>Ritmo card\u00edaco irregular como Fibrilha\u00e7\u00e3o Auricular<\/li>\n<li>Doen\u00e7as pulmonares como <a class=\"addtooltip\" title=\"Uma doen\u00e7a respirat\u00f3ria que causa o estreitamente das vias pulmonares, dificultando a respira\u00e7\u00e3o.\"><strong>asma<\/strong><\/a> ou doen\u00e7a de obstru\u00e7\u00e3o das vias respirat\u00f3rias,<\/li>\n<li>Problemas da tiroide<\/li>\n<li>Artrite, dores articulares e musculares<\/li>\n<li><a class=\"addtooltip\" title=\"Uma doen\u00e7a em que o organismo n\u00e3o\"><strong>Diabetes<\/strong><\/a><\/li>\n<li><a class=\"addtooltip\" title=\"N\u00famero baixo de gl\u00f3bulos vermelhos ou quantidade reduzida de hemoglobina no sangue nas c\u00e9lulas sangu\u00edneas, que causa o fornecimento reduzido de oxig\u00e9nio nos tecidos e \u00f3rg\u00e3os.\"><strong>Anemia<\/strong><\/a><\/li>\n<li>A depress\u00e3o \u00e9 muitas vezes um grande problema na insufici\u00eancia card\u00edaca sintom\u00e1tica e deve ser discutida em conformidade com o seu profissional de cuidados de sa\u00fade.<\/li>\n<\/ul>\n","protected":false},"excerpt":{"rendered":"<p>A sua insufici\u00eancia card\u00edaca \u00e9 considerada uma doen\u00e7a cr\u00f3nica, tendo em conta que \u00e9 prov\u00e1vel que receba tratamento a longo prazo para a mesma. \u00c9 poss\u00edvel que tenha mais doen\u00e7as cr\u00f3nicas. Isto poder\u00e1 significar que tem de tomar medicamentos ou implementar altera\u00e7\u00f5es no seu estilo de vida para al\u00e9m dos aconselhados pelo m\u00e9dico, no \u00e2mbito [&hellip;]<\/p>\n","protected":false},"author":1,"featured_media":0,"parent":13173,"menu_order":0,"comment_status":"open","ping_status":"open","template":"","meta":{"_acf_changed":false,"footnotes":""},"categories":[],"tags":[],"class_list":["post-12581","page","type-page","status-publish","hentry"],"acf":[],"yoast_head":"<!-- This site is optimized with the Yoast SEO plugin v24.8.1 - https:\/\/yoast.com\/wordpress\/plugins\/seo\/ -->\n<title>Manter outros problemas de sa\u00fade sob controlo<\/title>\n<meta name=\"description\" content=\"A insufici\u00eancia card\u00edaca \u00e9 considerada uma condi\u00e7\u00e3o m\u00e9dica cr\u00f3nica. Prov\u00e1vel que receba tratamento de longo prazo para a mesma e outras condi\u00e7\u00f5es cr\u00f3nicas.\" \/>\n<meta name=\"robots\" content=\"index, follow, max-snippet:-1, max-image-preview:large, max-video-preview:-1\" \/>\n<link rel=\"canonical\" href=\"https:\/\/www.heartfailurematters.org\/pt-br\/o-que-pode-fazer\/manter-outros-problemas-de-saude-sob-controlo\/\" \/>\n<meta property=\"og:locale\" content=\"pt_BR\" \/>\n<meta property=\"og:type\" content=\"article\" \/>\n<meta property=\"og:title\" content=\"Manter outros problemas de sa\u00fade sob controlo\" \/>\n<meta property=\"og:description\" content=\"A insufici\u00eancia card\u00edaca \u00e9 considerada uma condi\u00e7\u00e3o m\u00e9dica cr\u00f3nica. Prov\u00e1vel que receba tratamento de longo prazo para a mesma e outras condi\u00e7\u00f5es cr\u00f3nicas.\" \/>\n<meta property=\"og:url\" content=\"https:\/\/www.heartfailurematters.org\/pt-br\/o-que-pode-fazer\/manter-outros-problemas-de-saude-sob-controlo\/\" \/>\n<meta property=\"og:site_name\" content=\"Heart Failure Matters\" \/>\n<meta property=\"article:publisher\" content=\"https:\/\/www.facebook.com\/heartfailurematters\" \/>\n<meta name=\"twitter:card\" content=\"summary_large_image\" \/>\n<meta name=\"twitter:label1\" content=\"Est. tempo de leitura\" \/>\n\t<meta name=\"twitter:data1\" content=\"1 minuto\" \/>\n<script type=\"application\/ld+json\" class=\"yoast-schema-graph\">{\"@context\":\"https:\/\/schema.org\",\"@graph\":[{\"@type\":\"WebPage\",\"@id\":\"https:\/\/www.heartfailurematters.org\/pt-br\/o-que-pode-fazer\/manter-outros-problemas-de-saude-sob-controlo\/\",\"url\":\"https:\/\/www.heartfailurematters.org\/pt-br\/o-que-pode-fazer\/manter-outros-problemas-de-saude-sob-controlo\/\",\"name\":\"Manter outros problemas de sa\u00fade sob controlo\",\"isPartOf\":{\"@id\":\"https:\/\/www.heartfailurematters.org\/pt-br\/#website\"},\"datePublished\":\"2021-01-27T22:06:40+00:00\",\"description\":\"A insufici\u00eancia card\u00edaca \u00e9 considerada uma condi\u00e7\u00e3o m\u00e9dica cr\u00f3nica. Prov\u00e1vel que receba tratamento de longo prazo para a mesma e outras condi\u00e7\u00f5es cr\u00f3nicas.\",\"breadcrumb\":{\"@id\":\"https:\/\/www.heartfailurematters.org\/pt-br\/o-que-pode-fazer\/manter-outros-problemas-de-saude-sob-controlo\/#breadcrumb\"},\"inLanguage\":\"pt-BR\",\"potentialAction\":[{\"@type\":\"ReadAction\",\"target\":[\"https:\/\/www.heartfailurematters.org\/pt-br\/o-que-pode-fazer\/manter-outros-problemas-de-saude-sob-controlo\/\"]}]},{\"@type\":\"BreadcrumbList\",\"@id\":\"https:\/\/www.heartfailurematters.org\/pt-br\/o-que-pode-fazer\/manter-outros-problemas-de-saude-sob-controlo\/#breadcrumb\",\"itemListElement\":[{\"@type\":\"ListItem\",\"position\":1,\"name\":\"P\u00e1gina inicial\",\"item\":\"https:\/\/www.heartfailurematters.org\/pt-br\/\"},{\"@type\":\"ListItem\",\"position\":2,\"name\":\"O que pode fazer\",\"item\":\"https:\/\/www.heartfailurematters.org\/pt-br\/o-que-pode-fazer\/\"},{\"@type\":\"ListItem\",\"position\":3,\"name\":\"Manter outros problemas de sa\u00fade sob controlo\"}]},{\"@type\":\"WebSite\",\"@id\":\"https:\/\/www.heartfailurematters.org\/pt-br\/#website\",\"url\":\"https:\/\/www.heartfailurematters.org\/pt-br\/\",\"name\":\"Heart Failure Matters\",\"description\":\"Practical information for patients, families and caregivers.\",\"publisher\":{\"@id\":\"https:\/\/www.heartfailurematters.org\/pt-br\/#organization\"},\"potentialAction\":[{\"@type\":\"SearchAction\",\"target\":{\"@type\":\"EntryPoint\",\"urlTemplate\":\"https:\/\/www.heartfailurematters.org\/pt-br\/?s={search_term_string}\"},\"query-input\":{\"@type\":\"PropertyValueSpecification\",\"valueRequired\":true,\"valueName\":\"search_term_string\"}}],\"inLanguage\":\"pt-BR\"},{\"@type\":\"Organization\",\"@id\":\"https:\/\/www.heartfailurematters.org\/pt-br\/#organization\",\"name\":\"Heart Failure Matters\",\"url\":\"https:\/\/www.heartfailurematters.org\/pt-br\/\",\"logo\":{\"@type\":\"ImageObject\",\"inLanguage\":\"pt-BR\",\"@id\":\"https:\/\/www.heartfailurematters.org\/pt-br\/#\/schema\/logo\/image\/\",\"url\":\"https:\/\/cdn-endpoint-hfm.azureedge.net\/heartfailurematters\/2024\/07\/hfm-logo1.jpg\",\"contentUrl\":\"https:\/\/cdn-endpoint-hfm.azureedge.net\/heartfailurematters\/2024\/07\/hfm-logo1.jpg\",\"width\":1280,\"height\":720,\"caption\":\"Heart Failure Matters\"},\"image\":{\"@id\":\"https:\/\/www.heartfailurematters.org\/pt-br\/#\/schema\/logo\/image\/\"},\"sameAs\":[\"https:\/\/www.facebook.com\/heartfailurematters\"]}]}<\/script>\n<!-- \/ Yoast SEO plugin. -->","yoast_head_json":{"title":"Manter outros problemas de sa\u00fade sob controlo","description":"A insufici\u00eancia card\u00edaca \u00e9 considerada uma condi\u00e7\u00e3o m\u00e9dica cr\u00f3nica. Prov\u00e1vel que receba tratamento de longo prazo para a mesma e outras condi\u00e7\u00f5es cr\u00f3nicas.","robots":{"index":"index","follow":"follow","max-snippet":"max-snippet:-1","max-image-preview":"max-image-preview:large","max-video-preview":"max-video-preview:-1"},"canonical":"https:\/\/www.heartfailurematters.org\/pt-br\/o-que-pode-fazer\/manter-outros-problemas-de-saude-sob-controlo\/","og_locale":"pt_BR","og_type":"article","og_title":"Manter outros problemas de sa\u00fade sob controlo","og_description":"A insufici\u00eancia card\u00edaca \u00e9 considerada uma condi\u00e7\u00e3o m\u00e9dica cr\u00f3nica. Prov\u00e1vel que receba tratamento de longo prazo para a mesma e outras condi\u00e7\u00f5es cr\u00f3nicas.","og_url":"https:\/\/www.heartfailurematters.org\/pt-br\/o-que-pode-fazer\/manter-outros-problemas-de-saude-sob-controlo\/","og_site_name":"Heart Failure Matters","article_publisher":"https:\/\/www.facebook.com\/heartfailurematters","twitter_card":"summary_large_image","twitter_misc":{"Est. tempo de leitura":"1 minuto"},"schema":{"@context":"https:\/\/schema.org","@graph":[{"@type":"WebPage","@id":"https:\/\/www.heartfailurematters.org\/pt-br\/o-que-pode-fazer\/manter-outros-problemas-de-saude-sob-controlo\/","url":"https:\/\/www.heartfailurematters.org\/pt-br\/o-que-pode-fazer\/manter-outros-problemas-de-saude-sob-controlo\/","name":"Manter outros problemas de sa\u00fade sob controlo","isPartOf":{"@id":"https:\/\/www.heartfailurematters.org\/pt-br\/#website"},"datePublished":"2021-01-27T22:06:40+00:00","description":"A insufici\u00eancia card\u00edaca \u00e9 considerada uma condi\u00e7\u00e3o m\u00e9dica cr\u00f3nica. Prov\u00e1vel que receba tratamento de longo prazo para a mesma e outras condi\u00e7\u00f5es cr\u00f3nicas.","breadcrumb":{"@id":"https:\/\/www.heartfailurematters.org\/pt-br\/o-que-pode-fazer\/manter-outros-problemas-de-saude-sob-controlo\/#breadcrumb"},"inLanguage":"pt-BR","potentialAction":[{"@type":"ReadAction","target":["https:\/\/www.heartfailurematters.org\/pt-br\/o-que-pode-fazer\/manter-outros-problemas-de-saude-sob-controlo\/"]}]},{"@type":"BreadcrumbList","@id":"https:\/\/www.heartfailurematters.org\/pt-br\/o-que-pode-fazer\/manter-outros-problemas-de-saude-sob-controlo\/#breadcrumb","itemListElement":[{"@type":"ListItem","position":1,"name":"P\u00e1gina inicial","item":"https:\/\/www.heartfailurematters.org\/pt-br\/"},{"@type":"ListItem","position":2,"name":"O que pode fazer","item":"https:\/\/www.heartfailurematters.org\/pt-br\/o-que-pode-fazer\/"},{"@type":"ListItem","position":3,"name":"Manter outros problemas de sa\u00fade sob controlo"}]},{"@type":"WebSite","@id":"https:\/\/www.heartfailurematters.org\/pt-br\/#website","url":"https:\/\/www.heartfailurematters.org\/pt-br\/","name":"Heart Failure Matters","description":"Practical information for patients, families and caregivers.","publisher":{"@id":"https:\/\/www.heartfailurematters.org\/pt-br\/#organization"},"potentialAction":[{"@type":"SearchAction","target":{"@type":"EntryPoint","urlTemplate":"https:\/\/www.heartfailurematters.org\/pt-br\/?s={search_term_string}"},"query-input":{"@type":"PropertyValueSpecification","valueRequired":true,"valueName":"search_term_string"}}],"inLanguage":"pt-BR"},{"@type":"Organization","@id":"https:\/\/www.heartfailurematters.org\/pt-br\/#organization","name":"Heart Failure Matters","url":"https:\/\/www.heartfailurematters.org\/pt-br\/","logo":{"@type":"ImageObject","inLanguage":"pt-BR","@id":"https:\/\/www.heartfailurematters.org\/pt-br\/#\/schema\/logo\/image\/","url":"https:\/\/cdn-endpoint-hfm.azureedge.net\/heartfailurematters\/2024\/07\/hfm-logo1.jpg","contentUrl":"https:\/\/cdn-endpoint-hfm.azureedge.net\/heartfailurematters\/2024\/07\/hfm-logo1.jpg","width":1280,"height":720,"caption":"Heart Failure Matters"},"image":{"@id":"https:\/\/www.heartfailurematters.org\/pt-br\/#\/schema\/logo\/image\/"},"sameAs":["https:\/\/www.facebook.com\/heartfailurematters"]}]}},"_links":{"self":[{"href":"https:\/\/www.heartfailurematters.org\/pt-br\/wp-json\/wp\/v2\/pages\/12581","targetHints":{"allow":["GET"]}}],"collection":[{"href":"https:\/\/www.heartfailurematters.org\/pt-br\/wp-json\/wp\/v2\/pages"}],"about":[{"href":"https:\/\/www.heartfailurematters.org\/pt-br\/wp-json\/wp\/v2\/types\/page"}],"author":[{"embeddable":true,"href":"https:\/\/www.heartfailurematters.org\/pt-br\/wp-json\/wp\/v2\/users\/1"}],"replies":[{"embeddable":true,"href":"https:\/\/www.heartfailurematters.org\/pt-br\/wp-json\/wp\/v2\/comments?post=12581"}],"version-history":[{"count":0,"href":"https:\/\/www.heartfailurematters.org\/pt-br\/wp-json\/wp\/v2\/pages\/12581\/revisions"}],"up":[{"embeddable":true,"href":"https:\/\/www.heartfailurematters.org\/pt-br\/wp-json\/wp\/v2\/pages\/13173"}],"wp:attachment":[{"href":"https:\/\/www.heartfailurematters.org\/pt-br\/wp-json\/wp\/v2\/media?parent=12581"}],"wp:term":[{"taxonomy":"category","embeddable":true,"href":"https:\/\/www.heartfailurematters.org\/pt-br\/wp-json\/wp\/v2\/categories?post=12581"},{"taxonomy":"post_tag","embeddable":true,"href":"https:\/\/www.heartfailurematters.org\/pt-br\/wp-json\/wp\/v2\/tags?post=12581"}],"curies":[{"name":"wp","href":"https:\/\/api.w.org\/{rel}","templated":true}]}}