{"id":12580,"date":"2021-01-27T22:06:40","date_gmt":"2021-01-27T22:06:40","guid":{"rendered":"https:\/\/www.heartfailurematters.org\/autores-e-conteudo\/"},"modified":"2026-03-02T14:23:39","modified_gmt":"2026-03-02T14:23:39","slug":"autores-e-conteudo","status":"publish","type":"page","link":"https:\/\/www.heartfailurematters.org\/pt-br\/autores-e-conteudo\/","title":{"rendered":"Autores e conte\u00fado"},"content":{"rendered":"<p>Le site <strong><em>heartfailurematters.org<\/em> <\/strong>a \u00e9t\u00e9 d\u00e9velopp\u00e9 sous la direction de la <a href=\"https:\/\/www.escardio.org\/HFA\">Heart Failure Association of the European Society of Cardiology<\/a> (HFA de l&#8217;ESC).<\/p>\n<p>Le contenu de ce site est original et repose sur des recommandations conformes aux <strong>lignes directrices pratiques de la Soci\u00e9t\u00e9 Europ\u00e9enne de Cardiologie<\/strong> . Le Forum des patients de l&#8217;ESC a contribu\u00e9 \u00e0 l&#8217;\u00e9laboration du contenu.<\/p>\n<h2>Comit\u00e9 do Heart Failure Matters \u2013 Mandato: 2024-2026<\/h2>\n<p><strong>Pr\u00e9sident : <\/strong>Prof. Stefan Stoerk (DE)<\/p>\n<p><strong>Vice-pr\u00e9sident<\/strong> : Prof. Kenneth Dickstein (NO)<\/p>\n<p>&nbsp;<\/p>\n<p><strong>Membres du comit\u00e9 :<\/strong><\/p>\n<ul>\n<li>Michela Barisone (IT)<\/li>\n<li>Tiny Jaarsma (SE)<\/li>\n<li>Emmanouil Kampanieris (GR)<\/li>\n<li>Mitja Lainscak (SL)<\/li>\n<li>Michal Laufer-Perl (IL)<\/li>\n<li>Michael Madigan (IE)<\/li>\n<li>Mrs Maggie Simpson (UK)<\/li>\n<li>Hadi Skouri (LB)<\/li>\n<li>Mucio Tavares de Oliveira Junior (BR)<\/li>\n<li>Styliani Vakrou (GR)<\/li>\n<\/ul>\n<p><strong>L&#8217;Heart Failure Association tient \u00e0 remercier les coll\u00e8gues suivants pour leur contribution et leur aide lors de la mise \u00e0 jour du contenu de <a href=\"https:\/\/www.heartfailurematters.org\/pt-br\/\" target=\"_blank\" rel=\"noopener\">heartfailurematters.org.<\/a><\/strong><\/p>\n<ul>\n<li>Julia Begrambekova (RU)<\/li>\n<li>Martin Cowie (UK)<\/li>\n<li>Jelena Celuktiene (LT)<\/li>\n<li>Rudolf De Boer (NL)<\/li>\n<li>Wolfram Doehner (DE)<\/li>\n<li>Loreena Hill (UK)<\/li>\n<li>Stephane Heymans (NL)<\/li>\n<li>Ewa Jankowska (PL)<\/li>\n<li>Tiny Jaarsma (SE)<\/li>\n<li>Mitja Lainscak (SL)<\/li>\n<li>Ekaterini Lambrinou<\/li>\n<li>Marco Metra (IT)<\/li>\n<li>Brenda Moura (PT)<\/li>\n<li>Wilfried Mullens (BE)<\/li>\n<li>Alejandro Recio Mayoral (ES)<\/li>\n<li>Frans Hendrik Rutten (NL)<\/li>\n<li>Anna Stromberg (SE)<\/li>\n<li>Jean\u2011No\u00ebl Trochu (FR)<\/li>\n<li>Faiez Zannad (FR)<\/li>\n<\/ul>\n<p>Desejamos expressar a nossa mais sincera gratid\u00e3o aos volunt\u00e1rios pelo seu tempo e pela sua valiosa participa\u00e7\u00e3o na revis\u00e3o da tradu\u00e7\u00e3o do site web:<\/p>\n<ul>\n<li>Julia Begrambekova (RU)<\/li>\n<li>Martin Cowie (UK)<\/li>\n<li>Jelena Celuktiene (LT)<\/li>\n<li>Rudolf De Boer (NL)<\/li>\n<li>Wolfram Doehner (DE)<\/li>\n<li>Loreena Hill (UK)<\/li>\n<li>Stephane Heymans (NL)<\/li>\n<li>Ewa Jankowska (PL)<\/li>\n<li>Tiny Jaarsma (SE)<\/li>\n<li>Mitja Lainscak (SL)<\/li>\n<li>Ekaterini Lambrinou<\/li>\n<li>Marco Metra (IT)<\/li>\n<li>Brenda Moura (PT)<\/li>\n<li>Wilfried Mullens (BE)<\/li>\n<li>Alejandro Recio Mayoral (ES)<\/li>\n<li>Frans Hendrik Rutten (NL)<\/li>\n<li>Anna Stromberg (SE)<\/li>\n<li>Jean-Noel Trochu (FR)<\/li>\n<li>Faiez Zannad (FR)<\/li>\n<\/ul>\n<p>Nous souhaitons exprimer notre plus sinc\u00e8re gratitude aux volontaires pour leur temps et leur pr\u00e9cieuse participation \u00e0 la r\u00e9vision de la traduction du site web\u00a0:<\/p>\n<ul>\n<li>Ming T\u00e2m Bailly<\/li>\n<li>Laureen Cohen<\/li>\n<li>Pascal de Groote<\/li>\n<li>Manel El Blidi<\/li>\n<li>Associate Prof. Emmanuelle Vermes<\/li>\n<li>David Stevant<\/li>\n<li>GICC (Groupe Insuffisance Cardiaque et Cardiomyopathies de la Soci\u00e9t\u00e9 Fran\u00e7aise de Cardiologie)<\/li>\n<\/ul>\n<p>&nbsp;<\/p>\n","protected":false},"excerpt":{"rendered":"<p>Le site heartfailurematters.org a \u00e9t\u00e9 d\u00e9velopp\u00e9 sous la direction de la Heart Failure Association of the European Society of Cardiology (HFA de l&#8217;ESC). Le contenu de ce site est original et repose sur des recommandations conformes aux lignes directrices pratiques de la Soci\u00e9t\u00e9 Europ\u00e9enne de Cardiologie . Le Forum des patients de l&#8217;ESC a contribu\u00e9 [&hellip;]<\/p>\n","protected":false},"author":1,"featured_media":0,"parent":0,"menu_order":0,"comment_status":"open","ping_status":"open","template":"","meta":{"_acf_changed":false,"footnotes":""},"categories":[],"tags":[],"class_list":["post-12580","page","type-page","status-publish","hentry"],"acf":[],"yoast_head":"<!-- This site is optimized with the Yoast SEO plugin v24.8.1 - https:\/\/yoast.com\/wordpress\/plugins\/seo\/ -->\n<title>Autores e conte\u00fado sobre insufici\u00eancia card\u00edaca<\/title>\n<meta name=\"description\" content=\"O website heartfailurematters.org foi desenvolvido sob a supervis\u00e3o da Associa\u00e7\u00e3o de Insufici\u00eancia Card\u00edaca da Sociedade Europeia de Cardiologia.\" \/>\n<meta name=\"robots\" content=\"index, follow, max-snippet:-1, max-image-preview:large, max-video-preview:-1\" \/>\n<link rel=\"canonical\" href=\"https:\/\/www.heartfailurematters.org\/pt-br\/autores-e-conteudo\/\" \/>\n<meta property=\"og:locale\" content=\"pt_BR\" \/>\n<meta property=\"og:type\" content=\"article\" \/>\n<meta property=\"og:title\" content=\"Autores e conte\u00fado sobre insufici\u00eancia card\u00edaca\" \/>\n<meta property=\"og:description\" content=\"O website heartfailurematters.org foi desenvolvido sob a supervis\u00e3o da Associa\u00e7\u00e3o de Insufici\u00eancia Card\u00edaca da Sociedade Europeia de Cardiologia.\" \/>\n<meta property=\"og:url\" content=\"https:\/\/www.heartfailurematters.org\/pt-br\/autores-e-conteudo\/\" \/>\n<meta property=\"og:site_name\" content=\"Heart Failure Matters\" \/>\n<meta property=\"article:publisher\" content=\"https:\/\/www.facebook.com\/heartfailurematters\" \/>\n<meta property=\"article:modified_time\" content=\"2026-03-02T14:23:39+00:00\" \/>\n<meta name=\"twitter:card\" content=\"summary_large_image\" \/>\n<meta name=\"twitter:label1\" content=\"Est. tempo de leitura\" \/>\n\t<meta name=\"twitter:data1\" content=\"2 minutos\" \/>\n<script type=\"application\/ld+json\" class=\"yoast-schema-graph\">{\"@context\":\"https:\/\/schema.org\",\"@graph\":[{\"@type\":\"WebPage\",\"@id\":\"https:\/\/www.heartfailurematters.org\/pt-br\/autores-e-conteudo\/\",\"url\":\"https:\/\/www.heartfailurematters.org\/pt-br\/autores-e-conteudo\/\",\"name\":\"Autores e conte\u00fado sobre insufici\u00eancia card\u00edaca\",\"isPartOf\":{\"@id\":\"https:\/\/www.heartfailurematters.org\/pt-br\/#website\"},\"datePublished\":\"2021-01-27T22:06:40+00:00\",\"dateModified\":\"2026-03-02T14:23:39+00:00\",\"description\":\"O website heartfailurematters.org foi desenvolvido sob a supervis\u00e3o da Associa\u00e7\u00e3o de Insufici\u00eancia Card\u00edaca da Sociedade Europeia de Cardiologia.\",\"breadcrumb\":{\"@id\":\"https:\/\/www.heartfailurematters.org\/pt-br\/autores-e-conteudo\/#breadcrumb\"},\"inLanguage\":\"pt-BR\",\"potentialAction\":[{\"@type\":\"ReadAction\",\"target\":[\"https:\/\/www.heartfailurematters.org\/pt-br\/autores-e-conteudo\/\"]}]},{\"@type\":\"BreadcrumbList\",\"@id\":\"https:\/\/www.heartfailurematters.org\/pt-br\/autores-e-conteudo\/#breadcrumb\",\"itemListElement\":[{\"@type\":\"ListItem\",\"position\":1,\"name\":\"P\u00e1gina inicial\",\"item\":\"https:\/\/www.heartfailurematters.org\/pt-br\/\"},{\"@type\":\"ListItem\",\"position\":2,\"name\":\"Autores e conte\u00fado\"}]},{\"@type\":\"WebSite\",\"@id\":\"https:\/\/www.heartfailurematters.org\/pt-br\/#website\",\"url\":\"https:\/\/www.heartfailurematters.org\/pt-br\/\",\"name\":\"Heart Failure Matters\",\"description\":\"Practical information for patients, families and caregivers.\",\"publisher\":{\"@id\":\"https:\/\/www.heartfailurematters.org\/pt-br\/#organization\"},\"potentialAction\":[{\"@type\":\"SearchAction\",\"target\":{\"@type\":\"EntryPoint\",\"urlTemplate\":\"https:\/\/www.heartfailurematters.org\/pt-br\/?s={search_term_string}\"},\"query-input\":{\"@type\":\"PropertyValueSpecification\",\"valueRequired\":true,\"valueName\":\"search_term_string\"}}],\"inLanguage\":\"pt-BR\"},{\"@type\":\"Organization\",\"@id\":\"https:\/\/www.heartfailurematters.org\/pt-br\/#organization\",\"name\":\"Heart Failure Matters\",\"url\":\"https:\/\/www.heartfailurematters.org\/pt-br\/\",\"logo\":{\"@type\":\"ImageObject\",\"inLanguage\":\"pt-BR\",\"@id\":\"https:\/\/www.heartfailurematters.org\/pt-br\/#\/schema\/logo\/image\/\",\"url\":\"https:\/\/cdn-endpoint-hfm.azureedge.net\/heartfailurematters\/2024\/07\/hfm-logo1.jpg\",\"contentUrl\":\"https:\/\/cdn-endpoint-hfm.azureedge.net\/heartfailurematters\/2024\/07\/hfm-logo1.jpg\",\"width\":1280,\"height\":720,\"caption\":\"Heart Failure Matters\"},\"image\":{\"@id\":\"https:\/\/www.heartfailurematters.org\/pt-br\/#\/schema\/logo\/image\/\"},\"sameAs\":[\"https:\/\/www.facebook.com\/heartfailurematters\"]}]}<\/script>\n<!-- \/ Yoast SEO plugin. -->","yoast_head_json":{"title":"Autores e conte\u00fado sobre insufici\u00eancia card\u00edaca","description":"O website heartfailurematters.org foi desenvolvido sob a supervis\u00e3o da Associa\u00e7\u00e3o de Insufici\u00eancia Card\u00edaca da Sociedade Europeia de Cardiologia.","robots":{"index":"index","follow":"follow","max-snippet":"max-snippet:-1","max-image-preview":"max-image-preview:large","max-video-preview":"max-video-preview:-1"},"canonical":"https:\/\/www.heartfailurematters.org\/pt-br\/autores-e-conteudo\/","og_locale":"pt_BR","og_type":"article","og_title":"Autores e conte\u00fado sobre insufici\u00eancia card\u00edaca","og_description":"O website heartfailurematters.org foi desenvolvido sob a supervis\u00e3o da Associa\u00e7\u00e3o de Insufici\u00eancia Card\u00edaca da Sociedade Europeia de Cardiologia.","og_url":"https:\/\/www.heartfailurematters.org\/pt-br\/autores-e-conteudo\/","og_site_name":"Heart Failure Matters","article_publisher":"https:\/\/www.facebook.com\/heartfailurematters","article_modified_time":"2026-03-02T14:23:39+00:00","twitter_card":"summary_large_image","twitter_misc":{"Est. tempo de leitura":"2 minutos"},"schema":{"@context":"https:\/\/schema.org","@graph":[{"@type":"WebPage","@id":"https:\/\/www.heartfailurematters.org\/pt-br\/autores-e-conteudo\/","url":"https:\/\/www.heartfailurematters.org\/pt-br\/autores-e-conteudo\/","name":"Autores e conte\u00fado sobre insufici\u00eancia card\u00edaca","isPartOf":{"@id":"https:\/\/www.heartfailurematters.org\/pt-br\/#website"},"datePublished":"2021-01-27T22:06:40+00:00","dateModified":"2026-03-02T14:23:39+00:00","description":"O website heartfailurematters.org foi desenvolvido sob a supervis\u00e3o da Associa\u00e7\u00e3o de Insufici\u00eancia Card\u00edaca da Sociedade Europeia de Cardiologia.","breadcrumb":{"@id":"https:\/\/www.heartfailurematters.org\/pt-br\/autores-e-conteudo\/#breadcrumb"},"inLanguage":"pt-BR","potentialAction":[{"@type":"ReadAction","target":["https:\/\/www.heartfailurematters.org\/pt-br\/autores-e-conteudo\/"]}]},{"@type":"BreadcrumbList","@id":"https:\/\/www.heartfailurematters.org\/pt-br\/autores-e-conteudo\/#breadcrumb","itemListElement":[{"@type":"ListItem","position":1,"name":"P\u00e1gina inicial","item":"https:\/\/www.heartfailurematters.org\/pt-br\/"},{"@type":"ListItem","position":2,"name":"Autores e conte\u00fado"}]},{"@type":"WebSite","@id":"https:\/\/www.heartfailurematters.org\/pt-br\/#website","url":"https:\/\/www.heartfailurematters.org\/pt-br\/","name":"Heart Failure Matters","description":"Practical information for patients, families and caregivers.","publisher":{"@id":"https:\/\/www.heartfailurematters.org\/pt-br\/#organization"},"potentialAction":[{"@type":"SearchAction","target":{"@type":"EntryPoint","urlTemplate":"https:\/\/www.heartfailurematters.org\/pt-br\/?s={search_term_string}"},"query-input":{"@type":"PropertyValueSpecification","valueRequired":true,"valueName":"search_term_string"}}],"inLanguage":"pt-BR"},{"@type":"Organization","@id":"https:\/\/www.heartfailurematters.org\/pt-br\/#organization","name":"Heart Failure Matters","url":"https:\/\/www.heartfailurematters.org\/pt-br\/","logo":{"@type":"ImageObject","inLanguage":"pt-BR","@id":"https:\/\/www.heartfailurematters.org\/pt-br\/#\/schema\/logo\/image\/","url":"https:\/\/cdn-endpoint-hfm.azureedge.net\/heartfailurematters\/2024\/07\/hfm-logo1.jpg","contentUrl":"https:\/\/cdn-endpoint-hfm.azureedge.net\/heartfailurematters\/2024\/07\/hfm-logo1.jpg","width":1280,"height":720,"caption":"Heart Failure Matters"},"image":{"@id":"https:\/\/www.heartfailurematters.org\/pt-br\/#\/schema\/logo\/image\/"},"sameAs":["https:\/\/www.facebook.com\/heartfailurematters"]}]}},"_links":{"self":[{"href":"https:\/\/www.heartfailurematters.org\/pt-br\/wp-json\/wp\/v2\/pages\/12580","targetHints":{"allow":["GET"]}}],"collection":[{"href":"https:\/\/www.heartfailurematters.org\/pt-br\/wp-json\/wp\/v2\/pages"}],"about":[{"href":"https:\/\/www.heartfailurematters.org\/pt-br\/wp-json\/wp\/v2\/types\/page"}],"author":[{"embeddable":true,"href":"https:\/\/www.heartfailurematters.org\/pt-br\/wp-json\/wp\/v2\/users\/1"}],"replies":[{"embeddable":true,"href":"https:\/\/www.heartfailurematters.org\/pt-br\/wp-json\/wp\/v2\/comments?post=12580"}],"version-history":[{"count":2,"href":"https:\/\/www.heartfailurematters.org\/pt-br\/wp-json\/wp\/v2\/pages\/12580\/revisions"}],"predecessor-version":[{"id":14027,"href":"https:\/\/www.heartfailurematters.org\/pt-br\/wp-json\/wp\/v2\/pages\/12580\/revisions\/14027"}],"wp:attachment":[{"href":"https:\/\/www.heartfailurematters.org\/pt-br\/wp-json\/wp\/v2\/media?parent=12580"}],"wp:term":[{"taxonomy":"category","embeddable":true,"href":"https:\/\/www.heartfailurematters.org\/pt-br\/wp-json\/wp\/v2\/categories?post=12580"},{"taxonomy":"post_tag","embeddable":true,"href":"https:\/\/www.heartfailurematters.org\/pt-br\/wp-json\/wp\/v2\/tags?post=12580"}],"curies":[{"name":"wp","href":"https:\/\/api.w.org\/{rel}","templated":true}]}}