{"id":12572,"date":"2021-01-27T22:06:46","date_gmt":"2021-01-27T22:06:46","guid":{"rendered":"https:\/\/www.heartfailurematters.org\/o-que-o-seu-medico-ou-enfermeiro-pode-fazer\/anticoagulantes-e-novos-anticoagulantes-orais\/"},"modified":"2021-01-27T22:06:46","modified_gmt":"2021-01-27T22:06:46","slug":"anticoagulantes-e-novos-anticoagulantes-orais","status":"publish","type":"page","link":"https:\/\/www.heartfailurematters.org\/pt-br\/o-que-o-seu-medico-ou-enfermeiro-pode-fazer\/anticoagulantes-e-novos-anticoagulantes-orais\/","title":{"rendered":"Anticoagulantes e novos anticoagulantes orais"},"content":{"rendered":"<h2>Como funcionam?<\/h2>\n<p><a class=\"addtooltip\" title=\"Medicamentos que impedem a forma\u00e7\u00e3o de co\u00e1gulos sangu\u00edneos, principalmente nas art\u00e9rias coron\u00e1rias.\"><strong title=\"\">Os anticoagulantes<\/strong><\/a> (tamb\u00e9m conhecidos por <strong>antitromb\u00f3ticos<\/strong>) impedem a forma\u00e7\u00e3o ou o crescimento de co\u00e1gulos sangu\u00edneos. S\u00e3o importantes porque as pessoas com insufici\u00eancia card\u00edaca poder\u00e3o produzir co\u00e1gulos sangu\u00edneos no cora\u00e7\u00e3o ou nos vasos sangu\u00edneos que fornecem sangue ao cora\u00e7\u00e3o. Para os doentes com fibrilha\u00e7\u00e3o auricular, que consiste num ritmo card\u00edaco irregular, comum sobretudo em doentes com insufici\u00eancia card\u00edaca, <a class=\"addtooltip\" title=\"Medicamentos que impedem a forma\u00e7\u00e3o de co\u00e1gulos sangu\u00edneos, principalmente nas art\u00e9rias coron\u00e1rias.\"><strong title=\"\">os anticoagulantes<\/strong><\/a> s\u00e3o fundamentais uma vez que protegem contra a forma\u00e7\u00e3o de co\u00e1gulos sangu\u00edneos na aur\u00edcula esquerda que poder\u00e3o soltar-se e causar um acidente vascular cerebral.<\/p>\n<p>Embora os <a class=\"addtooltip\" title=\"Medicamentos que impedem a forma\u00e7\u00e3o de co\u00e1gulos sangu\u00edneos, principalmente nas art\u00e9rias coron\u00e1rias.\"><strong title=\"\">anticoagulantes<\/strong><\/a> sejam frequentemente referidos como diluentes do sangue, na verdade n\u00e3o permitem que o sangue circule mais livremente nos vasos sangu\u00edneos. Imagine-os como impedindo que o sangue lento forme co\u00e1gulos sangu\u00edneos onde n\u00e3o deveria.<\/p>\n<p>A varfarina \u00e9 o anticoagulante mais comum e \u00e9 tomado em comprimidos. A dose de varfarina varia de pessoa para pessoa. O seu m\u00e9dico ou enfermeiro medir\u00e1 regularmente a\u00a0<strong>Rela\u00e7\u00e3o internacional normalizada (INR)<\/strong>, sobretudo durante o in\u00edcio do tratamento e depois, rotineiramente para determinar a dose adequada para o seu caso. \u00c9 importante que n\u00e3o se esque\u00e7a de tomar os comprimidos nem tome doses extra. Caso contr\u00e1rio, ter\u00e1 de informar o seu m\u00e9dico ou enfermeiro.<\/p>\n<p>Por vezes, poder\u00e1 ser-lhe administrada uma inje\u00e7\u00e3o anticoagulante (normalmente algum tipo de heparina) em vez da varfarina. Isto \u00e9 muitas vezes realizado num hospital durante per\u00edodos de imobiliza\u00e7\u00e3o, por exemplo, durante um internamento antes de um procedimento m\u00e9dico ou se n\u00e3o conseguir engolir medicamentos.<\/p>\n<p>Nos \u00faltimos anos, foi desenvolvida uma nova gera\u00e7\u00e3o de <a class=\"addtooltip\" title=\"Medicamentos que impedem a forma\u00e7\u00e3o de co\u00e1gulos sangu\u00edneos, principalmente nas art\u00e9rias coron\u00e1rias.\"><strong title=\"\">anticoagulantes<\/strong><\/a>, conhecida como \u201cnovos anticoagulantes orais\u201d ou <strong>NOAC<\/strong>. Estes medicamentos s\u00e3o agora frequentemente utilizados para proteger contra acidentes vasculares cerebrais nos doentes com fibrilha\u00e7\u00e3o auricular. Os NOAC s\u00e3o t\u00e3o eficazes como a varfarina e poder\u00e3o ser mais f\u00e1ceis de usar, uma vez que n\u00e3o requerem a realiza\u00e7\u00e3o rotineira de an\u00e1lises ao sangue para medir a tend\u00eancia do sangue para formar co\u00e1gulos.<\/p>\n<h2>Efeitos secund\u00e1rios<\/h2>\n<p>Os anticoagulantes podem aumentar a tend\u00eancia de hemorragia, normalmente vis\u00edvel sob a forma de n\u00f3doas negras ou pequenas hemorragias. Contudo, embora o risco seja pequeno, tamb\u00e9m existe mais risco de ocorr\u00eancia de uma\u00a0<strong>hemorragia<\/strong><\/p>\n<p>grave (hemorragia grave), por exemplo relacionada com uma \u00falcera no est\u00f4mago.<\/p>\n<p>O efeito da varfarina durar\u00e1 durante v\u00e1rios dias depois de interromper a toma dos comprimidos, embora o seu m\u00e9dico possa administrar um tratamento que reduzir\u00e1 rapidamente a tend\u00eancia de hemorragia. Em contrapartida, o efeito de um NOAC \u00e9 de curta dura\u00e7\u00e3o, de horas em vez de dias, pelo que poder\u00e1 ser mais f\u00e1cil gerir a tend\u00eancia de hemorragia.<\/p>\n<h2>Principais sugest\u00f5es<\/h2>\n<p>\u00c9 essencial que colabore de perto com o seu m\u00e9dico ou enfermeiro quando come\u00e7ar o tratamento para ser poss\u00edvel determinar a dose de varfarina ou de um NOAC adequada para si, ao mesmo tempo que mant\u00e9m um n\u00edvel est\u00e1vel de coagula\u00e7\u00e3o.<\/p>\n<p>Deve comunicar a todos os seus m\u00e9dicos, incluindo ao m\u00e9dico de fam\u00edlia, dentista e farmac\u00eautico, que est\u00e1 a tomar varfarina ou um NOAC. \u00c9 \u00fatil ter consigo um cart\u00e3o de alerta m\u00e9dico ou uma pulseira que informe as pessoas que est\u00e1 a tomar varfarina ou um NOAC em caso de emerg\u00eancia.<\/p>\n<p>Devido ao risco de hemorragia, \u00e9 importante que informe imediatamente o seu m\u00e9dico se notar sinais de hemorragia anormal, incluindo n\u00f3doas negras sem explica\u00e7\u00e3o ou sangramento nas gengivas, nariz, trato urin\u00e1rio ou intestinos. \u00c9 fundamental que comunique exatamente quando tomou a \u00faltima dose de um anticoagulante como a varfarina ou um NOAC.<\/p>\n<h2>Tamb\u00e9m conhecido por:<\/h2>\n<p>&nbsp;<\/p>\n<h3>Anticoagulantes orais<\/h3>\n<ul>\n<li><strong>Varfarina<br \/>\n<\/strong>(Varfine\u00ae)<\/li>\n<li><strong>Acenocumarol<br \/>\n<\/strong>(Sintrom\u00ae)<\/li>\n<li><strong>Fenindiona\u00a0<\/strong><\/li>\n<li><strong>NAO<\/strong><\/li>\n<li><strong>Dabigatran<br \/>\n<\/strong>Pradaxa\u00ae<\/li>\n<li><strong>Rivaroxabano<br \/>\n<\/strong>Xarelto\u00ae<\/li>\n<li><strong>Apixabano<\/strong><br \/>\nEliquis\u00ae<\/li>\n<li><strong>Dabigatrano<\/strong><br \/>\nPradaxa\u00ae<\/li>\n<li><a href=\"http:\/\/flexikon.doccheck.com\/de\/Edoxaban\"><strong>Edoxaban<\/strong><\/a><br \/>\nLixiana\u00ae<\/li>\n<\/ul>\n<p>&nbsp;<\/p>\n<h3>Anticoagulantes por inje\u00e7\u00e3o<\/h3>\n<ul>\n<li><strong>Dalteparina s\u00f3dica<\/strong><br \/>\n(Fragmin\u00ae)<\/li>\n<li><strong>Enoxaparina s\u00f3dica<\/strong><br \/>\n(Lovenox\u00ae)<\/li>\n<li><strong>Tinzaparin sodium<br \/>\n<\/strong>(Innohep\u00ae)<\/li>\n<li><strong>Fondaparinux<\/strong><br \/>\n(Arixtra\u00ae)<\/li>\n<li><strong>Heparina<\/strong><\/li>\n<li><strong>Nadroparina<br \/>\n<\/strong>(Fraxiparina\u00ae)<\/li>\n<\/ul>\n<p>&nbsp;<\/p>\n<p><a href=\"https:\/\/www.heartfailurematters.org\/pt-pt\/o-que-o-seu-medico-ou-enfermeiro-pode-fazer\/medicamentos-para-a-insuficiencia-cardiaca\/\">Voltar \u00e0 sec\u00e7\u00e3o Medicamentos para a insufici\u00eancia card\u00edaca<\/a><\/p>\n","protected":false},"excerpt":{"rendered":"<p>Como funcionam? Os anticoagulantes (tamb\u00e9m conhecidos por antitromb\u00f3ticos) impedem a forma\u00e7\u00e3o ou o crescimento de co\u00e1gulos sangu\u00edneos. S\u00e3o importantes porque as pessoas com insufici\u00eancia card\u00edaca poder\u00e3o produzir co\u00e1gulos sangu\u00edneos no cora\u00e7\u00e3o ou nos vasos sangu\u00edneos que fornecem sangue ao cora\u00e7\u00e3o. Para os doentes com fibrilha\u00e7\u00e3o auricular, que consiste num ritmo card\u00edaco irregular, comum sobretudo em [&hellip;]<\/p>\n","protected":false},"author":1,"featured_media":12512,"parent":13171,"menu_order":0,"comment_status":"open","ping_status":"open","template":"","meta":{"_acf_changed":false,"footnotes":""},"categories":[],"tags":[],"class_list":["post-12572","page","type-page","status-publish","has-post-thumbnail","hentry"],"acf":[],"yoast_head":"<!-- This site is optimized with the Yoast SEO plugin v24.8.1 - https:\/\/yoast.com\/wordpress\/plugins\/seo\/ -->\n<title>Anticoagulantes e novos anticoagulantes orais<\/title>\n<meta name=\"description\" content=\"Anticoagulantes (ou antitromb\u00f3ticos) previnem a forma\u00e7\u00e3o ou crescimento de co\u00e1gulos. Saiba mais sobre o uso de Anticoagulantes por doentes com insuf. card\u00edaca.\" \/>\n<meta name=\"robots\" content=\"index, follow, max-snippet:-1, max-image-preview:large, max-video-preview:-1\" \/>\n<link rel=\"canonical\" href=\"https:\/\/www.heartfailurematters.org\/pt-br\/o-que-o-seu-medico-ou-enfermeiro-pode-fazer\/anticoagulantes-e-novos-anticoagulantes-orais\/\" \/>\n<meta property=\"og:locale\" content=\"pt_BR\" \/>\n<meta property=\"og:type\" content=\"article\" \/>\n<meta property=\"og:title\" content=\"Anticoagulantes e novos anticoagulantes orais\" \/>\n<meta property=\"og:description\" content=\"Anticoagulantes (ou antitromb\u00f3ticos) previnem a forma\u00e7\u00e3o ou crescimento de co\u00e1gulos. Saiba mais sobre o uso de Anticoagulantes por doentes com insuf. card\u00edaca.\" \/>\n<meta property=\"og:url\" content=\"https:\/\/www.heartfailurematters.org\/pt-br\/o-que-o-seu-medico-ou-enfermeiro-pode-fazer\/anticoagulantes-e-novos-anticoagulantes-orais\/\" \/>\n<meta property=\"og:site_name\" content=\"Heart Failure Matters\" \/>\n<meta property=\"article:publisher\" content=\"https:\/\/www.facebook.com\/heartfailurematters\" \/>\n<meta property=\"og:image\" content=\"https:\/\/www.heartfailurematters.org\/wp-content\/uploads\/2022\/03\/shutterstock_441673426-1-min.jpg\" \/>\n\t<meta property=\"og:image:width\" content=\"900\" \/>\n\t<meta property=\"og:image:height\" content=\"596\" \/>\n\t<meta property=\"og:image:type\" content=\"image\/jpeg\" \/>\n<meta name=\"twitter:card\" content=\"summary_large_image\" \/>\n<meta name=\"twitter:label1\" content=\"Est. tempo de leitura\" \/>\n\t<meta name=\"twitter:data1\" content=\"3 minutos\" \/>\n<script type=\"application\/ld+json\" class=\"yoast-schema-graph\">{\"@context\":\"https:\/\/schema.org\",\"@graph\":[{\"@type\":\"WebPage\",\"@id\":\"https:\/\/www.heartfailurematters.org\/pt-br\/o-que-o-seu-medico-ou-enfermeiro-pode-fazer\/anticoagulantes-e-novos-anticoagulantes-orais\/\",\"url\":\"https:\/\/www.heartfailurematters.org\/pt-br\/o-que-o-seu-medico-ou-enfermeiro-pode-fazer\/anticoagulantes-e-novos-anticoagulantes-orais\/\",\"name\":\"Anticoagulantes e novos anticoagulantes orais\",\"isPartOf\":{\"@id\":\"https:\/\/www.heartfailurematters.org\/pt-br\/#website\"},\"primaryImageOfPage\":{\"@id\":\"https:\/\/www.heartfailurematters.org\/pt-br\/o-que-o-seu-medico-ou-enfermeiro-pode-fazer\/anticoagulantes-e-novos-anticoagulantes-orais\/#primaryimage\"},\"image\":{\"@id\":\"https:\/\/www.heartfailurematters.org\/pt-br\/o-que-o-seu-medico-ou-enfermeiro-pode-fazer\/anticoagulantes-e-novos-anticoagulantes-orais\/#primaryimage\"},\"thumbnailUrl\":\"https:\/\/www.heartfailurematters.org\/wp-content\/uploads\/2022\/03\/shutterstock_441673426-1-min.jpg\",\"datePublished\":\"2021-01-27T22:06:46+00:00\",\"description\":\"Anticoagulantes (ou antitromb\u00f3ticos) previnem a forma\u00e7\u00e3o ou crescimento de co\u00e1gulos. Saiba mais sobre o uso de Anticoagulantes por doentes com insuf. card\u00edaca.\",\"breadcrumb\":{\"@id\":\"https:\/\/www.heartfailurematters.org\/pt-br\/o-que-o-seu-medico-ou-enfermeiro-pode-fazer\/anticoagulantes-e-novos-anticoagulantes-orais\/#breadcrumb\"},\"inLanguage\":\"pt-BR\",\"potentialAction\":[{\"@type\":\"ReadAction\",\"target\":[\"https:\/\/www.heartfailurematters.org\/pt-br\/o-que-o-seu-medico-ou-enfermeiro-pode-fazer\/anticoagulantes-e-novos-anticoagulantes-orais\/\"]}]},{\"@type\":\"ImageObject\",\"inLanguage\":\"pt-BR\",\"@id\":\"https:\/\/www.heartfailurematters.org\/pt-br\/o-que-o-seu-medico-ou-enfermeiro-pode-fazer\/anticoagulantes-e-novos-anticoagulantes-orais\/#primaryimage\",\"url\":\"https:\/\/www.heartfailurematters.org\/wp-content\/uploads\/2022\/03\/shutterstock_441673426-1-min.jpg\",\"contentUrl\":\"https:\/\/www.heartfailurematters.org\/wp-content\/uploads\/2022\/03\/shutterstock_441673426-1-min.jpg\",\"width\":900,\"height\":596},{\"@type\":\"BreadcrumbList\",\"@id\":\"https:\/\/www.heartfailurematters.org\/pt-br\/o-que-o-seu-medico-ou-enfermeiro-pode-fazer\/anticoagulantes-e-novos-anticoagulantes-orais\/#breadcrumb\",\"itemListElement\":[{\"@type\":\"ListItem\",\"position\":1,\"name\":\"P\u00e1gina inicial\",\"item\":\"https:\/\/www.heartfailurematters.org\/pt-br\/\"},{\"@type\":\"ListItem\",\"position\":2,\"name\":\"O que o seu m\u00e9dico pode fazer\",\"item\":\"https:\/\/www.heartfailurematters.org\/pt-br\/o-que-o-seu-medico-ou-enfermeiro-pode-fazer\/\"},{\"@type\":\"ListItem\",\"position\":3,\"name\":\"Anticoagulantes e novos anticoagulantes orais\"}]},{\"@type\":\"WebSite\",\"@id\":\"https:\/\/www.heartfailurematters.org\/pt-br\/#website\",\"url\":\"https:\/\/www.heartfailurematters.org\/pt-br\/\",\"name\":\"Heart Failure Matters\",\"description\":\"Practical information for patients, families and caregivers.\",\"publisher\":{\"@id\":\"https:\/\/www.heartfailurematters.org\/pt-br\/#organization\"},\"potentialAction\":[{\"@type\":\"SearchAction\",\"target\":{\"@type\":\"EntryPoint\",\"urlTemplate\":\"https:\/\/www.heartfailurematters.org\/pt-br\/?s={search_term_string}\"},\"query-input\":{\"@type\":\"PropertyValueSpecification\",\"valueRequired\":true,\"valueName\":\"search_term_string\"}}],\"inLanguage\":\"pt-BR\"},{\"@type\":\"Organization\",\"@id\":\"https:\/\/www.heartfailurematters.org\/pt-br\/#organization\",\"name\":\"Heart Failure Matters\",\"url\":\"https:\/\/www.heartfailurematters.org\/pt-br\/\",\"logo\":{\"@type\":\"ImageObject\",\"inLanguage\":\"pt-BR\",\"@id\":\"https:\/\/www.heartfailurematters.org\/pt-br\/#\/schema\/logo\/image\/\",\"url\":\"https:\/\/cdn-endpoint-hfm.azureedge.net\/heartfailurematters\/2024\/07\/hfm-logo1.jpg\",\"contentUrl\":\"https:\/\/cdn-endpoint-hfm.azureedge.net\/heartfailurematters\/2024\/07\/hfm-logo1.jpg\",\"width\":1280,\"height\":720,\"caption\":\"Heart Failure Matters\"},\"image\":{\"@id\":\"https:\/\/www.heartfailurematters.org\/pt-br\/#\/schema\/logo\/image\/\"},\"sameAs\":[\"https:\/\/www.facebook.com\/heartfailurematters\"]}]}<\/script>\n<!-- \/ Yoast SEO plugin. -->","yoast_head_json":{"title":"Anticoagulantes e novos anticoagulantes orais","description":"Anticoagulantes (ou antitromb\u00f3ticos) previnem a forma\u00e7\u00e3o ou crescimento de co\u00e1gulos. Saiba mais sobre o uso de Anticoagulantes por doentes com insuf. card\u00edaca.","robots":{"index":"index","follow":"follow","max-snippet":"max-snippet:-1","max-image-preview":"max-image-preview:large","max-video-preview":"max-video-preview:-1"},"canonical":"https:\/\/www.heartfailurematters.org\/pt-br\/o-que-o-seu-medico-ou-enfermeiro-pode-fazer\/anticoagulantes-e-novos-anticoagulantes-orais\/","og_locale":"pt_BR","og_type":"article","og_title":"Anticoagulantes e novos anticoagulantes orais","og_description":"Anticoagulantes (ou antitromb\u00f3ticos) previnem a forma\u00e7\u00e3o ou crescimento de co\u00e1gulos. Saiba mais sobre o uso de Anticoagulantes por doentes com insuf. card\u00edaca.","og_url":"https:\/\/www.heartfailurematters.org\/pt-br\/o-que-o-seu-medico-ou-enfermeiro-pode-fazer\/anticoagulantes-e-novos-anticoagulantes-orais\/","og_site_name":"Heart Failure Matters","article_publisher":"https:\/\/www.facebook.com\/heartfailurematters","og_image":[{"width":900,"height":596,"url":"https:\/\/www.heartfailurematters.org\/wp-content\/uploads\/2022\/03\/shutterstock_441673426-1-min.jpg","type":"image\/jpeg"}],"twitter_card":"summary_large_image","twitter_misc":{"Est. tempo de leitura":"3 minutos"},"schema":{"@context":"https:\/\/schema.org","@graph":[{"@type":"WebPage","@id":"https:\/\/www.heartfailurematters.org\/pt-br\/o-que-o-seu-medico-ou-enfermeiro-pode-fazer\/anticoagulantes-e-novos-anticoagulantes-orais\/","url":"https:\/\/www.heartfailurematters.org\/pt-br\/o-que-o-seu-medico-ou-enfermeiro-pode-fazer\/anticoagulantes-e-novos-anticoagulantes-orais\/","name":"Anticoagulantes e novos anticoagulantes orais","isPartOf":{"@id":"https:\/\/www.heartfailurematters.org\/pt-br\/#website"},"primaryImageOfPage":{"@id":"https:\/\/www.heartfailurematters.org\/pt-br\/o-que-o-seu-medico-ou-enfermeiro-pode-fazer\/anticoagulantes-e-novos-anticoagulantes-orais\/#primaryimage"},"image":{"@id":"https:\/\/www.heartfailurematters.org\/pt-br\/o-que-o-seu-medico-ou-enfermeiro-pode-fazer\/anticoagulantes-e-novos-anticoagulantes-orais\/#primaryimage"},"thumbnailUrl":"https:\/\/www.heartfailurematters.org\/wp-content\/uploads\/2022\/03\/shutterstock_441673426-1-min.jpg","datePublished":"2021-01-27T22:06:46+00:00","description":"Anticoagulantes (ou antitromb\u00f3ticos) previnem a forma\u00e7\u00e3o ou crescimento de co\u00e1gulos. Saiba mais sobre o uso de Anticoagulantes por doentes com insuf. card\u00edaca.","breadcrumb":{"@id":"https:\/\/www.heartfailurematters.org\/pt-br\/o-que-o-seu-medico-ou-enfermeiro-pode-fazer\/anticoagulantes-e-novos-anticoagulantes-orais\/#breadcrumb"},"inLanguage":"pt-BR","potentialAction":[{"@type":"ReadAction","target":["https:\/\/www.heartfailurematters.org\/pt-br\/o-que-o-seu-medico-ou-enfermeiro-pode-fazer\/anticoagulantes-e-novos-anticoagulantes-orais\/"]}]},{"@type":"ImageObject","inLanguage":"pt-BR","@id":"https:\/\/www.heartfailurematters.org\/pt-br\/o-que-o-seu-medico-ou-enfermeiro-pode-fazer\/anticoagulantes-e-novos-anticoagulantes-orais\/#primaryimage","url":"https:\/\/www.heartfailurematters.org\/wp-content\/uploads\/2022\/03\/shutterstock_441673426-1-min.jpg","contentUrl":"https:\/\/www.heartfailurematters.org\/wp-content\/uploads\/2022\/03\/shutterstock_441673426-1-min.jpg","width":900,"height":596},{"@type":"BreadcrumbList","@id":"https:\/\/www.heartfailurematters.org\/pt-br\/o-que-o-seu-medico-ou-enfermeiro-pode-fazer\/anticoagulantes-e-novos-anticoagulantes-orais\/#breadcrumb","itemListElement":[{"@type":"ListItem","position":1,"name":"P\u00e1gina inicial","item":"https:\/\/www.heartfailurematters.org\/pt-br\/"},{"@type":"ListItem","position":2,"name":"O que o seu m\u00e9dico pode fazer","item":"https:\/\/www.heartfailurematters.org\/pt-br\/o-que-o-seu-medico-ou-enfermeiro-pode-fazer\/"},{"@type":"ListItem","position":3,"name":"Anticoagulantes e novos anticoagulantes orais"}]},{"@type":"WebSite","@id":"https:\/\/www.heartfailurematters.org\/pt-br\/#website","url":"https:\/\/www.heartfailurematters.org\/pt-br\/","name":"Heart Failure Matters","description":"Practical information for patients, families and caregivers.","publisher":{"@id":"https:\/\/www.heartfailurematters.org\/pt-br\/#organization"},"potentialAction":[{"@type":"SearchAction","target":{"@type":"EntryPoint","urlTemplate":"https:\/\/www.heartfailurematters.org\/pt-br\/?s={search_term_string}"},"query-input":{"@type":"PropertyValueSpecification","valueRequired":true,"valueName":"search_term_string"}}],"inLanguage":"pt-BR"},{"@type":"Organization","@id":"https:\/\/www.heartfailurematters.org\/pt-br\/#organization","name":"Heart Failure Matters","url":"https:\/\/www.heartfailurematters.org\/pt-br\/","logo":{"@type":"ImageObject","inLanguage":"pt-BR","@id":"https:\/\/www.heartfailurematters.org\/pt-br\/#\/schema\/logo\/image\/","url":"https:\/\/cdn-endpoint-hfm.azureedge.net\/heartfailurematters\/2024\/07\/hfm-logo1.jpg","contentUrl":"https:\/\/cdn-endpoint-hfm.azureedge.net\/heartfailurematters\/2024\/07\/hfm-logo1.jpg","width":1280,"height":720,"caption":"Heart Failure Matters"},"image":{"@id":"https:\/\/www.heartfailurematters.org\/pt-br\/#\/schema\/logo\/image\/"},"sameAs":["https:\/\/www.facebook.com\/heartfailurematters"]}]}},"_links":{"self":[{"href":"https:\/\/www.heartfailurematters.org\/pt-br\/wp-json\/wp\/v2\/pages\/12572","targetHints":{"allow":["GET"]}}],"collection":[{"href":"https:\/\/www.heartfailurematters.org\/pt-br\/wp-json\/wp\/v2\/pages"}],"about":[{"href":"https:\/\/www.heartfailurematters.org\/pt-br\/wp-json\/wp\/v2\/types\/page"}],"author":[{"embeddable":true,"href":"https:\/\/www.heartfailurematters.org\/pt-br\/wp-json\/wp\/v2\/users\/1"}],"replies":[{"embeddable":true,"href":"https:\/\/www.heartfailurematters.org\/pt-br\/wp-json\/wp\/v2\/comments?post=12572"}],"version-history":[{"count":0,"href":"https:\/\/www.heartfailurematters.org\/pt-br\/wp-json\/wp\/v2\/pages\/12572\/revisions"}],"up":[{"embeddable":true,"href":"https:\/\/www.heartfailurematters.org\/pt-br\/wp-json\/wp\/v2\/pages\/13171"}],"wp:featuredmedia":[{"embeddable":true,"href":"https:\/\/www.heartfailurematters.org\/pt-br\/wp-json\/wp\/v2\/media\/12512"}],"wp:attachment":[{"href":"https:\/\/www.heartfailurematters.org\/pt-br\/wp-json\/wp\/v2\/media?parent=12572"}],"wp:term":[{"taxonomy":"category","embeddable":true,"href":"https:\/\/www.heartfailurematters.org\/pt-br\/wp-json\/wp\/v2\/categories?post=12572"},{"taxonomy":"post_tag","embeddable":true,"href":"https:\/\/www.heartfailurematters.org\/pt-br\/wp-json\/wp\/v2\/tags?post=12572"}],"curies":[{"name":"wp","href":"https:\/\/api.w.org\/{rel}","templated":true}]}}