{"id":12571,"date":"2021-01-27T22:06:46","date_gmt":"2021-01-27T22:06:46","guid":{"rendered":"https:\/\/www.heartfailurematters.org\/o-que-o-seu-medico-ou-enfermeiro-pode-fazer\/cardioversor-desfibrilhador-implantavel-cdi\/"},"modified":"2021-01-27T22:06:46","modified_gmt":"2021-01-27T22:06:46","slug":"cardioversor-desfibrilhador-implantavel-cdi","status":"publish","type":"page","link":"https:\/\/www.heartfailurematters.org\/pt-br\/o-que-o-seu-medico-ou-enfermeiro-pode-fazer\/cardioversor-desfibrilhador-implantavel-cdi\/","title":{"rendered":"Cardioversor desfibrilhador implant\u00e1vel (CDI)"},"content":{"rendered":"<h2>Como funciona?<\/h2>\n<p><a class=\"addtooltip\" title=\"Dispositivo pequeno que \u00e9 implantado sob a clav\u00edcula para monitorizar os batimentos card\u00edacos e tratar ritmos card\u00edacos irregulares atrav\u00e9s de impulsos el\u00e9tricos.\"><strong>O cardioversor desfibrilhador implant\u00e1vel (CDI)<\/strong><\/a> \u00e9 um dispositivo do tipo pacemaker que monitoriza constantemente o ritmo card\u00edaco. Se detetar o mais pequeno problema no ritmo card\u00edaco, aplica uma s\u00e9rie de impulsos el\u00e9tricos indolores para corrigi-lo. Se isto n\u00e3o funcionar, ou se for detetado um problema mais grave no ritmo card\u00edaco, o CDI aplicar\u00e1 um pequeno choque el\u00e9trico, conhecido por <a class=\"addtooltip\" title=\"Procedimento que consiste na aplica\u00e7\u00e3o de choques el\u00e9tricos no cora\u00e7\u00e3o para transformar batimentos anormais em batimentos normais.\"><strong>cardiovers\u00e3o<\/strong><\/a>. Se isto n\u00e3o funcionar, ou se for detetado um problema muito s\u00e9rio, o dispositivo aplicar\u00e1 um choque mais forte no cora\u00e7\u00e3o, conhecido por desfibrilha\u00e7\u00e3o.<\/p>\n<p>Os CDI s\u00e3o geralmente utilizados em pessoas com risco elevado de problemas graves de ritmo nos ventr\u00edculos (c\u00e2maras inferiores) do cora\u00e7\u00e3o, a principal causa de morte s\u00fabita card\u00edaca. Em alguns grupos de doentes com insufici\u00eancia card\u00edaca, foi comprovado que estes dispositivos prolongam a sobreviv\u00eancia. Normalmente, os m\u00e9dicos optam por combinar um CDI com uma TRC no mesmo dispositivo. Neste caso, o dispositivo \u00e9 designado por TRC-D.<\/p>\n<h2>Onde \u00e9 que \u00e9 inserido e qual \u00e9 o procedimento de coloca\u00e7\u00e3o?<\/h2>\n<p>Normalmente, um CDI \u00e9 implantado com anestesia local, sob a clav\u00edcula, com sondas flex\u00edveis (fios revestidos) que saem do mesmo e s\u00e3o posicionadas no cora\u00e7\u00e3o.\u00a0O procedimento demora entre 1 e 2 horas.<\/p>\n<p>As sondas s\u00e3o inseridas numa veia no ombro ou na base do pesco\u00e7o. O cardiologista faz avan\u00e7ar a sonda para a c\u00e2mara correta no cora\u00e7\u00e3o, verificando a posi\u00e7\u00e3o da mesma no ecr\u00e3 de raios X e fixando-a com um ponto no ombro. Em seguida, a sonda \u00e9 ligada ao pacemaker e o\u00a0pacemaker \u00e9 implantado numa pequena &#8220;bolsa&#8221; ou espa\u00e7o entre a pele e o m\u00fasculo peitoral. O dispositivo \u00e9 depois testado antes de ser suturada a incis\u00e3o.<\/p>\n<h2>Ap\u00f3s o procedimento<\/h2>\n<p>de coloca\u00e7\u00e3o do CDI, poder\u00e1 sentir dores ou desconforto e ter n\u00f3doas negras no local de inser\u00e7\u00e3o, mas normalmente estes problemas desaparecem dentro de alguns dias. A maioria das pessoas j\u00e1 anda de um lado para o outro mais tarde, nesse mesmo dia, e pode retomar as atividades normais dentro de duas a quatro semanas.<\/p>\n<p>O funcionamento e a vida \u00fatil da bateria do CDI t\u00eam de ser verificados regularmente numa <a class=\"addtooltip\" title=\"Um dispositivo pequeno que \u00e9 implantado sob a clav\u00edcula para monitorizar os batimentos card\u00edacos e, quando necess\u00e1rio, estimula a contra\u00e7\u00e3o do m\u00fasculo card\u00edaco atrav\u00e9s de impulsos el\u00e9tricos.\"><strong>pacemaker<\/strong><\/a> cl\u00ednica da especialidade. Consoante o dispositivo implantado, poder\u00e1 ser proposto um acompanhamento por\u00a0telemonitoriza\u00e7\u00e3o para monitorizar o dispositivo, permitindo a dete\u00e7\u00e3o r\u00e1pida de dist\u00farbios do ritmo card\u00edaco e disfun\u00e7\u00e3o t\u00e9cnica, e pode melhorar os cuidados e reduzir a necessidade de visitas \u00e0 clinica do dispositivo.<\/p>\n<p>Apenas o dispositivo precisa de ser substitu\u00eddo (e n\u00e3o as deriva\u00e7\u00f5es) se a bateria acabar. A bateria dura normalmente entre cinco a sete anos at\u00e9 ser necess\u00e1ria a substitui\u00e7\u00e3o. \u00c9 importante que informe todos os m\u00e9dicos ou dentistas que tem um CDI antes de ser submetido a quaisquer procedimentos. Embora seja improv\u00e1vel que a maior parte dos procedimentos m\u00e9dicos e dent\u00e1rios interfira no funcionamento do dispositivo, podem ser necess\u00e1rias medidas de precau\u00e7\u00e3o que minimizem qualquer interfer\u00eancia. Por vezes, os CDI poder\u00e3o ser detetados nas m\u00e1quinas de seguran\u00e7a dos aeroportos, por isso, se tiver um CDI dever\u00e1 informar sempre o pessoal da seguran\u00e7a. No entanto, o funcionamento do dispositivo \u00e9 raramente afetado.<\/p>\n<p>&nbsp;<\/p>\n<p>Existem dois tipos de CDI:<\/p>\n<ul>\n<li>CDI de c\u00e2mara \u00fanica<\/li>\n<li>CDI de c\u00e2mara dupla<\/li>\n<\/ul>\n<p><a href=\"https:\/\/www.heartfailurematters.org\/pt-pt\/o-que-o-seu-medico-ou-enfermeiro-pode-fazer\/dispositivos-implantaveis\/\">Voltar \u00e0 sec\u00e7\u00e3o Dispositivos<\/a><\/p>\n","protected":false},"excerpt":{"rendered":"<p>Como funciona? O cardioversor desfibrilhador implant\u00e1vel (CDI) \u00e9 um dispositivo do tipo pacemaker que monitoriza constantemente o ritmo card\u00edaco. Se detetar o mais pequeno problema no ritmo card\u00edaco, aplica uma s\u00e9rie de impulsos el\u00e9tricos indolores para corrigi-lo. Se isto n\u00e3o funcionar, ou se for detetado um problema mais grave no ritmo card\u00edaco, o CDI aplicar\u00e1 [&hellip;]<\/p>\n","protected":false},"author":1,"featured_media":12516,"parent":13171,"menu_order":0,"comment_status":"open","ping_status":"open","template":"","meta":{"_acf_changed":false,"footnotes":""},"categories":[],"tags":[],"class_list":["post-12571","page","type-page","status-publish","has-post-thumbnail","hentry"],"acf":[],"yoast_head":"<!-- This site is optimized with the Yoast SEO plugin v24.8.1 - https:\/\/yoast.com\/wordpress\/plugins\/seo\/ -->\n<title>Cardioversor desfibrilhador implant\u00e1vel (CDI)<\/title>\n<meta name=\"description\" content=\"Um Cardioversor Desfibrilhador Implant\u00e1vel (CDI) \u00e9 um dispositivo tipo pacemaker que controla continuamente o seu ritmo card\u00edaco \u2013 descubra como funciona aqui\" \/>\n<meta name=\"robots\" content=\"index, follow, max-snippet:-1, max-image-preview:large, max-video-preview:-1\" \/>\n<link rel=\"canonical\" href=\"https:\/\/www.heartfailurematters.org\/pt-br\/o-que-o-seu-medico-ou-enfermeiro-pode-fazer\/cardioversor-desfibrilhador-implantavel-cdi\/\" \/>\n<meta property=\"og:locale\" content=\"pt_BR\" \/>\n<meta property=\"og:type\" content=\"article\" \/>\n<meta property=\"og:title\" content=\"Cardioversor desfibrilhador implant\u00e1vel (CDI)\" \/>\n<meta property=\"og:description\" content=\"Um Cardioversor Desfibrilhador Implant\u00e1vel (CDI) \u00e9 um dispositivo tipo pacemaker que controla continuamente o seu ritmo card\u00edaco \u2013 descubra como funciona aqui\" \/>\n<meta property=\"og:url\" content=\"https:\/\/www.heartfailurematters.org\/pt-br\/o-que-o-seu-medico-ou-enfermeiro-pode-fazer\/cardioversor-desfibrilhador-implantavel-cdi\/\" \/>\n<meta property=\"og:site_name\" content=\"Heart Failure Matters\" \/>\n<meta property=\"article:publisher\" content=\"https:\/\/www.facebook.com\/heartfailurematters\" \/>\n<meta property=\"og:image\" content=\"https:\/\/www.heartfailurematters.org\/wp-content\/uploads\/2022\/03\/ICD-min.jpg\" \/>\n\t<meta property=\"og:image:width\" content=\"900\" \/>\n\t<meta property=\"og:image:height\" content=\"590\" \/>\n\t<meta property=\"og:image:type\" content=\"image\/jpeg\" \/>\n<meta name=\"twitter:card\" content=\"summary_large_image\" \/>\n<meta name=\"twitter:label1\" content=\"Est. tempo de leitura\" \/>\n\t<meta name=\"twitter:data1\" content=\"3 minutos\" \/>\n<script type=\"application\/ld+json\" class=\"yoast-schema-graph\">{\"@context\":\"https:\/\/schema.org\",\"@graph\":[{\"@type\":\"WebPage\",\"@id\":\"https:\/\/www.heartfailurematters.org\/pt-br\/o-que-o-seu-medico-ou-enfermeiro-pode-fazer\/cardioversor-desfibrilhador-implantavel-cdi\/\",\"url\":\"https:\/\/www.heartfailurematters.org\/pt-br\/o-que-o-seu-medico-ou-enfermeiro-pode-fazer\/cardioversor-desfibrilhador-implantavel-cdi\/\",\"name\":\"Cardioversor desfibrilhador implant\u00e1vel (CDI)\",\"isPartOf\":{\"@id\":\"https:\/\/www.heartfailurematters.org\/pt-br\/#website\"},\"primaryImageOfPage\":{\"@id\":\"https:\/\/www.heartfailurematters.org\/pt-br\/o-que-o-seu-medico-ou-enfermeiro-pode-fazer\/cardioversor-desfibrilhador-implantavel-cdi\/#primaryimage\"},\"image\":{\"@id\":\"https:\/\/www.heartfailurematters.org\/pt-br\/o-que-o-seu-medico-ou-enfermeiro-pode-fazer\/cardioversor-desfibrilhador-implantavel-cdi\/#primaryimage\"},\"thumbnailUrl\":\"https:\/\/www.heartfailurematters.org\/wp-content\/uploads\/2022\/03\/ICD-min.jpg\",\"datePublished\":\"2021-01-27T22:06:46+00:00\",\"description\":\"Um Cardioversor Desfibrilhador Implant\u00e1vel (CDI) \u00e9 um dispositivo tipo pacemaker que controla continuamente o seu ritmo card\u00edaco \u2013 descubra como funciona aqui\",\"breadcrumb\":{\"@id\":\"https:\/\/www.heartfailurematters.org\/pt-br\/o-que-o-seu-medico-ou-enfermeiro-pode-fazer\/cardioversor-desfibrilhador-implantavel-cdi\/#breadcrumb\"},\"inLanguage\":\"pt-BR\",\"potentialAction\":[{\"@type\":\"ReadAction\",\"target\":[\"https:\/\/www.heartfailurematters.org\/pt-br\/o-que-o-seu-medico-ou-enfermeiro-pode-fazer\/cardioversor-desfibrilhador-implantavel-cdi\/\"]}]},{\"@type\":\"ImageObject\",\"inLanguage\":\"pt-BR\",\"@id\":\"https:\/\/www.heartfailurematters.org\/pt-br\/o-que-o-seu-medico-ou-enfermeiro-pode-fazer\/cardioversor-desfibrilhador-implantavel-cdi\/#primaryimage\",\"url\":\"https:\/\/www.heartfailurematters.org\/wp-content\/uploads\/2022\/03\/ICD-min.jpg\",\"contentUrl\":\"https:\/\/www.heartfailurematters.org\/wp-content\/uploads\/2022\/03\/ICD-min.jpg\",\"width\":900,\"height\":590},{\"@type\":\"BreadcrumbList\",\"@id\":\"https:\/\/www.heartfailurematters.org\/pt-br\/o-que-o-seu-medico-ou-enfermeiro-pode-fazer\/cardioversor-desfibrilhador-implantavel-cdi\/#breadcrumb\",\"itemListElement\":[{\"@type\":\"ListItem\",\"position\":1,\"name\":\"P\u00e1gina inicial\",\"item\":\"https:\/\/www.heartfailurematters.org\/pt-br\/\"},{\"@type\":\"ListItem\",\"position\":2,\"name\":\"O que o seu m\u00e9dico pode fazer\",\"item\":\"https:\/\/www.heartfailurematters.org\/pt-br\/o-que-o-seu-medico-ou-enfermeiro-pode-fazer\/\"},{\"@type\":\"ListItem\",\"position\":3,\"name\":\"Cardioversor desfibrilhador implant\u00e1vel (CDI)\"}]},{\"@type\":\"WebSite\",\"@id\":\"https:\/\/www.heartfailurematters.org\/pt-br\/#website\",\"url\":\"https:\/\/www.heartfailurematters.org\/pt-br\/\",\"name\":\"Heart Failure Matters\",\"description\":\"Practical information for patients, families and caregivers.\",\"publisher\":{\"@id\":\"https:\/\/www.heartfailurematters.org\/pt-br\/#organization\"},\"potentialAction\":[{\"@type\":\"SearchAction\",\"target\":{\"@type\":\"EntryPoint\",\"urlTemplate\":\"https:\/\/www.heartfailurematters.org\/pt-br\/?s={search_term_string}\"},\"query-input\":{\"@type\":\"PropertyValueSpecification\",\"valueRequired\":true,\"valueName\":\"search_term_string\"}}],\"inLanguage\":\"pt-BR\"},{\"@type\":\"Organization\",\"@id\":\"https:\/\/www.heartfailurematters.org\/pt-br\/#organization\",\"name\":\"Heart Failure Matters\",\"url\":\"https:\/\/www.heartfailurematters.org\/pt-br\/\",\"logo\":{\"@type\":\"ImageObject\",\"inLanguage\":\"pt-BR\",\"@id\":\"https:\/\/www.heartfailurematters.org\/pt-br\/#\/schema\/logo\/image\/\",\"url\":\"https:\/\/cdn-endpoint-hfm.azureedge.net\/heartfailurematters\/2024\/07\/hfm-logo1.jpg\",\"contentUrl\":\"https:\/\/cdn-endpoint-hfm.azureedge.net\/heartfailurematters\/2024\/07\/hfm-logo1.jpg\",\"width\":1280,\"height\":720,\"caption\":\"Heart Failure Matters\"},\"image\":{\"@id\":\"https:\/\/www.heartfailurematters.org\/pt-br\/#\/schema\/logo\/image\/\"},\"sameAs\":[\"https:\/\/www.facebook.com\/heartfailurematters\"]}]}<\/script>\n<!-- \/ Yoast SEO plugin. -->","yoast_head_json":{"title":"Cardioversor desfibrilhador implant\u00e1vel (CDI)","description":"Um Cardioversor Desfibrilhador Implant\u00e1vel (CDI) \u00e9 um dispositivo tipo pacemaker que controla continuamente o seu ritmo card\u00edaco \u2013 descubra como funciona aqui","robots":{"index":"index","follow":"follow","max-snippet":"max-snippet:-1","max-image-preview":"max-image-preview:large","max-video-preview":"max-video-preview:-1"},"canonical":"https:\/\/www.heartfailurematters.org\/pt-br\/o-que-o-seu-medico-ou-enfermeiro-pode-fazer\/cardioversor-desfibrilhador-implantavel-cdi\/","og_locale":"pt_BR","og_type":"article","og_title":"Cardioversor desfibrilhador implant\u00e1vel (CDI)","og_description":"Um Cardioversor Desfibrilhador Implant\u00e1vel (CDI) \u00e9 um dispositivo tipo pacemaker que controla continuamente o seu ritmo card\u00edaco \u2013 descubra como funciona aqui","og_url":"https:\/\/www.heartfailurematters.org\/pt-br\/o-que-o-seu-medico-ou-enfermeiro-pode-fazer\/cardioversor-desfibrilhador-implantavel-cdi\/","og_site_name":"Heart Failure Matters","article_publisher":"https:\/\/www.facebook.com\/heartfailurematters","og_image":[{"width":900,"height":590,"url":"https:\/\/www.heartfailurematters.org\/wp-content\/uploads\/2022\/03\/ICD-min.jpg","type":"image\/jpeg"}],"twitter_card":"summary_large_image","twitter_misc":{"Est. tempo de leitura":"3 minutos"},"schema":{"@context":"https:\/\/schema.org","@graph":[{"@type":"WebPage","@id":"https:\/\/www.heartfailurematters.org\/pt-br\/o-que-o-seu-medico-ou-enfermeiro-pode-fazer\/cardioversor-desfibrilhador-implantavel-cdi\/","url":"https:\/\/www.heartfailurematters.org\/pt-br\/o-que-o-seu-medico-ou-enfermeiro-pode-fazer\/cardioversor-desfibrilhador-implantavel-cdi\/","name":"Cardioversor desfibrilhador implant\u00e1vel (CDI)","isPartOf":{"@id":"https:\/\/www.heartfailurematters.org\/pt-br\/#website"},"primaryImageOfPage":{"@id":"https:\/\/www.heartfailurematters.org\/pt-br\/o-que-o-seu-medico-ou-enfermeiro-pode-fazer\/cardioversor-desfibrilhador-implantavel-cdi\/#primaryimage"},"image":{"@id":"https:\/\/www.heartfailurematters.org\/pt-br\/o-que-o-seu-medico-ou-enfermeiro-pode-fazer\/cardioversor-desfibrilhador-implantavel-cdi\/#primaryimage"},"thumbnailUrl":"https:\/\/www.heartfailurematters.org\/wp-content\/uploads\/2022\/03\/ICD-min.jpg","datePublished":"2021-01-27T22:06:46+00:00","description":"Um Cardioversor Desfibrilhador Implant\u00e1vel (CDI) \u00e9 um dispositivo tipo pacemaker que controla continuamente o seu ritmo card\u00edaco \u2013 descubra como funciona aqui","breadcrumb":{"@id":"https:\/\/www.heartfailurematters.org\/pt-br\/o-que-o-seu-medico-ou-enfermeiro-pode-fazer\/cardioversor-desfibrilhador-implantavel-cdi\/#breadcrumb"},"inLanguage":"pt-BR","potentialAction":[{"@type":"ReadAction","target":["https:\/\/www.heartfailurematters.org\/pt-br\/o-que-o-seu-medico-ou-enfermeiro-pode-fazer\/cardioversor-desfibrilhador-implantavel-cdi\/"]}]},{"@type":"ImageObject","inLanguage":"pt-BR","@id":"https:\/\/www.heartfailurematters.org\/pt-br\/o-que-o-seu-medico-ou-enfermeiro-pode-fazer\/cardioversor-desfibrilhador-implantavel-cdi\/#primaryimage","url":"https:\/\/www.heartfailurematters.org\/wp-content\/uploads\/2022\/03\/ICD-min.jpg","contentUrl":"https:\/\/www.heartfailurematters.org\/wp-content\/uploads\/2022\/03\/ICD-min.jpg","width":900,"height":590},{"@type":"BreadcrumbList","@id":"https:\/\/www.heartfailurematters.org\/pt-br\/o-que-o-seu-medico-ou-enfermeiro-pode-fazer\/cardioversor-desfibrilhador-implantavel-cdi\/#breadcrumb","itemListElement":[{"@type":"ListItem","position":1,"name":"P\u00e1gina inicial","item":"https:\/\/www.heartfailurematters.org\/pt-br\/"},{"@type":"ListItem","position":2,"name":"O que o seu m\u00e9dico pode fazer","item":"https:\/\/www.heartfailurematters.org\/pt-br\/o-que-o-seu-medico-ou-enfermeiro-pode-fazer\/"},{"@type":"ListItem","position":3,"name":"Cardioversor desfibrilhador implant\u00e1vel (CDI)"}]},{"@type":"WebSite","@id":"https:\/\/www.heartfailurematters.org\/pt-br\/#website","url":"https:\/\/www.heartfailurematters.org\/pt-br\/","name":"Heart Failure Matters","description":"Practical information for patients, families and caregivers.","publisher":{"@id":"https:\/\/www.heartfailurematters.org\/pt-br\/#organization"},"potentialAction":[{"@type":"SearchAction","target":{"@type":"EntryPoint","urlTemplate":"https:\/\/www.heartfailurematters.org\/pt-br\/?s={search_term_string}"},"query-input":{"@type":"PropertyValueSpecification","valueRequired":true,"valueName":"search_term_string"}}],"inLanguage":"pt-BR"},{"@type":"Organization","@id":"https:\/\/www.heartfailurematters.org\/pt-br\/#organization","name":"Heart Failure Matters","url":"https:\/\/www.heartfailurematters.org\/pt-br\/","logo":{"@type":"ImageObject","inLanguage":"pt-BR","@id":"https:\/\/www.heartfailurematters.org\/pt-br\/#\/schema\/logo\/image\/","url":"https:\/\/cdn-endpoint-hfm.azureedge.net\/heartfailurematters\/2024\/07\/hfm-logo1.jpg","contentUrl":"https:\/\/cdn-endpoint-hfm.azureedge.net\/heartfailurematters\/2024\/07\/hfm-logo1.jpg","width":1280,"height":720,"caption":"Heart Failure Matters"},"image":{"@id":"https:\/\/www.heartfailurematters.org\/pt-br\/#\/schema\/logo\/image\/"},"sameAs":["https:\/\/www.facebook.com\/heartfailurematters"]}]}},"_links":{"self":[{"href":"https:\/\/www.heartfailurematters.org\/pt-br\/wp-json\/wp\/v2\/pages\/12571","targetHints":{"allow":["GET"]}}],"collection":[{"href":"https:\/\/www.heartfailurematters.org\/pt-br\/wp-json\/wp\/v2\/pages"}],"about":[{"href":"https:\/\/www.heartfailurematters.org\/pt-br\/wp-json\/wp\/v2\/types\/page"}],"author":[{"embeddable":true,"href":"https:\/\/www.heartfailurematters.org\/pt-br\/wp-json\/wp\/v2\/users\/1"}],"replies":[{"embeddable":true,"href":"https:\/\/www.heartfailurematters.org\/pt-br\/wp-json\/wp\/v2\/comments?post=12571"}],"version-history":[{"count":0,"href":"https:\/\/www.heartfailurematters.org\/pt-br\/wp-json\/wp\/v2\/pages\/12571\/revisions"}],"up":[{"embeddable":true,"href":"https:\/\/www.heartfailurematters.org\/pt-br\/wp-json\/wp\/v2\/pages\/13171"}],"wp:featuredmedia":[{"embeddable":true,"href":"https:\/\/www.heartfailurematters.org\/pt-br\/wp-json\/wp\/v2\/media\/12516"}],"wp:attachment":[{"href":"https:\/\/www.heartfailurematters.org\/pt-br\/wp-json\/wp\/v2\/media?parent=12571"}],"wp:term":[{"taxonomy":"category","embeddable":true,"href":"https:\/\/www.heartfailurematters.org\/pt-br\/wp-json\/wp\/v2\/categories?post=12571"},{"taxonomy":"post_tag","embeddable":true,"href":"https:\/\/www.heartfailurematters.org\/pt-br\/wp-json\/wp\/v2\/tags?post=12571"}],"curies":[{"name":"wp","href":"https:\/\/api.w.org\/{rel}","templated":true}]}}