{"id":12569,"date":"2021-01-27T22:06:51","date_gmt":"2021-01-27T22:06:51","guid":{"rendered":"https:\/\/www.heartfailurematters.org\/o-que-o-seu-medico-ou-enfermeiro-pode-fazer\/antiarritmicos\/"},"modified":"2021-01-27T22:06:51","modified_gmt":"2021-01-27T22:06:51","slug":"antiarritmicos","status":"publish","type":"page","link":"https:\/\/www.heartfailurematters.org\/pt-br\/o-que-o-seu-medico-ou-enfermeiro-pode-fazer\/antiarritmicos\/","title":{"rendered":"Antiarr\u00edtmicos"},"content":{"rendered":"<h2>O que fazem?<\/h2>\n<p><a class=\"addtooltip\" title=\"Medicamentos utilizados para controlar ritmos card\u00edacos irregulares e batimentos card\u00edacos extras.\">Os medicamentos <strong>antiarr\u00edtmicos<\/strong> <\/a> s\u00e3o utilizados para controlar ritmos card\u00edacos anormais. Contudo, o seu m\u00e9dico saber\u00e1 que v\u00e1rios antiarr\u00edtmicos poder\u00e3o ser prejudiciais para pessoas com insufici\u00eancia card\u00edaca, devendo ser evitados.<\/p>\n<p>Os agentes antiarr\u00edtmicos incluem as seguintes classes de medicamentos:<\/p>\n<ul>\n<li>Os agentes de Classe I incluem Flecainida e Propafenona<\/li>\n<li>Os agentes de Classe II s\u00e3o <a class=\"addtooltip\" title=\"Uma classe de medicamentos utilizada para baixar a frequ\u00eancia card\u00edaca ou a press\u00e3o arterial.\"><strong>bloqueadores beta<\/strong><\/a><\/li>\n<li>Os agentes de Classe III incluem a amiodarona, dronedarona e sotalol<\/li>\n<li>Os agentes de Classe IV s\u00e3o <a class=\"addtooltip\" title=\"Uma classe de medicamentos utilizada para tratar a press\u00e3o arterial elevada, a angina e alguns casos de ritmo card\u00edaco irregular.\"><strong>bloqueadores dos canais de c\u00e1lcio <\/strong><\/a><\/li>\n<li>Os agentes de Classe V incluem <a class=\"addtooltip\" title=\"Um medicamento utilizado para controlar ritmos card\u00edacos anormais e melhorar o desempenho card\u00edaco.\"><strong>digoxina<\/strong><\/a><\/li>\n<\/ul>\n<h2>Efeitos secund\u00e1rios<\/h2>\n<p>Os efeitos secund\u00e1rios dos antiarr\u00edtmicos dependem da classe do medicamento que est\u00e1 a tomar. Fale com o seu m\u00e9dico, enfermeiro ou farmac\u00eautico sobre os efeitos secund\u00e1rios que poder\u00e3o ocorrer com o medicamento que lhe foi prescrito.<\/p>\n<p>A maior parte das pessoas que toma bloqueadores dos canais de c\u00e1lcio n\u00e3o apresenta efeitos secund\u00e1rios ou tem apenas dores de cabe\u00e7a\u00a0ligeiras e rubor, que t\u00eam tend\u00eancia a aliviar ap\u00f3s alguns dias. O incha\u00e7o dos tornozelos \u00e9 comum a determinados bloqueadores dos canais de c\u00e1lcio.<\/p>\n<p>Em alguns casos raros, a amiodarona poder\u00e1 aumentar a sensibilidade da pele \u00e0 luz solar, ficando mais suscet\u00edvel a queimaduras. Deve tentar evitar a exposi\u00e7\u00e3o ao sol e sol\u00e1rios ou utilizar um protetor solar com um fator de prote\u00e7\u00e3o elevado. A terap\u00eautica a longo prazo tamb\u00e9m poder\u00e1 tamb\u00e9m afetar a fun\u00e7\u00e3o da tiroide, que deve ser monitorizada regularmente. Clique aqui\u00a0para obter <a href=\"https:\/\/www.heartfailurematters.org\/pt-pt\/o-que-o-seu-medico-ou-enfermeiro-pode-fazer\/bloqueadores-beta\/\">mais informa\u00e7\u00f5es sobre os efeitos secund\u00e1rios dos bloqueadores beta<\/a>.<\/p>\n<ul>\n<li>Clique aqui\u00a0para obter <a href=\"https:\/\/www.heartfailurematters.org\/pt-pt\/o-que-o-seu-medico-ou-enfermeiro-pode-fazer\/digitalicos\/#sideeffects\">mais informa\u00e7\u00f5es sobre os efeitos secund\u00e1rios da digoxina<\/a>.<\/li>\n<\/ul>\n<h2>Principais sugest\u00f5es<\/h2>\n<p>Determinados medicamentos utilizados nos antiarr\u00edtmicos poder\u00e3o interagir com o sumo de toranja, alterando o efeito deste medicamento. O seu m\u00e9dico explicar-lhe-\u00e1 essa intera\u00e7\u00e3o.<\/p>\n<h2>Tamb\u00e9m conhecido por:<\/h2>\n<h3>Agentes de Classe I<\/h3>\n<ul>\n<li><strong>Flecainida <\/strong><br \/>\n(Tambocor\u00ae)<\/li>\n<li><strong>Propafenona <\/strong><br \/>\n(Rhythmodan \u00ae)<\/li>\n<\/ul>\n<h3>Agentes de Classe II (bloqueadores beta)<\/h3>\n<p>Clique aqui\u00a0para obter <a href=\"https:\/\/www.heartfailurematters.org\/pt-pt\/o-que-o-seu-medico-ou-enfermeiro-pode-fazer\/bloqueadores-beta\/\">mais informa\u00e7\u00f5es sobre bloqueadores beta<\/a><\/p>\n<ul>\n<li><strong>Acebutolol<br \/>\n<\/strong>(Sectral\u00ae, Prent\u00ae)<\/li>\n<li><strong>Atenolol<\/strong><br \/>\n(Atenix\u00ae, Tenormin\u00ae)<\/li>\n<li><strong>Bisoprolol<br \/>\n<\/strong>(Soloc\u00ae, Vivacor\u00ae, Cardicor\u00ae, Emcor\u00ae, Concor\u00ae)<\/li>\n<li><strong>Carvedilol<\/strong><br \/>\n(Eucardic\u00ae, Coreg\u00ae)<\/li>\n<li><strong>Celiprolol<br \/>\n<\/strong>(Celectol\u00ae)<\/li>\n<li><strong>Labetalol<br \/>\n<\/strong>(Normodyne\u00ae, Trandate\u00ae, Normozyde\u00ae)<\/li>\n<li><strong>Metoprolol<br \/>\n<\/strong>(Betaloc\u00ae, Betaloc SA\u00ae, Lopressor\u00ae, Lopressor LA\u00ae, Toprol XL\u00ae)<\/li>\n<li><strong>Nadolol<br \/>\n<\/strong>(Corgard\u00ae)<\/li>\n<li><strong>Nebivolol<br \/>\n<\/strong>(Nebilet\u00ae)<\/li>\n<li><strong>Oxprenolol<br \/>\n<\/strong>(Trasicor\u00ae, Slow-Trasicor\u00ae)<\/li>\n<li><strong>Penbutolol<br \/>\n<\/strong>(Levatol\u00ae)<\/li>\n<li><strong>Pindolol<\/strong><br \/>\n(Visken\u00ae)<\/li>\n<li><strong>Propanolol<br \/>\n<\/strong>(Angilol\u00ae, Syprol\u00ae, Bedranol SR\u00ae, Beta Prograne\u00ae, Lopranolol LA\u00ae, Slo-Pro\u00ae, Inderal\u00ae, Half-Inderal LA\u00ae, Inderal-LA\u00ae)<\/li>\n<li><strong>Sotalol<\/strong><br \/>\n(Beta-Cardone\u00ae, Sotocor\u00ae, Betaspace\u00ae)<\/li>\n<li><strong>Timolol<br \/>\n<\/strong>(Betim\u00ae, Blocadren\u00ae)<\/li>\n<li><strong>Produtos combinados<\/strong><br \/>\n(Co-tenidone\u00ae, AtenixCo\u00ae, Totaretic\u00ae, Kalten\u00ae, Tenoret\u00ae, Tenoretic\u00ae, Trasidrex\u00ae, Viskaldix\u00ae, Moducren\u00ae, Prestim\u00ae, Beta-Adalat\u00ae, Tenif\u00ae)<\/li>\n<\/ul>\n<h3>Agentes de Classe III<\/h3>\n<ul>\n<li><strong>Amiodarone<br \/>\n<\/strong>(Cordarone X\u00ae)<\/li>\n<li><strong>Dronedarone<br \/>\n<\/strong>(Multaq\u00ae)<\/li>\n<li><strong>Sotalol<br \/>\n<\/strong>(Beta-Cardone\u00ae, Sotocor\u00ae)<\/li>\n<\/ul>\n<h3>Agentes de Classe IV (bloqueadores dos canais de c\u00e1lcio)<\/h3>\n<ul>\n<li><strong>Amlodipina<\/strong><br \/>\n(Istin\u00ae)<\/li>\n<li><strong>Diltiazem<br \/>\n<\/strong>(Tildiem\u00ae, Adizem\u00ae, Adizem SR\u00ae, Adizem XL\u00ae, Angitil SR\u00ae, Angitil XL\u00ae, Calcicard CR\u00ae, Dilcardia SR. Dilzem SR\u00ae, Dilzem XL\u00ae, Slozem\u00ae, Lidiem LA\u00ae, Tildiem Retard\u00ae, Viazem XL\u00ae, Zemtard\u00ae)<\/li>\n<li><strong>Felodipina<\/strong><br \/>\n(Cardioplen XL\u00ae, Felogen XL\u00ae, Felotens XL\u00ae, Keloc SR\u00ae, Neofel XL\u00ae, Vascalpa\u00ae, Plendil\u00ae)<\/li>\n<li><strong>Isradipina<\/strong><br \/>\n(Precal\u00ae)<\/li>\n<li><strong>Lacidipine<br \/>\n<\/strong>(Motens\u00ae)<\/li>\n<li><strong>Lercanidipina<\/strong><br \/>\n(Zanidip\u00ae)<\/li>\n<li><strong>Nicardipine<br \/>\n<\/strong>(Cardene SR\u00ae)<\/li>\n<li><strong>Nifedepine<br \/>\n<\/strong>(Adalat\u00ae, Adalat retard\u00ae, Adipine MR\u00ae, Adipine XL\u00ae, Coracten SR\u00ae, Coracten XL Fortipine LA\u00ae, Nifedipress MR\u00ae, tensipine MR\u00ae, Valni XL\u00ae)<\/li>\n<li><strong>Nimodipina<\/strong><br \/>\n(Nimotop\u00ae)<\/li>\n<li><strong>Nisoldipine<br \/>\n<\/strong>(Syscor MR\u00ae)<\/li>\n<\/ul>\n<h3>Agentes de Classe V<\/h3>\n<p>Obtenha <a href=\"https:\/\/www.heartfailurematters.org\/pt-pt\/o-que-o-seu-medico-ou-enfermeiro-pode-fazer\/digitalicos\/\">mais informa\u00e7\u00f5es sobre a digoxina.<\/a><\/p>\n<p><a href=\"https:\/\/www.heartfailurematters.org\/pt-pt\/o-que-o-seu-medico-ou-enfermeiro-pode-fazer\/medicamentos-para-a-insuficiencia-cardiaca\/\"> Voltar \u00e0 sec\u00e7\u00e3o Medicamentos para a insufici\u00eancia card\u00edaca<\/a><\/p>\n","protected":false},"excerpt":{"rendered":"<p>O que fazem? Os medicamentos antiarr\u00edtmicos s\u00e3o utilizados para controlar ritmos card\u00edacos anormais. Contudo, o seu m\u00e9dico saber\u00e1 que v\u00e1rios antiarr\u00edtmicos poder\u00e3o ser prejudiciais para pessoas com insufici\u00eancia card\u00edaca, devendo ser evitados. Os agentes antiarr\u00edtmicos incluem as seguintes classes de medicamentos: Os agentes de Classe I incluem Flecainida e Propafenona Os agentes de Classe II [&hellip;]<\/p>\n","protected":false},"author":1,"featured_media":0,"parent":13171,"menu_order":0,"comment_status":"open","ping_status":"open","template":"","meta":{"_acf_changed":false,"footnotes":""},"categories":[],"tags":[],"class_list":["post-12569","page","type-page","status-publish","hentry"],"acf":[],"yoast_head":"<!-- This site is optimized with the Yoast SEO plugin v24.8.1 - https:\/\/yoast.com\/wordpress\/plugins\/seo\/ -->\n<title>Antiarr\u00edtmicos e insufici\u00eancia card\u00edaca<\/title>\n<meta name=\"description\" content=\"Antiarr\u00edtmicos s\u00e3o usados para controlar ritmos card\u00edacos anormais. Saiba mais sobre agentes antiarr\u00edtmicos, efeitos secund\u00e1rios e as nossas principais dicas.\" \/>\n<meta name=\"robots\" content=\"index, follow, max-snippet:-1, max-image-preview:large, max-video-preview:-1\" \/>\n<link rel=\"canonical\" href=\"https:\/\/www.heartfailurematters.org\/pt-br\/o-que-o-seu-medico-ou-enfermeiro-pode-fazer\/antiarritmicos\/\" \/>\n<meta property=\"og:locale\" content=\"pt_BR\" \/>\n<meta property=\"og:type\" content=\"article\" \/>\n<meta property=\"og:title\" content=\"Antiarr\u00edtmicos e insufici\u00eancia card\u00edaca\" \/>\n<meta property=\"og:description\" content=\"Antiarr\u00edtmicos s\u00e3o usados para controlar ritmos card\u00edacos anormais. Saiba mais sobre agentes antiarr\u00edtmicos, efeitos secund\u00e1rios e as nossas principais dicas.\" \/>\n<meta property=\"og:url\" content=\"https:\/\/www.heartfailurematters.org\/pt-br\/o-que-o-seu-medico-ou-enfermeiro-pode-fazer\/antiarritmicos\/\" \/>\n<meta property=\"og:site_name\" content=\"Heart Failure Matters\" \/>\n<meta property=\"article:publisher\" content=\"https:\/\/www.facebook.com\/heartfailurematters\" \/>\n<meta name=\"twitter:card\" content=\"summary_large_image\" \/>\n<meta name=\"twitter:label1\" content=\"Est. tempo de leitura\" \/>\n\t<meta name=\"twitter:data1\" content=\"3 minutos\" \/>\n<script type=\"application\/ld+json\" class=\"yoast-schema-graph\">{\"@context\":\"https:\/\/schema.org\",\"@graph\":[{\"@type\":\"WebPage\",\"@id\":\"https:\/\/www.heartfailurematters.org\/pt-br\/o-que-o-seu-medico-ou-enfermeiro-pode-fazer\/antiarritmicos\/\",\"url\":\"https:\/\/www.heartfailurematters.org\/pt-br\/o-que-o-seu-medico-ou-enfermeiro-pode-fazer\/antiarritmicos\/\",\"name\":\"Antiarr\u00edtmicos e insufici\u00eancia card\u00edaca\",\"isPartOf\":{\"@id\":\"https:\/\/www.heartfailurematters.org\/pt-br\/#website\"},\"datePublished\":\"2021-01-27T22:06:51+00:00\",\"description\":\"Antiarr\u00edtmicos s\u00e3o usados para controlar ritmos card\u00edacos anormais. Saiba mais sobre agentes antiarr\u00edtmicos, efeitos secund\u00e1rios e as nossas principais dicas.\",\"breadcrumb\":{\"@id\":\"https:\/\/www.heartfailurematters.org\/pt-br\/o-que-o-seu-medico-ou-enfermeiro-pode-fazer\/antiarritmicos\/#breadcrumb\"},\"inLanguage\":\"pt-BR\",\"potentialAction\":[{\"@type\":\"ReadAction\",\"target\":[\"https:\/\/www.heartfailurematters.org\/pt-br\/o-que-o-seu-medico-ou-enfermeiro-pode-fazer\/antiarritmicos\/\"]}]},{\"@type\":\"BreadcrumbList\",\"@id\":\"https:\/\/www.heartfailurematters.org\/pt-br\/o-que-o-seu-medico-ou-enfermeiro-pode-fazer\/antiarritmicos\/#breadcrumb\",\"itemListElement\":[{\"@type\":\"ListItem\",\"position\":1,\"name\":\"P\u00e1gina inicial\",\"item\":\"https:\/\/www.heartfailurematters.org\/pt-br\/\"},{\"@type\":\"ListItem\",\"position\":2,\"name\":\"O que o seu m\u00e9dico pode fazer\",\"item\":\"https:\/\/www.heartfailurematters.org\/pt-br\/o-que-o-seu-medico-ou-enfermeiro-pode-fazer\/\"},{\"@type\":\"ListItem\",\"position\":3,\"name\":\"Antiarr\u00edtmicos\"}]},{\"@type\":\"WebSite\",\"@id\":\"https:\/\/www.heartfailurematters.org\/pt-br\/#website\",\"url\":\"https:\/\/www.heartfailurematters.org\/pt-br\/\",\"name\":\"Heart Failure Matters\",\"description\":\"Practical information for patients, families and caregivers.\",\"publisher\":{\"@id\":\"https:\/\/www.heartfailurematters.org\/pt-br\/#organization\"},\"potentialAction\":[{\"@type\":\"SearchAction\",\"target\":{\"@type\":\"EntryPoint\",\"urlTemplate\":\"https:\/\/www.heartfailurematters.org\/pt-br\/?s={search_term_string}\"},\"query-input\":{\"@type\":\"PropertyValueSpecification\",\"valueRequired\":true,\"valueName\":\"search_term_string\"}}],\"inLanguage\":\"pt-BR\"},{\"@type\":\"Organization\",\"@id\":\"https:\/\/www.heartfailurematters.org\/pt-br\/#organization\",\"name\":\"Heart Failure Matters\",\"url\":\"https:\/\/www.heartfailurematters.org\/pt-br\/\",\"logo\":{\"@type\":\"ImageObject\",\"inLanguage\":\"pt-BR\",\"@id\":\"https:\/\/www.heartfailurematters.org\/pt-br\/#\/schema\/logo\/image\/\",\"url\":\"https:\/\/cdn-endpoint-hfm.azureedge.net\/heartfailurematters\/2024\/07\/hfm-logo1.jpg\",\"contentUrl\":\"https:\/\/cdn-endpoint-hfm.azureedge.net\/heartfailurematters\/2024\/07\/hfm-logo1.jpg\",\"width\":1280,\"height\":720,\"caption\":\"Heart Failure Matters\"},\"image\":{\"@id\":\"https:\/\/www.heartfailurematters.org\/pt-br\/#\/schema\/logo\/image\/\"},\"sameAs\":[\"https:\/\/www.facebook.com\/heartfailurematters\"]}]}<\/script>\n<!-- \/ Yoast SEO plugin. -->","yoast_head_json":{"title":"Antiarr\u00edtmicos e insufici\u00eancia card\u00edaca","description":"Antiarr\u00edtmicos s\u00e3o usados para controlar ritmos card\u00edacos anormais. Saiba mais sobre agentes antiarr\u00edtmicos, efeitos secund\u00e1rios e as nossas principais dicas.","robots":{"index":"index","follow":"follow","max-snippet":"max-snippet:-1","max-image-preview":"max-image-preview:large","max-video-preview":"max-video-preview:-1"},"canonical":"https:\/\/www.heartfailurematters.org\/pt-br\/o-que-o-seu-medico-ou-enfermeiro-pode-fazer\/antiarritmicos\/","og_locale":"pt_BR","og_type":"article","og_title":"Antiarr\u00edtmicos e insufici\u00eancia card\u00edaca","og_description":"Antiarr\u00edtmicos s\u00e3o usados para controlar ritmos card\u00edacos anormais. Saiba mais sobre agentes antiarr\u00edtmicos, efeitos secund\u00e1rios e as nossas principais dicas.","og_url":"https:\/\/www.heartfailurematters.org\/pt-br\/o-que-o-seu-medico-ou-enfermeiro-pode-fazer\/antiarritmicos\/","og_site_name":"Heart Failure Matters","article_publisher":"https:\/\/www.facebook.com\/heartfailurematters","twitter_card":"summary_large_image","twitter_misc":{"Est. tempo de leitura":"3 minutos"},"schema":{"@context":"https:\/\/schema.org","@graph":[{"@type":"WebPage","@id":"https:\/\/www.heartfailurematters.org\/pt-br\/o-que-o-seu-medico-ou-enfermeiro-pode-fazer\/antiarritmicos\/","url":"https:\/\/www.heartfailurematters.org\/pt-br\/o-que-o-seu-medico-ou-enfermeiro-pode-fazer\/antiarritmicos\/","name":"Antiarr\u00edtmicos e insufici\u00eancia card\u00edaca","isPartOf":{"@id":"https:\/\/www.heartfailurematters.org\/pt-br\/#website"},"datePublished":"2021-01-27T22:06:51+00:00","description":"Antiarr\u00edtmicos s\u00e3o usados para controlar ritmos card\u00edacos anormais. Saiba mais sobre agentes antiarr\u00edtmicos, efeitos secund\u00e1rios e as nossas principais dicas.","breadcrumb":{"@id":"https:\/\/www.heartfailurematters.org\/pt-br\/o-que-o-seu-medico-ou-enfermeiro-pode-fazer\/antiarritmicos\/#breadcrumb"},"inLanguage":"pt-BR","potentialAction":[{"@type":"ReadAction","target":["https:\/\/www.heartfailurematters.org\/pt-br\/o-que-o-seu-medico-ou-enfermeiro-pode-fazer\/antiarritmicos\/"]}]},{"@type":"BreadcrumbList","@id":"https:\/\/www.heartfailurematters.org\/pt-br\/o-que-o-seu-medico-ou-enfermeiro-pode-fazer\/antiarritmicos\/#breadcrumb","itemListElement":[{"@type":"ListItem","position":1,"name":"P\u00e1gina inicial","item":"https:\/\/www.heartfailurematters.org\/pt-br\/"},{"@type":"ListItem","position":2,"name":"O que o seu m\u00e9dico pode fazer","item":"https:\/\/www.heartfailurematters.org\/pt-br\/o-que-o-seu-medico-ou-enfermeiro-pode-fazer\/"},{"@type":"ListItem","position":3,"name":"Antiarr\u00edtmicos"}]},{"@type":"WebSite","@id":"https:\/\/www.heartfailurematters.org\/pt-br\/#website","url":"https:\/\/www.heartfailurematters.org\/pt-br\/","name":"Heart Failure Matters","description":"Practical information for patients, families and caregivers.","publisher":{"@id":"https:\/\/www.heartfailurematters.org\/pt-br\/#organization"},"potentialAction":[{"@type":"SearchAction","target":{"@type":"EntryPoint","urlTemplate":"https:\/\/www.heartfailurematters.org\/pt-br\/?s={search_term_string}"},"query-input":{"@type":"PropertyValueSpecification","valueRequired":true,"valueName":"search_term_string"}}],"inLanguage":"pt-BR"},{"@type":"Organization","@id":"https:\/\/www.heartfailurematters.org\/pt-br\/#organization","name":"Heart Failure Matters","url":"https:\/\/www.heartfailurematters.org\/pt-br\/","logo":{"@type":"ImageObject","inLanguage":"pt-BR","@id":"https:\/\/www.heartfailurematters.org\/pt-br\/#\/schema\/logo\/image\/","url":"https:\/\/cdn-endpoint-hfm.azureedge.net\/heartfailurematters\/2024\/07\/hfm-logo1.jpg","contentUrl":"https:\/\/cdn-endpoint-hfm.azureedge.net\/heartfailurematters\/2024\/07\/hfm-logo1.jpg","width":1280,"height":720,"caption":"Heart Failure Matters"},"image":{"@id":"https:\/\/www.heartfailurematters.org\/pt-br\/#\/schema\/logo\/image\/"},"sameAs":["https:\/\/www.facebook.com\/heartfailurematters"]}]}},"_links":{"self":[{"href":"https:\/\/www.heartfailurematters.org\/pt-br\/wp-json\/wp\/v2\/pages\/12569","targetHints":{"allow":["GET"]}}],"collection":[{"href":"https:\/\/www.heartfailurematters.org\/pt-br\/wp-json\/wp\/v2\/pages"}],"about":[{"href":"https:\/\/www.heartfailurematters.org\/pt-br\/wp-json\/wp\/v2\/types\/page"}],"author":[{"embeddable":true,"href":"https:\/\/www.heartfailurematters.org\/pt-br\/wp-json\/wp\/v2\/users\/1"}],"replies":[{"embeddable":true,"href":"https:\/\/www.heartfailurematters.org\/pt-br\/wp-json\/wp\/v2\/comments?post=12569"}],"version-history":[{"count":0,"href":"https:\/\/www.heartfailurematters.org\/pt-br\/wp-json\/wp\/v2\/pages\/12569\/revisions"}],"up":[{"embeddable":true,"href":"https:\/\/www.heartfailurematters.org\/pt-br\/wp-json\/wp\/v2\/pages\/13171"}],"wp:attachment":[{"href":"https:\/\/www.heartfailurematters.org\/pt-br\/wp-json\/wp\/v2\/media?parent=12569"}],"wp:term":[{"taxonomy":"category","embeddable":true,"href":"https:\/\/www.heartfailurematters.org\/pt-br\/wp-json\/wp\/v2\/categories?post=12569"},{"taxonomy":"post_tag","embeddable":true,"href":"https:\/\/www.heartfailurematters.org\/pt-br\/wp-json\/wp\/v2\/tags?post=12569"}],"curies":[{"name":"wp","href":"https:\/\/api.w.org\/{rel}","templated":true}]}}