{"id":12568,"date":"2021-01-27T22:06:51","date_gmt":"2021-01-27T22:06:51","guid":{"rendered":"https:\/\/www.heartfailurematters.org\/o-que-o-seu-medico-ou-enfermeiro-pode-fazer\/medicamentos-para-a-insuficiencia-cardiaca-aguda\/"},"modified":"2021-01-27T22:06:51","modified_gmt":"2021-01-27T22:06:51","slug":"medicamentos-para-a-insuficiencia-cardiaca-aguda","status":"publish","type":"page","link":"https:\/\/www.heartfailurematters.org\/pt-br\/o-que-o-seu-medico-ou-enfermeiro-pode-fazer\/medicamentos-para-a-insuficiencia-cardiaca-aguda\/","title":{"rendered":"Medicamentos para a insufici\u00eancia card\u00edaca aguda"},"content":{"rendered":"<h2>Como funcionam?<\/h2>\n<p>Existem v\u00e1rios medicamentos que melhoram o desempenho do cora\u00e7\u00e3o a curto prazo na insufici\u00eancia card\u00edaca aguda. Poder\u00e3o ser utilizados durante um epis\u00f3dio de insufici\u00eancia card\u00edaca aguda. Podem ajudar fazendo o cora\u00e7\u00e3o bater com mais for\u00e7a ou dilatando (abrindo) os vasos sangu\u00edneos e reduzindo o esfor\u00e7o.<\/p>\n<p>A insufici\u00eancia card\u00edaca aguda \u00e9 caracterizada pelo aparecimento r\u00e1pido de sintomas, como falta de ar, que requerem aten\u00e7\u00e3o urgente.<\/p>\n<p>O tratamento deve ser administrado no hospital e as informa\u00e7\u00f5es detalhadas sobre esse tratamento ultrapassam o \u00e2mbito deste website. No entanto, \u00e9 importante que os doentes com <a class=\"addtooltip\" title=\"A insufici\u00eancia card\u00edaca que se desenvolve lentamente ao longo do tempo poder\u00e1 agravar de forma gradual e requerer uma terap\u00eautica a longo prazo.\"><strong>insufici\u00eancia card\u00edaca cr\u00f3nica<\/strong><\/a> procurem assist\u00eancia m\u00e9dica imediata quando os sintomas aumentarem rapidamente para iniciar o mais r\u00e1pido poss\u00edvel a terap\u00eautica adequada.<\/p>\n<p>Estes medicamentos s\u00e3o normalmente administrados numa unidade de cuidados intensivos por inje\u00e7\u00e3o cont\u00ednua e os doentes s\u00e3o monitorizados de perto.<\/p>\n<h2>Tipos de medica\u00e7\u00e3o<\/h2>\n<ul>\n<li><strong>Dobutamina<\/strong><br \/>\n(Dobutrex\u00ae)<\/li>\n<li><strong>Dopamina<\/strong><\/li>\n<li><strong>Dopexamina<\/strong><br \/>\n(Dopacard\u00ae)<\/li>\n<li><strong>Enoximona<\/strong><br \/>\n(Perfan\u00ae)<\/li>\n<li><strong>Trinitrato de glicerilo\/nitroglicerina<br \/>\n<\/strong>(Nitrocine\u00ae, Nitronal\u00ae)<\/li>\n<li><strong> Levosimendano<br \/>\n<\/strong>(Simdax\u00ae)<\/li>\n<li><strong>Nesiritide<\/strong><br \/>\n(Natrecor\u00ae)<\/li>\n<li><strong>Milrinona<\/strong><br \/>\n(Primacor\u00ae)<\/li>\n<li><strong> Nitroprussiato de s\u00f3dio<br \/>\n<\/strong>(Nipride\u00ae, Nitropress\u00ae)<\/li>\n<\/ul>\n<p><a href=\"https:\/\/www.heartfailurematters.org\/pt-pt\/o-que-o-seu-medico-ou-enfermeiro-pode-fazer\/medicamentos-para-a-insuficiencia-cardiaca\/\">Voltar \u00e0 sec\u00e7\u00e3o Medicamentos para a insufici\u00eancia card\u00edaca<\/a><\/p>\n","protected":false},"excerpt":{"rendered":"<p>Como funcionam? Existem v\u00e1rios medicamentos que melhoram o desempenho do cora\u00e7\u00e3o a curto prazo na insufici\u00eancia card\u00edaca aguda. Poder\u00e3o ser utilizados durante um epis\u00f3dio de insufici\u00eancia card\u00edaca aguda. Podem ajudar fazendo o cora\u00e7\u00e3o bater com mais for\u00e7a ou dilatando (abrindo) os vasos sangu\u00edneos e reduzindo o esfor\u00e7o. A insufici\u00eancia card\u00edaca aguda \u00e9 caracterizada pelo aparecimento [&hellip;]<\/p>\n","protected":false},"author":1,"featured_media":12512,"parent":13171,"menu_order":0,"comment_status":"open","ping_status":"open","template":"","meta":{"_acf_changed":false,"footnotes":""},"categories":[],"tags":[],"class_list":["post-12568","page","type-page","status-publish","has-post-thumbnail","hentry"],"acf":[],"yoast_head":"<!-- This site is optimized with the Yoast SEO plugin v24.8.1 - https:\/\/yoast.com\/wordpress\/plugins\/seo\/ -->\n<title>Medicamentos para a insufici\u00eancia card\u00edaca aguda<\/title>\n<meta name=\"description\" content=\"Estes f\u00e1rmacos melhoram o desempenho a curto prazo do cora\u00e7\u00e3o, obrigando-o a bombear com mais for\u00e7a ou dilatando vasos sangu\u00edneos e reduzindo carga de trabalho.\" \/>\n<meta name=\"robots\" content=\"index, follow, max-snippet:-1, max-image-preview:large, max-video-preview:-1\" \/>\n<link rel=\"canonical\" href=\"https:\/\/www.heartfailurematters.org\/pt-br\/o-que-o-seu-medico-ou-enfermeiro-pode-fazer\/medicamentos-para-a-insuficiencia-cardiaca-aguda\/\" \/>\n<meta property=\"og:locale\" content=\"pt_BR\" \/>\n<meta property=\"og:type\" content=\"article\" \/>\n<meta property=\"og:title\" content=\"Medicamentos para a insufici\u00eancia card\u00edaca aguda\" \/>\n<meta property=\"og:description\" content=\"Estes f\u00e1rmacos melhoram o desempenho a curto prazo do cora\u00e7\u00e3o, obrigando-o a bombear com mais for\u00e7a ou dilatando vasos sangu\u00edneos e reduzindo carga de trabalho.\" \/>\n<meta property=\"og:url\" content=\"https:\/\/www.heartfailurematters.org\/pt-br\/o-que-o-seu-medico-ou-enfermeiro-pode-fazer\/medicamentos-para-a-insuficiencia-cardiaca-aguda\/\" \/>\n<meta property=\"og:site_name\" content=\"Heart Failure Matters\" \/>\n<meta property=\"article:publisher\" content=\"https:\/\/www.facebook.com\/heartfailurematters\" \/>\n<meta property=\"og:image\" content=\"https:\/\/www.heartfailurematters.org\/wp-content\/uploads\/2022\/03\/shutterstock_441673426-1-min.jpg\" \/>\n\t<meta property=\"og:image:width\" content=\"900\" \/>\n\t<meta property=\"og:image:height\" content=\"596\" \/>\n\t<meta property=\"og:image:type\" content=\"image\/jpeg\" \/>\n<meta name=\"twitter:card\" content=\"summary_large_image\" \/>\n<meta name=\"twitter:label1\" content=\"Est. tempo de leitura\" \/>\n\t<meta name=\"twitter:data1\" content=\"1 minuto\" \/>\n<script type=\"application\/ld+json\" class=\"yoast-schema-graph\">{\"@context\":\"https:\/\/schema.org\",\"@graph\":[{\"@type\":\"WebPage\",\"@id\":\"https:\/\/www.heartfailurematters.org\/pt-br\/o-que-o-seu-medico-ou-enfermeiro-pode-fazer\/medicamentos-para-a-insuficiencia-cardiaca-aguda\/\",\"url\":\"https:\/\/www.heartfailurematters.org\/pt-br\/o-que-o-seu-medico-ou-enfermeiro-pode-fazer\/medicamentos-para-a-insuficiencia-cardiaca-aguda\/\",\"name\":\"Medicamentos para a insufici\u00eancia card\u00edaca aguda\",\"isPartOf\":{\"@id\":\"https:\/\/www.heartfailurematters.org\/pt-br\/#website\"},\"primaryImageOfPage\":{\"@id\":\"https:\/\/www.heartfailurematters.org\/pt-br\/o-que-o-seu-medico-ou-enfermeiro-pode-fazer\/medicamentos-para-a-insuficiencia-cardiaca-aguda\/#primaryimage\"},\"image\":{\"@id\":\"https:\/\/www.heartfailurematters.org\/pt-br\/o-que-o-seu-medico-ou-enfermeiro-pode-fazer\/medicamentos-para-a-insuficiencia-cardiaca-aguda\/#primaryimage\"},\"thumbnailUrl\":\"https:\/\/www.heartfailurematters.org\/wp-content\/uploads\/2022\/03\/shutterstock_441673426-1-min.jpg\",\"datePublished\":\"2021-01-27T22:06:51+00:00\",\"description\":\"Estes f\u00e1rmacos melhoram o desempenho a curto prazo do cora\u00e7\u00e3o, obrigando-o a bombear com mais for\u00e7a ou dilatando vasos sangu\u00edneos e reduzindo carga de trabalho.\",\"breadcrumb\":{\"@id\":\"https:\/\/www.heartfailurematters.org\/pt-br\/o-que-o-seu-medico-ou-enfermeiro-pode-fazer\/medicamentos-para-a-insuficiencia-cardiaca-aguda\/#breadcrumb\"},\"inLanguage\":\"pt-BR\",\"potentialAction\":[{\"@type\":\"ReadAction\",\"target\":[\"https:\/\/www.heartfailurematters.org\/pt-br\/o-que-o-seu-medico-ou-enfermeiro-pode-fazer\/medicamentos-para-a-insuficiencia-cardiaca-aguda\/\"]}]},{\"@type\":\"ImageObject\",\"inLanguage\":\"pt-BR\",\"@id\":\"https:\/\/www.heartfailurematters.org\/pt-br\/o-que-o-seu-medico-ou-enfermeiro-pode-fazer\/medicamentos-para-a-insuficiencia-cardiaca-aguda\/#primaryimage\",\"url\":\"https:\/\/www.heartfailurematters.org\/wp-content\/uploads\/2022\/03\/shutterstock_441673426-1-min.jpg\",\"contentUrl\":\"https:\/\/www.heartfailurematters.org\/wp-content\/uploads\/2022\/03\/shutterstock_441673426-1-min.jpg\",\"width\":900,\"height\":596},{\"@type\":\"BreadcrumbList\",\"@id\":\"https:\/\/www.heartfailurematters.org\/pt-br\/o-que-o-seu-medico-ou-enfermeiro-pode-fazer\/medicamentos-para-a-insuficiencia-cardiaca-aguda\/#breadcrumb\",\"itemListElement\":[{\"@type\":\"ListItem\",\"position\":1,\"name\":\"P\u00e1gina inicial\",\"item\":\"https:\/\/www.heartfailurematters.org\/pt-br\/\"},{\"@type\":\"ListItem\",\"position\":2,\"name\":\"O que o seu m\u00e9dico pode fazer\",\"item\":\"https:\/\/www.heartfailurematters.org\/pt-br\/o-que-o-seu-medico-ou-enfermeiro-pode-fazer\/\"},{\"@type\":\"ListItem\",\"position\":3,\"name\":\"Medicamentos para a insufici\u00eancia card\u00edaca aguda\"}]},{\"@type\":\"WebSite\",\"@id\":\"https:\/\/www.heartfailurematters.org\/pt-br\/#website\",\"url\":\"https:\/\/www.heartfailurematters.org\/pt-br\/\",\"name\":\"Heart Failure Matters\",\"description\":\"Practical information for patients, families and caregivers.\",\"publisher\":{\"@id\":\"https:\/\/www.heartfailurematters.org\/pt-br\/#organization\"},\"potentialAction\":[{\"@type\":\"SearchAction\",\"target\":{\"@type\":\"EntryPoint\",\"urlTemplate\":\"https:\/\/www.heartfailurematters.org\/pt-br\/?s={search_term_string}\"},\"query-input\":{\"@type\":\"PropertyValueSpecification\",\"valueRequired\":true,\"valueName\":\"search_term_string\"}}],\"inLanguage\":\"pt-BR\"},{\"@type\":\"Organization\",\"@id\":\"https:\/\/www.heartfailurematters.org\/pt-br\/#organization\",\"name\":\"Heart Failure Matters\",\"url\":\"https:\/\/www.heartfailurematters.org\/pt-br\/\",\"logo\":{\"@type\":\"ImageObject\",\"inLanguage\":\"pt-BR\",\"@id\":\"https:\/\/www.heartfailurematters.org\/pt-br\/#\/schema\/logo\/image\/\",\"url\":\"https:\/\/cdn-endpoint-hfm.azureedge.net\/heartfailurematters\/2024\/07\/hfm-logo1.jpg\",\"contentUrl\":\"https:\/\/cdn-endpoint-hfm.azureedge.net\/heartfailurematters\/2024\/07\/hfm-logo1.jpg\",\"width\":1280,\"height\":720,\"caption\":\"Heart Failure Matters\"},\"image\":{\"@id\":\"https:\/\/www.heartfailurematters.org\/pt-br\/#\/schema\/logo\/image\/\"},\"sameAs\":[\"https:\/\/www.facebook.com\/heartfailurematters\"]}]}<\/script>\n<!-- \/ Yoast SEO plugin. -->","yoast_head_json":{"title":"Medicamentos para a insufici\u00eancia card\u00edaca aguda","description":"Estes f\u00e1rmacos melhoram o desempenho a curto prazo do cora\u00e7\u00e3o, obrigando-o a bombear com mais for\u00e7a ou dilatando vasos sangu\u00edneos e reduzindo carga de trabalho.","robots":{"index":"index","follow":"follow","max-snippet":"max-snippet:-1","max-image-preview":"max-image-preview:large","max-video-preview":"max-video-preview:-1"},"canonical":"https:\/\/www.heartfailurematters.org\/pt-br\/o-que-o-seu-medico-ou-enfermeiro-pode-fazer\/medicamentos-para-a-insuficiencia-cardiaca-aguda\/","og_locale":"pt_BR","og_type":"article","og_title":"Medicamentos para a insufici\u00eancia card\u00edaca aguda","og_description":"Estes f\u00e1rmacos melhoram o desempenho a curto prazo do cora\u00e7\u00e3o, obrigando-o a bombear com mais for\u00e7a ou dilatando vasos sangu\u00edneos e reduzindo carga de trabalho.","og_url":"https:\/\/www.heartfailurematters.org\/pt-br\/o-que-o-seu-medico-ou-enfermeiro-pode-fazer\/medicamentos-para-a-insuficiencia-cardiaca-aguda\/","og_site_name":"Heart Failure Matters","article_publisher":"https:\/\/www.facebook.com\/heartfailurematters","og_image":[{"width":900,"height":596,"url":"https:\/\/www.heartfailurematters.org\/wp-content\/uploads\/2022\/03\/shutterstock_441673426-1-min.jpg","type":"image\/jpeg"}],"twitter_card":"summary_large_image","twitter_misc":{"Est. tempo de leitura":"1 minuto"},"schema":{"@context":"https:\/\/schema.org","@graph":[{"@type":"WebPage","@id":"https:\/\/www.heartfailurematters.org\/pt-br\/o-que-o-seu-medico-ou-enfermeiro-pode-fazer\/medicamentos-para-a-insuficiencia-cardiaca-aguda\/","url":"https:\/\/www.heartfailurematters.org\/pt-br\/o-que-o-seu-medico-ou-enfermeiro-pode-fazer\/medicamentos-para-a-insuficiencia-cardiaca-aguda\/","name":"Medicamentos para a insufici\u00eancia card\u00edaca aguda","isPartOf":{"@id":"https:\/\/www.heartfailurematters.org\/pt-br\/#website"},"primaryImageOfPage":{"@id":"https:\/\/www.heartfailurematters.org\/pt-br\/o-que-o-seu-medico-ou-enfermeiro-pode-fazer\/medicamentos-para-a-insuficiencia-cardiaca-aguda\/#primaryimage"},"image":{"@id":"https:\/\/www.heartfailurematters.org\/pt-br\/o-que-o-seu-medico-ou-enfermeiro-pode-fazer\/medicamentos-para-a-insuficiencia-cardiaca-aguda\/#primaryimage"},"thumbnailUrl":"https:\/\/www.heartfailurematters.org\/wp-content\/uploads\/2022\/03\/shutterstock_441673426-1-min.jpg","datePublished":"2021-01-27T22:06:51+00:00","description":"Estes f\u00e1rmacos melhoram o desempenho a curto prazo do cora\u00e7\u00e3o, obrigando-o a bombear com mais for\u00e7a ou dilatando vasos sangu\u00edneos e reduzindo carga de trabalho.","breadcrumb":{"@id":"https:\/\/www.heartfailurematters.org\/pt-br\/o-que-o-seu-medico-ou-enfermeiro-pode-fazer\/medicamentos-para-a-insuficiencia-cardiaca-aguda\/#breadcrumb"},"inLanguage":"pt-BR","potentialAction":[{"@type":"ReadAction","target":["https:\/\/www.heartfailurematters.org\/pt-br\/o-que-o-seu-medico-ou-enfermeiro-pode-fazer\/medicamentos-para-a-insuficiencia-cardiaca-aguda\/"]}]},{"@type":"ImageObject","inLanguage":"pt-BR","@id":"https:\/\/www.heartfailurematters.org\/pt-br\/o-que-o-seu-medico-ou-enfermeiro-pode-fazer\/medicamentos-para-a-insuficiencia-cardiaca-aguda\/#primaryimage","url":"https:\/\/www.heartfailurematters.org\/wp-content\/uploads\/2022\/03\/shutterstock_441673426-1-min.jpg","contentUrl":"https:\/\/www.heartfailurematters.org\/wp-content\/uploads\/2022\/03\/shutterstock_441673426-1-min.jpg","width":900,"height":596},{"@type":"BreadcrumbList","@id":"https:\/\/www.heartfailurematters.org\/pt-br\/o-que-o-seu-medico-ou-enfermeiro-pode-fazer\/medicamentos-para-a-insuficiencia-cardiaca-aguda\/#breadcrumb","itemListElement":[{"@type":"ListItem","position":1,"name":"P\u00e1gina inicial","item":"https:\/\/www.heartfailurematters.org\/pt-br\/"},{"@type":"ListItem","position":2,"name":"O que o seu m\u00e9dico pode fazer","item":"https:\/\/www.heartfailurematters.org\/pt-br\/o-que-o-seu-medico-ou-enfermeiro-pode-fazer\/"},{"@type":"ListItem","position":3,"name":"Medicamentos para a insufici\u00eancia card\u00edaca aguda"}]},{"@type":"WebSite","@id":"https:\/\/www.heartfailurematters.org\/pt-br\/#website","url":"https:\/\/www.heartfailurematters.org\/pt-br\/","name":"Heart Failure Matters","description":"Practical information for patients, families and caregivers.","publisher":{"@id":"https:\/\/www.heartfailurematters.org\/pt-br\/#organization"},"potentialAction":[{"@type":"SearchAction","target":{"@type":"EntryPoint","urlTemplate":"https:\/\/www.heartfailurematters.org\/pt-br\/?s={search_term_string}"},"query-input":{"@type":"PropertyValueSpecification","valueRequired":true,"valueName":"search_term_string"}}],"inLanguage":"pt-BR"},{"@type":"Organization","@id":"https:\/\/www.heartfailurematters.org\/pt-br\/#organization","name":"Heart Failure Matters","url":"https:\/\/www.heartfailurematters.org\/pt-br\/","logo":{"@type":"ImageObject","inLanguage":"pt-BR","@id":"https:\/\/www.heartfailurematters.org\/pt-br\/#\/schema\/logo\/image\/","url":"https:\/\/cdn-endpoint-hfm.azureedge.net\/heartfailurematters\/2024\/07\/hfm-logo1.jpg","contentUrl":"https:\/\/cdn-endpoint-hfm.azureedge.net\/heartfailurematters\/2024\/07\/hfm-logo1.jpg","width":1280,"height":720,"caption":"Heart Failure Matters"},"image":{"@id":"https:\/\/www.heartfailurematters.org\/pt-br\/#\/schema\/logo\/image\/"},"sameAs":["https:\/\/www.facebook.com\/heartfailurematters"]}]}},"_links":{"self":[{"href":"https:\/\/www.heartfailurematters.org\/pt-br\/wp-json\/wp\/v2\/pages\/12568","targetHints":{"allow":["GET"]}}],"collection":[{"href":"https:\/\/www.heartfailurematters.org\/pt-br\/wp-json\/wp\/v2\/pages"}],"about":[{"href":"https:\/\/www.heartfailurematters.org\/pt-br\/wp-json\/wp\/v2\/types\/page"}],"author":[{"embeddable":true,"href":"https:\/\/www.heartfailurematters.org\/pt-br\/wp-json\/wp\/v2\/users\/1"}],"replies":[{"embeddable":true,"href":"https:\/\/www.heartfailurematters.org\/pt-br\/wp-json\/wp\/v2\/comments?post=12568"}],"version-history":[{"count":0,"href":"https:\/\/www.heartfailurematters.org\/pt-br\/wp-json\/wp\/v2\/pages\/12568\/revisions"}],"up":[{"embeddable":true,"href":"https:\/\/www.heartfailurematters.org\/pt-br\/wp-json\/wp\/v2\/pages\/13171"}],"wp:featuredmedia":[{"embeddable":true,"href":"https:\/\/www.heartfailurematters.org\/pt-br\/wp-json\/wp\/v2\/media\/12512"}],"wp:attachment":[{"href":"https:\/\/www.heartfailurematters.org\/pt-br\/wp-json\/wp\/v2\/media?parent=12568"}],"wp:term":[{"taxonomy":"category","embeddable":true,"href":"https:\/\/www.heartfailurematters.org\/pt-br\/wp-json\/wp\/v2\/categories?post=12568"},{"taxonomy":"post_tag","embeddable":true,"href":"https:\/\/www.heartfailurematters.org\/pt-br\/wp-json\/wp\/v2\/tags?post=12568"}],"curies":[{"name":"wp","href":"https:\/\/api.w.org\/{rel}","templated":true}]}}