{"id":12566,"date":"2021-01-27T22:06:51","date_gmt":"2021-01-27T22:06:51","guid":{"rendered":"https:\/\/www.heartfailurematters.org\/imagiologia-de-ressonancia-magnetica-rm-cardiaca\/"},"modified":"2021-01-27T22:06:51","modified_gmt":"2021-01-27T22:06:51","slug":"imagiologia-de-ressonancia-magnetica-rm-cardiaca","status":"publish","type":"page","link":"https:\/\/www.heartfailurematters.org\/pt-br\/o-que-e-a-insuficiencia-cardiaca\/imagiologia-de-ressonancia-magnetica-rm-cardiaca\/","title":{"rendered":"Imagiologia de resson\u00e2ncia magn\u00e9tica (RM) card\u00edaca"},"content":{"rendered":"<p><a class=\"addtooltip\" title=\"Um tipo de imagiologia card\u00edaca, que utiliza um campo magn\u00e9tico potente, para fornecer imagens do cora\u00e7\u00e3o bastante detalhadas.\"><strong>A resson\u00e2ncia magn\u00e9tica card\u00edaca<\/strong><\/a> \u00e9 realizada na mesma m\u00e1quina que os outros\u00a0\u00a0exames de resson\u00e2ncia magn\u00e9tica, mas s\u00f3 capta imagens do\u00a0t\u00f3rax.<\/p>\n<p>Um exame de resson\u00e2ncia magn\u00e9tica utiliza ondas magn\u00e9ticas e de r\u00e1dio para obter imagens do interior do corpo.<\/p>\n<p>Ser-lhe-\u00e1 pedido que se deite num t\u00fanel curto, que tem um \u00edman especial. S\u00e3o enviados pequenos impulsos de campos magn\u00e9ticos e ondas de r\u00e1dio atrav\u00e9s do corpo. Este exame demora entre 30 e 45 minutos e tem de permanecer deitado e im\u00f3vel. A m\u00e1quina poder\u00e1 fazer um ru\u00eddo moderado durante o funcionamento, que poder\u00e1 ser desagrad\u00e1vel para algumas pessoas. Contudo, a resson\u00e2ncia magn\u00e9tica \u00e9 completamente indolor e inofensiva, na medida em que n\u00e3o se utiliza radia\u00e7\u00e3o.<\/p>\n<p>As imagens mostrar\u00e3o imagens muito detalhadas da estrutura do cora\u00e7\u00e3o e dos vasos sangu\u00edneos. A resson\u00e2ncia magn\u00e9tica tamb\u00e9m pode medir o fluxo sangu\u00edneo no cora\u00e7\u00e3o e em algumas das art\u00e9rias principais.<\/p>\n<p>Com o exame, o seu m\u00e9dico poder\u00e1 dizer-lhe se o seu cora\u00e7\u00e3o n\u00e3o est\u00e1 a funcionar corretamente e localizar quaisquer problemas na estrutura do cora\u00e7\u00e3o.<\/p>\n<p><a href=\"https:\/\/www.heartfailurematters.org\/pt-pt\/o-que-e-a-insuficiencia-cardiaca\/exames-comuns-para-detetar-a-insuficiencia-cardiaca\/\">Voltar \u00e0 sec\u00e7\u00e3o Exames comuns para detetar insufici\u00eancia card\u00edaca<\/a><\/p>\n","protected":false},"excerpt":{"rendered":"<p>A resson\u00e2ncia magn\u00e9tica card\u00edaca \u00e9 realizada na mesma m\u00e1quina que os outros\u00a0\u00a0exames de resson\u00e2ncia magn\u00e9tica, mas s\u00f3 capta imagens do\u00a0t\u00f3rax. Um exame de resson\u00e2ncia magn\u00e9tica utiliza ondas magn\u00e9ticas e de r\u00e1dio para obter imagens do interior do corpo. Ser-lhe-\u00e1 pedido que se deite num t\u00fanel curto, que tem um \u00edman especial. S\u00e3o enviados pequenos impulsos [&hellip;]<\/p>\n","protected":false},"author":1,"featured_media":12493,"parent":13168,"menu_order":0,"comment_status":"open","ping_status":"open","template":"","meta":{"_acf_changed":false,"footnotes":""},"categories":[],"tags":[],"class_list":["post-12566","page","type-page","status-publish","has-post-thumbnail","hentry"],"acf":[],"yoast_head":"<!-- This site is optimized with the Yoast SEO plugin v24.8.1 - https:\/\/yoast.com\/wordpress\/plugins\/seo\/ -->\n<title>Resson\u00e2ncia magn\u00e9tica (RM) card\u00edaca para insuf. card\u00edaca<\/title>\n<meta name=\"description\" content=\"Uma RM card\u00edaca \u00e9 feita na mesma m\u00e1quina que as RM normais, mas s\u00f3 capta imagens do t\u00f3rax que mostram imagens detalhadas do cora\u00e7\u00e3o e vasos sangu\u00edneos.\" \/>\n<meta name=\"robots\" content=\"index, follow, max-snippet:-1, max-image-preview:large, max-video-preview:-1\" \/>\n<link rel=\"canonical\" href=\"https:\/\/www.heartfailurematters.org\/pt-br\/o-que-e-a-insuficiencia-cardiaca\/imagiologia-de-ressonancia-magnetica-rm-cardiaca\/\" \/>\n<meta property=\"og:locale\" content=\"pt_BR\" \/>\n<meta property=\"og:type\" content=\"article\" \/>\n<meta property=\"og:title\" content=\"Resson\u00e2ncia magn\u00e9tica (RM) card\u00edaca para insuf. card\u00edaca\" \/>\n<meta property=\"og:description\" content=\"Uma RM card\u00edaca \u00e9 feita na mesma m\u00e1quina que as RM normais, mas s\u00f3 capta imagens do t\u00f3rax que mostram imagens detalhadas do cora\u00e7\u00e3o e vasos sangu\u00edneos.\" \/>\n<meta property=\"og:url\" content=\"https:\/\/www.heartfailurematters.org\/pt-br\/o-que-e-a-insuficiencia-cardiaca\/imagiologia-de-ressonancia-magnetica-rm-cardiaca\/\" \/>\n<meta property=\"og:site_name\" content=\"Heart Failure Matters\" \/>\n<meta property=\"article:publisher\" content=\"https:\/\/www.facebook.com\/heartfailurematters\" \/>\n<meta property=\"og:image\" content=\"https:\/\/www.heartfailurematters.org\/wp-content\/uploads\/2022\/02\/shutterstock_1927970642-1-min.jpg\" \/>\n\t<meta property=\"og:image:width\" content=\"900\" \/>\n\t<meta property=\"og:image:height\" content=\"600\" \/>\n\t<meta property=\"og:image:type\" content=\"image\/jpeg\" \/>\n<meta name=\"twitter:card\" content=\"summary_large_image\" \/>\n<meta name=\"twitter:label1\" content=\"Est. tempo de leitura\" \/>\n\t<meta name=\"twitter:data1\" content=\"1 minuto\" \/>\n<script type=\"application\/ld+json\" class=\"yoast-schema-graph\">{\"@context\":\"https:\/\/schema.org\",\"@graph\":[{\"@type\":\"WebPage\",\"@id\":\"https:\/\/www.heartfailurematters.org\/pt-br\/o-que-e-a-insuficiencia-cardiaca\/imagiologia-de-ressonancia-magnetica-rm-cardiaca\/\",\"url\":\"https:\/\/www.heartfailurematters.org\/pt-br\/o-que-e-a-insuficiencia-cardiaca\/imagiologia-de-ressonancia-magnetica-rm-cardiaca\/\",\"name\":\"Resson\u00e2ncia magn\u00e9tica (RM) card\u00edaca para insuf. card\u00edaca\",\"isPartOf\":{\"@id\":\"https:\/\/www.heartfailurematters.org\/pt-br\/#website\"},\"primaryImageOfPage\":{\"@id\":\"https:\/\/www.heartfailurematters.org\/pt-br\/o-que-e-a-insuficiencia-cardiaca\/imagiologia-de-ressonancia-magnetica-rm-cardiaca\/#primaryimage\"},\"image\":{\"@id\":\"https:\/\/www.heartfailurematters.org\/pt-br\/o-que-e-a-insuficiencia-cardiaca\/imagiologia-de-ressonancia-magnetica-rm-cardiaca\/#primaryimage\"},\"thumbnailUrl\":\"https:\/\/www.heartfailurematters.org\/wp-content\/uploads\/2022\/02\/shutterstock_1927970642-1-min.jpg\",\"datePublished\":\"2021-01-27T22:06:51+00:00\",\"description\":\"Uma RM card\u00edaca \u00e9 feita na mesma m\u00e1quina que as RM normais, mas s\u00f3 capta imagens do t\u00f3rax que mostram imagens detalhadas do cora\u00e7\u00e3o e vasos sangu\u00edneos.\",\"breadcrumb\":{\"@id\":\"https:\/\/www.heartfailurematters.org\/pt-br\/o-que-e-a-insuficiencia-cardiaca\/imagiologia-de-ressonancia-magnetica-rm-cardiaca\/#breadcrumb\"},\"inLanguage\":\"pt-BR\",\"potentialAction\":[{\"@type\":\"ReadAction\",\"target\":[\"https:\/\/www.heartfailurematters.org\/pt-br\/o-que-e-a-insuficiencia-cardiaca\/imagiologia-de-ressonancia-magnetica-rm-cardiaca\/\"]}]},{\"@type\":\"ImageObject\",\"inLanguage\":\"pt-BR\",\"@id\":\"https:\/\/www.heartfailurematters.org\/pt-br\/o-que-e-a-insuficiencia-cardiaca\/imagiologia-de-ressonancia-magnetica-rm-cardiaca\/#primaryimage\",\"url\":\"https:\/\/www.heartfailurematters.org\/wp-content\/uploads\/2022\/02\/shutterstock_1927970642-1-min.jpg\",\"contentUrl\":\"https:\/\/www.heartfailurematters.org\/wp-content\/uploads\/2022\/02\/shutterstock_1927970642-1-min.jpg\",\"width\":900,\"height\":600},{\"@type\":\"BreadcrumbList\",\"@id\":\"https:\/\/www.heartfailurematters.org\/pt-br\/o-que-e-a-insuficiencia-cardiaca\/imagiologia-de-ressonancia-magnetica-rm-cardiaca\/#breadcrumb\",\"itemListElement\":[{\"@type\":\"ListItem\",\"position\":1,\"name\":\"P\u00e1gina inicial\",\"item\":\"https:\/\/www.heartfailurematters.org\/pt-br\/\"},{\"@type\":\"ListItem\",\"position\":2,\"name\":\"Compreender a insufici\u00eancia card\u00edaca\",\"item\":\"https:\/\/www.heartfailurematters.org\/pt-br\/o-que-e-a-insuficiencia-cardiaca\/\"},{\"@type\":\"ListItem\",\"position\":3,\"name\":\"Imagiologia de resson\u00e2ncia magn\u00e9tica (RM) card\u00edaca\"}]},{\"@type\":\"WebSite\",\"@id\":\"https:\/\/www.heartfailurematters.org\/pt-br\/#website\",\"url\":\"https:\/\/www.heartfailurematters.org\/pt-br\/\",\"name\":\"Heart Failure Matters\",\"description\":\"Practical information for patients, families and caregivers.\",\"publisher\":{\"@id\":\"https:\/\/www.heartfailurematters.org\/pt-br\/#organization\"},\"potentialAction\":[{\"@type\":\"SearchAction\",\"target\":{\"@type\":\"EntryPoint\",\"urlTemplate\":\"https:\/\/www.heartfailurematters.org\/pt-br\/?s={search_term_string}\"},\"query-input\":{\"@type\":\"PropertyValueSpecification\",\"valueRequired\":true,\"valueName\":\"search_term_string\"}}],\"inLanguage\":\"pt-BR\"},{\"@type\":\"Organization\",\"@id\":\"https:\/\/www.heartfailurematters.org\/pt-br\/#organization\",\"name\":\"Heart Failure Matters\",\"url\":\"https:\/\/www.heartfailurematters.org\/pt-br\/\",\"logo\":{\"@type\":\"ImageObject\",\"inLanguage\":\"pt-BR\",\"@id\":\"https:\/\/www.heartfailurematters.org\/pt-br\/#\/schema\/logo\/image\/\",\"url\":\"https:\/\/cdn-endpoint-hfm.azureedge.net\/heartfailurematters\/2024\/07\/hfm-logo1.jpg\",\"contentUrl\":\"https:\/\/cdn-endpoint-hfm.azureedge.net\/heartfailurematters\/2024\/07\/hfm-logo1.jpg\",\"width\":1280,\"height\":720,\"caption\":\"Heart Failure Matters\"},\"image\":{\"@id\":\"https:\/\/www.heartfailurematters.org\/pt-br\/#\/schema\/logo\/image\/\"},\"sameAs\":[\"https:\/\/www.facebook.com\/heartfailurematters\"]}]}<\/script>\n<!-- \/ Yoast SEO plugin. -->","yoast_head_json":{"title":"Resson\u00e2ncia magn\u00e9tica (RM) card\u00edaca para insuf. card\u00edaca","description":"Uma RM card\u00edaca \u00e9 feita na mesma m\u00e1quina que as RM normais, mas s\u00f3 capta imagens do t\u00f3rax que mostram imagens detalhadas do cora\u00e7\u00e3o e vasos sangu\u00edneos.","robots":{"index":"index","follow":"follow","max-snippet":"max-snippet:-1","max-image-preview":"max-image-preview:large","max-video-preview":"max-video-preview:-1"},"canonical":"https:\/\/www.heartfailurematters.org\/pt-br\/o-que-e-a-insuficiencia-cardiaca\/imagiologia-de-ressonancia-magnetica-rm-cardiaca\/","og_locale":"pt_BR","og_type":"article","og_title":"Resson\u00e2ncia magn\u00e9tica (RM) card\u00edaca para insuf. card\u00edaca","og_description":"Uma RM card\u00edaca \u00e9 feita na mesma m\u00e1quina que as RM normais, mas s\u00f3 capta imagens do t\u00f3rax que mostram imagens detalhadas do cora\u00e7\u00e3o e vasos sangu\u00edneos.","og_url":"https:\/\/www.heartfailurematters.org\/pt-br\/o-que-e-a-insuficiencia-cardiaca\/imagiologia-de-ressonancia-magnetica-rm-cardiaca\/","og_site_name":"Heart Failure Matters","article_publisher":"https:\/\/www.facebook.com\/heartfailurematters","og_image":[{"width":900,"height":600,"url":"https:\/\/www.heartfailurematters.org\/wp-content\/uploads\/2022\/02\/shutterstock_1927970642-1-min.jpg","type":"image\/jpeg"}],"twitter_card":"summary_large_image","twitter_misc":{"Est. tempo de leitura":"1 minuto"},"schema":{"@context":"https:\/\/schema.org","@graph":[{"@type":"WebPage","@id":"https:\/\/www.heartfailurematters.org\/pt-br\/o-que-e-a-insuficiencia-cardiaca\/imagiologia-de-ressonancia-magnetica-rm-cardiaca\/","url":"https:\/\/www.heartfailurematters.org\/pt-br\/o-que-e-a-insuficiencia-cardiaca\/imagiologia-de-ressonancia-magnetica-rm-cardiaca\/","name":"Resson\u00e2ncia magn\u00e9tica (RM) card\u00edaca para insuf. card\u00edaca","isPartOf":{"@id":"https:\/\/www.heartfailurematters.org\/pt-br\/#website"},"primaryImageOfPage":{"@id":"https:\/\/www.heartfailurematters.org\/pt-br\/o-que-e-a-insuficiencia-cardiaca\/imagiologia-de-ressonancia-magnetica-rm-cardiaca\/#primaryimage"},"image":{"@id":"https:\/\/www.heartfailurematters.org\/pt-br\/o-que-e-a-insuficiencia-cardiaca\/imagiologia-de-ressonancia-magnetica-rm-cardiaca\/#primaryimage"},"thumbnailUrl":"https:\/\/www.heartfailurematters.org\/wp-content\/uploads\/2022\/02\/shutterstock_1927970642-1-min.jpg","datePublished":"2021-01-27T22:06:51+00:00","description":"Uma RM card\u00edaca \u00e9 feita na mesma m\u00e1quina que as RM normais, mas s\u00f3 capta imagens do t\u00f3rax que mostram imagens detalhadas do cora\u00e7\u00e3o e vasos sangu\u00edneos.","breadcrumb":{"@id":"https:\/\/www.heartfailurematters.org\/pt-br\/o-que-e-a-insuficiencia-cardiaca\/imagiologia-de-ressonancia-magnetica-rm-cardiaca\/#breadcrumb"},"inLanguage":"pt-BR","potentialAction":[{"@type":"ReadAction","target":["https:\/\/www.heartfailurematters.org\/pt-br\/o-que-e-a-insuficiencia-cardiaca\/imagiologia-de-ressonancia-magnetica-rm-cardiaca\/"]}]},{"@type":"ImageObject","inLanguage":"pt-BR","@id":"https:\/\/www.heartfailurematters.org\/pt-br\/o-que-e-a-insuficiencia-cardiaca\/imagiologia-de-ressonancia-magnetica-rm-cardiaca\/#primaryimage","url":"https:\/\/www.heartfailurematters.org\/wp-content\/uploads\/2022\/02\/shutterstock_1927970642-1-min.jpg","contentUrl":"https:\/\/www.heartfailurematters.org\/wp-content\/uploads\/2022\/02\/shutterstock_1927970642-1-min.jpg","width":900,"height":600},{"@type":"BreadcrumbList","@id":"https:\/\/www.heartfailurematters.org\/pt-br\/o-que-e-a-insuficiencia-cardiaca\/imagiologia-de-ressonancia-magnetica-rm-cardiaca\/#breadcrumb","itemListElement":[{"@type":"ListItem","position":1,"name":"P\u00e1gina inicial","item":"https:\/\/www.heartfailurematters.org\/pt-br\/"},{"@type":"ListItem","position":2,"name":"Compreender a insufici\u00eancia card\u00edaca","item":"https:\/\/www.heartfailurematters.org\/pt-br\/o-que-e-a-insuficiencia-cardiaca\/"},{"@type":"ListItem","position":3,"name":"Imagiologia de resson\u00e2ncia magn\u00e9tica (RM) card\u00edaca"}]},{"@type":"WebSite","@id":"https:\/\/www.heartfailurematters.org\/pt-br\/#website","url":"https:\/\/www.heartfailurematters.org\/pt-br\/","name":"Heart Failure Matters","description":"Practical information for patients, families and caregivers.","publisher":{"@id":"https:\/\/www.heartfailurematters.org\/pt-br\/#organization"},"potentialAction":[{"@type":"SearchAction","target":{"@type":"EntryPoint","urlTemplate":"https:\/\/www.heartfailurematters.org\/pt-br\/?s={search_term_string}"},"query-input":{"@type":"PropertyValueSpecification","valueRequired":true,"valueName":"search_term_string"}}],"inLanguage":"pt-BR"},{"@type":"Organization","@id":"https:\/\/www.heartfailurematters.org\/pt-br\/#organization","name":"Heart Failure Matters","url":"https:\/\/www.heartfailurematters.org\/pt-br\/","logo":{"@type":"ImageObject","inLanguage":"pt-BR","@id":"https:\/\/www.heartfailurematters.org\/pt-br\/#\/schema\/logo\/image\/","url":"https:\/\/cdn-endpoint-hfm.azureedge.net\/heartfailurematters\/2024\/07\/hfm-logo1.jpg","contentUrl":"https:\/\/cdn-endpoint-hfm.azureedge.net\/heartfailurematters\/2024\/07\/hfm-logo1.jpg","width":1280,"height":720,"caption":"Heart Failure Matters"},"image":{"@id":"https:\/\/www.heartfailurematters.org\/pt-br\/#\/schema\/logo\/image\/"},"sameAs":["https:\/\/www.facebook.com\/heartfailurematters"]}]}},"_links":{"self":[{"href":"https:\/\/www.heartfailurematters.org\/pt-br\/wp-json\/wp\/v2\/pages\/12566","targetHints":{"allow":["GET"]}}],"collection":[{"href":"https:\/\/www.heartfailurematters.org\/pt-br\/wp-json\/wp\/v2\/pages"}],"about":[{"href":"https:\/\/www.heartfailurematters.org\/pt-br\/wp-json\/wp\/v2\/types\/page"}],"author":[{"embeddable":true,"href":"https:\/\/www.heartfailurematters.org\/pt-br\/wp-json\/wp\/v2\/users\/1"}],"replies":[{"embeddable":true,"href":"https:\/\/www.heartfailurematters.org\/pt-br\/wp-json\/wp\/v2\/comments?post=12566"}],"version-history":[{"count":0,"href":"https:\/\/www.heartfailurematters.org\/pt-br\/wp-json\/wp\/v2\/pages\/12566\/revisions"}],"up":[{"embeddable":true,"href":"https:\/\/www.heartfailurematters.org\/pt-br\/wp-json\/wp\/v2\/pages\/13168"}],"wp:featuredmedia":[{"embeddable":true,"href":"https:\/\/www.heartfailurematters.org\/pt-br\/wp-json\/wp\/v2\/media\/12493"}],"wp:attachment":[{"href":"https:\/\/www.heartfailurematters.org\/pt-br\/wp-json\/wp\/v2\/media?parent=12566"}],"wp:term":[{"taxonomy":"category","embeddable":true,"href":"https:\/\/www.heartfailurematters.org\/pt-br\/wp-json\/wp\/v2\/categories?post=12566"},{"taxonomy":"post_tag","embeddable":true,"href":"https:\/\/www.heartfailurematters.org\/pt-br\/wp-json\/wp\/v2\/tags?post=12566"}],"curies":[{"name":"wp","href":"https:\/\/api.w.org\/{rel}","templated":true}]}}