{"id":12551,"date":"2021-04-19T10:31:57","date_gmt":"2021-04-19T09:31:57","guid":{"rendered":"https:\/\/www.heartfailurematters.org\/suplementacao-com-ferro-na-insuficiencia-cardiaca\/"},"modified":"2021-04-19T10:31:57","modified_gmt":"2021-04-19T09:31:57","slug":"suplementacao-com-ferro-na-insuficiencia-cardiaca","status":"publish","type":"page","link":"https:\/\/www.heartfailurematters.org\/pt-br\/o-que-o-seu-medico-ou-enfermeiro-pode-fazer\/suplementacao-com-ferro-na-insuficiencia-cardiaca\/","title":{"rendered":"Suplementa\u00e7\u00e3o com ferro na insufici\u00eancia card\u00edaca"},"content":{"rendered":"<p>Em doentes com insufici\u00eancia card\u00edaca e <a href=\"https:\/\/www.heartfailurematters.org\/heart-failure-causes-and-other-common-medical-conditions\/iron-deficiency\/\">defici\u00eancia de ferro (DF)<\/a>, a suplementa\u00e7\u00e3o oral de ferro \u00e9 ineficaz devido a uma absor\u00e7\u00e3o muito deficiente. Por conseguinte, a suplementa\u00e7\u00e3o intravenosa de ferro \u00e9 a \u00fanica abordagem terap\u00eautica que demonstrou ser segura e eficaz em doentes com insufici\u00eancia card\u00edaca e DF confirmadas por an\u00e1lises ao sangue. A maioria dos resultados est\u00e1 relacionada com a carboximaltose f\u00e9rrica por prepara\u00e7\u00e3o intravenosa de ferro.<\/p>\n<p>A dose de carboximaltose f\u00e9rrica intravenosa administrada a um doente \u00e9 calculada com base no peso corporal e no n\u00edvel de hemoglobina, e varia entre 500 e 2000 mg. Se a dose total calculada de ferro necess\u00e1ria exceder 1000 mg, a sua administra\u00e7\u00e3o \u00e9 dividida em duas sess\u00f5es separadas por 4 a 6 semanas. A carboximaltose f\u00e9rrica \u00e9 administrada como infus\u00e3o intravenosa de 15 minutos de ferro dissolvido em 100 mL de solu\u00e7\u00e3o salina. Esta terapia pode ser administrada com seguran\u00e7a em ambiente hospitalar e ambulat\u00f3rio.<\/p>\n<p>A suplementa\u00e7\u00e3o intravenosa de ferro em doentes com insufici\u00eancia card\u00edaca e DF demonstrou reduzir os sintomas de insufici\u00eancia card\u00edaca, melhorar a qualidade de vida, aumentar a capacidade de exerc\u00edcio e a resist\u00eancia musculoesquel\u00e9tica, assim como reduzir o risco de hospitaliza\u00e7\u00f5es recorrentes.<\/p>\n<p>O efeito da suplementa\u00e7\u00e3o intravenosa de ferro nos n\u00edveis de ferro deve ser verificado atrav\u00e9s de an\u00e1lise ao sangue, cerca de 3 meses ap\u00f3s a \u00faltima dose administrada. Ap\u00f3s um doente ter recebido a dose completa, devem ser realizadas an\u00e1lises peri\u00f3dicas para a DF, de acordo com a recomenda\u00e7\u00e3o do m\u00e9dico.<\/p>\n<h3>Tamb\u00e9m conhecidos como:<\/h3>\n<p><strong>\u2022 Carboximaltose f\u00e9rrica<\/strong><br \/>\n(Ferinject\u00ae)<\/p>\n<p><a title=\"Voltar a Medicamentos para insufici\u00eancia card\u00edaca\" href=\"https:\/\/www.heartfailurematters.org\/what-your-doctor-can-do\/heart-failure-medicines\/\">Voltar a Medicamentos para insufici\u00eancia card\u00edaca<\/a><\/p>\n","protected":false},"excerpt":{"rendered":"<p>Em doentes com insufici\u00eancia card\u00edaca e defici\u00eancia de ferro (DF), a suplementa\u00e7\u00e3o oral de ferro \u00e9 ineficaz devido a uma absor\u00e7\u00e3o muito deficiente. Por conseguinte, a suplementa\u00e7\u00e3o intravenosa de ferro \u00e9 a \u00fanica abordagem terap\u00eautica que demonstrou ser segura e eficaz em doentes com insufici\u00eancia card\u00edaca e DF confirmadas por an\u00e1lises ao sangue. A maioria [&hellip;]<\/p>\n","protected":false},"author":1,"featured_media":12503,"parent":13171,"menu_order":0,"comment_status":"closed","ping_status":"closed","template":"","meta":{"_acf_changed":false,"footnotes":""},"categories":[],"tags":[],"class_list":["post-12551","page","type-page","status-publish","has-post-thumbnail","hentry"],"acf":[],"yoast_head":"<!-- This site is optimized with the Yoast SEO plugin v24.8.1 - https:\/\/yoast.com\/wordpress\/plugins\/seo\/ -->\n<title>Suplementa\u00e7\u00e3o com ferro na insufici\u00eancia card\u00edaca - Heart Failure Matters<\/title>\n<meta name=\"description\" content=\"Em doentes com insufici\u00eancia card\u00edaca e defici\u00eancia de ferro (DF), a suplementa\u00e7\u00e3o oral de ferro \u00e9 ineficaz devido a uma absor\u00e7\u00e3o muito deficiente.\" \/>\n<meta name=\"robots\" content=\"index, follow, max-snippet:-1, max-image-preview:large, max-video-preview:-1\" \/>\n<link rel=\"canonical\" href=\"https:\/\/www.heartfailurematters.org\/pt-br\/o-que-o-seu-medico-ou-enfermeiro-pode-fazer\/suplementacao-com-ferro-na-insuficiencia-cardiaca\/\" \/>\n<meta property=\"og:locale\" content=\"pt_BR\" \/>\n<meta property=\"og:type\" content=\"article\" \/>\n<meta property=\"og:title\" content=\"Suplementa\u00e7\u00e3o com ferro na insufici\u00eancia card\u00edaca - Heart Failure Matters\" \/>\n<meta property=\"og:description\" content=\"Em doentes com insufici\u00eancia card\u00edaca e defici\u00eancia de ferro (DF), a suplementa\u00e7\u00e3o oral de ferro \u00e9 ineficaz devido a uma absor\u00e7\u00e3o muito deficiente.\" \/>\n<meta property=\"og:url\" content=\"https:\/\/www.heartfailurematters.org\/pt-br\/o-que-o-seu-medico-ou-enfermeiro-pode-fazer\/suplementacao-com-ferro-na-insuficiencia-cardiaca\/\" \/>\n<meta property=\"og:site_name\" content=\"Heart Failure Matters\" \/>\n<meta property=\"article:publisher\" content=\"https:\/\/www.facebook.com\/heartfailurematters\" \/>\n<meta property=\"og:image\" content=\"https:\/\/www.heartfailurematters.org\/wp-content\/uploads\/2022\/03\/shutterstock_529109200-1-min.jpg\" \/>\n\t<meta property=\"og:image:width\" content=\"900\" \/>\n\t<meta property=\"og:image:height\" content=\"599\" \/>\n\t<meta property=\"og:image:type\" content=\"image\/jpeg\" \/>\n<meta name=\"twitter:card\" content=\"summary_large_image\" \/>\n<meta name=\"twitter:label1\" content=\"Est. tempo de leitura\" \/>\n\t<meta name=\"twitter:data1\" content=\"1 minuto\" \/>\n<script type=\"application\/ld+json\" class=\"yoast-schema-graph\">{\"@context\":\"https:\/\/schema.org\",\"@graph\":[{\"@type\":\"WebPage\",\"@id\":\"https:\/\/www.heartfailurematters.org\/pt-br\/o-que-o-seu-medico-ou-enfermeiro-pode-fazer\/suplementacao-com-ferro-na-insuficiencia-cardiaca\/\",\"url\":\"https:\/\/www.heartfailurematters.org\/pt-br\/o-que-o-seu-medico-ou-enfermeiro-pode-fazer\/suplementacao-com-ferro-na-insuficiencia-cardiaca\/\",\"name\":\"Suplementa\u00e7\u00e3o com ferro na insufici\u00eancia card\u00edaca - Heart Failure Matters\",\"isPartOf\":{\"@id\":\"https:\/\/www.heartfailurematters.org\/pt-br\/#website\"},\"primaryImageOfPage\":{\"@id\":\"https:\/\/www.heartfailurematters.org\/pt-br\/o-que-o-seu-medico-ou-enfermeiro-pode-fazer\/suplementacao-com-ferro-na-insuficiencia-cardiaca\/#primaryimage\"},\"image\":{\"@id\":\"https:\/\/www.heartfailurematters.org\/pt-br\/o-que-o-seu-medico-ou-enfermeiro-pode-fazer\/suplementacao-com-ferro-na-insuficiencia-cardiaca\/#primaryimage\"},\"thumbnailUrl\":\"https:\/\/www.heartfailurematters.org\/wp-content\/uploads\/2022\/03\/shutterstock_529109200-1-min.jpg\",\"datePublished\":\"2021-04-19T09:31:57+00:00\",\"description\":\"Em doentes com insufici\u00eancia card\u00edaca e defici\u00eancia de ferro (DF), a suplementa\u00e7\u00e3o oral de ferro \u00e9 ineficaz devido a uma absor\u00e7\u00e3o muito deficiente.\",\"breadcrumb\":{\"@id\":\"https:\/\/www.heartfailurematters.org\/pt-br\/o-que-o-seu-medico-ou-enfermeiro-pode-fazer\/suplementacao-com-ferro-na-insuficiencia-cardiaca\/#breadcrumb\"},\"inLanguage\":\"pt-BR\",\"potentialAction\":[{\"@type\":\"ReadAction\",\"target\":[\"https:\/\/www.heartfailurematters.org\/pt-br\/o-que-o-seu-medico-ou-enfermeiro-pode-fazer\/suplementacao-com-ferro-na-insuficiencia-cardiaca\/\"]}]},{\"@type\":\"ImageObject\",\"inLanguage\":\"pt-BR\",\"@id\":\"https:\/\/www.heartfailurematters.org\/pt-br\/o-que-o-seu-medico-ou-enfermeiro-pode-fazer\/suplementacao-com-ferro-na-insuficiencia-cardiaca\/#primaryimage\",\"url\":\"https:\/\/www.heartfailurematters.org\/wp-content\/uploads\/2022\/03\/shutterstock_529109200-1-min.jpg\",\"contentUrl\":\"https:\/\/www.heartfailurematters.org\/wp-content\/uploads\/2022\/03\/shutterstock_529109200-1-min.jpg\",\"width\":900,\"height\":599},{\"@type\":\"BreadcrumbList\",\"@id\":\"https:\/\/www.heartfailurematters.org\/pt-br\/o-que-o-seu-medico-ou-enfermeiro-pode-fazer\/suplementacao-com-ferro-na-insuficiencia-cardiaca\/#breadcrumb\",\"itemListElement\":[{\"@type\":\"ListItem\",\"position\":1,\"name\":\"P\u00e1gina inicial\",\"item\":\"https:\/\/www.heartfailurematters.org\/pt-br\/\"},{\"@type\":\"ListItem\",\"position\":2,\"name\":\"O que o seu m\u00e9dico pode fazer\",\"item\":\"https:\/\/www.heartfailurematters.org\/pt-br\/o-que-o-seu-medico-ou-enfermeiro-pode-fazer\/\"},{\"@type\":\"ListItem\",\"position\":3,\"name\":\"Suplementa\u00e7\u00e3o com ferro na insufici\u00eancia card\u00edaca\"}]},{\"@type\":\"WebSite\",\"@id\":\"https:\/\/www.heartfailurematters.org\/pt-br\/#website\",\"url\":\"https:\/\/www.heartfailurematters.org\/pt-br\/\",\"name\":\"Heart Failure Matters\",\"description\":\"Practical information for patients, families and caregivers.\",\"publisher\":{\"@id\":\"https:\/\/www.heartfailurematters.org\/pt-br\/#organization\"},\"potentialAction\":[{\"@type\":\"SearchAction\",\"target\":{\"@type\":\"EntryPoint\",\"urlTemplate\":\"https:\/\/www.heartfailurematters.org\/pt-br\/?s={search_term_string}\"},\"query-input\":{\"@type\":\"PropertyValueSpecification\",\"valueRequired\":true,\"valueName\":\"search_term_string\"}}],\"inLanguage\":\"pt-BR\"},{\"@type\":\"Organization\",\"@id\":\"https:\/\/www.heartfailurematters.org\/pt-br\/#organization\",\"name\":\"Heart Failure Matters\",\"url\":\"https:\/\/www.heartfailurematters.org\/pt-br\/\",\"logo\":{\"@type\":\"ImageObject\",\"inLanguage\":\"pt-BR\",\"@id\":\"https:\/\/www.heartfailurematters.org\/pt-br\/#\/schema\/logo\/image\/\",\"url\":\"https:\/\/cdn-endpoint-hfm.azureedge.net\/heartfailurematters\/2024\/07\/hfm-logo1.jpg\",\"contentUrl\":\"https:\/\/cdn-endpoint-hfm.azureedge.net\/heartfailurematters\/2024\/07\/hfm-logo1.jpg\",\"width\":1280,\"height\":720,\"caption\":\"Heart Failure Matters\"},\"image\":{\"@id\":\"https:\/\/www.heartfailurematters.org\/pt-br\/#\/schema\/logo\/image\/\"},\"sameAs\":[\"https:\/\/www.facebook.com\/heartfailurematters\"]}]}<\/script>\n<!-- \/ Yoast SEO plugin. -->","yoast_head_json":{"title":"Suplementa\u00e7\u00e3o com ferro na insufici\u00eancia card\u00edaca - Heart Failure Matters","description":"Em doentes com insufici\u00eancia card\u00edaca e defici\u00eancia de ferro (DF), a suplementa\u00e7\u00e3o oral de ferro \u00e9 ineficaz devido a uma absor\u00e7\u00e3o muito deficiente.","robots":{"index":"index","follow":"follow","max-snippet":"max-snippet:-1","max-image-preview":"max-image-preview:large","max-video-preview":"max-video-preview:-1"},"canonical":"https:\/\/www.heartfailurematters.org\/pt-br\/o-que-o-seu-medico-ou-enfermeiro-pode-fazer\/suplementacao-com-ferro-na-insuficiencia-cardiaca\/","og_locale":"pt_BR","og_type":"article","og_title":"Suplementa\u00e7\u00e3o com ferro na insufici\u00eancia card\u00edaca - Heart Failure Matters","og_description":"Em doentes com insufici\u00eancia card\u00edaca e defici\u00eancia de ferro (DF), a suplementa\u00e7\u00e3o oral de ferro \u00e9 ineficaz devido a uma absor\u00e7\u00e3o muito deficiente.","og_url":"https:\/\/www.heartfailurematters.org\/pt-br\/o-que-o-seu-medico-ou-enfermeiro-pode-fazer\/suplementacao-com-ferro-na-insuficiencia-cardiaca\/","og_site_name":"Heart Failure Matters","article_publisher":"https:\/\/www.facebook.com\/heartfailurematters","og_image":[{"width":900,"height":599,"url":"https:\/\/www.heartfailurematters.org\/wp-content\/uploads\/2022\/03\/shutterstock_529109200-1-min.jpg","type":"image\/jpeg"}],"twitter_card":"summary_large_image","twitter_misc":{"Est. tempo de leitura":"1 minuto"},"schema":{"@context":"https:\/\/schema.org","@graph":[{"@type":"WebPage","@id":"https:\/\/www.heartfailurematters.org\/pt-br\/o-que-o-seu-medico-ou-enfermeiro-pode-fazer\/suplementacao-com-ferro-na-insuficiencia-cardiaca\/","url":"https:\/\/www.heartfailurematters.org\/pt-br\/o-que-o-seu-medico-ou-enfermeiro-pode-fazer\/suplementacao-com-ferro-na-insuficiencia-cardiaca\/","name":"Suplementa\u00e7\u00e3o com ferro na insufici\u00eancia card\u00edaca - Heart Failure Matters","isPartOf":{"@id":"https:\/\/www.heartfailurematters.org\/pt-br\/#website"},"primaryImageOfPage":{"@id":"https:\/\/www.heartfailurematters.org\/pt-br\/o-que-o-seu-medico-ou-enfermeiro-pode-fazer\/suplementacao-com-ferro-na-insuficiencia-cardiaca\/#primaryimage"},"image":{"@id":"https:\/\/www.heartfailurematters.org\/pt-br\/o-que-o-seu-medico-ou-enfermeiro-pode-fazer\/suplementacao-com-ferro-na-insuficiencia-cardiaca\/#primaryimage"},"thumbnailUrl":"https:\/\/www.heartfailurematters.org\/wp-content\/uploads\/2022\/03\/shutterstock_529109200-1-min.jpg","datePublished":"2021-04-19T09:31:57+00:00","description":"Em doentes com insufici\u00eancia card\u00edaca e defici\u00eancia de ferro (DF), a suplementa\u00e7\u00e3o oral de ferro \u00e9 ineficaz devido a uma absor\u00e7\u00e3o muito deficiente.","breadcrumb":{"@id":"https:\/\/www.heartfailurematters.org\/pt-br\/o-que-o-seu-medico-ou-enfermeiro-pode-fazer\/suplementacao-com-ferro-na-insuficiencia-cardiaca\/#breadcrumb"},"inLanguage":"pt-BR","potentialAction":[{"@type":"ReadAction","target":["https:\/\/www.heartfailurematters.org\/pt-br\/o-que-o-seu-medico-ou-enfermeiro-pode-fazer\/suplementacao-com-ferro-na-insuficiencia-cardiaca\/"]}]},{"@type":"ImageObject","inLanguage":"pt-BR","@id":"https:\/\/www.heartfailurematters.org\/pt-br\/o-que-o-seu-medico-ou-enfermeiro-pode-fazer\/suplementacao-com-ferro-na-insuficiencia-cardiaca\/#primaryimage","url":"https:\/\/www.heartfailurematters.org\/wp-content\/uploads\/2022\/03\/shutterstock_529109200-1-min.jpg","contentUrl":"https:\/\/www.heartfailurematters.org\/wp-content\/uploads\/2022\/03\/shutterstock_529109200-1-min.jpg","width":900,"height":599},{"@type":"BreadcrumbList","@id":"https:\/\/www.heartfailurematters.org\/pt-br\/o-que-o-seu-medico-ou-enfermeiro-pode-fazer\/suplementacao-com-ferro-na-insuficiencia-cardiaca\/#breadcrumb","itemListElement":[{"@type":"ListItem","position":1,"name":"P\u00e1gina inicial","item":"https:\/\/www.heartfailurematters.org\/pt-br\/"},{"@type":"ListItem","position":2,"name":"O que o seu m\u00e9dico pode fazer","item":"https:\/\/www.heartfailurematters.org\/pt-br\/o-que-o-seu-medico-ou-enfermeiro-pode-fazer\/"},{"@type":"ListItem","position":3,"name":"Suplementa\u00e7\u00e3o com ferro na insufici\u00eancia card\u00edaca"}]},{"@type":"WebSite","@id":"https:\/\/www.heartfailurematters.org\/pt-br\/#website","url":"https:\/\/www.heartfailurematters.org\/pt-br\/","name":"Heart Failure Matters","description":"Practical information for patients, families and caregivers.","publisher":{"@id":"https:\/\/www.heartfailurematters.org\/pt-br\/#organization"},"potentialAction":[{"@type":"SearchAction","target":{"@type":"EntryPoint","urlTemplate":"https:\/\/www.heartfailurematters.org\/pt-br\/?s={search_term_string}"},"query-input":{"@type":"PropertyValueSpecification","valueRequired":true,"valueName":"search_term_string"}}],"inLanguage":"pt-BR"},{"@type":"Organization","@id":"https:\/\/www.heartfailurematters.org\/pt-br\/#organization","name":"Heart Failure Matters","url":"https:\/\/www.heartfailurematters.org\/pt-br\/","logo":{"@type":"ImageObject","inLanguage":"pt-BR","@id":"https:\/\/www.heartfailurematters.org\/pt-br\/#\/schema\/logo\/image\/","url":"https:\/\/cdn-endpoint-hfm.azureedge.net\/heartfailurematters\/2024\/07\/hfm-logo1.jpg","contentUrl":"https:\/\/cdn-endpoint-hfm.azureedge.net\/heartfailurematters\/2024\/07\/hfm-logo1.jpg","width":1280,"height":720,"caption":"Heart Failure Matters"},"image":{"@id":"https:\/\/www.heartfailurematters.org\/pt-br\/#\/schema\/logo\/image\/"},"sameAs":["https:\/\/www.facebook.com\/heartfailurematters"]}]}},"_links":{"self":[{"href":"https:\/\/www.heartfailurematters.org\/pt-br\/wp-json\/wp\/v2\/pages\/12551","targetHints":{"allow":["GET"]}}],"collection":[{"href":"https:\/\/www.heartfailurematters.org\/pt-br\/wp-json\/wp\/v2\/pages"}],"about":[{"href":"https:\/\/www.heartfailurematters.org\/pt-br\/wp-json\/wp\/v2\/types\/page"}],"author":[{"embeddable":true,"href":"https:\/\/www.heartfailurematters.org\/pt-br\/wp-json\/wp\/v2\/users\/1"}],"replies":[{"embeddable":true,"href":"https:\/\/www.heartfailurematters.org\/pt-br\/wp-json\/wp\/v2\/comments?post=12551"}],"version-history":[{"count":0,"href":"https:\/\/www.heartfailurematters.org\/pt-br\/wp-json\/wp\/v2\/pages\/12551\/revisions"}],"up":[{"embeddable":true,"href":"https:\/\/www.heartfailurematters.org\/pt-br\/wp-json\/wp\/v2\/pages\/13171"}],"wp:featuredmedia":[{"embeddable":true,"href":"https:\/\/www.heartfailurematters.org\/pt-br\/wp-json\/wp\/v2\/media\/12503"}],"wp:attachment":[{"href":"https:\/\/www.heartfailurematters.org\/pt-br\/wp-json\/wp\/v2\/media?parent=12551"}],"wp:term":[{"taxonomy":"category","embeddable":true,"href":"https:\/\/www.heartfailurematters.org\/pt-br\/wp-json\/wp\/v2\/categories?post=12551"},{"taxonomy":"post_tag","embeddable":true,"href":"https:\/\/www.heartfailurematters.org\/pt-br\/wp-json\/wp\/v2\/tags?post=12551"}],"curies":[{"name":"wp","href":"https:\/\/api.w.org\/{rel}","templated":true}]}}