{"id":12549,"date":"2022-05-26T13:00:57","date_gmt":"2022-05-26T12:00:57","guid":{"rendered":"https:\/\/www.heartfailurematters.org\/orientacoes-de-praticas-clinicas-da-sec-para-a-gestao-da-insuficiencia-cardiaca-cronica-e-aguda\/"},"modified":"2024-09-02T15:52:38","modified_gmt":"2024-09-02T14:52:38","slug":"orientacoes-de-praticas-clinicas-da-sec-para-a-gestao-da-insuficiencia-cardiaca-cronica-e-aguda","status":"publish","type":"page","link":"https:\/\/www.heartfailurematters.org\/pt-br\/orientacoes-de-praticas-clinicas-da-sec-para-a-gestao-da-insuficiencia-cardiaca-cronica-e-aguda\/","title":{"rendered":"Orienta\u00e7\u00f5es de Pr\u00e1ticas Cl\u00ednicas da SEC para a gest\u00e3o da insufici\u00eancia card\u00edaca cr\u00f3nica e aguda"},"content":{"rendered":"<h2>Orienta\u00e7\u00f5es para doentes<\/h2>\n<h3>O que os doentes devem saber<\/h3>\n<p>&nbsp;<\/p>\n<blockquote><p>Com base nas Orienta\u00e7\u00f5es de Pr\u00e1ticas Cl\u00ednicas da SEC, estes documentos descrevem as recomenda\u00e7\u00f5es de diagn\u00f3stico e tratamento a partir das evid\u00eancias m\u00e9dicas e cient\u00edficas dos profissionais de sa\u00fade. Visam ajudar o doente a compreender a sua doen\u00e7a, a dar-lhe o conhecimento e a confian\u00e7a que lhe permita participar na tomada de decis\u00f5es partilhadas com os seus prestadores de cuidados de sa\u00fade. Tamb\u00e9m fornece sugest\u00f5es sobre formas de cuidar de si mesmo, o que \u00e9 essencial para a gest\u00e3o eficaz da sua doen\u00e7a.<\/p><\/blockquote>\n<h2>Insufici\u00eancia card\u00edaca cr\u00f3nica e aguda<\/h2>\n<table style=\"width: 100%;\">\n<tbody>\n<tr>\n<td style=\"width: 30%;\"><a href=\"https:\/\/cdn-endpoint-hfm.azureedge.net\/heartfailurematters\/2024\/04\/1167029_ESC_heart_failure_patient_guidelines_Update_Portuguese.pdf\" target=\"_blank\" rel=\"noopener\" class=\"esc-guidelines-2022\" data-lang=\"pt-pt\"><br \/>\n<img decoding=\"async\" class=\"alignleft size-medium wp-image-11274\" style=\"vertical-align: top;\" src=\"https:\/\/www.heartfailurematters.org\/wp-content\/uploads\/2022\/05\/ESC-Clinical-Practice-Guidelines-2-224x300.png\" alt=\"Orienta\u00e7\u00f5es de Pr\u00e1ticas Cl\u00ednicas da SEC para a gest\u00e3o da insufici\u00eancia card\u00edaca cr\u00f3nica e aguda\" width=\"224\" height=\"300\"><br \/>\n<\/a><\/td>\n<td style=\"width: 70%;\">Este guia para doentes visa fornecer uma panor\u00e2mica das mais recentes recomenda\u00e7\u00f5es baseadas em evid\u00eancias para o diagn\u00f3stico e o tratamento da insufici\u00eancia card\u00edaca. Em particular, dever\u00e1 ajudar o doente a compreender:<\/p>\n<ul>\n<li>os principais tipos de insufici\u00eancia card\u00edaca<\/li>\n<li>que medicamentos lhe poder\u00e3o ser prescritos<\/li>\n<li>os dispositivos que poder\u00e3o ser considerados adequados<\/li>\n<li>a import\u00e2ncia de ser tratado por uma equipa multidisciplinar<\/li>\n<li>a import\u00e2ncia da reabilita\u00e7\u00e3o<\/li>\n<li>a import\u00e2ncia de cuidar de si mesmo e de gerir a sua doen\u00e7a<\/li>\n<\/ul>\n<p><a class=\"btn btn-hfm esc-guidelines-2022\" href=\"https:\/\/cdn-endpoint-hfm.azureedge.net\/heartfailurematters\/2024\/04\/1167029_ESC_heart_failure_patient_guidelines_Update_Portuguese.pdf\" target=\"_blank\" rel=\"noopener\" data-lang=\"pt-pt\">Descarregar as orienta\u00e7\u00f5es<\/a><\/td>\n<\/tr>\n<\/tbody>\n<\/table>\n<p>Este documento n\u00e3o pretende ser um guia sobre o funcionamento do cora\u00e7\u00e3o, nem pode ser exaustivo. Os temas inclu\u00eddos neste documento cont\u00eam liga\u00e7\u00f5es que conduzir\u00e3o o leitor interessado para as sec\u00e7\u00f5es apropriadas das <a href=\"https:\/\/cdn-endpoint-hfm.azureedge.net\/heartfailurematters\/2024\/04\/1167029_ESC_heart_failure_patient_guidelines_Update_Portuguese.pdf\" target=\"_blank\" rel=\"noopener\" class=\"esc-guidelines-2022\" data-lang=\"pt-pt\">Orienta\u00e7\u00f5es de Pr\u00e1ticas Cl\u00ednicas da SEC 2021<\/a>.<\/p>\n<p>&nbsp;<\/p>\n<p>&nbsp;<\/p>\n","protected":false},"excerpt":{"rendered":"<p>Orienta\u00e7\u00f5es para doentes O que os doentes devem saber &nbsp; Com base nas Orienta\u00e7\u00f5es de Pr\u00e1ticas Cl\u00ednicas da SEC, estes documentos descrevem as recomenda\u00e7\u00f5es de diagn\u00f3stico e tratamento a partir das evid\u00eancias m\u00e9dicas e cient\u00edficas dos profissionais de sa\u00fade. Visam ajudar o doente a compreender a sua doen\u00e7a, a dar-lhe o conhecimento e a confian\u00e7a [&hellip;]<\/p>\n","protected":false},"author":1,"featured_media":12544,"parent":0,"menu_order":0,"comment_status":"closed","ping_status":"closed","template":"","meta":{"_acf_changed":false,"footnotes":""},"categories":[],"tags":[],"class_list":["post-12549","page","type-page","status-publish","has-post-thumbnail","hentry"],"acf":[],"yoast_head":"<!-- This site is optimized with the Yoast SEO plugin v24.8.1 - https:\/\/yoast.com\/wordpress\/plugins\/seo\/ -->\n<title>Orienta\u00e7\u00f5es de Pr\u00e1ticas Cl\u00ednicas da SEC para a gest\u00e3o da insufici\u00eancia card\u00edaca cr\u00f3nica e aguda<\/title>\n<meta name=\"description\" content=\"Com base nas Orienta\u00e7\u00f5es de Pr\u00e1ticas Cl\u00ednicas da SEC, estes documentos descrevem as recomenda\u00e7\u00f5es de diagn\u00f3stico e tratamento a partir das evid\u00eancias m\u00e9dicas e cient\u00edficas dos profissionais de sa\u00fade.\" \/>\n<meta name=\"robots\" content=\"index, follow, max-snippet:-1, max-image-preview:large, max-video-preview:-1\" \/>\n<link rel=\"canonical\" href=\"https:\/\/www.heartfailurematters.org\/pt-br\/orientacoes-de-praticas-clinicas-da-sec-para-a-gestao-da-insuficiencia-cardiaca-cronica-e-aguda\/\" \/>\n<meta property=\"og:locale\" content=\"pt_BR\" \/>\n<meta property=\"og:type\" content=\"article\" \/>\n<meta property=\"og:title\" content=\"Orienta\u00e7\u00f5es de Pr\u00e1ticas Cl\u00ednicas da SEC para a gest\u00e3o da insufici\u00eancia card\u00edaca cr\u00f3nica e aguda\" \/>\n<meta property=\"og:description\" content=\"Com base nas Orienta\u00e7\u00f5es de Pr\u00e1ticas Cl\u00ednicas da SEC, estes documentos descrevem as recomenda\u00e7\u00f5es de diagn\u00f3stico e tratamento a partir das evid\u00eancias m\u00e9dicas e cient\u00edficas dos profissionais de sa\u00fade.\" \/>\n<meta property=\"og:url\" content=\"https:\/\/www.heartfailurematters.org\/pt-br\/orientacoes-de-praticas-clinicas-da-sec-para-a-gestao-da-insuficiencia-cardiaca-cronica-e-aguda\/\" \/>\n<meta property=\"og:site_name\" content=\"Heart Failure Matters\" \/>\n<meta property=\"article:publisher\" content=\"https:\/\/www.facebook.com\/heartfailurematters\" \/>\n<meta property=\"article:modified_time\" content=\"2024-09-02T14:52:38+00:00\" \/>\n<meta property=\"og:image\" content=\"https:\/\/www.heartfailurematters.org\/wp-content\/uploads\/2022\/05\/ESC-Clinical-Practice-Guidelines-2.png\" \/>\n\t<meta property=\"og:image:width\" content=\"1100\" \/>\n\t<meta property=\"og:image:height\" content=\"1475\" \/>\n\t<meta property=\"og:image:type\" content=\"image\/png\" \/>\n<meta name=\"twitter:card\" content=\"summary_large_image\" \/>\n<meta name=\"twitter:label1\" content=\"Est. tempo de leitura\" \/>\n\t<meta name=\"twitter:data1\" content=\"1 minuto\" \/>\n<script type=\"application\/ld+json\" class=\"yoast-schema-graph\">{\"@context\":\"https:\/\/schema.org\",\"@graph\":[{\"@type\":\"WebPage\",\"@id\":\"https:\/\/www.heartfailurematters.org\/pt-br\/orientacoes-de-praticas-clinicas-da-sec-para-a-gestao-da-insuficiencia-cardiaca-cronica-e-aguda\/\",\"url\":\"https:\/\/www.heartfailurematters.org\/pt-br\/orientacoes-de-praticas-clinicas-da-sec-para-a-gestao-da-insuficiencia-cardiaca-cronica-e-aguda\/\",\"name\":\"Orienta\u00e7\u00f5es de Pr\u00e1ticas Cl\u00ednicas da SEC para a gest\u00e3o da insufici\u00eancia card\u00edaca cr\u00f3nica e aguda\",\"isPartOf\":{\"@id\":\"https:\/\/www.heartfailurematters.org\/pt-br\/#website\"},\"primaryImageOfPage\":{\"@id\":\"https:\/\/www.heartfailurematters.org\/pt-br\/orientacoes-de-praticas-clinicas-da-sec-para-a-gestao-da-insuficiencia-cardiaca-cronica-e-aguda\/#primaryimage\"},\"image\":{\"@id\":\"https:\/\/www.heartfailurematters.org\/pt-br\/orientacoes-de-praticas-clinicas-da-sec-para-a-gestao-da-insuficiencia-cardiaca-cronica-e-aguda\/#primaryimage\"},\"thumbnailUrl\":\"https:\/\/www.heartfailurematters.org\/wp-content\/uploads\/2022\/05\/ESC-Clinical-Practice-Guidelines-2.png\",\"datePublished\":\"2022-05-26T12:00:57+00:00\",\"dateModified\":\"2024-09-02T14:52:38+00:00\",\"description\":\"Com base nas Orienta\u00e7\u00f5es de Pr\u00e1ticas Cl\u00ednicas da SEC, estes documentos descrevem as recomenda\u00e7\u00f5es de diagn\u00f3stico e tratamento a partir das evid\u00eancias m\u00e9dicas e cient\u00edficas dos profissionais de sa\u00fade.\",\"breadcrumb\":{\"@id\":\"https:\/\/www.heartfailurematters.org\/pt-br\/orientacoes-de-praticas-clinicas-da-sec-para-a-gestao-da-insuficiencia-cardiaca-cronica-e-aguda\/#breadcrumb\"},\"inLanguage\":\"pt-BR\",\"potentialAction\":[{\"@type\":\"ReadAction\",\"target\":[\"https:\/\/www.heartfailurematters.org\/pt-br\/orientacoes-de-praticas-clinicas-da-sec-para-a-gestao-da-insuficiencia-cardiaca-cronica-e-aguda\/\"]}]},{\"@type\":\"ImageObject\",\"inLanguage\":\"pt-BR\",\"@id\":\"https:\/\/www.heartfailurematters.org\/pt-br\/orientacoes-de-praticas-clinicas-da-sec-para-a-gestao-da-insuficiencia-cardiaca-cronica-e-aguda\/#primaryimage\",\"url\":\"https:\/\/www.heartfailurematters.org\/wp-content\/uploads\/2022\/05\/ESC-Clinical-Practice-Guidelines-2.png\",\"contentUrl\":\"https:\/\/www.heartfailurematters.org\/wp-content\/uploads\/2022\/05\/ESC-Clinical-Practice-Guidelines-2.png\",\"width\":1100,\"height\":1475},{\"@type\":\"BreadcrumbList\",\"@id\":\"https:\/\/www.heartfailurematters.org\/pt-br\/orientacoes-de-praticas-clinicas-da-sec-para-a-gestao-da-insuficiencia-cardiaca-cronica-e-aguda\/#breadcrumb\",\"itemListElement\":[{\"@type\":\"ListItem\",\"position\":1,\"name\":\"P\u00e1gina inicial\",\"item\":\"https:\/\/www.heartfailurematters.org\/pt-br\/\"},{\"@type\":\"ListItem\",\"position\":2,\"name\":\"Orienta\u00e7\u00f5es de Pr\u00e1ticas Cl\u00ednicas da SEC para a gest\u00e3o da insufici\u00eancia card\u00edaca cr\u00f3nica e aguda\"}]},{\"@type\":\"WebSite\",\"@id\":\"https:\/\/www.heartfailurematters.org\/pt-br\/#website\",\"url\":\"https:\/\/www.heartfailurematters.org\/pt-br\/\",\"name\":\"Heart Failure Matters\",\"description\":\"Practical information for patients, families and caregivers.\",\"publisher\":{\"@id\":\"https:\/\/www.heartfailurematters.org\/pt-br\/#organization\"},\"potentialAction\":[{\"@type\":\"SearchAction\",\"target\":{\"@type\":\"EntryPoint\",\"urlTemplate\":\"https:\/\/www.heartfailurematters.org\/pt-br\/?s={search_term_string}\"},\"query-input\":{\"@type\":\"PropertyValueSpecification\",\"valueRequired\":true,\"valueName\":\"search_term_string\"}}],\"inLanguage\":\"pt-BR\"},{\"@type\":\"Organization\",\"@id\":\"https:\/\/www.heartfailurematters.org\/pt-br\/#organization\",\"name\":\"Heart Failure Matters\",\"url\":\"https:\/\/www.heartfailurematters.org\/pt-br\/\",\"logo\":{\"@type\":\"ImageObject\",\"inLanguage\":\"pt-BR\",\"@id\":\"https:\/\/www.heartfailurematters.org\/pt-br\/#\/schema\/logo\/image\/\",\"url\":\"https:\/\/cdn-endpoint-hfm.azureedge.net\/heartfailurematters\/2024\/07\/hfm-logo1.jpg\",\"contentUrl\":\"https:\/\/cdn-endpoint-hfm.azureedge.net\/heartfailurematters\/2024\/07\/hfm-logo1.jpg\",\"width\":1280,\"height\":720,\"caption\":\"Heart Failure Matters\"},\"image\":{\"@id\":\"https:\/\/www.heartfailurematters.org\/pt-br\/#\/schema\/logo\/image\/\"},\"sameAs\":[\"https:\/\/www.facebook.com\/heartfailurematters\"]}]}<\/script>\n<!-- \/ Yoast SEO plugin. -->","yoast_head_json":{"title":"Orienta\u00e7\u00f5es de Pr\u00e1ticas Cl\u00ednicas da SEC para a gest\u00e3o da insufici\u00eancia card\u00edaca cr\u00f3nica e aguda","description":"Com base nas Orienta\u00e7\u00f5es de Pr\u00e1ticas Cl\u00ednicas da SEC, estes documentos descrevem as recomenda\u00e7\u00f5es de diagn\u00f3stico e tratamento a partir das evid\u00eancias m\u00e9dicas e cient\u00edficas dos profissionais de sa\u00fade.","robots":{"index":"index","follow":"follow","max-snippet":"max-snippet:-1","max-image-preview":"max-image-preview:large","max-video-preview":"max-video-preview:-1"},"canonical":"https:\/\/www.heartfailurematters.org\/pt-br\/orientacoes-de-praticas-clinicas-da-sec-para-a-gestao-da-insuficiencia-cardiaca-cronica-e-aguda\/","og_locale":"pt_BR","og_type":"article","og_title":"Orienta\u00e7\u00f5es de Pr\u00e1ticas Cl\u00ednicas da SEC para a gest\u00e3o da insufici\u00eancia card\u00edaca cr\u00f3nica e aguda","og_description":"Com base nas Orienta\u00e7\u00f5es de Pr\u00e1ticas Cl\u00ednicas da SEC, estes documentos descrevem as recomenda\u00e7\u00f5es de diagn\u00f3stico e tratamento a partir das evid\u00eancias m\u00e9dicas e cient\u00edficas dos profissionais de sa\u00fade.","og_url":"https:\/\/www.heartfailurematters.org\/pt-br\/orientacoes-de-praticas-clinicas-da-sec-para-a-gestao-da-insuficiencia-cardiaca-cronica-e-aguda\/","og_site_name":"Heart Failure Matters","article_publisher":"https:\/\/www.facebook.com\/heartfailurematters","article_modified_time":"2024-09-02T14:52:38+00:00","og_image":[{"width":1100,"height":1475,"url":"https:\/\/www.heartfailurematters.org\/wp-content\/uploads\/2022\/05\/ESC-Clinical-Practice-Guidelines-2.png","type":"image\/png"}],"twitter_card":"summary_large_image","twitter_misc":{"Est. tempo de leitura":"1 minuto"},"schema":{"@context":"https:\/\/schema.org","@graph":[{"@type":"WebPage","@id":"https:\/\/www.heartfailurematters.org\/pt-br\/orientacoes-de-praticas-clinicas-da-sec-para-a-gestao-da-insuficiencia-cardiaca-cronica-e-aguda\/","url":"https:\/\/www.heartfailurematters.org\/pt-br\/orientacoes-de-praticas-clinicas-da-sec-para-a-gestao-da-insuficiencia-cardiaca-cronica-e-aguda\/","name":"Orienta\u00e7\u00f5es de Pr\u00e1ticas Cl\u00ednicas da SEC para a gest\u00e3o da insufici\u00eancia card\u00edaca cr\u00f3nica e aguda","isPartOf":{"@id":"https:\/\/www.heartfailurematters.org\/pt-br\/#website"},"primaryImageOfPage":{"@id":"https:\/\/www.heartfailurematters.org\/pt-br\/orientacoes-de-praticas-clinicas-da-sec-para-a-gestao-da-insuficiencia-cardiaca-cronica-e-aguda\/#primaryimage"},"image":{"@id":"https:\/\/www.heartfailurematters.org\/pt-br\/orientacoes-de-praticas-clinicas-da-sec-para-a-gestao-da-insuficiencia-cardiaca-cronica-e-aguda\/#primaryimage"},"thumbnailUrl":"https:\/\/www.heartfailurematters.org\/wp-content\/uploads\/2022\/05\/ESC-Clinical-Practice-Guidelines-2.png","datePublished":"2022-05-26T12:00:57+00:00","dateModified":"2024-09-02T14:52:38+00:00","description":"Com base nas Orienta\u00e7\u00f5es de Pr\u00e1ticas Cl\u00ednicas da SEC, estes documentos descrevem as recomenda\u00e7\u00f5es de diagn\u00f3stico e tratamento a partir das evid\u00eancias m\u00e9dicas e cient\u00edficas dos profissionais de sa\u00fade.","breadcrumb":{"@id":"https:\/\/www.heartfailurematters.org\/pt-br\/orientacoes-de-praticas-clinicas-da-sec-para-a-gestao-da-insuficiencia-cardiaca-cronica-e-aguda\/#breadcrumb"},"inLanguage":"pt-BR","potentialAction":[{"@type":"ReadAction","target":["https:\/\/www.heartfailurematters.org\/pt-br\/orientacoes-de-praticas-clinicas-da-sec-para-a-gestao-da-insuficiencia-cardiaca-cronica-e-aguda\/"]}]},{"@type":"ImageObject","inLanguage":"pt-BR","@id":"https:\/\/www.heartfailurematters.org\/pt-br\/orientacoes-de-praticas-clinicas-da-sec-para-a-gestao-da-insuficiencia-cardiaca-cronica-e-aguda\/#primaryimage","url":"https:\/\/www.heartfailurematters.org\/wp-content\/uploads\/2022\/05\/ESC-Clinical-Practice-Guidelines-2.png","contentUrl":"https:\/\/www.heartfailurematters.org\/wp-content\/uploads\/2022\/05\/ESC-Clinical-Practice-Guidelines-2.png","width":1100,"height":1475},{"@type":"BreadcrumbList","@id":"https:\/\/www.heartfailurematters.org\/pt-br\/orientacoes-de-praticas-clinicas-da-sec-para-a-gestao-da-insuficiencia-cardiaca-cronica-e-aguda\/#breadcrumb","itemListElement":[{"@type":"ListItem","position":1,"name":"P\u00e1gina inicial","item":"https:\/\/www.heartfailurematters.org\/pt-br\/"},{"@type":"ListItem","position":2,"name":"Orienta\u00e7\u00f5es de Pr\u00e1ticas Cl\u00ednicas da SEC para a gest\u00e3o da insufici\u00eancia card\u00edaca cr\u00f3nica e aguda"}]},{"@type":"WebSite","@id":"https:\/\/www.heartfailurematters.org\/pt-br\/#website","url":"https:\/\/www.heartfailurematters.org\/pt-br\/","name":"Heart Failure Matters","description":"Practical information for patients, families and caregivers.","publisher":{"@id":"https:\/\/www.heartfailurematters.org\/pt-br\/#organization"},"potentialAction":[{"@type":"SearchAction","target":{"@type":"EntryPoint","urlTemplate":"https:\/\/www.heartfailurematters.org\/pt-br\/?s={search_term_string}"},"query-input":{"@type":"PropertyValueSpecification","valueRequired":true,"valueName":"search_term_string"}}],"inLanguage":"pt-BR"},{"@type":"Organization","@id":"https:\/\/www.heartfailurematters.org\/pt-br\/#organization","name":"Heart Failure Matters","url":"https:\/\/www.heartfailurematters.org\/pt-br\/","logo":{"@type":"ImageObject","inLanguage":"pt-BR","@id":"https:\/\/www.heartfailurematters.org\/pt-br\/#\/schema\/logo\/image\/","url":"https:\/\/cdn-endpoint-hfm.azureedge.net\/heartfailurematters\/2024\/07\/hfm-logo1.jpg","contentUrl":"https:\/\/cdn-endpoint-hfm.azureedge.net\/heartfailurematters\/2024\/07\/hfm-logo1.jpg","width":1280,"height":720,"caption":"Heart Failure Matters"},"image":{"@id":"https:\/\/www.heartfailurematters.org\/pt-br\/#\/schema\/logo\/image\/"},"sameAs":["https:\/\/www.facebook.com\/heartfailurematters"]}]}},"_links":{"self":[{"href":"https:\/\/www.heartfailurematters.org\/pt-br\/wp-json\/wp\/v2\/pages\/12549","targetHints":{"allow":["GET"]}}],"collection":[{"href":"https:\/\/www.heartfailurematters.org\/pt-br\/wp-json\/wp\/v2\/pages"}],"about":[{"href":"https:\/\/www.heartfailurematters.org\/pt-br\/wp-json\/wp\/v2\/types\/page"}],"author":[{"embeddable":true,"href":"https:\/\/www.heartfailurematters.org\/pt-br\/wp-json\/wp\/v2\/users\/1"}],"replies":[{"embeddable":true,"href":"https:\/\/www.heartfailurematters.org\/pt-br\/wp-json\/wp\/v2\/comments?post=12549"}],"version-history":[{"count":2,"href":"https:\/\/www.heartfailurematters.org\/pt-br\/wp-json\/wp\/v2\/pages\/12549\/revisions"}],"predecessor-version":[{"id":13541,"href":"https:\/\/www.heartfailurematters.org\/pt-br\/wp-json\/wp\/v2\/pages\/12549\/revisions\/13541"}],"wp:featuredmedia":[{"embeddable":true,"href":"https:\/\/www.heartfailurematters.org\/pt-br\/wp-json\/wp\/v2\/media\/12544"}],"wp:attachment":[{"href":"https:\/\/www.heartfailurematters.org\/pt-br\/wp-json\/wp\/v2\/media?parent=12549"}],"wp:term":[{"taxonomy":"category","embeddable":true,"href":"https:\/\/www.heartfailurematters.org\/pt-br\/wp-json\/wp\/v2\/categories?post=12549"},{"taxonomy":"post_tag","embeddable":true,"href":"https:\/\/www.heartfailurematters.org\/pt-br\/wp-json\/wp\/v2\/tags?post=12549"}],"curies":[{"name":"wp","href":"https:\/\/api.w.org\/{rel}","templated":true}]}}