{"id":8075,"date":"2021-04-12T11:40:56","date_gmt":"2021-04-12T10:40:56","guid":{"rendered":"https:\/\/www.heartfailurematters.org\/oorzaken-van-hartfalen-en-andere-veel-voorkomende-medische-aandoeningen\/obesitas-anorexia\/"},"modified":"2021-06-25T14:31:12","modified_gmt":"2021-06-25T13:31:12","slug":"obesitas-anorexia","status":"publish","type":"page","link":"https:\/\/www.heartfailurematters.org\/nl\/oorzaken-van-hartfalen-en-andere-veel-voorkomende-medische-aandoeningen\/obesitas-anorexia\/","title":{"rendered":"Obesitas, anorexia"},"content":{"rendered":"<p>Het is bekend dat overgewicht en obesitas het risico op hart- en vaatziekten verhogen, waaronder hartfalen. Daarom is het voorkomen van obesitas een algemeen aanvaarde aanbeveling voor de preventie van hartfalen. Gewichtsbeheersing bij pati\u00ebnten met hartfalen is echter gecompliceerder dan alleen maar het advies om af te vallen. Hier zijn drie redenen waarom het niet duidelijk is of pati\u00ebnten met hartfalen moeten afvallen of juist niet.<\/p>\n<ol>\n<li>Naarmate men ouder wordt, neemt het effect van zwaarlijvigheid op het sterfterisico af. Daarom wijst een hoger lichaamsgewicht bij de meeste pati\u00ebnten met hartfalen niet op een hoger risico om te overlijden.<\/li>\n<li>Er is overtuigend wetenschappelijk bewijs dat bij pati\u00ebnten met hartfalen de overlevingskansen het best (langst) zijn bij matig overgewicht (BMI 25-30 kg\/m2).<\/li>\n<li>Hartfalen wordt tegenwoordig gezien als een complexe ziekte die niet alleen gevolgen heeft voor het hart, maar voor het hele lichaam (met name de spieren), waarbij ook de stofwisseling verandert.<\/li>\n<\/ol>\n<p>Deze veranderingen in de stofwisseling zijn chemische processen in de lichaamscellen en leiden vaak tot een verlies van eetlust (anorexia) en dus tot een verminderde voedselinname. De stofwisseling van het lichaam verandert geleidelijk tijdens het ziektebeloop van hartfalen en sommige pati\u00ebnten in een vergevorderd stadium verliezen langzaam maar zeker gewicht. Als dergelijk ongewild gewichtsverlies optreedt bij pati\u00ebnten met hartfalen, is dat een waarschuwingssignaal dat wijst op een toenemende ernst van hun aandoening. Aanhoudend gewichtsverlies van meer dan 5% van het lichaamsgewicht wordt &#8216;hartcachexie&#8217; genoemd en gaat gepaard met een verergering van de symptomen, een slechtere levenskwaliteit en een slechtere prognose. Evenwichtige voeding in combinatie met regelmatige lichaamsbeweging is van belang voor een gezonde eetgewoonte.<\/p>\n<p>Gewichtsbeperkende maatregelen bij pati\u00ebnten met hartfalen moeten zorgvuldig worden opgevolgd en zijn voor elke pati\u00ebnt verschillend. Gewichtstoename kan er ook op wijzen dat bij hartfalen meer vocht wordt vastgehouden. Met name pati\u00ebnten die diuretica (plastabletten) gebruiken, moeten onverwachte veranderingen in gewicht met hun arts of verpleegkundige bespreken.<\/p>\n<p><a href=\"https:\/\/www.heartfailurematters.org\/heart-failure-causes-and-other-common-medical-conditions\/other-common-medical-conditions-and-heart-failure\/\">Terug naar Andere veel voorkomende medische aandoeningen en hartfalen<\/a><\/p>\n","protected":false},"excerpt":{"rendered":"<p>Het is bekend dat overgewicht en obesitas het risico op hart- en vaatziekten verhogen, waaronder hartfalen. Daarom is het voorkomen van obesitas een algemeen aanvaarde aanbeveling voor de preventie van hartfalen. Gewichtsbeheersing bij pati\u00ebnten met hartfalen is echter gecompliceerder dan alleen maar het advies om af te vallen. Hier zijn drie redenen waarom het niet [&hellip;]<\/p>\n","protected":false},"author":1,"featured_media":10807,"parent":8065,"menu_order":19,"comment_status":"closed","ping_status":"closed","template":"","meta":{"_acf_changed":false,"footnotes":""},"categories":[],"tags":[],"class_list":["post-8075","page","type-page","status-publish","has-post-thumbnail","hentry"],"acf":[],"yoast_head":"<!-- This site is optimized with the Yoast SEO plugin v24.8.1 - https:\/\/yoast.com\/wordpress\/plugins\/seo\/ -->\n<title>Obesitas, anorexia - Heart Failure Matters<\/title>\n<meta name=\"description\" content=\"Het is bekend dat overgewicht en obesitas het risico op hart- en vaatziekten verhogen, waaronder hartfalen.\" \/>\n<meta name=\"robots\" content=\"index, follow, max-snippet:-1, max-image-preview:large, max-video-preview:-1\" \/>\n<link rel=\"canonical\" href=\"https:\/\/www.heartfailurematters.org\/nl\/oorzaken-van-hartfalen-en-andere-veel-voorkomende-medische-aandoeningen\/obesitas-anorexia\/\" \/>\n<meta property=\"og:locale\" content=\"nl_NL\" \/>\n<meta property=\"og:type\" content=\"article\" \/>\n<meta property=\"og:title\" content=\"Obesitas, anorexia - Heart Failure Matters\" \/>\n<meta property=\"og:description\" content=\"Het is bekend dat overgewicht en obesitas het risico op hart- en vaatziekten verhogen, waaronder hartfalen.\" \/>\n<meta property=\"og:url\" content=\"https:\/\/www.heartfailurematters.org\/nl\/oorzaken-van-hartfalen-en-andere-veel-voorkomende-medische-aandoeningen\/obesitas-anorexia\/\" \/>\n<meta property=\"og:site_name\" content=\"Heart Failure Matters\" \/>\n<meta property=\"article:publisher\" content=\"https:\/\/www.facebook.com\/heartfailurematters\" \/>\n<meta property=\"article:modified_time\" content=\"2021-06-25T13:31:12+00:00\" \/>\n<meta property=\"og:image\" content=\"https:\/\/www.heartfailurematters.org\/wp-content\/uploads\/2022\/03\/shutterstock_133701917-1-min.jpg\" \/>\n\t<meta property=\"og:image:width\" content=\"900\" \/>\n\t<meta property=\"og:image:height\" content=\"773\" \/>\n\t<meta property=\"og:image:type\" content=\"image\/jpeg\" \/>\n<meta name=\"twitter:card\" content=\"summary_large_image\" \/>\n<meta name=\"twitter:label1\" content=\"Geschatte leestijd\" \/>\n\t<meta name=\"twitter:data1\" content=\"2 minuten\" \/>\n<script type=\"application\/ld+json\" class=\"yoast-schema-graph\">{\"@context\":\"https:\/\/schema.org\",\"@graph\":[{\"@type\":\"WebPage\",\"@id\":\"https:\/\/www.heartfailurematters.org\/nl\/oorzaken-van-hartfalen-en-andere-veel-voorkomende-medische-aandoeningen\/obesitas-anorexia\/\",\"url\":\"https:\/\/www.heartfailurematters.org\/nl\/oorzaken-van-hartfalen-en-andere-veel-voorkomende-medische-aandoeningen\/obesitas-anorexia\/\",\"name\":\"Obesitas, anorexia - Heart Failure Matters\",\"isPartOf\":{\"@id\":\"https:\/\/www.heartfailurematters.org\/nl\/#website\"},\"primaryImageOfPage\":{\"@id\":\"https:\/\/www.heartfailurematters.org\/nl\/oorzaken-van-hartfalen-en-andere-veel-voorkomende-medische-aandoeningen\/obesitas-anorexia\/#primaryimage\"},\"image\":{\"@id\":\"https:\/\/www.heartfailurematters.org\/nl\/oorzaken-van-hartfalen-en-andere-veel-voorkomende-medische-aandoeningen\/obesitas-anorexia\/#primaryimage\"},\"thumbnailUrl\":\"https:\/\/www.heartfailurematters.org\/wp-content\/uploads\/2022\/03\/shutterstock_133701917-1-min.jpg\",\"datePublished\":\"2021-04-12T10:40:56+00:00\",\"dateModified\":\"2021-06-25T13:31:12+00:00\",\"description\":\"Het is bekend dat overgewicht en obesitas het risico op hart- en vaatziekten verhogen, waaronder hartfalen.\",\"breadcrumb\":{\"@id\":\"https:\/\/www.heartfailurematters.org\/nl\/oorzaken-van-hartfalen-en-andere-veel-voorkomende-medische-aandoeningen\/obesitas-anorexia\/#breadcrumb\"},\"inLanguage\":\"nl-NL\",\"potentialAction\":[{\"@type\":\"ReadAction\",\"target\":[\"https:\/\/www.heartfailurematters.org\/nl\/oorzaken-van-hartfalen-en-andere-veel-voorkomende-medische-aandoeningen\/obesitas-anorexia\/\"]}]},{\"@type\":\"ImageObject\",\"inLanguage\":\"nl-NL\",\"@id\":\"https:\/\/www.heartfailurematters.org\/nl\/oorzaken-van-hartfalen-en-andere-veel-voorkomende-medische-aandoeningen\/obesitas-anorexia\/#primaryimage\",\"url\":\"https:\/\/www.heartfailurematters.org\/wp-content\/uploads\/2022\/03\/shutterstock_133701917-1-min.jpg\",\"contentUrl\":\"https:\/\/www.heartfailurematters.org\/wp-content\/uploads\/2022\/03\/shutterstock_133701917-1-min.jpg\",\"width\":900,\"height\":773},{\"@type\":\"BreadcrumbList\",\"@id\":\"https:\/\/www.heartfailurematters.org\/nl\/oorzaken-van-hartfalen-en-andere-veel-voorkomende-medische-aandoeningen\/obesitas-anorexia\/#breadcrumb\",\"itemListElement\":[{\"@type\":\"ListItem\",\"position\":1,\"name\":\"Homepagina\",\"item\":\"https:\/\/www.heartfailurematters.org\/nl\/\"},{\"@type\":\"ListItem\",\"position\":2,\"name\":\"Oorzaken van hartfalen en veel voorkomende medische aandoeningen\",\"item\":\"https:\/\/www.heartfailurematters.org\/nl\/oorzaken-van-hartfalen-en-andere-veel-voorkomende-medische-aandoeningen\/\"},{\"@type\":\"ListItem\",\"position\":3,\"name\":\"Obesitas, anorexia\"}]},{\"@type\":\"WebSite\",\"@id\":\"https:\/\/www.heartfailurematters.org\/nl\/#website\",\"url\":\"https:\/\/www.heartfailurematters.org\/nl\/\",\"name\":\"Heart Failure Matters\",\"description\":\"Practical information for patients, families and caregivers.\",\"publisher\":{\"@id\":\"https:\/\/www.heartfailurematters.org\/nl\/#organization\"},\"potentialAction\":[{\"@type\":\"SearchAction\",\"target\":{\"@type\":\"EntryPoint\",\"urlTemplate\":\"https:\/\/www.heartfailurematters.org\/nl\/?s={search_term_string}\"},\"query-input\":{\"@type\":\"PropertyValueSpecification\",\"valueRequired\":true,\"valueName\":\"search_term_string\"}}],\"inLanguage\":\"nl-NL\"},{\"@type\":\"Organization\",\"@id\":\"https:\/\/www.heartfailurematters.org\/nl\/#organization\",\"name\":\"Heart Failure Matters\",\"url\":\"https:\/\/www.heartfailurematters.org\/nl\/\",\"logo\":{\"@type\":\"ImageObject\",\"inLanguage\":\"nl-NL\",\"@id\":\"https:\/\/www.heartfailurematters.org\/nl\/#\/schema\/logo\/image\/\",\"url\":\"https:\/\/cdn-endpoint-hfm.azureedge.net\/heartfailurematters\/2024\/07\/hfm-logo1.jpg\",\"contentUrl\":\"https:\/\/cdn-endpoint-hfm.azureedge.net\/heartfailurematters\/2024\/07\/hfm-logo1.jpg\",\"width\":1280,\"height\":720,\"caption\":\"Heart Failure Matters\"},\"image\":{\"@id\":\"https:\/\/www.heartfailurematters.org\/nl\/#\/schema\/logo\/image\/\"},\"sameAs\":[\"https:\/\/www.facebook.com\/heartfailurematters\"]}]}<\/script>\n<!-- \/ Yoast SEO plugin. -->","yoast_head_json":{"title":"Obesitas, anorexia - Heart Failure Matters","description":"Het is bekend dat overgewicht en obesitas het risico op hart- en vaatziekten verhogen, waaronder hartfalen.","robots":{"index":"index","follow":"follow","max-snippet":"max-snippet:-1","max-image-preview":"max-image-preview:large","max-video-preview":"max-video-preview:-1"},"canonical":"https:\/\/www.heartfailurematters.org\/nl\/oorzaken-van-hartfalen-en-andere-veel-voorkomende-medische-aandoeningen\/obesitas-anorexia\/","og_locale":"nl_NL","og_type":"article","og_title":"Obesitas, anorexia - Heart Failure Matters","og_description":"Het is bekend dat overgewicht en obesitas het risico op hart- en vaatziekten verhogen, waaronder hartfalen.","og_url":"https:\/\/www.heartfailurematters.org\/nl\/oorzaken-van-hartfalen-en-andere-veel-voorkomende-medische-aandoeningen\/obesitas-anorexia\/","og_site_name":"Heart Failure Matters","article_publisher":"https:\/\/www.facebook.com\/heartfailurematters","article_modified_time":"2021-06-25T13:31:12+00:00","og_image":[{"width":900,"height":773,"url":"https:\/\/www.heartfailurematters.org\/wp-content\/uploads\/2022\/03\/shutterstock_133701917-1-min.jpg","type":"image\/jpeg"}],"twitter_card":"summary_large_image","twitter_misc":{"Geschatte leestijd":"2 minuten"},"schema":{"@context":"https:\/\/schema.org","@graph":[{"@type":"WebPage","@id":"https:\/\/www.heartfailurematters.org\/nl\/oorzaken-van-hartfalen-en-andere-veel-voorkomende-medische-aandoeningen\/obesitas-anorexia\/","url":"https:\/\/www.heartfailurematters.org\/nl\/oorzaken-van-hartfalen-en-andere-veel-voorkomende-medische-aandoeningen\/obesitas-anorexia\/","name":"Obesitas, anorexia - Heart Failure Matters","isPartOf":{"@id":"https:\/\/www.heartfailurematters.org\/nl\/#website"},"primaryImageOfPage":{"@id":"https:\/\/www.heartfailurematters.org\/nl\/oorzaken-van-hartfalen-en-andere-veel-voorkomende-medische-aandoeningen\/obesitas-anorexia\/#primaryimage"},"image":{"@id":"https:\/\/www.heartfailurematters.org\/nl\/oorzaken-van-hartfalen-en-andere-veel-voorkomende-medische-aandoeningen\/obesitas-anorexia\/#primaryimage"},"thumbnailUrl":"https:\/\/www.heartfailurematters.org\/wp-content\/uploads\/2022\/03\/shutterstock_133701917-1-min.jpg","datePublished":"2021-04-12T10:40:56+00:00","dateModified":"2021-06-25T13:31:12+00:00","description":"Het is bekend dat overgewicht en obesitas het risico op hart- en vaatziekten verhogen, waaronder hartfalen.","breadcrumb":{"@id":"https:\/\/www.heartfailurematters.org\/nl\/oorzaken-van-hartfalen-en-andere-veel-voorkomende-medische-aandoeningen\/obesitas-anorexia\/#breadcrumb"},"inLanguage":"nl-NL","potentialAction":[{"@type":"ReadAction","target":["https:\/\/www.heartfailurematters.org\/nl\/oorzaken-van-hartfalen-en-andere-veel-voorkomende-medische-aandoeningen\/obesitas-anorexia\/"]}]},{"@type":"ImageObject","inLanguage":"nl-NL","@id":"https:\/\/www.heartfailurematters.org\/nl\/oorzaken-van-hartfalen-en-andere-veel-voorkomende-medische-aandoeningen\/obesitas-anorexia\/#primaryimage","url":"https:\/\/www.heartfailurematters.org\/wp-content\/uploads\/2022\/03\/shutterstock_133701917-1-min.jpg","contentUrl":"https:\/\/www.heartfailurematters.org\/wp-content\/uploads\/2022\/03\/shutterstock_133701917-1-min.jpg","width":900,"height":773},{"@type":"BreadcrumbList","@id":"https:\/\/www.heartfailurematters.org\/nl\/oorzaken-van-hartfalen-en-andere-veel-voorkomende-medische-aandoeningen\/obesitas-anorexia\/#breadcrumb","itemListElement":[{"@type":"ListItem","position":1,"name":"Homepagina","item":"https:\/\/www.heartfailurematters.org\/nl\/"},{"@type":"ListItem","position":2,"name":"Oorzaken van hartfalen en veel voorkomende medische aandoeningen","item":"https:\/\/www.heartfailurematters.org\/nl\/oorzaken-van-hartfalen-en-andere-veel-voorkomende-medische-aandoeningen\/"},{"@type":"ListItem","position":3,"name":"Obesitas, anorexia"}]},{"@type":"WebSite","@id":"https:\/\/www.heartfailurematters.org\/nl\/#website","url":"https:\/\/www.heartfailurematters.org\/nl\/","name":"Heart Failure Matters","description":"Practical information for patients, families and caregivers.","publisher":{"@id":"https:\/\/www.heartfailurematters.org\/nl\/#organization"},"potentialAction":[{"@type":"SearchAction","target":{"@type":"EntryPoint","urlTemplate":"https:\/\/www.heartfailurematters.org\/nl\/?s={search_term_string}"},"query-input":{"@type":"PropertyValueSpecification","valueRequired":true,"valueName":"search_term_string"}}],"inLanguage":"nl-NL"},{"@type":"Organization","@id":"https:\/\/www.heartfailurematters.org\/nl\/#organization","name":"Heart Failure Matters","url":"https:\/\/www.heartfailurematters.org\/nl\/","logo":{"@type":"ImageObject","inLanguage":"nl-NL","@id":"https:\/\/www.heartfailurematters.org\/nl\/#\/schema\/logo\/image\/","url":"https:\/\/cdn-endpoint-hfm.azureedge.net\/heartfailurematters\/2024\/07\/hfm-logo1.jpg","contentUrl":"https:\/\/cdn-endpoint-hfm.azureedge.net\/heartfailurematters\/2024\/07\/hfm-logo1.jpg","width":1280,"height":720,"caption":"Heart Failure Matters"},"image":{"@id":"https:\/\/www.heartfailurematters.org\/nl\/#\/schema\/logo\/image\/"},"sameAs":["https:\/\/www.facebook.com\/heartfailurematters"]}]}},"_links":{"self":[{"href":"https:\/\/www.heartfailurematters.org\/nl\/wp-json\/wp\/v2\/pages\/8075","targetHints":{"allow":["GET"]}}],"collection":[{"href":"https:\/\/www.heartfailurematters.org\/nl\/wp-json\/wp\/v2\/pages"}],"about":[{"href":"https:\/\/www.heartfailurematters.org\/nl\/wp-json\/wp\/v2\/types\/page"}],"author":[{"embeddable":true,"href":"https:\/\/www.heartfailurematters.org\/nl\/wp-json\/wp\/v2\/users\/1"}],"replies":[{"embeddable":true,"href":"https:\/\/www.heartfailurematters.org\/nl\/wp-json\/wp\/v2\/comments?post=8075"}],"version-history":[{"count":1,"href":"https:\/\/www.heartfailurematters.org\/nl\/wp-json\/wp\/v2\/pages\/8075\/revisions"}],"predecessor-version":[{"id":9171,"href":"https:\/\/www.heartfailurematters.org\/nl\/wp-json\/wp\/v2\/pages\/8075\/revisions\/9171"}],"up":[{"embeddable":true,"href":"https:\/\/www.heartfailurematters.org\/nl\/wp-json\/wp\/v2\/pages\/8065"}],"wp:featuredmedia":[{"embeddable":true,"href":"https:\/\/www.heartfailurematters.org\/nl\/wp-json\/wp\/v2\/media\/10807"}],"wp:attachment":[{"href":"https:\/\/www.heartfailurematters.org\/nl\/wp-json\/wp\/v2\/media?parent=8075"}],"wp:term":[{"taxonomy":"category","embeddable":true,"href":"https:\/\/www.heartfailurematters.org\/nl\/wp-json\/wp\/v2\/categories?post=8075"},{"taxonomy":"post_tag","embeddable":true,"href":"https:\/\/www.heartfailurematters.org\/nl\/wp-json\/wp\/v2\/tags?post=8075"}],"curies":[{"name":"wp","href":"https:\/\/api.w.org\/{rel}","templated":true}]}}