{"id":3368,"date":"2021-01-29T17:52:50","date_gmt":"2021-01-29T17:52:50","guid":{"rendered":"https:\/\/www.heartfailurematters.org\/betablokkers\/"},"modified":"2022-01-20T14:27:58","modified_gmt":"2022-01-20T14:27:58","slug":"betablokkers","status":"publish","type":"page","link":"https:\/\/www.heartfailurematters.org\/nl\/wat-uw-arts-of-verpleegkundige-kan-doen\/betablokkers\/","title":{"rendered":"B\u00e8tablokkers"},"content":{"rendered":"<h2>Wat doen ze<\/h2>\n<p>Wanneer uw hart niet zo goed pompt als het zou moeten, zal uw lichaam dit proberen te compenseren door productie van <a class=\"addtooltip\" title=\"Een hormoon dat ten tijde van stress wordt geproduceerd en de hartslag, bloedcirculatie en andere lichaamsfuncties be\u00efnvloedt.\"><strong>adrenaline<\/strong><\/a> en noradrenaline, <a class=\"addtooltip\" title=\"Lichaamsstoffen die door klieren in het lichaam in het bloed worden vrijgegeven en die essenti\u00eble lichaamsfuncties regelen.;\"> <strong>hormonen<\/strong><\/a> die ervoor zorgen dat het hart sneller klopt en de bloeddruk hoger wordt. Als dit effect lang aanhoudt, kan dit schadelijke gevolgen hebben voor het hart, zeker indien dat hart toch al moeite heeft om effectief te werken. <a class=\"addtooltip\" title=\"Een klasse van geneesmiddelen die worden gebruikt om uw hartslag te vertragen of uw bloeddruk te verlagen.\"><strong>B\u00e8tablokkers<\/strong><\/a> zorgen dat uw hart langzamer klopt en dat de bloeddruk lager wordt. Zo beschermen ze uw hart tegen de schadelijke effecten van <a class=\"addtooltip\" title=\" Een hormoon dat ten tijde van stress wordt geproduceerd en de hartslag, bloedcirculatie en andere lichaamsfuncties be\u00efnvloedt.\"><strong>adrenaline<\/strong><\/a> en <a class=\"addtooltip\" title=\"Een hormoon dat ten tijde van stress wordt geproduceerd en de hartslag, bloedcirculatie en andere lichaamsfuncties be\u00efnvloedt.\"><strong>noradrenaline.<\/strong><\/a><\/p>\n<p><a class=\"addtooltip\" title=\"Een klasse van geneesmiddelen die worden gebruikt om uw hartslag te vertragen of uw bloeddruk te verlagen.\"><strong>B\u00e8tablokkers<\/strong><\/a> spelen een belangrijke rol bij de behandeling van hartfalen. Mensen met matig tot ernstig hartfalen moeten echter met een lage dosis starten, waarna deze langzaam wordt verhoogd. Geleidelijke ophoging van de dosering is nodig omdat mensen gedurende de eerste weken van de behandeling met b\u00e8tablokkers anders een tijdelijke toename van de klachten kunnen krijgen.<\/p>\n<h2>Wat zijn de verwachte voordelen?<\/h2>\n<p>Van b\u00e8tablokkers is aangetoond dat ze het aantal aan hartfalen gerelateerde ziekenhuisopnames beperken, de levensduur verlengen en de inspanningstolerantie en kwaliteit van leven verbeteren.<\/p>\n<h2><strong>Bijwerkingen<\/strong><\/h2>\n<p>Aangezien <a class=\"addtooltip\" title=\"Een klasse van geneesmiddelen die worden gebruikt om uw hartslag te vertragen of uw bloeddruk te verlagen.\"><strong>b\u00e8tablokkers<\/strong><\/a> de hartslag vertragen, kunnen ze ook uw tolerantie voor inspanning (inspanningscapaciteit) tijdelijk verminderen. Dit betekent dat u dan minder goed erg inspannende lichamelijke activiteit aankunt zonder vermoeid te raken. Dit effect verdwijnt doorgaans en vervolgens kan uw arts de dosis geleidelijk verder verhogen.<\/p>\n<p>Soms kunnen uw handen en uw voeten door het gebruik van <a class=\"addtooltip\" title=\"Een klasse van geneesmiddelen die worden gebruikt om uw hartslag te vertragen of uw bloeddruk te verlagen.\"><strong>b\u00e8tablokkers<\/a><\/strong> kouwelijk zijn.<\/p>\n<p>B\u00e8tablokkers kunnen ook tot verergering van <a class=\"addtooltip\" title=\"Een luchtwegaandoening die vernauwing van de grote luchtwegen veroorzaakt, waardoor vooral het uitademen bemoeilijkt wordt.\"><strong>astma<\/strong><\/a> leiden. Laat het uw arts dus vooral weten als u aan astma lijdt.<\/p>\n<p>Soms ontstaat er een depressie als gevolg van de behandeling met b\u00e8tablokkers. Bespreek eventuele symptomen die u ondervindt met uw arts of verpleegkundige.<\/p>\n<h2><strong>De beste tips<\/strong><\/h2>\n<p>In eerste instantie kunt u zich bij gebruik van b\u00e8tablokkers duizelig en moe voelen, aangezien deze uw bloeddruk en hartslag verlagen. Pati\u00ebnten die beginnen met een b\u00e8tablokkerbehandeling wordt aangeraden: \u201cbegin laag en verhoog traag\u201d. Het kan enkele weken duren voordat u zich beter voelt nadat u met het innemen van een b\u00e8tablokker bent begonnen. Voelt u zich na enkele weken nog steeds duizelig, neem dan contact op met uw arts of verpleegkundige om te controleren of u de juiste dosering krijgt.<\/p>\n<p>Het is nuttig om dagelijks uw gewicht bij te houden en contact met uw arts of verpleegkundige op te nemen wanneer zich grote veranderingen voordoen.<\/p>\n<p>Neem contact op met uw arts als u zich kortademig voelt of een piepende ademhaling heeft, aangezien dit mogelijk komt door onderliggende symptomen van <a class=\"addtooltip\" title=\"Een luchtwegaandoening die vernauwing van de grote luchtwegen veroorzaakt, waardoor vooral het uitademen bemoeilijkt wordt.\"><strong>astma<\/strong><\/a>.<\/p>\n<p>Het is belangrijk dat u niet plotseling stopt met het innemen van uw <a class=\"addtooltip\" title=\"Een klasse van geneesmiddelen die worden gebruikt om uw hartslag te vertragen of uw bloeddruk te verlagen.\"><strong>b\u00e8tablokkers<\/strong><\/a>. Elke dosisverlaging of het stoppen met de behandeling dient in overleg met de arts te gebeuren.<\/p>\n<h2>Staan tevens bekend als:<\/h2>\n<ul>\n<li><strong>Acebutolol<br \/>\n<\/strong>(Sectral\u00ae, Prent\u00ae)<\/li>\n<li><strong>Atenolol<\/strong><br \/>\n(Atenix\u00ae, Tenormin\u00ae)<\/li>\n<li><strong>Bisoprolol<br \/>\n<\/strong>(Soloc\u00ae, Vivacor\u00ae, Cardicor\u00ae, Emcor\u00ae, Concor\u00ae)<\/li>\n<li><strong>Carvedilol<\/strong><br \/>\n(Eucardic\u00ae, Coreg\u00ae)<\/li>\n<li><strong>Celiprolol<br \/>\n<\/strong>(Celectol\u00ae)<\/li>\n<li><strong>Labetalol<br \/>\n<\/strong>(Normodyne\u00ae, Trandate\u00ae, Normozyde\u00ae)<\/li>\n<li><strong>Metoprolol<br \/>\n<\/strong>(Betaloc\u00ae, Betaloc SA\u00ae, Lopressor\u00ae, Lopressor LA\u00ae, Toprol XL\u00ae)<\/li>\n<li><strong>Nadolol<br \/>\n<\/strong>(Corgard\u00ae)<\/li>\n<li><strong>Nebivolol<br \/>\n<\/strong>(Nebilet\u00ae)<\/li>\n<li><strong>Oxprenolol<br \/>\n<\/strong>(Trasicor\u00ae, Slow-Trasicor\u00ae)<\/li>\n<li><strong>Pindolol<\/strong><br \/>\n(Visken\u00ae)<\/li>\n<li><strong>Propanolol<br \/>\n<\/strong>(Angilol\u00ae, Syprol\u00ae, Bedranol SR\u00ae, Beta Prograne\u00ae,\u00a0Slo-Pro\u00ae, Inderal\u00ae, Half-Inderal LA\u00ae, Inderal-LA\u00ae)<\/li>\n<li><strong>Sotalol<\/strong><br \/>\n(Beta-Cardone\u00ae, Sotocor\u00ae)<\/li>\n<li><strong>Timolol<br \/>\n<\/strong>(Betim\u00ae)<\/li>\n<li><strong>Combinatieproducten<\/strong><br \/>\n(Co-tenidone\u00ae,\u00a0Kalten\u00ae, Tenoret\u00ae, Tenoretic\u00ae,\u00a0 Viskaldix\u00ae, Prestim\u00ae, Beta-Adalat\u00ae, Tenif\u00ae)<\/li>\n<\/ul>\n<p><a href=\"https:\/\/www.heartfailurematters.org\/nl\/wat-uw-arts-of-verpleegkundige-kan-doen\/medicijnen-voor-hartfalen\/\">Terug naar Medicijnen bij hartfalen<\/a><\/p>\n","protected":false},"excerpt":{"rendered":"<p>Wat doen ze Wanneer uw hart niet zo goed pompt als het zou moeten, zal uw lichaam dit proberen te compenseren door productie van adrenaline en noradrenaline, hormonen die ervoor zorgen dat het hart sneller klopt en de bloeddruk hoger wordt. Als dit effect lang aanhoudt, kan dit schadelijke gevolgen hebben voor het hart, zeker [&hellip;]<\/p>\n","protected":false},"author":1,"featured_media":10867,"parent":2678,"menu_order":0,"comment_status":"open","ping_status":"open","template":"","meta":{"_acf_changed":false,"footnotes":""},"categories":[],"tags":[],"class_list":["post-3368","page","type-page","status-publish","has-post-thumbnail","hentry"],"acf":[],"yoast_head":"<!-- This site is optimized with the Yoast SEO plugin v24.8.1 - https:\/\/yoast.com\/wordpress\/plugins\/seo\/ -->\n<title>B\u00e8tablokkers - Heart Failure Matters<\/title>\n<meta name=\"description\" content=\"B\u00e8tablokkers voor hartfalen: ontdek wat het zijn, hoe ze kunnen helpen en wat de mogelijke bijwerkingen zijn\" \/>\n<meta name=\"robots\" content=\"index, follow, max-snippet:-1, max-image-preview:large, max-video-preview:-1\" \/>\n<link rel=\"canonical\" href=\"https:\/\/www.heartfailurematters.org\/nl\/wat-uw-arts-of-verpleegkundige-kan-doen\/betablokkers\/\" \/>\n<meta property=\"og:locale\" content=\"nl_NL\" \/>\n<meta property=\"og:type\" content=\"article\" \/>\n<meta property=\"og:title\" content=\"B\u00e8tablokkers - Heart Failure Matters\" \/>\n<meta property=\"og:description\" content=\"B\u00e8tablokkers voor hartfalen: ontdek wat het zijn, hoe ze kunnen helpen en wat de mogelijke bijwerkingen zijn\" \/>\n<meta property=\"og:url\" content=\"https:\/\/www.heartfailurematters.org\/nl\/wat-uw-arts-of-verpleegkundige-kan-doen\/betablokkers\/\" \/>\n<meta property=\"og:site_name\" content=\"Heart Failure Matters\" \/>\n<meta property=\"article:publisher\" content=\"https:\/\/www.facebook.com\/heartfailurematters\" \/>\n<meta property=\"article:modified_time\" content=\"2022-01-20T14:27:58+00:00\" \/>\n<meta property=\"og:image\" content=\"https:\/\/www.heartfailurematters.org\/wp-content\/uploads\/2022\/03\/shutterstock_441673426-1-min.jpg\" \/>\n\t<meta property=\"og:image:width\" content=\"900\" \/>\n\t<meta property=\"og:image:height\" content=\"596\" \/>\n\t<meta property=\"og:image:type\" content=\"image\/jpeg\" \/>\n<meta name=\"twitter:card\" content=\"summary_large_image\" \/>\n<meta name=\"twitter:label1\" content=\"Geschatte leestijd\" \/>\n\t<meta name=\"twitter:data1\" content=\"3 minuten\" \/>\n<script type=\"application\/ld+json\" class=\"yoast-schema-graph\">{\"@context\":\"https:\/\/schema.org\",\"@graph\":[{\"@type\":\"WebPage\",\"@id\":\"https:\/\/www.heartfailurematters.org\/nl\/wat-uw-arts-of-verpleegkundige-kan-doen\/betablokkers\/\",\"url\":\"https:\/\/www.heartfailurematters.org\/nl\/wat-uw-arts-of-verpleegkundige-kan-doen\/betablokkers\/\",\"name\":\"B\u00e8tablokkers - Heart Failure Matters\",\"isPartOf\":{\"@id\":\"https:\/\/www.heartfailurematters.org\/nl\/#website\"},\"primaryImageOfPage\":{\"@id\":\"https:\/\/www.heartfailurematters.org\/nl\/wat-uw-arts-of-verpleegkundige-kan-doen\/betablokkers\/#primaryimage\"},\"image\":{\"@id\":\"https:\/\/www.heartfailurematters.org\/nl\/wat-uw-arts-of-verpleegkundige-kan-doen\/betablokkers\/#primaryimage\"},\"thumbnailUrl\":\"https:\/\/www.heartfailurematters.org\/wp-content\/uploads\/2022\/03\/shutterstock_441673426-1-min.jpg\",\"datePublished\":\"2021-01-29T17:52:50+00:00\",\"dateModified\":\"2022-01-20T14:27:58+00:00\",\"description\":\"B\u00e8tablokkers voor hartfalen: ontdek wat het zijn, hoe ze kunnen helpen en wat de mogelijke bijwerkingen zijn\",\"breadcrumb\":{\"@id\":\"https:\/\/www.heartfailurematters.org\/nl\/wat-uw-arts-of-verpleegkundige-kan-doen\/betablokkers\/#breadcrumb\"},\"inLanguage\":\"nl-NL\",\"potentialAction\":[{\"@type\":\"ReadAction\",\"target\":[\"https:\/\/www.heartfailurematters.org\/nl\/wat-uw-arts-of-verpleegkundige-kan-doen\/betablokkers\/\"]}]},{\"@type\":\"ImageObject\",\"inLanguage\":\"nl-NL\",\"@id\":\"https:\/\/www.heartfailurematters.org\/nl\/wat-uw-arts-of-verpleegkundige-kan-doen\/betablokkers\/#primaryimage\",\"url\":\"https:\/\/www.heartfailurematters.org\/wp-content\/uploads\/2022\/03\/shutterstock_441673426-1-min.jpg\",\"contentUrl\":\"https:\/\/www.heartfailurematters.org\/wp-content\/uploads\/2022\/03\/shutterstock_441673426-1-min.jpg\",\"width\":900,\"height\":596},{\"@type\":\"BreadcrumbList\",\"@id\":\"https:\/\/www.heartfailurematters.org\/nl\/wat-uw-arts-of-verpleegkundige-kan-doen\/betablokkers\/#breadcrumb\",\"itemListElement\":[{\"@type\":\"ListItem\",\"position\":1,\"name\":\"Homepagina\",\"item\":\"https:\/\/www.heartfailurematters.org\/nl\/\"},{\"@type\":\"ListItem\",\"position\":2,\"name\":\"Wat uw artsen kunnen doen\",\"item\":\"https:\/\/www.heartfailurematters.org\/nl\/wat-uw-arts-of-verpleegkundige-kan-doen\/\"},{\"@type\":\"ListItem\",\"position\":3,\"name\":\"B\u00e8tablokkers\"}]},{\"@type\":\"WebSite\",\"@id\":\"https:\/\/www.heartfailurematters.org\/nl\/#website\",\"url\":\"https:\/\/www.heartfailurematters.org\/nl\/\",\"name\":\"Heart Failure Matters\",\"description\":\"Practical information for patients, families and caregivers.\",\"publisher\":{\"@id\":\"https:\/\/www.heartfailurematters.org\/nl\/#organization\"},\"potentialAction\":[{\"@type\":\"SearchAction\",\"target\":{\"@type\":\"EntryPoint\",\"urlTemplate\":\"https:\/\/www.heartfailurematters.org\/nl\/?s={search_term_string}\"},\"query-input\":{\"@type\":\"PropertyValueSpecification\",\"valueRequired\":true,\"valueName\":\"search_term_string\"}}],\"inLanguage\":\"nl-NL\"},{\"@type\":\"Organization\",\"@id\":\"https:\/\/www.heartfailurematters.org\/nl\/#organization\",\"name\":\"Heart Failure Matters\",\"url\":\"https:\/\/www.heartfailurematters.org\/nl\/\",\"logo\":{\"@type\":\"ImageObject\",\"inLanguage\":\"nl-NL\",\"@id\":\"https:\/\/www.heartfailurematters.org\/nl\/#\/schema\/logo\/image\/\",\"url\":\"https:\/\/cdn-endpoint-hfm.azureedge.net\/heartfailurematters\/2024\/07\/hfm-logo1.jpg\",\"contentUrl\":\"https:\/\/cdn-endpoint-hfm.azureedge.net\/heartfailurematters\/2024\/07\/hfm-logo1.jpg\",\"width\":1280,\"height\":720,\"caption\":\"Heart Failure Matters\"},\"image\":{\"@id\":\"https:\/\/www.heartfailurematters.org\/nl\/#\/schema\/logo\/image\/\"},\"sameAs\":[\"https:\/\/www.facebook.com\/heartfailurematters\"]}]}<\/script>\n<!-- \/ Yoast SEO plugin. -->","yoast_head_json":{"title":"B\u00e8tablokkers - Heart Failure Matters","description":"B\u00e8tablokkers voor hartfalen: ontdek wat het zijn, hoe ze kunnen helpen en wat de mogelijke bijwerkingen zijn","robots":{"index":"index","follow":"follow","max-snippet":"max-snippet:-1","max-image-preview":"max-image-preview:large","max-video-preview":"max-video-preview:-1"},"canonical":"https:\/\/www.heartfailurematters.org\/nl\/wat-uw-arts-of-verpleegkundige-kan-doen\/betablokkers\/","og_locale":"nl_NL","og_type":"article","og_title":"B\u00e8tablokkers - Heart Failure Matters","og_description":"B\u00e8tablokkers voor hartfalen: ontdek wat het zijn, hoe ze kunnen helpen en wat de mogelijke bijwerkingen zijn","og_url":"https:\/\/www.heartfailurematters.org\/nl\/wat-uw-arts-of-verpleegkundige-kan-doen\/betablokkers\/","og_site_name":"Heart Failure Matters","article_publisher":"https:\/\/www.facebook.com\/heartfailurematters","article_modified_time":"2022-01-20T14:27:58+00:00","og_image":[{"width":900,"height":596,"url":"https:\/\/www.heartfailurematters.org\/wp-content\/uploads\/2022\/03\/shutterstock_441673426-1-min.jpg","type":"image\/jpeg"}],"twitter_card":"summary_large_image","twitter_misc":{"Geschatte leestijd":"3 minuten"},"schema":{"@context":"https:\/\/schema.org","@graph":[{"@type":"WebPage","@id":"https:\/\/www.heartfailurematters.org\/nl\/wat-uw-arts-of-verpleegkundige-kan-doen\/betablokkers\/","url":"https:\/\/www.heartfailurematters.org\/nl\/wat-uw-arts-of-verpleegkundige-kan-doen\/betablokkers\/","name":"B\u00e8tablokkers - Heart Failure Matters","isPartOf":{"@id":"https:\/\/www.heartfailurematters.org\/nl\/#website"},"primaryImageOfPage":{"@id":"https:\/\/www.heartfailurematters.org\/nl\/wat-uw-arts-of-verpleegkundige-kan-doen\/betablokkers\/#primaryimage"},"image":{"@id":"https:\/\/www.heartfailurematters.org\/nl\/wat-uw-arts-of-verpleegkundige-kan-doen\/betablokkers\/#primaryimage"},"thumbnailUrl":"https:\/\/www.heartfailurematters.org\/wp-content\/uploads\/2022\/03\/shutterstock_441673426-1-min.jpg","datePublished":"2021-01-29T17:52:50+00:00","dateModified":"2022-01-20T14:27:58+00:00","description":"B\u00e8tablokkers voor hartfalen: ontdek wat het zijn, hoe ze kunnen helpen en wat de mogelijke bijwerkingen zijn","breadcrumb":{"@id":"https:\/\/www.heartfailurematters.org\/nl\/wat-uw-arts-of-verpleegkundige-kan-doen\/betablokkers\/#breadcrumb"},"inLanguage":"nl-NL","potentialAction":[{"@type":"ReadAction","target":["https:\/\/www.heartfailurematters.org\/nl\/wat-uw-arts-of-verpleegkundige-kan-doen\/betablokkers\/"]}]},{"@type":"ImageObject","inLanguage":"nl-NL","@id":"https:\/\/www.heartfailurematters.org\/nl\/wat-uw-arts-of-verpleegkundige-kan-doen\/betablokkers\/#primaryimage","url":"https:\/\/www.heartfailurematters.org\/wp-content\/uploads\/2022\/03\/shutterstock_441673426-1-min.jpg","contentUrl":"https:\/\/www.heartfailurematters.org\/wp-content\/uploads\/2022\/03\/shutterstock_441673426-1-min.jpg","width":900,"height":596},{"@type":"BreadcrumbList","@id":"https:\/\/www.heartfailurematters.org\/nl\/wat-uw-arts-of-verpleegkundige-kan-doen\/betablokkers\/#breadcrumb","itemListElement":[{"@type":"ListItem","position":1,"name":"Homepagina","item":"https:\/\/www.heartfailurematters.org\/nl\/"},{"@type":"ListItem","position":2,"name":"Wat uw artsen kunnen doen","item":"https:\/\/www.heartfailurematters.org\/nl\/wat-uw-arts-of-verpleegkundige-kan-doen\/"},{"@type":"ListItem","position":3,"name":"B\u00e8tablokkers"}]},{"@type":"WebSite","@id":"https:\/\/www.heartfailurematters.org\/nl\/#website","url":"https:\/\/www.heartfailurematters.org\/nl\/","name":"Heart Failure Matters","description":"Practical information for patients, families and caregivers.","publisher":{"@id":"https:\/\/www.heartfailurematters.org\/nl\/#organization"},"potentialAction":[{"@type":"SearchAction","target":{"@type":"EntryPoint","urlTemplate":"https:\/\/www.heartfailurematters.org\/nl\/?s={search_term_string}"},"query-input":{"@type":"PropertyValueSpecification","valueRequired":true,"valueName":"search_term_string"}}],"inLanguage":"nl-NL"},{"@type":"Organization","@id":"https:\/\/www.heartfailurematters.org\/nl\/#organization","name":"Heart Failure Matters","url":"https:\/\/www.heartfailurematters.org\/nl\/","logo":{"@type":"ImageObject","inLanguage":"nl-NL","@id":"https:\/\/www.heartfailurematters.org\/nl\/#\/schema\/logo\/image\/","url":"https:\/\/cdn-endpoint-hfm.azureedge.net\/heartfailurematters\/2024\/07\/hfm-logo1.jpg","contentUrl":"https:\/\/cdn-endpoint-hfm.azureedge.net\/heartfailurematters\/2024\/07\/hfm-logo1.jpg","width":1280,"height":720,"caption":"Heart Failure Matters"},"image":{"@id":"https:\/\/www.heartfailurematters.org\/nl\/#\/schema\/logo\/image\/"},"sameAs":["https:\/\/www.facebook.com\/heartfailurematters"]}]}},"_links":{"self":[{"href":"https:\/\/www.heartfailurematters.org\/nl\/wp-json\/wp\/v2\/pages\/3368","targetHints":{"allow":["GET"]}}],"collection":[{"href":"https:\/\/www.heartfailurematters.org\/nl\/wp-json\/wp\/v2\/pages"}],"about":[{"href":"https:\/\/www.heartfailurematters.org\/nl\/wp-json\/wp\/v2\/types\/page"}],"author":[{"embeddable":true,"href":"https:\/\/www.heartfailurematters.org\/nl\/wp-json\/wp\/v2\/users\/1"}],"replies":[{"embeddable":true,"href":"https:\/\/www.heartfailurematters.org\/nl\/wp-json\/wp\/v2\/comments?post=3368"}],"version-history":[{"count":3,"href":"https:\/\/www.heartfailurematters.org\/nl\/wp-json\/wp\/v2\/pages\/3368\/revisions"}],"predecessor-version":[{"id":10298,"href":"https:\/\/www.heartfailurematters.org\/nl\/wp-json\/wp\/v2\/pages\/3368\/revisions\/10298"}],"up":[{"embeddable":true,"href":"https:\/\/www.heartfailurematters.org\/nl\/wp-json\/wp\/v2\/pages\/2678"}],"wp:featuredmedia":[{"embeddable":true,"href":"https:\/\/www.heartfailurematters.org\/nl\/wp-json\/wp\/v2\/media\/10867"}],"wp:attachment":[{"href":"https:\/\/www.heartfailurematters.org\/nl\/wp-json\/wp\/v2\/media?parent=3368"}],"wp:term":[{"taxonomy":"category","embeddable":true,"href":"https:\/\/www.heartfailurematters.org\/nl\/wp-json\/wp\/v2\/categories?post=3368"},{"taxonomy":"post_tag","embeddable":true,"href":"https:\/\/www.heartfailurematters.org\/nl\/wp-json\/wp\/v2\/tags?post=3368"}],"curies":[{"name":"wp","href":"https:\/\/api.w.org\/{rel}","templated":true}]}}