{"id":3334,"date":"2021-01-29T17:52:10","date_gmt":"2021-01-29T17:52:10","guid":{"rendered":"https:\/\/www.heartfailurematters.org\/handige-links\/"},"modified":"2026-03-17T10:22:04","modified_gmt":"2026-03-17T10:22:04","slug":"handige-links","status":"publish","type":"page","link":"https:\/\/www.heartfailurematters.org\/nl\/handige-links\/","title":{"rendered":"Handige links"},"content":{"rendered":"<p><strong>Nationale soci\u00ebteiten<\/strong><\/p>\n<p><a href=\"http:\/\/www.atcardio.at\/\" target=\"_blank\" rel=\"noopener\" shape=\"rect\">Oostenrijkse Soci\u00ebteit voor Cardiologie<\/a><br \/>\n<a href=\"http:\/\/www.liguecardiologique.be\/\" target=\"_blank\" rel=\"noopener\" shape=\"rect\">Belgische Cardiologische Liga<\/a><br \/>\n<a href=\"http:\/\/www.bscardio.be\/Generic\/jsp\/index.jsp\" target=\"_blank\" rel=\"noopener\" shape=\"rect\">Belgische Soci\u00ebteit voor Cardiologie<\/a><br \/>\n<a href=\"http:\/\/www.ukbih.com\/\" target=\"_blank\" rel=\"noopener\" shape=\"rect\">Associatie van Cardiologen van Bosnia &amp; Herzegovina<\/a><br \/>\n<a href=\"http:\/\/www.bcs.com\/pages\/default.asp\" target=\"_blank\" rel=\"noopener\" shape=\"rect\">Britse Soci\u00ebteit voor Hartfalen<\/a><br \/>\n<a href=\"http:\/\/www.cardiobg.com\/\" target=\"_blank\" rel=\"noopener\" shape=\"rect\">Bulgaarse Soci\u00ebteit voor Cardiologie<\/a><br \/>\n<a href=\"http:\/\/www.kardio.hr\/\" target=\"_blank\" rel=\"noopener\" shape=\"rect\">Croatische Cardiale Soci\u00ebteit<\/a><br \/>\n<a href=\"http:\/\/www.heartfoundation.org.cy\/\" target=\"_blank\" rel=\"noopener\" shape=\"rect\">Cyprische Hartstichting<\/a><br \/>\n<a href=\"http:\/\/www.cardio.cz\/\" target=\"_blank\" rel=\"noopener\" shape=\"rect\">Tsjechische Soci\u00ebteit voor Cardiologie<\/a><br \/>\n<a href=\"http:\/\/www.hjerteforeningen.dk\/sw175.asp\" target=\"_blank\" rel=\"noopener\" shape=\"rect\">Deense Hartstichting<\/a><br \/>\n<a href=\"http:\/\/www.cardio.dk\/\" target=\"_blank\" rel=\"noopener\" shape=\"rect\">Deense Cardiale Soci\u00ebteit<\/a><br \/>\n<a href=\"http:\/\/www.eks.kliinikum.ee\/\" target=\"_blank\" rel=\"noopener\" shape=\"rect\">Estlandse Cardiale Soci\u00ebteit<\/a><br \/>\n<a href=\"http:\/\/www.fincardio.fi\/\" target=\"_blank\" rel=\"noopener\" shape=\"rect\">Finse Cardiale Soci\u00ebteit<\/a><br \/>\n<a href=\"http:\/\/www.sydanliitto.fi\/\" target=\"_blank\" rel=\"noopener\" shape=\"rect\">Finse Hart Associatie<\/a><br \/>\n<a href=\"http:\/\/www.cardio-sfc.org\/\" target=\"_blank\" rel=\"noopener\" shape=\"rect\">Franse Soci\u00ebteit voor Cardiologie<\/a><br \/>\n<a href=\"http:\/\/www.dgk.org\/\" target=\"_blank\" rel=\"noopener\" shape=\"rect\">Duitse Cardiale Soci\u00ebteit<\/a><br \/>\n<a href=\"http:\/\/www.herzstiftung.de\/\" target=\"_blank\" rel=\"noopener\" shape=\"rect\">Duitse Hartstichting<\/a><br \/>\n<a href=\"http:\/\/www.hcs.gr\/\" target=\"_blank\" rel=\"noopener\" shape=\"rect\">Hellenic Cardiological Society<\/a><br \/>\n<a href=\"http:\/\/www.mnsza.hu\/\" target=\"_blank\" rel=\"noopener\" shape=\"rect\">Hongaarse Nationale Hartstichting<\/a><br \/>\n<a href=\"http:\/\/www.hjarta.is\/\" target=\"_blank\" rel=\"noopener\" shape=\"rect\">IJslandse Hart Associatie<\/a><br \/>\n<a href=\"http:\/\/www.irishcardiacsociety.com\/\" target=\"_blank\" rel=\"noopener\" shape=\"rect\">Ierse Cardiale Soci\u00ebteit<\/a><br \/>\n<a href=\"http:\/\/www.irishheart.ie\/\" target=\"_blank\" rel=\"noopener\" shape=\"rect\">Ierse Hartstichting<\/a><br \/>\n<a href=\"http:\/\/www.israel-heart.org.il\/\" target=\"_blank\" rel=\"noopener\" shape=\"rect\">Isra\u00eblische Hart Soci\u00ebteit<\/a><br \/>\n<a href=\"http:\/\/www.sicardiologia.it\/\" target=\"_blank\" rel=\"noopener\" shape=\"rect\">Italiaanse Federatie voor Cardiologie<\/a><br \/>\n<a href=\"http:\/\/www.fondazionecuore.it\/\" target=\"_blank\" rel=\"noopener\" shape=\"rect\">Italiaanse Hartstichting<\/a><br \/>\n<a href=\"http:\/\/www.heart.lt\/\" target=\"_blank\" rel=\"noopener\" shape=\"rect\">Litouwse Hart Associatie<\/a><br \/>\n<a href=\"http:\/\/www.lcs.lt\/\" target=\"_blank\" rel=\"noopener\" shape=\"rect\">Litouwse Soci\u00ebteit voor Cardiologie<\/a><br \/>\n<a href=\"http:\/\/www.ihdmkd.edu.mk\/\" target=\"_blank\" rel=\"noopener\" shape=\"rect\">Macedonische Soci\u00ebteit voor Cardiologie<\/a><br \/>\n<a href=\"http:\/\/www.hartstichting.nl\/\" target=\"_blank\" rel=\"noopener\" shape=\"rect\">Nederlandse Hartstichting<\/a><br \/>\n<a href=\"http:\/\/www.cardiologie.nl\/\" target=\"_blank\" rel=\"noopener\" shape=\"rect\">Nederlandse Vereniging voor Cardiologie<\/a><br \/>\n<a href=\"http:\/\/www.hjerte.no\/\" target=\"_blank\" rel=\"noopener\" shape=\"rect\">Noorse Soci\u00ebteit voor Cardiologie<\/a><br \/>\n<a href=\"http:\/\/www.ptkardio.pl\/\" target=\"_blank\" rel=\"noopener\" shape=\"rect\">Poolse Cardiale Soci\u00ebteit<\/a><br \/>\n<a href=\"http:\/\/www.fpcardiologia.pt\/\" target=\"_blank\" rel=\"noopener\" shape=\"rect\">Portugese Hartstichting<\/a><br \/>\n<a href=\"http:\/\/www.spc.pt\/spc\/index.aspx\" target=\"_blank\" rel=\"noopener\" shape=\"rect\">Portugese Soci\u00ebteit voor Cardiologie<\/a><br \/>\n<a href=\"http:\/\/www.cardioportal.ro\/\" target=\"_blank\" rel=\"noopener\" shape=\"rect\">Roemeense Soci\u00ebteit voor Cardiologie<\/a><br \/>\n<a href=\"http:\/\/www.cardiosite.ru\/eng\/\" target=\"_blank\" rel=\"noopener\" shape=\"rect\">Soci\u00ebteit voor Cardiologie van de Russische Federatie<\/a><br \/>\n<a href=\"http:\/\/www.cardiology.sk\/\" target=\"_blank\" rel=\"noopener\" shape=\"rect\">Slowaakse Soci\u00ebteit voor Cardiologie<\/a><br \/>\n<a href=\"http:\/\/www.zasrce.si\/\" target=\"_blank\" rel=\"noopener\" shape=\"rect\">Sloveense Hartstichting<\/a><br \/>\n<a href=\"http:\/\/www.sicardio.org\/\" target=\"_blank\" rel=\"noopener\" shape=\"rect\">Sloveense Soci\u00ebteit voor Cardiologie<\/a><br \/>\n<a href=\"http:\/\/www.fundaciondelcorazon.com\/\" target=\"_blank\" rel=\"noopener\" shape=\"rect\">Spaanse Hartstichting<\/a><br \/>\n<a href=\"http:\/\/www.secardiologia.es\/main.asp?w=1024\" target=\"_blank\" rel=\"noopener\" shape=\"rect\">Spaanse Soci\u00ebteit voor Cardiologie<\/a><br \/>\n<a href=\"http:\/\/www.hjart-lungfonden.se\/\" target=\"_blank\" rel=\"noopener\" shape=\"rect\">Zweedse Hart Long Stichting<\/a><br \/>\n<a href=\"http:\/\/www.cardio.se\/\" target=\"_blank\" rel=\"noopener\" shape=\"rect\">Zweedse Soci\u00ebteit voor Cardiologie<\/a><br \/>\n<a href=\"http:\/\/www.swissheart.ch\/\" target=\"_blank\" rel=\"noopener\" shape=\"rect\">Zwitserse Hartstichting<\/a><br \/>\n<a href=\"http:\/\/www.swisscardio.ch\/\" target=\"_blank\" rel=\"noopener\" shape=\"rect\">Zwitserse Soci\u00ebteit voor Cardiologie<\/a><br \/>\n<a href=\"http:\/\/www.tkv.org.tr\/\" target=\"_blank\" rel=\"noopener\" shape=\"rect\">Turkse Hartstichting<\/a><br \/>\n<a href=\"http:\/\/www.tkd.org.tr\/\" target=\"_blank\" rel=\"noopener\" shape=\"rect\">Turkse Soci\u00ebteit voor Cardiologie<\/a><\/p>\n<p>De websites die hierboven vermeld staan worden beheerd door andere instanties dan de Europese Vereniging voor Cardiologie (ESC). Het feit dat de ESC deze links aanbiedt betekent niet dat ze achter alle informatie staat die op deze websites vermeld wordt. U als gebruiker bent er zelf verantwoordelijk voor om de nauwkeurigheid en volledigheid van gegevens op de websites in te schatten.<\/p>\n","protected":false},"excerpt":{"rendered":"<p>Nationale soci\u00ebteiten Oostenrijkse Soci\u00ebteit voor Cardiologie Belgische Cardiologische Liga Belgische Soci\u00ebteit voor Cardiologie Associatie van Cardiologen van Bosnia &amp; Herzegovina Britse Soci\u00ebteit voor Hartfalen Bulgaarse Soci\u00ebteit voor Cardiologie Croatische Cardiale Soci\u00ebteit Cyprische Hartstichting Tsjechische Soci\u00ebteit voor Cardiologie Deense Hartstichting Deense Cardiale Soci\u00ebteit Estlandse Cardiale Soci\u00ebteit Finse Cardiale Soci\u00ebteit Finse Hart Associatie Franse Soci\u00ebteit voor Cardiologie [&hellip;]<\/p>\n","protected":false},"author":1,"featured_media":0,"parent":0,"menu_order":0,"comment_status":"open","ping_status":"open","template":"","meta":{"_acf_changed":false,"footnotes":""},"categories":[],"tags":[],"class_list":["post-3334","page","type-page","status-publish","hentry"],"acf":[],"yoast_head":"<!-- This site is optimized with the Yoast SEO plugin v24.8.1 - https:\/\/yoast.com\/wordpress\/plugins\/seo\/ -->\n<title>Handige links<\/title>\n<meta name=\"description\" content=\"Het is een goed idee om een bijgewerkte lijst van al uw medicijnen mee te nemen wanneer u op vakantie gaat.\" \/>\n<meta name=\"robots\" content=\"index, follow, max-snippet:-1, max-image-preview:large, max-video-preview:-1\" \/>\n<link rel=\"canonical\" href=\"https:\/\/www.heartfailurematters.org\/nl\/handige-links\/\" \/>\n<meta property=\"og:locale\" content=\"nl_NL\" \/>\n<meta property=\"og:type\" content=\"article\" \/>\n<meta property=\"og:title\" content=\"Handige links\" \/>\n<meta property=\"og:description\" content=\"Het is een goed idee om een bijgewerkte lijst van al uw medicijnen mee te nemen wanneer u op vakantie gaat.\" \/>\n<meta property=\"og:url\" content=\"https:\/\/www.heartfailurematters.org\/nl\/handige-links\/\" \/>\n<meta property=\"og:site_name\" content=\"Heart Failure Matters\" \/>\n<meta property=\"article:publisher\" content=\"https:\/\/www.facebook.com\/heartfailurematters\" \/>\n<meta property=\"article:modified_time\" content=\"2026-03-17T10:22:04+00:00\" \/>\n<meta name=\"twitter:card\" content=\"summary_large_image\" \/>\n<meta name=\"twitter:label1\" content=\"Geschatte leestijd\" \/>\n\t<meta name=\"twitter:data1\" content=\"1 minuut\" \/>\n<script type=\"application\/ld+json\" class=\"yoast-schema-graph\">{\"@context\":\"https:\/\/schema.org\",\"@graph\":[{\"@type\":\"WebPage\",\"@id\":\"https:\/\/www.heartfailurematters.org\/nl\/handige-links\/\",\"url\":\"https:\/\/www.heartfailurematters.org\/nl\/handige-links\/\",\"name\":\"Handige links\",\"isPartOf\":{\"@id\":\"https:\/\/www.heartfailurematters.org\/nl\/#website\"},\"datePublished\":\"2021-01-29T17:52:10+00:00\",\"dateModified\":\"2026-03-17T10:22:04+00:00\",\"description\":\"Het is een goed idee om een bijgewerkte lijst van al uw medicijnen mee te nemen wanneer u op vakantie gaat.\",\"breadcrumb\":{\"@id\":\"https:\/\/www.heartfailurematters.org\/nl\/handige-links\/#breadcrumb\"},\"inLanguage\":\"nl-NL\",\"potentialAction\":[{\"@type\":\"ReadAction\",\"target\":[\"https:\/\/www.heartfailurematters.org\/nl\/handige-links\/\"]}]},{\"@type\":\"BreadcrumbList\",\"@id\":\"https:\/\/www.heartfailurematters.org\/nl\/handige-links\/#breadcrumb\",\"itemListElement\":[{\"@type\":\"ListItem\",\"position\":1,\"name\":\"Homepagina\",\"item\":\"https:\/\/www.heartfailurematters.org\/nl\/\"},{\"@type\":\"ListItem\",\"position\":2,\"name\":\"Handige links\"}]},{\"@type\":\"WebSite\",\"@id\":\"https:\/\/www.heartfailurematters.org\/nl\/#website\",\"url\":\"https:\/\/www.heartfailurematters.org\/nl\/\",\"name\":\"Heart Failure Matters\",\"description\":\"Practical information for patients, families and caregivers.\",\"publisher\":{\"@id\":\"https:\/\/www.heartfailurematters.org\/nl\/#organization\"},\"potentialAction\":[{\"@type\":\"SearchAction\",\"target\":{\"@type\":\"EntryPoint\",\"urlTemplate\":\"https:\/\/www.heartfailurematters.org\/nl\/?s={search_term_string}\"},\"query-input\":{\"@type\":\"PropertyValueSpecification\",\"valueRequired\":true,\"valueName\":\"search_term_string\"}}],\"inLanguage\":\"nl-NL\"},{\"@type\":\"Organization\",\"@id\":\"https:\/\/www.heartfailurematters.org\/nl\/#organization\",\"name\":\"Heart Failure Matters\",\"url\":\"https:\/\/www.heartfailurematters.org\/nl\/\",\"logo\":{\"@type\":\"ImageObject\",\"inLanguage\":\"nl-NL\",\"@id\":\"https:\/\/www.heartfailurematters.org\/nl\/#\/schema\/logo\/image\/\",\"url\":\"https:\/\/cdn-endpoint-hfm.azureedge.net\/heartfailurematters\/2024\/07\/hfm-logo1.jpg\",\"contentUrl\":\"https:\/\/cdn-endpoint-hfm.azureedge.net\/heartfailurematters\/2024\/07\/hfm-logo1.jpg\",\"width\":1280,\"height\":720,\"caption\":\"Heart Failure Matters\"},\"image\":{\"@id\":\"https:\/\/www.heartfailurematters.org\/nl\/#\/schema\/logo\/image\/\"},\"sameAs\":[\"https:\/\/www.facebook.com\/heartfailurematters\"]}]}<\/script>\n<!-- \/ Yoast SEO plugin. -->","yoast_head_json":{"title":"Handige links","description":"Het is een goed idee om een bijgewerkte lijst van al uw medicijnen mee te nemen wanneer u op vakantie gaat.","robots":{"index":"index","follow":"follow","max-snippet":"max-snippet:-1","max-image-preview":"max-image-preview:large","max-video-preview":"max-video-preview:-1"},"canonical":"https:\/\/www.heartfailurematters.org\/nl\/handige-links\/","og_locale":"nl_NL","og_type":"article","og_title":"Handige links","og_description":"Het is een goed idee om een bijgewerkte lijst van al uw medicijnen mee te nemen wanneer u op vakantie gaat.","og_url":"https:\/\/www.heartfailurematters.org\/nl\/handige-links\/","og_site_name":"Heart Failure Matters","article_publisher":"https:\/\/www.facebook.com\/heartfailurematters","article_modified_time":"2026-03-17T10:22:04+00:00","twitter_card":"summary_large_image","twitter_misc":{"Geschatte leestijd":"1 minuut"},"schema":{"@context":"https:\/\/schema.org","@graph":[{"@type":"WebPage","@id":"https:\/\/www.heartfailurematters.org\/nl\/handige-links\/","url":"https:\/\/www.heartfailurematters.org\/nl\/handige-links\/","name":"Handige links","isPartOf":{"@id":"https:\/\/www.heartfailurematters.org\/nl\/#website"},"datePublished":"2021-01-29T17:52:10+00:00","dateModified":"2026-03-17T10:22:04+00:00","description":"Het is een goed idee om een bijgewerkte lijst van al uw medicijnen mee te nemen wanneer u op vakantie gaat.","breadcrumb":{"@id":"https:\/\/www.heartfailurematters.org\/nl\/handige-links\/#breadcrumb"},"inLanguage":"nl-NL","potentialAction":[{"@type":"ReadAction","target":["https:\/\/www.heartfailurematters.org\/nl\/handige-links\/"]}]},{"@type":"BreadcrumbList","@id":"https:\/\/www.heartfailurematters.org\/nl\/handige-links\/#breadcrumb","itemListElement":[{"@type":"ListItem","position":1,"name":"Homepagina","item":"https:\/\/www.heartfailurematters.org\/nl\/"},{"@type":"ListItem","position":2,"name":"Handige links"}]},{"@type":"WebSite","@id":"https:\/\/www.heartfailurematters.org\/nl\/#website","url":"https:\/\/www.heartfailurematters.org\/nl\/","name":"Heart Failure Matters","description":"Practical information for patients, families and caregivers.","publisher":{"@id":"https:\/\/www.heartfailurematters.org\/nl\/#organization"},"potentialAction":[{"@type":"SearchAction","target":{"@type":"EntryPoint","urlTemplate":"https:\/\/www.heartfailurematters.org\/nl\/?s={search_term_string}"},"query-input":{"@type":"PropertyValueSpecification","valueRequired":true,"valueName":"search_term_string"}}],"inLanguage":"nl-NL"},{"@type":"Organization","@id":"https:\/\/www.heartfailurematters.org\/nl\/#organization","name":"Heart Failure Matters","url":"https:\/\/www.heartfailurematters.org\/nl\/","logo":{"@type":"ImageObject","inLanguage":"nl-NL","@id":"https:\/\/www.heartfailurematters.org\/nl\/#\/schema\/logo\/image\/","url":"https:\/\/cdn-endpoint-hfm.azureedge.net\/heartfailurematters\/2024\/07\/hfm-logo1.jpg","contentUrl":"https:\/\/cdn-endpoint-hfm.azureedge.net\/heartfailurematters\/2024\/07\/hfm-logo1.jpg","width":1280,"height":720,"caption":"Heart Failure Matters"},"image":{"@id":"https:\/\/www.heartfailurematters.org\/nl\/#\/schema\/logo\/image\/"},"sameAs":["https:\/\/www.facebook.com\/heartfailurematters"]}]}},"_links":{"self":[{"href":"https:\/\/www.heartfailurematters.org\/nl\/wp-json\/wp\/v2\/pages\/3334","targetHints":{"allow":["GET"]}}],"collection":[{"href":"https:\/\/www.heartfailurematters.org\/nl\/wp-json\/wp\/v2\/pages"}],"about":[{"href":"https:\/\/www.heartfailurematters.org\/nl\/wp-json\/wp\/v2\/types\/page"}],"author":[{"embeddable":true,"href":"https:\/\/www.heartfailurematters.org\/nl\/wp-json\/wp\/v2\/users\/1"}],"replies":[{"embeddable":true,"href":"https:\/\/www.heartfailurematters.org\/nl\/wp-json\/wp\/v2\/comments?post=3334"}],"version-history":[{"count":1,"href":"https:\/\/www.heartfailurematters.org\/nl\/wp-json\/wp\/v2\/pages\/3334\/revisions"}],"predecessor-version":[{"id":14282,"href":"https:\/\/www.heartfailurematters.org\/nl\/wp-json\/wp\/v2\/pages\/3334\/revisions\/14282"}],"wp:attachment":[{"href":"https:\/\/www.heartfailurematters.org\/nl\/wp-json\/wp\/v2\/media?parent=3334"}],"wp:term":[{"taxonomy":"category","embeddable":true,"href":"https:\/\/www.heartfailurematters.org\/nl\/wp-json\/wp\/v2\/categories?post=3334"},{"taxonomy":"post_tag","embeddable":true,"href":"https:\/\/www.heartfailurematters.org\/nl\/wp-json\/wp\/v2\/tags?post=3334"}],"curies":[{"name":"wp","href":"https:\/\/api.w.org\/{rel}","templated":true}]}}