{"id":3331,"date":"2021-01-29T17:52:10","date_gmt":"2021-01-29T17:52:10","guid":{"rendered":"https:\/\/www.heartfailurematters.org\/hoe-zit-het-met-alternatieve-natuurlijke-geneeswijzen\/"},"modified":"2021-01-29T17:52:10","modified_gmt":"2021-01-29T17:52:10","slug":"hoe-zit-het-met-alternatieve-natuurlijke-geneeswijzen","status":"publish","type":"page","link":"https:\/\/www.heartfailurematters.org\/nl\/wat-uw-arts-of-verpleegkundige-kan-doen\/hoe-zit-het-met-alternatieve-natuurlijke-geneeswijzen\/","title":{"rendered":"Hoe zit het met alternatieve\/natuurlijke geneeswijzen?"},"content":{"rendered":"<p>Mogelijk hebt u hoopvolle verhalen over alternatieve\/natuurlijke behandelingen gelezen. Vaak is er echter geen medisch bewijs dat deze verbeteringen opleveren bij hartfalen. Integendeel: de ingredi\u00ebnten in sommige van deze alternatieve therapie\u00ebn kunnen de werking van bepaalde medicijnen die bij hartfalen worden gebruikt negatief be\u00efnvloeden en hebben juist schadelijke effecten.<\/p>\n<p>Enkele van de meer gangbare alternatieve of natuurlijke medicijnen die een negatief effect kunnen hebben op medicijnen voor hartfalen, zijn:<\/p>\n<ul>\n<li>Efedra (ma huang)<\/li>\n<li>Efedrine metabolieten<\/li>\n<li>Chinese kruiden <\/li>\n<li>Meidoorn (crataegus)-producten <\/li>\n<li>Knoflook<\/li>\n<li>Ginseng<\/li>\n<li>Gingko<\/li>\n<li>Co-enzym Q-10<\/li>\n<\/ul>\n<p>Het wordt ten zeerste aangeraden om eerst met uw arts, verpleegkundige of apotheker te overleggen alvorens u een alternatief\/natuurlijk\/op kruiden gebaseerd medicijn neemt.<\/p>\n<p><a href=\"https:\/\/www.heartfailurematters.org\/nl\/wat-uw-arts-of-verpleegkundige-kan-doen\/medicijnen-voor-hartfalen\/\">Terug naar Medicijnen bij hartfalen<\/a><\/p>\n","protected":false},"excerpt":{"rendered":"<p>Mogelijk hebt u hoopvolle verhalen over alternatieve\/natuurlijke behandelingen gelezen. Vaak is er echter geen medisch bewijs dat deze verbeteringen opleveren bij hartfalen. Integendeel: de ingredi\u00ebnten in sommige van deze alternatieve therapie\u00ebn kunnen de werking van bepaalde medicijnen die bij hartfalen worden gebruikt negatief be\u00efnvloeden en hebben juist schadelijke effecten. Enkele van de meer gangbare alternatieve [&hellip;]<\/p>\n","protected":false},"author":1,"featured_media":10959,"parent":2678,"menu_order":0,"comment_status":"open","ping_status":"open","template":"","meta":{"_acf_changed":false,"footnotes":""},"categories":[],"tags":[],"class_list":["post-3331","page","type-page","status-publish","has-post-thumbnail","hentry"],"acf":[],"yoast_head":"<!-- This site is optimized with the Yoast SEO plugin v24.8.1 - https:\/\/yoast.com\/wordpress\/plugins\/seo\/ -->\n<title>Hoe zit het met alternatieve\/natuurlijke geneeswijzen? - Heart Failure Matters<\/title>\n<meta name=\"description\" content=\"Er is vaak geen medisch bewijs dat natuurlijke remedies hartfalen verbeteren. Integendeel, ingredi\u00ebnten van sommige van deze alternatieve therapie\u00ebn kunnen de werking van sommige geneesmiddelen tegen hartfalen verstoren\" \/>\n<meta name=\"robots\" content=\"index, follow, max-snippet:-1, max-image-preview:large, max-video-preview:-1\" \/>\n<link rel=\"canonical\" href=\"https:\/\/www.heartfailurematters.org\/nl\/wat-uw-arts-of-verpleegkundige-kan-doen\/hoe-zit-het-met-alternatieve-natuurlijke-geneeswijzen\/\" \/>\n<meta property=\"og:locale\" content=\"nl_NL\" \/>\n<meta property=\"og:type\" content=\"article\" \/>\n<meta property=\"og:title\" content=\"Hoe zit het met alternatieve\/natuurlijke geneeswijzen? - Heart Failure Matters\" \/>\n<meta property=\"og:description\" content=\"Er is vaak geen medisch bewijs dat natuurlijke remedies hartfalen verbeteren. Integendeel, ingredi\u00ebnten van sommige van deze alternatieve therapie\u00ebn kunnen de werking van sommige geneesmiddelen tegen hartfalen verstoren\" \/>\n<meta property=\"og:url\" content=\"https:\/\/www.heartfailurematters.org\/nl\/wat-uw-arts-of-verpleegkundige-kan-doen\/hoe-zit-het-met-alternatieve-natuurlijke-geneeswijzen\/\" \/>\n<meta property=\"og:site_name\" content=\"Heart Failure Matters\" \/>\n<meta property=\"article:publisher\" content=\"https:\/\/www.facebook.com\/heartfailurematters\" \/>\n<meta property=\"og:image\" content=\"https:\/\/www.heartfailurematters.org\/wp-content\/uploads\/2022\/03\/shutterstock_697586869-1-min.jpg\" \/>\n\t<meta property=\"og:image:width\" content=\"900\" \/>\n\t<meta property=\"og:image:height\" content=\"600\" \/>\n\t<meta property=\"og:image:type\" content=\"image\/jpeg\" \/>\n<meta name=\"twitter:card\" content=\"summary_large_image\" \/>\n<meta name=\"twitter:label1\" content=\"Geschatte leestijd\" \/>\n\t<meta name=\"twitter:data1\" content=\"1 minuut\" \/>\n<script type=\"application\/ld+json\" class=\"yoast-schema-graph\">{\"@context\":\"https:\/\/schema.org\",\"@graph\":[{\"@type\":\"WebPage\",\"@id\":\"https:\/\/www.heartfailurematters.org\/nl\/wat-uw-arts-of-verpleegkundige-kan-doen\/hoe-zit-het-met-alternatieve-natuurlijke-geneeswijzen\/\",\"url\":\"https:\/\/www.heartfailurematters.org\/nl\/wat-uw-arts-of-verpleegkundige-kan-doen\/hoe-zit-het-met-alternatieve-natuurlijke-geneeswijzen\/\",\"name\":\"Hoe zit het met alternatieve\/natuurlijke geneeswijzen? - Heart Failure Matters\",\"isPartOf\":{\"@id\":\"https:\/\/www.heartfailurematters.org\/nl\/#website\"},\"primaryImageOfPage\":{\"@id\":\"https:\/\/www.heartfailurematters.org\/nl\/wat-uw-arts-of-verpleegkundige-kan-doen\/hoe-zit-het-met-alternatieve-natuurlijke-geneeswijzen\/#primaryimage\"},\"image\":{\"@id\":\"https:\/\/www.heartfailurematters.org\/nl\/wat-uw-arts-of-verpleegkundige-kan-doen\/hoe-zit-het-met-alternatieve-natuurlijke-geneeswijzen\/#primaryimage\"},\"thumbnailUrl\":\"https:\/\/www.heartfailurematters.org\/wp-content\/uploads\/2022\/03\/shutterstock_697586869-1-min.jpg\",\"datePublished\":\"2021-01-29T17:52:10+00:00\",\"description\":\"Er is vaak geen medisch bewijs dat natuurlijke remedies hartfalen verbeteren. Integendeel, ingredi\u00ebnten van sommige van deze alternatieve therapie\u00ebn kunnen de werking van sommige geneesmiddelen tegen hartfalen verstoren\",\"breadcrumb\":{\"@id\":\"https:\/\/www.heartfailurematters.org\/nl\/wat-uw-arts-of-verpleegkundige-kan-doen\/hoe-zit-het-met-alternatieve-natuurlijke-geneeswijzen\/#breadcrumb\"},\"inLanguage\":\"nl-NL\",\"potentialAction\":[{\"@type\":\"ReadAction\",\"target\":[\"https:\/\/www.heartfailurematters.org\/nl\/wat-uw-arts-of-verpleegkundige-kan-doen\/hoe-zit-het-met-alternatieve-natuurlijke-geneeswijzen\/\"]}]},{\"@type\":\"ImageObject\",\"inLanguage\":\"nl-NL\",\"@id\":\"https:\/\/www.heartfailurematters.org\/nl\/wat-uw-arts-of-verpleegkundige-kan-doen\/hoe-zit-het-met-alternatieve-natuurlijke-geneeswijzen\/#primaryimage\",\"url\":\"https:\/\/www.heartfailurematters.org\/wp-content\/uploads\/2022\/03\/shutterstock_697586869-1-min.jpg\",\"contentUrl\":\"https:\/\/www.heartfailurematters.org\/wp-content\/uploads\/2022\/03\/shutterstock_697586869-1-min.jpg\",\"width\":900,\"height\":600},{\"@type\":\"BreadcrumbList\",\"@id\":\"https:\/\/www.heartfailurematters.org\/nl\/wat-uw-arts-of-verpleegkundige-kan-doen\/hoe-zit-het-met-alternatieve-natuurlijke-geneeswijzen\/#breadcrumb\",\"itemListElement\":[{\"@type\":\"ListItem\",\"position\":1,\"name\":\"Homepagina\",\"item\":\"https:\/\/www.heartfailurematters.org\/nl\/\"},{\"@type\":\"ListItem\",\"position\":2,\"name\":\"Wat uw artsen kunnen doen\",\"item\":\"https:\/\/www.heartfailurematters.org\/nl\/wat-uw-arts-of-verpleegkundige-kan-doen\/\"},{\"@type\":\"ListItem\",\"position\":3,\"name\":\"Hoe zit het met alternatieve\/natuurlijke geneeswijzen?\"}]},{\"@type\":\"WebSite\",\"@id\":\"https:\/\/www.heartfailurematters.org\/nl\/#website\",\"url\":\"https:\/\/www.heartfailurematters.org\/nl\/\",\"name\":\"Heart Failure Matters\",\"description\":\"Practical information for patients, families and caregivers.\",\"publisher\":{\"@id\":\"https:\/\/www.heartfailurematters.org\/nl\/#organization\"},\"potentialAction\":[{\"@type\":\"SearchAction\",\"target\":{\"@type\":\"EntryPoint\",\"urlTemplate\":\"https:\/\/www.heartfailurematters.org\/nl\/?s={search_term_string}\"},\"query-input\":{\"@type\":\"PropertyValueSpecification\",\"valueRequired\":true,\"valueName\":\"search_term_string\"}}],\"inLanguage\":\"nl-NL\"},{\"@type\":\"Organization\",\"@id\":\"https:\/\/www.heartfailurematters.org\/nl\/#organization\",\"name\":\"Heart Failure Matters\",\"url\":\"https:\/\/www.heartfailurematters.org\/nl\/\",\"logo\":{\"@type\":\"ImageObject\",\"inLanguage\":\"nl-NL\",\"@id\":\"https:\/\/www.heartfailurematters.org\/nl\/#\/schema\/logo\/image\/\",\"url\":\"https:\/\/cdn-endpoint-hfm.azureedge.net\/heartfailurematters\/2024\/07\/hfm-logo1.jpg\",\"contentUrl\":\"https:\/\/cdn-endpoint-hfm.azureedge.net\/heartfailurematters\/2024\/07\/hfm-logo1.jpg\",\"width\":1280,\"height\":720,\"caption\":\"Heart Failure Matters\"},\"image\":{\"@id\":\"https:\/\/www.heartfailurematters.org\/nl\/#\/schema\/logo\/image\/\"},\"sameAs\":[\"https:\/\/www.facebook.com\/heartfailurematters\"]}]}<\/script>\n<!-- \/ Yoast SEO plugin. -->","yoast_head_json":{"title":"Hoe zit het met alternatieve\/natuurlijke geneeswijzen? - Heart Failure Matters","description":"Er is vaak geen medisch bewijs dat natuurlijke remedies hartfalen verbeteren. Integendeel, ingredi\u00ebnten van sommige van deze alternatieve therapie\u00ebn kunnen de werking van sommige geneesmiddelen tegen hartfalen verstoren","robots":{"index":"index","follow":"follow","max-snippet":"max-snippet:-1","max-image-preview":"max-image-preview:large","max-video-preview":"max-video-preview:-1"},"canonical":"https:\/\/www.heartfailurematters.org\/nl\/wat-uw-arts-of-verpleegkundige-kan-doen\/hoe-zit-het-met-alternatieve-natuurlijke-geneeswijzen\/","og_locale":"nl_NL","og_type":"article","og_title":"Hoe zit het met alternatieve\/natuurlijke geneeswijzen? - Heart Failure Matters","og_description":"Er is vaak geen medisch bewijs dat natuurlijke remedies hartfalen verbeteren. Integendeel, ingredi\u00ebnten van sommige van deze alternatieve therapie\u00ebn kunnen de werking van sommige geneesmiddelen tegen hartfalen verstoren","og_url":"https:\/\/www.heartfailurematters.org\/nl\/wat-uw-arts-of-verpleegkundige-kan-doen\/hoe-zit-het-met-alternatieve-natuurlijke-geneeswijzen\/","og_site_name":"Heart Failure Matters","article_publisher":"https:\/\/www.facebook.com\/heartfailurematters","og_image":[{"width":900,"height":600,"url":"https:\/\/www.heartfailurematters.org\/wp-content\/uploads\/2022\/03\/shutterstock_697586869-1-min.jpg","type":"image\/jpeg"}],"twitter_card":"summary_large_image","twitter_misc":{"Geschatte leestijd":"1 minuut"},"schema":{"@context":"https:\/\/schema.org","@graph":[{"@type":"WebPage","@id":"https:\/\/www.heartfailurematters.org\/nl\/wat-uw-arts-of-verpleegkundige-kan-doen\/hoe-zit-het-met-alternatieve-natuurlijke-geneeswijzen\/","url":"https:\/\/www.heartfailurematters.org\/nl\/wat-uw-arts-of-verpleegkundige-kan-doen\/hoe-zit-het-met-alternatieve-natuurlijke-geneeswijzen\/","name":"Hoe zit het met alternatieve\/natuurlijke geneeswijzen? - Heart Failure Matters","isPartOf":{"@id":"https:\/\/www.heartfailurematters.org\/nl\/#website"},"primaryImageOfPage":{"@id":"https:\/\/www.heartfailurematters.org\/nl\/wat-uw-arts-of-verpleegkundige-kan-doen\/hoe-zit-het-met-alternatieve-natuurlijke-geneeswijzen\/#primaryimage"},"image":{"@id":"https:\/\/www.heartfailurematters.org\/nl\/wat-uw-arts-of-verpleegkundige-kan-doen\/hoe-zit-het-met-alternatieve-natuurlijke-geneeswijzen\/#primaryimage"},"thumbnailUrl":"https:\/\/www.heartfailurematters.org\/wp-content\/uploads\/2022\/03\/shutterstock_697586869-1-min.jpg","datePublished":"2021-01-29T17:52:10+00:00","description":"Er is vaak geen medisch bewijs dat natuurlijke remedies hartfalen verbeteren. Integendeel, ingredi\u00ebnten van sommige van deze alternatieve therapie\u00ebn kunnen de werking van sommige geneesmiddelen tegen hartfalen verstoren","breadcrumb":{"@id":"https:\/\/www.heartfailurematters.org\/nl\/wat-uw-arts-of-verpleegkundige-kan-doen\/hoe-zit-het-met-alternatieve-natuurlijke-geneeswijzen\/#breadcrumb"},"inLanguage":"nl-NL","potentialAction":[{"@type":"ReadAction","target":["https:\/\/www.heartfailurematters.org\/nl\/wat-uw-arts-of-verpleegkundige-kan-doen\/hoe-zit-het-met-alternatieve-natuurlijke-geneeswijzen\/"]}]},{"@type":"ImageObject","inLanguage":"nl-NL","@id":"https:\/\/www.heartfailurematters.org\/nl\/wat-uw-arts-of-verpleegkundige-kan-doen\/hoe-zit-het-met-alternatieve-natuurlijke-geneeswijzen\/#primaryimage","url":"https:\/\/www.heartfailurematters.org\/wp-content\/uploads\/2022\/03\/shutterstock_697586869-1-min.jpg","contentUrl":"https:\/\/www.heartfailurematters.org\/wp-content\/uploads\/2022\/03\/shutterstock_697586869-1-min.jpg","width":900,"height":600},{"@type":"BreadcrumbList","@id":"https:\/\/www.heartfailurematters.org\/nl\/wat-uw-arts-of-verpleegkundige-kan-doen\/hoe-zit-het-met-alternatieve-natuurlijke-geneeswijzen\/#breadcrumb","itemListElement":[{"@type":"ListItem","position":1,"name":"Homepagina","item":"https:\/\/www.heartfailurematters.org\/nl\/"},{"@type":"ListItem","position":2,"name":"Wat uw artsen kunnen doen","item":"https:\/\/www.heartfailurematters.org\/nl\/wat-uw-arts-of-verpleegkundige-kan-doen\/"},{"@type":"ListItem","position":3,"name":"Hoe zit het met alternatieve\/natuurlijke geneeswijzen?"}]},{"@type":"WebSite","@id":"https:\/\/www.heartfailurematters.org\/nl\/#website","url":"https:\/\/www.heartfailurematters.org\/nl\/","name":"Heart Failure Matters","description":"Practical information for patients, families and caregivers.","publisher":{"@id":"https:\/\/www.heartfailurematters.org\/nl\/#organization"},"potentialAction":[{"@type":"SearchAction","target":{"@type":"EntryPoint","urlTemplate":"https:\/\/www.heartfailurematters.org\/nl\/?s={search_term_string}"},"query-input":{"@type":"PropertyValueSpecification","valueRequired":true,"valueName":"search_term_string"}}],"inLanguage":"nl-NL"},{"@type":"Organization","@id":"https:\/\/www.heartfailurematters.org\/nl\/#organization","name":"Heart Failure Matters","url":"https:\/\/www.heartfailurematters.org\/nl\/","logo":{"@type":"ImageObject","inLanguage":"nl-NL","@id":"https:\/\/www.heartfailurematters.org\/nl\/#\/schema\/logo\/image\/","url":"https:\/\/cdn-endpoint-hfm.azureedge.net\/heartfailurematters\/2024\/07\/hfm-logo1.jpg","contentUrl":"https:\/\/cdn-endpoint-hfm.azureedge.net\/heartfailurematters\/2024\/07\/hfm-logo1.jpg","width":1280,"height":720,"caption":"Heart Failure Matters"},"image":{"@id":"https:\/\/www.heartfailurematters.org\/nl\/#\/schema\/logo\/image\/"},"sameAs":["https:\/\/www.facebook.com\/heartfailurematters"]}]}},"_links":{"self":[{"href":"https:\/\/www.heartfailurematters.org\/nl\/wp-json\/wp\/v2\/pages\/3331","targetHints":{"allow":["GET"]}}],"collection":[{"href":"https:\/\/www.heartfailurematters.org\/nl\/wp-json\/wp\/v2\/pages"}],"about":[{"href":"https:\/\/www.heartfailurematters.org\/nl\/wp-json\/wp\/v2\/types\/page"}],"author":[{"embeddable":true,"href":"https:\/\/www.heartfailurematters.org\/nl\/wp-json\/wp\/v2\/users\/1"}],"replies":[{"embeddable":true,"href":"https:\/\/www.heartfailurematters.org\/nl\/wp-json\/wp\/v2\/comments?post=3331"}],"version-history":[{"count":0,"href":"https:\/\/www.heartfailurematters.org\/nl\/wp-json\/wp\/v2\/pages\/3331\/revisions"}],"up":[{"embeddable":true,"href":"https:\/\/www.heartfailurematters.org\/nl\/wp-json\/wp\/v2\/pages\/2678"}],"wp:featuredmedia":[{"embeddable":true,"href":"https:\/\/www.heartfailurematters.org\/nl\/wp-json\/wp\/v2\/media\/10959"}],"wp:attachment":[{"href":"https:\/\/www.heartfailurematters.org\/nl\/wp-json\/wp\/v2\/media?parent=3331"}],"wp:term":[{"taxonomy":"category","embeddable":true,"href":"https:\/\/www.heartfailurematters.org\/nl\/wp-json\/wp\/v2\/categories?post=3331"},{"taxonomy":"post_tag","embeddable":true,"href":"https:\/\/www.heartfailurematters.org\/nl\/wp-json\/wp\/v2\/tags?post=3331"}],"curies":[{"name":"wp","href":"https:\/\/api.w.org\/{rel}","templated":true}]}}