{"id":3211,"date":"2021-01-29T17:50:01","date_gmt":"2021-01-29T17:50:01","guid":{"rendered":"https:\/\/www.heartfailurematters.org\/hartklepaandoening\/"},"modified":"2021-06-25T14:31:04","modified_gmt":"2021-06-25T13:31:04","slug":"hartklepaandoening","status":"publish","type":"page","link":"https:\/\/www.heartfailurematters.org\/nl\/oorzaken-van-hartfalen-en-andere-veel-voorkomende-medische-aandoeningen\/hartklepaandoening\/","title":{"rendered":"Hartklepaandoeningen en hartfalen"},"content":{"rendered":"<p>Mensen hebben <em>vier eenrichtingskleppen<\/em> in hun hart. De aortaklep en mitralisklep bevinden zich aan de linkerkant van het hart terwijl de pulmonalisklep en tricuspidalisklep zich aan de rechterkant van het hart bevinden. De tricuspidalisklep scheidt de rechterboezem van de rechterkamer, scheidt de mitralisklep de linkerboezem van de linkerkamer, ligt de pulmonalisklep tussen de rechterkamer en de longslagader en de aortaklep tussen de linkerkamer en de aorta (grote lichaamsslagader).<\/p>\n<table border=\"1\" width=\"100%\" cellspacing=\"0\" cellpadding=\"0\">\n<tbody>\n<tr>\n<td style=\"width: 25%;\">\n<h2>Animatie<\/h2>\n<\/td>\n<td style=\"width: 75%; vertical-align: middle; text-align: left;\"><\/td>\n<\/tr>\n<tr>\n<td style=\"width: 25%;\"><a class=\"lightview\" href=\"https:\/\/www.youtube.com\/embed\/6ae5XyDyGDQ?hl=en_UK&amp;autoplay=1;&amp;version=3&amp;rel=0&amp;showinfo=0\"><img decoding=\"async\" class=\"alignleft wp-image-4723 size-full\" src=\"https:\/\/cdn-endpoint-hfm.azureedge.net\/heartfailurematters\/2021\/02\/01-animation.jpg\" alt=\"\" width=\"180\" height=\"130\"><\/a><\/td>\n<td style=\"width: 75%; vertical-align: middle; text-align: left;\">Hoe een normaal hart werkt<\/td>\n<\/tr>\n<\/tbody>\n<\/table>\n<p>Bij een hartklepaandoening zijn een of meerdere hartkleppen door een ziekteproces aangedaan.<\/p>\n<table border=\"1\" width=\"100%\" cellspacing=\"0\" cellpadding=\"0\">\n<tbody>\n<tr>\n<td style=\"width: 25%;\">\n<h2>Animatie<\/h2>\n<\/td>\n<td style=\"width: 75%; vertical-align: middle; text-align: left;\"><\/td>\n<\/tr>\n<tr>\n<td style=\"width: 25%;\"><a class=\"lightview\" title=\"Hoe afwijkende hartkleppen hartfalen kunnen veroorzaken\" href=\"https:\/\/www.youtube.com\/embed\/1CtZbUfue_A?hl=en_UK&amp;autoplay=1;&amp;version=3&amp;rel=0&amp;showinfo=0\" data-lightview-caption=\"The animation above shows that if your heart valves don't work properly, your heart has to work harder to keep enough blood moving in the correct direction. This additional workload can become too much for your heart and heart failure develops. \" data-lightview-title=\"How abnormal heart valves can cause heart failure\" data-lightview-options=\"width: 620, height: 450\" data-lightview-type=\"iframe\" data-lightview-group=\"journey\"><img decoding=\"async\" class=\"alignnone size-full wp-image-5062\" src=\"https:\/\/cdn-endpoint-hfm.azureedge.net\/heartfailurematters\/2021\/02\/06-animation.jpg\" alt=\"\" width=\"180\" height=\"130\"><\/a><\/td>\n<td style=\"width: 75%; vertical-align: middle; text-align: left;\">Hoe afwijkende hartkleppen hartfalen kunnen veroorzaken<\/td>\n<\/tr>\n<\/tbody>\n<\/table>\n<p>&nbsp;<\/p>\n<p>Kleppen kunnen beschadigd raken als een natuurlijk gevolg van veroudering, of als gevolg van reumatische hartziekte of een bacteri\u00eble infectie die de kleppen aantast of als gevolg van een aangeboren afwijking. In sommige delen van de wereld (bijv. Afrika) is VHD een van de meest voorkomende oorzaken van hartfalen, terwijl VHD in Europa en Amerika een vrij zeldzame oorzaak van hartfalen is. Elke afwijking die de werking van de kleppen be\u00efnvloedt, kan echter leiden tot hartfalen. Bij pati\u00ebnten met hartfalen en een verzwakte hartspier (verminderde ejectiefractie) kunnen vergroting en dilatatie van de hartcaviteiten leiden tot vervorming en afwijking van de hartkleppen. Deze afwijkende werking is meestal lekken van bloed via de mitralis- en tricuspidaliskleppen, wat leidt tot verergering van symptomen, zoals kortademigheid.<\/p>\n<p>Ongeacht de oorzaak die tot VHD leidt, kunnen veranderingen aan de klep tot een of beide van de volgende aandoeningen leiden: 1. <em>hartklepinsuffici\u00ebntie<\/em> (vaak aangeduid als hartkleplekkage) waarbij de klep niet in staat is om terugstroming van bloed te voorkomen doordat de klepslippen van de hartklep niet correct aansluiten; 2. <em>klepstenose<\/em> wat een vernauwing van de klepopening is, waardoor een adequate uitstroom van bloed wordt geblokkeerd. Dit is vooral merkbaar bij lichaamsbeweging, omdat het hart de vereiste bloedstroom niet kan verhogen. Insuffici\u00ebntie en\/of stenose kan elk van de vier hartkleppen aantasten.<\/p>\n<p>Zorgvuldige evaluatie van de geschiedenis en symptomen van de individuele pati\u00ebnt, gevolgd door lichamelijk onderzoek met speciale aandacht voor hartauscultatie met een stethoscoop zijn belangrijke eerste stappen in de diagnose van VHD. Echocardiografie wordt beschouwd als de gouden standaard voor VHD-beeldvorming, diagnose en beoordeling van de klepfunctie. <a href=\"https:\/\/www.heartfailurematters.org\/understanding-heart-failure\/common-tests-for-heart-failure\/\">Aanvullende beeldvormingsmodaliteiten omvatten cardiale magnetische resonantie (CMR) en computertomografie (CT).<\/a><\/p>\n<p>&nbsp;<\/p>\n<h3>De drie soorten klepproblemen die het meest voorkomen bij hartfalen worden hieronder kort besproken.<\/h3>\n<p><strong>Aortastenose<\/strong> wordt gekenmerkt door een verdikking van de hartklepring of klepslippen (meestal als gevolg van verkalking) waardoor het vermogen van de linkerventrikel wordt aangetast om bloed uit te pompen in de aorta wat vervolgens door de rest van het lichaam gaat. Als gevolg hiervan neemt het werk van de hartspier toe, wat leidt tot verdikking, vergelijkbaar met de situatie bij hoge bloeddruk. Aortastenose komt het meest voor bij ouderen. Kenmerkende symptomen zijn kortademigheid, angina pectoris (pijn op de borst) en syncope (flauwvallen). Classificatie van de ernst van de ziekte samen met behandelingsbeslissingen worden gebaseerd op echocardiografie. Bij pati\u00ebnten zonder symptomen en milde tot matige aortastenose wordt regelmatige klinische en echocardiografische beoordeling aanbevolen. Voor pati\u00ebnten die symptomatisch zijn en\/of een ernstige aandoening van de klep hebben (gedefinieerd als een klepgebied van minder dan 1 cm2), wordt ofwel standaard aortaklepvervanging (openhartchirurgie) of transkatheter aortaklepvervanging (TAVR) aanbevolen. TAVR is een minimaal invasieve ingreep waarvoor geen openhartoperatie nodig is. De kunstklep wordt naar het hart gebracht met behulp van een hartkatheter en wordt daarom aanbevolen voor bepaalde pati\u00ebnten, met name degenen die een hoog risico lopen bij standaard chirurgische aortaklepvervanging (d.w.z. ouderen).<\/p>\n<p><strong>Aortakleplekkage<\/strong> wordt veroorzaakt door een bloedlekkage door de aortaklep terug naar de linkerhartkamer. Als gevolg hiervan zet de linkerkamer uit en wordt de hartspier gedwongen harder te werken om meer bloed uit te pompen. Pati\u00ebnten ervaren symptomen van hartfalen (meestal kortademigheid, hartkloppingen, angina pectoris). De ernstclassificatie is gebaseerd op een echocardiografische beoordeling. Herstel of vervanging van de aortaklep (openhartchirurgie) wordt aanbevolen bij symptomatische pati\u00ebnten met een ernstig lekkende aortaklep en bij pati\u00ebnten die asymptomatisch zijn maar tekenen vertonen van een verzwakte linkerklep (verminderde ejectiefractie). Pati\u00ebnten met milde tot matige aortakleplekkage moeten worden gevolgd met regelmatige klinische beoordeling en echocardiografie.<\/p>\n<p><strong>Mitralisinsuffici\u00ebntie<\/strong> is de meest voorkomende VHD en is te wijten aan het onvermogen van de mitralisklep om goed te sluiten wanneer het hart bloed uit de linker hartkamer in de aorta pompt. Als gevolg hiervan is er een abnormaal bloedlek terug naar de linkerboezem (lekkage). Mitralislekkage kan worden veroorzaakt door ziekte van de mitralisklep zelf of door verwijding van de linkerklepholte als gevolg van hartfalen. Pati\u00ebnten vertonen doorgaans toenemende symptomen van hartfalen. Echocardiografie wordt gebruikt om de ernst van de lekkage te beoordelen. Dit is gebaseerd op een evaluatie van het bloedvolume dat terugstroomt (of lekt) naar de linkerboezem. Bij symptomatische pati\u00ebnten met primaire ziekte van de mitralisklep en ernstige lekkage wordt chirurgie (herstel of vervanging van de mitralisklep) aanbevolen.<\/p>\n<p>Bij pati\u00ebnten met hartfalen en secundaire mitralislekkage <em>is optimale medische behandeling van hartfalen essentieel en kan doeltreffend zijn voor het verminderen van symptomen.<\/em> Onlangs is op katheter gebaseerde, edge-to-edge herstel voor secundaire mitraliskleplekkage ontwikkeld, wat een optie met een laag risico kan zijn voor symptomatische pati\u00ebnten met hartfalen en ernstige mitraliskleplekkage. In de praktijk wordt de meest voorkomende procedure MitraClip genoemd. Deze minimaal invasieve ingreep (waarvoor geen openhartoperatie nodig is) is gebaseerd op de levering van een speciaal hulpmiddel (de Mitraclip) via bloedvaten in de lies. Eerst naar de rechterkant van het hart en dan naar de linkerkant van het hart. De Mitraclip wordt vervolgens met het leveringssysteem over de lekkende mitralisklep gepositioneerd, wat de mitraliskleplekkage aanzienlijk vermindert of elimineert. Verschillende andere technieken worden momenteel getest in klinische onderzoeken.<br \/>\nPati\u00ebnten die te horen hebben gekregen dat er een probleem is met een van de kleppen in hun hart zullen veel vragen hebben en voldoende tijd nodig hebben om de gevolgen van het probleem te begrijpen en mogelijke behandelingsopties te bespreken. Zorgprofessionals moeten goede informatie en ondersteuning bieden.<\/p>\n<p>&nbsp;<\/p>\n<p><a title=\"Terug naar Vaak voorkomende hartaandoeningen\" href=\"https:\/\/www.heartfailurematters.org\/heart-failure-causes-and-other-common-medical-conditions\/common-heart-conditions\/\">Terug naar Vaak voorkomende hartaandoeningen<\/a><\/p>\n","protected":false},"excerpt":{"rendered":"<p>Mensen hebben vier eenrichtingskleppen in hun hart. De aortaklep en mitralisklep bevinden zich aan de linkerkant van het hart terwijl de pulmonalisklep en tricuspidalisklep zich aan de rechterkant van het hart bevinden. De tricuspidalisklep scheidt de rechterboezem van de rechterkamer, scheidt de mitralisklep de linkerboezem van de linkerkamer, ligt de pulmonalisklep tussen de rechterkamer en [&hellip;]<\/p>\n","protected":false},"author":1,"featured_media":10745,"parent":8065,"menu_order":5,"comment_status":"open","ping_status":"open","template":"","meta":{"_acf_changed":false,"footnotes":""},"categories":[],"tags":[],"class_list":["post-3211","page","type-page","status-publish","has-post-thumbnail","hentry"],"acf":[],"yoast_head":"<!-- This site is optimized with the Yoast SEO plugin v24.8.1 - https:\/\/yoast.com\/wordpress\/plugins\/seo\/ -->\n<title>Hartklepaandoeningen en hartfalen<\/title>\n<meta name=\"description\" content=\"De kleppen in uw hart voorkomen dat het bloed in de verkeerde richting door uw hart stroomt. Als uw kleppen niet goed werken, sluiten of openen ze niet volledig bij elke hartslag.\" \/>\n<meta name=\"robots\" content=\"index, follow, max-snippet:-1, max-image-preview:large, max-video-preview:-1\" \/>\n<link rel=\"canonical\" href=\"https:\/\/www.heartfailurematters.org\/nl\/oorzaken-van-hartfalen-en-andere-veel-voorkomende-medische-aandoeningen\/hartklepaandoening\/\" \/>\n<meta property=\"og:locale\" content=\"nl_NL\" \/>\n<meta property=\"og:type\" content=\"article\" \/>\n<meta property=\"og:title\" content=\"Hartklepaandoeningen en hartfalen\" \/>\n<meta property=\"og:description\" content=\"De kleppen in uw hart voorkomen dat het bloed in de verkeerde richting door uw hart stroomt. Als uw kleppen niet goed werken, sluiten of openen ze niet volledig bij elke hartslag.\" \/>\n<meta property=\"og:url\" content=\"https:\/\/www.heartfailurematters.org\/nl\/oorzaken-van-hartfalen-en-andere-veel-voorkomende-medische-aandoeningen\/hartklepaandoening\/\" \/>\n<meta property=\"og:site_name\" content=\"Heart Failure Matters\" \/>\n<meta property=\"article:publisher\" content=\"https:\/\/www.facebook.com\/heartfailurematters\" \/>\n<meta property=\"article:modified_time\" content=\"2021-06-25T13:31:04+00:00\" \/>\n<meta property=\"og:image\" content=\"https:\/\/www.heartfailurematters.org\/wp-content\/uploads\/2022\/03\/shutterstock_1673602240-1-min.jpg\" \/>\n\t<meta property=\"og:image:width\" content=\"900\" \/>\n\t<meta property=\"og:image:height\" content=\"601\" \/>\n\t<meta property=\"og:image:type\" content=\"image\/jpeg\" \/>\n<meta name=\"twitter:card\" content=\"summary_large_image\" \/>\n<meta name=\"twitter:label1\" content=\"Geschatte leestijd\" \/>\n\t<meta name=\"twitter:data1\" content=\"5 minuten\" \/>\n<script type=\"application\/ld+json\" class=\"yoast-schema-graph\">{\"@context\":\"https:\/\/schema.org\",\"@graph\":[{\"@type\":\"WebPage\",\"@id\":\"https:\/\/www.heartfailurematters.org\/nl\/oorzaken-van-hartfalen-en-andere-veel-voorkomende-medische-aandoeningen\/hartklepaandoening\/\",\"url\":\"https:\/\/www.heartfailurematters.org\/nl\/oorzaken-van-hartfalen-en-andere-veel-voorkomende-medische-aandoeningen\/hartklepaandoening\/\",\"name\":\"Hartklepaandoeningen en hartfalen\",\"isPartOf\":{\"@id\":\"https:\/\/www.heartfailurematters.org\/nl\/#website\"},\"primaryImageOfPage\":{\"@id\":\"https:\/\/www.heartfailurematters.org\/nl\/oorzaken-van-hartfalen-en-andere-veel-voorkomende-medische-aandoeningen\/hartklepaandoening\/#primaryimage\"},\"image\":{\"@id\":\"https:\/\/www.heartfailurematters.org\/nl\/oorzaken-van-hartfalen-en-andere-veel-voorkomende-medische-aandoeningen\/hartklepaandoening\/#primaryimage\"},\"thumbnailUrl\":\"https:\/\/www.heartfailurematters.org\/wp-content\/uploads\/2022\/03\/shutterstock_1673602240-1-min.jpg\",\"datePublished\":\"2021-01-29T17:50:01+00:00\",\"dateModified\":\"2021-06-25T13:31:04+00:00\",\"description\":\"De kleppen in uw hart voorkomen dat het bloed in de verkeerde richting door uw hart stroomt. Als uw kleppen niet goed werken, sluiten of openen ze niet volledig bij elke hartslag.\",\"breadcrumb\":{\"@id\":\"https:\/\/www.heartfailurematters.org\/nl\/oorzaken-van-hartfalen-en-andere-veel-voorkomende-medische-aandoeningen\/hartklepaandoening\/#breadcrumb\"},\"inLanguage\":\"nl-NL\",\"potentialAction\":[{\"@type\":\"ReadAction\",\"target\":[\"https:\/\/www.heartfailurematters.org\/nl\/oorzaken-van-hartfalen-en-andere-veel-voorkomende-medische-aandoeningen\/hartklepaandoening\/\"]}]},{\"@type\":\"ImageObject\",\"inLanguage\":\"nl-NL\",\"@id\":\"https:\/\/www.heartfailurematters.org\/nl\/oorzaken-van-hartfalen-en-andere-veel-voorkomende-medische-aandoeningen\/hartklepaandoening\/#primaryimage\",\"url\":\"https:\/\/www.heartfailurematters.org\/wp-content\/uploads\/2022\/03\/shutterstock_1673602240-1-min.jpg\",\"contentUrl\":\"https:\/\/www.heartfailurematters.org\/wp-content\/uploads\/2022\/03\/shutterstock_1673602240-1-min.jpg\",\"width\":900,\"height\":601},{\"@type\":\"BreadcrumbList\",\"@id\":\"https:\/\/www.heartfailurematters.org\/nl\/oorzaken-van-hartfalen-en-andere-veel-voorkomende-medische-aandoeningen\/hartklepaandoening\/#breadcrumb\",\"itemListElement\":[{\"@type\":\"ListItem\",\"position\":1,\"name\":\"Homepagina\",\"item\":\"https:\/\/www.heartfailurematters.org\/nl\/\"},{\"@type\":\"ListItem\",\"position\":2,\"name\":\"Oorzaken van hartfalen en veel voorkomende medische aandoeningen\",\"item\":\"https:\/\/www.heartfailurematters.org\/nl\/oorzaken-van-hartfalen-en-andere-veel-voorkomende-medische-aandoeningen\/\"},{\"@type\":\"ListItem\",\"position\":3,\"name\":\"Hartklepaandoeningen en hartfalen\"}]},{\"@type\":\"WebSite\",\"@id\":\"https:\/\/www.heartfailurematters.org\/nl\/#website\",\"url\":\"https:\/\/www.heartfailurematters.org\/nl\/\",\"name\":\"Heart Failure Matters\",\"description\":\"Practical information for patients, families and caregivers.\",\"publisher\":{\"@id\":\"https:\/\/www.heartfailurematters.org\/nl\/#organization\"},\"potentialAction\":[{\"@type\":\"SearchAction\",\"target\":{\"@type\":\"EntryPoint\",\"urlTemplate\":\"https:\/\/www.heartfailurematters.org\/nl\/?s={search_term_string}\"},\"query-input\":{\"@type\":\"PropertyValueSpecification\",\"valueRequired\":true,\"valueName\":\"search_term_string\"}}],\"inLanguage\":\"nl-NL\"},{\"@type\":\"Organization\",\"@id\":\"https:\/\/www.heartfailurematters.org\/nl\/#organization\",\"name\":\"Heart Failure Matters\",\"url\":\"https:\/\/www.heartfailurematters.org\/nl\/\",\"logo\":{\"@type\":\"ImageObject\",\"inLanguage\":\"nl-NL\",\"@id\":\"https:\/\/www.heartfailurematters.org\/nl\/#\/schema\/logo\/image\/\",\"url\":\"https:\/\/cdn-endpoint-hfm.azureedge.net\/heartfailurematters\/2024\/07\/hfm-logo1.jpg\",\"contentUrl\":\"https:\/\/cdn-endpoint-hfm.azureedge.net\/heartfailurematters\/2024\/07\/hfm-logo1.jpg\",\"width\":1280,\"height\":720,\"caption\":\"Heart Failure Matters\"},\"image\":{\"@id\":\"https:\/\/www.heartfailurematters.org\/nl\/#\/schema\/logo\/image\/\"},\"sameAs\":[\"https:\/\/www.facebook.com\/heartfailurematters\"]}]}<\/script>\n<!-- \/ Yoast SEO plugin. -->","yoast_head_json":{"title":"Hartklepaandoeningen en hartfalen","description":"De kleppen in uw hart voorkomen dat het bloed in de verkeerde richting door uw hart stroomt. Als uw kleppen niet goed werken, sluiten of openen ze niet volledig bij elke hartslag.","robots":{"index":"index","follow":"follow","max-snippet":"max-snippet:-1","max-image-preview":"max-image-preview:large","max-video-preview":"max-video-preview:-1"},"canonical":"https:\/\/www.heartfailurematters.org\/nl\/oorzaken-van-hartfalen-en-andere-veel-voorkomende-medische-aandoeningen\/hartklepaandoening\/","og_locale":"nl_NL","og_type":"article","og_title":"Hartklepaandoeningen en hartfalen","og_description":"De kleppen in uw hart voorkomen dat het bloed in de verkeerde richting door uw hart stroomt. Als uw kleppen niet goed werken, sluiten of openen ze niet volledig bij elke hartslag.","og_url":"https:\/\/www.heartfailurematters.org\/nl\/oorzaken-van-hartfalen-en-andere-veel-voorkomende-medische-aandoeningen\/hartklepaandoening\/","og_site_name":"Heart Failure Matters","article_publisher":"https:\/\/www.facebook.com\/heartfailurematters","article_modified_time":"2021-06-25T13:31:04+00:00","og_image":[{"width":900,"height":601,"url":"https:\/\/www.heartfailurematters.org\/wp-content\/uploads\/2022\/03\/shutterstock_1673602240-1-min.jpg","type":"image\/jpeg"}],"twitter_card":"summary_large_image","twitter_misc":{"Geschatte leestijd":"5 minuten"},"schema":{"@context":"https:\/\/schema.org","@graph":[{"@type":"WebPage","@id":"https:\/\/www.heartfailurematters.org\/nl\/oorzaken-van-hartfalen-en-andere-veel-voorkomende-medische-aandoeningen\/hartklepaandoening\/","url":"https:\/\/www.heartfailurematters.org\/nl\/oorzaken-van-hartfalen-en-andere-veel-voorkomende-medische-aandoeningen\/hartklepaandoening\/","name":"Hartklepaandoeningen en hartfalen","isPartOf":{"@id":"https:\/\/www.heartfailurematters.org\/nl\/#website"},"primaryImageOfPage":{"@id":"https:\/\/www.heartfailurematters.org\/nl\/oorzaken-van-hartfalen-en-andere-veel-voorkomende-medische-aandoeningen\/hartklepaandoening\/#primaryimage"},"image":{"@id":"https:\/\/www.heartfailurematters.org\/nl\/oorzaken-van-hartfalen-en-andere-veel-voorkomende-medische-aandoeningen\/hartklepaandoening\/#primaryimage"},"thumbnailUrl":"https:\/\/www.heartfailurematters.org\/wp-content\/uploads\/2022\/03\/shutterstock_1673602240-1-min.jpg","datePublished":"2021-01-29T17:50:01+00:00","dateModified":"2021-06-25T13:31:04+00:00","description":"De kleppen in uw hart voorkomen dat het bloed in de verkeerde richting door uw hart stroomt. Als uw kleppen niet goed werken, sluiten of openen ze niet volledig bij elke hartslag.","breadcrumb":{"@id":"https:\/\/www.heartfailurematters.org\/nl\/oorzaken-van-hartfalen-en-andere-veel-voorkomende-medische-aandoeningen\/hartklepaandoening\/#breadcrumb"},"inLanguage":"nl-NL","potentialAction":[{"@type":"ReadAction","target":["https:\/\/www.heartfailurematters.org\/nl\/oorzaken-van-hartfalen-en-andere-veel-voorkomende-medische-aandoeningen\/hartklepaandoening\/"]}]},{"@type":"ImageObject","inLanguage":"nl-NL","@id":"https:\/\/www.heartfailurematters.org\/nl\/oorzaken-van-hartfalen-en-andere-veel-voorkomende-medische-aandoeningen\/hartklepaandoening\/#primaryimage","url":"https:\/\/www.heartfailurematters.org\/wp-content\/uploads\/2022\/03\/shutterstock_1673602240-1-min.jpg","contentUrl":"https:\/\/www.heartfailurematters.org\/wp-content\/uploads\/2022\/03\/shutterstock_1673602240-1-min.jpg","width":900,"height":601},{"@type":"BreadcrumbList","@id":"https:\/\/www.heartfailurematters.org\/nl\/oorzaken-van-hartfalen-en-andere-veel-voorkomende-medische-aandoeningen\/hartklepaandoening\/#breadcrumb","itemListElement":[{"@type":"ListItem","position":1,"name":"Homepagina","item":"https:\/\/www.heartfailurematters.org\/nl\/"},{"@type":"ListItem","position":2,"name":"Oorzaken van hartfalen en veel voorkomende medische aandoeningen","item":"https:\/\/www.heartfailurematters.org\/nl\/oorzaken-van-hartfalen-en-andere-veel-voorkomende-medische-aandoeningen\/"},{"@type":"ListItem","position":3,"name":"Hartklepaandoeningen en hartfalen"}]},{"@type":"WebSite","@id":"https:\/\/www.heartfailurematters.org\/nl\/#website","url":"https:\/\/www.heartfailurematters.org\/nl\/","name":"Heart Failure Matters","description":"Practical information for patients, families and caregivers.","publisher":{"@id":"https:\/\/www.heartfailurematters.org\/nl\/#organization"},"potentialAction":[{"@type":"SearchAction","target":{"@type":"EntryPoint","urlTemplate":"https:\/\/www.heartfailurematters.org\/nl\/?s={search_term_string}"},"query-input":{"@type":"PropertyValueSpecification","valueRequired":true,"valueName":"search_term_string"}}],"inLanguage":"nl-NL"},{"@type":"Organization","@id":"https:\/\/www.heartfailurematters.org\/nl\/#organization","name":"Heart Failure Matters","url":"https:\/\/www.heartfailurematters.org\/nl\/","logo":{"@type":"ImageObject","inLanguage":"nl-NL","@id":"https:\/\/www.heartfailurematters.org\/nl\/#\/schema\/logo\/image\/","url":"https:\/\/cdn-endpoint-hfm.azureedge.net\/heartfailurematters\/2024\/07\/hfm-logo1.jpg","contentUrl":"https:\/\/cdn-endpoint-hfm.azureedge.net\/heartfailurematters\/2024\/07\/hfm-logo1.jpg","width":1280,"height":720,"caption":"Heart Failure Matters"},"image":{"@id":"https:\/\/www.heartfailurematters.org\/nl\/#\/schema\/logo\/image\/"},"sameAs":["https:\/\/www.facebook.com\/heartfailurematters"]}]}},"_links":{"self":[{"href":"https:\/\/www.heartfailurematters.org\/nl\/wp-json\/wp\/v2\/pages\/3211","targetHints":{"allow":["GET"]}}],"collection":[{"href":"https:\/\/www.heartfailurematters.org\/nl\/wp-json\/wp\/v2\/pages"}],"about":[{"href":"https:\/\/www.heartfailurematters.org\/nl\/wp-json\/wp\/v2\/types\/page"}],"author":[{"embeddable":true,"href":"https:\/\/www.heartfailurematters.org\/nl\/wp-json\/wp\/v2\/users\/1"}],"replies":[{"embeddable":true,"href":"https:\/\/www.heartfailurematters.org\/nl\/wp-json\/wp\/v2\/comments?post=3211"}],"version-history":[{"count":4,"href":"https:\/\/www.heartfailurematters.org\/nl\/wp-json\/wp\/v2\/pages\/3211\/revisions"}],"predecessor-version":[{"id":9151,"href":"https:\/\/www.heartfailurematters.org\/nl\/wp-json\/wp\/v2\/pages\/3211\/revisions\/9151"}],"up":[{"embeddable":true,"href":"https:\/\/www.heartfailurematters.org\/nl\/wp-json\/wp\/v2\/pages\/8065"}],"wp:featuredmedia":[{"embeddable":true,"href":"https:\/\/www.heartfailurematters.org\/nl\/wp-json\/wp\/v2\/media\/10745"}],"wp:attachment":[{"href":"https:\/\/www.heartfailurematters.org\/nl\/wp-json\/wp\/v2\/media?parent=3211"}],"wp:term":[{"taxonomy":"category","embeddable":true,"href":"https:\/\/www.heartfailurematters.org\/nl\/wp-json\/wp\/v2\/categories?post=3211"},{"taxonomy":"post_tag","embeddable":true,"href":"https:\/\/www.heartfailurematters.org\/nl\/wp-json\/wp\/v2\/tags?post=3211"}],"curies":[{"name":"wp","href":"https:\/\/api.w.org\/{rel}","templated":true}]}}