{"id":8826,"date":"2021-04-19T10:32:00","date_gmt":"2021-04-19T09:32:00","guid":{"rendered":"https:\/\/www.heartfailurematters.org\/ce-que-votre-medecin-ou-votre-infirmier-ere-peut-faire\/supplement-en-fer-dans-linsuffisance-cardiaque\/"},"modified":"2021-06-25T14:12:58","modified_gmt":"2021-06-25T13:12:58","slug":"supplement-en-fer-dans-linsuffisance-cardiaque","status":"publish","type":"page","link":"https:\/\/www.heartfailurematters.org\/fr\/ce-que-votre-medecin-ou-votre-infirmier-ere-peut-faire\/supplement-en-fer-dans-linsuffisance-cardiaque\/","title":{"rendered":"Suppl\u00e9ment en fer dans l&rsquo;insuffisance cardiaque"},"content":{"rendered":"<p>Chez les patients souffrant d&rsquo;une insuffisance cardiaque et d&rsquo;une <a href=\"https:\/\/www.heartfailurematters.org\/heart-failure-causes-and-other-common-medical-conditions\/iron-deficiency\/\">carence en fer<\/a>, la suppl\u00e9mentation orale en fer est inefficace en raison d&rsquo;une tr\u00e8s mauvaise absorption. Par cons\u00e9quent, la suppl\u00e9mentation en fer par voie intraveineuse est la seule approche th\u00e9rapeutique qui s&rsquo;est av\u00e9r\u00e9e s\u00fbre et efficace chez les patients atteints d&rsquo;une insuffisance cardiaque et chez qui une carence en fer a \u00e9t\u00e9 confirm\u00e9e par des analyses de sang. La majorit\u00e9 des donn\u00e9es probantes sont li\u00e9es au carboxymaltose ferrique pr\u00e9par\u00e9 par voie intraveineuse.<\/p>\n<p>La dose de carboxymaltose ferrique administr\u00e9e par voie intraveineuse \u00e0 un patient est calcul\u00e9e en fonction du poids corporel et du taux d&rsquo;h\u00e9moglobine, et varie entre 500 et 2000 mg. Si la dose totale calcul\u00e9e de fer requise d\u00e9passe 1000 mg, son administration est divis\u00e9e en deux s\u00e9ances s\u00e9par\u00e9es par quatre \u00e0 six semaines. Le carboxymaltose ferrique est administr\u00e9 sous la forme d&rsquo;une perfusion intraveineuse de fer de 15 minutes dissoute dans 100 mL de solution saline. Ce traitement peut \u00eatre administr\u00e9 en toute s\u00e9curit\u00e9 \u00e0 l&rsquo;h\u00f4pital et en ambulatoire.<\/p>\n<p>Il a \u00e9t\u00e9 prouv\u00e9 que la suppl\u00e9mentation en fer par voie intraveineuse chez les patients souffrant d&rsquo;une insuffisance cardiaque et d&rsquo;une carence en fer r\u00e9duisait les sympt\u00f4mes de l&rsquo;insuffisance cardiaque, am\u00e9liorait la qualit\u00e9 de vie, augmentait la capacit\u00e9 d&rsquo;exercice physique et la force musculaire squelettique, et r\u00e9duisait le risque d&rsquo;hospitalisations r\u00e9currentes.<\/p>\n<p>L&rsquo;effet de la suppl\u00e9mentation en fer par voie intraveineuse sur le niveau de fer doit \u00eatre v\u00e9rifi\u00e9 par une analyse de sang environ trois mois apr\u00e8s la derni\u00e8re dose administr\u00e9e. Une fois qu&rsquo;un patient a re\u00e7u la dose compl\u00e8te, un d\u00e9pistage p\u00e9riodique d&rsquo;une carence en fer doit \u00eatre effectu\u00e9 conform\u00e9ment aux recommandations du m\u00e9decin.<\/p>\n<h3>Aussi appel\u00e9&nbsp;:<\/h3>\n<p><strong>\u2022 Carboxymaltose ferrique.<\/strong><br \/>\n(Ferinject\u00ae)<\/p>\n<p><a title=\"Retour aux M\u00e9dicaments contre l'insuffisance cardiaque\" href=\"https:\/\/www.heartfailurematters.org\/what-your-doctor-can-do\/heart-failure-medicines\/\">Retour aux M\u00e9dicaments contre l&rsquo;insuffisance cardiaque<\/a><\/p>\n","protected":false},"excerpt":{"rendered":"<p>Chez les patients souffrant d&rsquo;une insuffisance cardiaque et d&rsquo;une carence en fer, la suppl\u00e9mentation orale en fer est inefficace en raison d&rsquo;une tr\u00e8s mauvaise absorption. Par cons\u00e9quent, la suppl\u00e9mentation en fer par voie intraveineuse est la seule approche th\u00e9rapeutique qui s&rsquo;est av\u00e9r\u00e9e s\u00fbre et efficace chez les patients atteints d&rsquo;une insuffisance cardiaque et chez qui [&hellip;]<\/p>\n","protected":false},"author":1,"featured_media":10777,"parent":2679,"menu_order":0,"comment_status":"closed","ping_status":"closed","template":"","meta":{"_acf_changed":false,"footnotes":""},"categories":[],"tags":[],"class_list":["post-8826","page","type-page","status-publish","has-post-thumbnail","hentry"],"acf":[],"yoast_head":"<!-- This site is optimized with the Yoast SEO plugin v24.8.1 - https:\/\/yoast.com\/wordpress\/plugins\/seo\/ -->\n<title>Suppl\u00e9ment en fer dans l&#039;insuffisance cardiaque - Heart Failure Matters<\/title>\n<meta name=\"description\" content=\"Chez les patients souffrant d&#039;une insuffisance cardiaque et d&#039;une carence en fer, la suppl\u00e9mentation orale en fer est inefficace en raison d&#039;une tr\u00e8s mauvaise absorption.\" \/>\n<meta name=\"robots\" content=\"index, follow, max-snippet:-1, max-image-preview:large, max-video-preview:-1\" \/>\n<link rel=\"canonical\" href=\"https:\/\/www.heartfailurematters.org\/fr\/ce-que-votre-medecin-ou-votre-infirmier-ere-peut-faire\/supplement-en-fer-dans-linsuffisance-cardiaque\/\" \/>\n<meta property=\"og:locale\" content=\"fr_FR\" \/>\n<meta property=\"og:type\" content=\"article\" \/>\n<meta property=\"og:title\" content=\"Suppl\u00e9ment en fer dans l&#039;insuffisance cardiaque - Heart Failure Matters\" \/>\n<meta property=\"og:description\" content=\"Chez les patients souffrant d&#039;une insuffisance cardiaque et d&#039;une carence en fer, la suppl\u00e9mentation orale en fer est inefficace en raison d&#039;une tr\u00e8s mauvaise absorption.\" \/>\n<meta property=\"og:url\" content=\"https:\/\/www.heartfailurematters.org\/fr\/ce-que-votre-medecin-ou-votre-infirmier-ere-peut-faire\/supplement-en-fer-dans-linsuffisance-cardiaque\/\" \/>\n<meta property=\"og:site_name\" content=\"Heart Failure Matters\" \/>\n<meta property=\"article:publisher\" content=\"https:\/\/www.facebook.com\/heartfailurematters\" \/>\n<meta property=\"article:modified_time\" content=\"2021-06-25T13:12:58+00:00\" \/>\n<meta property=\"og:image\" content=\"https:\/\/www.heartfailurematters.org\/wp-content\/uploads\/2022\/03\/shutterstock_529109200-1-min.jpg\" \/>\n\t<meta property=\"og:image:width\" content=\"900\" \/>\n\t<meta property=\"og:image:height\" content=\"599\" \/>\n\t<meta property=\"og:image:type\" content=\"image\/jpeg\" \/>\n<meta name=\"twitter:card\" content=\"summary_large_image\" \/>\n<meta name=\"twitter:label1\" content=\"Dur\u00e9e de lecture estim\u00e9e\" \/>\n\t<meta name=\"twitter:data1\" content=\"2 minutes\" \/>\n<script type=\"application\/ld+json\" class=\"yoast-schema-graph\">{\"@context\":\"https:\/\/schema.org\",\"@graph\":[{\"@type\":\"WebPage\",\"@id\":\"https:\/\/www.heartfailurematters.org\/fr\/ce-que-votre-medecin-ou-votre-infirmier-ere-peut-faire\/supplement-en-fer-dans-linsuffisance-cardiaque\/\",\"url\":\"https:\/\/www.heartfailurematters.org\/fr\/ce-que-votre-medecin-ou-votre-infirmier-ere-peut-faire\/supplement-en-fer-dans-linsuffisance-cardiaque\/\",\"name\":\"Suppl\u00e9ment en fer dans l'insuffisance cardiaque - Heart Failure Matters\",\"isPartOf\":{\"@id\":\"https:\/\/www.heartfailurematters.org\/fr\/#website\"},\"primaryImageOfPage\":{\"@id\":\"https:\/\/www.heartfailurematters.org\/fr\/ce-que-votre-medecin-ou-votre-infirmier-ere-peut-faire\/supplement-en-fer-dans-linsuffisance-cardiaque\/#primaryimage\"},\"image\":{\"@id\":\"https:\/\/www.heartfailurematters.org\/fr\/ce-que-votre-medecin-ou-votre-infirmier-ere-peut-faire\/supplement-en-fer-dans-linsuffisance-cardiaque\/#primaryimage\"},\"thumbnailUrl\":\"https:\/\/www.heartfailurematters.org\/wp-content\/uploads\/2022\/03\/shutterstock_529109200-1-min.jpg\",\"datePublished\":\"2021-04-19T09:32:00+00:00\",\"dateModified\":\"2021-06-25T13:12:58+00:00\",\"description\":\"Chez les patients souffrant d'une insuffisance cardiaque et d'une carence en fer, la suppl\u00e9mentation orale en fer est inefficace en raison d'une tr\u00e8s mauvaise absorption.\",\"breadcrumb\":{\"@id\":\"https:\/\/www.heartfailurematters.org\/fr\/ce-que-votre-medecin-ou-votre-infirmier-ere-peut-faire\/supplement-en-fer-dans-linsuffisance-cardiaque\/#breadcrumb\"},\"inLanguage\":\"fr-FR\",\"potentialAction\":[{\"@type\":\"ReadAction\",\"target\":[\"https:\/\/www.heartfailurematters.org\/fr\/ce-que-votre-medecin-ou-votre-infirmier-ere-peut-faire\/supplement-en-fer-dans-linsuffisance-cardiaque\/\"]}]},{\"@type\":\"ImageObject\",\"inLanguage\":\"fr-FR\",\"@id\":\"https:\/\/www.heartfailurematters.org\/fr\/ce-que-votre-medecin-ou-votre-infirmier-ere-peut-faire\/supplement-en-fer-dans-linsuffisance-cardiaque\/#primaryimage\",\"url\":\"https:\/\/www.heartfailurematters.org\/wp-content\/uploads\/2022\/03\/shutterstock_529109200-1-min.jpg\",\"contentUrl\":\"https:\/\/www.heartfailurematters.org\/wp-content\/uploads\/2022\/03\/shutterstock_529109200-1-min.jpg\",\"width\":900,\"height\":599},{\"@type\":\"BreadcrumbList\",\"@id\":\"https:\/\/www.heartfailurematters.org\/fr\/ce-que-votre-medecin-ou-votre-infirmier-ere-peut-faire\/supplement-en-fer-dans-linsuffisance-cardiaque\/#breadcrumb\",\"itemListElement\":[{\"@type\":\"ListItem\",\"position\":1,\"name\":\"Accueil\",\"item\":\"https:\/\/www.heartfailurematters.org\/fr\/\"},{\"@type\":\"ListItem\",\"position\":2,\"name\":\"Ce que votre m\u00e9decin peut faire\",\"item\":\"https:\/\/www.heartfailurematters.org\/fr\/ce-que-votre-medecin-ou-votre-infirmier-ere-peut-faire\/\"},{\"@type\":\"ListItem\",\"position\":3,\"name\":\"Suppl\u00e9ment en fer dans l&#8217;insuffisance cardiaque\"}]},{\"@type\":\"WebSite\",\"@id\":\"https:\/\/www.heartfailurematters.org\/fr\/#website\",\"url\":\"https:\/\/www.heartfailurematters.org\/fr\/\",\"name\":\"Heart Failure Matters\",\"description\":\"Practical information for patients, families and caregivers.\",\"publisher\":{\"@id\":\"https:\/\/www.heartfailurematters.org\/fr\/#organization\"},\"potentialAction\":[{\"@type\":\"SearchAction\",\"target\":{\"@type\":\"EntryPoint\",\"urlTemplate\":\"https:\/\/www.heartfailurematters.org\/fr\/?s={search_term_string}\"},\"query-input\":{\"@type\":\"PropertyValueSpecification\",\"valueRequired\":true,\"valueName\":\"search_term_string\"}}],\"inLanguage\":\"fr-FR\"},{\"@type\":\"Organization\",\"@id\":\"https:\/\/www.heartfailurematters.org\/fr\/#organization\",\"name\":\"Heart Failure Matters\",\"url\":\"https:\/\/www.heartfailurematters.org\/fr\/\",\"logo\":{\"@type\":\"ImageObject\",\"inLanguage\":\"fr-FR\",\"@id\":\"https:\/\/www.heartfailurematters.org\/fr\/#\/schema\/logo\/image\/\",\"url\":\"https:\/\/cdn-endpoint-hfm.azureedge.net\/heartfailurematters\/2024\/07\/hfm-logo1.jpg\",\"contentUrl\":\"https:\/\/cdn-endpoint-hfm.azureedge.net\/heartfailurematters\/2024\/07\/hfm-logo1.jpg\",\"width\":1280,\"height\":720,\"caption\":\"Heart Failure Matters\"},\"image\":{\"@id\":\"https:\/\/www.heartfailurematters.org\/fr\/#\/schema\/logo\/image\/\"},\"sameAs\":[\"https:\/\/www.facebook.com\/heartfailurematters\"]}]}<\/script>\n<!-- \/ Yoast SEO plugin. -->","yoast_head_json":{"title":"Suppl\u00e9ment en fer dans l'insuffisance cardiaque - Heart Failure Matters","description":"Chez les patients souffrant d'une insuffisance cardiaque et d'une carence en fer, la suppl\u00e9mentation orale en fer est inefficace en raison d'une tr\u00e8s mauvaise absorption.","robots":{"index":"index","follow":"follow","max-snippet":"max-snippet:-1","max-image-preview":"max-image-preview:large","max-video-preview":"max-video-preview:-1"},"canonical":"https:\/\/www.heartfailurematters.org\/fr\/ce-que-votre-medecin-ou-votre-infirmier-ere-peut-faire\/supplement-en-fer-dans-linsuffisance-cardiaque\/","og_locale":"fr_FR","og_type":"article","og_title":"Suppl\u00e9ment en fer dans l'insuffisance cardiaque - Heart Failure Matters","og_description":"Chez les patients souffrant d'une insuffisance cardiaque et d'une carence en fer, la suppl\u00e9mentation orale en fer est inefficace en raison d'une tr\u00e8s mauvaise absorption.","og_url":"https:\/\/www.heartfailurematters.org\/fr\/ce-que-votre-medecin-ou-votre-infirmier-ere-peut-faire\/supplement-en-fer-dans-linsuffisance-cardiaque\/","og_site_name":"Heart Failure Matters","article_publisher":"https:\/\/www.facebook.com\/heartfailurematters","article_modified_time":"2021-06-25T13:12:58+00:00","og_image":[{"width":900,"height":599,"url":"https:\/\/www.heartfailurematters.org\/wp-content\/uploads\/2022\/03\/shutterstock_529109200-1-min.jpg","type":"image\/jpeg"}],"twitter_card":"summary_large_image","twitter_misc":{"Dur\u00e9e de lecture estim\u00e9e":"2 minutes"},"schema":{"@context":"https:\/\/schema.org","@graph":[{"@type":"WebPage","@id":"https:\/\/www.heartfailurematters.org\/fr\/ce-que-votre-medecin-ou-votre-infirmier-ere-peut-faire\/supplement-en-fer-dans-linsuffisance-cardiaque\/","url":"https:\/\/www.heartfailurematters.org\/fr\/ce-que-votre-medecin-ou-votre-infirmier-ere-peut-faire\/supplement-en-fer-dans-linsuffisance-cardiaque\/","name":"Suppl\u00e9ment en fer dans l'insuffisance cardiaque - Heart Failure Matters","isPartOf":{"@id":"https:\/\/www.heartfailurematters.org\/fr\/#website"},"primaryImageOfPage":{"@id":"https:\/\/www.heartfailurematters.org\/fr\/ce-que-votre-medecin-ou-votre-infirmier-ere-peut-faire\/supplement-en-fer-dans-linsuffisance-cardiaque\/#primaryimage"},"image":{"@id":"https:\/\/www.heartfailurematters.org\/fr\/ce-que-votre-medecin-ou-votre-infirmier-ere-peut-faire\/supplement-en-fer-dans-linsuffisance-cardiaque\/#primaryimage"},"thumbnailUrl":"https:\/\/www.heartfailurematters.org\/wp-content\/uploads\/2022\/03\/shutterstock_529109200-1-min.jpg","datePublished":"2021-04-19T09:32:00+00:00","dateModified":"2021-06-25T13:12:58+00:00","description":"Chez les patients souffrant d'une insuffisance cardiaque et d'une carence en fer, la suppl\u00e9mentation orale en fer est inefficace en raison d'une tr\u00e8s mauvaise absorption.","breadcrumb":{"@id":"https:\/\/www.heartfailurematters.org\/fr\/ce-que-votre-medecin-ou-votre-infirmier-ere-peut-faire\/supplement-en-fer-dans-linsuffisance-cardiaque\/#breadcrumb"},"inLanguage":"fr-FR","potentialAction":[{"@type":"ReadAction","target":["https:\/\/www.heartfailurematters.org\/fr\/ce-que-votre-medecin-ou-votre-infirmier-ere-peut-faire\/supplement-en-fer-dans-linsuffisance-cardiaque\/"]}]},{"@type":"ImageObject","inLanguage":"fr-FR","@id":"https:\/\/www.heartfailurematters.org\/fr\/ce-que-votre-medecin-ou-votre-infirmier-ere-peut-faire\/supplement-en-fer-dans-linsuffisance-cardiaque\/#primaryimage","url":"https:\/\/www.heartfailurematters.org\/wp-content\/uploads\/2022\/03\/shutterstock_529109200-1-min.jpg","contentUrl":"https:\/\/www.heartfailurematters.org\/wp-content\/uploads\/2022\/03\/shutterstock_529109200-1-min.jpg","width":900,"height":599},{"@type":"BreadcrumbList","@id":"https:\/\/www.heartfailurematters.org\/fr\/ce-que-votre-medecin-ou-votre-infirmier-ere-peut-faire\/supplement-en-fer-dans-linsuffisance-cardiaque\/#breadcrumb","itemListElement":[{"@type":"ListItem","position":1,"name":"Accueil","item":"https:\/\/www.heartfailurematters.org\/fr\/"},{"@type":"ListItem","position":2,"name":"Ce que votre m\u00e9decin peut faire","item":"https:\/\/www.heartfailurematters.org\/fr\/ce-que-votre-medecin-ou-votre-infirmier-ere-peut-faire\/"},{"@type":"ListItem","position":3,"name":"Suppl\u00e9ment en fer dans l&#8217;insuffisance cardiaque"}]},{"@type":"WebSite","@id":"https:\/\/www.heartfailurematters.org\/fr\/#website","url":"https:\/\/www.heartfailurematters.org\/fr\/","name":"Heart Failure Matters","description":"Practical information for patients, families and caregivers.","publisher":{"@id":"https:\/\/www.heartfailurematters.org\/fr\/#organization"},"potentialAction":[{"@type":"SearchAction","target":{"@type":"EntryPoint","urlTemplate":"https:\/\/www.heartfailurematters.org\/fr\/?s={search_term_string}"},"query-input":{"@type":"PropertyValueSpecification","valueRequired":true,"valueName":"search_term_string"}}],"inLanguage":"fr-FR"},{"@type":"Organization","@id":"https:\/\/www.heartfailurematters.org\/fr\/#organization","name":"Heart Failure Matters","url":"https:\/\/www.heartfailurematters.org\/fr\/","logo":{"@type":"ImageObject","inLanguage":"fr-FR","@id":"https:\/\/www.heartfailurematters.org\/fr\/#\/schema\/logo\/image\/","url":"https:\/\/cdn-endpoint-hfm.azureedge.net\/heartfailurematters\/2024\/07\/hfm-logo1.jpg","contentUrl":"https:\/\/cdn-endpoint-hfm.azureedge.net\/heartfailurematters\/2024\/07\/hfm-logo1.jpg","width":1280,"height":720,"caption":"Heart Failure Matters"},"image":{"@id":"https:\/\/www.heartfailurematters.org\/fr\/#\/schema\/logo\/image\/"},"sameAs":["https:\/\/www.facebook.com\/heartfailurematters"]}]}},"_links":{"self":[{"href":"https:\/\/www.heartfailurematters.org\/fr\/wp-json\/wp\/v2\/pages\/8826","targetHints":{"allow":["GET"]}}],"collection":[{"href":"https:\/\/www.heartfailurematters.org\/fr\/wp-json\/wp\/v2\/pages"}],"about":[{"href":"https:\/\/www.heartfailurematters.org\/fr\/wp-json\/wp\/v2\/types\/page"}],"author":[{"embeddable":true,"href":"https:\/\/www.heartfailurematters.org\/fr\/wp-json\/wp\/v2\/users\/1"}],"replies":[{"embeddable":true,"href":"https:\/\/www.heartfailurematters.org\/fr\/wp-json\/wp\/v2\/comments?post=8826"}],"version-history":[{"count":2,"href":"https:\/\/www.heartfailurematters.org\/fr\/wp-json\/wp\/v2\/pages\/8826\/revisions"}],"predecessor-version":[{"id":9104,"href":"https:\/\/www.heartfailurematters.org\/fr\/wp-json\/wp\/v2\/pages\/8826\/revisions\/9104"}],"up":[{"embeddable":true,"href":"https:\/\/www.heartfailurematters.org\/fr\/wp-json\/wp\/v2\/pages\/2679"}],"wp:featuredmedia":[{"embeddable":true,"href":"https:\/\/www.heartfailurematters.org\/fr\/wp-json\/wp\/v2\/media\/10777"}],"wp:attachment":[{"href":"https:\/\/www.heartfailurematters.org\/fr\/wp-json\/wp\/v2\/media?parent=8826"}],"wp:term":[{"taxonomy":"category","embeddable":true,"href":"https:\/\/www.heartfailurematters.org\/fr\/wp-json\/wp\/v2\/categories?post=8826"},{"taxonomy":"post_tag","embeddable":true,"href":"https:\/\/www.heartfailurematters.org\/fr\/wp-json\/wp\/v2\/tags?post=8826"}],"curies":[{"name":"wp","href":"https:\/\/api.w.org\/{rel}","templated":true}]}}