{"id":8817,"date":"2021-04-19T10:31:56","date_gmt":"2021-04-19T09:31:56","guid":{"rendered":"https:\/\/www.heartfailurematters.org\/causes-de-linsuffisance-cardiaque-et-autres-problemes-medicaux-courants\/apnee-centrale-du-sommeil\/"},"modified":"2021-08-12T11:10:52","modified_gmt":"2021-08-12T10:10:52","slug":"apnee-centrale-du-sommeil","status":"publish","type":"page","link":"https:\/\/www.heartfailurematters.org\/fr\/causes-de-linsuffisance-cardiaque-et-autres-problemes-medicaux-courants\/apnee-centrale-du-sommeil\/","title":{"rendered":"Apn\u00e9e centrale du sommeil"},"content":{"rendered":"<p>Le terme apn\u00e9e signifie qu&rsquo;une personne cesse de respirer pendant une courte p\u00e9riode. Les patients souffrant d&rsquo;insuffisance cardiaque \u00e9prouvent souvent des troubles du sommeil la nuit, qui peuvent inclure une apn\u00e9e et des \u00e9pisodes de dyspn\u00e9e paroxystique qui se manifestent g\u00e9n\u00e9ralement par un essoufflement soudain lorsqu&rsquo;ils sont allong\u00e9s, ce qui peut entra\u00eener un \u00e9veil et la n\u00e9cessit\u00e9 de s&rsquo;asseoir ou de se lever. Un rythme respiratoire anormal pendant la nuit est observ\u00e9 (appel\u00e9 respiration d\u00e9sordonn\u00e9e du sommeil). Les types les plus courants de respiration d\u00e9sordonn\u00e9e du sommeil sont l&rsquo;apn\u00e9e centrale du sommeil, l&rsquo;apn\u00e9e obstructive du sommeil ou un m\u00e9lange des deux. Un examen attentif des ant\u00e9c\u00e9dents de sommeil est essentiel pour \u00e9tablir le diagnostic. Cela consiste \u00e0 demander \u00e0 un partenaire comment le patient souffrant d&rsquo;insuffisance cardiaque dort, y compris une description d\u00e9taill\u00e9e du rythme respiratoire. Il est important, en particulier, de poser des questions sur les \u00e9pisodes d&rsquo;arr\u00eat respiratoire li\u00e9s au ronflement.<\/p>\n<p><strong>L&rsquo;apn\u00e9e centrale du sommeil<\/strong> est un trouble li\u00e9 au sommeil dans lequel le patient cesse de respirer pendant la nuit (ou sa respiration diminue sensiblement), g\u00e9n\u00e9ralement pendant 10 \u00e0 30 secondes, soit par intermittence, soit par cycles. Dans certains cas, cela peut ressembler \u00e0 des phases respiratoires rythmiques, croissantes et d\u00e9croissantes, incluant des \u00e9pisodes d&rsquo;apn\u00e9e (arr\u00eat respiratoire) appel\u00e9es respiration de Cheyne\u2013Stokes. En cas d&rsquo;insuffisance cardiaque, ce rythme est caus\u00e9 par des signaux anormaux envoy\u00e9s par le cerveau. Les patients souffrant d&rsquo;insuffisance cardiaque peuvent avoir une circulation plus lente qui peut emp\u00eacher de d\u00e9tecter rapidement des niveaux changeants de gaz sanguins (oxyg\u00e8ne et dioxyde de carbone). Cela provoque la diminution, voire l&rsquo;arr\u00eat, de l&rsquo;envoi des signaux de respiration aux muscles respiratoires qui se trouvent dans la poitrine et le diaphragme. Cette respiration d\u00e9sordonn\u00e9e du sommeil est diff\u00e9rente de <strong>l&rsquo;apn\u00e9e obstructive du sommeil<\/strong> (qui peut \u00e9galement \u00eatre pr\u00e9sente dans l&rsquo;insuffisance cardiaque) et est caus\u00e9e par une interruption de la respiration due \u00e0 une obstruction partielle du flux d&rsquo;air normal dans les voies respiratoires sup\u00e9rieures, habituellement associ\u00e9e au ronflement.<\/p>\n<p>Une diminution du taux d&rsquo;oxyg\u00e8ne dans le sang due \u00e0 une respiration superficielle ou \u00e0 de longues pauses respiratoires peut \u00eatre nocive car elle peut provoquer un r\u00e9veil fr\u00e9quent des patients tout au long de la nuit, entra\u00eenant des difficult\u00e9s \u00e0 s&rsquo;endormir (insomnie) et une fatigue pendant la journ\u00e9e. Ce d\u00e9ficit en oxyg\u00e8ne peut \u00e9galement d\u00e9clencher des pouss\u00e9es de stimulation dans le syst\u00e8me nerveux sympathique, qui r\u00e9gule la tension art\u00e9rielle et la fr\u00e9quence cardiaque, et cette activation peut avoir des effets n\u00e9gatifs sur le syst\u00e8me cardiovasculaire.<\/p>\n<p>&nbsp;<\/p>\n<h3>Apn\u00e9e et insuffisance cardiaque<\/h3>\n<p>Les patients souffrant d&rsquo;insuffisance cardiaque et d&rsquo;apn\u00e9e centrale du sommeil signalent g\u00e9n\u00e9ralement des r\u00e9veils brusques accompagn\u00e9s d&rsquo;un essoufflement, de difficult\u00e9s \u00e0 dormir, de difficult\u00e9s \u00e0 se concentrer, de maux de t\u00eate matinaux et d&rsquo;une somnolence diurne excessive. Cela peut provoquer l&rsquo;endormissement d&rsquo;un patient au travail ou m\u00eame pendant une activit\u00e9 quotidienne normale. Les patients signalent \u00e9galement une fatigue et une alt\u00e9ration suppl\u00e9mentaire de la tol\u00e9rance \u00e0 l&rsquo;exercice physique. L&rsquo;anxi\u00e9t\u00e9 et la d\u00e9pression peuvent compliquer les sympt\u00f4mes.<\/p>\n<p>G\u00e9n\u00e9ralement, le ronflement est li\u00e9 \u00e0 une respiration d\u00e9sordonn\u00e9e du sommeil, mais il indique plus souvent un certain degr\u00e9 d&rsquo;obstruction des voies respiratoires sup\u00e9rieures (apn\u00e9e obstructive du sommeil). Cependant, des ronflements et une respiration d\u00e9sordonn\u00e9e du sommeil peuvent \u00e9galement \u00eatre pr\u00e9sents chez des patients ne pr\u00e9sentant aucune obstruction (apn\u00e9e centrale du sommeil). Fait important, l&rsquo;apn\u00e9e centrale du sommeil nuit non seulement \u00e0 la qualit\u00e9 de vie, mais est \u00e9galement associ\u00e9e \u00e0 un mauvais pronostic avec des hospitalisations plus fr\u00e9quentes, un risque plus \u00e9lev\u00e9 d&rsquo;anomalies du rythme cardiaque et de complications potentiellement graves.<\/p>\n<p>Le diagnostic de la respiration d\u00e9sordonn\u00e9e du sommeil n\u00e9cessite un examen d\u00e9taill\u00e9 des ant\u00e9c\u00e9dents de sommeil du patient. Les questionnaires sont \u00e9galement souvent utiles. Une polysomnographie de nuit, au cours de laquelle le rythme respiratoire est soigneusement surveill\u00e9 et analys\u00e9, peut \u00eatre recommand\u00e9e. La confirmation d&rsquo;un diagnostic final d&rsquo;apn\u00e9e du sommeil n\u00e9cessite parfois d&rsquo;\u00eatre examin\u00e9 par un sp\u00e9cialiste utilisant des \u00e9quipements avanc\u00e9s pour \u00e9tudier un patient dans un laboratoire du sommeil.<\/p>\n<p>Les traitements de l&rsquo;apn\u00e9e centrale du sommeil chez les patients souffrant d&rsquo;une insuffisance cardiaque sont encore controvers\u00e9s. L&rsquo;optimisation du traitement de l&rsquo;insuffisance cardiaque est essentielle, de pr\u00e9f\u00e9rence par une \u00e9quipe de gestion de l&rsquo;insuffisance cardiaque, en utilisant des m\u00e9dicaments appropri\u00e9s et des interventions sp\u00e9cifiques, telles que des dispositifs lorsque cela est indiqu\u00e9. Une psychoth\u00e9rapie peut \u00eatre recommand\u00e9e chez certains patients. Cependant, il n&rsquo;existe actuellement aucune forme particuli\u00e8re de traitement dont il a \u00e9t\u00e9 prouv\u00e9 qu&rsquo;il am\u00e9liorait les r\u00e9sultats. Dans le pass\u00e9, des masques respiratoires \u00e0 pression positive \u00e9taient parfois recommand\u00e9s, mais des preuves r\u00e9centes indiquent qu&rsquo;ils ne sont pas utiles pour les patients souffrant d&rsquo;une insuffisance cardiaque. D&rsquo;autres dispositifs d&rsquo;alarme relativement simples qui r\u00e9agissent pendant les p\u00e9riodes d&rsquo;apn\u00e9e peuvent \u00eatre utiles. Chez certains patients pr\u00e9sentant des sympt\u00f4mes graves, un traitement par stimulation nerveuse dite phr\u00e9nique avec un dispositif ressemblant \u00e0 un stimulateur cardiaque peut \u00eatre envisag\u00e9. Ce dispositif est programm\u00e9 pour surveiller la respiration et d\u00e9tecter les arr\u00eats respiratoires et les longues p\u00e9riodes d&rsquo;apn\u00e9e. L&rsquo;appareil stimulera alors le diaphragme pour r\u00e9tablir une ventilation et une respiration ad\u00e9quates jusqu&rsquo;\u00e0 ce que la respiration normale reprenne.<\/p>\n<p>&nbsp;<\/p>\n<p><a href=\"https:\/\/www.heartfailurematters.org\/heart-failure-causes-and-other-common-medical-conditions\/other-common-medical-conditions-and-heart-failure\/\">Retour \u00e0 Autres probl\u00e8mes m\u00e9dicaux courants et insuffisance cardiaque<\/a><\/p>\n","protected":false},"excerpt":{"rendered":"<p>Le terme apn\u00e9e signifie qu&rsquo;une personne cesse de respirer pendant une courte p\u00e9riode. Les patients souffrant d&rsquo;insuffisance cardiaque \u00e9prouvent souvent des troubles du sommeil la nuit, qui peuvent inclure une apn\u00e9e et des \u00e9pisodes de dyspn\u00e9e paroxystique qui se manifestent g\u00e9n\u00e9ralement par un essoufflement soudain lorsqu&rsquo;ils sont allong\u00e9s, ce qui peut entra\u00eener un \u00e9veil et [&hellip;]<\/p>\n","protected":false},"author":1,"featured_media":10818,"parent":8045,"menu_order":20,"comment_status":"closed","ping_status":"closed","template":"","meta":{"_acf_changed":false,"footnotes":""},"categories":[],"tags":[],"class_list":["post-8817","page","type-page","status-publish","has-post-thumbnail","hentry"],"acf":[],"yoast_head":"<!-- This site is optimized with the Yoast SEO plugin v24.8.1 - https:\/\/yoast.com\/wordpress\/plugins\/seo\/ -->\n<title>Apn\u00e9e centrale du sommeil - Heart Failure Matters<\/title>\n<meta name=\"description\" content=\"Les patients souffrant d&#039;insuffisance cardiaque et d&#039;apn\u00e9e centrale du sommeil font g\u00e9n\u00e9ralement \u00e9tat de r\u00e9veils brusques accompagn\u00e9s d&#039;un essoufflement et de difficult\u00e9s \u00e0 rester endormis. En savoir plus.\" \/>\n<meta name=\"robots\" content=\"index, follow, max-snippet:-1, max-image-preview:large, max-video-preview:-1\" \/>\n<link rel=\"canonical\" href=\"https:\/\/www.heartfailurematters.org\/fr\/causes-de-linsuffisance-cardiaque-et-autres-problemes-medicaux-courants\/apnee-centrale-du-sommeil\/\" \/>\n<meta property=\"og:locale\" content=\"fr_FR\" \/>\n<meta property=\"og:type\" content=\"article\" \/>\n<meta property=\"og:title\" content=\"Apn\u00e9e centrale du sommeil - Heart Failure Matters\" \/>\n<meta property=\"og:description\" content=\"Les patients souffrant d&#039;insuffisance cardiaque et d&#039;apn\u00e9e centrale du sommeil font g\u00e9n\u00e9ralement \u00e9tat de r\u00e9veils brusques accompagn\u00e9s d&#039;un essoufflement et de difficult\u00e9s \u00e0 rester endormis. En savoir plus.\" \/>\n<meta property=\"og:url\" content=\"https:\/\/www.heartfailurematters.org\/fr\/causes-de-linsuffisance-cardiaque-et-autres-problemes-medicaux-courants\/apnee-centrale-du-sommeil\/\" \/>\n<meta property=\"og:site_name\" content=\"Heart Failure Matters\" \/>\n<meta property=\"article:publisher\" content=\"https:\/\/www.facebook.com\/heartfailurematters\" \/>\n<meta property=\"article:modified_time\" content=\"2021-08-12T10:10:52+00:00\" \/>\n<meta property=\"og:image\" content=\"https:\/\/www.heartfailurematters.org\/wp-content\/uploads\/2022\/03\/shutterstock_388567126-1-min.jpg\" \/>\n\t<meta property=\"og:image:width\" content=\"900\" \/>\n\t<meta property=\"og:image:height\" content=\"600\" \/>\n\t<meta property=\"og:image:type\" content=\"image\/jpeg\" \/>\n<meta name=\"twitter:card\" content=\"summary_large_image\" \/>\n<meta name=\"twitter:label1\" content=\"Dur\u00e9e de lecture estim\u00e9e\" \/>\n\t<meta name=\"twitter:data1\" content=\"5 minutes\" \/>\n<script type=\"application\/ld+json\" class=\"yoast-schema-graph\">{\"@context\":\"https:\/\/schema.org\",\"@graph\":[{\"@type\":\"WebPage\",\"@id\":\"https:\/\/www.heartfailurematters.org\/fr\/causes-de-linsuffisance-cardiaque-et-autres-problemes-medicaux-courants\/apnee-centrale-du-sommeil\/\",\"url\":\"https:\/\/www.heartfailurematters.org\/fr\/causes-de-linsuffisance-cardiaque-et-autres-problemes-medicaux-courants\/apnee-centrale-du-sommeil\/\",\"name\":\"Apn\u00e9e centrale du sommeil - Heart Failure Matters\",\"isPartOf\":{\"@id\":\"https:\/\/www.heartfailurematters.org\/fr\/#website\"},\"primaryImageOfPage\":{\"@id\":\"https:\/\/www.heartfailurematters.org\/fr\/causes-de-linsuffisance-cardiaque-et-autres-problemes-medicaux-courants\/apnee-centrale-du-sommeil\/#primaryimage\"},\"image\":{\"@id\":\"https:\/\/www.heartfailurematters.org\/fr\/causes-de-linsuffisance-cardiaque-et-autres-problemes-medicaux-courants\/apnee-centrale-du-sommeil\/#primaryimage\"},\"thumbnailUrl\":\"https:\/\/www.heartfailurematters.org\/wp-content\/uploads\/2022\/03\/shutterstock_388567126-1-min.jpg\",\"datePublished\":\"2021-04-19T09:31:56+00:00\",\"dateModified\":\"2021-08-12T10:10:52+00:00\",\"description\":\"Les patients souffrant d'insuffisance cardiaque et d'apn\u00e9e centrale du sommeil font g\u00e9n\u00e9ralement \u00e9tat de r\u00e9veils brusques accompagn\u00e9s d'un essoufflement et de difficult\u00e9s \u00e0 rester endormis. En savoir plus.\",\"breadcrumb\":{\"@id\":\"https:\/\/www.heartfailurematters.org\/fr\/causes-de-linsuffisance-cardiaque-et-autres-problemes-medicaux-courants\/apnee-centrale-du-sommeil\/#breadcrumb\"},\"inLanguage\":\"fr-FR\",\"potentialAction\":[{\"@type\":\"ReadAction\",\"target\":[\"https:\/\/www.heartfailurematters.org\/fr\/causes-de-linsuffisance-cardiaque-et-autres-problemes-medicaux-courants\/apnee-centrale-du-sommeil\/\"]}]},{\"@type\":\"ImageObject\",\"inLanguage\":\"fr-FR\",\"@id\":\"https:\/\/www.heartfailurematters.org\/fr\/causes-de-linsuffisance-cardiaque-et-autres-problemes-medicaux-courants\/apnee-centrale-du-sommeil\/#primaryimage\",\"url\":\"https:\/\/www.heartfailurematters.org\/wp-content\/uploads\/2022\/03\/shutterstock_388567126-1-min.jpg\",\"contentUrl\":\"https:\/\/www.heartfailurematters.org\/wp-content\/uploads\/2022\/03\/shutterstock_388567126-1-min.jpg\",\"width\":900,\"height\":600},{\"@type\":\"BreadcrumbList\",\"@id\":\"https:\/\/www.heartfailurematters.org\/fr\/causes-de-linsuffisance-cardiaque-et-autres-problemes-medicaux-courants\/apnee-centrale-du-sommeil\/#breadcrumb\",\"itemListElement\":[{\"@type\":\"ListItem\",\"position\":1,\"name\":\"Accueil\",\"item\":\"https:\/\/www.heartfailurematters.org\/fr\/\"},{\"@type\":\"ListItem\",\"position\":2,\"name\":\"Causes de l&#8217;insuffisance cardiaque et autres probl\u00e8mes m\u00e9dicaux associ\u00e9s\",\"item\":\"https:\/\/www.heartfailurematters.org\/fr\/causes-de-linsuffisance-cardiaque-et-autres-problemes-medicaux-courants\/\"},{\"@type\":\"ListItem\",\"position\":3,\"name\":\"Apn\u00e9e centrale du sommeil\"}]},{\"@type\":\"WebSite\",\"@id\":\"https:\/\/www.heartfailurematters.org\/fr\/#website\",\"url\":\"https:\/\/www.heartfailurematters.org\/fr\/\",\"name\":\"Heart Failure Matters\",\"description\":\"Practical information for patients, families and caregivers.\",\"publisher\":{\"@id\":\"https:\/\/www.heartfailurematters.org\/fr\/#organization\"},\"potentialAction\":[{\"@type\":\"SearchAction\",\"target\":{\"@type\":\"EntryPoint\",\"urlTemplate\":\"https:\/\/www.heartfailurematters.org\/fr\/?s={search_term_string}\"},\"query-input\":{\"@type\":\"PropertyValueSpecification\",\"valueRequired\":true,\"valueName\":\"search_term_string\"}}],\"inLanguage\":\"fr-FR\"},{\"@type\":\"Organization\",\"@id\":\"https:\/\/www.heartfailurematters.org\/fr\/#organization\",\"name\":\"Heart Failure Matters\",\"url\":\"https:\/\/www.heartfailurematters.org\/fr\/\",\"logo\":{\"@type\":\"ImageObject\",\"inLanguage\":\"fr-FR\",\"@id\":\"https:\/\/www.heartfailurematters.org\/fr\/#\/schema\/logo\/image\/\",\"url\":\"https:\/\/cdn-endpoint-hfm.azureedge.net\/heartfailurematters\/2024\/07\/hfm-logo1.jpg\",\"contentUrl\":\"https:\/\/cdn-endpoint-hfm.azureedge.net\/heartfailurematters\/2024\/07\/hfm-logo1.jpg\",\"width\":1280,\"height\":720,\"caption\":\"Heart Failure Matters\"},\"image\":{\"@id\":\"https:\/\/www.heartfailurematters.org\/fr\/#\/schema\/logo\/image\/\"},\"sameAs\":[\"https:\/\/www.facebook.com\/heartfailurematters\"]}]}<\/script>\n<!-- \/ Yoast SEO plugin. -->","yoast_head_json":{"title":"Apn\u00e9e centrale du sommeil - Heart Failure Matters","description":"Les patients souffrant d'insuffisance cardiaque et d'apn\u00e9e centrale du sommeil font g\u00e9n\u00e9ralement \u00e9tat de r\u00e9veils brusques accompagn\u00e9s d'un essoufflement et de difficult\u00e9s \u00e0 rester endormis. En savoir plus.","robots":{"index":"index","follow":"follow","max-snippet":"max-snippet:-1","max-image-preview":"max-image-preview:large","max-video-preview":"max-video-preview:-1"},"canonical":"https:\/\/www.heartfailurematters.org\/fr\/causes-de-linsuffisance-cardiaque-et-autres-problemes-medicaux-courants\/apnee-centrale-du-sommeil\/","og_locale":"fr_FR","og_type":"article","og_title":"Apn\u00e9e centrale du sommeil - Heart Failure Matters","og_description":"Les patients souffrant d'insuffisance cardiaque et d'apn\u00e9e centrale du sommeil font g\u00e9n\u00e9ralement \u00e9tat de r\u00e9veils brusques accompagn\u00e9s d'un essoufflement et de difficult\u00e9s \u00e0 rester endormis. En savoir plus.","og_url":"https:\/\/www.heartfailurematters.org\/fr\/causes-de-linsuffisance-cardiaque-et-autres-problemes-medicaux-courants\/apnee-centrale-du-sommeil\/","og_site_name":"Heart Failure Matters","article_publisher":"https:\/\/www.facebook.com\/heartfailurematters","article_modified_time":"2021-08-12T10:10:52+00:00","og_image":[{"width":900,"height":600,"url":"https:\/\/www.heartfailurematters.org\/wp-content\/uploads\/2022\/03\/shutterstock_388567126-1-min.jpg","type":"image\/jpeg"}],"twitter_card":"summary_large_image","twitter_misc":{"Dur\u00e9e de lecture estim\u00e9e":"5 minutes"},"schema":{"@context":"https:\/\/schema.org","@graph":[{"@type":"WebPage","@id":"https:\/\/www.heartfailurematters.org\/fr\/causes-de-linsuffisance-cardiaque-et-autres-problemes-medicaux-courants\/apnee-centrale-du-sommeil\/","url":"https:\/\/www.heartfailurematters.org\/fr\/causes-de-linsuffisance-cardiaque-et-autres-problemes-medicaux-courants\/apnee-centrale-du-sommeil\/","name":"Apn\u00e9e centrale du sommeil - Heart Failure Matters","isPartOf":{"@id":"https:\/\/www.heartfailurematters.org\/fr\/#website"},"primaryImageOfPage":{"@id":"https:\/\/www.heartfailurematters.org\/fr\/causes-de-linsuffisance-cardiaque-et-autres-problemes-medicaux-courants\/apnee-centrale-du-sommeil\/#primaryimage"},"image":{"@id":"https:\/\/www.heartfailurematters.org\/fr\/causes-de-linsuffisance-cardiaque-et-autres-problemes-medicaux-courants\/apnee-centrale-du-sommeil\/#primaryimage"},"thumbnailUrl":"https:\/\/www.heartfailurematters.org\/wp-content\/uploads\/2022\/03\/shutterstock_388567126-1-min.jpg","datePublished":"2021-04-19T09:31:56+00:00","dateModified":"2021-08-12T10:10:52+00:00","description":"Les patients souffrant d'insuffisance cardiaque et d'apn\u00e9e centrale du sommeil font g\u00e9n\u00e9ralement \u00e9tat de r\u00e9veils brusques accompagn\u00e9s d'un essoufflement et de difficult\u00e9s \u00e0 rester endormis. En savoir plus.","breadcrumb":{"@id":"https:\/\/www.heartfailurematters.org\/fr\/causes-de-linsuffisance-cardiaque-et-autres-problemes-medicaux-courants\/apnee-centrale-du-sommeil\/#breadcrumb"},"inLanguage":"fr-FR","potentialAction":[{"@type":"ReadAction","target":["https:\/\/www.heartfailurematters.org\/fr\/causes-de-linsuffisance-cardiaque-et-autres-problemes-medicaux-courants\/apnee-centrale-du-sommeil\/"]}]},{"@type":"ImageObject","inLanguage":"fr-FR","@id":"https:\/\/www.heartfailurematters.org\/fr\/causes-de-linsuffisance-cardiaque-et-autres-problemes-medicaux-courants\/apnee-centrale-du-sommeil\/#primaryimage","url":"https:\/\/www.heartfailurematters.org\/wp-content\/uploads\/2022\/03\/shutterstock_388567126-1-min.jpg","contentUrl":"https:\/\/www.heartfailurematters.org\/wp-content\/uploads\/2022\/03\/shutterstock_388567126-1-min.jpg","width":900,"height":600},{"@type":"BreadcrumbList","@id":"https:\/\/www.heartfailurematters.org\/fr\/causes-de-linsuffisance-cardiaque-et-autres-problemes-medicaux-courants\/apnee-centrale-du-sommeil\/#breadcrumb","itemListElement":[{"@type":"ListItem","position":1,"name":"Accueil","item":"https:\/\/www.heartfailurematters.org\/fr\/"},{"@type":"ListItem","position":2,"name":"Causes de l&#8217;insuffisance cardiaque et autres probl\u00e8mes m\u00e9dicaux associ\u00e9s","item":"https:\/\/www.heartfailurematters.org\/fr\/causes-de-linsuffisance-cardiaque-et-autres-problemes-medicaux-courants\/"},{"@type":"ListItem","position":3,"name":"Apn\u00e9e centrale du sommeil"}]},{"@type":"WebSite","@id":"https:\/\/www.heartfailurematters.org\/fr\/#website","url":"https:\/\/www.heartfailurematters.org\/fr\/","name":"Heart Failure Matters","description":"Practical information for patients, families and caregivers.","publisher":{"@id":"https:\/\/www.heartfailurematters.org\/fr\/#organization"},"potentialAction":[{"@type":"SearchAction","target":{"@type":"EntryPoint","urlTemplate":"https:\/\/www.heartfailurematters.org\/fr\/?s={search_term_string}"},"query-input":{"@type":"PropertyValueSpecification","valueRequired":true,"valueName":"search_term_string"}}],"inLanguage":"fr-FR"},{"@type":"Organization","@id":"https:\/\/www.heartfailurematters.org\/fr\/#organization","name":"Heart Failure Matters","url":"https:\/\/www.heartfailurematters.org\/fr\/","logo":{"@type":"ImageObject","inLanguage":"fr-FR","@id":"https:\/\/www.heartfailurematters.org\/fr\/#\/schema\/logo\/image\/","url":"https:\/\/cdn-endpoint-hfm.azureedge.net\/heartfailurematters\/2024\/07\/hfm-logo1.jpg","contentUrl":"https:\/\/cdn-endpoint-hfm.azureedge.net\/heartfailurematters\/2024\/07\/hfm-logo1.jpg","width":1280,"height":720,"caption":"Heart Failure Matters"},"image":{"@id":"https:\/\/www.heartfailurematters.org\/fr\/#\/schema\/logo\/image\/"},"sameAs":["https:\/\/www.facebook.com\/heartfailurematters"]}]}},"_links":{"self":[{"href":"https:\/\/www.heartfailurematters.org\/fr\/wp-json\/wp\/v2\/pages\/8817","targetHints":{"allow":["GET"]}}],"collection":[{"href":"https:\/\/www.heartfailurematters.org\/fr\/wp-json\/wp\/v2\/pages"}],"about":[{"href":"https:\/\/www.heartfailurematters.org\/fr\/wp-json\/wp\/v2\/types\/page"}],"author":[{"embeddable":true,"href":"https:\/\/www.heartfailurematters.org\/fr\/wp-json\/wp\/v2\/users\/1"}],"replies":[{"embeddable":true,"href":"https:\/\/www.heartfailurematters.org\/fr\/wp-json\/wp\/v2\/comments?post=8817"}],"version-history":[{"count":1,"href":"https:\/\/www.heartfailurematters.org\/fr\/wp-json\/wp\/v2\/pages\/8817\/revisions"}],"predecessor-version":[{"id":9082,"href":"https:\/\/www.heartfailurematters.org\/fr\/wp-json\/wp\/v2\/pages\/8817\/revisions\/9082"}],"up":[{"embeddable":true,"href":"https:\/\/www.heartfailurematters.org\/fr\/wp-json\/wp\/v2\/pages\/8045"}],"wp:featuredmedia":[{"embeddable":true,"href":"https:\/\/www.heartfailurematters.org\/fr\/wp-json\/wp\/v2\/media\/10818"}],"wp:attachment":[{"href":"https:\/\/www.heartfailurematters.org\/fr\/wp-json\/wp\/v2\/media?parent=8817"}],"wp:term":[{"taxonomy":"category","embeddable":true,"href":"https:\/\/www.heartfailurematters.org\/fr\/wp-json\/wp\/v2\/categories?post=8817"},{"taxonomy":"post_tag","embeddable":true,"href":"https:\/\/www.heartfailurematters.org\/fr\/wp-json\/wp\/v2\/tags?post=8817"}],"curies":[{"name":"wp","href":"https:\/\/api.w.org\/{rel}","templated":true}]}}