{"id":8816,"date":"2021-04-19T10:31:55","date_gmt":"2021-04-19T09:31:55","guid":{"rendered":"https:\/\/www.heartfailurematters.org\/causes-de-linsuffisance-cardiaque-et-autres-problemes-medicaux-courants\/deficience-en-fer\/"},"modified":"2021-08-12T11:11:35","modified_gmt":"2021-08-12T10:11:35","slug":"deficience-en-fer","status":"publish","type":"page","link":"https:\/\/www.heartfailurematters.org\/fr\/causes-de-linsuffisance-cardiaque-et-autres-problemes-medicaux-courants\/deficience-en-fer\/","title":{"rendered":"D\u00e9ficience en fer"},"content":{"rendered":"<p>La carence en fer est la carence nutritionnelle la plus r\u00e9pandue dans le monde. Elle est tr\u00e8s r\u00e9pandue chez les patients souffrant d&rsquo;une insuffisance cardiaque, quelle qu&rsquo;en soit la cause. Elle est \u00e9galement fr\u00e9quente chez les patients sans an\u00e9mie. La carence en fer est particuli\u00e8rement fr\u00e9quente chez les patients souffrant d&rsquo;insuffisance cardiaque qui sont \u00e2g\u00e9s et fragiles et qui souffrent souvent de plusieurs autres maladies graves telles qu&rsquo;une maladie r\u00e9nale chronique, du diab\u00e8te ou une maladie pulmonaire chronique.<\/p>\n<p>Pour la majorit\u00e9 des personnes, le fer est un nutriment indispensable \u00e0 la formation optimale des globules rouges (\u00e9rythropo\u00ef\u00e8se). Le fer est une partie essentielle de la mol\u00e9cule d&rsquo;h\u00e9moglobine qui transporte l&rsquo;oxyg\u00e8ne dans le sang. Par cons\u00e9quent, une carence en fer est traditionnellement li\u00e9e \u00e0 l&rsquo;an\u00e9mie, qui d\u00e9signe un faible taux d&rsquo;h\u00e9moglobine. L&rsquo;an\u00e9mie peut avoir de nombreuses causes, mais le plus souvent, elle est due \u00e0 une production r\u00e9duite de globules rouges par la moelle osseuse ou \u00e0 une perte de sang chronique provenant habituellement des intestins. Une carence en fer chronique peut \u00e9galement conduire \u00e0 une an\u00e9mie ferriprive. En r\u00e9alit\u00e9, chez les patients souffrant d&rsquo;une insuffisance cardiaque, une carence en fer seule est environ trois fois plus fr\u00e9quente que l&rsquo;an\u00e9mie.<\/p>\n<p>Il est important de d\u00e9tecter une carence en fer en effectuant une prise de sang de routine. Un traitement est recommand\u00e9 ind\u00e9pendamment de la pr\u00e9sence ou de l&rsquo;absence d&rsquo;an\u00e9mie. Une carence en fer pr\u00e9sente elle-m\u00eame de nombreux inconv\u00e9nients cliniques d\u00e9favorables chez les patients souffrant d&rsquo;une insuffisance cardiaque. Le fer n&rsquo;est pas seulement un \u00e9l\u00e9ment de l&rsquo;h\u00e9moglobine, il est pr\u00e9sent dans toutes les cellules de l&rsquo;organisme en tant que partie des mitochondries, qui sont des structures cellulaires responsables de la production d&rsquo;\u00e9nergie. Il n&rsquo;est donc pas surprenant que le fer soit particuli\u00e8rement n\u00e9cessaire pour les tissus \u00e0 forte demande \u00e9nerg\u00e9tique, comme le c\u0153ur et les muscles. Les sympt\u00f4mes et les cons\u00e9quences d&rsquo;une carence en fer chez les patients souffrant d&rsquo;une insuffisance cardiaque sont li\u00e9s \u00e0 un fonctionnement anormal des muscles du corps et du c\u0153ur lui-m\u00eame.<\/p>\n<p>On ignore pr\u00e9cis\u00e9ment l&rsquo;origine des carences en fer chez les patients souffrant d&rsquo;une insuffisance cardiaque. En g\u00e9n\u00e9ral, elles sont associ\u00e9es \u00e0 un apport alimentaire insuffisant en fer, \u00e0 une augmentation des pertes de fer et \u00e0 une distribution anormale du fer dans les parties du corps o\u00f9 il n&rsquo;est pas disponible pour \u00eatre utilis\u00e9 par le m\u00e9tabolisme (processus cellulaires). Une carence en fer peut \u00e9galement \u00eatre due \u00e0 une mauvaise absorption du fer par les intestins, \u00e0 l&rsquo;utilisation de certains m\u00e9dicaments qui diminuent l&rsquo;acidit\u00e9 gastrique tels que les m\u00e9dicaments couramment utilis\u00e9s pour l&rsquo;indigestion et le reflux. Certains aliments qui contiennent des\u00a0\u00ab\u00a0phytates\u00a0\u00bb, comme les c\u00e9r\u00e9ales, les graines et les haricots, peuvent r\u00e9duire l&rsquo;absorption du fer. Une perte de fer peut se produire en raison d&rsquo;une perte de sang menstruelle ou de certains troubles gastro-intestinaux courants, par exemple, un ulc\u00e8re peptique ou une colite.<\/p>\n<p>Une carence en fer chez les patients souffrant d&rsquo;une insuffisance cardiaque peut entra\u00eener une aggravation des sympt\u00f4mes types tels qu&rsquo;un souffle court, une fatigue, une capacit\u00e9 d&rsquo;exercice physique r\u00e9duite et une mauvaise qualit\u00e9 de vie. Une carence en fer augmente \u00e9galement le risque d&rsquo;hospitalisation d\u00fb \u00e0 l&rsquo;insuffisance cardiaque et peut \u00e9galement entra\u00eener d&rsquo;autres complications graves.<\/p>\n<p>En raison des effets n\u00e9fastes potentiels d&rsquo;une carence en fer chez les patients souffrant d&rsquo;une insuffisance cardiaque, il est recommand\u00e9 de d\u00e9pister syst\u00e9matiquement la pr\u00e9sence d&rsquo;une carence en fer chez ces patients. Les analyses de sang utilis\u00e9es sont appel\u00e9es ferritine s\u00e9rique (taux de fer dans le sang) et saturation en transferrine (TSAT) qui mesure la saturation de la prot\u00e9ine porteuse de fer dans le sang. Ces analyses permettront de d\u00e9tecter une carence en fer n\u00e9cessitant un traitement, quel que soit le taux d&rsquo;h\u00e9moglobine. La d\u00e9finition suivante d&rsquo;une carence en fer est recommand\u00e9e chez les patients souffrant d&rsquo;une insuffisance cardiaque\u00a0: ferritine s\u00e9rique &lt;100 \u03bcg\/L ou ferritine s\u00e9rique entre 100 et 299 \u03bcg\/L et TSAT &lt;20\u00a0%. Ces deux analyses sont n\u00e9cessaires en ce sens que ni la ferritine s\u00e9rique ni la TSAT seules ne sont fiables pour \u00e9valuer le niveau de fer chez les patients souffrant d&rsquo;insuffisance cardiaque. <a href=\"https:\/\/www.heartfailurematters.org\/what-your-doctor-can-do\/iron-therapy-in-patients-with-heart-failure-and-iron-deficiency\/\">Les patients doivent aborder les questions concernant leur niveau de fer avec leur m\u00e9decin ou leur infirmier(e).<\/a><\/p>\n<p><a href=\"https:\/\/www.heartfailurematters.org\/heart-failure-causes-and-other-common-medical-conditions\/other-common-medical-conditions-and-heart-failure\/\">Retour \u00e0 Autres probl\u00e8mes m\u00e9dicaux courants et insuffisance cardiaque<\/a><\/p>\n","protected":false},"excerpt":{"rendered":"<p>La carence en fer est la carence nutritionnelle la plus r\u00e9pandue dans le monde. Elle est tr\u00e8s r\u00e9pandue chez les patients souffrant d&rsquo;une insuffisance cardiaque, quelle qu&rsquo;en soit la cause. Elle est \u00e9galement fr\u00e9quente chez les patients sans an\u00e9mie. La carence en fer est particuli\u00e8rement fr\u00e9quente chez les patients souffrant d&rsquo;insuffisance cardiaque qui sont \u00e2g\u00e9s [&hellip;]<\/p>\n","protected":false},"author":1,"featured_media":10626,"parent":8045,"menu_order":14,"comment_status":"closed","ping_status":"closed","template":"","meta":{"_acf_changed":false,"footnotes":""},"categories":[],"tags":[],"class_list":["post-8816","page","type-page","status-publish","has-post-thumbnail","hentry"],"acf":[],"yoast_head":"<!-- This site is optimized with the Yoast SEO plugin v24.8.1 - https:\/\/yoast.com\/wordpress\/plugins\/seo\/ -->\n<title>D\u00e9ficience en fer - Heart Failure Matters<\/title>\n<meta name=\"description\" content=\"Une carence en fer chez les patients souffrant d&#039;une insuffisance cardiaque peut entra\u00eener une aggravation des sympt\u00f4mes types tels que l&#039;essoufflement, la fatigue et une mauvaise qualit\u00e9 de vie.\" \/>\n<meta name=\"robots\" content=\"index, follow, max-snippet:-1, max-image-preview:large, max-video-preview:-1\" \/>\n<link rel=\"canonical\" href=\"https:\/\/www.heartfailurematters.org\/fr\/causes-de-linsuffisance-cardiaque-et-autres-problemes-medicaux-courants\/deficience-en-fer\/\" \/>\n<meta property=\"og:locale\" content=\"fr_FR\" \/>\n<meta property=\"og:type\" content=\"article\" \/>\n<meta property=\"og:title\" content=\"D\u00e9ficience en fer - Heart Failure Matters\" \/>\n<meta property=\"og:description\" content=\"Une carence en fer chez les patients souffrant d&#039;une insuffisance cardiaque peut entra\u00eener une aggravation des sympt\u00f4mes types tels que l&#039;essoufflement, la fatigue et une mauvaise qualit\u00e9 de vie.\" \/>\n<meta property=\"og:url\" content=\"https:\/\/www.heartfailurematters.org\/fr\/causes-de-linsuffisance-cardiaque-et-autres-problemes-medicaux-courants\/deficience-en-fer\/\" \/>\n<meta property=\"og:site_name\" content=\"Heart Failure Matters\" \/>\n<meta property=\"article:publisher\" content=\"https:\/\/www.facebook.com\/heartfailurematters\" \/>\n<meta property=\"article:modified_time\" content=\"2021-08-12T10:11:35+00:00\" \/>\n<meta property=\"og:image\" content=\"https:\/\/www.heartfailurematters.org\/wp-content\/uploads\/2022\/02\/shutterstock_1114244621-1-min.jpg?_t=1773218517\" \/>\n\t<meta property=\"og:image:width\" content=\"900\" \/>\n\t<meta property=\"og:image:height\" content=\"596\" \/>\n\t<meta property=\"og:image:type\" content=\"image\/jpeg\" \/>\n<meta name=\"twitter:card\" content=\"summary_large_image\" \/>\n<meta name=\"twitter:label1\" content=\"Dur\u00e9e de lecture estim\u00e9e\" \/>\n\t<meta name=\"twitter:data1\" content=\"4 minutes\" \/>\n<script type=\"application\/ld+json\" class=\"yoast-schema-graph\">{\"@context\":\"https:\/\/schema.org\",\"@graph\":[{\"@type\":\"WebPage\",\"@id\":\"https:\/\/www.heartfailurematters.org\/fr\/causes-de-linsuffisance-cardiaque-et-autres-problemes-medicaux-courants\/deficience-en-fer\/\",\"url\":\"https:\/\/www.heartfailurematters.org\/fr\/causes-de-linsuffisance-cardiaque-et-autres-problemes-medicaux-courants\/deficience-en-fer\/\",\"name\":\"D\u00e9ficience en fer - Heart Failure Matters\",\"isPartOf\":{\"@id\":\"https:\/\/www.heartfailurematters.org\/fr\/#website\"},\"primaryImageOfPage\":{\"@id\":\"https:\/\/www.heartfailurematters.org\/fr\/causes-de-linsuffisance-cardiaque-et-autres-problemes-medicaux-courants\/deficience-en-fer\/#primaryimage\"},\"image\":{\"@id\":\"https:\/\/www.heartfailurematters.org\/fr\/causes-de-linsuffisance-cardiaque-et-autres-problemes-medicaux-courants\/deficience-en-fer\/#primaryimage\"},\"thumbnailUrl\":\"https:\/\/www.heartfailurematters.org\/wp-content\/uploads\/2022\/02\/shutterstock_1114244621-1-min.jpg\",\"datePublished\":\"2021-04-19T09:31:55+00:00\",\"dateModified\":\"2021-08-12T10:11:35+00:00\",\"description\":\"Une carence en fer chez les patients souffrant d'une insuffisance cardiaque peut entra\u00eener une aggravation des sympt\u00f4mes types tels que l'essoufflement, la fatigue et une mauvaise qualit\u00e9 de vie.\",\"breadcrumb\":{\"@id\":\"https:\/\/www.heartfailurematters.org\/fr\/causes-de-linsuffisance-cardiaque-et-autres-problemes-medicaux-courants\/deficience-en-fer\/#breadcrumb\"},\"inLanguage\":\"fr-FR\",\"potentialAction\":[{\"@type\":\"ReadAction\",\"target\":[\"https:\/\/www.heartfailurematters.org\/fr\/causes-de-linsuffisance-cardiaque-et-autres-problemes-medicaux-courants\/deficience-en-fer\/\"]}]},{\"@type\":\"ImageObject\",\"inLanguage\":\"fr-FR\",\"@id\":\"https:\/\/www.heartfailurematters.org\/fr\/causes-de-linsuffisance-cardiaque-et-autres-problemes-medicaux-courants\/deficience-en-fer\/#primaryimage\",\"url\":\"https:\/\/www.heartfailurematters.org\/wp-content\/uploads\/2022\/02\/shutterstock_1114244621-1-min.jpg\",\"contentUrl\":\"https:\/\/www.heartfailurematters.org\/wp-content\/uploads\/2022\/02\/shutterstock_1114244621-1-min.jpg\",\"width\":900,\"height\":596},{\"@type\":\"BreadcrumbList\",\"@id\":\"https:\/\/www.heartfailurematters.org\/fr\/causes-de-linsuffisance-cardiaque-et-autres-problemes-medicaux-courants\/deficience-en-fer\/#breadcrumb\",\"itemListElement\":[{\"@type\":\"ListItem\",\"position\":1,\"name\":\"Accueil\",\"item\":\"https:\/\/www.heartfailurematters.org\/fr\/\"},{\"@type\":\"ListItem\",\"position\":2,\"name\":\"Causes de l&#8217;insuffisance cardiaque et autres probl\u00e8mes m\u00e9dicaux associ\u00e9s\",\"item\":\"https:\/\/www.heartfailurematters.org\/fr\/causes-de-linsuffisance-cardiaque-et-autres-problemes-medicaux-courants\/\"},{\"@type\":\"ListItem\",\"position\":3,\"name\":\"D\u00e9ficience en fer\"}]},{\"@type\":\"WebSite\",\"@id\":\"https:\/\/www.heartfailurematters.org\/fr\/#website\",\"url\":\"https:\/\/www.heartfailurematters.org\/fr\/\",\"name\":\"Heart Failure Matters\",\"description\":\"Practical information for patients, families and caregivers.\",\"publisher\":{\"@id\":\"https:\/\/www.heartfailurematters.org\/fr\/#organization\"},\"potentialAction\":[{\"@type\":\"SearchAction\",\"target\":{\"@type\":\"EntryPoint\",\"urlTemplate\":\"https:\/\/www.heartfailurematters.org\/fr\/?s={search_term_string}\"},\"query-input\":{\"@type\":\"PropertyValueSpecification\",\"valueRequired\":true,\"valueName\":\"search_term_string\"}}],\"inLanguage\":\"fr-FR\"},{\"@type\":\"Organization\",\"@id\":\"https:\/\/www.heartfailurematters.org\/fr\/#organization\",\"name\":\"Heart Failure Matters\",\"url\":\"https:\/\/www.heartfailurematters.org\/fr\/\",\"logo\":{\"@type\":\"ImageObject\",\"inLanguage\":\"fr-FR\",\"@id\":\"https:\/\/www.heartfailurematters.org\/fr\/#\/schema\/logo\/image\/\",\"url\":\"https:\/\/cdn-endpoint-hfm.azureedge.net\/heartfailurematters\/2024\/07\/hfm-logo1.jpg\",\"contentUrl\":\"https:\/\/cdn-endpoint-hfm.azureedge.net\/heartfailurematters\/2024\/07\/hfm-logo1.jpg\",\"width\":1280,\"height\":720,\"caption\":\"Heart Failure Matters\"},\"image\":{\"@id\":\"https:\/\/www.heartfailurematters.org\/fr\/#\/schema\/logo\/image\/\"},\"sameAs\":[\"https:\/\/www.facebook.com\/heartfailurematters\"]}]}<\/script>\n<!-- \/ Yoast SEO plugin. -->","yoast_head_json":{"title":"D\u00e9ficience en fer - Heart Failure Matters","description":"Une carence en fer chez les patients souffrant d'une insuffisance cardiaque peut entra\u00eener une aggravation des sympt\u00f4mes types tels que l'essoufflement, la fatigue et une mauvaise qualit\u00e9 de vie.","robots":{"index":"index","follow":"follow","max-snippet":"max-snippet:-1","max-image-preview":"max-image-preview:large","max-video-preview":"max-video-preview:-1"},"canonical":"https:\/\/www.heartfailurematters.org\/fr\/causes-de-linsuffisance-cardiaque-et-autres-problemes-medicaux-courants\/deficience-en-fer\/","og_locale":"fr_FR","og_type":"article","og_title":"D\u00e9ficience en fer - Heart Failure Matters","og_description":"Une carence en fer chez les patients souffrant d'une insuffisance cardiaque peut entra\u00eener une aggravation des sympt\u00f4mes types tels que l'essoufflement, la fatigue et une mauvaise qualit\u00e9 de vie.","og_url":"https:\/\/www.heartfailurematters.org\/fr\/causes-de-linsuffisance-cardiaque-et-autres-problemes-medicaux-courants\/deficience-en-fer\/","og_site_name":"Heart Failure Matters","article_publisher":"https:\/\/www.facebook.com\/heartfailurematters","article_modified_time":"2021-08-12T10:11:35+00:00","og_image":[{"width":900,"height":596,"url":"https:\/\/www.heartfailurematters.org\/wp-content\/uploads\/2022\/02\/shutterstock_1114244621-1-min.jpg?_t=1773218517","type":"image\/jpeg"}],"twitter_card":"summary_large_image","twitter_misc":{"Dur\u00e9e de lecture estim\u00e9e":"4 minutes"},"schema":{"@context":"https:\/\/schema.org","@graph":[{"@type":"WebPage","@id":"https:\/\/www.heartfailurematters.org\/fr\/causes-de-linsuffisance-cardiaque-et-autres-problemes-medicaux-courants\/deficience-en-fer\/","url":"https:\/\/www.heartfailurematters.org\/fr\/causes-de-linsuffisance-cardiaque-et-autres-problemes-medicaux-courants\/deficience-en-fer\/","name":"D\u00e9ficience en fer - Heart Failure Matters","isPartOf":{"@id":"https:\/\/www.heartfailurematters.org\/fr\/#website"},"primaryImageOfPage":{"@id":"https:\/\/www.heartfailurematters.org\/fr\/causes-de-linsuffisance-cardiaque-et-autres-problemes-medicaux-courants\/deficience-en-fer\/#primaryimage"},"image":{"@id":"https:\/\/www.heartfailurematters.org\/fr\/causes-de-linsuffisance-cardiaque-et-autres-problemes-medicaux-courants\/deficience-en-fer\/#primaryimage"},"thumbnailUrl":"https:\/\/www.heartfailurematters.org\/wp-content\/uploads\/2022\/02\/shutterstock_1114244621-1-min.jpg","datePublished":"2021-04-19T09:31:55+00:00","dateModified":"2021-08-12T10:11:35+00:00","description":"Une carence en fer chez les patients souffrant d'une insuffisance cardiaque peut entra\u00eener une aggravation des sympt\u00f4mes types tels que l'essoufflement, la fatigue et une mauvaise qualit\u00e9 de vie.","breadcrumb":{"@id":"https:\/\/www.heartfailurematters.org\/fr\/causes-de-linsuffisance-cardiaque-et-autres-problemes-medicaux-courants\/deficience-en-fer\/#breadcrumb"},"inLanguage":"fr-FR","potentialAction":[{"@type":"ReadAction","target":["https:\/\/www.heartfailurematters.org\/fr\/causes-de-linsuffisance-cardiaque-et-autres-problemes-medicaux-courants\/deficience-en-fer\/"]}]},{"@type":"ImageObject","inLanguage":"fr-FR","@id":"https:\/\/www.heartfailurematters.org\/fr\/causes-de-linsuffisance-cardiaque-et-autres-problemes-medicaux-courants\/deficience-en-fer\/#primaryimage","url":"https:\/\/www.heartfailurematters.org\/wp-content\/uploads\/2022\/02\/shutterstock_1114244621-1-min.jpg","contentUrl":"https:\/\/www.heartfailurematters.org\/wp-content\/uploads\/2022\/02\/shutterstock_1114244621-1-min.jpg","width":900,"height":596},{"@type":"BreadcrumbList","@id":"https:\/\/www.heartfailurematters.org\/fr\/causes-de-linsuffisance-cardiaque-et-autres-problemes-medicaux-courants\/deficience-en-fer\/#breadcrumb","itemListElement":[{"@type":"ListItem","position":1,"name":"Accueil","item":"https:\/\/www.heartfailurematters.org\/fr\/"},{"@type":"ListItem","position":2,"name":"Causes de l&#8217;insuffisance cardiaque et autres probl\u00e8mes m\u00e9dicaux associ\u00e9s","item":"https:\/\/www.heartfailurematters.org\/fr\/causes-de-linsuffisance-cardiaque-et-autres-problemes-medicaux-courants\/"},{"@type":"ListItem","position":3,"name":"D\u00e9ficience en fer"}]},{"@type":"WebSite","@id":"https:\/\/www.heartfailurematters.org\/fr\/#website","url":"https:\/\/www.heartfailurematters.org\/fr\/","name":"Heart Failure Matters","description":"Practical information for patients, families and caregivers.","publisher":{"@id":"https:\/\/www.heartfailurematters.org\/fr\/#organization"},"potentialAction":[{"@type":"SearchAction","target":{"@type":"EntryPoint","urlTemplate":"https:\/\/www.heartfailurematters.org\/fr\/?s={search_term_string}"},"query-input":{"@type":"PropertyValueSpecification","valueRequired":true,"valueName":"search_term_string"}}],"inLanguage":"fr-FR"},{"@type":"Organization","@id":"https:\/\/www.heartfailurematters.org\/fr\/#organization","name":"Heart Failure Matters","url":"https:\/\/www.heartfailurematters.org\/fr\/","logo":{"@type":"ImageObject","inLanguage":"fr-FR","@id":"https:\/\/www.heartfailurematters.org\/fr\/#\/schema\/logo\/image\/","url":"https:\/\/cdn-endpoint-hfm.azureedge.net\/heartfailurematters\/2024\/07\/hfm-logo1.jpg","contentUrl":"https:\/\/cdn-endpoint-hfm.azureedge.net\/heartfailurematters\/2024\/07\/hfm-logo1.jpg","width":1280,"height":720,"caption":"Heart Failure Matters"},"image":{"@id":"https:\/\/www.heartfailurematters.org\/fr\/#\/schema\/logo\/image\/"},"sameAs":["https:\/\/www.facebook.com\/heartfailurematters"]}]}},"_links":{"self":[{"href":"https:\/\/www.heartfailurematters.org\/fr\/wp-json\/wp\/v2\/pages\/8816","targetHints":{"allow":["GET"]}}],"collection":[{"href":"https:\/\/www.heartfailurematters.org\/fr\/wp-json\/wp\/v2\/pages"}],"about":[{"href":"https:\/\/www.heartfailurematters.org\/fr\/wp-json\/wp\/v2\/types\/page"}],"author":[{"embeddable":true,"href":"https:\/\/www.heartfailurematters.org\/fr\/wp-json\/wp\/v2\/users\/1"}],"replies":[{"embeddable":true,"href":"https:\/\/www.heartfailurematters.org\/fr\/wp-json\/wp\/v2\/comments?post=8816"}],"version-history":[{"count":4,"href":"https:\/\/www.heartfailurematters.org\/fr\/wp-json\/wp\/v2\/pages\/8816\/revisions"}],"predecessor-version":[{"id":9823,"href":"https:\/\/www.heartfailurematters.org\/fr\/wp-json\/wp\/v2\/pages\/8816\/revisions\/9823"}],"up":[{"embeddable":true,"href":"https:\/\/www.heartfailurematters.org\/fr\/wp-json\/wp\/v2\/pages\/8045"}],"wp:featuredmedia":[{"embeddable":true,"href":"https:\/\/www.heartfailurematters.org\/fr\/wp-json\/wp\/v2\/media\/10626"}],"wp:attachment":[{"href":"https:\/\/www.heartfailurematters.org\/fr\/wp-json\/wp\/v2\/media?parent=8816"}],"wp:term":[{"taxonomy":"category","embeddable":true,"href":"https:\/\/www.heartfailurematters.org\/fr\/wp-json\/wp\/v2\/categories?post=8816"},{"taxonomy":"post_tag","embeddable":true,"href":"https:\/\/www.heartfailurematters.org\/fr\/wp-json\/wp\/v2\/tags?post=8816"}],"curies":[{"name":"wp","href":"https:\/\/api.w.org\/{rel}","templated":true}]}}