{"id":8128,"date":"2021-04-12T11:41:11","date_gmt":"2021-04-12T10:41:11","guid":{"rendered":"https:\/\/www.heartfailurematters.org\/ce-que-peut-faire-votre-medecin\/inhibiteurs-du-sglt2-cotransporteur-sodium-glucose-de-type-2\/"},"modified":"2021-06-25T14:12:54","modified_gmt":"2021-06-25T13:12:54","slug":"inhibiteurs-du-sglt2-cotransporteur-sodium-glucose-de-type-2","status":"publish","type":"page","link":"https:\/\/www.heartfailurematters.org\/fr\/ce-que-votre-medecin-ou-votre-infirmier-ere-peut-faire\/inhibiteurs-du-sglt2-cotransporteur-sodium-glucose-de-type-2\/","title":{"rendered":"Inhibiteurs du SGLT2 (Cotransporteur sodium-glucose de type 2)"},"content":{"rendered":"<p>Les inhibiteurs du cotransporteur sodium-glucose de type 2 (SGLT2) sont une nouvelle classe de m\u00e9dicaments actuellement utilis\u00e9s pour le traitement des patients atteints de diab\u00e8te sucr\u00e9 de type 2 ainsi que des insuffisants cardiaques. Il a \u00e9t\u00e9 d\u00e9montr\u00e9 qu\u2019ils r\u00e9duisent le risque d&rsquo;aggravation de l&rsquo;insuffisance cardiaque.<\/p>\n<p>Des \u00e9tudes r\u00e9centes ont \u00e9galement montr\u00e9 que ces m\u00e9dicaments peuvent r\u00e9duire le risque de d\u00e9c\u00e8s cardiaque et d&rsquo;\u00e9v\u00e9nements graves et sont sans danger pour les insuffisants cardiaques, m\u00eame s&rsquo;ils ne sont pas diab\u00e9tiques.<\/p>\n<p><strong>Ce qu&rsquo;ils font&nbsp;: <\/strong> Chez les patients atteints de diab\u00e8te sucr\u00e9, les inhibiteurs du SGLT2 bloquent la r\u00e9absorption du glucose sanguin dans les reins, entra\u00eenant une perte de glucose et augmentant l\u00e9g\u00e8rement la miction. En cons\u00e9quence, les inhibiteurs du SGLT2 abaissent les taux de glucose dans le sang et les patients perdent g\u00e9n\u00e9ralement un peu de poids (2-4 kg), tandis que la pression art\u00e9rielle peut \u00eatre l\u00e9g\u00e8rement abaiss\u00e9e.<\/p>\n<p>Chez les insuffisants cardiaques, les effets des inhibiteurs du SGLT2 dans le corps sont complexes et comprennent une am\u00e9lioration du m\u00e9tabolisme cardiaque et musculaire, une am\u00e9lioration de la fonction r\u00e9nale ainsi qu&rsquo;un l\u00e9ger effet diur\u00e9tique b\u00e9n\u00e9fique, pouvant tous r\u00e9duire les sympt\u00f4mes de congestion de l&rsquo;insuffisance cardiaque.<\/p>\n<p><strong>Quels sont les avantages attendus&nbsp;?<\/strong> Chez les insuffisants cardiaques, il a \u00e9t\u00e9 d\u00e9montr\u00e9 que les inhibiteurs du SGLT2 r\u00e9duisent les hospitalisations li\u00e9es \u00e0 l&rsquo;insuffisance cardiaque, prolongent la vie, pr\u00e9viennent les probl\u00e8mes r\u00e9naux et am\u00e9liorent la tol\u00e9rance \u00e0 l&rsquo;exercice ainsi que la qualit\u00e9 de la vie. Les inhibiteurs du SGLT2 r\u00e9duisent la glyc\u00e9mie chez les patients diab\u00e9tiques, mais pas chez les patients n&rsquo;ayant pas de diab\u00e8te de type 2.<\/p>\n<p><strong>Effets secondaires&nbsp;: <\/strong> Les inhibiteurs du SGLT2 sont g\u00e9n\u00e9ralement bien tol\u00e9r\u00e9s chez les insuffisants cardiaques et ont la m\u00eame fr\u00e9quence d&rsquo;effets secondaires que le placebo. Chez les patients atteints du diab\u00e8te de type 2, les effets ind\u00e9sirables les plus fr\u00e9quents sont les infections fongiques des voies et organes urog\u00e9nitaux, n\u00e9cessitant principalement un traitement topique (cr\u00e8me) pendant plusieurs jours. Les effets secondaires les plus rares comprennent des \u00e9tourdissements, si la tension art\u00e9rielle baisse, ainsi qu&rsquo;une diminution de la fonction r\u00e9nale. Habituellement, l&rsquo;ajustement d&rsquo;autres m\u00e9dicaments hypoglyc\u00e9miants ou diur\u00e9tiques oraux n&rsquo;est pas n\u00e9cessaire, mais cela peut le devenir. Les diab\u00e9tiques qui prennent des inhibiteurs du SGLT2 doivent \u00eatre prudents pendant les p\u00e9riodes de maladie grave, de d\u00e9shydratation ou s&rsquo;ils arr\u00eatent la prise d&rsquo;insuline, car il existe un lien avec une acidoc\u00e9tose diab\u00e9tique, avec des niveaux \u00e9lev\u00e9s de glucose, une maladie grave n\u00e9cessitant un traitement m\u00e9dical rapide.<\/p>\n<p><strong>Conseils&nbsp;pratiques :<\/strong> On peut d\u00e9buter la prise d&rsquo;inhibiteurs du SGLT2 ou l&rsquo;arr\u00eater en toute s\u00e9curit\u00e9 en respectant une augmentation ou une diminution progressive de la dose. Habituellement, la dose de d\u00e9part est \u00e9galement la dose maximale.<\/p>\n<h2><strong>Aussi appel\u00e9&nbsp;:<\/strong><\/h2>\n<ul>\n<li><strong>Canagliflozine<\/strong><br \/>\n(Invokana\u00ae)<\/li>\n<li><strong>Dapagliflozine<\/strong><br \/>\n(Forxiga\u00ae)<\/li>\n<li><strong>Empagliflozine<\/strong><br \/>\n(Jardiance\u00ae).<\/li>\n<\/ul>\n","protected":false},"excerpt":{"rendered":"<p>Les inhibiteurs du cotransporteur sodium-glucose de type 2 (SGLT2) sont une nouvelle classe de m\u00e9dicaments actuellement utilis\u00e9s pour le traitement des patients atteints de diab\u00e8te sucr\u00e9 de type 2 ainsi que des insuffisants cardiaques. Il a \u00e9t\u00e9 d\u00e9montr\u00e9 qu\u2019ils r\u00e9duisent le risque d&rsquo;aggravation de l&rsquo;insuffisance cardiaque. Des \u00e9tudes r\u00e9centes ont \u00e9galement montr\u00e9 que ces m\u00e9dicaments [&hellip;]<\/p>\n","protected":false},"author":1,"featured_media":10868,"parent":2679,"menu_order":0,"comment_status":"closed","ping_status":"closed","template":"","meta":{"_acf_changed":false,"footnotes":""},"categories":[],"tags":[],"class_list":["post-8128","page","type-page","status-publish","has-post-thumbnail","hentry"],"acf":[],"yoast_head":"<!-- This site is optimized with the Yoast SEO plugin v24.8.1 - https:\/\/yoast.com\/wordpress\/plugins\/seo\/ -->\n<title>Inhibiteurs du SGLT2 (Cotransporteur sodium-glucose de type 2) - Heart Failure Matters<\/title>\n<meta name=\"description\" content=\"Les inhibiteurs du cotransporteur sodium-glucose de type 2 (SGLT2) sont utilis\u00e9s pour le traitement des patients atteints de diab\u00e8te sucr\u00e9 de type 2 et d&#039;insuffisance cardiaque.\" \/>\n<meta name=\"robots\" content=\"index, follow, max-snippet:-1, max-image-preview:large, max-video-preview:-1\" \/>\n<link rel=\"canonical\" href=\"https:\/\/www.heartfailurematters.org\/fr\/ce-que-votre-medecin-ou-votre-infirmier-ere-peut-faire\/inhibiteurs-du-sglt2-cotransporteur-sodium-glucose-de-type-2\/\" \/>\n<meta property=\"og:locale\" content=\"fr_FR\" \/>\n<meta property=\"og:type\" content=\"article\" \/>\n<meta property=\"og:title\" content=\"Inhibiteurs du SGLT2 (Cotransporteur sodium-glucose de type 2) - Heart Failure Matters\" \/>\n<meta property=\"og:description\" content=\"Les inhibiteurs du cotransporteur sodium-glucose de type 2 (SGLT2) sont utilis\u00e9s pour le traitement des patients atteints de diab\u00e8te sucr\u00e9 de type 2 et d&#039;insuffisance cardiaque.\" \/>\n<meta property=\"og:url\" content=\"https:\/\/www.heartfailurematters.org\/fr\/ce-que-votre-medecin-ou-votre-infirmier-ere-peut-faire\/inhibiteurs-du-sglt2-cotransporteur-sodium-glucose-de-type-2\/\" \/>\n<meta property=\"og:site_name\" content=\"Heart Failure Matters\" \/>\n<meta property=\"article:publisher\" content=\"https:\/\/www.facebook.com\/heartfailurematters\" \/>\n<meta property=\"article:modified_time\" content=\"2021-06-25T13:12:54+00:00\" \/>\n<meta property=\"og:image\" content=\"https:\/\/www.heartfailurematters.org\/wp-content\/uploads\/2022\/03\/shutterstock_441673426-1-min.jpg\" \/>\n\t<meta property=\"og:image:width\" content=\"900\" \/>\n\t<meta property=\"og:image:height\" content=\"596\" \/>\n\t<meta property=\"og:image:type\" content=\"image\/jpeg\" \/>\n<meta name=\"twitter:card\" content=\"summary_large_image\" \/>\n<meta name=\"twitter:label1\" content=\"Dur\u00e9e de lecture estim\u00e9e\" \/>\n\t<meta name=\"twitter:data1\" content=\"3 minutes\" \/>\n<script type=\"application\/ld+json\" class=\"yoast-schema-graph\">{\"@context\":\"https:\/\/schema.org\",\"@graph\":[{\"@type\":\"WebPage\",\"@id\":\"https:\/\/www.heartfailurematters.org\/fr\/ce-que-votre-medecin-ou-votre-infirmier-ere-peut-faire\/inhibiteurs-du-sglt2-cotransporteur-sodium-glucose-de-type-2\/\",\"url\":\"https:\/\/www.heartfailurematters.org\/fr\/ce-que-votre-medecin-ou-votre-infirmier-ere-peut-faire\/inhibiteurs-du-sglt2-cotransporteur-sodium-glucose-de-type-2\/\",\"name\":\"Inhibiteurs du SGLT2 (Cotransporteur sodium-glucose de type 2) - Heart Failure Matters\",\"isPartOf\":{\"@id\":\"https:\/\/www.heartfailurematters.org\/fr\/#website\"},\"primaryImageOfPage\":{\"@id\":\"https:\/\/www.heartfailurematters.org\/fr\/ce-que-votre-medecin-ou-votre-infirmier-ere-peut-faire\/inhibiteurs-du-sglt2-cotransporteur-sodium-glucose-de-type-2\/#primaryimage\"},\"image\":{\"@id\":\"https:\/\/www.heartfailurematters.org\/fr\/ce-que-votre-medecin-ou-votre-infirmier-ere-peut-faire\/inhibiteurs-du-sglt2-cotransporteur-sodium-glucose-de-type-2\/#primaryimage\"},\"thumbnailUrl\":\"https:\/\/www.heartfailurematters.org\/wp-content\/uploads\/2022\/03\/shutterstock_441673426-1-min.jpg\",\"datePublished\":\"2021-04-12T10:41:11+00:00\",\"dateModified\":\"2021-06-25T13:12:54+00:00\",\"description\":\"Les inhibiteurs du cotransporteur sodium-glucose de type 2 (SGLT2) sont utilis\u00e9s pour le traitement des patients atteints de diab\u00e8te sucr\u00e9 de type 2 et d'insuffisance cardiaque.\",\"breadcrumb\":{\"@id\":\"https:\/\/www.heartfailurematters.org\/fr\/ce-que-votre-medecin-ou-votre-infirmier-ere-peut-faire\/inhibiteurs-du-sglt2-cotransporteur-sodium-glucose-de-type-2\/#breadcrumb\"},\"inLanguage\":\"fr-FR\",\"potentialAction\":[{\"@type\":\"ReadAction\",\"target\":[\"https:\/\/www.heartfailurematters.org\/fr\/ce-que-votre-medecin-ou-votre-infirmier-ere-peut-faire\/inhibiteurs-du-sglt2-cotransporteur-sodium-glucose-de-type-2\/\"]}]},{\"@type\":\"ImageObject\",\"inLanguage\":\"fr-FR\",\"@id\":\"https:\/\/www.heartfailurematters.org\/fr\/ce-que-votre-medecin-ou-votre-infirmier-ere-peut-faire\/inhibiteurs-du-sglt2-cotransporteur-sodium-glucose-de-type-2\/#primaryimage\",\"url\":\"https:\/\/www.heartfailurematters.org\/wp-content\/uploads\/2022\/03\/shutterstock_441673426-1-min.jpg\",\"contentUrl\":\"https:\/\/www.heartfailurematters.org\/wp-content\/uploads\/2022\/03\/shutterstock_441673426-1-min.jpg\",\"width\":900,\"height\":596},{\"@type\":\"BreadcrumbList\",\"@id\":\"https:\/\/www.heartfailurematters.org\/fr\/ce-que-votre-medecin-ou-votre-infirmier-ere-peut-faire\/inhibiteurs-du-sglt2-cotransporteur-sodium-glucose-de-type-2\/#breadcrumb\",\"itemListElement\":[{\"@type\":\"ListItem\",\"position\":1,\"name\":\"Accueil\",\"item\":\"https:\/\/www.heartfailurematters.org\/fr\/\"},{\"@type\":\"ListItem\",\"position\":2,\"name\":\"Ce que votre m\u00e9decin peut faire\",\"item\":\"https:\/\/www.heartfailurematters.org\/fr\/ce-que-votre-medecin-ou-votre-infirmier-ere-peut-faire\/\"},{\"@type\":\"ListItem\",\"position\":3,\"name\":\"Inhibiteurs du SGLT2 (Cotransporteur sodium-glucose de type 2)\"}]},{\"@type\":\"WebSite\",\"@id\":\"https:\/\/www.heartfailurematters.org\/fr\/#website\",\"url\":\"https:\/\/www.heartfailurematters.org\/fr\/\",\"name\":\"Heart Failure Matters\",\"description\":\"Practical information for patients, families and caregivers.\",\"publisher\":{\"@id\":\"https:\/\/www.heartfailurematters.org\/fr\/#organization\"},\"potentialAction\":[{\"@type\":\"SearchAction\",\"target\":{\"@type\":\"EntryPoint\",\"urlTemplate\":\"https:\/\/www.heartfailurematters.org\/fr\/?s={search_term_string}\"},\"query-input\":{\"@type\":\"PropertyValueSpecification\",\"valueRequired\":true,\"valueName\":\"search_term_string\"}}],\"inLanguage\":\"fr-FR\"},{\"@type\":\"Organization\",\"@id\":\"https:\/\/www.heartfailurematters.org\/fr\/#organization\",\"name\":\"Heart Failure Matters\",\"url\":\"https:\/\/www.heartfailurematters.org\/fr\/\",\"logo\":{\"@type\":\"ImageObject\",\"inLanguage\":\"fr-FR\",\"@id\":\"https:\/\/www.heartfailurematters.org\/fr\/#\/schema\/logo\/image\/\",\"url\":\"https:\/\/cdn-endpoint-hfm.azureedge.net\/heartfailurematters\/2024\/07\/hfm-logo1.jpg\",\"contentUrl\":\"https:\/\/cdn-endpoint-hfm.azureedge.net\/heartfailurematters\/2024\/07\/hfm-logo1.jpg\",\"width\":1280,\"height\":720,\"caption\":\"Heart Failure Matters\"},\"image\":{\"@id\":\"https:\/\/www.heartfailurematters.org\/fr\/#\/schema\/logo\/image\/\"},\"sameAs\":[\"https:\/\/www.facebook.com\/heartfailurematters\"]}]}<\/script>\n<!-- \/ Yoast SEO plugin. -->","yoast_head_json":{"title":"Inhibiteurs du SGLT2 (Cotransporteur sodium-glucose de type 2) - Heart Failure Matters","description":"Les inhibiteurs du cotransporteur sodium-glucose de type 2 (SGLT2) sont utilis\u00e9s pour le traitement des patients atteints de diab\u00e8te sucr\u00e9 de type 2 et d'insuffisance cardiaque.","robots":{"index":"index","follow":"follow","max-snippet":"max-snippet:-1","max-image-preview":"max-image-preview:large","max-video-preview":"max-video-preview:-1"},"canonical":"https:\/\/www.heartfailurematters.org\/fr\/ce-que-votre-medecin-ou-votre-infirmier-ere-peut-faire\/inhibiteurs-du-sglt2-cotransporteur-sodium-glucose-de-type-2\/","og_locale":"fr_FR","og_type":"article","og_title":"Inhibiteurs du SGLT2 (Cotransporteur sodium-glucose de type 2) - Heart Failure Matters","og_description":"Les inhibiteurs du cotransporteur sodium-glucose de type 2 (SGLT2) sont utilis\u00e9s pour le traitement des patients atteints de diab\u00e8te sucr\u00e9 de type 2 et d'insuffisance cardiaque.","og_url":"https:\/\/www.heartfailurematters.org\/fr\/ce-que-votre-medecin-ou-votre-infirmier-ere-peut-faire\/inhibiteurs-du-sglt2-cotransporteur-sodium-glucose-de-type-2\/","og_site_name":"Heart Failure Matters","article_publisher":"https:\/\/www.facebook.com\/heartfailurematters","article_modified_time":"2021-06-25T13:12:54+00:00","og_image":[{"width":900,"height":596,"url":"https:\/\/www.heartfailurematters.org\/wp-content\/uploads\/2022\/03\/shutterstock_441673426-1-min.jpg","type":"image\/jpeg"}],"twitter_card":"summary_large_image","twitter_misc":{"Dur\u00e9e de lecture estim\u00e9e":"3 minutes"},"schema":{"@context":"https:\/\/schema.org","@graph":[{"@type":"WebPage","@id":"https:\/\/www.heartfailurematters.org\/fr\/ce-que-votre-medecin-ou-votre-infirmier-ere-peut-faire\/inhibiteurs-du-sglt2-cotransporteur-sodium-glucose-de-type-2\/","url":"https:\/\/www.heartfailurematters.org\/fr\/ce-que-votre-medecin-ou-votre-infirmier-ere-peut-faire\/inhibiteurs-du-sglt2-cotransporteur-sodium-glucose-de-type-2\/","name":"Inhibiteurs du SGLT2 (Cotransporteur sodium-glucose de type 2) - Heart Failure Matters","isPartOf":{"@id":"https:\/\/www.heartfailurematters.org\/fr\/#website"},"primaryImageOfPage":{"@id":"https:\/\/www.heartfailurematters.org\/fr\/ce-que-votre-medecin-ou-votre-infirmier-ere-peut-faire\/inhibiteurs-du-sglt2-cotransporteur-sodium-glucose-de-type-2\/#primaryimage"},"image":{"@id":"https:\/\/www.heartfailurematters.org\/fr\/ce-que-votre-medecin-ou-votre-infirmier-ere-peut-faire\/inhibiteurs-du-sglt2-cotransporteur-sodium-glucose-de-type-2\/#primaryimage"},"thumbnailUrl":"https:\/\/www.heartfailurematters.org\/wp-content\/uploads\/2022\/03\/shutterstock_441673426-1-min.jpg","datePublished":"2021-04-12T10:41:11+00:00","dateModified":"2021-06-25T13:12:54+00:00","description":"Les inhibiteurs du cotransporteur sodium-glucose de type 2 (SGLT2) sont utilis\u00e9s pour le traitement des patients atteints de diab\u00e8te sucr\u00e9 de type 2 et d'insuffisance cardiaque.","breadcrumb":{"@id":"https:\/\/www.heartfailurematters.org\/fr\/ce-que-votre-medecin-ou-votre-infirmier-ere-peut-faire\/inhibiteurs-du-sglt2-cotransporteur-sodium-glucose-de-type-2\/#breadcrumb"},"inLanguage":"fr-FR","potentialAction":[{"@type":"ReadAction","target":["https:\/\/www.heartfailurematters.org\/fr\/ce-que-votre-medecin-ou-votre-infirmier-ere-peut-faire\/inhibiteurs-du-sglt2-cotransporteur-sodium-glucose-de-type-2\/"]}]},{"@type":"ImageObject","inLanguage":"fr-FR","@id":"https:\/\/www.heartfailurematters.org\/fr\/ce-que-votre-medecin-ou-votre-infirmier-ere-peut-faire\/inhibiteurs-du-sglt2-cotransporteur-sodium-glucose-de-type-2\/#primaryimage","url":"https:\/\/www.heartfailurematters.org\/wp-content\/uploads\/2022\/03\/shutterstock_441673426-1-min.jpg","contentUrl":"https:\/\/www.heartfailurematters.org\/wp-content\/uploads\/2022\/03\/shutterstock_441673426-1-min.jpg","width":900,"height":596},{"@type":"BreadcrumbList","@id":"https:\/\/www.heartfailurematters.org\/fr\/ce-que-votre-medecin-ou-votre-infirmier-ere-peut-faire\/inhibiteurs-du-sglt2-cotransporteur-sodium-glucose-de-type-2\/#breadcrumb","itemListElement":[{"@type":"ListItem","position":1,"name":"Accueil","item":"https:\/\/www.heartfailurematters.org\/fr\/"},{"@type":"ListItem","position":2,"name":"Ce que votre m\u00e9decin peut faire","item":"https:\/\/www.heartfailurematters.org\/fr\/ce-que-votre-medecin-ou-votre-infirmier-ere-peut-faire\/"},{"@type":"ListItem","position":3,"name":"Inhibiteurs du SGLT2 (Cotransporteur sodium-glucose de type 2)"}]},{"@type":"WebSite","@id":"https:\/\/www.heartfailurematters.org\/fr\/#website","url":"https:\/\/www.heartfailurematters.org\/fr\/","name":"Heart Failure Matters","description":"Practical information for patients, families and caregivers.","publisher":{"@id":"https:\/\/www.heartfailurematters.org\/fr\/#organization"},"potentialAction":[{"@type":"SearchAction","target":{"@type":"EntryPoint","urlTemplate":"https:\/\/www.heartfailurematters.org\/fr\/?s={search_term_string}"},"query-input":{"@type":"PropertyValueSpecification","valueRequired":true,"valueName":"search_term_string"}}],"inLanguage":"fr-FR"},{"@type":"Organization","@id":"https:\/\/www.heartfailurematters.org\/fr\/#organization","name":"Heart Failure Matters","url":"https:\/\/www.heartfailurematters.org\/fr\/","logo":{"@type":"ImageObject","inLanguage":"fr-FR","@id":"https:\/\/www.heartfailurematters.org\/fr\/#\/schema\/logo\/image\/","url":"https:\/\/cdn-endpoint-hfm.azureedge.net\/heartfailurematters\/2024\/07\/hfm-logo1.jpg","contentUrl":"https:\/\/cdn-endpoint-hfm.azureedge.net\/heartfailurematters\/2024\/07\/hfm-logo1.jpg","width":1280,"height":720,"caption":"Heart Failure Matters"},"image":{"@id":"https:\/\/www.heartfailurematters.org\/fr\/#\/schema\/logo\/image\/"},"sameAs":["https:\/\/www.facebook.com\/heartfailurematters"]}]}},"_links":{"self":[{"href":"https:\/\/www.heartfailurematters.org\/fr\/wp-json\/wp\/v2\/pages\/8128","targetHints":{"allow":["GET"]}}],"collection":[{"href":"https:\/\/www.heartfailurematters.org\/fr\/wp-json\/wp\/v2\/pages"}],"about":[{"href":"https:\/\/www.heartfailurematters.org\/fr\/wp-json\/wp\/v2\/types\/page"}],"author":[{"embeddable":true,"href":"https:\/\/www.heartfailurematters.org\/fr\/wp-json\/wp\/v2\/users\/1"}],"replies":[{"embeddable":true,"href":"https:\/\/www.heartfailurematters.org\/fr\/wp-json\/wp\/v2\/comments?post=8128"}],"version-history":[{"count":2,"href":"https:\/\/www.heartfailurematters.org\/fr\/wp-json\/wp\/v2\/pages\/8128\/revisions"}],"predecessor-version":[{"id":9101,"href":"https:\/\/www.heartfailurematters.org\/fr\/wp-json\/wp\/v2\/pages\/8128\/revisions\/9101"}],"up":[{"embeddable":true,"href":"https:\/\/www.heartfailurematters.org\/fr\/wp-json\/wp\/v2\/pages\/2679"}],"wp:featuredmedia":[{"embeddable":true,"href":"https:\/\/www.heartfailurematters.org\/fr\/wp-json\/wp\/v2\/media\/10868"}],"wp:attachment":[{"href":"https:\/\/www.heartfailurematters.org\/fr\/wp-json\/wp\/v2\/media?parent=8128"}],"wp:term":[{"taxonomy":"category","embeddable":true,"href":"https:\/\/www.heartfailurematters.org\/fr\/wp-json\/wp\/v2\/categories?post=8128"},{"taxonomy":"post_tag","embeddable":true,"href":"https:\/\/www.heartfailurematters.org\/fr\/wp-json\/wp\/v2\/tags?post=8128"}],"curies":[{"name":"wp","href":"https:\/\/api.w.org\/{rel}","templated":true}]}}