{"id":8127,"date":"2021-04-12T11:41:11","date_gmt":"2021-04-12T10:41:11","guid":{"rendered":"https:\/\/www.heartfailurematters.org\/ce-que-peut-faire-votre-medecin\/stimulateurs-de-la-sgc\/"},"modified":"2021-06-25T14:12:56","modified_gmt":"2021-06-25T13:12:56","slug":"stimulateurs-de-la-sgc","status":"publish","type":"page","link":"https:\/\/www.heartfailurematters.org\/fr\/ce-que-votre-medecin-ou-votre-infirmier-ere-peut-faire\/stimulateurs-de-la-sgc\/","title":{"rendered":"Stimulateurs de la sGC"},"content":{"rendered":"<p>Les stimulateurs de la guanylate cyclase (\u00e9galement appel\u00e9e guanylyl cyclase) soluble (sGCS) ainsi que ses activateurs r\u00e9duisent le stress oxydatif en augmentant les niveaux d&rsquo;oxyde nitrique dans le c\u0153ur et les vaisseaux sanguins. Ces m\u00e9dicaments sont nouveaux et leur utilisation pour l&rsquo;insuffisance cardiaque est limit\u00e9e. L&rsquo;un de ces stimulateurs de la sGC est le riociguat, approuv\u00e9 pour le traitement d&rsquo;une maladie sp\u00e9cifique appel\u00e9e hypertension pulmonaire, affectant les vaisseaux sanguins des poumons. Un autre stimulateur sGC, le vericiguat, lorsqu&rsquo;il est ajout\u00e9 aux m\u00e9dicaments standard, peut aider \u00e0 pr\u00e9venir l&rsquo;hospitalisation en cas d&rsquo;insuffisance cardiaque grave.<\/p>\n<p><strong>Ce qu&rsquo;ils font&nbsp;: <\/strong> Environ un quart des patients souffrant d&rsquo;insuffisance cardiaque ont de faibles niveaux de guanosine monophosphate cyclique (GMPc). La mol\u00e9cule GMPc est un messager intracellulaire cl\u00e9, qui prot\u00e8ge le c\u0153ur, les vaisseaux et les reins. Une des principales actions de la GMPc est la relaxation des vaisseaux sanguins et des cellules cardiaques. Les stimulateurs de la guanylate cyclase soluble (sSGC) augmentent la formation de GMPc, r\u00e9duisant ainsi la rigidit\u00e9 des cellules cardiaques et des vaisseaux.<\/p>\n<p><strong>Quels sont les avantages attendus&nbsp;?<\/strong> Chez les patients hospitalis\u00e9s pour insuffisance cardiaque dont la fraction d&rsquo;\u00e9jection ventriculaire gauche est inf\u00e9rieure \u00e0 45&nbsp;%, le vericiguat peut r\u00e9duire les r\u00e9hospitalisations li\u00e9es \u00e0 l&rsquo;insuffisance cardiaque et prolonger la vie.<\/p>\n<p><strong>Effets ind\u00e9sirables&nbsp;: <\/strong>Vericiguat est bien tol\u00e9r\u00e9 par rapport au placebo. Une hypotension symptomatique (pression art\u00e9rielle trop basse) et une an\u00e9mie ont \u00e9t\u00e9 rapport\u00e9es chez un petit nombre de patients.<\/p>\n<p><strong>Conseils pratiques&nbsp;: <\/strong> Vericiguat est pris sous forme de comprim\u00e9 oral une fois par jour. Comme avec d&rsquo;autres m\u00e9dicaments pour l&rsquo;insuffisance cardiaque, la dose est augment\u00e9e lentement en plusieurs \u00e9tapes.<\/p>\n<p>&nbsp;<\/p>\n<p><a title=\"M\u00e9dicaments contre l'insuffisance cardiaque\" href=\"https:\/\/www.heartfailurematters.org\/what-your-doctor-can-do\/heart-failure-medicines\/\">Retour aux M\u00e9dicaments contre l&rsquo;insuffisance cardiaque<\/a><\/p>\n","protected":false},"excerpt":{"rendered":"<p>Les stimulateurs de la guanylate cyclase (\u00e9galement appel\u00e9e guanylyl cyclase) soluble (sGCS) ainsi que ses activateurs r\u00e9duisent le stress oxydatif en augmentant les niveaux d&rsquo;oxyde nitrique dans le c\u0153ur et les vaisseaux sanguins. Ces m\u00e9dicaments sont nouveaux et leur utilisation pour l&rsquo;insuffisance cardiaque est limit\u00e9e. L&rsquo;un de ces stimulateurs de la sGC est le riociguat, [&hellip;]<\/p>\n","protected":false},"author":1,"featured_media":10868,"parent":2679,"menu_order":0,"comment_status":"closed","ping_status":"closed","template":"","meta":{"_acf_changed":false,"footnotes":""},"categories":[],"tags":[],"class_list":["post-8127","page","type-page","status-publish","has-post-thumbnail","hentry"],"acf":[],"yoast_head":"<!-- This site is optimized with the Yoast SEO plugin v24.8.1 - https:\/\/yoast.com\/wordpress\/plugins\/seo\/ -->\n<title>Stimulateurs de la sGC - Heart Failure Matters<\/title>\n<meta name=\"description\" content=\"Les stimulateurs de la guanylate cyclase (\u00e9galement appel\u00e9e guanylyl cyclase) soluble (sGCS) ainsi que ses activateurs r\u00e9duisent le stress oxydatif en augmentant les niveaux de monoxyde d&#039;azote dans le c\u0153ur et les vaisseaux sanguins.\" \/>\n<meta name=\"robots\" content=\"index, follow, max-snippet:-1, max-image-preview:large, max-video-preview:-1\" \/>\n<link rel=\"canonical\" href=\"https:\/\/www.heartfailurematters.org\/fr\/ce-que-votre-medecin-ou-votre-infirmier-ere-peut-faire\/stimulateurs-de-la-sgc\/\" \/>\n<meta property=\"og:locale\" content=\"fr_FR\" \/>\n<meta property=\"og:type\" content=\"article\" \/>\n<meta property=\"og:title\" content=\"Stimulateurs de la sGC - Heart Failure Matters\" \/>\n<meta property=\"og:description\" content=\"Les stimulateurs de la guanylate cyclase (\u00e9galement appel\u00e9e guanylyl cyclase) soluble (sGCS) ainsi que ses activateurs r\u00e9duisent le stress oxydatif en augmentant les niveaux de monoxyde d&#039;azote dans le c\u0153ur et les vaisseaux sanguins.\" \/>\n<meta property=\"og:url\" content=\"https:\/\/www.heartfailurematters.org\/fr\/ce-que-votre-medecin-ou-votre-infirmier-ere-peut-faire\/stimulateurs-de-la-sgc\/\" \/>\n<meta property=\"og:site_name\" content=\"Heart Failure Matters\" \/>\n<meta property=\"article:publisher\" content=\"https:\/\/www.facebook.com\/heartfailurematters\" \/>\n<meta property=\"article:modified_time\" content=\"2021-06-25T13:12:56+00:00\" \/>\n<meta property=\"og:image\" content=\"https:\/\/www.heartfailurematters.org\/wp-content\/uploads\/2022\/03\/shutterstock_441673426-1-min.jpg\" \/>\n\t<meta property=\"og:image:width\" content=\"900\" \/>\n\t<meta property=\"og:image:height\" content=\"596\" \/>\n\t<meta property=\"og:image:type\" content=\"image\/jpeg\" \/>\n<meta name=\"twitter:card\" content=\"summary_large_image\" \/>\n<meta name=\"twitter:label1\" content=\"Dur\u00e9e de lecture estim\u00e9e\" \/>\n\t<meta name=\"twitter:data1\" content=\"1 minute\" \/>\n<script type=\"application\/ld+json\" class=\"yoast-schema-graph\">{\"@context\":\"https:\/\/schema.org\",\"@graph\":[{\"@type\":\"WebPage\",\"@id\":\"https:\/\/www.heartfailurematters.org\/fr\/ce-que-votre-medecin-ou-votre-infirmier-ere-peut-faire\/stimulateurs-de-la-sgc\/\",\"url\":\"https:\/\/www.heartfailurematters.org\/fr\/ce-que-votre-medecin-ou-votre-infirmier-ere-peut-faire\/stimulateurs-de-la-sgc\/\",\"name\":\"Stimulateurs de la sGC - Heart Failure Matters\",\"isPartOf\":{\"@id\":\"https:\/\/www.heartfailurematters.org\/fr\/#website\"},\"primaryImageOfPage\":{\"@id\":\"https:\/\/www.heartfailurematters.org\/fr\/ce-que-votre-medecin-ou-votre-infirmier-ere-peut-faire\/stimulateurs-de-la-sgc\/#primaryimage\"},\"image\":{\"@id\":\"https:\/\/www.heartfailurematters.org\/fr\/ce-que-votre-medecin-ou-votre-infirmier-ere-peut-faire\/stimulateurs-de-la-sgc\/#primaryimage\"},\"thumbnailUrl\":\"https:\/\/www.heartfailurematters.org\/wp-content\/uploads\/2022\/03\/shutterstock_441673426-1-min.jpg\",\"datePublished\":\"2021-04-12T10:41:11+00:00\",\"dateModified\":\"2021-06-25T13:12:56+00:00\",\"description\":\"Les stimulateurs de la guanylate cyclase (\u00e9galement appel\u00e9e guanylyl cyclase) soluble (sGCS) ainsi que ses activateurs r\u00e9duisent le stress oxydatif en augmentant les niveaux de monoxyde d'azote dans le c\u0153ur et les vaisseaux sanguins.\",\"breadcrumb\":{\"@id\":\"https:\/\/www.heartfailurematters.org\/fr\/ce-que-votre-medecin-ou-votre-infirmier-ere-peut-faire\/stimulateurs-de-la-sgc\/#breadcrumb\"},\"inLanguage\":\"fr-FR\",\"potentialAction\":[{\"@type\":\"ReadAction\",\"target\":[\"https:\/\/www.heartfailurematters.org\/fr\/ce-que-votre-medecin-ou-votre-infirmier-ere-peut-faire\/stimulateurs-de-la-sgc\/\"]}]},{\"@type\":\"ImageObject\",\"inLanguage\":\"fr-FR\",\"@id\":\"https:\/\/www.heartfailurematters.org\/fr\/ce-que-votre-medecin-ou-votre-infirmier-ere-peut-faire\/stimulateurs-de-la-sgc\/#primaryimage\",\"url\":\"https:\/\/www.heartfailurematters.org\/wp-content\/uploads\/2022\/03\/shutterstock_441673426-1-min.jpg\",\"contentUrl\":\"https:\/\/www.heartfailurematters.org\/wp-content\/uploads\/2022\/03\/shutterstock_441673426-1-min.jpg\",\"width\":900,\"height\":596},{\"@type\":\"BreadcrumbList\",\"@id\":\"https:\/\/www.heartfailurematters.org\/fr\/ce-que-votre-medecin-ou-votre-infirmier-ere-peut-faire\/stimulateurs-de-la-sgc\/#breadcrumb\",\"itemListElement\":[{\"@type\":\"ListItem\",\"position\":1,\"name\":\"Accueil\",\"item\":\"https:\/\/www.heartfailurematters.org\/fr\/\"},{\"@type\":\"ListItem\",\"position\":2,\"name\":\"Ce que votre m\u00e9decin peut faire\",\"item\":\"https:\/\/www.heartfailurematters.org\/fr\/ce-que-votre-medecin-ou-votre-infirmier-ere-peut-faire\/\"},{\"@type\":\"ListItem\",\"position\":3,\"name\":\"Stimulateurs de la sGC\"}]},{\"@type\":\"WebSite\",\"@id\":\"https:\/\/www.heartfailurematters.org\/fr\/#website\",\"url\":\"https:\/\/www.heartfailurematters.org\/fr\/\",\"name\":\"Heart Failure Matters\",\"description\":\"Practical information for patients, families and caregivers.\",\"publisher\":{\"@id\":\"https:\/\/www.heartfailurematters.org\/fr\/#organization\"},\"potentialAction\":[{\"@type\":\"SearchAction\",\"target\":{\"@type\":\"EntryPoint\",\"urlTemplate\":\"https:\/\/www.heartfailurematters.org\/fr\/?s={search_term_string}\"},\"query-input\":{\"@type\":\"PropertyValueSpecification\",\"valueRequired\":true,\"valueName\":\"search_term_string\"}}],\"inLanguage\":\"fr-FR\"},{\"@type\":\"Organization\",\"@id\":\"https:\/\/www.heartfailurematters.org\/fr\/#organization\",\"name\":\"Heart Failure Matters\",\"url\":\"https:\/\/www.heartfailurematters.org\/fr\/\",\"logo\":{\"@type\":\"ImageObject\",\"inLanguage\":\"fr-FR\",\"@id\":\"https:\/\/www.heartfailurematters.org\/fr\/#\/schema\/logo\/image\/\",\"url\":\"https:\/\/cdn-endpoint-hfm.azureedge.net\/heartfailurematters\/2024\/07\/hfm-logo1.jpg\",\"contentUrl\":\"https:\/\/cdn-endpoint-hfm.azureedge.net\/heartfailurematters\/2024\/07\/hfm-logo1.jpg\",\"width\":1280,\"height\":720,\"caption\":\"Heart Failure Matters\"},\"image\":{\"@id\":\"https:\/\/www.heartfailurematters.org\/fr\/#\/schema\/logo\/image\/\"},\"sameAs\":[\"https:\/\/www.facebook.com\/heartfailurematters\"]}]}<\/script>\n<!-- \/ Yoast SEO plugin. -->","yoast_head_json":{"title":"Stimulateurs de la sGC - Heart Failure Matters","description":"Les stimulateurs de la guanylate cyclase (\u00e9galement appel\u00e9e guanylyl cyclase) soluble (sGCS) ainsi que ses activateurs r\u00e9duisent le stress oxydatif en augmentant les niveaux de monoxyde d'azote dans le c\u0153ur et les vaisseaux sanguins.","robots":{"index":"index","follow":"follow","max-snippet":"max-snippet:-1","max-image-preview":"max-image-preview:large","max-video-preview":"max-video-preview:-1"},"canonical":"https:\/\/www.heartfailurematters.org\/fr\/ce-que-votre-medecin-ou-votre-infirmier-ere-peut-faire\/stimulateurs-de-la-sgc\/","og_locale":"fr_FR","og_type":"article","og_title":"Stimulateurs de la sGC - Heart Failure Matters","og_description":"Les stimulateurs de la guanylate cyclase (\u00e9galement appel\u00e9e guanylyl cyclase) soluble (sGCS) ainsi que ses activateurs r\u00e9duisent le stress oxydatif en augmentant les niveaux de monoxyde d'azote dans le c\u0153ur et les vaisseaux sanguins.","og_url":"https:\/\/www.heartfailurematters.org\/fr\/ce-que-votre-medecin-ou-votre-infirmier-ere-peut-faire\/stimulateurs-de-la-sgc\/","og_site_name":"Heart Failure Matters","article_publisher":"https:\/\/www.facebook.com\/heartfailurematters","article_modified_time":"2021-06-25T13:12:56+00:00","og_image":[{"width":900,"height":596,"url":"https:\/\/www.heartfailurematters.org\/wp-content\/uploads\/2022\/03\/shutterstock_441673426-1-min.jpg","type":"image\/jpeg"}],"twitter_card":"summary_large_image","twitter_misc":{"Dur\u00e9e de lecture estim\u00e9e":"1 minute"},"schema":{"@context":"https:\/\/schema.org","@graph":[{"@type":"WebPage","@id":"https:\/\/www.heartfailurematters.org\/fr\/ce-que-votre-medecin-ou-votre-infirmier-ere-peut-faire\/stimulateurs-de-la-sgc\/","url":"https:\/\/www.heartfailurematters.org\/fr\/ce-que-votre-medecin-ou-votre-infirmier-ere-peut-faire\/stimulateurs-de-la-sgc\/","name":"Stimulateurs de la sGC - Heart Failure Matters","isPartOf":{"@id":"https:\/\/www.heartfailurematters.org\/fr\/#website"},"primaryImageOfPage":{"@id":"https:\/\/www.heartfailurematters.org\/fr\/ce-que-votre-medecin-ou-votre-infirmier-ere-peut-faire\/stimulateurs-de-la-sgc\/#primaryimage"},"image":{"@id":"https:\/\/www.heartfailurematters.org\/fr\/ce-que-votre-medecin-ou-votre-infirmier-ere-peut-faire\/stimulateurs-de-la-sgc\/#primaryimage"},"thumbnailUrl":"https:\/\/www.heartfailurematters.org\/wp-content\/uploads\/2022\/03\/shutterstock_441673426-1-min.jpg","datePublished":"2021-04-12T10:41:11+00:00","dateModified":"2021-06-25T13:12:56+00:00","description":"Les stimulateurs de la guanylate cyclase (\u00e9galement appel\u00e9e guanylyl cyclase) soluble (sGCS) ainsi que ses activateurs r\u00e9duisent le stress oxydatif en augmentant les niveaux de monoxyde d'azote dans le c\u0153ur et les vaisseaux sanguins.","breadcrumb":{"@id":"https:\/\/www.heartfailurematters.org\/fr\/ce-que-votre-medecin-ou-votre-infirmier-ere-peut-faire\/stimulateurs-de-la-sgc\/#breadcrumb"},"inLanguage":"fr-FR","potentialAction":[{"@type":"ReadAction","target":["https:\/\/www.heartfailurematters.org\/fr\/ce-que-votre-medecin-ou-votre-infirmier-ere-peut-faire\/stimulateurs-de-la-sgc\/"]}]},{"@type":"ImageObject","inLanguage":"fr-FR","@id":"https:\/\/www.heartfailurematters.org\/fr\/ce-que-votre-medecin-ou-votre-infirmier-ere-peut-faire\/stimulateurs-de-la-sgc\/#primaryimage","url":"https:\/\/www.heartfailurematters.org\/wp-content\/uploads\/2022\/03\/shutterstock_441673426-1-min.jpg","contentUrl":"https:\/\/www.heartfailurematters.org\/wp-content\/uploads\/2022\/03\/shutterstock_441673426-1-min.jpg","width":900,"height":596},{"@type":"BreadcrumbList","@id":"https:\/\/www.heartfailurematters.org\/fr\/ce-que-votre-medecin-ou-votre-infirmier-ere-peut-faire\/stimulateurs-de-la-sgc\/#breadcrumb","itemListElement":[{"@type":"ListItem","position":1,"name":"Accueil","item":"https:\/\/www.heartfailurematters.org\/fr\/"},{"@type":"ListItem","position":2,"name":"Ce que votre m\u00e9decin peut faire","item":"https:\/\/www.heartfailurematters.org\/fr\/ce-que-votre-medecin-ou-votre-infirmier-ere-peut-faire\/"},{"@type":"ListItem","position":3,"name":"Stimulateurs de la sGC"}]},{"@type":"WebSite","@id":"https:\/\/www.heartfailurematters.org\/fr\/#website","url":"https:\/\/www.heartfailurematters.org\/fr\/","name":"Heart Failure Matters","description":"Practical information for patients, families and caregivers.","publisher":{"@id":"https:\/\/www.heartfailurematters.org\/fr\/#organization"},"potentialAction":[{"@type":"SearchAction","target":{"@type":"EntryPoint","urlTemplate":"https:\/\/www.heartfailurematters.org\/fr\/?s={search_term_string}"},"query-input":{"@type":"PropertyValueSpecification","valueRequired":true,"valueName":"search_term_string"}}],"inLanguage":"fr-FR"},{"@type":"Organization","@id":"https:\/\/www.heartfailurematters.org\/fr\/#organization","name":"Heart Failure Matters","url":"https:\/\/www.heartfailurematters.org\/fr\/","logo":{"@type":"ImageObject","inLanguage":"fr-FR","@id":"https:\/\/www.heartfailurematters.org\/fr\/#\/schema\/logo\/image\/","url":"https:\/\/cdn-endpoint-hfm.azureedge.net\/heartfailurematters\/2024\/07\/hfm-logo1.jpg","contentUrl":"https:\/\/cdn-endpoint-hfm.azureedge.net\/heartfailurematters\/2024\/07\/hfm-logo1.jpg","width":1280,"height":720,"caption":"Heart Failure Matters"},"image":{"@id":"https:\/\/www.heartfailurematters.org\/fr\/#\/schema\/logo\/image\/"},"sameAs":["https:\/\/www.facebook.com\/heartfailurematters"]}]}},"_links":{"self":[{"href":"https:\/\/www.heartfailurematters.org\/fr\/wp-json\/wp\/v2\/pages\/8127","targetHints":{"allow":["GET"]}}],"collection":[{"href":"https:\/\/www.heartfailurematters.org\/fr\/wp-json\/wp\/v2\/pages"}],"about":[{"href":"https:\/\/www.heartfailurematters.org\/fr\/wp-json\/wp\/v2\/types\/page"}],"author":[{"embeddable":true,"href":"https:\/\/www.heartfailurematters.org\/fr\/wp-json\/wp\/v2\/users\/1"}],"replies":[{"embeddable":true,"href":"https:\/\/www.heartfailurematters.org\/fr\/wp-json\/wp\/v2\/comments?post=8127"}],"version-history":[{"count":1,"href":"https:\/\/www.heartfailurematters.org\/fr\/wp-json\/wp\/v2\/pages\/8127\/revisions"}],"predecessor-version":[{"id":9102,"href":"https:\/\/www.heartfailurematters.org\/fr\/wp-json\/wp\/v2\/pages\/8127\/revisions\/9102"}],"up":[{"embeddable":true,"href":"https:\/\/www.heartfailurematters.org\/fr\/wp-json\/wp\/v2\/pages\/2679"}],"wp:featuredmedia":[{"embeddable":true,"href":"https:\/\/www.heartfailurematters.org\/fr\/wp-json\/wp\/v2\/media\/10868"}],"wp:attachment":[{"href":"https:\/\/www.heartfailurematters.org\/fr\/wp-json\/wp\/v2\/media?parent=8127"}],"wp:term":[{"taxonomy":"category","embeddable":true,"href":"https:\/\/www.heartfailurematters.org\/fr\/wp-json\/wp\/v2\/categories?post=8127"},{"taxonomy":"post_tag","embeddable":true,"href":"https:\/\/www.heartfailurematters.org\/fr\/wp-json\/wp\/v2\/tags?post=8127"}],"curies":[{"name":"wp","href":"https:\/\/api.w.org\/{rel}","templated":true}]}}