{"id":8113,"date":"2021-04-12T11:41:06","date_gmt":"2021-04-12T10:41:06","guid":{"rendered":"https:\/\/www.heartfailurematters.org\/causes-de-linsuffisance-cardiaque-et-autres-problemes-medicaux-courants\/depression-et-anxiete\/"},"modified":"2022-01-17T16:28:37","modified_gmt":"2022-01-17T16:28:37","slug":"depression-et-anxiete","status":"publish","type":"page","link":"https:\/\/www.heartfailurematters.org\/fr\/causes-de-linsuffisance-cardiaque-et-autres-problemes-medicaux-courants\/depression-et-anxiete\/","title":{"rendered":"D\u00e9pression et anxi\u00e9t\u00e9"},"content":{"rendered":"<p>Chez les insuffisants cardiaques, la d\u00e9pression et l&rsquo;anxi\u00e9t\u00e9 sont des affections courantes. Une personne sur cinq souffrant d&rsquo;insuffisance cardiaque pr\u00e9sente des sympt\u00f4mes de d\u00e9pression l\u00e9gers \u00e0 mod\u00e9r\u00e9s et un groupe plus restreint pr\u00e9sente des sympt\u00f4mes d\u00e9pressifs plus graves. La d\u00e9pression est plus courante chez les personnes pr\u00e9sentant des sympt\u00f4mes d&rsquo;insuffisance cardiaque plus graves et des limitations physiques. La superposition des sympt\u00f4mes de la d\u00e9pression et de l&rsquo;insuffisance cardiaque complique souvent le diagnostic de la d\u00e9pression, ce qui peut parfois en retarder la reconnaissance. La d\u00e9pression peut causer plusieurs sympt\u00f4mes importants tels qu&rsquo;une faible estime de soi, des sentiments de d\u00e9sespoir, d&rsquo;impuissance, des difficult\u00e9s de concentration, de l&rsquo;anxi\u00e9t\u00e9, de l&rsquo;irritation, de la fatigue et des maux physiques.<\/p>\n<p>Faire une d\u00e9pression peut compliquer le suivi du traitement m\u00e9dical recommand\u00e9 ainsi que la r\u00e9alisation des soins personnels. L\u2019anxi\u00e9t\u00e9 et la d\u00e9pression peuvent \u00e9galement diminuer la qualit\u00e9 de vie et provoquer de la fatigue et une d\u00e9t\u00e9rioration de l\u2019\u00e9tat fonctionnel. \u00c0 l\u2019heure actuelle, aucune m\u00e9dication ou psychoth\u00e9rapie sp\u00e9cifique n\u2019est jug\u00e9e efficace chez les insuffisants cardiaques. La plupart des m\u00e9dicaments antid\u00e9presseurs, tels que les inhibiteurs s\u00e9lectifs de la recapture de la s\u00e9rotonine (ISRS), semblent \u00eatre s\u00fbrs pour les insuffisants cardiaques. Cependant, il a \u00e9t\u00e9 d\u00e9montr\u00e9 que la th\u00e9rapie cognitivo-comportementale, qui est une intervention psychosociale visant \u00e0 am\u00e9liorer la sant\u00e9 mentale et \u00e0 aider au d\u00e9veloppement de strat\u00e9gies d\u2019adaptation personnelles, am\u00e9liore les r\u00e9sultats chez les insuffisants cardiaques.<\/p>\n<p>Recevoir un diagnostic d&rsquo;insuffisance cardiaque signifie souvent que des changements importants doivent \u00eatre faits dans la vie et les activit\u00e9s quotidiennes. S&rsquo;adapter \u00e0 ces changements peut \u00eatre difficile et parfois d\u00e9clencher des \u00e9motions telles que l&rsquo;anxi\u00e9t\u00e9, le stress et la d\u00e9pression. Voici des exemples de diverses situations pouvant provoquer des r\u00e9actions \u00e9motionnelles lorsque vous souffrez d&rsquo;insuffisance cardiaque\u00a0:<\/p>\n<ul>\n<li>Avoir peur que quelque chose de grave se produise soudainement.<\/li>\n<li>Avoir le sentiment de n&rsquo;avoir aucun contr\u00f4le sur le d\u00e9veloppement de la maladie cardiaque.<\/li>\n<li>\u00catre stress\u00e9 et avoir du mal \u00e0 se d\u00e9tendre.<\/li>\n<li>\u00catre triste d&rsquo;avoir une maladie cardiaque et une capacit\u00e9 physique limit\u00e9e.<\/li>\n<\/ul>\n<p>Toutes ces \u00e9motions sont naturelles, et vous n&rsquo;\u00eates pas le(a) seul(e) \u00e0 les ressentir. Certains patients ont de la r\u00e9sistance et de la col\u00e8re face \u00e0 ces sentiments plus complexes, ce qui peut renforcer ces derniers. Accepter les \u00e9motions au lieu d&rsquo;essayer de les supprimer peut \u00eatre difficile, mais c&rsquo;est une premi\u00e8re \u00e9tape n\u00e9cessaire pour vous aider \u00e0 les g\u00e9rer.<\/p>\n<h2>Anxi\u00e9t\u00e9<\/h2>\n<p>L&rsquo;anxi\u00e9t\u00e9 est une affection souvent n\u00e9glig\u00e9e chez les personnes souffrant d&rsquo;insuffisance cardiaque. L&rsquo;anxi\u00e9t\u00e9 est une forme de peur, qui a pour fonction de vous sensibiliser aux dangers et de vous pr\u00e9parer \u00e0 vous prot\u00e9ger. C&rsquo;est ce qu&rsquo;on appelle la \u00ab\u00a0r\u00e9action de lutte ou de fuite\u00a0\u00bb. Elle n&rsquo;est pas contr\u00f4l\u00e9e par votre propre volont\u00e9. Dans les situations o\u00f9 la peur a une cause \u00e9vidente, par exemple la peur des hauteurs, il est facile d&rsquo;\u00e9viter ce qui cause la peur. Lorsqu&rsquo;il n&rsquo;y a rien de facilement identifiable qui puisse \u00eatre \u00e9limin\u00e9 ou \u00e9vit\u00e9, comme un diagnostic d&rsquo;insuffisance cardiaque chronique, il est plus difficile de s&rsquo;adapter.<\/p>\n<p>Les sympt\u00f4mes courants d&rsquo;anxi\u00e9t\u00e9 sont des difficult\u00e9s \u00e0 respirer, des \u00e9tourdissements, des naus\u00e9es, des maux d&rsquo;estomac, une boule \u00e0 l&rsquo;estomac ou un poids sur la poitrine. Vous pouvez sentir votre c\u0153ur battre plus vite que d&rsquo;habitude, transpirer, avoir froid int\u00e9rieurement, ressentir une s\u00e9cheresse dans la bouche, un besoin d&rsquo;uriner ou une sensation de picotements ou d&rsquo;engourdissement dans les mains ou les pieds.<\/p>\n<p>Vous remarquerez peut-\u00eatre que certains signes de d\u00e9pression et d\u2019anxi\u00e9t\u00e9, tels que la fatigue et l\u2019essoufflement, sont tr\u00e8s semblables aux sympt\u00f4mes de l\u2019insuffisance cardiaque. Une fa\u00e7on de diff\u00e9rencier les sympt\u00f4mes de la d\u00e9pression, de l\u2019anxi\u00e9t\u00e9 et de l\u2019insuffisance cardiaque est de les observer pour savoir s\u2019ils surviennent en lien avec l\u2019effort. Les sympt\u00f4mes de l\u2019insuffisance cardiaque s\u2019aggravent g\u00e9n\u00e9ralement avec l\u2019effort physique et diminuent au repos, tandis que les sympt\u00f4mes de la d\u00e9pression et de l\u2019anxi\u00e9t\u00e9 peuvent se produire quel que soit le niveau d\u2019activit\u00e9 et peuvent m\u00eame s\u2019am\u00e9liorer apr\u00e8s l\u2019effort physique. Il est important de discuter de vos sympt\u00f4mes de d\u00e9tresse mentale avec le m\u00e9decin traitant ou l\u2019infirmier\/\u00e8re qui traite votre insuffisance cardiaque.<\/p>\n<p>&nbsp;<\/p>\n<p><a href=\"https:\/\/www.heartfailurematters.org\/heart-failure-causes-and-other-common-medical-conditions\/other-common-medical-conditions-and-heart-failure\/\">Retour \u00e0 Autres probl\u00e8mes m\u00e9dicaux courants et insuffisance cardiaque<\/a><\/p>\n","protected":false},"excerpt":{"rendered":"<p>Chez les insuffisants cardiaques, la d\u00e9pression et l&rsquo;anxi\u00e9t\u00e9 sont des affections courantes. Une personne sur cinq souffrant d&rsquo;insuffisance cardiaque pr\u00e9sente des sympt\u00f4mes de d\u00e9pression l\u00e9gers \u00e0 mod\u00e9r\u00e9s et un groupe plus restreint pr\u00e9sente des sympt\u00f4mes d\u00e9pressifs plus graves. La d\u00e9pression est plus courante chez les personnes pr\u00e9sentant des sympt\u00f4mes d&rsquo;insuffisance cardiaque plus graves et des [&hellip;]<\/p>\n","protected":false},"author":1,"featured_media":10848,"parent":8045,"menu_order":23,"comment_status":"closed","ping_status":"closed","template":"","meta":{"_acf_changed":false,"footnotes":""},"categories":[],"tags":[],"class_list":["post-8113","page","type-page","status-publish","has-post-thumbnail","hentry"],"acf":[],"yoast_head":"<!-- This site is optimized with the Yoast SEO plugin v24.8.1 - https:\/\/yoast.com\/wordpress\/plugins\/seo\/ -->\n<title>D\u00e9pression et anxi\u00e9t\u00e9 - Heart Failure Matters<\/title>\n<meta name=\"description\" content=\"La d\u00e9pression est plus courante chez les personnes pr\u00e9sentant des sympt\u00f4mes d&#039;insuffisance cardiaque plus graves et des limitations physiques. La superposition des sympt\u00f4mes de la d\u00e9pression et de l&#039;insuffisance cardiaque rend souvent le diagnostic de la d\u00e9pression plus difficile.\" \/>\n<meta name=\"robots\" content=\"index, follow, max-snippet:-1, max-image-preview:large, max-video-preview:-1\" \/>\n<link rel=\"canonical\" href=\"https:\/\/www.heartfailurematters.org\/fr\/causes-de-linsuffisance-cardiaque-et-autres-problemes-medicaux-courants\/depression-et-anxiete\/\" \/>\n<meta property=\"og:locale\" content=\"fr_FR\" \/>\n<meta property=\"og:type\" content=\"article\" \/>\n<meta property=\"og:title\" content=\"D\u00e9pression et anxi\u00e9t\u00e9 - Heart Failure Matters\" \/>\n<meta property=\"og:description\" content=\"La d\u00e9pression est plus courante chez les personnes pr\u00e9sentant des sympt\u00f4mes d&#039;insuffisance cardiaque plus graves et des limitations physiques. La superposition des sympt\u00f4mes de la d\u00e9pression et de l&#039;insuffisance cardiaque rend souvent le diagnostic de la d\u00e9pression plus difficile.\" \/>\n<meta property=\"og:url\" content=\"https:\/\/www.heartfailurematters.org\/fr\/causes-de-linsuffisance-cardiaque-et-autres-problemes-medicaux-courants\/depression-et-anxiete\/\" \/>\n<meta property=\"og:site_name\" content=\"Heart Failure Matters\" \/>\n<meta property=\"article:publisher\" content=\"https:\/\/www.facebook.com\/heartfailurematters\" \/>\n<meta property=\"article:modified_time\" content=\"2022-01-17T16:28:37+00:00\" \/>\n<meta property=\"og:image\" content=\"https:\/\/www.heartfailurematters.org\/wp-content\/uploads\/2022\/03\/shutterstock_1769847845-1-min.jpg\" \/>\n\t<meta property=\"og:image:width\" content=\"900\" \/>\n\t<meta property=\"og:image:height\" content=\"600\" \/>\n\t<meta property=\"og:image:type\" content=\"image\/jpeg\" \/>\n<meta name=\"twitter:card\" content=\"summary_large_image\" \/>\n<meta name=\"twitter:label1\" content=\"Dur\u00e9e de lecture estim\u00e9e\" \/>\n\t<meta name=\"twitter:data1\" content=\"3 minutes\" \/>\n<script type=\"application\/ld+json\" class=\"yoast-schema-graph\">{\"@context\":\"https:\/\/schema.org\",\"@graph\":[{\"@type\":\"WebPage\",\"@id\":\"https:\/\/www.heartfailurematters.org\/fr\/causes-de-linsuffisance-cardiaque-et-autres-problemes-medicaux-courants\/depression-et-anxiete\/\",\"url\":\"https:\/\/www.heartfailurematters.org\/fr\/causes-de-linsuffisance-cardiaque-et-autres-problemes-medicaux-courants\/depression-et-anxiete\/\",\"name\":\"D\u00e9pression et anxi\u00e9t\u00e9 - Heart Failure Matters\",\"isPartOf\":{\"@id\":\"https:\/\/www.heartfailurematters.org\/fr\/#website\"},\"primaryImageOfPage\":{\"@id\":\"https:\/\/www.heartfailurematters.org\/fr\/causes-de-linsuffisance-cardiaque-et-autres-problemes-medicaux-courants\/depression-et-anxiete\/#primaryimage\"},\"image\":{\"@id\":\"https:\/\/www.heartfailurematters.org\/fr\/causes-de-linsuffisance-cardiaque-et-autres-problemes-medicaux-courants\/depression-et-anxiete\/#primaryimage\"},\"thumbnailUrl\":\"https:\/\/www.heartfailurematters.org\/wp-content\/uploads\/2022\/03\/shutterstock_1769847845-1-min.jpg\",\"datePublished\":\"2021-04-12T10:41:06+00:00\",\"dateModified\":\"2022-01-17T16:28:37+00:00\",\"description\":\"La d\u00e9pression est plus courante chez les personnes pr\u00e9sentant des sympt\u00f4mes d'insuffisance cardiaque plus graves et des limitations physiques. La superposition des sympt\u00f4mes de la d\u00e9pression et de l'insuffisance cardiaque rend souvent le diagnostic de la d\u00e9pression plus difficile.\",\"breadcrumb\":{\"@id\":\"https:\/\/www.heartfailurematters.org\/fr\/causes-de-linsuffisance-cardiaque-et-autres-problemes-medicaux-courants\/depression-et-anxiete\/#breadcrumb\"},\"inLanguage\":\"fr-FR\",\"potentialAction\":[{\"@type\":\"ReadAction\",\"target\":[\"https:\/\/www.heartfailurematters.org\/fr\/causes-de-linsuffisance-cardiaque-et-autres-problemes-medicaux-courants\/depression-et-anxiete\/\"]}]},{\"@type\":\"ImageObject\",\"inLanguage\":\"fr-FR\",\"@id\":\"https:\/\/www.heartfailurematters.org\/fr\/causes-de-linsuffisance-cardiaque-et-autres-problemes-medicaux-courants\/depression-et-anxiete\/#primaryimage\",\"url\":\"https:\/\/www.heartfailurematters.org\/wp-content\/uploads\/2022\/03\/shutterstock_1769847845-1-min.jpg\",\"contentUrl\":\"https:\/\/www.heartfailurematters.org\/wp-content\/uploads\/2022\/03\/shutterstock_1769847845-1-min.jpg\",\"width\":900,\"height\":600},{\"@type\":\"BreadcrumbList\",\"@id\":\"https:\/\/www.heartfailurematters.org\/fr\/causes-de-linsuffisance-cardiaque-et-autres-problemes-medicaux-courants\/depression-et-anxiete\/#breadcrumb\",\"itemListElement\":[{\"@type\":\"ListItem\",\"position\":1,\"name\":\"Accueil\",\"item\":\"https:\/\/www.heartfailurematters.org\/fr\/\"},{\"@type\":\"ListItem\",\"position\":2,\"name\":\"Causes de l&#8217;insuffisance cardiaque et autres probl\u00e8mes m\u00e9dicaux associ\u00e9s\",\"item\":\"https:\/\/www.heartfailurematters.org\/fr\/causes-de-linsuffisance-cardiaque-et-autres-problemes-medicaux-courants\/\"},{\"@type\":\"ListItem\",\"position\":3,\"name\":\"D\u00e9pression et anxi\u00e9t\u00e9\"}]},{\"@type\":\"WebSite\",\"@id\":\"https:\/\/www.heartfailurematters.org\/fr\/#website\",\"url\":\"https:\/\/www.heartfailurematters.org\/fr\/\",\"name\":\"Heart Failure Matters\",\"description\":\"Practical information for patients, families and caregivers.\",\"publisher\":{\"@id\":\"https:\/\/www.heartfailurematters.org\/fr\/#organization\"},\"potentialAction\":[{\"@type\":\"SearchAction\",\"target\":{\"@type\":\"EntryPoint\",\"urlTemplate\":\"https:\/\/www.heartfailurematters.org\/fr\/?s={search_term_string}\"},\"query-input\":{\"@type\":\"PropertyValueSpecification\",\"valueRequired\":true,\"valueName\":\"search_term_string\"}}],\"inLanguage\":\"fr-FR\"},{\"@type\":\"Organization\",\"@id\":\"https:\/\/www.heartfailurematters.org\/fr\/#organization\",\"name\":\"Heart Failure Matters\",\"url\":\"https:\/\/www.heartfailurematters.org\/fr\/\",\"logo\":{\"@type\":\"ImageObject\",\"inLanguage\":\"fr-FR\",\"@id\":\"https:\/\/www.heartfailurematters.org\/fr\/#\/schema\/logo\/image\/\",\"url\":\"https:\/\/cdn-endpoint-hfm.azureedge.net\/heartfailurematters\/2024\/07\/hfm-logo1.jpg\",\"contentUrl\":\"https:\/\/cdn-endpoint-hfm.azureedge.net\/heartfailurematters\/2024\/07\/hfm-logo1.jpg\",\"width\":1280,\"height\":720,\"caption\":\"Heart Failure Matters\"},\"image\":{\"@id\":\"https:\/\/www.heartfailurematters.org\/fr\/#\/schema\/logo\/image\/\"},\"sameAs\":[\"https:\/\/www.facebook.com\/heartfailurematters\"]}]}<\/script>\n<!-- \/ Yoast SEO plugin. -->","yoast_head_json":{"title":"D\u00e9pression et anxi\u00e9t\u00e9 - Heart Failure Matters","description":"La d\u00e9pression est plus courante chez les personnes pr\u00e9sentant des sympt\u00f4mes d'insuffisance cardiaque plus graves et des limitations physiques. La superposition des sympt\u00f4mes de la d\u00e9pression et de l'insuffisance cardiaque rend souvent le diagnostic de la d\u00e9pression plus difficile.","robots":{"index":"index","follow":"follow","max-snippet":"max-snippet:-1","max-image-preview":"max-image-preview:large","max-video-preview":"max-video-preview:-1"},"canonical":"https:\/\/www.heartfailurematters.org\/fr\/causes-de-linsuffisance-cardiaque-et-autres-problemes-medicaux-courants\/depression-et-anxiete\/","og_locale":"fr_FR","og_type":"article","og_title":"D\u00e9pression et anxi\u00e9t\u00e9 - Heart Failure Matters","og_description":"La d\u00e9pression est plus courante chez les personnes pr\u00e9sentant des sympt\u00f4mes d'insuffisance cardiaque plus graves et des limitations physiques. La superposition des sympt\u00f4mes de la d\u00e9pression et de l'insuffisance cardiaque rend souvent le diagnostic de la d\u00e9pression plus difficile.","og_url":"https:\/\/www.heartfailurematters.org\/fr\/causes-de-linsuffisance-cardiaque-et-autres-problemes-medicaux-courants\/depression-et-anxiete\/","og_site_name":"Heart Failure Matters","article_publisher":"https:\/\/www.facebook.com\/heartfailurematters","article_modified_time":"2022-01-17T16:28:37+00:00","og_image":[{"width":900,"height":600,"url":"https:\/\/www.heartfailurematters.org\/wp-content\/uploads\/2022\/03\/shutterstock_1769847845-1-min.jpg","type":"image\/jpeg"}],"twitter_card":"summary_large_image","twitter_misc":{"Dur\u00e9e de lecture estim\u00e9e":"3 minutes"},"schema":{"@context":"https:\/\/schema.org","@graph":[{"@type":"WebPage","@id":"https:\/\/www.heartfailurematters.org\/fr\/causes-de-linsuffisance-cardiaque-et-autres-problemes-medicaux-courants\/depression-et-anxiete\/","url":"https:\/\/www.heartfailurematters.org\/fr\/causes-de-linsuffisance-cardiaque-et-autres-problemes-medicaux-courants\/depression-et-anxiete\/","name":"D\u00e9pression et anxi\u00e9t\u00e9 - Heart Failure Matters","isPartOf":{"@id":"https:\/\/www.heartfailurematters.org\/fr\/#website"},"primaryImageOfPage":{"@id":"https:\/\/www.heartfailurematters.org\/fr\/causes-de-linsuffisance-cardiaque-et-autres-problemes-medicaux-courants\/depression-et-anxiete\/#primaryimage"},"image":{"@id":"https:\/\/www.heartfailurematters.org\/fr\/causes-de-linsuffisance-cardiaque-et-autres-problemes-medicaux-courants\/depression-et-anxiete\/#primaryimage"},"thumbnailUrl":"https:\/\/www.heartfailurematters.org\/wp-content\/uploads\/2022\/03\/shutterstock_1769847845-1-min.jpg","datePublished":"2021-04-12T10:41:06+00:00","dateModified":"2022-01-17T16:28:37+00:00","description":"La d\u00e9pression est plus courante chez les personnes pr\u00e9sentant des sympt\u00f4mes d'insuffisance cardiaque plus graves et des limitations physiques. La superposition des sympt\u00f4mes de la d\u00e9pression et de l'insuffisance cardiaque rend souvent le diagnostic de la d\u00e9pression plus difficile.","breadcrumb":{"@id":"https:\/\/www.heartfailurematters.org\/fr\/causes-de-linsuffisance-cardiaque-et-autres-problemes-medicaux-courants\/depression-et-anxiete\/#breadcrumb"},"inLanguage":"fr-FR","potentialAction":[{"@type":"ReadAction","target":["https:\/\/www.heartfailurematters.org\/fr\/causes-de-linsuffisance-cardiaque-et-autres-problemes-medicaux-courants\/depression-et-anxiete\/"]}]},{"@type":"ImageObject","inLanguage":"fr-FR","@id":"https:\/\/www.heartfailurematters.org\/fr\/causes-de-linsuffisance-cardiaque-et-autres-problemes-medicaux-courants\/depression-et-anxiete\/#primaryimage","url":"https:\/\/www.heartfailurematters.org\/wp-content\/uploads\/2022\/03\/shutterstock_1769847845-1-min.jpg","contentUrl":"https:\/\/www.heartfailurematters.org\/wp-content\/uploads\/2022\/03\/shutterstock_1769847845-1-min.jpg","width":900,"height":600},{"@type":"BreadcrumbList","@id":"https:\/\/www.heartfailurematters.org\/fr\/causes-de-linsuffisance-cardiaque-et-autres-problemes-medicaux-courants\/depression-et-anxiete\/#breadcrumb","itemListElement":[{"@type":"ListItem","position":1,"name":"Accueil","item":"https:\/\/www.heartfailurematters.org\/fr\/"},{"@type":"ListItem","position":2,"name":"Causes de l&#8217;insuffisance cardiaque et autres probl\u00e8mes m\u00e9dicaux associ\u00e9s","item":"https:\/\/www.heartfailurematters.org\/fr\/causes-de-linsuffisance-cardiaque-et-autres-problemes-medicaux-courants\/"},{"@type":"ListItem","position":3,"name":"D\u00e9pression et anxi\u00e9t\u00e9"}]},{"@type":"WebSite","@id":"https:\/\/www.heartfailurematters.org\/fr\/#website","url":"https:\/\/www.heartfailurematters.org\/fr\/","name":"Heart Failure Matters","description":"Practical information for patients, families and caregivers.","publisher":{"@id":"https:\/\/www.heartfailurematters.org\/fr\/#organization"},"potentialAction":[{"@type":"SearchAction","target":{"@type":"EntryPoint","urlTemplate":"https:\/\/www.heartfailurematters.org\/fr\/?s={search_term_string}"},"query-input":{"@type":"PropertyValueSpecification","valueRequired":true,"valueName":"search_term_string"}}],"inLanguage":"fr-FR"},{"@type":"Organization","@id":"https:\/\/www.heartfailurematters.org\/fr\/#organization","name":"Heart Failure Matters","url":"https:\/\/www.heartfailurematters.org\/fr\/","logo":{"@type":"ImageObject","inLanguage":"fr-FR","@id":"https:\/\/www.heartfailurematters.org\/fr\/#\/schema\/logo\/image\/","url":"https:\/\/cdn-endpoint-hfm.azureedge.net\/heartfailurematters\/2024\/07\/hfm-logo1.jpg","contentUrl":"https:\/\/cdn-endpoint-hfm.azureedge.net\/heartfailurematters\/2024\/07\/hfm-logo1.jpg","width":1280,"height":720,"caption":"Heart Failure Matters"},"image":{"@id":"https:\/\/www.heartfailurematters.org\/fr\/#\/schema\/logo\/image\/"},"sameAs":["https:\/\/www.facebook.com\/heartfailurematters"]}]}},"_links":{"self":[{"href":"https:\/\/www.heartfailurematters.org\/fr\/wp-json\/wp\/v2\/pages\/8113","targetHints":{"allow":["GET"]}}],"collection":[{"href":"https:\/\/www.heartfailurematters.org\/fr\/wp-json\/wp\/v2\/pages"}],"about":[{"href":"https:\/\/www.heartfailurematters.org\/fr\/wp-json\/wp\/v2\/types\/page"}],"author":[{"embeddable":true,"href":"https:\/\/www.heartfailurematters.org\/fr\/wp-json\/wp\/v2\/users\/1"}],"replies":[{"embeddable":true,"href":"https:\/\/www.heartfailurematters.org\/fr\/wp-json\/wp\/v2\/comments?post=8113"}],"version-history":[{"count":4,"href":"https:\/\/www.heartfailurematters.org\/fr\/wp-json\/wp\/v2\/pages\/8113\/revisions"}],"predecessor-version":[{"id":10214,"href":"https:\/\/www.heartfailurematters.org\/fr\/wp-json\/wp\/v2\/pages\/8113\/revisions\/10214"}],"up":[{"embeddable":true,"href":"https:\/\/www.heartfailurematters.org\/fr\/wp-json\/wp\/v2\/pages\/8045"}],"wp:featuredmedia":[{"embeddable":true,"href":"https:\/\/www.heartfailurematters.org\/fr\/wp-json\/wp\/v2\/media\/10848"}],"wp:attachment":[{"href":"https:\/\/www.heartfailurematters.org\/fr\/wp-json\/wp\/v2\/media?parent=8113"}],"wp:term":[{"taxonomy":"category","embeddable":true,"href":"https:\/\/www.heartfailurematters.org\/fr\/wp-json\/wp\/v2\/categories?post=8113"},{"taxonomy":"post_tag","embeddable":true,"href":"https:\/\/www.heartfailurematters.org\/fr\/wp-json\/wp\/v2\/tags?post=8113"}],"curies":[{"name":"wp","href":"https:\/\/api.w.org\/{rel}","templated":true}]}}