{"id":8094,"date":"2021-04-12T11:41:01","date_gmt":"2021-04-12T10:41:01","guid":{"rendered":"https:\/\/www.heartfailurematters.org\/causes-de-linsuffisance-cardiaque-et-autres-problemes-medicaux-courants\/goutte\/"},"modified":"2021-08-12T11:12:15","modified_gmt":"2021-08-12T10:12:15","slug":"goutte","status":"publish","type":"page","link":"https:\/\/www.heartfailurematters.org\/fr\/causes-de-linsuffisance-cardiaque-et-autres-problemes-medicaux-courants\/goutte\/","title":{"rendered":"Goutte"},"content":{"rendered":"<p>La goutte est un probl\u00e8me de sant\u00e9 courant, en particulier chez les personnes \u00e2g\u00e9es. Elle consiste en \u00e9pisodes inflammatoires douloureux des articulations et est caus\u00e9e par une quantit\u00e9 accrue d&rsquo;acide urique dans le sang. L&rsquo;acide urique est un d\u00e9chet normal que l&rsquo;on trouve dans votre sang \u2013 mais avoir trop d&rsquo;acide urique dans le sang peut entra\u00eener une hyperuric\u00e9mie (taux \u00e9lev\u00e9s d&rsquo;acide urique dans le sang). L&rsquo;accumulation d&rsquo;acide urique peut former des cristaux en forme d&rsquo;aiguille dans une articulation, g\u00e9n\u00e9ralement les articulations les plus froides, comme dans le gros orteil. Ces attaques entra\u00eenent des douleurs soudaines, de la sensibilit\u00e9, des rougeurs, de la chaleur et des enflures.<\/p>\n<p>Les personnes qui ont la goutte sont plus susceptibles d&rsquo;avoir une maladie cardiaque, des art\u00e8res bloqu\u00e9es et souvent une insuffisance cardiaque. La goutte est \u00e9galement associ\u00e9e \u00e0 un risque accru de maladies r\u00e9nales, de diab\u00e8te, de cancer et d&rsquo;apn\u00e9e du sommeil, probablement en raison d&rsquo;un niveau \u00e9lev\u00e9 d&rsquo;inflammation chronique. Sans traitement, la goutte peut \u00eatre grave ; de nouvelles recherches montrent que les patients atteints de goutte ont un risque deux fois plus \u00e9lev\u00e9 de crise cardiaque ou d&rsquo;accident vasculaire c\u00e9r\u00e9bral.<\/p>\n<p>Chez les patients souffrant d&rsquo;insuffisance cardiaque chronique, une concentration \u00e9lev\u00e9e d&rsquo;acide urique dans le sang est souvent d\u00e9tect\u00e9e lors des tests sanguins de routine. Les diur\u00e9tiques, dont les insuffisants cardiaques ont g\u00e9n\u00e9ralement besoin pour r\u00e9duire la r\u00e9tention d&rsquo;eau, augmentent souvent les niveaux d&rsquo;acide urique et provoquent la goutte. La consommation chronique d&rsquo;alcool et l&rsquo;ob\u00e9sit\u00e9 contribuent \u00e9galement \u00e0 augmenter la formation d&rsquo;acide urique. Les sympt\u00f4mes de la goutte se d\u00e9veloppent g\u00e9n\u00e9ralement apr\u00e8s de nombreuses ann\u00e9es d&rsquo;hyperuric\u00e9mie prolong\u00e9e. L&rsquo;augmentation des taux d&rsquo;acide urique dans le corps ainsi qu&rsquo;une r\u00e9ponse satisfaisante au traitement peuvent \u00eatre confirm\u00e9es par de simples analyses sanguines.<\/p>\n<p>Le maintien d&rsquo;un taux d&rsquo;acide urique sain est important pour r\u00e9duire le risque de goutte chez les insuffisants cardiaques et votre m\u00e9decin effectuera un test sanguin d&rsquo;acide urique de routine, en particulier si vous prenez des diur\u00e9tiques ou si vous avez eu un \u00e9pisode de goutte. Faire de l&rsquo;exercice, maintenir un poids sain et \u00e9viter certains aliments pouvant d\u00e9clencher la goutte sont importants pour r\u00e9duire les risques. Ces aliments et boissons sont tr\u00e8s riches en purines, qui sont des compos\u00e9s organiques essentiels m\u00e9tabolis\u00e9s en acide urique. Il s&rsquo;agit notamment de la bi\u00e8re, de la levure, des pois, des haricots, des lentilles, des \u00e9pinards, des champignons, de la viande rouge, de l&rsquo;agneau et du porc, des abats comme le foie, les rognons et le ris de veau, ainsi que des fruits de mer, en particulier les crustac\u00e9s comme les crevettes, le homard, les anchois et les sardines.<\/p>\n<p>Des m\u00e9dicaments, tels que l&rsquo;allopurinol, sont habituellement utilis\u00e9s pour r\u00e9duire le taux d&rsquo;acide urique en inhibant sa biosynth\u00e8se dans le corps, pr\u00e9venant ainsi les crises de goutte. En outre, la prise d&rsquo;allopurinol pour diminuer le taux d&rsquo;acide urique peut vous prot\u00e9ger contre une aggravation de votre insuffisance cardiaque. Il est important de prendre ce m\u00e9dicament tel que prescrit, \u00e0 long terme, et de pas en arr\u00eater la prise sans en parler au m\u00e9decin. Il existe plusieurs autres m\u00e9dicaments contre la goutte aigu\u00eb ou chronique que votre m\u00e9decin peut vous prescrire si n\u00e9cessaire. N&rsquo;oubliez pas d&rsquo;\u00e9viter l&rsquo;utilisation d&rsquo;analg\u00e9siques non st\u00e9ro\u00efdiens (AINS).<\/p>\n<p><a href=\"https:\/\/www.heartfailurematters.org\/heart-failure-causes-and-other-common-medical-conditions\/other-common-medical-conditions-and-heart-failure\/\">Retour \u00e0 Autres probl\u00e8mes m\u00e9dicaux courants et insuffisance cardiaque<\/a><\/p>\n","protected":false},"excerpt":{"rendered":"<p>La goutte est un probl\u00e8me de sant\u00e9 courant, en particulier chez les personnes \u00e2g\u00e9es. Elle consiste en \u00e9pisodes inflammatoires douloureux des articulations et est caus\u00e9e par une quantit\u00e9 accrue d&rsquo;acide urique dans le sang. L&rsquo;acide urique est un d\u00e9chet normal que l&rsquo;on trouve dans votre sang \u2013 mais avoir trop d&rsquo;acide urique dans le sang [&hellip;]<\/p>\n","protected":false},"author":1,"featured_media":10828,"parent":8045,"menu_order":21,"comment_status":"closed","ping_status":"closed","template":"","meta":{"_acf_changed":false,"footnotes":""},"categories":[],"tags":[],"class_list":["post-8094","page","type-page","status-publish","has-post-thumbnail","hentry"],"acf":[],"yoast_head":"<!-- This site is optimized with the Yoast SEO plugin v24.8.1 - https:\/\/yoast.com\/wordpress\/plugins\/seo\/ -->\n<title>Goutte - Heart Failure Matters<\/title>\n<meta name=\"description\" content=\"La goutte se manifeste par des \u00e9pisodes inflammatoires douloureux dans les articulations et est due \u00e0 une augmentation de la quantit\u00e9 d&#039;acide urique dans le sang.\" \/>\n<meta name=\"robots\" content=\"index, follow, max-snippet:-1, max-image-preview:large, max-video-preview:-1\" \/>\n<link rel=\"canonical\" href=\"https:\/\/www.heartfailurematters.org\/fr\/causes-de-linsuffisance-cardiaque-et-autres-problemes-medicaux-courants\/goutte\/\" \/>\n<meta property=\"og:locale\" content=\"fr_FR\" \/>\n<meta property=\"og:type\" content=\"article\" \/>\n<meta property=\"og:title\" content=\"Goutte - Heart Failure Matters\" \/>\n<meta property=\"og:description\" content=\"La goutte se manifeste par des \u00e9pisodes inflammatoires douloureux dans les articulations et est due \u00e0 une augmentation de la quantit\u00e9 d&#039;acide urique dans le sang.\" \/>\n<meta property=\"og:url\" content=\"https:\/\/www.heartfailurematters.org\/fr\/causes-de-linsuffisance-cardiaque-et-autres-problemes-medicaux-courants\/goutte\/\" \/>\n<meta property=\"og:site_name\" content=\"Heart Failure Matters\" \/>\n<meta property=\"article:publisher\" content=\"https:\/\/www.facebook.com\/heartfailurematters\" \/>\n<meta property=\"article:modified_time\" content=\"2021-08-12T10:12:15+00:00\" \/>\n<meta property=\"og:image\" content=\"https:\/\/www.heartfailurematters.org\/wp-content\/uploads\/2022\/03\/shutterstock_1768051616-1-min.jpg\" \/>\n\t<meta property=\"og:image:width\" content=\"900\" \/>\n\t<meta property=\"og:image:height\" content=\"600\" \/>\n\t<meta property=\"og:image:type\" content=\"image\/jpeg\" \/>\n<meta name=\"twitter:card\" content=\"summary_large_image\" \/>\n<meta name=\"twitter:label1\" content=\"Dur\u00e9e de lecture estim\u00e9e\" \/>\n\t<meta name=\"twitter:data1\" content=\"3 minutes\" \/>\n<script type=\"application\/ld+json\" class=\"yoast-schema-graph\">{\"@context\":\"https:\/\/schema.org\",\"@graph\":[{\"@type\":\"WebPage\",\"@id\":\"https:\/\/www.heartfailurematters.org\/fr\/causes-de-linsuffisance-cardiaque-et-autres-problemes-medicaux-courants\/goutte\/\",\"url\":\"https:\/\/www.heartfailurematters.org\/fr\/causes-de-linsuffisance-cardiaque-et-autres-problemes-medicaux-courants\/goutte\/\",\"name\":\"Goutte - Heart Failure Matters\",\"isPartOf\":{\"@id\":\"https:\/\/www.heartfailurematters.org\/fr\/#website\"},\"primaryImageOfPage\":{\"@id\":\"https:\/\/www.heartfailurematters.org\/fr\/causes-de-linsuffisance-cardiaque-et-autres-problemes-medicaux-courants\/goutte\/#primaryimage\"},\"image\":{\"@id\":\"https:\/\/www.heartfailurematters.org\/fr\/causes-de-linsuffisance-cardiaque-et-autres-problemes-medicaux-courants\/goutte\/#primaryimage\"},\"thumbnailUrl\":\"https:\/\/www.heartfailurematters.org\/wp-content\/uploads\/2022\/03\/shutterstock_1768051616-1-min.jpg\",\"datePublished\":\"2021-04-12T10:41:01+00:00\",\"dateModified\":\"2021-08-12T10:12:15+00:00\",\"description\":\"La goutte se manifeste par des \u00e9pisodes inflammatoires douloureux dans les articulations et est due \u00e0 une augmentation de la quantit\u00e9 d'acide urique dans le sang.\",\"breadcrumb\":{\"@id\":\"https:\/\/www.heartfailurematters.org\/fr\/causes-de-linsuffisance-cardiaque-et-autres-problemes-medicaux-courants\/goutte\/#breadcrumb\"},\"inLanguage\":\"fr-FR\",\"potentialAction\":[{\"@type\":\"ReadAction\",\"target\":[\"https:\/\/www.heartfailurematters.org\/fr\/causes-de-linsuffisance-cardiaque-et-autres-problemes-medicaux-courants\/goutte\/\"]}]},{\"@type\":\"ImageObject\",\"inLanguage\":\"fr-FR\",\"@id\":\"https:\/\/www.heartfailurematters.org\/fr\/causes-de-linsuffisance-cardiaque-et-autres-problemes-medicaux-courants\/goutte\/#primaryimage\",\"url\":\"https:\/\/www.heartfailurematters.org\/wp-content\/uploads\/2022\/03\/shutterstock_1768051616-1-min.jpg\",\"contentUrl\":\"https:\/\/www.heartfailurematters.org\/wp-content\/uploads\/2022\/03\/shutterstock_1768051616-1-min.jpg\",\"width\":900,\"height\":600},{\"@type\":\"BreadcrumbList\",\"@id\":\"https:\/\/www.heartfailurematters.org\/fr\/causes-de-linsuffisance-cardiaque-et-autres-problemes-medicaux-courants\/goutte\/#breadcrumb\",\"itemListElement\":[{\"@type\":\"ListItem\",\"position\":1,\"name\":\"Accueil\",\"item\":\"https:\/\/www.heartfailurematters.org\/fr\/\"},{\"@type\":\"ListItem\",\"position\":2,\"name\":\"Causes de l&#8217;insuffisance cardiaque et autres probl\u00e8mes m\u00e9dicaux associ\u00e9s\",\"item\":\"https:\/\/www.heartfailurematters.org\/fr\/causes-de-linsuffisance-cardiaque-et-autres-problemes-medicaux-courants\/\"},{\"@type\":\"ListItem\",\"position\":3,\"name\":\"Goutte\"}]},{\"@type\":\"WebSite\",\"@id\":\"https:\/\/www.heartfailurematters.org\/fr\/#website\",\"url\":\"https:\/\/www.heartfailurematters.org\/fr\/\",\"name\":\"Heart Failure Matters\",\"description\":\"Practical information for patients, families and caregivers.\",\"publisher\":{\"@id\":\"https:\/\/www.heartfailurematters.org\/fr\/#organization\"},\"potentialAction\":[{\"@type\":\"SearchAction\",\"target\":{\"@type\":\"EntryPoint\",\"urlTemplate\":\"https:\/\/www.heartfailurematters.org\/fr\/?s={search_term_string}\"},\"query-input\":{\"@type\":\"PropertyValueSpecification\",\"valueRequired\":true,\"valueName\":\"search_term_string\"}}],\"inLanguage\":\"fr-FR\"},{\"@type\":\"Organization\",\"@id\":\"https:\/\/www.heartfailurematters.org\/fr\/#organization\",\"name\":\"Heart Failure Matters\",\"url\":\"https:\/\/www.heartfailurematters.org\/fr\/\",\"logo\":{\"@type\":\"ImageObject\",\"inLanguage\":\"fr-FR\",\"@id\":\"https:\/\/www.heartfailurematters.org\/fr\/#\/schema\/logo\/image\/\",\"url\":\"https:\/\/cdn-endpoint-hfm.azureedge.net\/heartfailurematters\/2024\/07\/hfm-logo1.jpg\",\"contentUrl\":\"https:\/\/cdn-endpoint-hfm.azureedge.net\/heartfailurematters\/2024\/07\/hfm-logo1.jpg\",\"width\":1280,\"height\":720,\"caption\":\"Heart Failure Matters\"},\"image\":{\"@id\":\"https:\/\/www.heartfailurematters.org\/fr\/#\/schema\/logo\/image\/\"},\"sameAs\":[\"https:\/\/www.facebook.com\/heartfailurematters\"]}]}<\/script>\n<!-- \/ Yoast SEO plugin. -->","yoast_head_json":{"title":"Goutte - Heart Failure Matters","description":"La goutte se manifeste par des \u00e9pisodes inflammatoires douloureux dans les articulations et est due \u00e0 une augmentation de la quantit\u00e9 d'acide urique dans le sang.","robots":{"index":"index","follow":"follow","max-snippet":"max-snippet:-1","max-image-preview":"max-image-preview:large","max-video-preview":"max-video-preview:-1"},"canonical":"https:\/\/www.heartfailurematters.org\/fr\/causes-de-linsuffisance-cardiaque-et-autres-problemes-medicaux-courants\/goutte\/","og_locale":"fr_FR","og_type":"article","og_title":"Goutte - Heart Failure Matters","og_description":"La goutte se manifeste par des \u00e9pisodes inflammatoires douloureux dans les articulations et est due \u00e0 une augmentation de la quantit\u00e9 d'acide urique dans le sang.","og_url":"https:\/\/www.heartfailurematters.org\/fr\/causes-de-linsuffisance-cardiaque-et-autres-problemes-medicaux-courants\/goutte\/","og_site_name":"Heart Failure Matters","article_publisher":"https:\/\/www.facebook.com\/heartfailurematters","article_modified_time":"2021-08-12T10:12:15+00:00","og_image":[{"width":900,"height":600,"url":"https:\/\/www.heartfailurematters.org\/wp-content\/uploads\/2022\/03\/shutterstock_1768051616-1-min.jpg","type":"image\/jpeg"}],"twitter_card":"summary_large_image","twitter_misc":{"Dur\u00e9e de lecture estim\u00e9e":"3 minutes"},"schema":{"@context":"https:\/\/schema.org","@graph":[{"@type":"WebPage","@id":"https:\/\/www.heartfailurematters.org\/fr\/causes-de-linsuffisance-cardiaque-et-autres-problemes-medicaux-courants\/goutte\/","url":"https:\/\/www.heartfailurematters.org\/fr\/causes-de-linsuffisance-cardiaque-et-autres-problemes-medicaux-courants\/goutte\/","name":"Goutte - Heart Failure Matters","isPartOf":{"@id":"https:\/\/www.heartfailurematters.org\/fr\/#website"},"primaryImageOfPage":{"@id":"https:\/\/www.heartfailurematters.org\/fr\/causes-de-linsuffisance-cardiaque-et-autres-problemes-medicaux-courants\/goutte\/#primaryimage"},"image":{"@id":"https:\/\/www.heartfailurematters.org\/fr\/causes-de-linsuffisance-cardiaque-et-autres-problemes-medicaux-courants\/goutte\/#primaryimage"},"thumbnailUrl":"https:\/\/www.heartfailurematters.org\/wp-content\/uploads\/2022\/03\/shutterstock_1768051616-1-min.jpg","datePublished":"2021-04-12T10:41:01+00:00","dateModified":"2021-08-12T10:12:15+00:00","description":"La goutte se manifeste par des \u00e9pisodes inflammatoires douloureux dans les articulations et est due \u00e0 une augmentation de la quantit\u00e9 d'acide urique dans le sang.","breadcrumb":{"@id":"https:\/\/www.heartfailurematters.org\/fr\/causes-de-linsuffisance-cardiaque-et-autres-problemes-medicaux-courants\/goutte\/#breadcrumb"},"inLanguage":"fr-FR","potentialAction":[{"@type":"ReadAction","target":["https:\/\/www.heartfailurematters.org\/fr\/causes-de-linsuffisance-cardiaque-et-autres-problemes-medicaux-courants\/goutte\/"]}]},{"@type":"ImageObject","inLanguage":"fr-FR","@id":"https:\/\/www.heartfailurematters.org\/fr\/causes-de-linsuffisance-cardiaque-et-autres-problemes-medicaux-courants\/goutte\/#primaryimage","url":"https:\/\/www.heartfailurematters.org\/wp-content\/uploads\/2022\/03\/shutterstock_1768051616-1-min.jpg","contentUrl":"https:\/\/www.heartfailurematters.org\/wp-content\/uploads\/2022\/03\/shutterstock_1768051616-1-min.jpg","width":900,"height":600},{"@type":"BreadcrumbList","@id":"https:\/\/www.heartfailurematters.org\/fr\/causes-de-linsuffisance-cardiaque-et-autres-problemes-medicaux-courants\/goutte\/#breadcrumb","itemListElement":[{"@type":"ListItem","position":1,"name":"Accueil","item":"https:\/\/www.heartfailurematters.org\/fr\/"},{"@type":"ListItem","position":2,"name":"Causes de l&#8217;insuffisance cardiaque et autres probl\u00e8mes m\u00e9dicaux associ\u00e9s","item":"https:\/\/www.heartfailurematters.org\/fr\/causes-de-linsuffisance-cardiaque-et-autres-problemes-medicaux-courants\/"},{"@type":"ListItem","position":3,"name":"Goutte"}]},{"@type":"WebSite","@id":"https:\/\/www.heartfailurematters.org\/fr\/#website","url":"https:\/\/www.heartfailurematters.org\/fr\/","name":"Heart Failure Matters","description":"Practical information for patients, families and caregivers.","publisher":{"@id":"https:\/\/www.heartfailurematters.org\/fr\/#organization"},"potentialAction":[{"@type":"SearchAction","target":{"@type":"EntryPoint","urlTemplate":"https:\/\/www.heartfailurematters.org\/fr\/?s={search_term_string}"},"query-input":{"@type":"PropertyValueSpecification","valueRequired":true,"valueName":"search_term_string"}}],"inLanguage":"fr-FR"},{"@type":"Organization","@id":"https:\/\/www.heartfailurematters.org\/fr\/#organization","name":"Heart Failure Matters","url":"https:\/\/www.heartfailurematters.org\/fr\/","logo":{"@type":"ImageObject","inLanguage":"fr-FR","@id":"https:\/\/www.heartfailurematters.org\/fr\/#\/schema\/logo\/image\/","url":"https:\/\/cdn-endpoint-hfm.azureedge.net\/heartfailurematters\/2024\/07\/hfm-logo1.jpg","contentUrl":"https:\/\/cdn-endpoint-hfm.azureedge.net\/heartfailurematters\/2024\/07\/hfm-logo1.jpg","width":1280,"height":720,"caption":"Heart Failure Matters"},"image":{"@id":"https:\/\/www.heartfailurematters.org\/fr\/#\/schema\/logo\/image\/"},"sameAs":["https:\/\/www.facebook.com\/heartfailurematters"]}]}},"_links":{"self":[{"href":"https:\/\/www.heartfailurematters.org\/fr\/wp-json\/wp\/v2\/pages\/8094","targetHints":{"allow":["GET"]}}],"collection":[{"href":"https:\/\/www.heartfailurematters.org\/fr\/wp-json\/wp\/v2\/pages"}],"about":[{"href":"https:\/\/www.heartfailurematters.org\/fr\/wp-json\/wp\/v2\/types\/page"}],"author":[{"embeddable":true,"href":"https:\/\/www.heartfailurematters.org\/fr\/wp-json\/wp\/v2\/users\/1"}],"replies":[{"embeddable":true,"href":"https:\/\/www.heartfailurematters.org\/fr\/wp-json\/wp\/v2\/comments?post=8094"}],"version-history":[{"count":2,"href":"https:\/\/www.heartfailurematters.org\/fr\/wp-json\/wp\/v2\/pages\/8094\/revisions"}],"predecessor-version":[{"id":9825,"href":"https:\/\/www.heartfailurematters.org\/fr\/wp-json\/wp\/v2\/pages\/8094\/revisions\/9825"}],"up":[{"embeddable":true,"href":"https:\/\/www.heartfailurematters.org\/fr\/wp-json\/wp\/v2\/pages\/8045"}],"wp:featuredmedia":[{"embeddable":true,"href":"https:\/\/www.heartfailurematters.org\/fr\/wp-json\/wp\/v2\/media\/10828"}],"wp:attachment":[{"href":"https:\/\/www.heartfailurematters.org\/fr\/wp-json\/wp\/v2\/media?parent=8094"}],"wp:term":[{"taxonomy":"category","embeddable":true,"href":"https:\/\/www.heartfailurematters.org\/fr\/wp-json\/wp\/v2\/categories?post=8094"},{"taxonomy":"post_tag","embeddable":true,"href":"https:\/\/www.heartfailurematters.org\/fr\/wp-json\/wp\/v2\/tags?post=8094"}],"curies":[{"name":"wp","href":"https:\/\/api.w.org\/{rel}","templated":true}]}}