{"id":8083,"date":"2021-04-12T11:40:58","date_gmt":"2021-04-12T10:40:58","guid":{"rendered":"https:\/\/www.heartfailurematters.org\/causes-de-linsuffisance-cardiaque-et-autres-problemes-medicaux-courants\/obesite-anorexie\/"},"modified":"2021-08-12T11:13:10","modified_gmt":"2021-08-12T10:13:10","slug":"obesite-anorexie","status":"publish","type":"page","link":"https:\/\/www.heartfailurematters.org\/fr\/causes-de-linsuffisance-cardiaque-et-autres-problemes-medicaux-courants\/obesite-anorexie\/","title":{"rendered":"Ob\u00e9sit\u00e9, anorexie"},"content":{"rendered":"<p>Le surpoids et l&rsquo;ob\u00e9sit\u00e9 sont connus pour augmenter le risque de maladies cardiovasculaires qui peuvent conduire \u00e0 l&rsquo;insuffisance cardiaque. Par cons\u00e9quent, \u00e9viter le d\u00e9veloppement de l&rsquo;ob\u00e9sit\u00e9 est une recommandation largement r\u00e9pandue pour pr\u00e9venir l&rsquo;insuffisance cardiaque. Cependant, g\u00e9rer le poids corporel des patients souffrant d&rsquo;insuffisance cardiaque \u00e9tablie est plus compliqu\u00e9 que de recommander simplement de perdre du poids. Voici trois raisons pour lesquelles il est difficile de savoir si les insuffisants cardiaques doivent prendre du poids ou non.<\/p>\n<ol>\n<li>Avec l&rsquo;\u00e2ge, l&rsquo;impact de l&rsquo;ob\u00e9sit\u00e9 sur le risque de mortalit\u00e9 diminue. Par cons\u00e9quent, chez la plupart des insuffisants cardiaques, un poids corporel plus \u00e9lev\u00e9 n&rsquo;indique pas un risque de mort plus \u00e9lev\u00e9.<\/li>\n<li>Des preuves scientifiques solides montrent que chez les patients souffrant d&rsquo;une insuffisance cardiaque \u00e9tablie, la meilleure survie (la plus longue) est observ\u00e9e chez les patients en surpoids mod\u00e9r\u00e9 (IMC de 25 \u00e0 30 kg\/m2).<\/li>\n<li>L&rsquo;insuffisance cardiaque est maintenant consid\u00e9r\u00e9e comme une maladie complexe qui n&rsquo;a pas seulement des cons\u00e9quences sur le c\u0153ur, mais aussi sur l&rsquo;ensemble du corps (en particulier les muscles) y compris les changements m\u00e9taboliques.<\/li>\n<\/ol>\n<p>Ces changements m\u00e9taboliques, des processus chimiques se d\u00e9roulant dans les cellules du corps, conduisent souvent \u00e0 une perte d&rsquo;app\u00e9tit (anorexie) et donc \u00e0 une diminution de l&rsquo;apport alimentaire. Le m\u00e9tabolisme du corps change graduellement dans le cadre du syndrome d&rsquo;insuffisance cardiaque et certains patients \u00e0 un stade avanc\u00e9 peuvent perdre du poids lentement mais r\u00e9guli\u00e8rement. Si une telle perte de poids involontaire se produit chez les insuffisants cardiaques, elle devrait avertir de la s\u00e9v\u00e9rit\u00e9 progressive de l&rsquo;insuffisance cardiaque. La perte continue de plus de 5\u00a0% du poids corporel est appel\u00e9e \u00ab\u00a0cachexie cardiaque\u00a0\u00bb et est associ\u00e9e \u00e0 une aggravation des sympt\u00f4mes, \u00e0 une plus mauvaise qualit\u00e9 de vie et \u00e0 un pronostic plus grave. Lorsque vous envisagez une alimentation saine, une alimentation \u00e9quilibr\u00e9e combin\u00e9e \u00e0 un exercice r\u00e9gulier est importante.<\/p>\n<p>Les strat\u00e9gies de r\u00e9duction du poids chez les insuffisants cardiaques doivent \u00eatre soigneusement surveill\u00e9es et envisag\u00e9es individuellement. Dans une large mesure, la prise de poids peut indiquer une r\u00e9tention hydrique accrue en cas d&rsquo;insuffisance cardiaque, et les patients, en particulier ceux qui prennent des diur\u00e9tiques, doivent discuter des changements de poids inattendus avec leur m\u00e9decin ou leur infirmier(e).<\/p>\n<p><a href=\"https:\/\/www.heartfailurematters.org\/heart-failure-causes-and-other-common-medical-conditions\/other-common-medical-conditions-and-heart-failure\/\">Retour \u00e0 Autres probl\u00e8mes m\u00e9dicaux courants et insuffisance cardiaque<\/a><\/p>\n","protected":false},"excerpt":{"rendered":"<p>Le surpoids et l&rsquo;ob\u00e9sit\u00e9 sont connus pour augmenter le risque de maladies cardiovasculaires qui peuvent conduire \u00e0 l&rsquo;insuffisance cardiaque. Par cons\u00e9quent, \u00e9viter le d\u00e9veloppement de l&rsquo;ob\u00e9sit\u00e9 est une recommandation largement r\u00e9pandue pour pr\u00e9venir l&rsquo;insuffisance cardiaque. Cependant, g\u00e9rer le poids corporel des patients souffrant d&rsquo;insuffisance cardiaque \u00e9tablie est plus compliqu\u00e9 que de recommander simplement de perdre [&hellip;]<\/p>\n","protected":false},"author":1,"featured_media":10808,"parent":8045,"menu_order":19,"comment_status":"closed","ping_status":"closed","template":"","meta":{"_acf_changed":false,"footnotes":""},"categories":[],"tags":[],"class_list":["post-8083","page","type-page","status-publish","has-post-thumbnail","hentry"],"acf":[],"yoast_head":"<!-- This site is optimized with the Yoast SEO plugin v24.8.1 - https:\/\/yoast.com\/wordpress\/plugins\/seo\/ -->\n<title>Ob\u00e9sit\u00e9, anorexie - Heart Failure Matters<\/title>\n<meta name=\"description\" content=\"Le surpoids et l&#039;ob\u00e9sit\u00e9 sont connus pour augmenter le risque de maladies cardiovasculaires qui peuvent conduire \u00e0 l&#039;insuffisance cardiaque.\" \/>\n<meta name=\"robots\" content=\"index, follow, max-snippet:-1, max-image-preview:large, max-video-preview:-1\" \/>\n<link rel=\"canonical\" href=\"https:\/\/www.heartfailurematters.org\/fr\/causes-de-linsuffisance-cardiaque-et-autres-problemes-medicaux-courants\/obesite-anorexie\/\" \/>\n<meta property=\"og:locale\" content=\"fr_FR\" \/>\n<meta property=\"og:type\" content=\"article\" \/>\n<meta property=\"og:title\" content=\"Ob\u00e9sit\u00e9, anorexie - Heart Failure Matters\" \/>\n<meta property=\"og:description\" content=\"Le surpoids et l&#039;ob\u00e9sit\u00e9 sont connus pour augmenter le risque de maladies cardiovasculaires qui peuvent conduire \u00e0 l&#039;insuffisance cardiaque.\" \/>\n<meta property=\"og:url\" content=\"https:\/\/www.heartfailurematters.org\/fr\/causes-de-linsuffisance-cardiaque-et-autres-problemes-medicaux-courants\/obesite-anorexie\/\" \/>\n<meta property=\"og:site_name\" content=\"Heart Failure Matters\" \/>\n<meta property=\"article:publisher\" content=\"https:\/\/www.facebook.com\/heartfailurematters\" \/>\n<meta property=\"article:modified_time\" content=\"2021-08-12T10:13:10+00:00\" \/>\n<meta property=\"og:image\" content=\"https:\/\/www.heartfailurematters.org\/wp-content\/uploads\/2022\/03\/shutterstock_133701917-1-min.jpg\" \/>\n\t<meta property=\"og:image:width\" content=\"900\" \/>\n\t<meta property=\"og:image:height\" content=\"773\" \/>\n\t<meta property=\"og:image:type\" content=\"image\/jpeg\" \/>\n<meta name=\"twitter:card\" content=\"summary_large_image\" \/>\n<meta name=\"twitter:label1\" content=\"Dur\u00e9e de lecture estim\u00e9e\" \/>\n\t<meta name=\"twitter:data1\" content=\"2 minutes\" \/>\n<script type=\"application\/ld+json\" class=\"yoast-schema-graph\">{\"@context\":\"https:\/\/schema.org\",\"@graph\":[{\"@type\":\"WebPage\",\"@id\":\"https:\/\/www.heartfailurematters.org\/fr\/causes-de-linsuffisance-cardiaque-et-autres-problemes-medicaux-courants\/obesite-anorexie\/\",\"url\":\"https:\/\/www.heartfailurematters.org\/fr\/causes-de-linsuffisance-cardiaque-et-autres-problemes-medicaux-courants\/obesite-anorexie\/\",\"name\":\"Ob\u00e9sit\u00e9, anorexie - Heart Failure Matters\",\"isPartOf\":{\"@id\":\"https:\/\/www.heartfailurematters.org\/fr\/#website\"},\"primaryImageOfPage\":{\"@id\":\"https:\/\/www.heartfailurematters.org\/fr\/causes-de-linsuffisance-cardiaque-et-autres-problemes-medicaux-courants\/obesite-anorexie\/#primaryimage\"},\"image\":{\"@id\":\"https:\/\/www.heartfailurematters.org\/fr\/causes-de-linsuffisance-cardiaque-et-autres-problemes-medicaux-courants\/obesite-anorexie\/#primaryimage\"},\"thumbnailUrl\":\"https:\/\/www.heartfailurematters.org\/wp-content\/uploads\/2022\/03\/shutterstock_133701917-1-min.jpg\",\"datePublished\":\"2021-04-12T10:40:58+00:00\",\"dateModified\":\"2021-08-12T10:13:10+00:00\",\"description\":\"Le surpoids et l'ob\u00e9sit\u00e9 sont connus pour augmenter le risque de maladies cardiovasculaires qui peuvent conduire \u00e0 l'insuffisance cardiaque.\",\"breadcrumb\":{\"@id\":\"https:\/\/www.heartfailurematters.org\/fr\/causes-de-linsuffisance-cardiaque-et-autres-problemes-medicaux-courants\/obesite-anorexie\/#breadcrumb\"},\"inLanguage\":\"fr-FR\",\"potentialAction\":[{\"@type\":\"ReadAction\",\"target\":[\"https:\/\/www.heartfailurematters.org\/fr\/causes-de-linsuffisance-cardiaque-et-autres-problemes-medicaux-courants\/obesite-anorexie\/\"]}]},{\"@type\":\"ImageObject\",\"inLanguage\":\"fr-FR\",\"@id\":\"https:\/\/www.heartfailurematters.org\/fr\/causes-de-linsuffisance-cardiaque-et-autres-problemes-medicaux-courants\/obesite-anorexie\/#primaryimage\",\"url\":\"https:\/\/www.heartfailurematters.org\/wp-content\/uploads\/2022\/03\/shutterstock_133701917-1-min.jpg\",\"contentUrl\":\"https:\/\/www.heartfailurematters.org\/wp-content\/uploads\/2022\/03\/shutterstock_133701917-1-min.jpg\",\"width\":900,\"height\":773},{\"@type\":\"BreadcrumbList\",\"@id\":\"https:\/\/www.heartfailurematters.org\/fr\/causes-de-linsuffisance-cardiaque-et-autres-problemes-medicaux-courants\/obesite-anorexie\/#breadcrumb\",\"itemListElement\":[{\"@type\":\"ListItem\",\"position\":1,\"name\":\"Accueil\",\"item\":\"https:\/\/www.heartfailurematters.org\/fr\/\"},{\"@type\":\"ListItem\",\"position\":2,\"name\":\"Causes de l&#8217;insuffisance cardiaque et autres probl\u00e8mes m\u00e9dicaux associ\u00e9s\",\"item\":\"https:\/\/www.heartfailurematters.org\/fr\/causes-de-linsuffisance-cardiaque-et-autres-problemes-medicaux-courants\/\"},{\"@type\":\"ListItem\",\"position\":3,\"name\":\"Ob\u00e9sit\u00e9, anorexie\"}]},{\"@type\":\"WebSite\",\"@id\":\"https:\/\/www.heartfailurematters.org\/fr\/#website\",\"url\":\"https:\/\/www.heartfailurematters.org\/fr\/\",\"name\":\"Heart Failure Matters\",\"description\":\"Practical information for patients, families and caregivers.\",\"publisher\":{\"@id\":\"https:\/\/www.heartfailurematters.org\/fr\/#organization\"},\"potentialAction\":[{\"@type\":\"SearchAction\",\"target\":{\"@type\":\"EntryPoint\",\"urlTemplate\":\"https:\/\/www.heartfailurematters.org\/fr\/?s={search_term_string}\"},\"query-input\":{\"@type\":\"PropertyValueSpecification\",\"valueRequired\":true,\"valueName\":\"search_term_string\"}}],\"inLanguage\":\"fr-FR\"},{\"@type\":\"Organization\",\"@id\":\"https:\/\/www.heartfailurematters.org\/fr\/#organization\",\"name\":\"Heart Failure Matters\",\"url\":\"https:\/\/www.heartfailurematters.org\/fr\/\",\"logo\":{\"@type\":\"ImageObject\",\"inLanguage\":\"fr-FR\",\"@id\":\"https:\/\/www.heartfailurematters.org\/fr\/#\/schema\/logo\/image\/\",\"url\":\"https:\/\/cdn-endpoint-hfm.azureedge.net\/heartfailurematters\/2024\/07\/hfm-logo1.jpg\",\"contentUrl\":\"https:\/\/cdn-endpoint-hfm.azureedge.net\/heartfailurematters\/2024\/07\/hfm-logo1.jpg\",\"width\":1280,\"height\":720,\"caption\":\"Heart Failure Matters\"},\"image\":{\"@id\":\"https:\/\/www.heartfailurematters.org\/fr\/#\/schema\/logo\/image\/\"},\"sameAs\":[\"https:\/\/www.facebook.com\/heartfailurematters\"]}]}<\/script>\n<!-- \/ Yoast SEO plugin. -->","yoast_head_json":{"title":"Ob\u00e9sit\u00e9, anorexie - Heart Failure Matters","description":"Le surpoids et l'ob\u00e9sit\u00e9 sont connus pour augmenter le risque de maladies cardiovasculaires qui peuvent conduire \u00e0 l'insuffisance cardiaque.","robots":{"index":"index","follow":"follow","max-snippet":"max-snippet:-1","max-image-preview":"max-image-preview:large","max-video-preview":"max-video-preview:-1"},"canonical":"https:\/\/www.heartfailurematters.org\/fr\/causes-de-linsuffisance-cardiaque-et-autres-problemes-medicaux-courants\/obesite-anorexie\/","og_locale":"fr_FR","og_type":"article","og_title":"Ob\u00e9sit\u00e9, anorexie - Heart Failure Matters","og_description":"Le surpoids et l'ob\u00e9sit\u00e9 sont connus pour augmenter le risque de maladies cardiovasculaires qui peuvent conduire \u00e0 l'insuffisance cardiaque.","og_url":"https:\/\/www.heartfailurematters.org\/fr\/causes-de-linsuffisance-cardiaque-et-autres-problemes-medicaux-courants\/obesite-anorexie\/","og_site_name":"Heart Failure Matters","article_publisher":"https:\/\/www.facebook.com\/heartfailurematters","article_modified_time":"2021-08-12T10:13:10+00:00","og_image":[{"width":900,"height":773,"url":"https:\/\/www.heartfailurematters.org\/wp-content\/uploads\/2022\/03\/shutterstock_133701917-1-min.jpg","type":"image\/jpeg"}],"twitter_card":"summary_large_image","twitter_misc":{"Dur\u00e9e de lecture estim\u00e9e":"2 minutes"},"schema":{"@context":"https:\/\/schema.org","@graph":[{"@type":"WebPage","@id":"https:\/\/www.heartfailurematters.org\/fr\/causes-de-linsuffisance-cardiaque-et-autres-problemes-medicaux-courants\/obesite-anorexie\/","url":"https:\/\/www.heartfailurematters.org\/fr\/causes-de-linsuffisance-cardiaque-et-autres-problemes-medicaux-courants\/obesite-anorexie\/","name":"Ob\u00e9sit\u00e9, anorexie - Heart Failure Matters","isPartOf":{"@id":"https:\/\/www.heartfailurematters.org\/fr\/#website"},"primaryImageOfPage":{"@id":"https:\/\/www.heartfailurematters.org\/fr\/causes-de-linsuffisance-cardiaque-et-autres-problemes-medicaux-courants\/obesite-anorexie\/#primaryimage"},"image":{"@id":"https:\/\/www.heartfailurematters.org\/fr\/causes-de-linsuffisance-cardiaque-et-autres-problemes-medicaux-courants\/obesite-anorexie\/#primaryimage"},"thumbnailUrl":"https:\/\/www.heartfailurematters.org\/wp-content\/uploads\/2022\/03\/shutterstock_133701917-1-min.jpg","datePublished":"2021-04-12T10:40:58+00:00","dateModified":"2021-08-12T10:13:10+00:00","description":"Le surpoids et l'ob\u00e9sit\u00e9 sont connus pour augmenter le risque de maladies cardiovasculaires qui peuvent conduire \u00e0 l'insuffisance cardiaque.","breadcrumb":{"@id":"https:\/\/www.heartfailurematters.org\/fr\/causes-de-linsuffisance-cardiaque-et-autres-problemes-medicaux-courants\/obesite-anorexie\/#breadcrumb"},"inLanguage":"fr-FR","potentialAction":[{"@type":"ReadAction","target":["https:\/\/www.heartfailurematters.org\/fr\/causes-de-linsuffisance-cardiaque-et-autres-problemes-medicaux-courants\/obesite-anorexie\/"]}]},{"@type":"ImageObject","inLanguage":"fr-FR","@id":"https:\/\/www.heartfailurematters.org\/fr\/causes-de-linsuffisance-cardiaque-et-autres-problemes-medicaux-courants\/obesite-anorexie\/#primaryimage","url":"https:\/\/www.heartfailurematters.org\/wp-content\/uploads\/2022\/03\/shutterstock_133701917-1-min.jpg","contentUrl":"https:\/\/www.heartfailurematters.org\/wp-content\/uploads\/2022\/03\/shutterstock_133701917-1-min.jpg","width":900,"height":773},{"@type":"BreadcrumbList","@id":"https:\/\/www.heartfailurematters.org\/fr\/causes-de-linsuffisance-cardiaque-et-autres-problemes-medicaux-courants\/obesite-anorexie\/#breadcrumb","itemListElement":[{"@type":"ListItem","position":1,"name":"Accueil","item":"https:\/\/www.heartfailurematters.org\/fr\/"},{"@type":"ListItem","position":2,"name":"Causes de l&#8217;insuffisance cardiaque et autres probl\u00e8mes m\u00e9dicaux associ\u00e9s","item":"https:\/\/www.heartfailurematters.org\/fr\/causes-de-linsuffisance-cardiaque-et-autres-problemes-medicaux-courants\/"},{"@type":"ListItem","position":3,"name":"Ob\u00e9sit\u00e9, anorexie"}]},{"@type":"WebSite","@id":"https:\/\/www.heartfailurematters.org\/fr\/#website","url":"https:\/\/www.heartfailurematters.org\/fr\/","name":"Heart Failure Matters","description":"Practical information for patients, families and caregivers.","publisher":{"@id":"https:\/\/www.heartfailurematters.org\/fr\/#organization"},"potentialAction":[{"@type":"SearchAction","target":{"@type":"EntryPoint","urlTemplate":"https:\/\/www.heartfailurematters.org\/fr\/?s={search_term_string}"},"query-input":{"@type":"PropertyValueSpecification","valueRequired":true,"valueName":"search_term_string"}}],"inLanguage":"fr-FR"},{"@type":"Organization","@id":"https:\/\/www.heartfailurematters.org\/fr\/#organization","name":"Heart Failure Matters","url":"https:\/\/www.heartfailurematters.org\/fr\/","logo":{"@type":"ImageObject","inLanguage":"fr-FR","@id":"https:\/\/www.heartfailurematters.org\/fr\/#\/schema\/logo\/image\/","url":"https:\/\/cdn-endpoint-hfm.azureedge.net\/heartfailurematters\/2024\/07\/hfm-logo1.jpg","contentUrl":"https:\/\/cdn-endpoint-hfm.azureedge.net\/heartfailurematters\/2024\/07\/hfm-logo1.jpg","width":1280,"height":720,"caption":"Heart Failure Matters"},"image":{"@id":"https:\/\/www.heartfailurematters.org\/fr\/#\/schema\/logo\/image\/"},"sameAs":["https:\/\/www.facebook.com\/heartfailurematters"]}]}},"_links":{"self":[{"href":"https:\/\/www.heartfailurematters.org\/fr\/wp-json\/wp\/v2\/pages\/8083","targetHints":{"allow":["GET"]}}],"collection":[{"href":"https:\/\/www.heartfailurematters.org\/fr\/wp-json\/wp\/v2\/pages"}],"about":[{"href":"https:\/\/www.heartfailurematters.org\/fr\/wp-json\/wp\/v2\/types\/page"}],"author":[{"embeddable":true,"href":"https:\/\/www.heartfailurematters.org\/fr\/wp-json\/wp\/v2\/users\/1"}],"replies":[{"embeddable":true,"href":"https:\/\/www.heartfailurematters.org\/fr\/wp-json\/wp\/v2\/comments?post=8083"}],"version-history":[{"count":2,"href":"https:\/\/www.heartfailurematters.org\/fr\/wp-json\/wp\/v2\/pages\/8083\/revisions"}],"predecessor-version":[{"id":9829,"href":"https:\/\/www.heartfailurematters.org\/fr\/wp-json\/wp\/v2\/pages\/8083\/revisions\/9829"}],"up":[{"embeddable":true,"href":"https:\/\/www.heartfailurematters.org\/fr\/wp-json\/wp\/v2\/pages\/8045"}],"wp:featuredmedia":[{"embeddable":true,"href":"https:\/\/www.heartfailurematters.org\/fr\/wp-json\/wp\/v2\/media\/10808"}],"wp:attachment":[{"href":"https:\/\/www.heartfailurematters.org\/fr\/wp-json\/wp\/v2\/media?parent=8083"}],"wp:term":[{"taxonomy":"category","embeddable":true,"href":"https:\/\/www.heartfailurematters.org\/fr\/wp-json\/wp\/v2\/categories?post=8083"},{"taxonomy":"post_tag","embeddable":true,"href":"https:\/\/www.heartfailurematters.org\/fr\/wp-json\/wp\/v2\/tags?post=8083"}],"curies":[{"name":"wp","href":"https:\/\/api.w.org\/{rel}","templated":true}]}}