{"id":8080,"date":"2021-04-12T11:40:57","date_gmt":"2021-04-12T10:40:57","guid":{"rendered":"https:\/\/www.heartfailurematters.org\/causes-de-linsuffisance-cardiaque-et-autres-problemes-medicaux-courants\/maladie-pulmonaire\/"},"modified":"2021-06-25T14:12:50","modified_gmt":"2021-06-25T13:12:50","slug":"maladie-pulmonaire","status":"publish","type":"page","link":"https:\/\/www.heartfailurematters.org\/fr\/causes-de-linsuffisance-cardiaque-et-autres-problemes-medicaux-courants\/maladie-pulmonaire\/","title":{"rendered":"Maladie pulmonaire"},"content":{"rendered":"<p>De nombreux insuffisants cardiaques souffrent \u00e9galement d&rsquo;une maladie pulmonaire. Les maladies pulmonaires et l&rsquo;insuffisance cardiaque peuvent aggraver les sympt\u00f4mes quotidiens, en particulier l&rsquo;essoufflement et la fatigue. Le terme m\u00e9dical pour l&rsquo;essoufflement est la dyspn\u00e9e. Les maladies pulmonaires les plus courantes sont la bronchopneumopathie chronique obstructive (BPCO), l&#8217;emphys\u00e8me et l&rsquo;asthme. Les patients peuvent \u00e9galement souffrir de troubles respiratoires du sommeil, de cancer du poumon ou de fibrose pulmonaire.<\/p>\n<p>Les maladies pulmonaires ont g\u00e9n\u00e9ralement une cause sp\u00e9cifique. Le tabagisme peut entra\u00eener une bronchopneumopathie chronique obstructive, l&rsquo;asthme, l&#8217;emphys\u00e8me ou le cancer du poumon. Les allergies peuvent \u00eatre des causes saisonni\u00e8res de maladie pulmonaire. Ces affections causent de l&rsquo;essoufflement, de la toux, de la fatigue et une diminution de la capacit\u00e9 d&rsquo;exercice. Les tests diagnostiques couramment utilis\u00e9s pour d\u00e9tecter une maladie pulmonaire sont les radiographies pulmonaires et les tests de la fonction pulmonaire (spirom\u00e9trie). L&rsquo;insuffisance cardiaque peut \u00e9galement se manifester par un \u00e9panchement pleural, qui est la collecte de liquide autour du poumon qui provoque ou aggrave l&rsquo;essoufflement.<\/p>\n<p>Si vous souffrez d&rsquo;insuffisance cardiaque et si vous avez re\u00e7u un diagnostic de maladie pulmonaire, vous devrez suivre des conseils et un traitement sp\u00e9cifiques pour un contr\u00f4le optimal de la maladie pulmonaire. La premi\u00e8re chose \u00e0 faire, et la plus importante, est d&rsquo;arr\u00eater de fumer. En outre, la m\u00e9dication aide principalement \u00e0 contr\u00f4ler les sympt\u00f4mes et se base sur des m\u00e9dicaments inhal\u00e9s (bronchodilatateurs, corticost\u00e9ro\u00efdes) qui ont g\u00e9n\u00e9ralement peu d&rsquo;effets secondaires et peuvent \u00eatre utilis\u00e9s en plus du traitement pour l&rsquo;insuffisance cardiaque. Il est \u00e9galement important de se faire vacciner r\u00e9guli\u00e8rement contre la grippe (saisonni\u00e8re), la pneumonie \u00e0 pneumocoque (tous les 5 ans) et, depuis 2020, contre le nouveau coronavirus SARS-CoV-2.<\/p>\n<p>Les maladies pulmonaires interf\u00e8rent avec l&rsquo;\u00e9change gazeux. En cons\u00e9quence, le transfert d&rsquo;oxyg\u00e8ne des poumons vers le sang, puis via la circulation sanguine vers vos organes, est insuffisant \u2013 cette affection est appel\u00e9e hypoxie. Votre c\u0153ur essaiera de compenser en travaillant plus dur pour r\u00e9pondre aux demandes d&rsquo;oxyg\u00e8ne des organes. Si cela est insuffisant, certains patients b\u00e9n\u00e9ficieront d&rsquo;une oxyg\u00e9noth\u00e9rapie \u00e0 long terme \u00e0 domicile. Lorsqu&rsquo; ils ont une maladie pulmonaire avanc\u00e9e, les patients ne peuvent pas \u00e9liminer suffisamment de dioxyde de carbone, ce qui aggrave encore les sympt\u00f4mes avec la fatigue et l&rsquo;intol\u00e9rance \u00e0 l&rsquo;exercice.<\/p>\n<p>La BPCO est un facteur important de risque d&rsquo;insuffisance cardiaque, o\u00f9 le ventricule gauche en particulier pr\u00e9sente une fonction r\u00e9duite. Chez les patients atteints de maladie pulmonaire et d&rsquo;insuffisance cardiaque, le c\u00f4t\u00e9 droit du c\u0153ur, qui pompe le sang vers les poumons, est \u00e9galement affect\u00e9 par le travail accru requis pour propulser le sang dans les poumons. Les patients peuvent d\u00e9velopper une insuffisance cardiaque du c\u00f4t\u00e9 droit qui peut ne pas aggraver leur essoufflement, mais entra\u00eener une congestion des veines ainsi qu&rsquo;une accumulation de liquide et un gonflement des jambes et de l&rsquo;abdomen. Cette congestion fluidique est appel\u00e9e \u0153d\u00e8me, qui est \u00e9galement un sympt\u00f4me courant d&rsquo;insuffisance cardiaque. L&rsquo;insuffisance cardiaque droite isol\u00e9e est tr\u00e8s rare (&lt;1&nbsp;%).<\/p>\n<p>Les patients souffrant d&rsquo;insuffisance cardiaque et d&rsquo;une maladie pulmonaire pr\u00e9sentent des sympt\u00f4mes similaires. La congestion pulmonaire due \u00e0 l&rsquo;insuffisance cardiaque aggravera les sympt\u00f4mes chez les patients atteints d&rsquo;une maladie pulmonaire coexistante et peut causer une obstruction suppl\u00e9mentaire telle qu&rsquo;\u00e9valu\u00e9e par spirom\u00e9trie. Dans la BPCO, il y a obstruction dans les bronchioles, les petits tubes d&rsquo;air dans les poumons. En cas d&rsquo;insuffisance cardiaque, le liquide s&rsquo;accumule \u00e0 l&rsquo;ext\u00e9rieur des bronchioles dans les poumons. Il est donc essentiel de s&rsquo;assurer que l&rsquo;insuffisance cardiaque est d\u00e9tect\u00e9e chez les patients atteints d&rsquo;une maladie pulmonaire et r\u00e9ciproquement. Discutez de vos sympt\u00f4mes avec votre m\u00e9decin traitant ou votre infirmier\/\u00e8re.<\/p>\n<p><a href=\"https:\/\/www.heartfailurematters.org\/heart-failure-causes-and-other-common-medical-conditions\/other-common-medical-conditions-and-heart-failure\/\">Retour \u00e0 Autres probl\u00e8mes m\u00e9dicaux courants et insuffisance cardiaque<\/a><\/p>\n","protected":false},"excerpt":{"rendered":"<p>De nombreux insuffisants cardiaques souffrent \u00e9galement d&rsquo;une maladie pulmonaire. Les maladies pulmonaires et l&rsquo;insuffisance cardiaque peuvent aggraver les sympt\u00f4mes quotidiens, en particulier l&rsquo;essoufflement et la fatigue. Le terme m\u00e9dical pour l&rsquo;essoufflement est la dyspn\u00e9e. Les maladies pulmonaires les plus courantes sont la bronchopneumopathie chronique obstructive (BPCO), l&#8217;emphys\u00e8me et l&rsquo;asthme. Les patients peuvent \u00e9galement souffrir de [&hellip;]<\/p>\n","protected":false},"author":1,"featured_media":10656,"parent":8045,"menu_order":11,"comment_status":"closed","ping_status":"closed","template":"","meta":{"_acf_changed":false,"footnotes":""},"categories":[],"tags":[],"class_list":["post-8080","page","type-page","status-publish","has-post-thumbnail","hentry"],"acf":[],"yoast_head":"<!-- This site is optimized with the Yoast SEO plugin v24.8.1 - https:\/\/yoast.com\/wordpress\/plugins\/seo\/ -->\n<title>Maladie pulmonaire - Heart Failure Matters<\/title>\n<meta name=\"description\" content=\"Les maladies pulmonaires et l&#039;insuffisance cardiaque peuvent aggraver les sympt\u00f4mes quotidiens, en particulier l&#039;essoufflement et la fatigue.\" \/>\n<meta name=\"robots\" content=\"index, follow, max-snippet:-1, max-image-preview:large, max-video-preview:-1\" \/>\n<link rel=\"canonical\" href=\"https:\/\/www.heartfailurematters.org\/fr\/causes-de-linsuffisance-cardiaque-et-autres-problemes-medicaux-courants\/maladie-pulmonaire\/\" \/>\n<meta property=\"og:locale\" content=\"fr_FR\" \/>\n<meta property=\"og:type\" content=\"article\" \/>\n<meta property=\"og:title\" content=\"Maladie pulmonaire - Heart Failure Matters\" \/>\n<meta property=\"og:description\" content=\"Les maladies pulmonaires et l&#039;insuffisance cardiaque peuvent aggraver les sympt\u00f4mes quotidiens, en particulier l&#039;essoufflement et la fatigue.\" \/>\n<meta property=\"og:url\" content=\"https:\/\/www.heartfailurematters.org\/fr\/causes-de-linsuffisance-cardiaque-et-autres-problemes-medicaux-courants\/maladie-pulmonaire\/\" \/>\n<meta property=\"og:site_name\" content=\"Heart Failure Matters\" \/>\n<meta property=\"article:publisher\" content=\"https:\/\/www.facebook.com\/heartfailurematters\" \/>\n<meta property=\"article:modified_time\" content=\"2021-06-25T13:12:50+00:00\" \/>\n<meta property=\"og:image\" content=\"https:\/\/www.heartfailurematters.org\/wp-content\/uploads\/2022\/02\/shutterstock_1497378077-1-min.jpg\" \/>\n\t<meta property=\"og:image:width\" content=\"900\" \/>\n\t<meta property=\"og:image:height\" content=\"600\" \/>\n\t<meta property=\"og:image:type\" content=\"image\/jpeg\" \/>\n<meta name=\"twitter:card\" content=\"summary_large_image\" \/>\n<meta name=\"twitter:label1\" content=\"Dur\u00e9e de lecture estim\u00e9e\" \/>\n\t<meta name=\"twitter:data1\" content=\"3 minutes\" \/>\n<script type=\"application\/ld+json\" class=\"yoast-schema-graph\">{\"@context\":\"https:\/\/schema.org\",\"@graph\":[{\"@type\":\"WebPage\",\"@id\":\"https:\/\/www.heartfailurematters.org\/fr\/causes-de-linsuffisance-cardiaque-et-autres-problemes-medicaux-courants\/maladie-pulmonaire\/\",\"url\":\"https:\/\/www.heartfailurematters.org\/fr\/causes-de-linsuffisance-cardiaque-et-autres-problemes-medicaux-courants\/maladie-pulmonaire\/\",\"name\":\"Maladie pulmonaire - Heart Failure Matters\",\"isPartOf\":{\"@id\":\"https:\/\/www.heartfailurematters.org\/fr\/#website\"},\"primaryImageOfPage\":{\"@id\":\"https:\/\/www.heartfailurematters.org\/fr\/causes-de-linsuffisance-cardiaque-et-autres-problemes-medicaux-courants\/maladie-pulmonaire\/#primaryimage\"},\"image\":{\"@id\":\"https:\/\/www.heartfailurematters.org\/fr\/causes-de-linsuffisance-cardiaque-et-autres-problemes-medicaux-courants\/maladie-pulmonaire\/#primaryimage\"},\"thumbnailUrl\":\"https:\/\/www.heartfailurematters.org\/wp-content\/uploads\/2022\/02\/shutterstock_1497378077-1-min.jpg\",\"datePublished\":\"2021-04-12T10:40:57+00:00\",\"dateModified\":\"2021-06-25T13:12:50+00:00\",\"description\":\"Les maladies pulmonaires et l'insuffisance cardiaque peuvent aggraver les sympt\u00f4mes quotidiens, en particulier l'essoufflement et la fatigue.\",\"breadcrumb\":{\"@id\":\"https:\/\/www.heartfailurematters.org\/fr\/causes-de-linsuffisance-cardiaque-et-autres-problemes-medicaux-courants\/maladie-pulmonaire\/#breadcrumb\"},\"inLanguage\":\"fr-FR\",\"potentialAction\":[{\"@type\":\"ReadAction\",\"target\":[\"https:\/\/www.heartfailurematters.org\/fr\/causes-de-linsuffisance-cardiaque-et-autres-problemes-medicaux-courants\/maladie-pulmonaire\/\"]}]},{\"@type\":\"ImageObject\",\"inLanguage\":\"fr-FR\",\"@id\":\"https:\/\/www.heartfailurematters.org\/fr\/causes-de-linsuffisance-cardiaque-et-autres-problemes-medicaux-courants\/maladie-pulmonaire\/#primaryimage\",\"url\":\"https:\/\/www.heartfailurematters.org\/wp-content\/uploads\/2022\/02\/shutterstock_1497378077-1-min.jpg\",\"contentUrl\":\"https:\/\/www.heartfailurematters.org\/wp-content\/uploads\/2022\/02\/shutterstock_1497378077-1-min.jpg\",\"width\":900,\"height\":600},{\"@type\":\"BreadcrumbList\",\"@id\":\"https:\/\/www.heartfailurematters.org\/fr\/causes-de-linsuffisance-cardiaque-et-autres-problemes-medicaux-courants\/maladie-pulmonaire\/#breadcrumb\",\"itemListElement\":[{\"@type\":\"ListItem\",\"position\":1,\"name\":\"Accueil\",\"item\":\"https:\/\/www.heartfailurematters.org\/fr\/\"},{\"@type\":\"ListItem\",\"position\":2,\"name\":\"Causes de l&#8217;insuffisance cardiaque et autres probl\u00e8mes m\u00e9dicaux associ\u00e9s\",\"item\":\"https:\/\/www.heartfailurematters.org\/fr\/causes-de-linsuffisance-cardiaque-et-autres-problemes-medicaux-courants\/\"},{\"@type\":\"ListItem\",\"position\":3,\"name\":\"Maladie pulmonaire\"}]},{\"@type\":\"WebSite\",\"@id\":\"https:\/\/www.heartfailurematters.org\/fr\/#website\",\"url\":\"https:\/\/www.heartfailurematters.org\/fr\/\",\"name\":\"Heart Failure Matters\",\"description\":\"Practical information for patients, families and caregivers.\",\"publisher\":{\"@id\":\"https:\/\/www.heartfailurematters.org\/fr\/#organization\"},\"potentialAction\":[{\"@type\":\"SearchAction\",\"target\":{\"@type\":\"EntryPoint\",\"urlTemplate\":\"https:\/\/www.heartfailurematters.org\/fr\/?s={search_term_string}\"},\"query-input\":{\"@type\":\"PropertyValueSpecification\",\"valueRequired\":true,\"valueName\":\"search_term_string\"}}],\"inLanguage\":\"fr-FR\"},{\"@type\":\"Organization\",\"@id\":\"https:\/\/www.heartfailurematters.org\/fr\/#organization\",\"name\":\"Heart Failure Matters\",\"url\":\"https:\/\/www.heartfailurematters.org\/fr\/\",\"logo\":{\"@type\":\"ImageObject\",\"inLanguage\":\"fr-FR\",\"@id\":\"https:\/\/www.heartfailurematters.org\/fr\/#\/schema\/logo\/image\/\",\"url\":\"https:\/\/cdn-endpoint-hfm.azureedge.net\/heartfailurematters\/2024\/07\/hfm-logo1.jpg\",\"contentUrl\":\"https:\/\/cdn-endpoint-hfm.azureedge.net\/heartfailurematters\/2024\/07\/hfm-logo1.jpg\",\"width\":1280,\"height\":720,\"caption\":\"Heart Failure Matters\"},\"image\":{\"@id\":\"https:\/\/www.heartfailurematters.org\/fr\/#\/schema\/logo\/image\/\"},\"sameAs\":[\"https:\/\/www.facebook.com\/heartfailurematters\"]}]}<\/script>\n<!-- \/ Yoast SEO plugin. -->","yoast_head_json":{"title":"Maladie pulmonaire - Heart Failure Matters","description":"Les maladies pulmonaires et l'insuffisance cardiaque peuvent aggraver les sympt\u00f4mes quotidiens, en particulier l'essoufflement et la fatigue.","robots":{"index":"index","follow":"follow","max-snippet":"max-snippet:-1","max-image-preview":"max-image-preview:large","max-video-preview":"max-video-preview:-1"},"canonical":"https:\/\/www.heartfailurematters.org\/fr\/causes-de-linsuffisance-cardiaque-et-autres-problemes-medicaux-courants\/maladie-pulmonaire\/","og_locale":"fr_FR","og_type":"article","og_title":"Maladie pulmonaire - Heart Failure Matters","og_description":"Les maladies pulmonaires et l'insuffisance cardiaque peuvent aggraver les sympt\u00f4mes quotidiens, en particulier l'essoufflement et la fatigue.","og_url":"https:\/\/www.heartfailurematters.org\/fr\/causes-de-linsuffisance-cardiaque-et-autres-problemes-medicaux-courants\/maladie-pulmonaire\/","og_site_name":"Heart Failure Matters","article_publisher":"https:\/\/www.facebook.com\/heartfailurematters","article_modified_time":"2021-06-25T13:12:50+00:00","og_image":[{"width":900,"height":600,"url":"https:\/\/www.heartfailurematters.org\/wp-content\/uploads\/2022\/02\/shutterstock_1497378077-1-min.jpg","type":"image\/jpeg"}],"twitter_card":"summary_large_image","twitter_misc":{"Dur\u00e9e de lecture estim\u00e9e":"3 minutes"},"schema":{"@context":"https:\/\/schema.org","@graph":[{"@type":"WebPage","@id":"https:\/\/www.heartfailurematters.org\/fr\/causes-de-linsuffisance-cardiaque-et-autres-problemes-medicaux-courants\/maladie-pulmonaire\/","url":"https:\/\/www.heartfailurematters.org\/fr\/causes-de-linsuffisance-cardiaque-et-autres-problemes-medicaux-courants\/maladie-pulmonaire\/","name":"Maladie pulmonaire - Heart Failure Matters","isPartOf":{"@id":"https:\/\/www.heartfailurematters.org\/fr\/#website"},"primaryImageOfPage":{"@id":"https:\/\/www.heartfailurematters.org\/fr\/causes-de-linsuffisance-cardiaque-et-autres-problemes-medicaux-courants\/maladie-pulmonaire\/#primaryimage"},"image":{"@id":"https:\/\/www.heartfailurematters.org\/fr\/causes-de-linsuffisance-cardiaque-et-autres-problemes-medicaux-courants\/maladie-pulmonaire\/#primaryimage"},"thumbnailUrl":"https:\/\/www.heartfailurematters.org\/wp-content\/uploads\/2022\/02\/shutterstock_1497378077-1-min.jpg","datePublished":"2021-04-12T10:40:57+00:00","dateModified":"2021-06-25T13:12:50+00:00","description":"Les maladies pulmonaires et l'insuffisance cardiaque peuvent aggraver les sympt\u00f4mes quotidiens, en particulier l'essoufflement et la fatigue.","breadcrumb":{"@id":"https:\/\/www.heartfailurematters.org\/fr\/causes-de-linsuffisance-cardiaque-et-autres-problemes-medicaux-courants\/maladie-pulmonaire\/#breadcrumb"},"inLanguage":"fr-FR","potentialAction":[{"@type":"ReadAction","target":["https:\/\/www.heartfailurematters.org\/fr\/causes-de-linsuffisance-cardiaque-et-autres-problemes-medicaux-courants\/maladie-pulmonaire\/"]}]},{"@type":"ImageObject","inLanguage":"fr-FR","@id":"https:\/\/www.heartfailurematters.org\/fr\/causes-de-linsuffisance-cardiaque-et-autres-problemes-medicaux-courants\/maladie-pulmonaire\/#primaryimage","url":"https:\/\/www.heartfailurematters.org\/wp-content\/uploads\/2022\/02\/shutterstock_1497378077-1-min.jpg","contentUrl":"https:\/\/www.heartfailurematters.org\/wp-content\/uploads\/2022\/02\/shutterstock_1497378077-1-min.jpg","width":900,"height":600},{"@type":"BreadcrumbList","@id":"https:\/\/www.heartfailurematters.org\/fr\/causes-de-linsuffisance-cardiaque-et-autres-problemes-medicaux-courants\/maladie-pulmonaire\/#breadcrumb","itemListElement":[{"@type":"ListItem","position":1,"name":"Accueil","item":"https:\/\/www.heartfailurematters.org\/fr\/"},{"@type":"ListItem","position":2,"name":"Causes de l&#8217;insuffisance cardiaque et autres probl\u00e8mes m\u00e9dicaux associ\u00e9s","item":"https:\/\/www.heartfailurematters.org\/fr\/causes-de-linsuffisance-cardiaque-et-autres-problemes-medicaux-courants\/"},{"@type":"ListItem","position":3,"name":"Maladie pulmonaire"}]},{"@type":"WebSite","@id":"https:\/\/www.heartfailurematters.org\/fr\/#website","url":"https:\/\/www.heartfailurematters.org\/fr\/","name":"Heart Failure Matters","description":"Practical information for patients, families and caregivers.","publisher":{"@id":"https:\/\/www.heartfailurematters.org\/fr\/#organization"},"potentialAction":[{"@type":"SearchAction","target":{"@type":"EntryPoint","urlTemplate":"https:\/\/www.heartfailurematters.org\/fr\/?s={search_term_string}"},"query-input":{"@type":"PropertyValueSpecification","valueRequired":true,"valueName":"search_term_string"}}],"inLanguage":"fr-FR"},{"@type":"Organization","@id":"https:\/\/www.heartfailurematters.org\/fr\/#organization","name":"Heart Failure Matters","url":"https:\/\/www.heartfailurematters.org\/fr\/","logo":{"@type":"ImageObject","inLanguage":"fr-FR","@id":"https:\/\/www.heartfailurematters.org\/fr\/#\/schema\/logo\/image\/","url":"https:\/\/cdn-endpoint-hfm.azureedge.net\/heartfailurematters\/2024\/07\/hfm-logo1.jpg","contentUrl":"https:\/\/cdn-endpoint-hfm.azureedge.net\/heartfailurematters\/2024\/07\/hfm-logo1.jpg","width":1280,"height":720,"caption":"Heart Failure Matters"},"image":{"@id":"https:\/\/www.heartfailurematters.org\/fr\/#\/schema\/logo\/image\/"},"sameAs":["https:\/\/www.facebook.com\/heartfailurematters"]}]}},"_links":{"self":[{"href":"https:\/\/www.heartfailurematters.org\/fr\/wp-json\/wp\/v2\/pages\/8080","targetHints":{"allow":["GET"]}}],"collection":[{"href":"https:\/\/www.heartfailurematters.org\/fr\/wp-json\/wp\/v2\/pages"}],"about":[{"href":"https:\/\/www.heartfailurematters.org\/fr\/wp-json\/wp\/v2\/types\/page"}],"author":[{"embeddable":true,"href":"https:\/\/www.heartfailurematters.org\/fr\/wp-json\/wp\/v2\/users\/1"}],"replies":[{"embeddable":true,"href":"https:\/\/www.heartfailurematters.org\/fr\/wp-json\/wp\/v2\/comments?post=8080"}],"version-history":[{"count":1,"href":"https:\/\/www.heartfailurematters.org\/fr\/wp-json\/wp\/v2\/pages\/8080\/revisions"}],"predecessor-version":[{"id":9090,"href":"https:\/\/www.heartfailurematters.org\/fr\/wp-json\/wp\/v2\/pages\/8080\/revisions\/9090"}],"up":[{"embeddable":true,"href":"https:\/\/www.heartfailurematters.org\/fr\/wp-json\/wp\/v2\/pages\/8045"}],"wp:featuredmedia":[{"embeddable":true,"href":"https:\/\/www.heartfailurematters.org\/fr\/wp-json\/wp\/v2\/media\/10656"}],"wp:attachment":[{"href":"https:\/\/www.heartfailurematters.org\/fr\/wp-json\/wp\/v2\/media?parent=8080"}],"wp:term":[{"taxonomy":"category","embeddable":true,"href":"https:\/\/www.heartfailurematters.org\/fr\/wp-json\/wp\/v2\/categories?post=8080"},{"taxonomy":"post_tag","embeddable":true,"href":"https:\/\/www.heartfailurematters.org\/fr\/wp-json\/wp\/v2\/tags?post=8080"}],"curies":[{"name":"wp","href":"https:\/\/api.w.org\/{rel}","templated":true}]}}