{"id":550,"date":"2021-01-27T21:36:26","date_gmt":"2021-01-27T21:36:26","guid":{"rendered":"http:\/\/heartfailurematters.local:8888\/anti-arythmiques\/"},"modified":"2021-01-27T21:36:26","modified_gmt":"2021-01-27T21:36:26","slug":"anti-arythmiques","status":"publish","type":"page","link":"https:\/\/www.heartfailurematters.org\/fr\/ce-que-votre-medecin-ou-votre-infirmier-ere-peut-faire\/anti-arythmiques\/","title":{"rendered":"Anti-arythmiques"},"content":{"rendered":"<h2>Leur action<\/h2>\n<p><a title=\"&lt;div id='ToolTipTextWrap'&gt;Les anti-arythmiques &lt;\/div&gt;&lt;p&gt;M&eacute;dicaments utilis&eacute;s pour contr&ocirc;ler les rythmes irr&eacute;guliers du c&oelig;ur et les pulsations cardiaques suppl&eacute;mentaires.&lt;\/p&gt;\" class=\"addtooltip\"><strong>Les Anti-arythmiques&nbsp;<\/strong><\/a>sont utilis&eacute;s pour contr&ocirc;ler les rythmes cardiaques anormaux. Cependant, votre m&eacute;decin est inform&eacute; que plusieurs anti-arythmiques peuvent &ecirc;tre nocifs pour les personnes atteintes d&rsquo;insuffisance cardiaque et devraient &ecirc;tre &eacute;vit&eacute;s.<\/p>\n<p>Les anti-arythmiques incluent les classes suivantes de m&eacute;dicaments&nbsp;:<\/p>\n<ul>\n<li>Les m&eacute;dicaments de classe I incluent la fl&eacute;ca&iuml;nide et le propaf&eacute;none<\/li>\n<li>Les m&eacute;dicaments de classe II sont les <a title=\"&lt;div id='ToolTipTextWrap'&gt;b&ecirc;ta-bloquants&lt;\/div&gt;&lt;p&gt;Classe de m&eacute;dicaments utilis&eacute;s pour ralentir votre fr&eacute;quence cardiaque ou diminuer votre tension art&eacute;rielle.&lt;\/p&gt;\" class=\"addtooltip\"><strong>b&ecirc;ta-bloquants<\/strong><\/a><\/li>\n<li>Les m&eacute;dicaments de classe III incluent l&rsquo;amiodarone, le dron&eacute;darone et le sotalol<\/li>\n<li>Les m&eacute;dicaments de classe IV sont des <a title=\"&lt;div id='ToolTipTextWrap'&gt; inhibiteurs calciques&lt;\/div&gt;&lt;p&gt; Classe de m&eacute;dicaments utilis&eacute;s pour traiter l'hypertension, l'angine de poitrine et certains rythmes irr&eacute;guliers du c&oelig;ur.&lt;\/p&gt;\" class=\"addtooltip\"><strong>inhibiteurs calciques <\/strong><\/a><\/li>\n<li>Les m&eacute;dicaments de classe V incluent la <a title=\"&lt;div id='ToolTipTextWrap'&gt;digoxine&lt;\/div&gt;&lt;p&gt;M&eacute;dicament utilis&eacute; pour contr&ocirc;ler les anomalies du rythme cardiaque et am&eacute;liorer la performance cardiaque.&lt;\/p&gt;\" class=\"addtooltip\"><strong>digoxine<\/strong><\/a><\/li>\n<\/ul>\n<h2>Effets secondaires<\/h2>\n<p>Les effets secondaires des anti-arythmiques d&eacute;pendent de la classe de m&eacute;dicaments que vous prenez. Discutez avec votre m&eacute;decin, infirmi&egrave;re ou pharmacien des effets secondaires qui peuvent se produire avec le m&eacute;dicament qui vous a &eacute;t&eacute; prescrit.<\/p>\n<p>La plupart des personnes prenant des antagonistes des canaux calciques n&rsquo;ont soit aucun effet secondaire, soit des maux de t&ecirc;te l&eacute;gers ou des bouff&eacute;es de chaleur, qui ont tendance &agrave; s&rsquo;amenuiser en quelques jours. Le gonflement des chevilles est fr&eacute;quent avec certains inhibiteurs des canaux calciques.<\/p>\n<p>Dans de rares cas, l&rsquo;amiodarone augmente la sensibilit&eacute; de la peau au soleil et l&rsquo;expose davantage aux coups de soleil. Il est conseill&eacute; d&rsquo;&eacute;viter toute exposition au soleil et d&rsquo;utiliser un &eacute;cran solaire comportant un indice de protection &eacute;lev&eacute;. Un traitement &agrave; long terme peut &eacute;galement affecter le fonctionnement de la thyro&iuml;de, qui doit &ecirc;tre contr&ocirc;l&eacute;e r&eacute;guli&egrave;rement. Cliquez ici pour plus <a href=\"https:\/\/www.heartfailurematters.org\/fr\/ce-que-votre-medecin-ou-votre-infirmier-ere-peut-faire\/beta-bloquants\/\">d&rsquo;informations sur les effets secondaires des b&ecirc;ta-bloquants<\/a>.<\/p>\n<ul>\n<li>Cliquez ici pour plus <a href=\"https:\/\/www.heartfailurematters.org\/fr\/ce-que-votre-medecin-ou-votre-infirmier-ere-peut-faire\/digitaliques\/#sideeffects\">d&rsquo;informations sur les effets secondaires de la digoxine<\/a>.<\/li>\n<\/ul>\n<h2>Conseils essentiels<\/h2>\n<p>Certains agents contenus dans les anti- arythmiques peuvent interagir avec le jus de pamplemousse, alt&eacute;rant l&rsquo;effet du m&eacute;dicament. Vos m&eacute;decin pourra vous fournir des explications &agrave; ce sujet.<\/p>\n<h2>&Eacute;galement connus sous les noms suivants&nbsp;:<\/h2>\n<h3>M&eacute;dicaments de classe I<\/h3>\n<ul>\n<li><strong>Fl&eacute;ca&iuml;nide <\/strong><br \/>(Tambocor&reg;, Tanborcor XL&reg;)<\/li>\n<li><strong>Propaf&eacute;none <\/strong><br \/>(Arythmol&reg;)<\/li>\n<\/ul>\n<h3>M&eacute;dicaments de classe II (b&ecirc;ta-bloquants)<\/h3>\n<p>Obtenir plus <a href=\"https:\/\/www.heartfailurematters.org\/fr\/ce-que-votre-medecin-ou-votre-infirmier-ere-peut-faire\/beta-bloquants\/\">d&rsquo;informations sur les b&ecirc;ta-bloquants<\/a><\/p>\n<ul>\n<li><strong>Acebutolol<br \/> <\/strong>(Sectral&reg;, Prent&reg;)<\/li>\n<li><strong>At&eacute;nolol<\/strong><br \/>(Atenix&reg;, Tenormin&reg;)<\/li>\n<li><strong>Bisoprolol<br \/> <\/strong>(Soloc&reg;, Vivacor&reg;, Cardicor&reg;, Emcor&reg;, Concor&reg;)<\/li>\n<li><strong>Carv&eacute;dilol<\/strong><br \/>(Eucardic&reg;, Coreg&reg;)<\/li>\n<li><strong>Celiprolol<br \/> <\/strong>(Celectol&reg;)<\/li>\n<li><strong>Labetalol<br \/> <\/strong>(Normodyne&reg;, Trandate&reg;, Normozyde&reg;)<\/li>\n<li><strong>Metoprolol<br \/> <\/strong>(Betaloc&reg;, Betaloc SA&reg;, Lopressor&reg;, Lopressor LA&reg;, Toprol XL&reg;)<\/li>\n<li><strong>Nadolol<br \/> <\/strong>(Corgard&reg;)<\/li>\n<li><strong>Nebivolol<br \/> <\/strong>(Nebilet&reg;)<\/li>\n<li><strong>Oxprenolol<br \/> <\/strong>(Trasicor&reg;, Slow-Trasicor&reg;)<\/li>\n<li><strong>Penbutolol<br \/> <\/strong>(Levatol&reg;)<\/li>\n<li><strong>Pindolol <\/strong><br \/>(Visken&reg;)<\/li>\n<li><strong>Propanolol<br \/> <\/strong>(Angilol&reg;, Syprol&reg;, Bedranol SR&reg;, Beta Prograne&reg;, Lopranolol LA&reg;, Slo-Pro&reg;, Inderal&reg;, Half-Inderal LA&reg;, Inderal-LA&reg;)<\/li>\n<li><strong>Sotalol<\/strong><br \/>(Beta-Cardone&reg;, Sotocor&reg;, Betaspace&reg;)<\/li>\n<li><strong>Timolol<br \/> <\/strong>(Betim&reg;, Blocadren&reg;)<\/li>\n<li><strong>Association de m&eacute;dicaments&nbsp;:<\/strong><br \/>(Co-tenidone&reg;, AtenixCo&reg;, Totaretic&reg;, Kalten&reg;, Tenoret&reg;, Tenoretic&reg;, Trasidrex&reg;, Viskaldix&reg;, Moducren&reg;, Prestim&reg;, Beta-Adalat&reg;, Tenif&reg;)<\/li>\n<\/ul>\n<h3>M&eacute;dicaments de classe III<\/h3>\n<ul>\n<li><strong>Amiodarone<br \/> <\/strong>(Cordarone X&reg;)<\/li>\n<li><strong>Dronedarone<br \/> <\/strong>(Multaq&reg;)<\/li>\n<li><strong>Sotalol<br \/> <\/strong>(Beta-Cardone&reg;, Sotocor&reg;)<\/li>\n<\/ul>\n<h3>M&eacute;dicaments de classe IV (inhibiteurs des canaux calciques)<\/h3>\n<ul>\n<li><strong>Amlodipine<\/strong><br \/>(Istin&reg;)<\/li>\n<li><strong>Diltiazem<br \/> <\/strong>(Tildiem&reg;, Adizem&reg;, Adizem SR&reg;, Adizem XL&reg;, Angitil SR&reg;, Angitil XL&reg;, Calcicard CR&reg;, Dilcardia SR. Dilzem SR&reg;, Dilzem XL&reg;, Slozem&reg;, Lidiem LA&reg;, Tildiem Retard&reg;, Viazem XL&reg;, Zemtard&reg;)<\/li>\n<li><strong>Felodipine<\/strong><br \/>(Cardioplen XL&reg;, Felogen XL&reg;, Felotens XL&reg;, Keloc SR&reg;, Neofel XL&reg;, Vascalpa&reg;, Plendil&reg;)<\/li>\n<li><strong>Isradipine<\/strong><br \/>(Precal&reg;)<\/li>\n<li><strong>Lacidipine<br \/> <\/strong>(Motens&reg;)<\/li>\n<li><strong>Lercanidipine<\/strong><br \/>(Zanidip&reg;)<\/li>\n<li><strong>Nicardipine<br \/> <\/strong>(Cardene SR&reg;)<\/li>\n<li><strong>Nifedepine<br \/> <\/strong>(Adalat&reg;, Adalat retard&reg;, Adipine MR&reg;, Adipine XL&reg;, Coracten SR&reg;, Coracten XL Fortipine LA&reg;, Nifedipress MR&reg;, tensipine MR&reg;, Valni XL&reg;)<\/li>\n<li><strong>Nimodipine<\/strong><br \/>(Nimotop&reg;)<\/li>\n<li><strong>Nisoldipine<br \/> <\/strong>(Syscor MR&reg;)<\/li>\n<\/ul>\n<h3>M&eacute;dicaments de classe V<\/h3>\n<p>Obtenir plus <a href=\"https:\/\/www.heartfailurematters.org\/fr\/ce-que-votre-medecin-ou-votre-infirmier-ere-peut-faire\/digitaliques\/\">d&rsquo;informations sur la digoxine.<\/a><\/p>\n<p><a href=\"https:\/\/www.heartfailurematters.org\/fr\/ce-que-votre-medecin-ou-votre-infirmier-ere-peut-faire\/medicaments-contre-linsuffisance-cardiaque\/\">Retourner &agrave; la rubrique &laquo;&nbsp;Les m&eacute;dicaments contre l&rsquo;insuffisance cardiaque&nbsp;&raquo;<\/a><\/p>\n","protected":false},"excerpt":{"rendered":"<p>Leur action Les Anti-arythmiques&nbsp;sont utilis&eacute;s pour contr&ocirc;ler les rythmes cardiaques anormaux. Cependant, votre m&eacute;decin est inform&eacute; que plusieurs anti-arythmiques peuvent &ecirc;tre nocifs pour les personnes atteintes d&rsquo;insuffisance cardiaque et devraient &ecirc;tre &eacute;vit&eacute;s. Les anti-arythmiques incluent les classes suivantes de m&eacute;dicaments&nbsp;: Les m&eacute;dicaments de classe I incluent la fl&eacute;ca&iuml;nide et le propaf&eacute;none Les m&eacute;dicaments de classe [&hellip;]<\/p>\n","protected":false},"author":1,"featured_media":0,"parent":2679,"menu_order":0,"comment_status":"open","ping_status":"open","template":"","meta":{"_acf_changed":false,"footnotes":""},"categories":[],"tags":[],"class_list":["post-550","page","type-page","status-publish","hentry"],"acf":[],"yoast_head":"<!-- This site is optimized with the Yoast SEO plugin v24.8.1 - https:\/\/yoast.com\/wordpress\/plugins\/seo\/ -->\n<title>Anti-arythmiques - Heart Failure Matters<\/title>\n<meta name=\"description\" content=\"Les antiarythmiques sont utilis\u00e9s pour contr\u00f4ler l&#039;arythmie. Cependant, votre m\u00e9decin est conscient que certains antiarythmiques peuvent \u00eatre nocifs pour les personnes atteintes d&#039;insuffisance cardiaque et doivent \u00eatre \u00e9vit\u00e9s.\" \/>\n<meta name=\"robots\" content=\"index, follow, max-snippet:-1, max-image-preview:large, max-video-preview:-1\" \/>\n<link rel=\"canonical\" href=\"https:\/\/www.heartfailurematters.org\/fr\/ce-que-votre-medecin-ou-votre-infirmier-ere-peut-faire\/anti-arythmiques\/\" \/>\n<meta property=\"og:locale\" content=\"fr_FR\" \/>\n<meta property=\"og:type\" content=\"article\" \/>\n<meta property=\"og:title\" content=\"Anti-arythmiques - Heart Failure Matters\" \/>\n<meta property=\"og:description\" content=\"Les antiarythmiques sont utilis\u00e9s pour contr\u00f4ler l&#039;arythmie. Cependant, votre m\u00e9decin est conscient que certains antiarythmiques peuvent \u00eatre nocifs pour les personnes atteintes d&#039;insuffisance cardiaque et doivent \u00eatre \u00e9vit\u00e9s.\" \/>\n<meta property=\"og:url\" content=\"https:\/\/www.heartfailurematters.org\/fr\/ce-que-votre-medecin-ou-votre-infirmier-ere-peut-faire\/anti-arythmiques\/\" \/>\n<meta property=\"og:site_name\" content=\"Heart Failure Matters\" \/>\n<meta property=\"article:publisher\" content=\"https:\/\/www.facebook.com\/heartfailurematters\" \/>\n<meta name=\"twitter:card\" content=\"summary_large_image\" \/>\n<meta name=\"twitter:label1\" content=\"Dur\u00e9e de lecture estim\u00e9e\" \/>\n\t<meta name=\"twitter:data1\" content=\"4 minutes\" \/>\n<script type=\"application\/ld+json\" class=\"yoast-schema-graph\">{\"@context\":\"https:\/\/schema.org\",\"@graph\":[{\"@type\":\"WebPage\",\"@id\":\"https:\/\/www.heartfailurematters.org\/fr\/ce-que-votre-medecin-ou-votre-infirmier-ere-peut-faire\/anti-arythmiques\/\",\"url\":\"https:\/\/www.heartfailurematters.org\/fr\/ce-que-votre-medecin-ou-votre-infirmier-ere-peut-faire\/anti-arythmiques\/\",\"name\":\"Anti-arythmiques - Heart Failure Matters\",\"isPartOf\":{\"@id\":\"https:\/\/www.heartfailurematters.org\/fr\/#website\"},\"datePublished\":\"2021-01-27T21:36:26+00:00\",\"description\":\"Les antiarythmiques sont utilis\u00e9s pour contr\u00f4ler l'arythmie. Cependant, votre m\u00e9decin est conscient que certains antiarythmiques peuvent \u00eatre nocifs pour les personnes atteintes d'insuffisance cardiaque et doivent \u00eatre \u00e9vit\u00e9s.\",\"breadcrumb\":{\"@id\":\"https:\/\/www.heartfailurematters.org\/fr\/ce-que-votre-medecin-ou-votre-infirmier-ere-peut-faire\/anti-arythmiques\/#breadcrumb\"},\"inLanguage\":\"fr-FR\",\"potentialAction\":[{\"@type\":\"ReadAction\",\"target\":[\"https:\/\/www.heartfailurematters.org\/fr\/ce-que-votre-medecin-ou-votre-infirmier-ere-peut-faire\/anti-arythmiques\/\"]}]},{\"@type\":\"BreadcrumbList\",\"@id\":\"https:\/\/www.heartfailurematters.org\/fr\/ce-que-votre-medecin-ou-votre-infirmier-ere-peut-faire\/anti-arythmiques\/#breadcrumb\",\"itemListElement\":[{\"@type\":\"ListItem\",\"position\":1,\"name\":\"Accueil\",\"item\":\"https:\/\/www.heartfailurematters.org\/fr\/\"},{\"@type\":\"ListItem\",\"position\":2,\"name\":\"Ce que votre m\u00e9decin peut faire\",\"item\":\"https:\/\/www.heartfailurematters.org\/fr\/ce-que-votre-medecin-ou-votre-infirmier-ere-peut-faire\/\"},{\"@type\":\"ListItem\",\"position\":3,\"name\":\"Anti-arythmiques\"}]},{\"@type\":\"WebSite\",\"@id\":\"https:\/\/www.heartfailurematters.org\/fr\/#website\",\"url\":\"https:\/\/www.heartfailurematters.org\/fr\/\",\"name\":\"Heart Failure Matters\",\"description\":\"Practical information for patients, families and caregivers.\",\"publisher\":{\"@id\":\"https:\/\/www.heartfailurematters.org\/fr\/#organization\"},\"potentialAction\":[{\"@type\":\"SearchAction\",\"target\":{\"@type\":\"EntryPoint\",\"urlTemplate\":\"https:\/\/www.heartfailurematters.org\/fr\/?s={search_term_string}\"},\"query-input\":{\"@type\":\"PropertyValueSpecification\",\"valueRequired\":true,\"valueName\":\"search_term_string\"}}],\"inLanguage\":\"fr-FR\"},{\"@type\":\"Organization\",\"@id\":\"https:\/\/www.heartfailurematters.org\/fr\/#organization\",\"name\":\"Heart Failure Matters\",\"url\":\"https:\/\/www.heartfailurematters.org\/fr\/\",\"logo\":{\"@type\":\"ImageObject\",\"inLanguage\":\"fr-FR\",\"@id\":\"https:\/\/www.heartfailurematters.org\/fr\/#\/schema\/logo\/image\/\",\"url\":\"https:\/\/cdn-endpoint-hfm.azureedge.net\/heartfailurematters\/2024\/07\/hfm-logo1.jpg\",\"contentUrl\":\"https:\/\/cdn-endpoint-hfm.azureedge.net\/heartfailurematters\/2024\/07\/hfm-logo1.jpg\",\"width\":1280,\"height\":720,\"caption\":\"Heart Failure Matters\"},\"image\":{\"@id\":\"https:\/\/www.heartfailurematters.org\/fr\/#\/schema\/logo\/image\/\"},\"sameAs\":[\"https:\/\/www.facebook.com\/heartfailurematters\"]}]}<\/script>\n<!-- \/ Yoast SEO plugin. -->","yoast_head_json":{"title":"Anti-arythmiques - Heart Failure Matters","description":"Les antiarythmiques sont utilis\u00e9s pour contr\u00f4ler l'arythmie. Cependant, votre m\u00e9decin est conscient que certains antiarythmiques peuvent \u00eatre nocifs pour les personnes atteintes d'insuffisance cardiaque et doivent \u00eatre \u00e9vit\u00e9s.","robots":{"index":"index","follow":"follow","max-snippet":"max-snippet:-1","max-image-preview":"max-image-preview:large","max-video-preview":"max-video-preview:-1"},"canonical":"https:\/\/www.heartfailurematters.org\/fr\/ce-que-votre-medecin-ou-votre-infirmier-ere-peut-faire\/anti-arythmiques\/","og_locale":"fr_FR","og_type":"article","og_title":"Anti-arythmiques - Heart Failure Matters","og_description":"Les antiarythmiques sont utilis\u00e9s pour contr\u00f4ler l'arythmie. Cependant, votre m\u00e9decin est conscient que certains antiarythmiques peuvent \u00eatre nocifs pour les personnes atteintes d'insuffisance cardiaque et doivent \u00eatre \u00e9vit\u00e9s.","og_url":"https:\/\/www.heartfailurematters.org\/fr\/ce-que-votre-medecin-ou-votre-infirmier-ere-peut-faire\/anti-arythmiques\/","og_site_name":"Heart Failure Matters","article_publisher":"https:\/\/www.facebook.com\/heartfailurematters","twitter_card":"summary_large_image","twitter_misc":{"Dur\u00e9e de lecture estim\u00e9e":"4 minutes"},"schema":{"@context":"https:\/\/schema.org","@graph":[{"@type":"WebPage","@id":"https:\/\/www.heartfailurematters.org\/fr\/ce-que-votre-medecin-ou-votre-infirmier-ere-peut-faire\/anti-arythmiques\/","url":"https:\/\/www.heartfailurematters.org\/fr\/ce-que-votre-medecin-ou-votre-infirmier-ere-peut-faire\/anti-arythmiques\/","name":"Anti-arythmiques - Heart Failure Matters","isPartOf":{"@id":"https:\/\/www.heartfailurematters.org\/fr\/#website"},"datePublished":"2021-01-27T21:36:26+00:00","description":"Les antiarythmiques sont utilis\u00e9s pour contr\u00f4ler l'arythmie. Cependant, votre m\u00e9decin est conscient que certains antiarythmiques peuvent \u00eatre nocifs pour les personnes atteintes d'insuffisance cardiaque et doivent \u00eatre \u00e9vit\u00e9s.","breadcrumb":{"@id":"https:\/\/www.heartfailurematters.org\/fr\/ce-que-votre-medecin-ou-votre-infirmier-ere-peut-faire\/anti-arythmiques\/#breadcrumb"},"inLanguage":"fr-FR","potentialAction":[{"@type":"ReadAction","target":["https:\/\/www.heartfailurematters.org\/fr\/ce-que-votre-medecin-ou-votre-infirmier-ere-peut-faire\/anti-arythmiques\/"]}]},{"@type":"BreadcrumbList","@id":"https:\/\/www.heartfailurematters.org\/fr\/ce-que-votre-medecin-ou-votre-infirmier-ere-peut-faire\/anti-arythmiques\/#breadcrumb","itemListElement":[{"@type":"ListItem","position":1,"name":"Accueil","item":"https:\/\/www.heartfailurematters.org\/fr\/"},{"@type":"ListItem","position":2,"name":"Ce que votre m\u00e9decin peut faire","item":"https:\/\/www.heartfailurematters.org\/fr\/ce-que-votre-medecin-ou-votre-infirmier-ere-peut-faire\/"},{"@type":"ListItem","position":3,"name":"Anti-arythmiques"}]},{"@type":"WebSite","@id":"https:\/\/www.heartfailurematters.org\/fr\/#website","url":"https:\/\/www.heartfailurematters.org\/fr\/","name":"Heart Failure Matters","description":"Practical information for patients, families and caregivers.","publisher":{"@id":"https:\/\/www.heartfailurematters.org\/fr\/#organization"},"potentialAction":[{"@type":"SearchAction","target":{"@type":"EntryPoint","urlTemplate":"https:\/\/www.heartfailurematters.org\/fr\/?s={search_term_string}"},"query-input":{"@type":"PropertyValueSpecification","valueRequired":true,"valueName":"search_term_string"}}],"inLanguage":"fr-FR"},{"@type":"Organization","@id":"https:\/\/www.heartfailurematters.org\/fr\/#organization","name":"Heart Failure Matters","url":"https:\/\/www.heartfailurematters.org\/fr\/","logo":{"@type":"ImageObject","inLanguage":"fr-FR","@id":"https:\/\/www.heartfailurematters.org\/fr\/#\/schema\/logo\/image\/","url":"https:\/\/cdn-endpoint-hfm.azureedge.net\/heartfailurematters\/2024\/07\/hfm-logo1.jpg","contentUrl":"https:\/\/cdn-endpoint-hfm.azureedge.net\/heartfailurematters\/2024\/07\/hfm-logo1.jpg","width":1280,"height":720,"caption":"Heart Failure Matters"},"image":{"@id":"https:\/\/www.heartfailurematters.org\/fr\/#\/schema\/logo\/image\/"},"sameAs":["https:\/\/www.facebook.com\/heartfailurematters"]}]}},"_links":{"self":[{"href":"https:\/\/www.heartfailurematters.org\/fr\/wp-json\/wp\/v2\/pages\/550","targetHints":{"allow":["GET"]}}],"collection":[{"href":"https:\/\/www.heartfailurematters.org\/fr\/wp-json\/wp\/v2\/pages"}],"about":[{"href":"https:\/\/www.heartfailurematters.org\/fr\/wp-json\/wp\/v2\/types\/page"}],"author":[{"embeddable":true,"href":"https:\/\/www.heartfailurematters.org\/fr\/wp-json\/wp\/v2\/users\/1"}],"replies":[{"embeddable":true,"href":"https:\/\/www.heartfailurematters.org\/fr\/wp-json\/wp\/v2\/comments?post=550"}],"version-history":[{"count":0,"href":"https:\/\/www.heartfailurematters.org\/fr\/wp-json\/wp\/v2\/pages\/550\/revisions"}],"up":[{"embeddable":true,"href":"https:\/\/www.heartfailurematters.org\/fr\/wp-json\/wp\/v2\/pages\/2679"}],"wp:attachment":[{"href":"https:\/\/www.heartfailurematters.org\/fr\/wp-json\/wp\/v2\/media?parent=550"}],"wp:term":[{"taxonomy":"category","embeddable":true,"href":"https:\/\/www.heartfailurematters.org\/fr\/wp-json\/wp\/v2\/categories?post=550"},{"taxonomy":"post_tag","embeddable":true,"href":"https:\/\/www.heartfailurematters.org\/fr\/wp-json\/wp\/v2\/tags?post=550"}],"curies":[{"name":"wp","href":"https:\/\/api.w.org\/{rel}","templated":true}]}}