{"id":547,"date":"2021-01-27T21:36:26","date_gmt":"2021-01-27T21:36:26","guid":{"rendered":"http:\/\/heartfailurematters.local:8888\/medicaments-contre-linsuffisance-cardiaque-aigue\/"},"modified":"2021-01-27T21:36:26","modified_gmt":"2021-01-27T21:36:26","slug":"medicaments-contre-linsuffisance-cardiaque-aigue","status":"publish","type":"page","link":"https:\/\/www.heartfailurematters.org\/fr\/ce-que-votre-medecin-ou-votre-infirmier-ere-peut-faire\/medicaments-contre-linsuffisance-cardiaque-aigue\/","title":{"rendered":"M\u00e9dicaments contre l\u2019insuffisance cardiaque aigu\u00eb"},"content":{"rendered":"<h2>Leur action<\/h2>\n<p>Il existe plusieurs m\u00e9dicaments permettant d\u2019am\u00e9liorer l\u2019\u00e9volution \u00e0 court terme d\u2019une insuffisance cardiaque aigu\u00eb. Ils peuvent \u00eatre utilis\u00e9s durant les \u00e9pisodes d\u2019insuffisance cardiaque aigu\u00eb. Ces m\u00e9dicaments aident le c\u0153ur \u00e0 pomper plus efficacement ou dilatent (ouvrent) les vaisseaux sanguins et r\u00e9duisent la charge de travail cardiaque.<\/p>\n<p>L\u2019insuffisance cardiaque aigu\u00eb se caract\u00e9rise par une \u00e9volution rapide des sympt\u00f4mes, comme l\u2019essoufflement, qui requiert une attention d\u2019urgence.<\/p>\n<p>Le traitement doit \u00eatre administr\u00e9 \u00e0 l\u2019h\u00f4pital et ce site Web n\u2019est pas \u00e0 m\u00eame de fournir des informations d\u00e9taill\u00e9es sur ce traitement. Il est important, cependant, que les patients souffrant d\u2019<a class=\"addtooltip\" title=\"Insuffisance cardiaque \u00e0 long terme, qui \u00e9volue lentement, peut s\u2019aggraver progressivement et n\u00e9cessite un traitement \u00e0 long terme.\"><strong>insuffisance cardiaque chronique<\/strong><\/a> consultent imm\u00e9diatement en cas de progression rapide de leurs sympt\u00f4mes, afin de d\u00e9buter un traitement appropri\u00e9 le plus t\u00f4t possible.<\/p>\n<p>Ces m\u00e9dicaments sont g\u00e9n\u00e9ralement administr\u00e9s en injection continue dans le service des soins intensifs o\u00f9 les patients sont surveill\u00e9s de pr\u00e8s.<\/p>\n<h2>Types de m\u00e9dicaments&nbsp;:<\/h2>\n<ul>\n<li><strong>Dobutamine<\/strong><br \/>(Dobutrex\u00ae)<\/li>\n<li><strong>Dopamine<\/strong><\/li>\n<li><strong>Dopexamine<\/strong><br \/>(Dopacard\u00ae)<\/li>\n<li><strong>Enoximone<\/strong><br \/>(Perfan\u00ae)<\/li>\n<li><strong>Trinitrine \/ nitroglyc\u00e9rine<br \/> <\/strong>(Nitrocine\u00ae, Nitronal\u00ae)<\/li>\n<li><strong>Levosimendan<br \/> <\/strong>(Simdax\u00ae)<\/li>\n<li><strong>Nesiritide<\/strong><br \/>(Natrecor\u00ae)<\/li>\n<li><strong>Milrinone<\/strong><br \/>(Primacor\u00ae)<\/li>\n<li><strong>Nitroprusside sodique<br \/> <\/strong>(Nipride\u00ae, Nitropress\u00ae)<\/li>\n<\/ul>\n<p><a href=\"https:\/\/www.heartfailurematters.org\/fr\/ce-que-votre-medecin-ou-votre-infirmier-ere-peut-faire\/medicaments-contre-linsuffisance-cardiaque\/\">Retourner \u00e0 la rubrique \u00ab&nbsp;Les m\u00e9dicaments contre l\u2019insuffisance cardiaque&nbsp;\u00bb<\/a><\/p>\n","protected":false},"excerpt":{"rendered":"<p>Leur action Il existe plusieurs m\u00e9dicaments permettant d\u2019am\u00e9liorer l\u2019\u00e9volution \u00e0 court terme d\u2019une insuffisance cardiaque aigu\u00eb. Ils peuvent \u00eatre utilis\u00e9s durant les \u00e9pisodes d\u2019insuffisance cardiaque aigu\u00eb. Ces m\u00e9dicaments aident le c\u0153ur \u00e0 pomper plus efficacement ou dilatent (ouvrent) les vaisseaux sanguins et r\u00e9duisent la charge de travail cardiaque. L\u2019insuffisance cardiaque aigu\u00eb se caract\u00e9rise par une [&hellip;]<\/p>\n","protected":false},"author":1,"featured_media":10868,"parent":2679,"menu_order":0,"comment_status":"open","ping_status":"open","template":"","meta":{"_acf_changed":false,"footnotes":""},"categories":[],"tags":[],"class_list":["post-547","page","type-page","status-publish","has-post-thumbnail","hentry"],"acf":[],"yoast_head":"<!-- This site is optimized with the Yoast SEO plugin v24.8.1 - https:\/\/yoast.com\/wordpress\/plugins\/seo\/ -->\n<title>M\u00e9dicaments contre l\u2019insuffisance cardiaque aigu\u00eb - Heart Failure Matters<\/title>\n<meta name=\"description\" content=\"Ces m\u00e9dicaments am\u00e9liorent le fonctionnement \u00e0 court terme du c\u0153ur. Pour ce faire, ils renforcent la pompe cardiaque ou dilatent (ouvrent) les vaisseaux sanguins et r\u00e9duisent la charge de travail du c\u0153ur.\" \/>\n<meta name=\"robots\" content=\"index, follow, max-snippet:-1, max-image-preview:large, max-video-preview:-1\" \/>\n<link rel=\"canonical\" href=\"https:\/\/www.heartfailurematters.org\/fr\/ce-que-votre-medecin-ou-votre-infirmier-ere-peut-faire\/medicaments-contre-linsuffisance-cardiaque-aigue\/\" \/>\n<meta property=\"og:locale\" content=\"fr_FR\" \/>\n<meta property=\"og:type\" content=\"article\" \/>\n<meta property=\"og:title\" content=\"M\u00e9dicaments contre l\u2019insuffisance cardiaque aigu\u00eb - Heart Failure Matters\" \/>\n<meta property=\"og:description\" content=\"Ces m\u00e9dicaments am\u00e9liorent le fonctionnement \u00e0 court terme du c\u0153ur. Pour ce faire, ils renforcent la pompe cardiaque ou dilatent (ouvrent) les vaisseaux sanguins et r\u00e9duisent la charge de travail du c\u0153ur.\" \/>\n<meta property=\"og:url\" content=\"https:\/\/www.heartfailurematters.org\/fr\/ce-que-votre-medecin-ou-votre-infirmier-ere-peut-faire\/medicaments-contre-linsuffisance-cardiaque-aigue\/\" \/>\n<meta property=\"og:site_name\" content=\"Heart Failure Matters\" \/>\n<meta property=\"article:publisher\" content=\"https:\/\/www.facebook.com\/heartfailurematters\" \/>\n<meta property=\"og:image\" content=\"https:\/\/www.heartfailurematters.org\/wp-content\/uploads\/2022\/03\/shutterstock_441673426-1-min.jpg\" \/>\n\t<meta property=\"og:image:width\" content=\"900\" \/>\n\t<meta property=\"og:image:height\" content=\"596\" \/>\n\t<meta property=\"og:image:type\" content=\"image\/jpeg\" \/>\n<meta name=\"twitter:card\" content=\"summary_large_image\" \/>\n<meta name=\"twitter:label1\" content=\"Dur\u00e9e de lecture estim\u00e9e\" \/>\n\t<meta name=\"twitter:data1\" content=\"1 minute\" \/>\n<script type=\"application\/ld+json\" class=\"yoast-schema-graph\">{\"@context\":\"https:\/\/schema.org\",\"@graph\":[{\"@type\":\"WebPage\",\"@id\":\"https:\/\/www.heartfailurematters.org\/fr\/ce-que-votre-medecin-ou-votre-infirmier-ere-peut-faire\/medicaments-contre-linsuffisance-cardiaque-aigue\/\",\"url\":\"https:\/\/www.heartfailurematters.org\/fr\/ce-que-votre-medecin-ou-votre-infirmier-ere-peut-faire\/medicaments-contre-linsuffisance-cardiaque-aigue\/\",\"name\":\"M\u00e9dicaments contre l\u2019insuffisance cardiaque aigu\u00eb - Heart Failure Matters\",\"isPartOf\":{\"@id\":\"https:\/\/www.heartfailurematters.org\/fr\/#website\"},\"primaryImageOfPage\":{\"@id\":\"https:\/\/www.heartfailurematters.org\/fr\/ce-que-votre-medecin-ou-votre-infirmier-ere-peut-faire\/medicaments-contre-linsuffisance-cardiaque-aigue\/#primaryimage\"},\"image\":{\"@id\":\"https:\/\/www.heartfailurematters.org\/fr\/ce-que-votre-medecin-ou-votre-infirmier-ere-peut-faire\/medicaments-contre-linsuffisance-cardiaque-aigue\/#primaryimage\"},\"thumbnailUrl\":\"https:\/\/www.heartfailurematters.org\/wp-content\/uploads\/2022\/03\/shutterstock_441673426-1-min.jpg\",\"datePublished\":\"2021-01-27T21:36:26+00:00\",\"description\":\"Ces m\u00e9dicaments am\u00e9liorent le fonctionnement \u00e0 court terme du c\u0153ur. Pour ce faire, ils renforcent la pompe cardiaque ou dilatent (ouvrent) les vaisseaux sanguins et r\u00e9duisent la charge de travail du c\u0153ur.\",\"breadcrumb\":{\"@id\":\"https:\/\/www.heartfailurematters.org\/fr\/ce-que-votre-medecin-ou-votre-infirmier-ere-peut-faire\/medicaments-contre-linsuffisance-cardiaque-aigue\/#breadcrumb\"},\"inLanguage\":\"fr-FR\",\"potentialAction\":[{\"@type\":\"ReadAction\",\"target\":[\"https:\/\/www.heartfailurematters.org\/fr\/ce-que-votre-medecin-ou-votre-infirmier-ere-peut-faire\/medicaments-contre-linsuffisance-cardiaque-aigue\/\"]}]},{\"@type\":\"ImageObject\",\"inLanguage\":\"fr-FR\",\"@id\":\"https:\/\/www.heartfailurematters.org\/fr\/ce-que-votre-medecin-ou-votre-infirmier-ere-peut-faire\/medicaments-contre-linsuffisance-cardiaque-aigue\/#primaryimage\",\"url\":\"https:\/\/www.heartfailurematters.org\/wp-content\/uploads\/2022\/03\/shutterstock_441673426-1-min.jpg\",\"contentUrl\":\"https:\/\/www.heartfailurematters.org\/wp-content\/uploads\/2022\/03\/shutterstock_441673426-1-min.jpg\",\"width\":900,\"height\":596},{\"@type\":\"BreadcrumbList\",\"@id\":\"https:\/\/www.heartfailurematters.org\/fr\/ce-que-votre-medecin-ou-votre-infirmier-ere-peut-faire\/medicaments-contre-linsuffisance-cardiaque-aigue\/#breadcrumb\",\"itemListElement\":[{\"@type\":\"ListItem\",\"position\":1,\"name\":\"Accueil\",\"item\":\"https:\/\/www.heartfailurematters.org\/fr\/\"},{\"@type\":\"ListItem\",\"position\":2,\"name\":\"Ce que votre m\u00e9decin peut faire\",\"item\":\"https:\/\/www.heartfailurematters.org\/fr\/ce-que-votre-medecin-ou-votre-infirmier-ere-peut-faire\/\"},{\"@type\":\"ListItem\",\"position\":3,\"name\":\"M\u00e9dicaments contre l\u2019insuffisance cardiaque aigu\u00eb\"}]},{\"@type\":\"WebSite\",\"@id\":\"https:\/\/www.heartfailurematters.org\/fr\/#website\",\"url\":\"https:\/\/www.heartfailurematters.org\/fr\/\",\"name\":\"Heart Failure Matters\",\"description\":\"Practical information for patients, families and caregivers.\",\"publisher\":{\"@id\":\"https:\/\/www.heartfailurematters.org\/fr\/#organization\"},\"potentialAction\":[{\"@type\":\"SearchAction\",\"target\":{\"@type\":\"EntryPoint\",\"urlTemplate\":\"https:\/\/www.heartfailurematters.org\/fr\/?s={search_term_string}\"},\"query-input\":{\"@type\":\"PropertyValueSpecification\",\"valueRequired\":true,\"valueName\":\"search_term_string\"}}],\"inLanguage\":\"fr-FR\"},{\"@type\":\"Organization\",\"@id\":\"https:\/\/www.heartfailurematters.org\/fr\/#organization\",\"name\":\"Heart Failure Matters\",\"url\":\"https:\/\/www.heartfailurematters.org\/fr\/\",\"logo\":{\"@type\":\"ImageObject\",\"inLanguage\":\"fr-FR\",\"@id\":\"https:\/\/www.heartfailurematters.org\/fr\/#\/schema\/logo\/image\/\",\"url\":\"https:\/\/cdn-endpoint-hfm.azureedge.net\/heartfailurematters\/2024\/07\/hfm-logo1.jpg\",\"contentUrl\":\"https:\/\/cdn-endpoint-hfm.azureedge.net\/heartfailurematters\/2024\/07\/hfm-logo1.jpg\",\"width\":1280,\"height\":720,\"caption\":\"Heart Failure Matters\"},\"image\":{\"@id\":\"https:\/\/www.heartfailurematters.org\/fr\/#\/schema\/logo\/image\/\"},\"sameAs\":[\"https:\/\/www.facebook.com\/heartfailurematters\"]}]}<\/script>\n<!-- \/ Yoast SEO plugin. -->","yoast_head_json":{"title":"M\u00e9dicaments contre l\u2019insuffisance cardiaque aigu\u00eb - Heart Failure Matters","description":"Ces m\u00e9dicaments am\u00e9liorent le fonctionnement \u00e0 court terme du c\u0153ur. Pour ce faire, ils renforcent la pompe cardiaque ou dilatent (ouvrent) les vaisseaux sanguins et r\u00e9duisent la charge de travail du c\u0153ur.","robots":{"index":"index","follow":"follow","max-snippet":"max-snippet:-1","max-image-preview":"max-image-preview:large","max-video-preview":"max-video-preview:-1"},"canonical":"https:\/\/www.heartfailurematters.org\/fr\/ce-que-votre-medecin-ou-votre-infirmier-ere-peut-faire\/medicaments-contre-linsuffisance-cardiaque-aigue\/","og_locale":"fr_FR","og_type":"article","og_title":"M\u00e9dicaments contre l\u2019insuffisance cardiaque aigu\u00eb - Heart Failure Matters","og_description":"Ces m\u00e9dicaments am\u00e9liorent le fonctionnement \u00e0 court terme du c\u0153ur. Pour ce faire, ils renforcent la pompe cardiaque ou dilatent (ouvrent) les vaisseaux sanguins et r\u00e9duisent la charge de travail du c\u0153ur.","og_url":"https:\/\/www.heartfailurematters.org\/fr\/ce-que-votre-medecin-ou-votre-infirmier-ere-peut-faire\/medicaments-contre-linsuffisance-cardiaque-aigue\/","og_site_name":"Heart Failure Matters","article_publisher":"https:\/\/www.facebook.com\/heartfailurematters","og_image":[{"width":900,"height":596,"url":"https:\/\/www.heartfailurematters.org\/wp-content\/uploads\/2022\/03\/shutterstock_441673426-1-min.jpg","type":"image\/jpeg"}],"twitter_card":"summary_large_image","twitter_misc":{"Dur\u00e9e de lecture estim\u00e9e":"1 minute"},"schema":{"@context":"https:\/\/schema.org","@graph":[{"@type":"WebPage","@id":"https:\/\/www.heartfailurematters.org\/fr\/ce-que-votre-medecin-ou-votre-infirmier-ere-peut-faire\/medicaments-contre-linsuffisance-cardiaque-aigue\/","url":"https:\/\/www.heartfailurematters.org\/fr\/ce-que-votre-medecin-ou-votre-infirmier-ere-peut-faire\/medicaments-contre-linsuffisance-cardiaque-aigue\/","name":"M\u00e9dicaments contre l\u2019insuffisance cardiaque aigu\u00eb - Heart Failure Matters","isPartOf":{"@id":"https:\/\/www.heartfailurematters.org\/fr\/#website"},"primaryImageOfPage":{"@id":"https:\/\/www.heartfailurematters.org\/fr\/ce-que-votre-medecin-ou-votre-infirmier-ere-peut-faire\/medicaments-contre-linsuffisance-cardiaque-aigue\/#primaryimage"},"image":{"@id":"https:\/\/www.heartfailurematters.org\/fr\/ce-que-votre-medecin-ou-votre-infirmier-ere-peut-faire\/medicaments-contre-linsuffisance-cardiaque-aigue\/#primaryimage"},"thumbnailUrl":"https:\/\/www.heartfailurematters.org\/wp-content\/uploads\/2022\/03\/shutterstock_441673426-1-min.jpg","datePublished":"2021-01-27T21:36:26+00:00","description":"Ces m\u00e9dicaments am\u00e9liorent le fonctionnement \u00e0 court terme du c\u0153ur. Pour ce faire, ils renforcent la pompe cardiaque ou dilatent (ouvrent) les vaisseaux sanguins et r\u00e9duisent la charge de travail du c\u0153ur.","breadcrumb":{"@id":"https:\/\/www.heartfailurematters.org\/fr\/ce-que-votre-medecin-ou-votre-infirmier-ere-peut-faire\/medicaments-contre-linsuffisance-cardiaque-aigue\/#breadcrumb"},"inLanguage":"fr-FR","potentialAction":[{"@type":"ReadAction","target":["https:\/\/www.heartfailurematters.org\/fr\/ce-que-votre-medecin-ou-votre-infirmier-ere-peut-faire\/medicaments-contre-linsuffisance-cardiaque-aigue\/"]}]},{"@type":"ImageObject","inLanguage":"fr-FR","@id":"https:\/\/www.heartfailurematters.org\/fr\/ce-que-votre-medecin-ou-votre-infirmier-ere-peut-faire\/medicaments-contre-linsuffisance-cardiaque-aigue\/#primaryimage","url":"https:\/\/www.heartfailurematters.org\/wp-content\/uploads\/2022\/03\/shutterstock_441673426-1-min.jpg","contentUrl":"https:\/\/www.heartfailurematters.org\/wp-content\/uploads\/2022\/03\/shutterstock_441673426-1-min.jpg","width":900,"height":596},{"@type":"BreadcrumbList","@id":"https:\/\/www.heartfailurematters.org\/fr\/ce-que-votre-medecin-ou-votre-infirmier-ere-peut-faire\/medicaments-contre-linsuffisance-cardiaque-aigue\/#breadcrumb","itemListElement":[{"@type":"ListItem","position":1,"name":"Accueil","item":"https:\/\/www.heartfailurematters.org\/fr\/"},{"@type":"ListItem","position":2,"name":"Ce que votre m\u00e9decin peut faire","item":"https:\/\/www.heartfailurematters.org\/fr\/ce-que-votre-medecin-ou-votre-infirmier-ere-peut-faire\/"},{"@type":"ListItem","position":3,"name":"M\u00e9dicaments contre l\u2019insuffisance cardiaque aigu\u00eb"}]},{"@type":"WebSite","@id":"https:\/\/www.heartfailurematters.org\/fr\/#website","url":"https:\/\/www.heartfailurematters.org\/fr\/","name":"Heart Failure Matters","description":"Practical information for patients, families and caregivers.","publisher":{"@id":"https:\/\/www.heartfailurematters.org\/fr\/#organization"},"potentialAction":[{"@type":"SearchAction","target":{"@type":"EntryPoint","urlTemplate":"https:\/\/www.heartfailurematters.org\/fr\/?s={search_term_string}"},"query-input":{"@type":"PropertyValueSpecification","valueRequired":true,"valueName":"search_term_string"}}],"inLanguage":"fr-FR"},{"@type":"Organization","@id":"https:\/\/www.heartfailurematters.org\/fr\/#organization","name":"Heart Failure Matters","url":"https:\/\/www.heartfailurematters.org\/fr\/","logo":{"@type":"ImageObject","inLanguage":"fr-FR","@id":"https:\/\/www.heartfailurematters.org\/fr\/#\/schema\/logo\/image\/","url":"https:\/\/cdn-endpoint-hfm.azureedge.net\/heartfailurematters\/2024\/07\/hfm-logo1.jpg","contentUrl":"https:\/\/cdn-endpoint-hfm.azureedge.net\/heartfailurematters\/2024\/07\/hfm-logo1.jpg","width":1280,"height":720,"caption":"Heart Failure Matters"},"image":{"@id":"https:\/\/www.heartfailurematters.org\/fr\/#\/schema\/logo\/image\/"},"sameAs":["https:\/\/www.facebook.com\/heartfailurematters"]}]}},"_links":{"self":[{"href":"https:\/\/www.heartfailurematters.org\/fr\/wp-json\/wp\/v2\/pages\/547","targetHints":{"allow":["GET"]}}],"collection":[{"href":"https:\/\/www.heartfailurematters.org\/fr\/wp-json\/wp\/v2\/pages"}],"about":[{"href":"https:\/\/www.heartfailurematters.org\/fr\/wp-json\/wp\/v2\/types\/page"}],"author":[{"embeddable":true,"href":"https:\/\/www.heartfailurematters.org\/fr\/wp-json\/wp\/v2\/users\/1"}],"replies":[{"embeddable":true,"href":"https:\/\/www.heartfailurematters.org\/fr\/wp-json\/wp\/v2\/comments?post=547"}],"version-history":[{"count":0,"href":"https:\/\/www.heartfailurematters.org\/fr\/wp-json\/wp\/v2\/pages\/547\/revisions"}],"up":[{"embeddable":true,"href":"https:\/\/www.heartfailurematters.org\/fr\/wp-json\/wp\/v2\/pages\/2679"}],"wp:featuredmedia":[{"embeddable":true,"href":"https:\/\/www.heartfailurematters.org\/fr\/wp-json\/wp\/v2\/media\/10868"}],"wp:attachment":[{"href":"https:\/\/www.heartfailurematters.org\/fr\/wp-json\/wp\/v2\/media?parent=547"}],"wp:term":[{"taxonomy":"category","embeddable":true,"href":"https:\/\/www.heartfailurematters.org\/fr\/wp-json\/wp\/v2\/categories?post=547"},{"taxonomy":"post_tag","embeddable":true,"href":"https:\/\/www.heartfailurematters.org\/fr\/wp-json\/wp\/v2\/tags?post=547"}],"curies":[{"name":"wp","href":"https:\/\/api.w.org\/{rel}","templated":true}]}}