{"id":544,"date":"2021-01-27T21:36:26","date_gmt":"2021-01-27T21:36:26","guid":{"rendered":"http:\/\/heartfailurematters.local:8888\/imagerie-par-resonance-magnetique-irm-cardiaque\/"},"modified":"2021-07-19T10:33:17","modified_gmt":"2021-07-19T09:33:17","slug":"imagerie-par-resonance-magnetique-irm-cardiaque","status":"publish","type":"page","link":"https:\/\/www.heartfailurematters.org\/fr\/comprendre-linsuffisance-cardiaque\/imagerie-par-resonance-magnetique-irm-cardiaque\/","title":{"rendered":"Imagerie par r\u00e9sonance magn\u00e9tique (IRM) cardiaque"},"content":{"rendered":"<p>Une\u00a0<a class=\"addtooltip\" title=\"Type d\u2019imagerie cardiaque utilisant un champ magn\u00e9tique puissant pour fournir des images tr\u00e8s d\u00e9taill\u00e9es du c\u0153ur.\"><strong>IRM cardiaque<\/strong><\/a>\u00a0est r\u00e9alis\u00e9e dans la m\u00eame machine que pour les <a class=\"addtooltip\" title=\"Examen qui utilise des ondes radio et magn\u00e9tiques pour fournir des images d\u00e9taill\u00e9es de l'int\u00e9rieur du corps.\"><strong>IRM<\/strong><\/a> standard, mais seules des images de votre thorax sont <span style=\"font-weight: 400;\">enregistr\u00e9es<\/span>.<\/p>\n<p>Une IRM utilise des ondes magn\u00e9tiques et radio pour prendre des images de l\u2019int\u00e9rieur de votre corps.<\/p>\n<p>On vous demandera de vous coucher dans un \u00e9troit tunnel dans lequel se trouve un aimant sp\u00e9cial. Des pulsations br\u00e8ves de champs magn\u00e9tiques et d\u2019ondes radio sont envoy\u00e9es dans tout votre corps. Ceci prend environ 30 \u00e0 45 minutes et vous devrez rester allong\u00e9 immobile. L\u2019appareil peut produire un cognement mod\u00e9r\u00e9 pendant le fonctionnement, ce qui peut \u00eatre d\u00e9sagr\u00e9able pour certaines personnes. Cependant, l\u2019IRM est totalement indolore et inoffensive, car aucune irradiation n\u2019est utilis\u00e9e.<\/p>\n<p>Les images montreront des clich\u00e9s tr\u00e8s d\u00e9taill\u00e9s de la structure de votre c\u0153ur et des vaisseaux sanguins. L\u2019IRM peut \u00e9galement mesurer le flux sanguin \u00e0 travers votre c\u0153ur et certaines des art\u00e8res principales.<\/p>\n<p>Ce examen permet au m\u00e9decin de d\u00e9terminer si votre c\u0153ur fonctionne correctement et de localiser tout probl\u00e8me concernant la structure du c\u0153ur.<\/p>\n<p><a href=\"https:\/\/www.heartfailurematters.org\/fr\/comprendre-linsuffisance-cardiaque\/examens-frequemment-utilises-pour-deceler-une-insuffisance-cardiaque\/\">Retourner \u00e0 la rubrique \u00ab\u00a0Examens fr\u00e9quemment utilis\u00e9s pour d\u00e9celer une insuffisance cardiaque\u00a0\u00bb<\/a><\/p>\n","protected":false},"excerpt":{"rendered":"<p>Une\u00a0IRM cardiaque\u00a0est r\u00e9alis\u00e9e dans la m\u00eame machine que pour les IRM standard, mais seules des images de votre thorax sont enregistr\u00e9es. Une IRM utilise des ondes magn\u00e9tiques et radio pour prendre des images de l\u2019int\u00e9rieur de votre corps. On vous demandera de vous coucher dans un \u00e9troit tunnel dans lequel se trouve un aimant sp\u00e9cial. [&hellip;]<\/p>\n","protected":false},"author":1,"featured_media":10676,"parent":307,"menu_order":0,"comment_status":"open","ping_status":"open","template":"","meta":{"_acf_changed":false,"footnotes":""},"categories":[],"tags":[],"class_list":["post-544","page","type-page","status-publish","has-post-thumbnail","hentry"],"acf":[],"yoast_head":"<!-- This site is optimized with the Yoast SEO plugin v24.8.1 - https:\/\/yoast.com\/wordpress\/plugins\/seo\/ -->\n<title>Imagerie par r\u00e9sonance magn\u00e9tique (IRM) cardiaque pour d\u00e9celer l&#039;insuffisance cardiaque<\/title>\n<meta name=\"description\" content=\"Une IRM cardiaque est r\u00e9alis\u00e9e dans la m\u00eame machine que celle utilis\u00e9e pour une IRM normale, mais ne prend que des images du thorax. Un scanner IRM utilise des champs magn\u00e9tiques et des ondes radio pour prendre des images de l&#039;int\u00e9rieur de votre corps.\" \/>\n<meta name=\"robots\" content=\"index, follow, max-snippet:-1, max-image-preview:large, max-video-preview:-1\" \/>\n<link rel=\"canonical\" href=\"https:\/\/www.heartfailurematters.org\/fr\/comprendre-linsuffisance-cardiaque\/imagerie-par-resonance-magnetique-irm-cardiaque\/\" \/>\n<meta property=\"og:locale\" content=\"fr_FR\" \/>\n<meta property=\"og:type\" content=\"article\" \/>\n<meta property=\"og:title\" content=\"Imagerie par r\u00e9sonance magn\u00e9tique (IRM) cardiaque pour d\u00e9celer l&#039;insuffisance cardiaque\" \/>\n<meta property=\"og:description\" content=\"Une IRM cardiaque est r\u00e9alis\u00e9e dans la m\u00eame machine que celle utilis\u00e9e pour une IRM normale, mais ne prend que des images du thorax. Un scanner IRM utilise des champs magn\u00e9tiques et des ondes radio pour prendre des images de l&#039;int\u00e9rieur de votre corps.\" \/>\n<meta property=\"og:url\" content=\"https:\/\/www.heartfailurematters.org\/fr\/comprendre-linsuffisance-cardiaque\/imagerie-par-resonance-magnetique-irm-cardiaque\/\" \/>\n<meta property=\"og:site_name\" content=\"Heart Failure Matters\" \/>\n<meta property=\"article:publisher\" content=\"https:\/\/www.facebook.com\/heartfailurematters\" \/>\n<meta property=\"article:modified_time\" content=\"2021-07-19T09:33:17+00:00\" \/>\n<meta property=\"og:image\" content=\"https:\/\/www.heartfailurematters.org\/wp-content\/uploads\/2022\/02\/shutterstock_1927970642-1-min.jpg\" \/>\n\t<meta property=\"og:image:width\" content=\"900\" \/>\n\t<meta property=\"og:image:height\" content=\"600\" \/>\n\t<meta property=\"og:image:type\" content=\"image\/jpeg\" \/>\n<meta name=\"twitter:card\" content=\"summary_large_image\" \/>\n<meta name=\"twitter:label1\" content=\"Dur\u00e9e de lecture estim\u00e9e\" \/>\n\t<meta name=\"twitter:data1\" content=\"1 minute\" \/>\n<script type=\"application\/ld+json\" class=\"yoast-schema-graph\">{\"@context\":\"https:\/\/schema.org\",\"@graph\":[{\"@type\":\"WebPage\",\"@id\":\"https:\/\/www.heartfailurematters.org\/fr\/comprendre-linsuffisance-cardiaque\/imagerie-par-resonance-magnetique-irm-cardiaque\/\",\"url\":\"https:\/\/www.heartfailurematters.org\/fr\/comprendre-linsuffisance-cardiaque\/imagerie-par-resonance-magnetique-irm-cardiaque\/\",\"name\":\"Imagerie par r\u00e9sonance magn\u00e9tique (IRM) cardiaque pour d\u00e9celer l'insuffisance cardiaque\",\"isPartOf\":{\"@id\":\"https:\/\/www.heartfailurematters.org\/fr\/#website\"},\"primaryImageOfPage\":{\"@id\":\"https:\/\/www.heartfailurematters.org\/fr\/comprendre-linsuffisance-cardiaque\/imagerie-par-resonance-magnetique-irm-cardiaque\/#primaryimage\"},\"image\":{\"@id\":\"https:\/\/www.heartfailurematters.org\/fr\/comprendre-linsuffisance-cardiaque\/imagerie-par-resonance-magnetique-irm-cardiaque\/#primaryimage\"},\"thumbnailUrl\":\"https:\/\/www.heartfailurematters.org\/wp-content\/uploads\/2022\/02\/shutterstock_1927970642-1-min.jpg\",\"datePublished\":\"2021-01-27T21:36:26+00:00\",\"dateModified\":\"2021-07-19T09:33:17+00:00\",\"description\":\"Une IRM cardiaque est r\u00e9alis\u00e9e dans la m\u00eame machine que celle utilis\u00e9e pour une IRM normale, mais ne prend que des images du thorax. Un scanner IRM utilise des champs magn\u00e9tiques et des ondes radio pour prendre des images de l'int\u00e9rieur de votre corps.\",\"breadcrumb\":{\"@id\":\"https:\/\/www.heartfailurematters.org\/fr\/comprendre-linsuffisance-cardiaque\/imagerie-par-resonance-magnetique-irm-cardiaque\/#breadcrumb\"},\"inLanguage\":\"fr-FR\",\"potentialAction\":[{\"@type\":\"ReadAction\",\"target\":[\"https:\/\/www.heartfailurematters.org\/fr\/comprendre-linsuffisance-cardiaque\/imagerie-par-resonance-magnetique-irm-cardiaque\/\"]}]},{\"@type\":\"ImageObject\",\"inLanguage\":\"fr-FR\",\"@id\":\"https:\/\/www.heartfailurematters.org\/fr\/comprendre-linsuffisance-cardiaque\/imagerie-par-resonance-magnetique-irm-cardiaque\/#primaryimage\",\"url\":\"https:\/\/www.heartfailurematters.org\/wp-content\/uploads\/2022\/02\/shutterstock_1927970642-1-min.jpg\",\"contentUrl\":\"https:\/\/www.heartfailurematters.org\/wp-content\/uploads\/2022\/02\/shutterstock_1927970642-1-min.jpg\",\"width\":900,\"height\":600},{\"@type\":\"BreadcrumbList\",\"@id\":\"https:\/\/www.heartfailurematters.org\/fr\/comprendre-linsuffisance-cardiaque\/imagerie-par-resonance-magnetique-irm-cardiaque\/#breadcrumb\",\"itemListElement\":[{\"@type\":\"ListItem\",\"position\":1,\"name\":\"Accueil\",\"item\":\"https:\/\/www.heartfailurematters.org\/fr\/\"},{\"@type\":\"ListItem\",\"position\":2,\"name\":\"Comprendre l&#8217;insuffisance cardiaque\",\"item\":\"https:\/\/www.heartfailurematters.org\/fr\/comprendre-linsuffisance-cardiaque\/\"},{\"@type\":\"ListItem\",\"position\":3,\"name\":\"Imagerie par r\u00e9sonance magn\u00e9tique (IRM) cardiaque\"}]},{\"@type\":\"WebSite\",\"@id\":\"https:\/\/www.heartfailurematters.org\/fr\/#website\",\"url\":\"https:\/\/www.heartfailurematters.org\/fr\/\",\"name\":\"Heart Failure Matters\",\"description\":\"Practical information for patients, families and caregivers.\",\"publisher\":{\"@id\":\"https:\/\/www.heartfailurematters.org\/fr\/#organization\"},\"potentialAction\":[{\"@type\":\"SearchAction\",\"target\":{\"@type\":\"EntryPoint\",\"urlTemplate\":\"https:\/\/www.heartfailurematters.org\/fr\/?s={search_term_string}\"},\"query-input\":{\"@type\":\"PropertyValueSpecification\",\"valueRequired\":true,\"valueName\":\"search_term_string\"}}],\"inLanguage\":\"fr-FR\"},{\"@type\":\"Organization\",\"@id\":\"https:\/\/www.heartfailurematters.org\/fr\/#organization\",\"name\":\"Heart Failure Matters\",\"url\":\"https:\/\/www.heartfailurematters.org\/fr\/\",\"logo\":{\"@type\":\"ImageObject\",\"inLanguage\":\"fr-FR\",\"@id\":\"https:\/\/www.heartfailurematters.org\/fr\/#\/schema\/logo\/image\/\",\"url\":\"https:\/\/cdn-endpoint-hfm.azureedge.net\/heartfailurematters\/2024\/07\/hfm-logo1.jpg\",\"contentUrl\":\"https:\/\/cdn-endpoint-hfm.azureedge.net\/heartfailurematters\/2024\/07\/hfm-logo1.jpg\",\"width\":1280,\"height\":720,\"caption\":\"Heart Failure Matters\"},\"image\":{\"@id\":\"https:\/\/www.heartfailurematters.org\/fr\/#\/schema\/logo\/image\/\"},\"sameAs\":[\"https:\/\/www.facebook.com\/heartfailurematters\"]}]}<\/script>\n<!-- \/ Yoast SEO plugin. -->","yoast_head_json":{"title":"Imagerie par r\u00e9sonance magn\u00e9tique (IRM) cardiaque pour d\u00e9celer l'insuffisance cardiaque","description":"Une IRM cardiaque est r\u00e9alis\u00e9e dans la m\u00eame machine que celle utilis\u00e9e pour une IRM normale, mais ne prend que des images du thorax. Un scanner IRM utilise des champs magn\u00e9tiques et des ondes radio pour prendre des images de l'int\u00e9rieur de votre corps.","robots":{"index":"index","follow":"follow","max-snippet":"max-snippet:-1","max-image-preview":"max-image-preview:large","max-video-preview":"max-video-preview:-1"},"canonical":"https:\/\/www.heartfailurematters.org\/fr\/comprendre-linsuffisance-cardiaque\/imagerie-par-resonance-magnetique-irm-cardiaque\/","og_locale":"fr_FR","og_type":"article","og_title":"Imagerie par r\u00e9sonance magn\u00e9tique (IRM) cardiaque pour d\u00e9celer l'insuffisance cardiaque","og_description":"Une IRM cardiaque est r\u00e9alis\u00e9e dans la m\u00eame machine que celle utilis\u00e9e pour une IRM normale, mais ne prend que des images du thorax. Un scanner IRM utilise des champs magn\u00e9tiques et des ondes radio pour prendre des images de l'int\u00e9rieur de votre corps.","og_url":"https:\/\/www.heartfailurematters.org\/fr\/comprendre-linsuffisance-cardiaque\/imagerie-par-resonance-magnetique-irm-cardiaque\/","og_site_name":"Heart Failure Matters","article_publisher":"https:\/\/www.facebook.com\/heartfailurematters","article_modified_time":"2021-07-19T09:33:17+00:00","og_image":[{"width":900,"height":600,"url":"https:\/\/www.heartfailurematters.org\/wp-content\/uploads\/2022\/02\/shutterstock_1927970642-1-min.jpg","type":"image\/jpeg"}],"twitter_card":"summary_large_image","twitter_misc":{"Dur\u00e9e de lecture estim\u00e9e":"1 minute"},"schema":{"@context":"https:\/\/schema.org","@graph":[{"@type":"WebPage","@id":"https:\/\/www.heartfailurematters.org\/fr\/comprendre-linsuffisance-cardiaque\/imagerie-par-resonance-magnetique-irm-cardiaque\/","url":"https:\/\/www.heartfailurematters.org\/fr\/comprendre-linsuffisance-cardiaque\/imagerie-par-resonance-magnetique-irm-cardiaque\/","name":"Imagerie par r\u00e9sonance magn\u00e9tique (IRM) cardiaque pour d\u00e9celer l'insuffisance cardiaque","isPartOf":{"@id":"https:\/\/www.heartfailurematters.org\/fr\/#website"},"primaryImageOfPage":{"@id":"https:\/\/www.heartfailurematters.org\/fr\/comprendre-linsuffisance-cardiaque\/imagerie-par-resonance-magnetique-irm-cardiaque\/#primaryimage"},"image":{"@id":"https:\/\/www.heartfailurematters.org\/fr\/comprendre-linsuffisance-cardiaque\/imagerie-par-resonance-magnetique-irm-cardiaque\/#primaryimage"},"thumbnailUrl":"https:\/\/www.heartfailurematters.org\/wp-content\/uploads\/2022\/02\/shutterstock_1927970642-1-min.jpg","datePublished":"2021-01-27T21:36:26+00:00","dateModified":"2021-07-19T09:33:17+00:00","description":"Une IRM cardiaque est r\u00e9alis\u00e9e dans la m\u00eame machine que celle utilis\u00e9e pour une IRM normale, mais ne prend que des images du thorax. Un scanner IRM utilise des champs magn\u00e9tiques et des ondes radio pour prendre des images de l'int\u00e9rieur de votre corps.","breadcrumb":{"@id":"https:\/\/www.heartfailurematters.org\/fr\/comprendre-linsuffisance-cardiaque\/imagerie-par-resonance-magnetique-irm-cardiaque\/#breadcrumb"},"inLanguage":"fr-FR","potentialAction":[{"@type":"ReadAction","target":["https:\/\/www.heartfailurematters.org\/fr\/comprendre-linsuffisance-cardiaque\/imagerie-par-resonance-magnetique-irm-cardiaque\/"]}]},{"@type":"ImageObject","inLanguage":"fr-FR","@id":"https:\/\/www.heartfailurematters.org\/fr\/comprendre-linsuffisance-cardiaque\/imagerie-par-resonance-magnetique-irm-cardiaque\/#primaryimage","url":"https:\/\/www.heartfailurematters.org\/wp-content\/uploads\/2022\/02\/shutterstock_1927970642-1-min.jpg","contentUrl":"https:\/\/www.heartfailurematters.org\/wp-content\/uploads\/2022\/02\/shutterstock_1927970642-1-min.jpg","width":900,"height":600},{"@type":"BreadcrumbList","@id":"https:\/\/www.heartfailurematters.org\/fr\/comprendre-linsuffisance-cardiaque\/imagerie-par-resonance-magnetique-irm-cardiaque\/#breadcrumb","itemListElement":[{"@type":"ListItem","position":1,"name":"Accueil","item":"https:\/\/www.heartfailurematters.org\/fr\/"},{"@type":"ListItem","position":2,"name":"Comprendre l&#8217;insuffisance cardiaque","item":"https:\/\/www.heartfailurematters.org\/fr\/comprendre-linsuffisance-cardiaque\/"},{"@type":"ListItem","position":3,"name":"Imagerie par r\u00e9sonance magn\u00e9tique (IRM) cardiaque"}]},{"@type":"WebSite","@id":"https:\/\/www.heartfailurematters.org\/fr\/#website","url":"https:\/\/www.heartfailurematters.org\/fr\/","name":"Heart Failure Matters","description":"Practical information for patients, families and caregivers.","publisher":{"@id":"https:\/\/www.heartfailurematters.org\/fr\/#organization"},"potentialAction":[{"@type":"SearchAction","target":{"@type":"EntryPoint","urlTemplate":"https:\/\/www.heartfailurematters.org\/fr\/?s={search_term_string}"},"query-input":{"@type":"PropertyValueSpecification","valueRequired":true,"valueName":"search_term_string"}}],"inLanguage":"fr-FR"},{"@type":"Organization","@id":"https:\/\/www.heartfailurematters.org\/fr\/#organization","name":"Heart Failure Matters","url":"https:\/\/www.heartfailurematters.org\/fr\/","logo":{"@type":"ImageObject","inLanguage":"fr-FR","@id":"https:\/\/www.heartfailurematters.org\/fr\/#\/schema\/logo\/image\/","url":"https:\/\/cdn-endpoint-hfm.azureedge.net\/heartfailurematters\/2024\/07\/hfm-logo1.jpg","contentUrl":"https:\/\/cdn-endpoint-hfm.azureedge.net\/heartfailurematters\/2024\/07\/hfm-logo1.jpg","width":1280,"height":720,"caption":"Heart Failure Matters"},"image":{"@id":"https:\/\/www.heartfailurematters.org\/fr\/#\/schema\/logo\/image\/"},"sameAs":["https:\/\/www.facebook.com\/heartfailurematters"]}]}},"_links":{"self":[{"href":"https:\/\/www.heartfailurematters.org\/fr\/wp-json\/wp\/v2\/pages\/544","targetHints":{"allow":["GET"]}}],"collection":[{"href":"https:\/\/www.heartfailurematters.org\/fr\/wp-json\/wp\/v2\/pages"}],"about":[{"href":"https:\/\/www.heartfailurematters.org\/fr\/wp-json\/wp\/v2\/types\/page"}],"author":[{"embeddable":true,"href":"https:\/\/www.heartfailurematters.org\/fr\/wp-json\/wp\/v2\/users\/1"}],"replies":[{"embeddable":true,"href":"https:\/\/www.heartfailurematters.org\/fr\/wp-json\/wp\/v2\/comments?post=544"}],"version-history":[{"count":1,"href":"https:\/\/www.heartfailurematters.org\/fr\/wp-json\/wp\/v2\/pages\/544\/revisions"}],"predecessor-version":[{"id":9492,"href":"https:\/\/www.heartfailurematters.org\/fr\/wp-json\/wp\/v2\/pages\/544\/revisions\/9492"}],"up":[{"embeddable":true,"href":"https:\/\/www.heartfailurematters.org\/fr\/wp-json\/wp\/v2\/pages\/307"}],"wp:featuredmedia":[{"embeddable":true,"href":"https:\/\/www.heartfailurematters.org\/fr\/wp-json\/wp\/v2\/media\/10676"}],"wp:attachment":[{"href":"https:\/\/www.heartfailurematters.org\/fr\/wp-json\/wp\/v2\/media?parent=544"}],"wp:term":[{"taxonomy":"category","embeddable":true,"href":"https:\/\/www.heartfailurematters.org\/fr\/wp-json\/wp\/v2\/categories?post=544"},{"taxonomy":"post_tag","embeddable":true,"href":"https:\/\/www.heartfailurematters.org\/fr\/wp-json\/wp\/v2\/tags?post=544"}],"curies":[{"name":"wp","href":"https:\/\/api.w.org\/{rel}","templated":true}]}}