{"id":543,"date":"2021-01-27T21:36:26","date_gmt":"2021-01-27T21:36:26","guid":{"rendered":"http:\/\/heartfailurematters.local:8888\/toux-respiration-sifflante\/"},"modified":"2021-07-19T11:17:57","modified_gmt":"2021-07-19T10:17:57","slug":"toux-respiration-sifflante","status":"publish","type":"page","link":"https:\/\/www.heartfailurematters.org\/fr\/comprendre-linsuffisance-cardiaque\/toux-respiration-sifflante\/","title":{"rendered":"Toux \/ respiration sifflante"},"content":{"rendered":"<p><img decoding=\"async\" class=\"size-full wp-image-6466 alignleft\" src=\"https:\/\/cdn-endpoint-hfm.azureedge.net\/heartfailurematters\/2021\/02\/coughing-wheezing.jpg\" alt=\"\" width=\"211\" height=\"206\" \/>En plus de l\u2019essoufflement, certaines personnes atteintes d\u2019insuffisance cardiaque d\u00e9veloppent une toux ou une respiration sifflante. Cela est g\u00e9n\u00e9ralement caus\u00e9 par une <a class=\"addtooltip\" title=\"Quand il y a trop de liquide dans la circulation sanguine, la pression dans les vaisseaux sanguins augmente. Le liquide gagne alors les tissus environnants, o\u00f9 il s\u2019accumule, entra\u00eenant un \u0153d\u00e8me.\"><strong>accumulation de liquide\u00a0<\/strong><\/a>dans les poumons, mais peut \u00e9galement r\u00e9sulter de maladies pulmonaires (telles qu&rsquo;une <a class=\"addtooltip\" title=\"Maladie pulmonaire g\u00e9n\u00e9ralement provoqu\u00e9e par le tabagisme et dans laquelle les bronches sont partiellement obstru\u00e9es, rendant la respiration difficile.\"><strong>broncho-pneumopathie chronique obstructive (BPCO)\u00a0<\/strong><\/a> ou l\u2019<a class=\"addtooltip\" title=\"Maladie respiratoire qui provoque le r\u00e9tr\u00e9cissement des bronches, rendant la respiration particuli\u00e8rement difficile.\"><strong>asthme<\/strong><\/a>).<\/p>\n<p>Si vous avez une toux ou que votre respiration est sifflante vous devriez constater que comme pour l\u2019essoufflement vous \u00eates plus \u00e0 l\u2019aise soutenu par des coussins ou assis bien droit.<\/p>\n<table border=\"1\" width=\"100%\" cellspacing=\"0\" cellpadding=\"0\">\n<tbody>\n<tr>\n<td style=\"width: 35%;\">\n<h2>Animation<\/h2>\n<\/td>\n<td style=\"text-align: left; vertical-align: middle; width: 65%;\"><\/td>\n<\/tr>\n<tr>\n<td style=\"width: 35%;\"><a class=\"lightview\" href=\"https:\/\/www.youtube.com\/embed\/KmyQDArB-Ps?hl=en_UK&amp;autoplay=1;&amp;version=3&amp;rel=0&amp;showinfo=0\" data-lightview-options=\"width: 620, height: 450\" data-lightview-title=\"How heart failure causes fluid accumulation\" data-lightview-caption=\"The animation below shows how heart failure can lead to fluid accumulation in the body, affecting appetite and weight gain and leading to swolling legs and ankles.\"><img decoding=\"async\" class=\"alignnone size-full wp-image-5041\" src=\"https:\/\/cdn-endpoint-hfm.azureedge.net\/heartfailurematters\/2021\/02\/04-animation.jpg\" alt=\"\" width=\"180\" height=\"130\" \/><\/a><\/td>\n<td style=\"text-align: left; vertical-align: middle; width: 65%;\">Animation expliquant de quelle fa\u00e7on l\u2019insuffisance cardiaque provoque une accumulation de liquide<\/td>\n<\/tr>\n<\/tbody>\n<\/table>\n<p><a title=\"Return to Symptoms\" href=\"https:\/\/www.heartfailurematters.org\/fr\/comprendre-linsuffisance-cardiaque\/symptomes-de-linsuffisance-cardiaque\/\">Retourner \u00e0 la rubrique \u00ab\u00a0Sympt\u00f4mes\u00a0\u00bb.<\/a><\/p>\n","protected":false},"excerpt":{"rendered":"<p>En plus de l\u2019essoufflement, certaines personnes atteintes d\u2019insuffisance cardiaque d\u00e9veloppent une toux ou une respiration sifflante. Cela est g\u00e9n\u00e9ralement caus\u00e9 par une accumulation de liquide\u00a0dans les poumons, mais peut \u00e9galement r\u00e9sulter de maladies pulmonaires (telles qu&rsquo;une broncho-pneumopathie chronique obstructive (BPCO)\u00a0 ou l\u2019asthme). Si vous avez une toux ou que votre respiration est sifflante vous devriez [&hellip;]<\/p>\n","protected":false},"author":1,"featured_media":0,"parent":307,"menu_order":0,"comment_status":"open","ping_status":"open","template":"","meta":{"_acf_changed":false,"footnotes":""},"categories":[],"tags":[],"class_list":["post-543","page","type-page","status-publish","hentry"],"acf":[],"yoast_head":"<!-- This site is optimized with the Yoast SEO plugin v24.8.1 - https:\/\/yoast.com\/wordpress\/plugins\/seo\/ -->\n<title>Toux ou respiration sifflante et insuffisance cardiaque<\/title>\n<meta name=\"description\" content=\"Outre des essoufflements, certaines personnes souffrant d&#039;insuffisance cardiaque pr\u00e9sentent une toux ou une respiration sifflante. En savoir plus ici\" \/>\n<meta name=\"robots\" content=\"index, follow, max-snippet:-1, max-image-preview:large, max-video-preview:-1\" \/>\n<link rel=\"canonical\" href=\"https:\/\/www.heartfailurematters.org\/fr\/comprendre-linsuffisance-cardiaque\/toux-respiration-sifflante\/\" \/>\n<meta property=\"og:locale\" content=\"fr_FR\" \/>\n<meta property=\"og:type\" content=\"article\" \/>\n<meta property=\"og:title\" content=\"Toux ou respiration sifflante et insuffisance cardiaque\" \/>\n<meta property=\"og:description\" content=\"Outre des essoufflements, certaines personnes souffrant d&#039;insuffisance cardiaque pr\u00e9sentent une toux ou une respiration sifflante. En savoir plus ici\" \/>\n<meta property=\"og:url\" content=\"https:\/\/www.heartfailurematters.org\/fr\/comprendre-linsuffisance-cardiaque\/toux-respiration-sifflante\/\" \/>\n<meta property=\"og:site_name\" content=\"Heart Failure Matters\" \/>\n<meta property=\"article:publisher\" content=\"https:\/\/www.facebook.com\/heartfailurematters\" \/>\n<meta property=\"article:modified_time\" content=\"2021-07-19T10:17:57+00:00\" \/>\n<meta property=\"og:image\" content=\"https:\/\/cdn-endpoint-hfm.azureedge.net\/heartfailurematters\/2021\/02\/coughing-wheezing.jpg\" \/>\n<meta name=\"twitter:card\" content=\"summary_large_image\" \/>\n<meta name=\"twitter:label1\" content=\"Dur\u00e9e de lecture estim\u00e9e\" \/>\n\t<meta name=\"twitter:data1\" content=\"1 minute\" \/>\n<script type=\"application\/ld+json\" class=\"yoast-schema-graph\">{\"@context\":\"https:\/\/schema.org\",\"@graph\":[{\"@type\":\"WebPage\",\"@id\":\"https:\/\/www.heartfailurematters.org\/fr\/comprendre-linsuffisance-cardiaque\/toux-respiration-sifflante\/\",\"url\":\"https:\/\/www.heartfailurematters.org\/fr\/comprendre-linsuffisance-cardiaque\/toux-respiration-sifflante\/\",\"name\":\"Toux ou respiration sifflante et insuffisance cardiaque\",\"isPartOf\":{\"@id\":\"https:\/\/www.heartfailurematters.org\/fr\/#website\"},\"primaryImageOfPage\":{\"@id\":\"https:\/\/www.heartfailurematters.org\/fr\/comprendre-linsuffisance-cardiaque\/toux-respiration-sifflante\/#primaryimage\"},\"image\":{\"@id\":\"https:\/\/www.heartfailurematters.org\/fr\/comprendre-linsuffisance-cardiaque\/toux-respiration-sifflante\/#primaryimage\"},\"thumbnailUrl\":\"https:\/\/cdn-endpoint-hfm.azureedge.net\/heartfailurematters\/2021\/02\/coughing-wheezing.jpg\",\"datePublished\":\"2021-01-27T21:36:26+00:00\",\"dateModified\":\"2021-07-19T10:17:57+00:00\",\"description\":\"Outre des essoufflements, certaines personnes souffrant d'insuffisance cardiaque pr\u00e9sentent une toux ou une respiration sifflante. En savoir plus ici\",\"breadcrumb\":{\"@id\":\"https:\/\/www.heartfailurematters.org\/fr\/comprendre-linsuffisance-cardiaque\/toux-respiration-sifflante\/#breadcrumb\"},\"inLanguage\":\"fr-FR\",\"potentialAction\":[{\"@type\":\"ReadAction\",\"target\":[\"https:\/\/www.heartfailurematters.org\/fr\/comprendre-linsuffisance-cardiaque\/toux-respiration-sifflante\/\"]}]},{\"@type\":\"ImageObject\",\"inLanguage\":\"fr-FR\",\"@id\":\"https:\/\/www.heartfailurematters.org\/fr\/comprendre-linsuffisance-cardiaque\/toux-respiration-sifflante\/#primaryimage\",\"url\":\"https:\/\/cdn-endpoint-hfm.azureedge.net\/heartfailurematters\/2021\/02\/coughing-wheezing.jpg\",\"contentUrl\":\"https:\/\/cdn-endpoint-hfm.azureedge.net\/heartfailurematters\/2021\/02\/coughing-wheezing.jpg\"},{\"@type\":\"BreadcrumbList\",\"@id\":\"https:\/\/www.heartfailurematters.org\/fr\/comprendre-linsuffisance-cardiaque\/toux-respiration-sifflante\/#breadcrumb\",\"itemListElement\":[{\"@type\":\"ListItem\",\"position\":1,\"name\":\"Accueil\",\"item\":\"https:\/\/www.heartfailurematters.org\/fr\/\"},{\"@type\":\"ListItem\",\"position\":2,\"name\":\"Comprendre l&#8217;insuffisance cardiaque\",\"item\":\"https:\/\/www.heartfailurematters.org\/fr\/comprendre-linsuffisance-cardiaque\/\"},{\"@type\":\"ListItem\",\"position\":3,\"name\":\"Toux \/ respiration sifflante\"}]},{\"@type\":\"WebSite\",\"@id\":\"https:\/\/www.heartfailurematters.org\/fr\/#website\",\"url\":\"https:\/\/www.heartfailurematters.org\/fr\/\",\"name\":\"Heart Failure Matters\",\"description\":\"Practical information for patients, families and caregivers.\",\"publisher\":{\"@id\":\"https:\/\/www.heartfailurematters.org\/fr\/#organization\"},\"potentialAction\":[{\"@type\":\"SearchAction\",\"target\":{\"@type\":\"EntryPoint\",\"urlTemplate\":\"https:\/\/www.heartfailurematters.org\/fr\/?s={search_term_string}\"},\"query-input\":{\"@type\":\"PropertyValueSpecification\",\"valueRequired\":true,\"valueName\":\"search_term_string\"}}],\"inLanguage\":\"fr-FR\"},{\"@type\":\"Organization\",\"@id\":\"https:\/\/www.heartfailurematters.org\/fr\/#organization\",\"name\":\"Heart Failure Matters\",\"url\":\"https:\/\/www.heartfailurematters.org\/fr\/\",\"logo\":{\"@type\":\"ImageObject\",\"inLanguage\":\"fr-FR\",\"@id\":\"https:\/\/www.heartfailurematters.org\/fr\/#\/schema\/logo\/image\/\",\"url\":\"https:\/\/cdn-endpoint-hfm.azureedge.net\/heartfailurematters\/2024\/07\/hfm-logo1.jpg\",\"contentUrl\":\"https:\/\/cdn-endpoint-hfm.azureedge.net\/heartfailurematters\/2024\/07\/hfm-logo1.jpg\",\"width\":1280,\"height\":720,\"caption\":\"Heart Failure Matters\"},\"image\":{\"@id\":\"https:\/\/www.heartfailurematters.org\/fr\/#\/schema\/logo\/image\/\"},\"sameAs\":[\"https:\/\/www.facebook.com\/heartfailurematters\"]}]}<\/script>\n<!-- \/ Yoast SEO plugin. -->","yoast_head_json":{"title":"Toux ou respiration sifflante et insuffisance cardiaque","description":"Outre des essoufflements, certaines personnes souffrant d'insuffisance cardiaque pr\u00e9sentent une toux ou une respiration sifflante. En savoir plus ici","robots":{"index":"index","follow":"follow","max-snippet":"max-snippet:-1","max-image-preview":"max-image-preview:large","max-video-preview":"max-video-preview:-1"},"canonical":"https:\/\/www.heartfailurematters.org\/fr\/comprendre-linsuffisance-cardiaque\/toux-respiration-sifflante\/","og_locale":"fr_FR","og_type":"article","og_title":"Toux ou respiration sifflante et insuffisance cardiaque","og_description":"Outre des essoufflements, certaines personnes souffrant d'insuffisance cardiaque pr\u00e9sentent une toux ou une respiration sifflante. En savoir plus ici","og_url":"https:\/\/www.heartfailurematters.org\/fr\/comprendre-linsuffisance-cardiaque\/toux-respiration-sifflante\/","og_site_name":"Heart Failure Matters","article_publisher":"https:\/\/www.facebook.com\/heartfailurematters","article_modified_time":"2021-07-19T10:17:57+00:00","og_image":[{"url":"https:\/\/cdn-endpoint-hfm.azureedge.net\/heartfailurematters\/2021\/02\/coughing-wheezing.jpg","type":"","width":"","height":""}],"twitter_card":"summary_large_image","twitter_misc":{"Dur\u00e9e de lecture estim\u00e9e":"1 minute"},"schema":{"@context":"https:\/\/schema.org","@graph":[{"@type":"WebPage","@id":"https:\/\/www.heartfailurematters.org\/fr\/comprendre-linsuffisance-cardiaque\/toux-respiration-sifflante\/","url":"https:\/\/www.heartfailurematters.org\/fr\/comprendre-linsuffisance-cardiaque\/toux-respiration-sifflante\/","name":"Toux ou respiration sifflante et insuffisance cardiaque","isPartOf":{"@id":"https:\/\/www.heartfailurematters.org\/fr\/#website"},"primaryImageOfPage":{"@id":"https:\/\/www.heartfailurematters.org\/fr\/comprendre-linsuffisance-cardiaque\/toux-respiration-sifflante\/#primaryimage"},"image":{"@id":"https:\/\/www.heartfailurematters.org\/fr\/comprendre-linsuffisance-cardiaque\/toux-respiration-sifflante\/#primaryimage"},"thumbnailUrl":"https:\/\/cdn-endpoint-hfm.azureedge.net\/heartfailurematters\/2021\/02\/coughing-wheezing.jpg","datePublished":"2021-01-27T21:36:26+00:00","dateModified":"2021-07-19T10:17:57+00:00","description":"Outre des essoufflements, certaines personnes souffrant d'insuffisance cardiaque pr\u00e9sentent une toux ou une respiration sifflante. En savoir plus ici","breadcrumb":{"@id":"https:\/\/www.heartfailurematters.org\/fr\/comprendre-linsuffisance-cardiaque\/toux-respiration-sifflante\/#breadcrumb"},"inLanguage":"fr-FR","potentialAction":[{"@type":"ReadAction","target":["https:\/\/www.heartfailurematters.org\/fr\/comprendre-linsuffisance-cardiaque\/toux-respiration-sifflante\/"]}]},{"@type":"ImageObject","inLanguage":"fr-FR","@id":"https:\/\/www.heartfailurematters.org\/fr\/comprendre-linsuffisance-cardiaque\/toux-respiration-sifflante\/#primaryimage","url":"https:\/\/cdn-endpoint-hfm.azureedge.net\/heartfailurematters\/2021\/02\/coughing-wheezing.jpg","contentUrl":"https:\/\/cdn-endpoint-hfm.azureedge.net\/heartfailurematters\/2021\/02\/coughing-wheezing.jpg"},{"@type":"BreadcrumbList","@id":"https:\/\/www.heartfailurematters.org\/fr\/comprendre-linsuffisance-cardiaque\/toux-respiration-sifflante\/#breadcrumb","itemListElement":[{"@type":"ListItem","position":1,"name":"Accueil","item":"https:\/\/www.heartfailurematters.org\/fr\/"},{"@type":"ListItem","position":2,"name":"Comprendre l&#8217;insuffisance cardiaque","item":"https:\/\/www.heartfailurematters.org\/fr\/comprendre-linsuffisance-cardiaque\/"},{"@type":"ListItem","position":3,"name":"Toux \/ respiration sifflante"}]},{"@type":"WebSite","@id":"https:\/\/www.heartfailurematters.org\/fr\/#website","url":"https:\/\/www.heartfailurematters.org\/fr\/","name":"Heart Failure Matters","description":"Practical information for patients, families and caregivers.","publisher":{"@id":"https:\/\/www.heartfailurematters.org\/fr\/#organization"},"potentialAction":[{"@type":"SearchAction","target":{"@type":"EntryPoint","urlTemplate":"https:\/\/www.heartfailurematters.org\/fr\/?s={search_term_string}"},"query-input":{"@type":"PropertyValueSpecification","valueRequired":true,"valueName":"search_term_string"}}],"inLanguage":"fr-FR"},{"@type":"Organization","@id":"https:\/\/www.heartfailurematters.org\/fr\/#organization","name":"Heart Failure Matters","url":"https:\/\/www.heartfailurematters.org\/fr\/","logo":{"@type":"ImageObject","inLanguage":"fr-FR","@id":"https:\/\/www.heartfailurematters.org\/fr\/#\/schema\/logo\/image\/","url":"https:\/\/cdn-endpoint-hfm.azureedge.net\/heartfailurematters\/2024\/07\/hfm-logo1.jpg","contentUrl":"https:\/\/cdn-endpoint-hfm.azureedge.net\/heartfailurematters\/2024\/07\/hfm-logo1.jpg","width":1280,"height":720,"caption":"Heart Failure Matters"},"image":{"@id":"https:\/\/www.heartfailurematters.org\/fr\/#\/schema\/logo\/image\/"},"sameAs":["https:\/\/www.facebook.com\/heartfailurematters"]}]}},"_links":{"self":[{"href":"https:\/\/www.heartfailurematters.org\/fr\/wp-json\/wp\/v2\/pages\/543","targetHints":{"allow":["GET"]}}],"collection":[{"href":"https:\/\/www.heartfailurematters.org\/fr\/wp-json\/wp\/v2\/pages"}],"about":[{"href":"https:\/\/www.heartfailurematters.org\/fr\/wp-json\/wp\/v2\/types\/page"}],"author":[{"embeddable":true,"href":"https:\/\/www.heartfailurematters.org\/fr\/wp-json\/wp\/v2\/users\/1"}],"replies":[{"embeddable":true,"href":"https:\/\/www.heartfailurematters.org\/fr\/wp-json\/wp\/v2\/comments?post=543"}],"version-history":[{"count":4,"href":"https:\/\/www.heartfailurematters.org\/fr\/wp-json\/wp\/v2\/pages\/543\/revisions"}],"predecessor-version":[{"id":9530,"href":"https:\/\/www.heartfailurematters.org\/fr\/wp-json\/wp\/v2\/pages\/543\/revisions\/9530"}],"up":[{"embeddable":true,"href":"https:\/\/www.heartfailurematters.org\/fr\/wp-json\/wp\/v2\/pages\/307"}],"wp:attachment":[{"href":"https:\/\/www.heartfailurematters.org\/fr\/wp-json\/wp\/v2\/media?parent=543"}],"wp:term":[{"taxonomy":"category","embeddable":true,"href":"https:\/\/www.heartfailurematters.org\/fr\/wp-json\/wp\/v2\/categories?post=543"},{"taxonomy":"post_tag","embeddable":true,"href":"https:\/\/www.heartfailurematters.org\/fr\/wp-json\/wp\/v2\/tags?post=543"}],"curies":[{"name":"wp","href":"https:\/\/api.w.org\/{rel}","templated":true}]}}