{"id":540,"date":"2021-01-27T21:36:26","date_gmt":"2021-01-27T21:36:26","guid":{"rendered":"http:\/\/heartfailurematters.local:8888\/expliquer-a-votre-famille-soignant-comment-vous-vous-sentez\/"},"modified":"2021-01-27T21:36:26","modified_gmt":"2021-01-27T21:36:26","slug":"expliquer-a-votre-famille-soignant-comment-vous-vous-sentez","status":"publish","type":"page","link":"https:\/\/www.heartfailurematters.org\/fr\/vivre-avec-une-insuffisance-cardiaque\/expliquer-a-votre-famille-soignant-comment-vous-vous-sentez\/","title":{"rendered":"Expliquer \u00e0 votre famille\/soignant comment vous vous sentez"},"content":{"rendered":"<p>De nombreuses personnes pensent que les probl\u00e8mes \u00e9motionnels sont stigmatis\u00e9s. Ne vous inqui\u00e9tez pas, les sentiments de d\u00e9pression, d\u2019anxi\u00e9t\u00e9 et de peur sont tr\u00e8s fr\u00e9quents lors d\u2019un diagnostic d\u2019affection m\u00e9dicale grave, telle que l\u2019insuffisance cardiaque. Si vous avez du mal \u00e0 faire face \u00e0 vos sentiments au sujet de votre insuffisance cardiaque, il est important de demander de l&rsquo;aide et un soutien.&nbsp;<\/p>\n<p>L\u2019une des choses les plus efficaces que vous puissiez faire pour combattre ces \u00e9motions n\u00e9gatives est de parler de ces sentiments avec quelqu&rsquo;un proche de vous. Parfois, le simple fait d\u2019exprimer un souci ou une peur \u00e0 haute voix peut le rendre plus facile \u00e0 g\u00e9rer et moins envahissant.<\/p>\n<p>Parler de ce que vous ressentez \u00e0 votre conjoint, \u00e0 un membre de la famille proche ou \u00e0 un ami digne de confiance peut \u00eatre d\u2019une grande aide. Les personnes qui re\u00e7oivent davantage de soutien \u00e9motionnel de la part de leur famille et de leurs amis ont tendance \u00e0 \u00eatre moins d\u00e9prim\u00e9es et moins anxieuses. Malheureusement, quand quelqu&rsquo;un ressent ces \u00e9motions n\u00e9gatives, il a tendance \u00e0 s&rsquo;isoler, ce qui ne fait qu\u2019aggraver les probl\u00e8mes \u00e9motionnels. Sensibiliser la famille \u00e0 travers des discussions ou en passant plus de temps \u00e0 faire des activit\u00e9s que vous aimez ensemble, ou simplement en ayant un repas de famille, peut faire une r\u00e9elle diff\u00e9rence sur vos sentiments, aussi bien les v\u00f4tres que les leurs.<\/p>\n<p>L&rsquo;humour est souvent un rem\u00e8de souverain. N&rsquo;ayez pas peur de faire des plaisanteries ou de voir le c\u00f4t\u00e9 plus l\u00e9ger de votre situation.<\/p>\n<p><a href=\"https:\/\/www.heartfailurematters.org\/fr\/vivre-avec-une-insuffisance-cardiaque\/vos-emotions\/\" title=\"Return to Your emotions\">Retourner \u00e0 la rubrique \u00ab&nbsp;Vos \u00e9motions&nbsp;\u00bb<\/a><\/p>\n","protected":false},"excerpt":{"rendered":"<p>De nombreuses personnes pensent que les probl\u00e8mes \u00e9motionnels sont stigmatis\u00e9s. Ne vous inqui\u00e9tez pas, les sentiments de d\u00e9pression, d\u2019anxi\u00e9t\u00e9 et de peur sont tr\u00e8s fr\u00e9quents lors d\u2019un diagnostic d\u2019affection m\u00e9dicale grave, telle que l\u2019insuffisance cardiaque. Si vous avez du mal \u00e0 faire face \u00e0 vos sentiments au sujet de votre insuffisance cardiaque, il est important [&hellip;]<\/p>\n","protected":false},"author":1,"featured_media":11143,"parent":2812,"menu_order":0,"comment_status":"open","ping_status":"open","template":"","meta":{"_acf_changed":false,"footnotes":""},"categories":[],"tags":[],"class_list":["post-540","page","type-page","status-publish","has-post-thumbnail","hentry"],"acf":[],"yoast_head":"<!-- This site is optimized with the Yoast SEO plugin v24.8.1 - https:\/\/yoast.com\/wordpress\/plugins\/seo\/ -->\n<title>Expliquer \u00e0 votre famille\/soignant comment vous vous sentez - Heart Failure Matters<\/title>\n<meta name=\"description\" content=\"Beaucoup de personnes estiment qu&#039;elles peuvent stigmatis\u00e9es en raison de leurs probl\u00e8mes \u00e9motionnels. Ne vous inqui\u00e9tez pas. Les sentiments de d\u00e9pression, d&#039;anxi\u00e9t\u00e9 et de peur sont tr\u00e8s fr\u00e9quents chez les personnes diagnostiqu\u00e9es d&#039;une maladie grave comme l&#039;insuffisance cardiaque.\" \/>\n<meta name=\"robots\" content=\"index, follow, max-snippet:-1, max-image-preview:large, max-video-preview:-1\" \/>\n<link rel=\"canonical\" href=\"https:\/\/www.heartfailurematters.org\/fr\/vivre-avec-une-insuffisance-cardiaque\/expliquer-a-votre-famille-soignant-comment-vous-vous-sentez\/\" \/>\n<meta property=\"og:locale\" content=\"fr_FR\" \/>\n<meta property=\"og:type\" content=\"article\" \/>\n<meta property=\"og:title\" content=\"Expliquer \u00e0 votre famille\/soignant comment vous vous sentez - Heart Failure Matters\" \/>\n<meta property=\"og:description\" content=\"Beaucoup de personnes estiment qu&#039;elles peuvent stigmatis\u00e9es en raison de leurs probl\u00e8mes \u00e9motionnels. Ne vous inqui\u00e9tez pas. Les sentiments de d\u00e9pression, d&#039;anxi\u00e9t\u00e9 et de peur sont tr\u00e8s fr\u00e9quents chez les personnes diagnostiqu\u00e9es d&#039;une maladie grave comme l&#039;insuffisance cardiaque.\" \/>\n<meta property=\"og:url\" content=\"https:\/\/www.heartfailurematters.org\/fr\/vivre-avec-une-insuffisance-cardiaque\/expliquer-a-votre-famille-soignant-comment-vous-vous-sentez\/\" \/>\n<meta property=\"og:site_name\" content=\"Heart Failure Matters\" \/>\n<meta property=\"article:publisher\" content=\"https:\/\/www.facebook.com\/heartfailurematters\" \/>\n<meta property=\"og:image\" content=\"https:\/\/www.heartfailurematters.org\/wp-content\/uploads\/2022\/03\/shutterstock_326634329-1-min.jpg\" \/>\n\t<meta property=\"og:image:width\" content=\"900\" \/>\n\t<meta property=\"og:image:height\" content=\"600\" \/>\n\t<meta property=\"og:image:type\" content=\"image\/jpeg\" \/>\n<meta name=\"twitter:card\" content=\"summary_large_image\" \/>\n<meta name=\"twitter:label1\" content=\"Dur\u00e9e de lecture estim\u00e9e\" \/>\n\t<meta name=\"twitter:data1\" content=\"1 minute\" \/>\n<script type=\"application\/ld+json\" class=\"yoast-schema-graph\">{\"@context\":\"https:\/\/schema.org\",\"@graph\":[{\"@type\":\"WebPage\",\"@id\":\"https:\/\/www.heartfailurematters.org\/fr\/vivre-avec-une-insuffisance-cardiaque\/expliquer-a-votre-famille-soignant-comment-vous-vous-sentez\/\",\"url\":\"https:\/\/www.heartfailurematters.org\/fr\/vivre-avec-une-insuffisance-cardiaque\/expliquer-a-votre-famille-soignant-comment-vous-vous-sentez\/\",\"name\":\"Expliquer \u00e0 votre famille\/soignant comment vous vous sentez - Heart Failure Matters\",\"isPartOf\":{\"@id\":\"https:\/\/www.heartfailurematters.org\/fr\/#website\"},\"primaryImageOfPage\":{\"@id\":\"https:\/\/www.heartfailurematters.org\/fr\/vivre-avec-une-insuffisance-cardiaque\/expliquer-a-votre-famille-soignant-comment-vous-vous-sentez\/#primaryimage\"},\"image\":{\"@id\":\"https:\/\/www.heartfailurematters.org\/fr\/vivre-avec-une-insuffisance-cardiaque\/expliquer-a-votre-famille-soignant-comment-vous-vous-sentez\/#primaryimage\"},\"thumbnailUrl\":\"https:\/\/www.heartfailurematters.org\/wp-content\/uploads\/2022\/03\/shutterstock_326634329-1-min.jpg\",\"datePublished\":\"2021-01-27T21:36:26+00:00\",\"description\":\"Beaucoup de personnes estiment qu'elles peuvent stigmatis\u00e9es en raison de leurs probl\u00e8mes \u00e9motionnels. Ne vous inqui\u00e9tez pas. Les sentiments de d\u00e9pression, d'anxi\u00e9t\u00e9 et de peur sont tr\u00e8s fr\u00e9quents chez les personnes diagnostiqu\u00e9es d'une maladie grave comme l'insuffisance cardiaque.\",\"breadcrumb\":{\"@id\":\"https:\/\/www.heartfailurematters.org\/fr\/vivre-avec-une-insuffisance-cardiaque\/expliquer-a-votre-famille-soignant-comment-vous-vous-sentez\/#breadcrumb\"},\"inLanguage\":\"fr-FR\",\"potentialAction\":[{\"@type\":\"ReadAction\",\"target\":[\"https:\/\/www.heartfailurematters.org\/fr\/vivre-avec-une-insuffisance-cardiaque\/expliquer-a-votre-famille-soignant-comment-vous-vous-sentez\/\"]}]},{\"@type\":\"ImageObject\",\"inLanguage\":\"fr-FR\",\"@id\":\"https:\/\/www.heartfailurematters.org\/fr\/vivre-avec-une-insuffisance-cardiaque\/expliquer-a-votre-famille-soignant-comment-vous-vous-sentez\/#primaryimage\",\"url\":\"https:\/\/www.heartfailurematters.org\/wp-content\/uploads\/2022\/03\/shutterstock_326634329-1-min.jpg\",\"contentUrl\":\"https:\/\/www.heartfailurematters.org\/wp-content\/uploads\/2022\/03\/shutterstock_326634329-1-min.jpg\",\"width\":900,\"height\":600},{\"@type\":\"BreadcrumbList\",\"@id\":\"https:\/\/www.heartfailurematters.org\/fr\/vivre-avec-une-insuffisance-cardiaque\/expliquer-a-votre-famille-soignant-comment-vous-vous-sentez\/#breadcrumb\",\"itemListElement\":[{\"@type\":\"ListItem\",\"position\":1,\"name\":\"Accueil\",\"item\":\"https:\/\/www.heartfailurematters.org\/fr\/\"},{\"@type\":\"ListItem\",\"position\":2,\"name\":\"Vivre avec l&#8217;insuffisance cardiaque\",\"item\":\"https:\/\/www.heartfailurematters.org\/fr\/vivre-avec-une-insuffisance-cardiaque\/\"},{\"@type\":\"ListItem\",\"position\":3,\"name\":\"Expliquer \u00e0 votre famille\/soignant comment vous vous sentez\"}]},{\"@type\":\"WebSite\",\"@id\":\"https:\/\/www.heartfailurematters.org\/fr\/#website\",\"url\":\"https:\/\/www.heartfailurematters.org\/fr\/\",\"name\":\"Heart Failure Matters\",\"description\":\"Practical information for patients, families and caregivers.\",\"publisher\":{\"@id\":\"https:\/\/www.heartfailurematters.org\/fr\/#organization\"},\"potentialAction\":[{\"@type\":\"SearchAction\",\"target\":{\"@type\":\"EntryPoint\",\"urlTemplate\":\"https:\/\/www.heartfailurematters.org\/fr\/?s={search_term_string}\"},\"query-input\":{\"@type\":\"PropertyValueSpecification\",\"valueRequired\":true,\"valueName\":\"search_term_string\"}}],\"inLanguage\":\"fr-FR\"},{\"@type\":\"Organization\",\"@id\":\"https:\/\/www.heartfailurematters.org\/fr\/#organization\",\"name\":\"Heart Failure Matters\",\"url\":\"https:\/\/www.heartfailurematters.org\/fr\/\",\"logo\":{\"@type\":\"ImageObject\",\"inLanguage\":\"fr-FR\",\"@id\":\"https:\/\/www.heartfailurematters.org\/fr\/#\/schema\/logo\/image\/\",\"url\":\"https:\/\/cdn-endpoint-hfm.azureedge.net\/heartfailurematters\/2024\/07\/hfm-logo1.jpg\",\"contentUrl\":\"https:\/\/cdn-endpoint-hfm.azureedge.net\/heartfailurematters\/2024\/07\/hfm-logo1.jpg\",\"width\":1280,\"height\":720,\"caption\":\"Heart Failure Matters\"},\"image\":{\"@id\":\"https:\/\/www.heartfailurematters.org\/fr\/#\/schema\/logo\/image\/\"},\"sameAs\":[\"https:\/\/www.facebook.com\/heartfailurematters\"]}]}<\/script>\n<!-- \/ Yoast SEO plugin. -->","yoast_head_json":{"title":"Expliquer \u00e0 votre famille\/soignant comment vous vous sentez - Heart Failure Matters","description":"Beaucoup de personnes estiment qu'elles peuvent stigmatis\u00e9es en raison de leurs probl\u00e8mes \u00e9motionnels. Ne vous inqui\u00e9tez pas. Les sentiments de d\u00e9pression, d'anxi\u00e9t\u00e9 et de peur sont tr\u00e8s fr\u00e9quents chez les personnes diagnostiqu\u00e9es d'une maladie grave comme l'insuffisance cardiaque.","robots":{"index":"index","follow":"follow","max-snippet":"max-snippet:-1","max-image-preview":"max-image-preview:large","max-video-preview":"max-video-preview:-1"},"canonical":"https:\/\/www.heartfailurematters.org\/fr\/vivre-avec-une-insuffisance-cardiaque\/expliquer-a-votre-famille-soignant-comment-vous-vous-sentez\/","og_locale":"fr_FR","og_type":"article","og_title":"Expliquer \u00e0 votre famille\/soignant comment vous vous sentez - Heart Failure Matters","og_description":"Beaucoup de personnes estiment qu'elles peuvent stigmatis\u00e9es en raison de leurs probl\u00e8mes \u00e9motionnels. Ne vous inqui\u00e9tez pas. Les sentiments de d\u00e9pression, d'anxi\u00e9t\u00e9 et de peur sont tr\u00e8s fr\u00e9quents chez les personnes diagnostiqu\u00e9es d'une maladie grave comme l'insuffisance cardiaque.","og_url":"https:\/\/www.heartfailurematters.org\/fr\/vivre-avec-une-insuffisance-cardiaque\/expliquer-a-votre-famille-soignant-comment-vous-vous-sentez\/","og_site_name":"Heart Failure Matters","article_publisher":"https:\/\/www.facebook.com\/heartfailurematters","og_image":[{"width":900,"height":600,"url":"https:\/\/www.heartfailurematters.org\/wp-content\/uploads\/2022\/03\/shutterstock_326634329-1-min.jpg","type":"image\/jpeg"}],"twitter_card":"summary_large_image","twitter_misc":{"Dur\u00e9e de lecture estim\u00e9e":"1 minute"},"schema":{"@context":"https:\/\/schema.org","@graph":[{"@type":"WebPage","@id":"https:\/\/www.heartfailurematters.org\/fr\/vivre-avec-une-insuffisance-cardiaque\/expliquer-a-votre-famille-soignant-comment-vous-vous-sentez\/","url":"https:\/\/www.heartfailurematters.org\/fr\/vivre-avec-une-insuffisance-cardiaque\/expliquer-a-votre-famille-soignant-comment-vous-vous-sentez\/","name":"Expliquer \u00e0 votre famille\/soignant comment vous vous sentez - Heart Failure Matters","isPartOf":{"@id":"https:\/\/www.heartfailurematters.org\/fr\/#website"},"primaryImageOfPage":{"@id":"https:\/\/www.heartfailurematters.org\/fr\/vivre-avec-une-insuffisance-cardiaque\/expliquer-a-votre-famille-soignant-comment-vous-vous-sentez\/#primaryimage"},"image":{"@id":"https:\/\/www.heartfailurematters.org\/fr\/vivre-avec-une-insuffisance-cardiaque\/expliquer-a-votre-famille-soignant-comment-vous-vous-sentez\/#primaryimage"},"thumbnailUrl":"https:\/\/www.heartfailurematters.org\/wp-content\/uploads\/2022\/03\/shutterstock_326634329-1-min.jpg","datePublished":"2021-01-27T21:36:26+00:00","description":"Beaucoup de personnes estiment qu'elles peuvent stigmatis\u00e9es en raison de leurs probl\u00e8mes \u00e9motionnels. Ne vous inqui\u00e9tez pas. Les sentiments de d\u00e9pression, d'anxi\u00e9t\u00e9 et de peur sont tr\u00e8s fr\u00e9quents chez les personnes diagnostiqu\u00e9es d'une maladie grave comme l'insuffisance cardiaque.","breadcrumb":{"@id":"https:\/\/www.heartfailurematters.org\/fr\/vivre-avec-une-insuffisance-cardiaque\/expliquer-a-votre-famille-soignant-comment-vous-vous-sentez\/#breadcrumb"},"inLanguage":"fr-FR","potentialAction":[{"@type":"ReadAction","target":["https:\/\/www.heartfailurematters.org\/fr\/vivre-avec-une-insuffisance-cardiaque\/expliquer-a-votre-famille-soignant-comment-vous-vous-sentez\/"]}]},{"@type":"ImageObject","inLanguage":"fr-FR","@id":"https:\/\/www.heartfailurematters.org\/fr\/vivre-avec-une-insuffisance-cardiaque\/expliquer-a-votre-famille-soignant-comment-vous-vous-sentez\/#primaryimage","url":"https:\/\/www.heartfailurematters.org\/wp-content\/uploads\/2022\/03\/shutterstock_326634329-1-min.jpg","contentUrl":"https:\/\/www.heartfailurematters.org\/wp-content\/uploads\/2022\/03\/shutterstock_326634329-1-min.jpg","width":900,"height":600},{"@type":"BreadcrumbList","@id":"https:\/\/www.heartfailurematters.org\/fr\/vivre-avec-une-insuffisance-cardiaque\/expliquer-a-votre-famille-soignant-comment-vous-vous-sentez\/#breadcrumb","itemListElement":[{"@type":"ListItem","position":1,"name":"Accueil","item":"https:\/\/www.heartfailurematters.org\/fr\/"},{"@type":"ListItem","position":2,"name":"Vivre avec l&#8217;insuffisance cardiaque","item":"https:\/\/www.heartfailurematters.org\/fr\/vivre-avec-une-insuffisance-cardiaque\/"},{"@type":"ListItem","position":3,"name":"Expliquer \u00e0 votre famille\/soignant comment vous vous sentez"}]},{"@type":"WebSite","@id":"https:\/\/www.heartfailurematters.org\/fr\/#website","url":"https:\/\/www.heartfailurematters.org\/fr\/","name":"Heart Failure Matters","description":"Practical information for patients, families and caregivers.","publisher":{"@id":"https:\/\/www.heartfailurematters.org\/fr\/#organization"},"potentialAction":[{"@type":"SearchAction","target":{"@type":"EntryPoint","urlTemplate":"https:\/\/www.heartfailurematters.org\/fr\/?s={search_term_string}"},"query-input":{"@type":"PropertyValueSpecification","valueRequired":true,"valueName":"search_term_string"}}],"inLanguage":"fr-FR"},{"@type":"Organization","@id":"https:\/\/www.heartfailurematters.org\/fr\/#organization","name":"Heart Failure Matters","url":"https:\/\/www.heartfailurematters.org\/fr\/","logo":{"@type":"ImageObject","inLanguage":"fr-FR","@id":"https:\/\/www.heartfailurematters.org\/fr\/#\/schema\/logo\/image\/","url":"https:\/\/cdn-endpoint-hfm.azureedge.net\/heartfailurematters\/2024\/07\/hfm-logo1.jpg","contentUrl":"https:\/\/cdn-endpoint-hfm.azureedge.net\/heartfailurematters\/2024\/07\/hfm-logo1.jpg","width":1280,"height":720,"caption":"Heart Failure Matters"},"image":{"@id":"https:\/\/www.heartfailurematters.org\/fr\/#\/schema\/logo\/image\/"},"sameAs":["https:\/\/www.facebook.com\/heartfailurematters"]}]}},"_links":{"self":[{"href":"https:\/\/www.heartfailurematters.org\/fr\/wp-json\/wp\/v2\/pages\/540","targetHints":{"allow":["GET"]}}],"collection":[{"href":"https:\/\/www.heartfailurematters.org\/fr\/wp-json\/wp\/v2\/pages"}],"about":[{"href":"https:\/\/www.heartfailurematters.org\/fr\/wp-json\/wp\/v2\/types\/page"}],"author":[{"embeddable":true,"href":"https:\/\/www.heartfailurematters.org\/fr\/wp-json\/wp\/v2\/users\/1"}],"replies":[{"embeddable":true,"href":"https:\/\/www.heartfailurematters.org\/fr\/wp-json\/wp\/v2\/comments?post=540"}],"version-history":[{"count":0,"href":"https:\/\/www.heartfailurematters.org\/fr\/wp-json\/wp\/v2\/pages\/540\/revisions"}],"up":[{"embeddable":true,"href":"https:\/\/www.heartfailurematters.org\/fr\/wp-json\/wp\/v2\/pages\/2812"}],"wp:featuredmedia":[{"embeddable":true,"href":"https:\/\/www.heartfailurematters.org\/fr\/wp-json\/wp\/v2\/media\/11143"}],"wp:attachment":[{"href":"https:\/\/www.heartfailurematters.org\/fr\/wp-json\/wp\/v2\/media?parent=540"}],"wp:term":[{"taxonomy":"category","embeddable":true,"href":"https:\/\/www.heartfailurematters.org\/fr\/wp-json\/wp\/v2\/categories?post=540"},{"taxonomy":"post_tag","embeddable":true,"href":"https:\/\/www.heartfailurematters.org\/fr\/wp-json\/wp\/v2\/tags?post=540"}],"curies":[{"name":"wp","href":"https:\/\/api.w.org\/{rel}","templated":true}]}}