{"id":536,"date":"2021-01-27T21:36:26","date_gmt":"2021-01-27T21:36:26","guid":{"rendered":"http:\/\/heartfailurematters.local:8888\/difficultes-respiratoires-provoquant-le-reveil-ajout-doreillers\/"},"modified":"2022-01-14T17:28:05","modified_gmt":"2022-01-14T17:28:05","slug":"difficultes-respiratoires-provoquant-le-reveil-ajout-doreillers","status":"publish","type":"page","link":"https:\/\/www.heartfailurematters.org\/fr\/signaux-dalerte\/difficultes-respiratoires-provoquant-le-reveil-ajout-doreillers\/","title":{"rendered":"Difficult\u00e9s respiratoires provoquant le r\u00e9veil \/ Ajout d\u2019oreillers"},"content":{"rendered":"<p>Les personnes atteintes d\u2019insuffisance cardiaque peuvent \u00e9prouver des difficult\u00e9s respiratoires au repos ou en position allong\u00e9e. Le sentiment de ne pas pouvoir respirer peut augmenter soudainement et peut m\u00eame vous r\u00e9veiller dans votre sommeil.<\/p>\n<p>Ce sympt\u00f4me peut s\u2019aggraver lorsque vous vous allongez, car le liquide dans vos poumons (<a class=\"addtooltip\" title=\"Un exc\u00e8s de liquide dans une partie du corps.\"><strong>congestion<\/strong><\/a>) se d\u00e9place avec la gravit\u00e9, ce qui fait qu&rsquo;une partie plus importante des poumons se remplit d&rsquo;eau (pensez \u00e0 un liquide dans une bouteille droite puis couch\u00e9e).<\/p>\n<p>Vous pouvez faciliter votre respiration en utilisant plus de coussins pour vous sur\u00e9lever. Si ce sympt\u00f4me devient permanent, ou que vous avez besoin de plus de coussins, cela peut indiquer une aggravation de votre insuffisance cardiaque. Les r\u00e9veils caus\u00e9s par un essoufflement sont \u00e0 prendre tr\u00e8s au s\u00e9rieux. Vous devriez consulter votre m\u00e9decin ou votre infirmier\/\u00e8re. Des ajustements de votre traitement peuvent s\u2019av\u00e9rer n\u00e9cessaires.<\/p>\n<p>&nbsp;<\/p>\n","protected":false},"excerpt":{"rendered":"<p>Les personnes atteintes d\u2019insuffisance cardiaque peuvent \u00e9prouver des difficult\u00e9s respiratoires au repos ou en position allong\u00e9e. Le sentiment de ne pas pouvoir respirer peut augmenter soudainement et peut m\u00eame vous r\u00e9veiller dans votre sommeil. Ce sympt\u00f4me peut s\u2019aggraver lorsque vous vous allongez, car le liquide dans vos poumons (congestion) se d\u00e9place avec la gravit\u00e9, ce [&hellip;]<\/p>\n","protected":false},"author":1,"featured_media":11201,"parent":2864,"menu_order":3,"comment_status":"open","ping_status":"closed","template":"","meta":{"_acf_changed":false,"footnotes":""},"categories":[127],"tags":[],"class_list":["post-536","page","type-page","status-publish","has-post-thumbnail","hentry","category-warning-signs-fr"],"acf":[],"yoast_head":"<!-- This site is optimized with the Yoast SEO plugin v24.8.1 - https:\/\/yoast.com\/wordpress\/plugins\/seo\/ -->\n<title>Difficult\u00e9s respiratoires provoquant le r\u00e9veil \/ Ajout d\u2019oreillers - Heart Failure Matters<\/title>\n<meta name=\"description\" content=\"Les personnes souffrant d&#039;insuffisance cardiaque peuvent ressentir un essoufflement lorsqu&#039;elles se reposent ou s&#039;allongent. La sensation de ne pas pouvoir respirer peut se manifester soudainement et m\u00eame vous sortir de votre sommeil.\" \/>\n<meta name=\"robots\" content=\"index, follow, max-snippet:-1, max-image-preview:large, max-video-preview:-1\" \/>\n<link rel=\"canonical\" href=\"https:\/\/www.heartfailurematters.org\/fr\/signaux-dalerte\/difficultes-respiratoires-provoquant-le-reveil-ajout-doreillers\/\" \/>\n<meta property=\"og:locale\" content=\"fr_FR\" \/>\n<meta property=\"og:type\" content=\"article\" \/>\n<meta property=\"og:title\" content=\"Difficult\u00e9s respiratoires provoquant le r\u00e9veil \/ Ajout d\u2019oreillers - Heart Failure Matters\" \/>\n<meta property=\"og:description\" content=\"Les personnes souffrant d&#039;insuffisance cardiaque peuvent ressentir un essoufflement lorsqu&#039;elles se reposent ou s&#039;allongent. La sensation de ne pas pouvoir respirer peut se manifester soudainement et m\u00eame vous sortir de votre sommeil.\" \/>\n<meta property=\"og:url\" content=\"https:\/\/www.heartfailurematters.org\/fr\/signaux-dalerte\/difficultes-respiratoires-provoquant-le-reveil-ajout-doreillers\/\" \/>\n<meta property=\"og:site_name\" content=\"Heart Failure Matters\" \/>\n<meta property=\"article:publisher\" content=\"https:\/\/www.facebook.com\/heartfailurematters\" \/>\n<meta property=\"article:modified_time\" content=\"2022-01-14T17:28:05+00:00\" \/>\n<meta property=\"og:image\" content=\"https:\/\/www.heartfailurematters.org\/wp-content\/uploads\/2022\/03\/shutterstock_1718626975-1-min.jpg?_t=1773222817\" \/>\n\t<meta property=\"og:image:width\" content=\"900\" \/>\n\t<meta property=\"og:image:height\" content=\"600\" \/>\n\t<meta property=\"og:image:type\" content=\"image\/jpeg\" \/>\n<meta name=\"twitter:card\" content=\"summary_large_image\" \/>\n<meta name=\"twitter:label1\" content=\"Dur\u00e9e de lecture estim\u00e9e\" \/>\n\t<meta name=\"twitter:data1\" content=\"1 minute\" \/>\n<script type=\"application\/ld+json\" class=\"yoast-schema-graph\">{\"@context\":\"https:\/\/schema.org\",\"@graph\":[{\"@type\":\"WebPage\",\"@id\":\"https:\/\/www.heartfailurematters.org\/fr\/signaux-dalerte\/difficultes-respiratoires-provoquant-le-reveil-ajout-doreillers\/\",\"url\":\"https:\/\/www.heartfailurematters.org\/fr\/signaux-dalerte\/difficultes-respiratoires-provoquant-le-reveil-ajout-doreillers\/\",\"name\":\"Difficult\u00e9s respiratoires provoquant le r\u00e9veil \/ Ajout d\u2019oreillers - Heart Failure Matters\",\"isPartOf\":{\"@id\":\"https:\/\/www.heartfailurematters.org\/fr\/#website\"},\"primaryImageOfPage\":{\"@id\":\"https:\/\/www.heartfailurematters.org\/fr\/signaux-dalerte\/difficultes-respiratoires-provoquant-le-reveil-ajout-doreillers\/#primaryimage\"},\"image\":{\"@id\":\"https:\/\/www.heartfailurematters.org\/fr\/signaux-dalerte\/difficultes-respiratoires-provoquant-le-reveil-ajout-doreillers\/#primaryimage\"},\"thumbnailUrl\":\"https:\/\/www.heartfailurematters.org\/wp-content\/uploads\/2022\/03\/shutterstock_1718626975-1-min.jpg\",\"datePublished\":\"2021-01-27T21:36:26+00:00\",\"dateModified\":\"2022-01-14T17:28:05+00:00\",\"description\":\"Les personnes souffrant d'insuffisance cardiaque peuvent ressentir un essoufflement lorsqu'elles se reposent ou s'allongent. La sensation de ne pas pouvoir respirer peut se manifester soudainement et m\u00eame vous sortir de votre sommeil.\",\"breadcrumb\":{\"@id\":\"https:\/\/www.heartfailurematters.org\/fr\/signaux-dalerte\/difficultes-respiratoires-provoquant-le-reveil-ajout-doreillers\/#breadcrumb\"},\"inLanguage\":\"fr-FR\",\"potentialAction\":[{\"@type\":\"ReadAction\",\"target\":[\"https:\/\/www.heartfailurematters.org\/fr\/signaux-dalerte\/difficultes-respiratoires-provoquant-le-reveil-ajout-doreillers\/\"]}]},{\"@type\":\"ImageObject\",\"inLanguage\":\"fr-FR\",\"@id\":\"https:\/\/www.heartfailurematters.org\/fr\/signaux-dalerte\/difficultes-respiratoires-provoquant-le-reveil-ajout-doreillers\/#primaryimage\",\"url\":\"https:\/\/www.heartfailurematters.org\/wp-content\/uploads\/2022\/03\/shutterstock_1718626975-1-min.jpg\",\"contentUrl\":\"https:\/\/www.heartfailurematters.org\/wp-content\/uploads\/2022\/03\/shutterstock_1718626975-1-min.jpg\",\"width\":900,\"height\":600},{\"@type\":\"BreadcrumbList\",\"@id\":\"https:\/\/www.heartfailurematters.org\/fr\/signaux-dalerte\/difficultes-respiratoires-provoquant-le-reveil-ajout-doreillers\/#breadcrumb\",\"itemListElement\":[{\"@type\":\"ListItem\",\"position\":1,\"name\":\"Accueil\",\"item\":\"https:\/\/www.heartfailurematters.org\/fr\/\"},{\"@type\":\"ListItem\",\"position\":2,\"name\":\"Signes d&#8217;alerte\",\"item\":\"https:\/\/www.heartfailurematters.org\/fr\/signaux-dalerte\/\"},{\"@type\":\"ListItem\",\"position\":3,\"name\":\"Difficult\u00e9s respiratoires provoquant le r\u00e9veil \/ Ajout d\u2019oreillers\"}]},{\"@type\":\"WebSite\",\"@id\":\"https:\/\/www.heartfailurematters.org\/fr\/#website\",\"url\":\"https:\/\/www.heartfailurematters.org\/fr\/\",\"name\":\"Heart Failure Matters\",\"description\":\"Practical information for patients, families and caregivers.\",\"publisher\":{\"@id\":\"https:\/\/www.heartfailurematters.org\/fr\/#organization\"},\"potentialAction\":[{\"@type\":\"SearchAction\",\"target\":{\"@type\":\"EntryPoint\",\"urlTemplate\":\"https:\/\/www.heartfailurematters.org\/fr\/?s={search_term_string}\"},\"query-input\":{\"@type\":\"PropertyValueSpecification\",\"valueRequired\":true,\"valueName\":\"search_term_string\"}}],\"inLanguage\":\"fr-FR\"},{\"@type\":\"Organization\",\"@id\":\"https:\/\/www.heartfailurematters.org\/fr\/#organization\",\"name\":\"Heart Failure Matters\",\"url\":\"https:\/\/www.heartfailurematters.org\/fr\/\",\"logo\":{\"@type\":\"ImageObject\",\"inLanguage\":\"fr-FR\",\"@id\":\"https:\/\/www.heartfailurematters.org\/fr\/#\/schema\/logo\/image\/\",\"url\":\"https:\/\/cdn-endpoint-hfm.azureedge.net\/heartfailurematters\/2024\/07\/hfm-logo1.jpg\",\"contentUrl\":\"https:\/\/cdn-endpoint-hfm.azureedge.net\/heartfailurematters\/2024\/07\/hfm-logo1.jpg\",\"width\":1280,\"height\":720,\"caption\":\"Heart Failure Matters\"},\"image\":{\"@id\":\"https:\/\/www.heartfailurematters.org\/fr\/#\/schema\/logo\/image\/\"},\"sameAs\":[\"https:\/\/www.facebook.com\/heartfailurematters\"]}]}<\/script>\n<!-- \/ Yoast SEO plugin. -->","yoast_head_json":{"title":"Difficult\u00e9s respiratoires provoquant le r\u00e9veil \/ Ajout d\u2019oreillers - Heart Failure Matters","description":"Les personnes souffrant d'insuffisance cardiaque peuvent ressentir un essoufflement lorsqu'elles se reposent ou s'allongent. La sensation de ne pas pouvoir respirer peut se manifester soudainement et m\u00eame vous sortir de votre sommeil.","robots":{"index":"index","follow":"follow","max-snippet":"max-snippet:-1","max-image-preview":"max-image-preview:large","max-video-preview":"max-video-preview:-1"},"canonical":"https:\/\/www.heartfailurematters.org\/fr\/signaux-dalerte\/difficultes-respiratoires-provoquant-le-reveil-ajout-doreillers\/","og_locale":"fr_FR","og_type":"article","og_title":"Difficult\u00e9s respiratoires provoquant le r\u00e9veil \/ Ajout d\u2019oreillers - Heart Failure Matters","og_description":"Les personnes souffrant d'insuffisance cardiaque peuvent ressentir un essoufflement lorsqu'elles se reposent ou s'allongent. La sensation de ne pas pouvoir respirer peut se manifester soudainement et m\u00eame vous sortir de votre sommeil.","og_url":"https:\/\/www.heartfailurematters.org\/fr\/signaux-dalerte\/difficultes-respiratoires-provoquant-le-reveil-ajout-doreillers\/","og_site_name":"Heart Failure Matters","article_publisher":"https:\/\/www.facebook.com\/heartfailurematters","article_modified_time":"2022-01-14T17:28:05+00:00","og_image":[{"width":900,"height":600,"url":"https:\/\/www.heartfailurematters.org\/wp-content\/uploads\/2022\/03\/shutterstock_1718626975-1-min.jpg?_t=1773222817","type":"image\/jpeg"}],"twitter_card":"summary_large_image","twitter_misc":{"Dur\u00e9e de lecture estim\u00e9e":"1 minute"},"schema":{"@context":"https:\/\/schema.org","@graph":[{"@type":"WebPage","@id":"https:\/\/www.heartfailurematters.org\/fr\/signaux-dalerte\/difficultes-respiratoires-provoquant-le-reveil-ajout-doreillers\/","url":"https:\/\/www.heartfailurematters.org\/fr\/signaux-dalerte\/difficultes-respiratoires-provoquant-le-reveil-ajout-doreillers\/","name":"Difficult\u00e9s respiratoires provoquant le r\u00e9veil \/ Ajout d\u2019oreillers - Heart Failure Matters","isPartOf":{"@id":"https:\/\/www.heartfailurematters.org\/fr\/#website"},"primaryImageOfPage":{"@id":"https:\/\/www.heartfailurematters.org\/fr\/signaux-dalerte\/difficultes-respiratoires-provoquant-le-reveil-ajout-doreillers\/#primaryimage"},"image":{"@id":"https:\/\/www.heartfailurematters.org\/fr\/signaux-dalerte\/difficultes-respiratoires-provoquant-le-reveil-ajout-doreillers\/#primaryimage"},"thumbnailUrl":"https:\/\/www.heartfailurematters.org\/wp-content\/uploads\/2022\/03\/shutterstock_1718626975-1-min.jpg","datePublished":"2021-01-27T21:36:26+00:00","dateModified":"2022-01-14T17:28:05+00:00","description":"Les personnes souffrant d'insuffisance cardiaque peuvent ressentir un essoufflement lorsqu'elles se reposent ou s'allongent. La sensation de ne pas pouvoir respirer peut se manifester soudainement et m\u00eame vous sortir de votre sommeil.","breadcrumb":{"@id":"https:\/\/www.heartfailurematters.org\/fr\/signaux-dalerte\/difficultes-respiratoires-provoquant-le-reveil-ajout-doreillers\/#breadcrumb"},"inLanguage":"fr-FR","potentialAction":[{"@type":"ReadAction","target":["https:\/\/www.heartfailurematters.org\/fr\/signaux-dalerte\/difficultes-respiratoires-provoquant-le-reveil-ajout-doreillers\/"]}]},{"@type":"ImageObject","inLanguage":"fr-FR","@id":"https:\/\/www.heartfailurematters.org\/fr\/signaux-dalerte\/difficultes-respiratoires-provoquant-le-reveil-ajout-doreillers\/#primaryimage","url":"https:\/\/www.heartfailurematters.org\/wp-content\/uploads\/2022\/03\/shutterstock_1718626975-1-min.jpg","contentUrl":"https:\/\/www.heartfailurematters.org\/wp-content\/uploads\/2022\/03\/shutterstock_1718626975-1-min.jpg","width":900,"height":600},{"@type":"BreadcrumbList","@id":"https:\/\/www.heartfailurematters.org\/fr\/signaux-dalerte\/difficultes-respiratoires-provoquant-le-reveil-ajout-doreillers\/#breadcrumb","itemListElement":[{"@type":"ListItem","position":1,"name":"Accueil","item":"https:\/\/www.heartfailurematters.org\/fr\/"},{"@type":"ListItem","position":2,"name":"Signes d&#8217;alerte","item":"https:\/\/www.heartfailurematters.org\/fr\/signaux-dalerte\/"},{"@type":"ListItem","position":3,"name":"Difficult\u00e9s respiratoires provoquant le r\u00e9veil \/ Ajout d\u2019oreillers"}]},{"@type":"WebSite","@id":"https:\/\/www.heartfailurematters.org\/fr\/#website","url":"https:\/\/www.heartfailurematters.org\/fr\/","name":"Heart Failure Matters","description":"Practical information for patients, families and caregivers.","publisher":{"@id":"https:\/\/www.heartfailurematters.org\/fr\/#organization"},"potentialAction":[{"@type":"SearchAction","target":{"@type":"EntryPoint","urlTemplate":"https:\/\/www.heartfailurematters.org\/fr\/?s={search_term_string}"},"query-input":{"@type":"PropertyValueSpecification","valueRequired":true,"valueName":"search_term_string"}}],"inLanguage":"fr-FR"},{"@type":"Organization","@id":"https:\/\/www.heartfailurematters.org\/fr\/#organization","name":"Heart Failure Matters","url":"https:\/\/www.heartfailurematters.org\/fr\/","logo":{"@type":"ImageObject","inLanguage":"fr-FR","@id":"https:\/\/www.heartfailurematters.org\/fr\/#\/schema\/logo\/image\/","url":"https:\/\/cdn-endpoint-hfm.azureedge.net\/heartfailurematters\/2024\/07\/hfm-logo1.jpg","contentUrl":"https:\/\/cdn-endpoint-hfm.azureedge.net\/heartfailurematters\/2024\/07\/hfm-logo1.jpg","width":1280,"height":720,"caption":"Heart Failure Matters"},"image":{"@id":"https:\/\/www.heartfailurematters.org\/fr\/#\/schema\/logo\/image\/"},"sameAs":["https:\/\/www.facebook.com\/heartfailurematters"]}]}},"_links":{"self":[{"href":"https:\/\/www.heartfailurematters.org\/fr\/wp-json\/wp\/v2\/pages\/536","targetHints":{"allow":["GET"]}}],"collection":[{"href":"https:\/\/www.heartfailurematters.org\/fr\/wp-json\/wp\/v2\/pages"}],"about":[{"href":"https:\/\/www.heartfailurematters.org\/fr\/wp-json\/wp\/v2\/types\/page"}],"author":[{"embeddable":true,"href":"https:\/\/www.heartfailurematters.org\/fr\/wp-json\/wp\/v2\/users\/1"}],"replies":[{"embeddable":true,"href":"https:\/\/www.heartfailurematters.org\/fr\/wp-json\/wp\/v2\/comments?post=536"}],"version-history":[{"count":2,"href":"https:\/\/www.heartfailurematters.org\/fr\/wp-json\/wp\/v2\/pages\/536\/revisions"}],"predecessor-version":[{"id":10188,"href":"https:\/\/www.heartfailurematters.org\/fr\/wp-json\/wp\/v2\/pages\/536\/revisions\/10188"}],"up":[{"embeddable":true,"href":"https:\/\/www.heartfailurematters.org\/fr\/wp-json\/wp\/v2\/pages\/2864"}],"wp:featuredmedia":[{"embeddable":true,"href":"https:\/\/www.heartfailurematters.org\/fr\/wp-json\/wp\/v2\/media\/11201"}],"wp:attachment":[{"href":"https:\/\/www.heartfailurematters.org\/fr\/wp-json\/wp\/v2\/media?parent=536"}],"wp:term":[{"taxonomy":"category","embeddable":true,"href":"https:\/\/www.heartfailurematters.org\/fr\/wp-json\/wp\/v2\/categories?post=536"},{"taxonomy":"post_tag","embeddable":true,"href":"https:\/\/www.heartfailurematters.org\/fr\/wp-json\/wp\/v2\/tags?post=536"}],"curies":[{"name":"wp","href":"https:\/\/api.w.org\/{rel}","templated":true}]}}