{"id":535,"date":"2021-01-27T21:36:26","date_gmt":"2021-01-27T21:36:26","guid":{"rendered":"http:\/\/heartfailurematters.local:8888\/quest-ce-qui-ne-va-pas-en-cas-dinsuffisance-cardiaque\/"},"modified":"2021-01-27T21:36:26","modified_gmt":"2021-01-27T21:36:26","slug":"quest-ce-qui-ne-va-pas-en-cas-dinsuffisance-cardiaque","status":"publish","type":"page","link":"https:\/\/www.heartfailurematters.org\/fr\/comprendre-linsuffisance-cardiaque\/quest-ce-qui-ne-va-pas-en-cas-dinsuffisance-cardiaque\/","title":{"rendered":"Qu\u2019est ce qui ne va pas en cas d\u2019insuffisance cardiaque\u00a0?"},"content":{"rendered":"<p>Si vous souffrez d\u2019insuffisance cardiaque, votre c\u0153ur a du mal \u00e0 pomper le sang dans tout votre corps. Ceci peut se produire pour plusieurs raisons&nbsp;; souvent parce que vous souffrez (ou avez souffert) d\u2019une maladie qui a endommag\u00e9 (par ex. une coronaropathie avec crise cardiaque) ou exerc\u00e9 une surcharge (par ex. hypertension) sur votre c\u0153ur.<\/p>\n<p>Cette atteinte ou cette surcharge peuventt alt\u00e9rer les capacit\u00e9s de contraction (expulsion) ou de relaxation (remplissage) de votre c\u0153ur, voire les deux, ce qui est souvent le cas.<\/p>\n<p>Si votre c\u0153ur ne se contracte pas comme il le devrait, il ne sera pas en mesure de pomper suffisamment de sang pour l\u2019expulser des <a title=\"Grandes cavit\u00e9s situ\u00e9es dans la partie inf\u00e9rieure du c\u0153ur, recevant le sang des oreillettes et pompant le sang hors du c\u0153ur vers les poumons et le reste de l\u2019organisme.\" class=\"addtooltip\"><strong>ventricules<\/strong><\/a>. Si votre c\u0153ur ne parvient pas \u00e0 se vider et \u00e0 se rel\u00e2cher compl\u00e8tement, moins de sang pourra entrer dans le c\u0153ur et par cons\u00e9quent moins de sang sera disponible pour \u00eatre expuls\u00e9 du c\u0153ur.<\/p>\n<p>L\u2019insuffisance cardiaque provoque deux effets principaux. Premi\u00e8rement, une quantit\u00e9 insuffisante de sang est fournie \u00e0 votre corps, ce qui peut causer de la fatigue. Deuxi\u00e8mement, le sang reflue en attendant de pouvoir entrer dans votre c\u0153ur. Cette accumulation de sang entra\u00eene une fuite de liquide depuis vos vaisseaux sanguins vers les tissus environnants. Ceci entra\u00eene une <a title=\"Quand il y a trop de liquide dans la circulation sanguine, la pression dans les vaisseaux sanguins augmente. Le liquide gagne alors les tissus environnants, o\u00f9 il s\u2019accumule, entra\u00eenant un \u0153d\u00e8me.\" class=\"addtooltip\"><strong>accumulation de liquide<\/strong><\/a> (g\u00e9n\u00e9ralement dans les jambes et l&rsquo;abdomen) et une congestion dans les poumons.<\/p>\n<p>Dans un premier temps, votre corps s\u2019adaptera pour tenter de compenser l&rsquo;inefficacit\u00e9 de votre c\u0153ur qui est affaibli. Cependant ces adaptations ne peuvent compenser cette insuffisance que pendant un certain temps. En r\u00e9alit\u00e9 ces adaptations peuvent, \u00e0 long terme, affaiblir encore davantage votre c\u0153ur.<\/p>\n<p><a href=\"https:\/\/www.heartfailurematters.org\/fr\/comprendre-linsuffisance-cardiaque\/comment-votre-coeur-et-votre-corps-sadaptent-ils-en-cas-dinsuffisance-cardiaque\/\" title=\"Click here to find out how your heart and body adapt to try and keep up with your body's needs\">Cliquez ici<\/a> pour d\u00e9couvrir comment votre c\u0153ur et votre corps tentent de s\u2019adapter et de continuer \u00e0 satisfaire les besoins de votre corps.<\/p>\n","protected":false},"excerpt":{"rendered":"<p>Si vous souffrez d\u2019insuffisance cardiaque, votre c\u0153ur a du mal \u00e0 pomper le sang dans tout votre corps. Ceci peut se produire pour plusieurs raisons&nbsp;; souvent parce que vous souffrez (ou avez souffert) d\u2019une maladie qui a endommag\u00e9 (par ex. une coronaropathie avec crise cardiaque) ou exerc\u00e9 une surcharge (par ex. hypertension) sur votre c\u0153ur. [&hellip;]<\/p>\n","protected":false},"author":1,"featured_media":10584,"parent":307,"menu_order":8,"comment_status":"open","ping_status":"closed","template":"","meta":{"_acf_changed":false,"footnotes":""},"categories":[118],"tags":[],"class_list":["post-535","page","type-page","status-publish","has-post-thumbnail","hentry","category-understanding-heart-failure-fr"],"acf":[],"yoast_head":"<!-- This site is optimized with the Yoast SEO plugin v24.8.1 - https:\/\/yoast.com\/wordpress\/plugins\/seo\/ -->\n<title>Qu\u2019est ce qui ne va pas en cas d\u2019insuffisance cardiaque\u00a0? - Heart Failure Matters<\/title>\n<meta name=\"description\" content=\"Lorsque vous souffrez d&#039;insuffisance cardiaque, votre c\u0153ur peine \u00e0 pomper le sang. D\u00e9couvrez comment cela peut affecter la compression ou le remplissage de votre c\u0153ur, ou les deux.\" \/>\n<meta name=\"robots\" content=\"index, follow, max-snippet:-1, max-image-preview:large, max-video-preview:-1\" \/>\n<link rel=\"canonical\" href=\"https:\/\/www.heartfailurematters.org\/fr\/comprendre-linsuffisance-cardiaque\/quest-ce-qui-ne-va-pas-en-cas-dinsuffisance-cardiaque\/\" \/>\n<meta property=\"og:locale\" content=\"fr_FR\" \/>\n<meta property=\"og:type\" content=\"article\" \/>\n<meta property=\"og:title\" content=\"Qu\u2019est ce qui ne va pas en cas d\u2019insuffisance cardiaque\u00a0? - Heart Failure Matters\" \/>\n<meta property=\"og:description\" content=\"Lorsque vous souffrez d&#039;insuffisance cardiaque, votre c\u0153ur peine \u00e0 pomper le sang. D\u00e9couvrez comment cela peut affecter la compression ou le remplissage de votre c\u0153ur, ou les deux.\" \/>\n<meta property=\"og:url\" content=\"https:\/\/www.heartfailurematters.org\/fr\/comprendre-linsuffisance-cardiaque\/quest-ce-qui-ne-va-pas-en-cas-dinsuffisance-cardiaque\/\" \/>\n<meta property=\"og:site_name\" content=\"Heart Failure Matters\" \/>\n<meta property=\"article:publisher\" content=\"https:\/\/www.facebook.com\/heartfailurematters\" \/>\n<meta property=\"og:image\" content=\"https:\/\/www.heartfailurematters.org\/wp-content\/uploads\/2022\/02\/shutterstock_130170596-1-min.jpg?_t=1773222388\" \/>\n\t<meta property=\"og:image:width\" content=\"900\" \/>\n\t<meta property=\"og:image:height\" content=\"600\" \/>\n\t<meta property=\"og:image:type\" content=\"image\/jpeg\" \/>\n<meta name=\"twitter:card\" content=\"summary_large_image\" \/>\n<meta name=\"twitter:label1\" content=\"Dur\u00e9e de lecture estim\u00e9e\" \/>\n\t<meta name=\"twitter:data1\" content=\"2 minutes\" \/>\n<script type=\"application\/ld+json\" class=\"yoast-schema-graph\">{\"@context\":\"https:\/\/schema.org\",\"@graph\":[{\"@type\":\"WebPage\",\"@id\":\"https:\/\/www.heartfailurematters.org\/fr\/comprendre-linsuffisance-cardiaque\/quest-ce-qui-ne-va-pas-en-cas-dinsuffisance-cardiaque\/\",\"url\":\"https:\/\/www.heartfailurematters.org\/fr\/comprendre-linsuffisance-cardiaque\/quest-ce-qui-ne-va-pas-en-cas-dinsuffisance-cardiaque\/\",\"name\":\"Qu\u2019est ce qui ne va pas en cas d\u2019insuffisance cardiaque\u00a0? - Heart Failure Matters\",\"isPartOf\":{\"@id\":\"https:\/\/www.heartfailurematters.org\/fr\/#website\"},\"primaryImageOfPage\":{\"@id\":\"https:\/\/www.heartfailurematters.org\/fr\/comprendre-linsuffisance-cardiaque\/quest-ce-qui-ne-va-pas-en-cas-dinsuffisance-cardiaque\/#primaryimage\"},\"image\":{\"@id\":\"https:\/\/www.heartfailurematters.org\/fr\/comprendre-linsuffisance-cardiaque\/quest-ce-qui-ne-va-pas-en-cas-dinsuffisance-cardiaque\/#primaryimage\"},\"thumbnailUrl\":\"https:\/\/www.heartfailurematters.org\/wp-content\/uploads\/2022\/02\/shutterstock_130170596-1-min.jpg\",\"datePublished\":\"2021-01-27T21:36:26+00:00\",\"description\":\"Lorsque vous souffrez d'insuffisance cardiaque, votre c\u0153ur peine \u00e0 pomper le sang. D\u00e9couvrez comment cela peut affecter la compression ou le remplissage de votre c\u0153ur, ou les deux.\",\"breadcrumb\":{\"@id\":\"https:\/\/www.heartfailurematters.org\/fr\/comprendre-linsuffisance-cardiaque\/quest-ce-qui-ne-va-pas-en-cas-dinsuffisance-cardiaque\/#breadcrumb\"},\"inLanguage\":\"fr-FR\",\"potentialAction\":[{\"@type\":\"ReadAction\",\"target\":[\"https:\/\/www.heartfailurematters.org\/fr\/comprendre-linsuffisance-cardiaque\/quest-ce-qui-ne-va-pas-en-cas-dinsuffisance-cardiaque\/\"]}]},{\"@type\":\"ImageObject\",\"inLanguage\":\"fr-FR\",\"@id\":\"https:\/\/www.heartfailurematters.org\/fr\/comprendre-linsuffisance-cardiaque\/quest-ce-qui-ne-va-pas-en-cas-dinsuffisance-cardiaque\/#primaryimage\",\"url\":\"https:\/\/www.heartfailurematters.org\/wp-content\/uploads\/2022\/02\/shutterstock_130170596-1-min.jpg\",\"contentUrl\":\"https:\/\/www.heartfailurematters.org\/wp-content\/uploads\/2022\/02\/shutterstock_130170596-1-min.jpg\",\"width\":900,\"height\":600},{\"@type\":\"BreadcrumbList\",\"@id\":\"https:\/\/www.heartfailurematters.org\/fr\/comprendre-linsuffisance-cardiaque\/quest-ce-qui-ne-va-pas-en-cas-dinsuffisance-cardiaque\/#breadcrumb\",\"itemListElement\":[{\"@type\":\"ListItem\",\"position\":1,\"name\":\"Accueil\",\"item\":\"https:\/\/www.heartfailurematters.org\/fr\/\"},{\"@type\":\"ListItem\",\"position\":2,\"name\":\"Comprendre l&#8217;insuffisance cardiaque\",\"item\":\"https:\/\/www.heartfailurematters.org\/fr\/comprendre-linsuffisance-cardiaque\/\"},{\"@type\":\"ListItem\",\"position\":3,\"name\":\"Qu\u2019est ce qui ne va pas en cas d\u2019insuffisance cardiaque\u00a0?\"}]},{\"@type\":\"WebSite\",\"@id\":\"https:\/\/www.heartfailurematters.org\/fr\/#website\",\"url\":\"https:\/\/www.heartfailurematters.org\/fr\/\",\"name\":\"Heart Failure Matters\",\"description\":\"Practical information for patients, families and caregivers.\",\"publisher\":{\"@id\":\"https:\/\/www.heartfailurematters.org\/fr\/#organization\"},\"potentialAction\":[{\"@type\":\"SearchAction\",\"target\":{\"@type\":\"EntryPoint\",\"urlTemplate\":\"https:\/\/www.heartfailurematters.org\/fr\/?s={search_term_string}\"},\"query-input\":{\"@type\":\"PropertyValueSpecification\",\"valueRequired\":true,\"valueName\":\"search_term_string\"}}],\"inLanguage\":\"fr-FR\"},{\"@type\":\"Organization\",\"@id\":\"https:\/\/www.heartfailurematters.org\/fr\/#organization\",\"name\":\"Heart Failure Matters\",\"url\":\"https:\/\/www.heartfailurematters.org\/fr\/\",\"logo\":{\"@type\":\"ImageObject\",\"inLanguage\":\"fr-FR\",\"@id\":\"https:\/\/www.heartfailurematters.org\/fr\/#\/schema\/logo\/image\/\",\"url\":\"https:\/\/cdn-endpoint-hfm.azureedge.net\/heartfailurematters\/2024\/07\/hfm-logo1.jpg\",\"contentUrl\":\"https:\/\/cdn-endpoint-hfm.azureedge.net\/heartfailurematters\/2024\/07\/hfm-logo1.jpg\",\"width\":1280,\"height\":720,\"caption\":\"Heart Failure Matters\"},\"image\":{\"@id\":\"https:\/\/www.heartfailurematters.org\/fr\/#\/schema\/logo\/image\/\"},\"sameAs\":[\"https:\/\/www.facebook.com\/heartfailurematters\"]}]}<\/script>\n<!-- \/ Yoast SEO plugin. -->","yoast_head_json":{"title":"Qu\u2019est ce qui ne va pas en cas d\u2019insuffisance cardiaque\u00a0? - Heart Failure Matters","description":"Lorsque vous souffrez d'insuffisance cardiaque, votre c\u0153ur peine \u00e0 pomper le sang. D\u00e9couvrez comment cela peut affecter la compression ou le remplissage de votre c\u0153ur, ou les deux.","robots":{"index":"index","follow":"follow","max-snippet":"max-snippet:-1","max-image-preview":"max-image-preview:large","max-video-preview":"max-video-preview:-1"},"canonical":"https:\/\/www.heartfailurematters.org\/fr\/comprendre-linsuffisance-cardiaque\/quest-ce-qui-ne-va-pas-en-cas-dinsuffisance-cardiaque\/","og_locale":"fr_FR","og_type":"article","og_title":"Qu\u2019est ce qui ne va pas en cas d\u2019insuffisance cardiaque\u00a0? - Heart Failure Matters","og_description":"Lorsque vous souffrez d'insuffisance cardiaque, votre c\u0153ur peine \u00e0 pomper le sang. D\u00e9couvrez comment cela peut affecter la compression ou le remplissage de votre c\u0153ur, ou les deux.","og_url":"https:\/\/www.heartfailurematters.org\/fr\/comprendre-linsuffisance-cardiaque\/quest-ce-qui-ne-va-pas-en-cas-dinsuffisance-cardiaque\/","og_site_name":"Heart Failure Matters","article_publisher":"https:\/\/www.facebook.com\/heartfailurematters","og_image":[{"width":900,"height":600,"url":"https:\/\/www.heartfailurematters.org\/wp-content\/uploads\/2022\/02\/shutterstock_130170596-1-min.jpg?_t=1773222388","type":"image\/jpeg"}],"twitter_card":"summary_large_image","twitter_misc":{"Dur\u00e9e de lecture estim\u00e9e":"2 minutes"},"schema":{"@context":"https:\/\/schema.org","@graph":[{"@type":"WebPage","@id":"https:\/\/www.heartfailurematters.org\/fr\/comprendre-linsuffisance-cardiaque\/quest-ce-qui-ne-va-pas-en-cas-dinsuffisance-cardiaque\/","url":"https:\/\/www.heartfailurematters.org\/fr\/comprendre-linsuffisance-cardiaque\/quest-ce-qui-ne-va-pas-en-cas-dinsuffisance-cardiaque\/","name":"Qu\u2019est ce qui ne va pas en cas d\u2019insuffisance cardiaque\u00a0? - Heart Failure Matters","isPartOf":{"@id":"https:\/\/www.heartfailurematters.org\/fr\/#website"},"primaryImageOfPage":{"@id":"https:\/\/www.heartfailurematters.org\/fr\/comprendre-linsuffisance-cardiaque\/quest-ce-qui-ne-va-pas-en-cas-dinsuffisance-cardiaque\/#primaryimage"},"image":{"@id":"https:\/\/www.heartfailurematters.org\/fr\/comprendre-linsuffisance-cardiaque\/quest-ce-qui-ne-va-pas-en-cas-dinsuffisance-cardiaque\/#primaryimage"},"thumbnailUrl":"https:\/\/www.heartfailurematters.org\/wp-content\/uploads\/2022\/02\/shutterstock_130170596-1-min.jpg","datePublished":"2021-01-27T21:36:26+00:00","description":"Lorsque vous souffrez d'insuffisance cardiaque, votre c\u0153ur peine \u00e0 pomper le sang. D\u00e9couvrez comment cela peut affecter la compression ou le remplissage de votre c\u0153ur, ou les deux.","breadcrumb":{"@id":"https:\/\/www.heartfailurematters.org\/fr\/comprendre-linsuffisance-cardiaque\/quest-ce-qui-ne-va-pas-en-cas-dinsuffisance-cardiaque\/#breadcrumb"},"inLanguage":"fr-FR","potentialAction":[{"@type":"ReadAction","target":["https:\/\/www.heartfailurematters.org\/fr\/comprendre-linsuffisance-cardiaque\/quest-ce-qui-ne-va-pas-en-cas-dinsuffisance-cardiaque\/"]}]},{"@type":"ImageObject","inLanguage":"fr-FR","@id":"https:\/\/www.heartfailurematters.org\/fr\/comprendre-linsuffisance-cardiaque\/quest-ce-qui-ne-va-pas-en-cas-dinsuffisance-cardiaque\/#primaryimage","url":"https:\/\/www.heartfailurematters.org\/wp-content\/uploads\/2022\/02\/shutterstock_130170596-1-min.jpg","contentUrl":"https:\/\/www.heartfailurematters.org\/wp-content\/uploads\/2022\/02\/shutterstock_130170596-1-min.jpg","width":900,"height":600},{"@type":"BreadcrumbList","@id":"https:\/\/www.heartfailurematters.org\/fr\/comprendre-linsuffisance-cardiaque\/quest-ce-qui-ne-va-pas-en-cas-dinsuffisance-cardiaque\/#breadcrumb","itemListElement":[{"@type":"ListItem","position":1,"name":"Accueil","item":"https:\/\/www.heartfailurematters.org\/fr\/"},{"@type":"ListItem","position":2,"name":"Comprendre l&#8217;insuffisance cardiaque","item":"https:\/\/www.heartfailurematters.org\/fr\/comprendre-linsuffisance-cardiaque\/"},{"@type":"ListItem","position":3,"name":"Qu\u2019est ce qui ne va pas en cas d\u2019insuffisance cardiaque\u00a0?"}]},{"@type":"WebSite","@id":"https:\/\/www.heartfailurematters.org\/fr\/#website","url":"https:\/\/www.heartfailurematters.org\/fr\/","name":"Heart Failure Matters","description":"Practical information for patients, families and caregivers.","publisher":{"@id":"https:\/\/www.heartfailurematters.org\/fr\/#organization"},"potentialAction":[{"@type":"SearchAction","target":{"@type":"EntryPoint","urlTemplate":"https:\/\/www.heartfailurematters.org\/fr\/?s={search_term_string}"},"query-input":{"@type":"PropertyValueSpecification","valueRequired":true,"valueName":"search_term_string"}}],"inLanguage":"fr-FR"},{"@type":"Organization","@id":"https:\/\/www.heartfailurematters.org\/fr\/#organization","name":"Heart Failure Matters","url":"https:\/\/www.heartfailurematters.org\/fr\/","logo":{"@type":"ImageObject","inLanguage":"fr-FR","@id":"https:\/\/www.heartfailurematters.org\/fr\/#\/schema\/logo\/image\/","url":"https:\/\/cdn-endpoint-hfm.azureedge.net\/heartfailurematters\/2024\/07\/hfm-logo1.jpg","contentUrl":"https:\/\/cdn-endpoint-hfm.azureedge.net\/heartfailurematters\/2024\/07\/hfm-logo1.jpg","width":1280,"height":720,"caption":"Heart Failure Matters"},"image":{"@id":"https:\/\/www.heartfailurematters.org\/fr\/#\/schema\/logo\/image\/"},"sameAs":["https:\/\/www.facebook.com\/heartfailurematters"]}]}},"_links":{"self":[{"href":"https:\/\/www.heartfailurematters.org\/fr\/wp-json\/wp\/v2\/pages\/535","targetHints":{"allow":["GET"]}}],"collection":[{"href":"https:\/\/www.heartfailurematters.org\/fr\/wp-json\/wp\/v2\/pages"}],"about":[{"href":"https:\/\/www.heartfailurematters.org\/fr\/wp-json\/wp\/v2\/types\/page"}],"author":[{"embeddable":true,"href":"https:\/\/www.heartfailurematters.org\/fr\/wp-json\/wp\/v2\/users\/1"}],"replies":[{"embeddable":true,"href":"https:\/\/www.heartfailurematters.org\/fr\/wp-json\/wp\/v2\/comments?post=535"}],"version-history":[{"count":0,"href":"https:\/\/www.heartfailurematters.org\/fr\/wp-json\/wp\/v2\/pages\/535\/revisions"}],"up":[{"embeddable":true,"href":"https:\/\/www.heartfailurematters.org\/fr\/wp-json\/wp\/v2\/pages\/307"}],"wp:featuredmedia":[{"embeddable":true,"href":"https:\/\/www.heartfailurematters.org\/fr\/wp-json\/wp\/v2\/media\/10584"}],"wp:attachment":[{"href":"https:\/\/www.heartfailurematters.org\/fr\/wp-json\/wp\/v2\/media?parent=535"}],"wp:term":[{"taxonomy":"category","embeddable":true,"href":"https:\/\/www.heartfailurematters.org\/fr\/wp-json\/wp\/v2\/categories?post=535"},{"taxonomy":"post_tag","embeddable":true,"href":"https:\/\/www.heartfailurematters.org\/fr\/wp-json\/wp\/v2\/tags?post=535"}],"curies":[{"name":"wp","href":"https:\/\/api.w.org\/{rel}","templated":true}]}}