{"id":534,"date":"2021-01-27T21:36:26","date_gmt":"2021-01-27T21:36:26","guid":{"rendered":"http:\/\/heartfailurematters.local:8888\/relations-et-emotions\/"},"modified":"2021-01-27T21:36:26","modified_gmt":"2021-01-27T21:36:26","slug":"relations-et-emotions","status":"publish","type":"page","link":"https:\/\/www.heartfailurematters.org\/fr\/questions-a-poser-a-votre-medecin\/relations-et-emotions\/","title":{"rendered":"Relations et \u00e9motions"},"content":{"rendered":"<p><span style=\"font-weight: 400;\">Les&nbsp;personnes atteintes d&rsquo;insuffisance cardiaque ont souvent de nombreuses questions <\/span><span style=\"font-weight: 400;\">concernant les sentiments<\/span><span style=\"font-weight: 400;\"> qu&rsquo;elles &eacute;prouvent suite au diagnostic et &agrave; l&rsquo;impact de la maladie sur leur vie.&nbsp;<\/span>Ce site Web fournit des informations et des astuces sur la mani&egrave;re de vivre avec une insuffisance cardiaque, de <a title=\"\" href=\"https:\/\/www.heartfailurematters.org\/fr\/vivre-avec-une-insuffisance-cardiaque\/vos-emotions\/\">g&eacute;rer ses &eacute;motions<\/a> et les questions d&rsquo;ordre <a title=\"\" href=\"https:\/\/www.heartfailurematters.org\/fr\/vivre-avec-une-insuffisance-cardiaque\/relationnel\/\">relationnel<\/a>. Cependant, vous pouvez aussi souhaiter discuter de ces sujets avec un professionnel de la sant&eacute;.<\/p>\n<p><strong>Depuis que j&rsquo;ai &eacute;t&eacute; diagnostiqu&eacute; avec une insuffisance cardiaque, je me sens d&eacute;prim&eacute;. Quelle aide est disponible ?<br \/><\/strong>La d&eacute;pression et l&rsquo;anxi&eacute;t&eacute; sont tr&egrave;s courantes chez les personnes r&eacute;cemment atteintes d&rsquo;insuffisance cardiaque. Cependant, si ces sentiments persistent, il peut &ecirc;tre souhaitable d&rsquo;en parler &agrave; votre m&eacute;decin. Il\/elle peuvent &ecirc;tre en mesure de recommander une forme de soutien afin de vous aider &agrave; accepter votre diagnostic et &agrave; adapter votre mode de vie &agrave; cette nouvelle r&eacute;alit&eacute;.&nbsp;Une modification de vos m&eacute;dicaments peut aussi &ecirc;tre n&eacute;cessaire.<\/p>\n<p><strong>Est-ce que je peux toujours avoir des rapports sexuels&nbsp;? <\/strong><br \/><span style=\"font-weight: 400;\">De m&ecirc;me que vous devriez &eacute;viter les activit&eacute;s physiques &eacute;puisantes, vous serez peut-&ecirc;tre amen&eacute; &agrave; modifier vos activit&eacute;s sexuelles. Dans bien des cas, cela ne signifie pas que vous devez arr&ecirc;ter toute activit&eacute; sexuelle &#8211;&nbsp;votre m&eacute;decin\/infirmi&egrave;re <\/span><span style=\"font-weight: 400;\">pourront<\/span><span style=\"font-weight: 400;\">&nbsp;vous conseiller sur le niveau d&rsquo;activit&eacute; sexuelle appropri&eacute; dans votre cas. Vous pourriez aussi constater que vous manifestez moins d&rsquo;int&eacute;r&ecirc;t pour les activit&eacute;s sexuelles. Ceci&nbsp;peut s&rsquo;expliquer par l&rsquo;anxi&eacute;t&eacute; ou la d&eacute;pression provoqu&eacute;e par votre r&eacute;cent diagnostic. Parlez-en&nbsp;avec votre m&eacute;decin ou votre infirmi&egrave;re. Si vous avez des probl&egrave;mes d&rsquo;&eacute;rection, cela peut aussi <\/span><span style=\"font-weight: 400;\">&ecirc;tre<\/span><span style=\"font-weight: 400;\"> d&ucirc; &agrave; vos m&eacute;dicaments. Ne soyez pas g&ecirc;n&eacute; d&rsquo;en discuter avec votre m&eacute;decin&nbsp;: il existe des traitements m&eacute;dicaux efficaces pour ce type de probl&egrave;me.&nbsp;<\/span>&nbsp;&nbsp;<\/p>\n","protected":false},"excerpt":{"rendered":"<p>Les&nbsp;personnes atteintes d&rsquo;insuffisance cardiaque ont souvent de nombreuses questions concernant les sentiments qu&rsquo;elles &eacute;prouvent suite au diagnostic et &agrave; l&rsquo;impact de la maladie sur leur vie.&nbsp;Ce site Web fournit des informations et des astuces sur la mani&egrave;re de vivre avec une insuffisance cardiaque, de g&eacute;rer ses &eacute;motions et les questions d&rsquo;ordre relationnel. Cependant, vous pouvez [&hellip;]<\/p>\n","protected":false},"author":1,"featured_media":11063,"parent":2761,"menu_order":7,"comment_status":"open","ping_status":"closed","template":"","meta":{"_acf_changed":false,"footnotes":""},"categories":[64],"tags":[],"class_list":["post-534","page","type-page","status-publish","has-post-thumbnail","hentry","category-ask-your-doctor-fr"],"acf":[],"yoast_head":"<!-- This site is optimized with the Yoast SEO plugin v24.8.1 - https:\/\/yoast.com\/wordpress\/plugins\/seo\/ -->\n<title>Relations et \u00e9motions - Heart Failure Matters<\/title>\n<meta name=\"description\" content=\"Beaucoup de personnes atteintes d&#039;insuffisance cardiaque ont beaucoup de questions sur ce qu&#039;elles ressentent apr\u00e8s avoir \u00e9t\u00e9 diagnostiqu\u00e9es et sur l&#039;impact de cette pathologie sur leur vie.\" \/>\n<meta name=\"robots\" content=\"index, follow, max-snippet:-1, max-image-preview:large, max-video-preview:-1\" \/>\n<link rel=\"canonical\" href=\"https:\/\/www.heartfailurematters.org\/fr\/questions-a-poser-a-votre-medecin\/relations-et-emotions\/\" \/>\n<meta property=\"og:locale\" content=\"fr_FR\" \/>\n<meta property=\"og:type\" content=\"article\" \/>\n<meta property=\"og:title\" content=\"Relations et \u00e9motions - Heart Failure Matters\" \/>\n<meta property=\"og:description\" content=\"Beaucoup de personnes atteintes d&#039;insuffisance cardiaque ont beaucoup de questions sur ce qu&#039;elles ressentent apr\u00e8s avoir \u00e9t\u00e9 diagnostiqu\u00e9es et sur l&#039;impact de cette pathologie sur leur vie.\" \/>\n<meta property=\"og:url\" content=\"https:\/\/www.heartfailurematters.org\/fr\/questions-a-poser-a-votre-medecin\/relations-et-emotions\/\" \/>\n<meta property=\"og:site_name\" content=\"Heart Failure Matters\" \/>\n<meta property=\"article:publisher\" content=\"https:\/\/www.facebook.com\/heartfailurematters\" \/>\n<meta property=\"og:image\" content=\"https:\/\/www.heartfailurematters.org\/wp-content\/uploads\/2022\/03\/shutterstock_1685261713-1-min.jpg\" \/>\n\t<meta property=\"og:image:width\" content=\"900\" \/>\n\t<meta property=\"og:image:height\" content=\"600\" \/>\n\t<meta property=\"og:image:type\" content=\"image\/jpeg\" \/>\n<meta name=\"twitter:card\" content=\"summary_large_image\" \/>\n<meta name=\"twitter:label1\" content=\"Dur\u00e9e de lecture estim\u00e9e\" \/>\n\t<meta name=\"twitter:data1\" content=\"2 minutes\" \/>\n<script type=\"application\/ld+json\" class=\"yoast-schema-graph\">{\"@context\":\"https:\/\/schema.org\",\"@graph\":[{\"@type\":\"WebPage\",\"@id\":\"https:\/\/www.heartfailurematters.org\/fr\/questions-a-poser-a-votre-medecin\/relations-et-emotions\/\",\"url\":\"https:\/\/www.heartfailurematters.org\/fr\/questions-a-poser-a-votre-medecin\/relations-et-emotions\/\",\"name\":\"Relations et \u00e9motions - Heart Failure Matters\",\"isPartOf\":{\"@id\":\"https:\/\/www.heartfailurematters.org\/fr\/#website\"},\"primaryImageOfPage\":{\"@id\":\"https:\/\/www.heartfailurematters.org\/fr\/questions-a-poser-a-votre-medecin\/relations-et-emotions\/#primaryimage\"},\"image\":{\"@id\":\"https:\/\/www.heartfailurematters.org\/fr\/questions-a-poser-a-votre-medecin\/relations-et-emotions\/#primaryimage\"},\"thumbnailUrl\":\"https:\/\/www.heartfailurematters.org\/wp-content\/uploads\/2022\/03\/shutterstock_1685261713-1-min.jpg\",\"datePublished\":\"2021-01-27T21:36:26+00:00\",\"description\":\"Beaucoup de personnes atteintes d'insuffisance cardiaque ont beaucoup de questions sur ce qu'elles ressentent apr\u00e8s avoir \u00e9t\u00e9 diagnostiqu\u00e9es et sur l'impact de cette pathologie sur leur vie.\",\"breadcrumb\":{\"@id\":\"https:\/\/www.heartfailurematters.org\/fr\/questions-a-poser-a-votre-medecin\/relations-et-emotions\/#breadcrumb\"},\"inLanguage\":\"fr-FR\",\"potentialAction\":[{\"@type\":\"ReadAction\",\"target\":[\"https:\/\/www.heartfailurematters.org\/fr\/questions-a-poser-a-votre-medecin\/relations-et-emotions\/\"]}]},{\"@type\":\"ImageObject\",\"inLanguage\":\"fr-FR\",\"@id\":\"https:\/\/www.heartfailurematters.org\/fr\/questions-a-poser-a-votre-medecin\/relations-et-emotions\/#primaryimage\",\"url\":\"https:\/\/www.heartfailurematters.org\/wp-content\/uploads\/2022\/03\/shutterstock_1685261713-1-min.jpg\",\"contentUrl\":\"https:\/\/www.heartfailurematters.org\/wp-content\/uploads\/2022\/03\/shutterstock_1685261713-1-min.jpg\",\"width\":900,\"height\":600},{\"@type\":\"BreadcrumbList\",\"@id\":\"https:\/\/www.heartfailurematters.org\/fr\/questions-a-poser-a-votre-medecin\/relations-et-emotions\/#breadcrumb\",\"itemListElement\":[{\"@type\":\"ListItem\",\"position\":1,\"name\":\"Accueil\",\"item\":\"https:\/\/www.heartfailurematters.org\/fr\/\"},{\"@type\":\"ListItem\",\"position\":2,\"name\":\"Posez des questions \u00e0 votre m\u00e9decin\",\"item\":\"https:\/\/www.heartfailurematters.org\/fr\/questions-a-poser-a-votre-medecin\/\"},{\"@type\":\"ListItem\",\"position\":3,\"name\":\"Relations et \u00e9motions\"}]},{\"@type\":\"WebSite\",\"@id\":\"https:\/\/www.heartfailurematters.org\/fr\/#website\",\"url\":\"https:\/\/www.heartfailurematters.org\/fr\/\",\"name\":\"Heart Failure Matters\",\"description\":\"Practical information for patients, families and caregivers.\",\"publisher\":{\"@id\":\"https:\/\/www.heartfailurematters.org\/fr\/#organization\"},\"potentialAction\":[{\"@type\":\"SearchAction\",\"target\":{\"@type\":\"EntryPoint\",\"urlTemplate\":\"https:\/\/www.heartfailurematters.org\/fr\/?s={search_term_string}\"},\"query-input\":{\"@type\":\"PropertyValueSpecification\",\"valueRequired\":true,\"valueName\":\"search_term_string\"}}],\"inLanguage\":\"fr-FR\"},{\"@type\":\"Organization\",\"@id\":\"https:\/\/www.heartfailurematters.org\/fr\/#organization\",\"name\":\"Heart Failure Matters\",\"url\":\"https:\/\/www.heartfailurematters.org\/fr\/\",\"logo\":{\"@type\":\"ImageObject\",\"inLanguage\":\"fr-FR\",\"@id\":\"https:\/\/www.heartfailurematters.org\/fr\/#\/schema\/logo\/image\/\",\"url\":\"https:\/\/cdn-endpoint-hfm.azureedge.net\/heartfailurematters\/2024\/07\/hfm-logo1.jpg\",\"contentUrl\":\"https:\/\/cdn-endpoint-hfm.azureedge.net\/heartfailurematters\/2024\/07\/hfm-logo1.jpg\",\"width\":1280,\"height\":720,\"caption\":\"Heart Failure Matters\"},\"image\":{\"@id\":\"https:\/\/www.heartfailurematters.org\/fr\/#\/schema\/logo\/image\/\"},\"sameAs\":[\"https:\/\/www.facebook.com\/heartfailurematters\"]}]}<\/script>\n<!-- \/ Yoast SEO plugin. -->","yoast_head_json":{"title":"Relations et \u00e9motions - Heart Failure Matters","description":"Beaucoup de personnes atteintes d'insuffisance cardiaque ont beaucoup de questions sur ce qu'elles ressentent apr\u00e8s avoir \u00e9t\u00e9 diagnostiqu\u00e9es et sur l'impact de cette pathologie sur leur vie.","robots":{"index":"index","follow":"follow","max-snippet":"max-snippet:-1","max-image-preview":"max-image-preview:large","max-video-preview":"max-video-preview:-1"},"canonical":"https:\/\/www.heartfailurematters.org\/fr\/questions-a-poser-a-votre-medecin\/relations-et-emotions\/","og_locale":"fr_FR","og_type":"article","og_title":"Relations et \u00e9motions - Heart Failure Matters","og_description":"Beaucoup de personnes atteintes d'insuffisance cardiaque ont beaucoup de questions sur ce qu'elles ressentent apr\u00e8s avoir \u00e9t\u00e9 diagnostiqu\u00e9es et sur l'impact de cette pathologie sur leur vie.","og_url":"https:\/\/www.heartfailurematters.org\/fr\/questions-a-poser-a-votre-medecin\/relations-et-emotions\/","og_site_name":"Heart Failure Matters","article_publisher":"https:\/\/www.facebook.com\/heartfailurematters","og_image":[{"width":900,"height":600,"url":"https:\/\/www.heartfailurematters.org\/wp-content\/uploads\/2022\/03\/shutterstock_1685261713-1-min.jpg","type":"image\/jpeg"}],"twitter_card":"summary_large_image","twitter_misc":{"Dur\u00e9e de lecture estim\u00e9e":"2 minutes"},"schema":{"@context":"https:\/\/schema.org","@graph":[{"@type":"WebPage","@id":"https:\/\/www.heartfailurematters.org\/fr\/questions-a-poser-a-votre-medecin\/relations-et-emotions\/","url":"https:\/\/www.heartfailurematters.org\/fr\/questions-a-poser-a-votre-medecin\/relations-et-emotions\/","name":"Relations et \u00e9motions - Heart Failure Matters","isPartOf":{"@id":"https:\/\/www.heartfailurematters.org\/fr\/#website"},"primaryImageOfPage":{"@id":"https:\/\/www.heartfailurematters.org\/fr\/questions-a-poser-a-votre-medecin\/relations-et-emotions\/#primaryimage"},"image":{"@id":"https:\/\/www.heartfailurematters.org\/fr\/questions-a-poser-a-votre-medecin\/relations-et-emotions\/#primaryimage"},"thumbnailUrl":"https:\/\/www.heartfailurematters.org\/wp-content\/uploads\/2022\/03\/shutterstock_1685261713-1-min.jpg","datePublished":"2021-01-27T21:36:26+00:00","description":"Beaucoup de personnes atteintes d'insuffisance cardiaque ont beaucoup de questions sur ce qu'elles ressentent apr\u00e8s avoir \u00e9t\u00e9 diagnostiqu\u00e9es et sur l'impact de cette pathologie sur leur vie.","breadcrumb":{"@id":"https:\/\/www.heartfailurematters.org\/fr\/questions-a-poser-a-votre-medecin\/relations-et-emotions\/#breadcrumb"},"inLanguage":"fr-FR","potentialAction":[{"@type":"ReadAction","target":["https:\/\/www.heartfailurematters.org\/fr\/questions-a-poser-a-votre-medecin\/relations-et-emotions\/"]}]},{"@type":"ImageObject","inLanguage":"fr-FR","@id":"https:\/\/www.heartfailurematters.org\/fr\/questions-a-poser-a-votre-medecin\/relations-et-emotions\/#primaryimage","url":"https:\/\/www.heartfailurematters.org\/wp-content\/uploads\/2022\/03\/shutterstock_1685261713-1-min.jpg","contentUrl":"https:\/\/www.heartfailurematters.org\/wp-content\/uploads\/2022\/03\/shutterstock_1685261713-1-min.jpg","width":900,"height":600},{"@type":"BreadcrumbList","@id":"https:\/\/www.heartfailurematters.org\/fr\/questions-a-poser-a-votre-medecin\/relations-et-emotions\/#breadcrumb","itemListElement":[{"@type":"ListItem","position":1,"name":"Accueil","item":"https:\/\/www.heartfailurematters.org\/fr\/"},{"@type":"ListItem","position":2,"name":"Posez des questions \u00e0 votre m\u00e9decin","item":"https:\/\/www.heartfailurematters.org\/fr\/questions-a-poser-a-votre-medecin\/"},{"@type":"ListItem","position":3,"name":"Relations et \u00e9motions"}]},{"@type":"WebSite","@id":"https:\/\/www.heartfailurematters.org\/fr\/#website","url":"https:\/\/www.heartfailurematters.org\/fr\/","name":"Heart Failure Matters","description":"Practical information for patients, families and caregivers.","publisher":{"@id":"https:\/\/www.heartfailurematters.org\/fr\/#organization"},"potentialAction":[{"@type":"SearchAction","target":{"@type":"EntryPoint","urlTemplate":"https:\/\/www.heartfailurematters.org\/fr\/?s={search_term_string}"},"query-input":{"@type":"PropertyValueSpecification","valueRequired":true,"valueName":"search_term_string"}}],"inLanguage":"fr-FR"},{"@type":"Organization","@id":"https:\/\/www.heartfailurematters.org\/fr\/#organization","name":"Heart Failure Matters","url":"https:\/\/www.heartfailurematters.org\/fr\/","logo":{"@type":"ImageObject","inLanguage":"fr-FR","@id":"https:\/\/www.heartfailurematters.org\/fr\/#\/schema\/logo\/image\/","url":"https:\/\/cdn-endpoint-hfm.azureedge.net\/heartfailurematters\/2024\/07\/hfm-logo1.jpg","contentUrl":"https:\/\/cdn-endpoint-hfm.azureedge.net\/heartfailurematters\/2024\/07\/hfm-logo1.jpg","width":1280,"height":720,"caption":"Heart Failure Matters"},"image":{"@id":"https:\/\/www.heartfailurematters.org\/fr\/#\/schema\/logo\/image\/"},"sameAs":["https:\/\/www.facebook.com\/heartfailurematters"]}]}},"_links":{"self":[{"href":"https:\/\/www.heartfailurematters.org\/fr\/wp-json\/wp\/v2\/pages\/534","targetHints":{"allow":["GET"]}}],"collection":[{"href":"https:\/\/www.heartfailurematters.org\/fr\/wp-json\/wp\/v2\/pages"}],"about":[{"href":"https:\/\/www.heartfailurematters.org\/fr\/wp-json\/wp\/v2\/types\/page"}],"author":[{"embeddable":true,"href":"https:\/\/www.heartfailurematters.org\/fr\/wp-json\/wp\/v2\/users\/1"}],"replies":[{"embeddable":true,"href":"https:\/\/www.heartfailurematters.org\/fr\/wp-json\/wp\/v2\/comments?post=534"}],"version-history":[{"count":0,"href":"https:\/\/www.heartfailurematters.org\/fr\/wp-json\/wp\/v2\/pages\/534\/revisions"}],"up":[{"embeddable":true,"href":"https:\/\/www.heartfailurematters.org\/fr\/wp-json\/wp\/v2\/pages\/2761"}],"wp:featuredmedia":[{"embeddable":true,"href":"https:\/\/www.heartfailurematters.org\/fr\/wp-json\/wp\/v2\/media\/11063"}],"wp:attachment":[{"href":"https:\/\/www.heartfailurematters.org\/fr\/wp-json\/wp\/v2\/media?parent=534"}],"wp:term":[{"taxonomy":"category","embeddable":true,"href":"https:\/\/www.heartfailurematters.org\/fr\/wp-json\/wp\/v2\/categories?post=534"},{"taxonomy":"post_tag","embeddable":true,"href":"https:\/\/www.heartfailurematters.org\/fr\/wp-json\/wp\/v2\/tags?post=534"}],"curies":[{"name":"wp","href":"https:\/\/api.w.org\/{rel}","templated":true}]}}