{"id":533,"date":"2021-01-27T21:36:26","date_gmt":"2021-01-27T21:36:26","guid":{"rendered":"http:\/\/heartfailurematters.local:8888\/cardiomyopathie-ou-inflammation-cardiaque\/"},"modified":"2021-06-25T14:12:51","modified_gmt":"2021-06-25T13:12:51","slug":"cardiomyopathie-ou-inflammation-cardiaque","status":"publish","type":"page","link":"https:\/\/www.heartfailurematters.org\/fr\/causes-de-linsuffisance-cardiaque-et-autres-problemes-medicaux-courants\/cardiomyopathie-ou-inflammation-cardiaque\/","title":{"rendered":"Maladies du myocarde (cardiomyopathie et inflammation)"},"content":{"rendered":"<p>Les maladies du muscle cardiaque, par opposition aux probl\u00e8mes d&rsquo;approvisionnement en sang du c\u0153ur, sont appel\u00e9es cardiomyopathies (CMP). Ces affections sont une cause fr\u00e9quente d&rsquo;insuffisance cardiaque. Par d\u00e9finition, les CMP ne sont pas caus\u00e9es par un r\u00e9tr\u00e9cissement des art\u00e8res (coronaropathie) qui r\u00e9duit l&rsquo;apport sanguin au muscle cardiaque (isch\u00e9mie) et entra\u00eene une diminution de la fonction cardiaque ainsi qu&rsquo;une crise cardiaque (infarctus du myocarde). Ceci est commun\u00e9ment appel\u00e9 cardiomyopathie isch\u00e9mique contrairement aux vraies CMP qui sont caus\u00e9es soit par des mutations g\u00e9n\u00e9tiques, soit par des causes acquises telles que les infections, la chimioth\u00e9rapie, les maladies syst\u00e9miques\/auto-immunes ou l&rsquo;abus d&rsquo;alcool\/drogues. Les CMP sont g\u00e9n\u00e9ralement de trois types.<\/p>\n<p><strong>La CMP dilat\u00e9e<\/strong> inclut les patients qui ont une fonction cardiaque r\u00e9duite accompagn\u00e9e d&rsquo;une dilatation de la cavit\u00e9 de pompage principale ou du ventricule.<\/p>\n<p><strong>La CMP hypertrophique<\/strong> est associ\u00e9e \u00e0 l&rsquo;\u00e9paississement et \u00e0 la rigidification du muscle de la cavit\u00e9 de pompage principale, le ventricule gauche. La CMP arythmog\u00e8ne est associ\u00e9e \u00e0 de graves troubles du rythme cardiaque.<\/p>\n<p><strong>La CMP g\u00e9n\u00e9tique<\/strong> est caus\u00e9e par une erreur g\u00e9n\u00e9tique inn\u00e9e affectant la structure ou la fonction des g\u00e8nes qui contr\u00f4lent le d\u00e9veloppement du c\u0153ur. Les sympt\u00f4mes peuvent \u00eatre \u00e9vidents d\u00e8s la naissance ou appara\u00eetre tardivement \u00e0 l&rsquo;adolescence. Comme ces CMP g\u00e9n\u00e9tiques touchent des individus relativement jeunes (\u00e2ge m\u00e9dian de 45-50 ans), les cons\u00e9quences \u00e9conomiques et \u00e9motionnelles de la CMP g\u00e9n\u00e9tique sont particuli\u00e8rement importantes.<\/p>\n<p>Le diagnostic d&rsquo;une CMP doit \u00e9galement comprendre des recherches approfondies pour d\u00e9couvrir les causes acquises (p. ex. chimioth\u00e9rapie ant\u00e9rieure), des conseils et des tests g\u00e9n\u00e9tiques, de l&rsquo;imagerie, des \u00e9chantillons de sang et, le cas \u00e9ch\u00e9ant, des pr\u00e9l\u00e8vements cardiaques (biopsies) qui sont effectu\u00e9s dans des centres de r\u00e9f\u00e9rence sp\u00e9cialis\u00e9s.<\/p>\n<h3>Quand soup\u00e7onner une maladie du muscle cardiaque d&rsquo;origine g\u00e9n\u00e9tique&nbsp;:<\/h3>\n<ul>\n<li>Pr\u00e9sence dans votre famille d&rsquo;insuffisance cardiaque inexpliqu\u00e9e, de troubles du rythme cardiaque, de mort subite ou de toute autre maladie musculaire g\u00e9n\u00e9rale \u00e0 un jeune \u00e2ge &lt; 55 ans.<br \/>\n\u00c9vanouissement inexpliqu\u00e9 (syncope), essoufflement (dyspn\u00e9e&nbsp;?), douleur thoracique ou \u00e9lectrocardiogramme anormal<\/li>\n<\/ul>\n<h3>\u00c0 quel test diagnostique s&rsquo;attendre lorsque vous consultez un cardiologue pour le diagnostic de votre maladie cardiaque&nbsp;?<\/h3>\n<ul>\n<li>Collecte d&rsquo;informations, y compris les ant\u00e9c\u00e9dents familiaux, les infections r\u00e9centes (maladie de Lyme, infections virales), les causes toxiques (alcool, chimioth\u00e9rapie, abus de drogues), les maladies syst\u00e9miques (inflammation, maladies ou affections d&rsquo;autres organes, y compris les reins, le foie, les articulations, les poumons)<\/li>\n<li>Pr\u00e9l\u00e8vement de sang pour tester le fonctionnement d&rsquo;autres organes.<\/li>\n<li>Imagerie cardiaque&nbsp;: \u00e9lectrocardiogramme (ECG), \u00e9chocardiographie et imagerie par r\u00e9sonance magn\u00e9tique (IRM) pour explorer la structure, la fonction, l&rsquo;inflammation et les cicatrices sur le c\u0153ur.<\/li>\n<\/ul>\n<p>Le traitement de la CMP consiste \u00e0 \u00e9liminer ou \u00e0 traiter les causes sous-jacentes (par exemple la chimioth\u00e9rapie, l&rsquo;alcool ou les infections) et, en outre, \u00e0 prescrire des m\u00e9dicaments appropri\u00e9s contre l&rsquo;insuffisance cardiaque. De nouvelles approches de traitement prometteuses sont en cours de recherche, bas\u00e9es sur une connaissance approfondie des changements mol\u00e9culaires dans le c\u0153ur. Dans l&rsquo;ensemble, l&rsquo;esp\u00e9rance de vie est bonne, car la plupart des patients sont jeunes et ne souffrent g\u00e9n\u00e9ralement pas d&rsquo;autres maladies.<\/p>\n<p><a title=\"Retour aux Probl\u00e8mes cardiaques courants\" href=\"https:\/\/www.heartfailurematters.org\/heart-failure-causes-and-other-common-medical-conditions\/common-heart-conditions\/\">Retour aux Probl\u00e8mes cardiaques courants<\/a><\/p>\n<p>&nbsp;<\/p>\n","protected":false},"excerpt":{"rendered":"<p>Les maladies du muscle cardiaque, par opposition aux probl\u00e8mes d&rsquo;approvisionnement en sang du c\u0153ur, sont appel\u00e9es cardiomyopathies (CMP). Ces affections sont une cause fr\u00e9quente d&rsquo;insuffisance cardiaque. Par d\u00e9finition, les CMP ne sont pas caus\u00e9es par un r\u00e9tr\u00e9cissement des art\u00e8res (coronaropathie) qui r\u00e9duit l&rsquo;apport sanguin au muscle cardiaque (isch\u00e9mie) et entra\u00eene une diminution de la fonction [&hellip;]<\/p>\n","protected":false},"author":1,"featured_media":10746,"parent":8045,"menu_order":7,"comment_status":"open","ping_status":"open","template":"","meta":{"_acf_changed":false,"footnotes":""},"categories":[],"tags":[],"class_list":["post-533","page","type-page","status-publish","has-post-thumbnail","hentry"],"acf":[],"yoast_head":"<!-- This site is optimized with the Yoast SEO plugin v24.8.1 - https:\/\/yoast.com\/wordpress\/plugins\/seo\/ -->\n<title>Maladie du myocarde ou inflammation du c\u0153ur<\/title>\n<meta name=\"description\" content=\"Les maladies du myocarde (cardiomyopathie) et l&#039;inflammation du myocarde (myocardite) affectent le myocarde - voici la diff\u00e9rence entre les deux\" \/>\n<meta name=\"robots\" content=\"index, follow, max-snippet:-1, max-image-preview:large, max-video-preview:-1\" \/>\n<link rel=\"canonical\" href=\"https:\/\/www.heartfailurematters.org\/fr\/causes-de-linsuffisance-cardiaque-et-autres-problemes-medicaux-courants\/cardiomyopathie-ou-inflammation-cardiaque\/\" \/>\n<meta property=\"og:locale\" content=\"fr_FR\" \/>\n<meta property=\"og:type\" content=\"article\" \/>\n<meta property=\"og:title\" content=\"Maladie du myocarde ou inflammation du c\u0153ur\" \/>\n<meta property=\"og:description\" content=\"Les maladies du myocarde (cardiomyopathie) et l&#039;inflammation du myocarde (myocardite) affectent le myocarde - voici la diff\u00e9rence entre les deux\" \/>\n<meta property=\"og:url\" content=\"https:\/\/www.heartfailurematters.org\/fr\/causes-de-linsuffisance-cardiaque-et-autres-problemes-medicaux-courants\/cardiomyopathie-ou-inflammation-cardiaque\/\" \/>\n<meta property=\"og:site_name\" content=\"Heart Failure Matters\" \/>\n<meta property=\"article:publisher\" content=\"https:\/\/www.facebook.com\/heartfailurematters\" \/>\n<meta property=\"article:modified_time\" content=\"2021-06-25T13:12:51+00:00\" \/>\n<meta property=\"og:image\" content=\"https:\/\/www.heartfailurematters.org\/wp-content\/uploads\/2022\/03\/shutterstock_1673602240-1-min.jpg\" \/>\n\t<meta property=\"og:image:width\" content=\"900\" \/>\n\t<meta property=\"og:image:height\" content=\"601\" \/>\n\t<meta property=\"og:image:type\" content=\"image\/jpeg\" \/>\n<meta name=\"twitter:card\" content=\"summary_large_image\" \/>\n<meta name=\"twitter:label1\" content=\"Dur\u00e9e de lecture estim\u00e9e\" \/>\n\t<meta name=\"twitter:data1\" content=\"3 minutes\" \/>\n<script type=\"application\/ld+json\" class=\"yoast-schema-graph\">{\"@context\":\"https:\/\/schema.org\",\"@graph\":[{\"@type\":\"WebPage\",\"@id\":\"https:\/\/www.heartfailurematters.org\/fr\/causes-de-linsuffisance-cardiaque-et-autres-problemes-medicaux-courants\/cardiomyopathie-ou-inflammation-cardiaque\/\",\"url\":\"https:\/\/www.heartfailurematters.org\/fr\/causes-de-linsuffisance-cardiaque-et-autres-problemes-medicaux-courants\/cardiomyopathie-ou-inflammation-cardiaque\/\",\"name\":\"Maladie du myocarde ou inflammation du c\u0153ur\",\"isPartOf\":{\"@id\":\"https:\/\/www.heartfailurematters.org\/fr\/#website\"},\"primaryImageOfPage\":{\"@id\":\"https:\/\/www.heartfailurematters.org\/fr\/causes-de-linsuffisance-cardiaque-et-autres-problemes-medicaux-courants\/cardiomyopathie-ou-inflammation-cardiaque\/#primaryimage\"},\"image\":{\"@id\":\"https:\/\/www.heartfailurematters.org\/fr\/causes-de-linsuffisance-cardiaque-et-autres-problemes-medicaux-courants\/cardiomyopathie-ou-inflammation-cardiaque\/#primaryimage\"},\"thumbnailUrl\":\"https:\/\/www.heartfailurematters.org\/wp-content\/uploads\/2022\/03\/shutterstock_1673602240-1-min.jpg\",\"datePublished\":\"2021-01-27T21:36:26+00:00\",\"dateModified\":\"2021-06-25T13:12:51+00:00\",\"description\":\"Les maladies du myocarde (cardiomyopathie) et l'inflammation du myocarde (myocardite) affectent le myocarde - voici la diff\u00e9rence entre les deux\",\"breadcrumb\":{\"@id\":\"https:\/\/www.heartfailurematters.org\/fr\/causes-de-linsuffisance-cardiaque-et-autres-problemes-medicaux-courants\/cardiomyopathie-ou-inflammation-cardiaque\/#breadcrumb\"},\"inLanguage\":\"fr-FR\",\"potentialAction\":[{\"@type\":\"ReadAction\",\"target\":[\"https:\/\/www.heartfailurematters.org\/fr\/causes-de-linsuffisance-cardiaque-et-autres-problemes-medicaux-courants\/cardiomyopathie-ou-inflammation-cardiaque\/\"]}]},{\"@type\":\"ImageObject\",\"inLanguage\":\"fr-FR\",\"@id\":\"https:\/\/www.heartfailurematters.org\/fr\/causes-de-linsuffisance-cardiaque-et-autres-problemes-medicaux-courants\/cardiomyopathie-ou-inflammation-cardiaque\/#primaryimage\",\"url\":\"https:\/\/www.heartfailurematters.org\/wp-content\/uploads\/2022\/03\/shutterstock_1673602240-1-min.jpg\",\"contentUrl\":\"https:\/\/www.heartfailurematters.org\/wp-content\/uploads\/2022\/03\/shutterstock_1673602240-1-min.jpg\",\"width\":900,\"height\":601},{\"@type\":\"BreadcrumbList\",\"@id\":\"https:\/\/www.heartfailurematters.org\/fr\/causes-de-linsuffisance-cardiaque-et-autres-problemes-medicaux-courants\/cardiomyopathie-ou-inflammation-cardiaque\/#breadcrumb\",\"itemListElement\":[{\"@type\":\"ListItem\",\"position\":1,\"name\":\"Accueil\",\"item\":\"https:\/\/www.heartfailurematters.org\/fr\/\"},{\"@type\":\"ListItem\",\"position\":2,\"name\":\"Causes de l&#8217;insuffisance cardiaque et autres probl\u00e8mes m\u00e9dicaux associ\u00e9s\",\"item\":\"https:\/\/www.heartfailurematters.org\/fr\/causes-de-linsuffisance-cardiaque-et-autres-problemes-medicaux-courants\/\"},{\"@type\":\"ListItem\",\"position\":3,\"name\":\"Maladies du myocarde (cardiomyopathie et inflammation)\"}]},{\"@type\":\"WebSite\",\"@id\":\"https:\/\/www.heartfailurematters.org\/fr\/#website\",\"url\":\"https:\/\/www.heartfailurematters.org\/fr\/\",\"name\":\"Heart Failure Matters\",\"description\":\"Practical information for patients, families and caregivers.\",\"publisher\":{\"@id\":\"https:\/\/www.heartfailurematters.org\/fr\/#organization\"},\"potentialAction\":[{\"@type\":\"SearchAction\",\"target\":{\"@type\":\"EntryPoint\",\"urlTemplate\":\"https:\/\/www.heartfailurematters.org\/fr\/?s={search_term_string}\"},\"query-input\":{\"@type\":\"PropertyValueSpecification\",\"valueRequired\":true,\"valueName\":\"search_term_string\"}}],\"inLanguage\":\"fr-FR\"},{\"@type\":\"Organization\",\"@id\":\"https:\/\/www.heartfailurematters.org\/fr\/#organization\",\"name\":\"Heart Failure Matters\",\"url\":\"https:\/\/www.heartfailurematters.org\/fr\/\",\"logo\":{\"@type\":\"ImageObject\",\"inLanguage\":\"fr-FR\",\"@id\":\"https:\/\/www.heartfailurematters.org\/fr\/#\/schema\/logo\/image\/\",\"url\":\"https:\/\/cdn-endpoint-hfm.azureedge.net\/heartfailurematters\/2024\/07\/hfm-logo1.jpg\",\"contentUrl\":\"https:\/\/cdn-endpoint-hfm.azureedge.net\/heartfailurematters\/2024\/07\/hfm-logo1.jpg\",\"width\":1280,\"height\":720,\"caption\":\"Heart Failure Matters\"},\"image\":{\"@id\":\"https:\/\/www.heartfailurematters.org\/fr\/#\/schema\/logo\/image\/\"},\"sameAs\":[\"https:\/\/www.facebook.com\/heartfailurematters\"]}]}<\/script>\n<!-- \/ Yoast SEO plugin. -->","yoast_head_json":{"title":"Maladie du myocarde ou inflammation du c\u0153ur","description":"Les maladies du myocarde (cardiomyopathie) et l'inflammation du myocarde (myocardite) affectent le myocarde - voici la diff\u00e9rence entre les deux","robots":{"index":"index","follow":"follow","max-snippet":"max-snippet:-1","max-image-preview":"max-image-preview:large","max-video-preview":"max-video-preview:-1"},"canonical":"https:\/\/www.heartfailurematters.org\/fr\/causes-de-linsuffisance-cardiaque-et-autres-problemes-medicaux-courants\/cardiomyopathie-ou-inflammation-cardiaque\/","og_locale":"fr_FR","og_type":"article","og_title":"Maladie du myocarde ou inflammation du c\u0153ur","og_description":"Les maladies du myocarde (cardiomyopathie) et l'inflammation du myocarde (myocardite) affectent le myocarde - voici la diff\u00e9rence entre les deux","og_url":"https:\/\/www.heartfailurematters.org\/fr\/causes-de-linsuffisance-cardiaque-et-autres-problemes-medicaux-courants\/cardiomyopathie-ou-inflammation-cardiaque\/","og_site_name":"Heart Failure Matters","article_publisher":"https:\/\/www.facebook.com\/heartfailurematters","article_modified_time":"2021-06-25T13:12:51+00:00","og_image":[{"width":900,"height":601,"url":"https:\/\/www.heartfailurematters.org\/wp-content\/uploads\/2022\/03\/shutterstock_1673602240-1-min.jpg","type":"image\/jpeg"}],"twitter_card":"summary_large_image","twitter_misc":{"Dur\u00e9e de lecture estim\u00e9e":"3 minutes"},"schema":{"@context":"https:\/\/schema.org","@graph":[{"@type":"WebPage","@id":"https:\/\/www.heartfailurematters.org\/fr\/causes-de-linsuffisance-cardiaque-et-autres-problemes-medicaux-courants\/cardiomyopathie-ou-inflammation-cardiaque\/","url":"https:\/\/www.heartfailurematters.org\/fr\/causes-de-linsuffisance-cardiaque-et-autres-problemes-medicaux-courants\/cardiomyopathie-ou-inflammation-cardiaque\/","name":"Maladie du myocarde ou inflammation du c\u0153ur","isPartOf":{"@id":"https:\/\/www.heartfailurematters.org\/fr\/#website"},"primaryImageOfPage":{"@id":"https:\/\/www.heartfailurematters.org\/fr\/causes-de-linsuffisance-cardiaque-et-autres-problemes-medicaux-courants\/cardiomyopathie-ou-inflammation-cardiaque\/#primaryimage"},"image":{"@id":"https:\/\/www.heartfailurematters.org\/fr\/causes-de-linsuffisance-cardiaque-et-autres-problemes-medicaux-courants\/cardiomyopathie-ou-inflammation-cardiaque\/#primaryimage"},"thumbnailUrl":"https:\/\/www.heartfailurematters.org\/wp-content\/uploads\/2022\/03\/shutterstock_1673602240-1-min.jpg","datePublished":"2021-01-27T21:36:26+00:00","dateModified":"2021-06-25T13:12:51+00:00","description":"Les maladies du myocarde (cardiomyopathie) et l'inflammation du myocarde (myocardite) affectent le myocarde - voici la diff\u00e9rence entre les deux","breadcrumb":{"@id":"https:\/\/www.heartfailurematters.org\/fr\/causes-de-linsuffisance-cardiaque-et-autres-problemes-medicaux-courants\/cardiomyopathie-ou-inflammation-cardiaque\/#breadcrumb"},"inLanguage":"fr-FR","potentialAction":[{"@type":"ReadAction","target":["https:\/\/www.heartfailurematters.org\/fr\/causes-de-linsuffisance-cardiaque-et-autres-problemes-medicaux-courants\/cardiomyopathie-ou-inflammation-cardiaque\/"]}]},{"@type":"ImageObject","inLanguage":"fr-FR","@id":"https:\/\/www.heartfailurematters.org\/fr\/causes-de-linsuffisance-cardiaque-et-autres-problemes-medicaux-courants\/cardiomyopathie-ou-inflammation-cardiaque\/#primaryimage","url":"https:\/\/www.heartfailurematters.org\/wp-content\/uploads\/2022\/03\/shutterstock_1673602240-1-min.jpg","contentUrl":"https:\/\/www.heartfailurematters.org\/wp-content\/uploads\/2022\/03\/shutterstock_1673602240-1-min.jpg","width":900,"height":601},{"@type":"BreadcrumbList","@id":"https:\/\/www.heartfailurematters.org\/fr\/causes-de-linsuffisance-cardiaque-et-autres-problemes-medicaux-courants\/cardiomyopathie-ou-inflammation-cardiaque\/#breadcrumb","itemListElement":[{"@type":"ListItem","position":1,"name":"Accueil","item":"https:\/\/www.heartfailurematters.org\/fr\/"},{"@type":"ListItem","position":2,"name":"Causes de l&#8217;insuffisance cardiaque et autres probl\u00e8mes m\u00e9dicaux associ\u00e9s","item":"https:\/\/www.heartfailurematters.org\/fr\/causes-de-linsuffisance-cardiaque-et-autres-problemes-medicaux-courants\/"},{"@type":"ListItem","position":3,"name":"Maladies du myocarde (cardiomyopathie et inflammation)"}]},{"@type":"WebSite","@id":"https:\/\/www.heartfailurematters.org\/fr\/#website","url":"https:\/\/www.heartfailurematters.org\/fr\/","name":"Heart Failure Matters","description":"Practical information for patients, families and caregivers.","publisher":{"@id":"https:\/\/www.heartfailurematters.org\/fr\/#organization"},"potentialAction":[{"@type":"SearchAction","target":{"@type":"EntryPoint","urlTemplate":"https:\/\/www.heartfailurematters.org\/fr\/?s={search_term_string}"},"query-input":{"@type":"PropertyValueSpecification","valueRequired":true,"valueName":"search_term_string"}}],"inLanguage":"fr-FR"},{"@type":"Organization","@id":"https:\/\/www.heartfailurematters.org\/fr\/#organization","name":"Heart Failure Matters","url":"https:\/\/www.heartfailurematters.org\/fr\/","logo":{"@type":"ImageObject","inLanguage":"fr-FR","@id":"https:\/\/www.heartfailurematters.org\/fr\/#\/schema\/logo\/image\/","url":"https:\/\/cdn-endpoint-hfm.azureedge.net\/heartfailurematters\/2024\/07\/hfm-logo1.jpg","contentUrl":"https:\/\/cdn-endpoint-hfm.azureedge.net\/heartfailurematters\/2024\/07\/hfm-logo1.jpg","width":1280,"height":720,"caption":"Heart Failure Matters"},"image":{"@id":"https:\/\/www.heartfailurematters.org\/fr\/#\/schema\/logo\/image\/"},"sameAs":["https:\/\/www.facebook.com\/heartfailurematters"]}]}},"_links":{"self":[{"href":"https:\/\/www.heartfailurematters.org\/fr\/wp-json\/wp\/v2\/pages\/533","targetHints":{"allow":["GET"]}}],"collection":[{"href":"https:\/\/www.heartfailurematters.org\/fr\/wp-json\/wp\/v2\/pages"}],"about":[{"href":"https:\/\/www.heartfailurematters.org\/fr\/wp-json\/wp\/v2\/types\/page"}],"author":[{"embeddable":true,"href":"https:\/\/www.heartfailurematters.org\/fr\/wp-json\/wp\/v2\/users\/1"}],"replies":[{"embeddable":true,"href":"https:\/\/www.heartfailurematters.org\/fr\/wp-json\/wp\/v2\/comments?post=533"}],"version-history":[{"count":2,"href":"https:\/\/www.heartfailurematters.org\/fr\/wp-json\/wp\/v2\/pages\/533\/revisions"}],"predecessor-version":[{"id":9092,"href":"https:\/\/www.heartfailurematters.org\/fr\/wp-json\/wp\/v2\/pages\/533\/revisions\/9092"}],"up":[{"embeddable":true,"href":"https:\/\/www.heartfailurematters.org\/fr\/wp-json\/wp\/v2\/pages\/8045"}],"wp:featuredmedia":[{"embeddable":true,"href":"https:\/\/www.heartfailurematters.org\/fr\/wp-json\/wp\/v2\/media\/10746"}],"wp:attachment":[{"href":"https:\/\/www.heartfailurematters.org\/fr\/wp-json\/wp\/v2\/media?parent=533"}],"wp:term":[{"taxonomy":"category","embeddable":true,"href":"https:\/\/www.heartfailurematters.org\/fr\/wp-json\/wp\/v2\/categories?post=533"},{"taxonomy":"post_tag","embeddable":true,"href":"https:\/\/www.heartfailurematters.org\/fr\/wp-json\/wp\/v2\/tags?post=533"}],"curies":[{"name":"wp","href":"https:\/\/api.w.org\/{rel}","templated":true}]}}