{"id":531,"date":"2021-01-27T21:36:26","date_gmt":"2021-01-27T21:36:26","guid":{"rendered":"http:\/\/heartfailurematters.local:8888\/parler-de-votre-insuffisance-cardiaque-a-votre-famille\/"},"modified":"2021-01-27T21:36:26","modified_gmt":"2021-01-27T21:36:26","slug":"parler-de-votre-insuffisance-cardiaque-a-votre-famille","status":"publish","type":"page","link":"https:\/\/www.heartfailurematters.org\/fr\/vivre-avec-une-insuffisance-cardiaque\/parler-de-votre-insuffisance-cardiaque-a-votre-famille\/","title":{"rendered":"Parler de votre insuffisance cardiaque \u00e0 votre famille"},"content":{"rendered":"<p>Il&nbsp;peut vous \u00eatre difficile, dans un premier temps,&nbsp;de parler de votre insuffisance cardiaque. Il vous sera d&rsquo;autant plus difficile de le faire si vous avez du mal \u00e0 accepter votre diagnostic. Il est important de comprendre que vos proches peuvent \u00e9prouver des sentiments semblables, comme la peur et l\u2019inqui\u00e9tude pour votre sant\u00e9 et votre bien-\u00eatre. Ils peuvent avoir besoin de partager leurs pens\u00e9es et sentiments avec vous.&nbsp;La r\u00e9ticence que vous pourriez avoir \u00e0 partager vos sentiments sur ce qui vous arrive peut aussi affecter les personnes autour de vous. La bonne gestion de l\u2019insuffisance cardiaque n\u00e9cessite souvent un effort collectif. Vos proches peuvent jouer un r\u00f4le clef en vous soutenant afin que vous puissiez vivre aussi activement que possible malgr\u00e9 votre insuffisance cardiaque. Il est donc important pour votre propre bien-\u00eatre que vous n\u2019emp\u00eachiez pas vos proches de vous aider ou de vous soutenir pendant ce moment de votre vie. Montrez-leur que vous appr\u00e9ciez leur d\u00e9vouement.&nbsp;Les suggestions suivantes vous seront peut-\u00eatre utiles pour communiquer&nbsp;avec&nbsp;vos proches&nbsp;au sujet de votre insuffisance cardiaque et pour les impliquer&nbsp;sans que cela vous g\u00eane&nbsp;: &nbsp;&nbsp;&nbsp;<\/p>\n<ul>\n<li>Au fur et \u00e0 mesure que vous en apprenez davantage au sujet de votre insuffisance cardiaque, informez vos proches.<\/li>\n<li>Expliquez \u00e0 vos proches la meilleure mani\u00e8re de vous apporter un soutien moral et \u00e9motionnel.<\/li>\n<li>Impliquez-les pour qu\u2019ils vous aident dans diff\u00e9rents aspects de vos soins m\u00e9dicaux&nbsp;: par exemple en vous aidant dans la prise des m\u00e9dicaments ou en mesurant votre fr\u00e9quence cardiaque et votre tension art\u00e9rielle.<\/li>\n<li>Envisagez de quelle mani\u00e8re vous et votre famille pouvez pratiquer des activit\u00e9s ensemble. Par exemple&nbsp;:<\/li>\n<li>Soyez ouvert aux sorties en famille comportant un niveau d\u2019activit\u00e9&nbsp;appropri\u00e9 \u00e0 votre condition.<\/li>\n<li>Pr\u00e9parez des repas sains ensemble.<\/li>\n<li>Encouragez d&rsquo;autres membres de la famille \u00e0 apporter les m\u00eames changements \u00e0 leur mode de vie, car cela peut \u00e9galement diminuer leur propre risque de contracter une cardiopathie.<\/li>\n<li>Faites savoir que vous accepterez de l&rsquo;aide, mais que vous voulez rester le plus ind\u00e9pendant possible. Les personnes atteintes d\u2019insuffisance cardiaque ont souvent certaines limites physiques mais elles doivent \u00e9galement \u00eatre actives et faire de l&rsquo;exercice r\u00e9guli\u00e8rement. Il s\u2019agit d\u2019une partie essentielle de votre plan de traitement.<\/li>\n<li>Consultez ce site Web avec un proche.<\/li>\n<\/ul>\n<p><a href=\"https:\/\/www.heartfailurematters.org\/fr\/vivre-avec-une-insuffisance-cardiaque\/relationnel\/\" \"=\"\" title=\"Return to Relationships\">Retourner \u00e0 la rubrique \u00ab&nbsp;Relationnel&nbsp;\u00bb<\/a><\/p>\n","protected":false},"excerpt":{"rendered":"<p>Il&nbsp;peut vous \u00eatre difficile, dans un premier temps,&nbsp;de parler de votre insuffisance cardiaque. Il vous sera d&rsquo;autant plus difficile de le faire si vous avez du mal \u00e0 accepter votre diagnostic. Il est important de comprendre que vos proches peuvent \u00e9prouver des sentiments semblables, comme la peur et l\u2019inqui\u00e9tude pour votre sant\u00e9 et votre bien-\u00eatre. [&hellip;]<\/p>\n","protected":false},"author":1,"featured_media":11143,"parent":2812,"menu_order":0,"comment_status":"open","ping_status":"open","template":"","meta":{"_acf_changed":false,"footnotes":""},"categories":[],"tags":[],"class_list":["post-531","page","type-page","status-publish","has-post-thumbnail","hentry"],"acf":[],"yoast_head":"<!-- This site is optimized with the Yoast SEO plugin v24.8.1 - https:\/\/yoast.com\/wordpress\/plugins\/seo\/ -->\n<title>Parler de votre insuffisance cardiaque \u00e0 votre famille - Heart Failure Matters<\/title>\n<meta name=\"description\" content=\"Il est important que vous compreniez que vos proches peuvent \u00e9galement avoir des r\u00e9actions similaires aux v\u00f4tres, telles que la peur et l&#039;inqui\u00e9tude vis-\u00e0-vis de votre s\u00e9curit\u00e9 et de votre bien-\u00eatre\" \/>\n<meta name=\"robots\" content=\"index, follow, max-snippet:-1, max-image-preview:large, max-video-preview:-1\" \/>\n<link rel=\"canonical\" href=\"https:\/\/www.heartfailurematters.org\/fr\/vivre-avec-une-insuffisance-cardiaque\/parler-de-votre-insuffisance-cardiaque-a-votre-famille\/\" \/>\n<meta property=\"og:locale\" content=\"fr_FR\" \/>\n<meta property=\"og:type\" content=\"article\" \/>\n<meta property=\"og:title\" content=\"Parler de votre insuffisance cardiaque \u00e0 votre famille - Heart Failure Matters\" \/>\n<meta property=\"og:description\" content=\"Il est important que vous compreniez que vos proches peuvent \u00e9galement avoir des r\u00e9actions similaires aux v\u00f4tres, telles que la peur et l&#039;inqui\u00e9tude vis-\u00e0-vis de votre s\u00e9curit\u00e9 et de votre bien-\u00eatre\" \/>\n<meta property=\"og:url\" content=\"https:\/\/www.heartfailurematters.org\/fr\/vivre-avec-une-insuffisance-cardiaque\/parler-de-votre-insuffisance-cardiaque-a-votre-famille\/\" \/>\n<meta property=\"og:site_name\" content=\"Heart Failure Matters\" \/>\n<meta property=\"article:publisher\" content=\"https:\/\/www.facebook.com\/heartfailurematters\" \/>\n<meta property=\"og:image\" content=\"https:\/\/www.heartfailurematters.org\/wp-content\/uploads\/2022\/03\/shutterstock_326634329-1-min.jpg\" \/>\n\t<meta property=\"og:image:width\" content=\"900\" \/>\n\t<meta property=\"og:image:height\" content=\"600\" \/>\n\t<meta property=\"og:image:type\" content=\"image\/jpeg\" \/>\n<meta name=\"twitter:card\" content=\"summary_large_image\" \/>\n<meta name=\"twitter:label1\" content=\"Dur\u00e9e de lecture estim\u00e9e\" \/>\n\t<meta name=\"twitter:data1\" content=\"2 minutes\" \/>\n<script type=\"application\/ld+json\" class=\"yoast-schema-graph\">{\"@context\":\"https:\/\/schema.org\",\"@graph\":[{\"@type\":\"WebPage\",\"@id\":\"https:\/\/www.heartfailurematters.org\/fr\/vivre-avec-une-insuffisance-cardiaque\/parler-de-votre-insuffisance-cardiaque-a-votre-famille\/\",\"url\":\"https:\/\/www.heartfailurematters.org\/fr\/vivre-avec-une-insuffisance-cardiaque\/parler-de-votre-insuffisance-cardiaque-a-votre-famille\/\",\"name\":\"Parler de votre insuffisance cardiaque \u00e0 votre famille - Heart Failure Matters\",\"isPartOf\":{\"@id\":\"https:\/\/www.heartfailurematters.org\/fr\/#website\"},\"primaryImageOfPage\":{\"@id\":\"https:\/\/www.heartfailurematters.org\/fr\/vivre-avec-une-insuffisance-cardiaque\/parler-de-votre-insuffisance-cardiaque-a-votre-famille\/#primaryimage\"},\"image\":{\"@id\":\"https:\/\/www.heartfailurematters.org\/fr\/vivre-avec-une-insuffisance-cardiaque\/parler-de-votre-insuffisance-cardiaque-a-votre-famille\/#primaryimage\"},\"thumbnailUrl\":\"https:\/\/www.heartfailurematters.org\/wp-content\/uploads\/2022\/03\/shutterstock_326634329-1-min.jpg\",\"datePublished\":\"2021-01-27T21:36:26+00:00\",\"description\":\"Il est important que vous compreniez que vos proches peuvent \u00e9galement avoir des r\u00e9actions similaires aux v\u00f4tres, telles que la peur et l'inqui\u00e9tude vis-\u00e0-vis de votre s\u00e9curit\u00e9 et de votre bien-\u00eatre\",\"breadcrumb\":{\"@id\":\"https:\/\/www.heartfailurematters.org\/fr\/vivre-avec-une-insuffisance-cardiaque\/parler-de-votre-insuffisance-cardiaque-a-votre-famille\/#breadcrumb\"},\"inLanguage\":\"fr-FR\",\"potentialAction\":[{\"@type\":\"ReadAction\",\"target\":[\"https:\/\/www.heartfailurematters.org\/fr\/vivre-avec-une-insuffisance-cardiaque\/parler-de-votre-insuffisance-cardiaque-a-votre-famille\/\"]}]},{\"@type\":\"ImageObject\",\"inLanguage\":\"fr-FR\",\"@id\":\"https:\/\/www.heartfailurematters.org\/fr\/vivre-avec-une-insuffisance-cardiaque\/parler-de-votre-insuffisance-cardiaque-a-votre-famille\/#primaryimage\",\"url\":\"https:\/\/www.heartfailurematters.org\/wp-content\/uploads\/2022\/03\/shutterstock_326634329-1-min.jpg\",\"contentUrl\":\"https:\/\/www.heartfailurematters.org\/wp-content\/uploads\/2022\/03\/shutterstock_326634329-1-min.jpg\",\"width\":900,\"height\":600},{\"@type\":\"BreadcrumbList\",\"@id\":\"https:\/\/www.heartfailurematters.org\/fr\/vivre-avec-une-insuffisance-cardiaque\/parler-de-votre-insuffisance-cardiaque-a-votre-famille\/#breadcrumb\",\"itemListElement\":[{\"@type\":\"ListItem\",\"position\":1,\"name\":\"Accueil\",\"item\":\"https:\/\/www.heartfailurematters.org\/fr\/\"},{\"@type\":\"ListItem\",\"position\":2,\"name\":\"Vivre avec l&#8217;insuffisance cardiaque\",\"item\":\"https:\/\/www.heartfailurematters.org\/fr\/vivre-avec-une-insuffisance-cardiaque\/\"},{\"@type\":\"ListItem\",\"position\":3,\"name\":\"Parler de votre insuffisance cardiaque \u00e0 votre famille\"}]},{\"@type\":\"WebSite\",\"@id\":\"https:\/\/www.heartfailurematters.org\/fr\/#website\",\"url\":\"https:\/\/www.heartfailurematters.org\/fr\/\",\"name\":\"Heart Failure Matters\",\"description\":\"Practical information for patients, families and caregivers.\",\"publisher\":{\"@id\":\"https:\/\/www.heartfailurematters.org\/fr\/#organization\"},\"potentialAction\":[{\"@type\":\"SearchAction\",\"target\":{\"@type\":\"EntryPoint\",\"urlTemplate\":\"https:\/\/www.heartfailurematters.org\/fr\/?s={search_term_string}\"},\"query-input\":{\"@type\":\"PropertyValueSpecification\",\"valueRequired\":true,\"valueName\":\"search_term_string\"}}],\"inLanguage\":\"fr-FR\"},{\"@type\":\"Organization\",\"@id\":\"https:\/\/www.heartfailurematters.org\/fr\/#organization\",\"name\":\"Heart Failure Matters\",\"url\":\"https:\/\/www.heartfailurematters.org\/fr\/\",\"logo\":{\"@type\":\"ImageObject\",\"inLanguage\":\"fr-FR\",\"@id\":\"https:\/\/www.heartfailurematters.org\/fr\/#\/schema\/logo\/image\/\",\"url\":\"https:\/\/cdn-endpoint-hfm.azureedge.net\/heartfailurematters\/2024\/07\/hfm-logo1.jpg\",\"contentUrl\":\"https:\/\/cdn-endpoint-hfm.azureedge.net\/heartfailurematters\/2024\/07\/hfm-logo1.jpg\",\"width\":1280,\"height\":720,\"caption\":\"Heart Failure Matters\"},\"image\":{\"@id\":\"https:\/\/www.heartfailurematters.org\/fr\/#\/schema\/logo\/image\/\"},\"sameAs\":[\"https:\/\/www.facebook.com\/heartfailurematters\"]}]}<\/script>\n<!-- \/ Yoast SEO plugin. -->","yoast_head_json":{"title":"Parler de votre insuffisance cardiaque \u00e0 votre famille - Heart Failure Matters","description":"Il est important que vous compreniez que vos proches peuvent \u00e9galement avoir des r\u00e9actions similaires aux v\u00f4tres, telles que la peur et l'inqui\u00e9tude vis-\u00e0-vis de votre s\u00e9curit\u00e9 et de votre bien-\u00eatre","robots":{"index":"index","follow":"follow","max-snippet":"max-snippet:-1","max-image-preview":"max-image-preview:large","max-video-preview":"max-video-preview:-1"},"canonical":"https:\/\/www.heartfailurematters.org\/fr\/vivre-avec-une-insuffisance-cardiaque\/parler-de-votre-insuffisance-cardiaque-a-votre-famille\/","og_locale":"fr_FR","og_type":"article","og_title":"Parler de votre insuffisance cardiaque \u00e0 votre famille - Heart Failure Matters","og_description":"Il est important que vous compreniez que vos proches peuvent \u00e9galement avoir des r\u00e9actions similaires aux v\u00f4tres, telles que la peur et l'inqui\u00e9tude vis-\u00e0-vis de votre s\u00e9curit\u00e9 et de votre bien-\u00eatre","og_url":"https:\/\/www.heartfailurematters.org\/fr\/vivre-avec-une-insuffisance-cardiaque\/parler-de-votre-insuffisance-cardiaque-a-votre-famille\/","og_site_name":"Heart Failure Matters","article_publisher":"https:\/\/www.facebook.com\/heartfailurematters","og_image":[{"width":900,"height":600,"url":"https:\/\/www.heartfailurematters.org\/wp-content\/uploads\/2022\/03\/shutterstock_326634329-1-min.jpg","type":"image\/jpeg"}],"twitter_card":"summary_large_image","twitter_misc":{"Dur\u00e9e de lecture estim\u00e9e":"2 minutes"},"schema":{"@context":"https:\/\/schema.org","@graph":[{"@type":"WebPage","@id":"https:\/\/www.heartfailurematters.org\/fr\/vivre-avec-une-insuffisance-cardiaque\/parler-de-votre-insuffisance-cardiaque-a-votre-famille\/","url":"https:\/\/www.heartfailurematters.org\/fr\/vivre-avec-une-insuffisance-cardiaque\/parler-de-votre-insuffisance-cardiaque-a-votre-famille\/","name":"Parler de votre insuffisance cardiaque \u00e0 votre famille - Heart Failure Matters","isPartOf":{"@id":"https:\/\/www.heartfailurematters.org\/fr\/#website"},"primaryImageOfPage":{"@id":"https:\/\/www.heartfailurematters.org\/fr\/vivre-avec-une-insuffisance-cardiaque\/parler-de-votre-insuffisance-cardiaque-a-votre-famille\/#primaryimage"},"image":{"@id":"https:\/\/www.heartfailurematters.org\/fr\/vivre-avec-une-insuffisance-cardiaque\/parler-de-votre-insuffisance-cardiaque-a-votre-famille\/#primaryimage"},"thumbnailUrl":"https:\/\/www.heartfailurematters.org\/wp-content\/uploads\/2022\/03\/shutterstock_326634329-1-min.jpg","datePublished":"2021-01-27T21:36:26+00:00","description":"Il est important que vous compreniez que vos proches peuvent \u00e9galement avoir des r\u00e9actions similaires aux v\u00f4tres, telles que la peur et l'inqui\u00e9tude vis-\u00e0-vis de votre s\u00e9curit\u00e9 et de votre bien-\u00eatre","breadcrumb":{"@id":"https:\/\/www.heartfailurematters.org\/fr\/vivre-avec-une-insuffisance-cardiaque\/parler-de-votre-insuffisance-cardiaque-a-votre-famille\/#breadcrumb"},"inLanguage":"fr-FR","potentialAction":[{"@type":"ReadAction","target":["https:\/\/www.heartfailurematters.org\/fr\/vivre-avec-une-insuffisance-cardiaque\/parler-de-votre-insuffisance-cardiaque-a-votre-famille\/"]}]},{"@type":"ImageObject","inLanguage":"fr-FR","@id":"https:\/\/www.heartfailurematters.org\/fr\/vivre-avec-une-insuffisance-cardiaque\/parler-de-votre-insuffisance-cardiaque-a-votre-famille\/#primaryimage","url":"https:\/\/www.heartfailurematters.org\/wp-content\/uploads\/2022\/03\/shutterstock_326634329-1-min.jpg","contentUrl":"https:\/\/www.heartfailurematters.org\/wp-content\/uploads\/2022\/03\/shutterstock_326634329-1-min.jpg","width":900,"height":600},{"@type":"BreadcrumbList","@id":"https:\/\/www.heartfailurematters.org\/fr\/vivre-avec-une-insuffisance-cardiaque\/parler-de-votre-insuffisance-cardiaque-a-votre-famille\/#breadcrumb","itemListElement":[{"@type":"ListItem","position":1,"name":"Accueil","item":"https:\/\/www.heartfailurematters.org\/fr\/"},{"@type":"ListItem","position":2,"name":"Vivre avec l&#8217;insuffisance cardiaque","item":"https:\/\/www.heartfailurematters.org\/fr\/vivre-avec-une-insuffisance-cardiaque\/"},{"@type":"ListItem","position":3,"name":"Parler de votre insuffisance cardiaque \u00e0 votre famille"}]},{"@type":"WebSite","@id":"https:\/\/www.heartfailurematters.org\/fr\/#website","url":"https:\/\/www.heartfailurematters.org\/fr\/","name":"Heart Failure Matters","description":"Practical information for patients, families and caregivers.","publisher":{"@id":"https:\/\/www.heartfailurematters.org\/fr\/#organization"},"potentialAction":[{"@type":"SearchAction","target":{"@type":"EntryPoint","urlTemplate":"https:\/\/www.heartfailurematters.org\/fr\/?s={search_term_string}"},"query-input":{"@type":"PropertyValueSpecification","valueRequired":true,"valueName":"search_term_string"}}],"inLanguage":"fr-FR"},{"@type":"Organization","@id":"https:\/\/www.heartfailurematters.org\/fr\/#organization","name":"Heart Failure Matters","url":"https:\/\/www.heartfailurematters.org\/fr\/","logo":{"@type":"ImageObject","inLanguage":"fr-FR","@id":"https:\/\/www.heartfailurematters.org\/fr\/#\/schema\/logo\/image\/","url":"https:\/\/cdn-endpoint-hfm.azureedge.net\/heartfailurematters\/2024\/07\/hfm-logo1.jpg","contentUrl":"https:\/\/cdn-endpoint-hfm.azureedge.net\/heartfailurematters\/2024\/07\/hfm-logo1.jpg","width":1280,"height":720,"caption":"Heart Failure Matters"},"image":{"@id":"https:\/\/www.heartfailurematters.org\/fr\/#\/schema\/logo\/image\/"},"sameAs":["https:\/\/www.facebook.com\/heartfailurematters"]}]}},"_links":{"self":[{"href":"https:\/\/www.heartfailurematters.org\/fr\/wp-json\/wp\/v2\/pages\/531","targetHints":{"allow":["GET"]}}],"collection":[{"href":"https:\/\/www.heartfailurematters.org\/fr\/wp-json\/wp\/v2\/pages"}],"about":[{"href":"https:\/\/www.heartfailurematters.org\/fr\/wp-json\/wp\/v2\/types\/page"}],"author":[{"embeddable":true,"href":"https:\/\/www.heartfailurematters.org\/fr\/wp-json\/wp\/v2\/users\/1"}],"replies":[{"embeddable":true,"href":"https:\/\/www.heartfailurematters.org\/fr\/wp-json\/wp\/v2\/comments?post=531"}],"version-history":[{"count":0,"href":"https:\/\/www.heartfailurematters.org\/fr\/wp-json\/wp\/v2\/pages\/531\/revisions"}],"up":[{"embeddable":true,"href":"https:\/\/www.heartfailurematters.org\/fr\/wp-json\/wp\/v2\/pages\/2812"}],"wp:featuredmedia":[{"embeddable":true,"href":"https:\/\/www.heartfailurematters.org\/fr\/wp-json\/wp\/v2\/media\/11143"}],"wp:attachment":[{"href":"https:\/\/www.heartfailurematters.org\/fr\/wp-json\/wp\/v2\/media?parent=531"}],"wp:term":[{"taxonomy":"category","embeddable":true,"href":"https:\/\/www.heartfailurematters.org\/fr\/wp-json\/wp\/v2\/categories?post=531"},{"taxonomy":"post_tag","embeddable":true,"href":"https:\/\/www.heartfailurematters.org\/fr\/wp-json\/wp\/v2\/tags?post=531"}],"curies":[{"name":"wp","href":"https:\/\/api.w.org\/{rel}","templated":true}]}}