{"id":530,"date":"2021-01-27T21:36:22","date_gmt":"2021-01-27T21:36:22","guid":{"rendered":"http:\/\/heartfailurematters.local:8888\/fatigue-lassitude\/"},"modified":"2021-06-25T14:12:49","modified_gmt":"2021-06-25T13:12:49","slug":"fatigue-lassitude","status":"publish","type":"page","link":"https:\/\/www.heartfailurematters.org\/fr\/comprendre-linsuffisance-cardiaque\/fatigue-lassitude\/","title":{"rendered":"Fatigue"},"content":{"rendered":"<p><img decoding=\"async\" class=\"alignleft size-full wp-image-6756\" src=\"https:\/\/cdn-endpoint-hfm.azureedge.net\/heartfailurematters\/2021\/02\/fatigue.jpg\" alt=\"\" width=\"211\" height=\"206\"><\/p>\n<p>L&rsquo;insuffisance cardiaque r\u00e9duit la capacit\u00e9 de pompage de votre c\u0153ur, de sorte que moins de sang atteint vos muscles. Ce manque d&rsquo;oxyg\u00e8ne et d&rsquo;apports nutritifs provoque une fatigue de vos muscles beaucoup plus rapide.<\/p>\n<p>De plus, la capacit\u00e9 de pompage r\u00e9duite provoque la congestion des poumons, ce qui cause alors l&rsquo;essoufflement. Certains patients ont du mal \u00e0 distinguer la fatigue de l&rsquo;essoufflement. L&rsquo;augmentation de la fatigue \u00e0 l&rsquo;effort ou pendant l&rsquo;activit\u00e9 est plus probablement li\u00e9e \u00e0 l&rsquo;insuffisance cardiaque.<\/p>\n<p>Vous pouvez r\u00e9duire votre fatigue en faisant de l&rsquo;exercice. Une activit\u00e9 physique mod\u00e9r\u00e9e et un entra\u00eenement physique peuvent permettre d&rsquo;att\u00e9nuer vos sympt\u00f4mes. Contrairement \u00e0 ce que beaucoup de personnes croient, une activit\u00e9 physique est consid\u00e9r\u00e9e comme b\u00e9n\u00e9fique chez les patients souffrant d&rsquo;insuffisance cardiaque. L&rsquo;activit\u00e9 physique r\u00e9duit \u00e9galement le stress et augmente votre niveau d&rsquo;\u00e9nergie.<\/p>\n<p><a title=\"Pour en savoir plus sur les moments o\u00f9 vous devez faire de l'exercice et sur ce qu'il faut faire\" href=\"https:\/\/www.heartfailurematters.org\/what-you-can-do\/activity-and-exercise\/\">Cliquez ici<\/a> pour en savoir plus sur les moments o\u00f9 vous devez faire de l&rsquo;exercice et sur ce qu&rsquo;il faut faire<\/p>\n<p>Vous trouverez \u00e9galement des <a title=\"Techniques pour \u00e9conomiser son \u00e9nergie\" href=\"https:\/\/www.heartfailurematters.org\/living-with-heart-failure\/techniques-to-conserve-energy\/\">techniques pour \u00e9conomiser votre \u00e9nergie<\/a>, qui vous aideront \u00e0 comprendre ce que vous pouvez faire pour avoir suffisamment d&rsquo;\u00e9nergie pour continuer \u00e0 vous adonner \u00e0 vos passions.<\/p>\n<p><a title=\"Revenir aux sympt\u00f4mes\" href=\"https:\/\/www.heartfailurematters.org\/understanding-heart-failure\/symptoms-of-heart-failure\/\">Revenir aux sympt\u00f4mes<\/a><\/p>\n","protected":false},"excerpt":{"rendered":"<p>L&rsquo;insuffisance cardiaque r\u00e9duit la capacit\u00e9 de pompage de votre c\u0153ur, de sorte que moins de sang atteint vos muscles. Ce manque d&rsquo;oxyg\u00e8ne et d&rsquo;apports nutritifs provoque une fatigue de vos muscles beaucoup plus rapide. De plus, la capacit\u00e9 de pompage r\u00e9duite provoque la congestion des poumons, ce qui cause alors l&rsquo;essoufflement. Certains patients ont du [&hellip;]<\/p>\n","protected":false},"author":1,"featured_media":0,"parent":307,"menu_order":0,"comment_status":"open","ping_status":"open","template":"","meta":{"_acf_changed":false,"footnotes":""},"categories":[],"tags":[],"class_list":["post-530","page","type-page","status-publish","hentry"],"acf":[],"yoast_head":"<!-- This site is optimized with the Yoast SEO plugin v24.8.1 - https:\/\/yoast.com\/wordpress\/plugins\/seo\/ -->\n<title>Fatigue et insuffisance cardiaque<\/title>\n<meta name=\"description\" content=\"L&#039;insuffisance cardiaque r\u00e9duit la capacit\u00e9 de pompage de votre c\u0153ur, de sorte que moins de sang atteint vos muscles. Ce manque d&#039;oxyg\u00e8ne et d&#039;apports nutritifs provoque une fatigue de vos muscles beaucoup plus rapide\" \/>\n<meta name=\"robots\" content=\"index, follow, max-snippet:-1, max-image-preview:large, max-video-preview:-1\" \/>\n<link rel=\"canonical\" href=\"https:\/\/www.heartfailurematters.org\/fr\/comprendre-linsuffisance-cardiaque\/fatigue-lassitude\/\" \/>\n<meta property=\"og:locale\" content=\"fr_FR\" \/>\n<meta property=\"og:type\" content=\"article\" \/>\n<meta property=\"og:title\" content=\"Fatigue et insuffisance cardiaque\" \/>\n<meta property=\"og:description\" content=\"L&#039;insuffisance cardiaque r\u00e9duit la capacit\u00e9 de pompage de votre c\u0153ur, de sorte que moins de sang atteint vos muscles. Ce manque d&#039;oxyg\u00e8ne et d&#039;apports nutritifs provoque une fatigue de vos muscles beaucoup plus rapide\" \/>\n<meta property=\"og:url\" content=\"https:\/\/www.heartfailurematters.org\/fr\/comprendre-linsuffisance-cardiaque\/fatigue-lassitude\/\" \/>\n<meta property=\"og:site_name\" content=\"Heart Failure Matters\" \/>\n<meta property=\"article:publisher\" content=\"https:\/\/www.facebook.com\/heartfailurematters\" \/>\n<meta property=\"article:modified_time\" content=\"2021-06-25T13:12:49+00:00\" \/>\n<meta property=\"og:image\" content=\"https:\/\/cdn-endpoint-hfm.azureedge.net\/heartfailurematters\/2021\/02\/fatigue.jpg\" \/>\n<meta name=\"twitter:card\" content=\"summary_large_image\" \/>\n<meta name=\"twitter:label1\" content=\"Dur\u00e9e de lecture estim\u00e9e\" \/>\n\t<meta name=\"twitter:data1\" content=\"1 minute\" \/>\n<script type=\"application\/ld+json\" class=\"yoast-schema-graph\">{\"@context\":\"https:\/\/schema.org\",\"@graph\":[{\"@type\":\"WebPage\",\"@id\":\"https:\/\/www.heartfailurematters.org\/fr\/comprendre-linsuffisance-cardiaque\/fatigue-lassitude\/\",\"url\":\"https:\/\/www.heartfailurematters.org\/fr\/comprendre-linsuffisance-cardiaque\/fatigue-lassitude\/\",\"name\":\"Fatigue et insuffisance cardiaque\",\"isPartOf\":{\"@id\":\"https:\/\/www.heartfailurematters.org\/fr\/#website\"},\"primaryImageOfPage\":{\"@id\":\"https:\/\/www.heartfailurematters.org\/fr\/comprendre-linsuffisance-cardiaque\/fatigue-lassitude\/#primaryimage\"},\"image\":{\"@id\":\"https:\/\/www.heartfailurematters.org\/fr\/comprendre-linsuffisance-cardiaque\/fatigue-lassitude\/#primaryimage\"},\"thumbnailUrl\":\"https:\/\/cdn-endpoint-hfm.azureedge.net\/heartfailurematters\/2021\/02\/fatigue.jpg\",\"datePublished\":\"2021-01-27T21:36:22+00:00\",\"dateModified\":\"2021-06-25T13:12:49+00:00\",\"description\":\"L'insuffisance cardiaque r\u00e9duit la capacit\u00e9 de pompage de votre c\u0153ur, de sorte que moins de sang atteint vos muscles. Ce manque d'oxyg\u00e8ne et d'apports nutritifs provoque une fatigue de vos muscles beaucoup plus rapide\",\"breadcrumb\":{\"@id\":\"https:\/\/www.heartfailurematters.org\/fr\/comprendre-linsuffisance-cardiaque\/fatigue-lassitude\/#breadcrumb\"},\"inLanguage\":\"fr-FR\",\"potentialAction\":[{\"@type\":\"ReadAction\",\"target\":[\"https:\/\/www.heartfailurematters.org\/fr\/comprendre-linsuffisance-cardiaque\/fatigue-lassitude\/\"]}]},{\"@type\":\"ImageObject\",\"inLanguage\":\"fr-FR\",\"@id\":\"https:\/\/www.heartfailurematters.org\/fr\/comprendre-linsuffisance-cardiaque\/fatigue-lassitude\/#primaryimage\",\"url\":\"https:\/\/cdn-endpoint-hfm.azureedge.net\/heartfailurematters\/2021\/02\/fatigue.jpg\",\"contentUrl\":\"https:\/\/cdn-endpoint-hfm.azureedge.net\/heartfailurematters\/2021\/02\/fatigue.jpg\"},{\"@type\":\"BreadcrumbList\",\"@id\":\"https:\/\/www.heartfailurematters.org\/fr\/comprendre-linsuffisance-cardiaque\/fatigue-lassitude\/#breadcrumb\",\"itemListElement\":[{\"@type\":\"ListItem\",\"position\":1,\"name\":\"Accueil\",\"item\":\"https:\/\/www.heartfailurematters.org\/fr\/\"},{\"@type\":\"ListItem\",\"position\":2,\"name\":\"Comprendre l&#8217;insuffisance cardiaque\",\"item\":\"https:\/\/www.heartfailurematters.org\/fr\/comprendre-linsuffisance-cardiaque\/\"},{\"@type\":\"ListItem\",\"position\":3,\"name\":\"Fatigue\"}]},{\"@type\":\"WebSite\",\"@id\":\"https:\/\/www.heartfailurematters.org\/fr\/#website\",\"url\":\"https:\/\/www.heartfailurematters.org\/fr\/\",\"name\":\"Heart Failure Matters\",\"description\":\"Practical information for patients, families and caregivers.\",\"publisher\":{\"@id\":\"https:\/\/www.heartfailurematters.org\/fr\/#organization\"},\"potentialAction\":[{\"@type\":\"SearchAction\",\"target\":{\"@type\":\"EntryPoint\",\"urlTemplate\":\"https:\/\/www.heartfailurematters.org\/fr\/?s={search_term_string}\"},\"query-input\":{\"@type\":\"PropertyValueSpecification\",\"valueRequired\":true,\"valueName\":\"search_term_string\"}}],\"inLanguage\":\"fr-FR\"},{\"@type\":\"Organization\",\"@id\":\"https:\/\/www.heartfailurematters.org\/fr\/#organization\",\"name\":\"Heart Failure Matters\",\"url\":\"https:\/\/www.heartfailurematters.org\/fr\/\",\"logo\":{\"@type\":\"ImageObject\",\"inLanguage\":\"fr-FR\",\"@id\":\"https:\/\/www.heartfailurematters.org\/fr\/#\/schema\/logo\/image\/\",\"url\":\"https:\/\/cdn-endpoint-hfm.azureedge.net\/heartfailurematters\/2024\/07\/hfm-logo1.jpg\",\"contentUrl\":\"https:\/\/cdn-endpoint-hfm.azureedge.net\/heartfailurematters\/2024\/07\/hfm-logo1.jpg\",\"width\":1280,\"height\":720,\"caption\":\"Heart Failure Matters\"},\"image\":{\"@id\":\"https:\/\/www.heartfailurematters.org\/fr\/#\/schema\/logo\/image\/\"},\"sameAs\":[\"https:\/\/www.facebook.com\/heartfailurematters\"]}]}<\/script>\n<!-- \/ Yoast SEO plugin. -->","yoast_head_json":{"title":"Fatigue et insuffisance cardiaque","description":"L'insuffisance cardiaque r\u00e9duit la capacit\u00e9 de pompage de votre c\u0153ur, de sorte que moins de sang atteint vos muscles. Ce manque d'oxyg\u00e8ne et d'apports nutritifs provoque une fatigue de vos muscles beaucoup plus rapide","robots":{"index":"index","follow":"follow","max-snippet":"max-snippet:-1","max-image-preview":"max-image-preview:large","max-video-preview":"max-video-preview:-1"},"canonical":"https:\/\/www.heartfailurematters.org\/fr\/comprendre-linsuffisance-cardiaque\/fatigue-lassitude\/","og_locale":"fr_FR","og_type":"article","og_title":"Fatigue et insuffisance cardiaque","og_description":"L'insuffisance cardiaque r\u00e9duit la capacit\u00e9 de pompage de votre c\u0153ur, de sorte que moins de sang atteint vos muscles. Ce manque d'oxyg\u00e8ne et d'apports nutritifs provoque une fatigue de vos muscles beaucoup plus rapide","og_url":"https:\/\/www.heartfailurematters.org\/fr\/comprendre-linsuffisance-cardiaque\/fatigue-lassitude\/","og_site_name":"Heart Failure Matters","article_publisher":"https:\/\/www.facebook.com\/heartfailurematters","article_modified_time":"2021-06-25T13:12:49+00:00","og_image":[{"url":"https:\/\/cdn-endpoint-hfm.azureedge.net\/heartfailurematters\/2021\/02\/fatigue.jpg","type":"","width":"","height":""}],"twitter_card":"summary_large_image","twitter_misc":{"Dur\u00e9e de lecture estim\u00e9e":"1 minute"},"schema":{"@context":"https:\/\/schema.org","@graph":[{"@type":"WebPage","@id":"https:\/\/www.heartfailurematters.org\/fr\/comprendre-linsuffisance-cardiaque\/fatigue-lassitude\/","url":"https:\/\/www.heartfailurematters.org\/fr\/comprendre-linsuffisance-cardiaque\/fatigue-lassitude\/","name":"Fatigue et insuffisance cardiaque","isPartOf":{"@id":"https:\/\/www.heartfailurematters.org\/fr\/#website"},"primaryImageOfPage":{"@id":"https:\/\/www.heartfailurematters.org\/fr\/comprendre-linsuffisance-cardiaque\/fatigue-lassitude\/#primaryimage"},"image":{"@id":"https:\/\/www.heartfailurematters.org\/fr\/comprendre-linsuffisance-cardiaque\/fatigue-lassitude\/#primaryimage"},"thumbnailUrl":"https:\/\/cdn-endpoint-hfm.azureedge.net\/heartfailurematters\/2021\/02\/fatigue.jpg","datePublished":"2021-01-27T21:36:22+00:00","dateModified":"2021-06-25T13:12:49+00:00","description":"L'insuffisance cardiaque r\u00e9duit la capacit\u00e9 de pompage de votre c\u0153ur, de sorte que moins de sang atteint vos muscles. Ce manque d'oxyg\u00e8ne et d'apports nutritifs provoque une fatigue de vos muscles beaucoup plus rapide","breadcrumb":{"@id":"https:\/\/www.heartfailurematters.org\/fr\/comprendre-linsuffisance-cardiaque\/fatigue-lassitude\/#breadcrumb"},"inLanguage":"fr-FR","potentialAction":[{"@type":"ReadAction","target":["https:\/\/www.heartfailurematters.org\/fr\/comprendre-linsuffisance-cardiaque\/fatigue-lassitude\/"]}]},{"@type":"ImageObject","inLanguage":"fr-FR","@id":"https:\/\/www.heartfailurematters.org\/fr\/comprendre-linsuffisance-cardiaque\/fatigue-lassitude\/#primaryimage","url":"https:\/\/cdn-endpoint-hfm.azureedge.net\/heartfailurematters\/2021\/02\/fatigue.jpg","contentUrl":"https:\/\/cdn-endpoint-hfm.azureedge.net\/heartfailurematters\/2021\/02\/fatigue.jpg"},{"@type":"BreadcrumbList","@id":"https:\/\/www.heartfailurematters.org\/fr\/comprendre-linsuffisance-cardiaque\/fatigue-lassitude\/#breadcrumb","itemListElement":[{"@type":"ListItem","position":1,"name":"Accueil","item":"https:\/\/www.heartfailurematters.org\/fr\/"},{"@type":"ListItem","position":2,"name":"Comprendre l&#8217;insuffisance cardiaque","item":"https:\/\/www.heartfailurematters.org\/fr\/comprendre-linsuffisance-cardiaque\/"},{"@type":"ListItem","position":3,"name":"Fatigue"}]},{"@type":"WebSite","@id":"https:\/\/www.heartfailurematters.org\/fr\/#website","url":"https:\/\/www.heartfailurematters.org\/fr\/","name":"Heart Failure Matters","description":"Practical information for patients, families and caregivers.","publisher":{"@id":"https:\/\/www.heartfailurematters.org\/fr\/#organization"},"potentialAction":[{"@type":"SearchAction","target":{"@type":"EntryPoint","urlTemplate":"https:\/\/www.heartfailurematters.org\/fr\/?s={search_term_string}"},"query-input":{"@type":"PropertyValueSpecification","valueRequired":true,"valueName":"search_term_string"}}],"inLanguage":"fr-FR"},{"@type":"Organization","@id":"https:\/\/www.heartfailurematters.org\/fr\/#organization","name":"Heart Failure Matters","url":"https:\/\/www.heartfailurematters.org\/fr\/","logo":{"@type":"ImageObject","inLanguage":"fr-FR","@id":"https:\/\/www.heartfailurematters.org\/fr\/#\/schema\/logo\/image\/","url":"https:\/\/cdn-endpoint-hfm.azureedge.net\/heartfailurematters\/2024\/07\/hfm-logo1.jpg","contentUrl":"https:\/\/cdn-endpoint-hfm.azureedge.net\/heartfailurematters\/2024\/07\/hfm-logo1.jpg","width":1280,"height":720,"caption":"Heart Failure Matters"},"image":{"@id":"https:\/\/www.heartfailurematters.org\/fr\/#\/schema\/logo\/image\/"},"sameAs":["https:\/\/www.facebook.com\/heartfailurematters"]}]}},"_links":{"self":[{"href":"https:\/\/www.heartfailurematters.org\/fr\/wp-json\/wp\/v2\/pages\/530","targetHints":{"allow":["GET"]}}],"collection":[{"href":"https:\/\/www.heartfailurematters.org\/fr\/wp-json\/wp\/v2\/pages"}],"about":[{"href":"https:\/\/www.heartfailurematters.org\/fr\/wp-json\/wp\/v2\/types\/page"}],"author":[{"embeddable":true,"href":"https:\/\/www.heartfailurematters.org\/fr\/wp-json\/wp\/v2\/users\/1"}],"replies":[{"embeddable":true,"href":"https:\/\/www.heartfailurematters.org\/fr\/wp-json\/wp\/v2\/comments?post=530"}],"version-history":[{"count":3,"href":"https:\/\/www.heartfailurematters.org\/fr\/wp-json\/wp\/v2\/pages\/530\/revisions"}],"predecessor-version":[{"id":9088,"href":"https:\/\/www.heartfailurematters.org\/fr\/wp-json\/wp\/v2\/pages\/530\/revisions\/9088"}],"up":[{"embeddable":true,"href":"https:\/\/www.heartfailurematters.org\/fr\/wp-json\/wp\/v2\/pages\/307"}],"wp:attachment":[{"href":"https:\/\/www.heartfailurematters.org\/fr\/wp-json\/wp\/v2\/media?parent=530"}],"wp:term":[{"taxonomy":"category","embeddable":true,"href":"https:\/\/www.heartfailurematters.org\/fr\/wp-json\/wp\/v2\/categories?post=530"},{"taxonomy":"post_tag","embeddable":true,"href":"https:\/\/www.heartfailurematters.org\/fr\/wp-json\/wp\/v2\/tags?post=530"}],"curies":[{"name":"wp","href":"https:\/\/api.w.org\/{rel}","templated":true}]}}