{"id":524,"date":"2021-01-27T21:36:22","date_gmt":"2021-01-27T21:36:22","guid":{"rendered":"http:\/\/heartfailurematters.local:8888\/tableau-des-medicaments-2\/"},"modified":"2021-01-27T21:36:22","modified_gmt":"2021-01-27T21:36:22","slug":"tableau-des-medicaments","status":"publish","type":"page","link":"https:\/\/www.heartfailurematters.org\/fr\/ce-que-vous-pouvez-faire\/tableau-des-medicaments\/","title":{"rendered":"Tableau des m\u00e9dicaments"},"content":{"rendered":"<p>Plusieurs m\u00e9dicaments diff\u00e9rents peuvent vous \u00eatre prescrits pour votre insuffisance cardiaque. Il peut \u00eatre tr\u00e8s difficile de se rappeler quel m\u00e9dicament prendre, \u00e0 quel moment et si vous devez les prendre en mangeant ou en dehors des repas.<\/p>\n<p>Cliquez sur le lien ci-dessous pour ouvrir un document que vous pourrez utiliser comme pense-b\u00eate. Il vous suffit de l\u2019imprimer, de le remplir et de le conserver avec vos m\u00e9dicaments.<\/p>\n<p><a title=\"Open the medicines chart\" href=\"https:\/\/www.heartfailurematters.org\/wp-content\/uploads\/2021\/02\/Medicine_chart_EN.pdf\" target=\"_blank\" rel=\"noopener\">Tableau des m\u00e9dicaments<\/a><\/p>\n<p>Pour obtenir des conseils sur la gestion de vos m\u00e9dicaments, cliquez ici<\/p>\n<p><a href=\"https:\/\/www.heartfailurematters.org\/fr\/ce-que-vous-pouvez-faire\/gestion-de-vos-medicaments\/\">Retourner \u00e0 la rubrique \u00ab&nbsp;Gestion de vos m\u00e9dicaments&nbsp;\u00bb<\/a><\/p>\n","protected":false},"excerpt":{"rendered":"<p>Plusieurs m\u00e9dicaments diff\u00e9rents peuvent vous \u00eatre prescrits pour votre insuffisance cardiaque. Il peut \u00eatre tr\u00e8s difficile de se rappeler quel m\u00e9dicament prendre, \u00e0 quel moment et si vous devez les prendre en mangeant ou en dehors des repas. Cliquez sur le lien ci-dessous pour ouvrir un document que vous pourrez utiliser comme pense-b\u00eate. Il vous [&hellip;]<\/p>\n","protected":false},"author":1,"featured_media":0,"parent":2715,"menu_order":0,"comment_status":"open","ping_status":"open","template":"","meta":{"_acf_changed":false,"footnotes":""},"categories":[],"tags":[],"class_list":["post-524","page","type-page","status-publish","hentry"],"acf":[],"yoast_head":"<!-- This site is optimized with the Yoast SEO plugin v24.8.1 - https:\/\/yoast.com\/wordpress\/plugins\/seo\/ -->\n<title>Tableau des m\u00e9dicaments - Heart Failure Matters<\/title>\n<meta name=\"description\" content=\"Vous \u00eates susceptible de recevoir plusieurs m\u00e9dicaments diff\u00e9rents pour traiter votre insuffisance cardiaque. Utilisez ce tableau pour assurer le suivi de ces m\u00e9dicaments.\" \/>\n<meta name=\"robots\" content=\"index, follow, max-snippet:-1, max-image-preview:large, max-video-preview:-1\" \/>\n<link rel=\"canonical\" href=\"https:\/\/www.heartfailurematters.org\/fr\/ce-que-vous-pouvez-faire\/tableau-des-medicaments\/\" \/>\n<meta property=\"og:locale\" content=\"fr_FR\" \/>\n<meta property=\"og:type\" content=\"article\" \/>\n<meta property=\"og:title\" content=\"Tableau des m\u00e9dicaments - Heart Failure Matters\" \/>\n<meta property=\"og:description\" content=\"Vous \u00eates susceptible de recevoir plusieurs m\u00e9dicaments diff\u00e9rents pour traiter votre insuffisance cardiaque. Utilisez ce tableau pour assurer le suivi de ces m\u00e9dicaments.\" \/>\n<meta property=\"og:url\" content=\"https:\/\/www.heartfailurematters.org\/fr\/ce-que-vous-pouvez-faire\/tableau-des-medicaments\/\" \/>\n<meta property=\"og:site_name\" content=\"Heart Failure Matters\" \/>\n<meta property=\"article:publisher\" content=\"https:\/\/www.facebook.com\/heartfailurematters\" \/>\n<meta name=\"twitter:card\" content=\"summary_large_image\" \/>\n<meta name=\"twitter:label1\" content=\"Dur\u00e9e de lecture estim\u00e9e\" \/>\n\t<meta name=\"twitter:data1\" content=\"1 minute\" \/>\n<script type=\"application\/ld+json\" class=\"yoast-schema-graph\">{\"@context\":\"https:\/\/schema.org\",\"@graph\":[{\"@type\":\"WebPage\",\"@id\":\"https:\/\/www.heartfailurematters.org\/fr\/ce-que-vous-pouvez-faire\/tableau-des-medicaments\/\",\"url\":\"https:\/\/www.heartfailurematters.org\/fr\/ce-que-vous-pouvez-faire\/tableau-des-medicaments\/\",\"name\":\"Tableau des m\u00e9dicaments - Heart Failure Matters\",\"isPartOf\":{\"@id\":\"https:\/\/www.heartfailurematters.org\/fr\/#website\"},\"datePublished\":\"2021-01-27T21:36:22+00:00\",\"description\":\"Vous \u00eates susceptible de recevoir plusieurs m\u00e9dicaments diff\u00e9rents pour traiter votre insuffisance cardiaque. Utilisez ce tableau pour assurer le suivi de ces m\u00e9dicaments.\",\"breadcrumb\":{\"@id\":\"https:\/\/www.heartfailurematters.org\/fr\/ce-que-vous-pouvez-faire\/tableau-des-medicaments\/#breadcrumb\"},\"inLanguage\":\"fr-FR\",\"potentialAction\":[{\"@type\":\"ReadAction\",\"target\":[\"https:\/\/www.heartfailurematters.org\/fr\/ce-que-vous-pouvez-faire\/tableau-des-medicaments\/\"]}]},{\"@type\":\"BreadcrumbList\",\"@id\":\"https:\/\/www.heartfailurematters.org\/fr\/ce-que-vous-pouvez-faire\/tableau-des-medicaments\/#breadcrumb\",\"itemListElement\":[{\"@type\":\"ListItem\",\"position\":1,\"name\":\"Accueil\",\"item\":\"https:\/\/www.heartfailurematters.org\/fr\/\"},{\"@type\":\"ListItem\",\"position\":2,\"name\":\"Ce que vous pouvez faire\",\"item\":\"https:\/\/www.heartfailurematters.org\/fr\/ce-que-vous-pouvez-faire\/\"},{\"@type\":\"ListItem\",\"position\":3,\"name\":\"Tableau des m\u00e9dicaments\"}]},{\"@type\":\"WebSite\",\"@id\":\"https:\/\/www.heartfailurematters.org\/fr\/#website\",\"url\":\"https:\/\/www.heartfailurematters.org\/fr\/\",\"name\":\"Heart Failure Matters\",\"description\":\"Practical information for patients, families and caregivers.\",\"publisher\":{\"@id\":\"https:\/\/www.heartfailurematters.org\/fr\/#organization\"},\"potentialAction\":[{\"@type\":\"SearchAction\",\"target\":{\"@type\":\"EntryPoint\",\"urlTemplate\":\"https:\/\/www.heartfailurematters.org\/fr\/?s={search_term_string}\"},\"query-input\":{\"@type\":\"PropertyValueSpecification\",\"valueRequired\":true,\"valueName\":\"search_term_string\"}}],\"inLanguage\":\"fr-FR\"},{\"@type\":\"Organization\",\"@id\":\"https:\/\/www.heartfailurematters.org\/fr\/#organization\",\"name\":\"Heart Failure Matters\",\"url\":\"https:\/\/www.heartfailurematters.org\/fr\/\",\"logo\":{\"@type\":\"ImageObject\",\"inLanguage\":\"fr-FR\",\"@id\":\"https:\/\/www.heartfailurematters.org\/fr\/#\/schema\/logo\/image\/\",\"url\":\"https:\/\/cdn-endpoint-hfm.azureedge.net\/heartfailurematters\/2024\/07\/hfm-logo1.jpg\",\"contentUrl\":\"https:\/\/cdn-endpoint-hfm.azureedge.net\/heartfailurematters\/2024\/07\/hfm-logo1.jpg\",\"width\":1280,\"height\":720,\"caption\":\"Heart Failure Matters\"},\"image\":{\"@id\":\"https:\/\/www.heartfailurematters.org\/fr\/#\/schema\/logo\/image\/\"},\"sameAs\":[\"https:\/\/www.facebook.com\/heartfailurematters\"]}]}<\/script>\n<!-- \/ Yoast SEO plugin. -->","yoast_head_json":{"title":"Tableau des m\u00e9dicaments - Heart Failure Matters","description":"Vous \u00eates susceptible de recevoir plusieurs m\u00e9dicaments diff\u00e9rents pour traiter votre insuffisance cardiaque. Utilisez ce tableau pour assurer le suivi de ces m\u00e9dicaments.","robots":{"index":"index","follow":"follow","max-snippet":"max-snippet:-1","max-image-preview":"max-image-preview:large","max-video-preview":"max-video-preview:-1"},"canonical":"https:\/\/www.heartfailurematters.org\/fr\/ce-que-vous-pouvez-faire\/tableau-des-medicaments\/","og_locale":"fr_FR","og_type":"article","og_title":"Tableau des m\u00e9dicaments - Heart Failure Matters","og_description":"Vous \u00eates susceptible de recevoir plusieurs m\u00e9dicaments diff\u00e9rents pour traiter votre insuffisance cardiaque. Utilisez ce tableau pour assurer le suivi de ces m\u00e9dicaments.","og_url":"https:\/\/www.heartfailurematters.org\/fr\/ce-que-vous-pouvez-faire\/tableau-des-medicaments\/","og_site_name":"Heart Failure Matters","article_publisher":"https:\/\/www.facebook.com\/heartfailurematters","twitter_card":"summary_large_image","twitter_misc":{"Dur\u00e9e de lecture estim\u00e9e":"1 minute"},"schema":{"@context":"https:\/\/schema.org","@graph":[{"@type":"WebPage","@id":"https:\/\/www.heartfailurematters.org\/fr\/ce-que-vous-pouvez-faire\/tableau-des-medicaments\/","url":"https:\/\/www.heartfailurematters.org\/fr\/ce-que-vous-pouvez-faire\/tableau-des-medicaments\/","name":"Tableau des m\u00e9dicaments - Heart Failure Matters","isPartOf":{"@id":"https:\/\/www.heartfailurematters.org\/fr\/#website"},"datePublished":"2021-01-27T21:36:22+00:00","description":"Vous \u00eates susceptible de recevoir plusieurs m\u00e9dicaments diff\u00e9rents pour traiter votre insuffisance cardiaque. Utilisez ce tableau pour assurer le suivi de ces m\u00e9dicaments.","breadcrumb":{"@id":"https:\/\/www.heartfailurematters.org\/fr\/ce-que-vous-pouvez-faire\/tableau-des-medicaments\/#breadcrumb"},"inLanguage":"fr-FR","potentialAction":[{"@type":"ReadAction","target":["https:\/\/www.heartfailurematters.org\/fr\/ce-que-vous-pouvez-faire\/tableau-des-medicaments\/"]}]},{"@type":"BreadcrumbList","@id":"https:\/\/www.heartfailurematters.org\/fr\/ce-que-vous-pouvez-faire\/tableau-des-medicaments\/#breadcrumb","itemListElement":[{"@type":"ListItem","position":1,"name":"Accueil","item":"https:\/\/www.heartfailurematters.org\/fr\/"},{"@type":"ListItem","position":2,"name":"Ce que vous pouvez faire","item":"https:\/\/www.heartfailurematters.org\/fr\/ce-que-vous-pouvez-faire\/"},{"@type":"ListItem","position":3,"name":"Tableau des m\u00e9dicaments"}]},{"@type":"WebSite","@id":"https:\/\/www.heartfailurematters.org\/fr\/#website","url":"https:\/\/www.heartfailurematters.org\/fr\/","name":"Heart Failure Matters","description":"Practical information for patients, families and caregivers.","publisher":{"@id":"https:\/\/www.heartfailurematters.org\/fr\/#organization"},"potentialAction":[{"@type":"SearchAction","target":{"@type":"EntryPoint","urlTemplate":"https:\/\/www.heartfailurematters.org\/fr\/?s={search_term_string}"},"query-input":{"@type":"PropertyValueSpecification","valueRequired":true,"valueName":"search_term_string"}}],"inLanguage":"fr-FR"},{"@type":"Organization","@id":"https:\/\/www.heartfailurematters.org\/fr\/#organization","name":"Heart Failure Matters","url":"https:\/\/www.heartfailurematters.org\/fr\/","logo":{"@type":"ImageObject","inLanguage":"fr-FR","@id":"https:\/\/www.heartfailurematters.org\/fr\/#\/schema\/logo\/image\/","url":"https:\/\/cdn-endpoint-hfm.azureedge.net\/heartfailurematters\/2024\/07\/hfm-logo1.jpg","contentUrl":"https:\/\/cdn-endpoint-hfm.azureedge.net\/heartfailurematters\/2024\/07\/hfm-logo1.jpg","width":1280,"height":720,"caption":"Heart Failure Matters"},"image":{"@id":"https:\/\/www.heartfailurematters.org\/fr\/#\/schema\/logo\/image\/"},"sameAs":["https:\/\/www.facebook.com\/heartfailurematters"]}]}},"_links":{"self":[{"href":"https:\/\/www.heartfailurematters.org\/fr\/wp-json\/wp\/v2\/pages\/524","targetHints":{"allow":["GET"]}}],"collection":[{"href":"https:\/\/www.heartfailurematters.org\/fr\/wp-json\/wp\/v2\/pages"}],"about":[{"href":"https:\/\/www.heartfailurematters.org\/fr\/wp-json\/wp\/v2\/types\/page"}],"author":[{"embeddable":true,"href":"https:\/\/www.heartfailurematters.org\/fr\/wp-json\/wp\/v2\/users\/1"}],"replies":[{"embeddable":true,"href":"https:\/\/www.heartfailurematters.org\/fr\/wp-json\/wp\/v2\/comments?post=524"}],"version-history":[{"count":0,"href":"https:\/\/www.heartfailurematters.org\/fr\/wp-json\/wp\/v2\/pages\/524\/revisions"}],"up":[{"embeddable":true,"href":"https:\/\/www.heartfailurematters.org\/fr\/wp-json\/wp\/v2\/pages\/2715"}],"wp:attachment":[{"href":"https:\/\/www.heartfailurematters.org\/fr\/wp-json\/wp\/v2\/media?parent=524"}],"wp:term":[{"taxonomy":"category","embeddable":true,"href":"https:\/\/www.heartfailurematters.org\/fr\/wp-json\/wp\/v2\/categories?post=524"},{"taxonomy":"post_tag","embeddable":true,"href":"https:\/\/www.heartfailurematters.org\/fr\/wp-json\/wp\/v2\/tags?post=524"}],"curies":[{"name":"wp","href":"https:\/\/api.w.org\/{rel}","templated":true}]}}