{"id":505,"date":"2021-01-27T21:36:17","date_gmt":"2021-01-27T21:36:17","guid":{"rendered":"http:\/\/heartfailurematters.local:8888\/antiplaquettaires\/"},"modified":"2021-01-27T21:36:17","modified_gmt":"2021-01-27T21:36:17","slug":"antiplaquettaires","status":"publish","type":"page","link":"https:\/\/www.heartfailurematters.org\/fr\/ce-que-votre-medecin-ou-votre-infirmier-ere-peut-faire\/antiplaquettaires\/","title":{"rendered":"Antiplaquettaires"},"content":{"rendered":"<h2>Leur action<\/h2>\n<p><a title=\"&lt;div id='ToolTipTextWrap'&gt;Les antiplaquettaires&lt;\/div&gt;&lt;p&gt;M&eacute;dicaments qui emp&ecirc;chent l&rsquo;effet des plaquettes sanguines et emp&ecirc;chent la formation de caillots sanguins.&lt;\/p&gt;\" class=\"addtooltip\"><strong>Les Antiplaquettaires<\/strong><\/a> pr&eacute;viennent la formation de caillots sanguins dans les art&egrave;res. La pr&eacute;sence de caillots sanguins dans les art&egrave;res du c&oelig;ur et du cerveau peut entra&icirc;ner une crise cardiaque ou un accident vasculaire c&eacute;r&eacute;bral.<\/p>\n<p>Bien que les antiplaquettaires soient souvent d&eacute;sign&eacute;s comme des fluidifiants du sang, ils ne permettent pas v&eacute;ritablement au sang de circuler plus facilement dans les vaisseaux.<\/p>\n<p>L&rsquo;aspirine est l&rsquo;antiplaquettaire le plus fr&eacute;quent. La dose d&rsquo;aspirine utilis&eacute;e pour pr&eacute;venir la formation de caillots sanguins est tr&egrave;s inf&eacute;rieure &agrave; celle utilis&eacute;e pour soulager la douleur. La prise d&rsquo;une dose plus forte d&rsquo;aspirine n&rsquo;augmente pas son efficacit&eacute;, mais accro&icirc;t le risque de survenue d&rsquo;effets secondaires. Veillez donc &agrave; respecter la dose recommand&eacute;e par votre m&eacute;decin.<\/p>\n<h2>Effets secondaires<\/h2>\n<p>La plupart des personnes prenant de l&rsquo;aspirine &agrave; faible dose ne pr&eacute;sentent pas d&rsquo;effet secondaire. Les b&eacute;n&eacute;fices li&eacute;s &agrave; la prise d&rsquo;aspirine l&rsquo;emportent g&eacute;n&eacute;ralement sur le faible risque de pr&eacute;senter des effets secondaires. Les effets secondaires potentiels les plus graves, qui ne touchent qu&rsquo;un petit nombre de personnes, incluent une irritation ou un saignement de l&rsquo;estomac et dans de rares cas, une allergie &agrave; l&rsquo;aspirine.<\/p>\n<p>De nouveaux antiplaquettaires, tels que le clopidogrel, sont suppos&eacute;s entra&icirc;ner une irritation intestinale moindre.<\/p>\n<h2>Conseils essentiels<\/h2>\n<p>Afin de r&eacute;duire le risque d&rsquo;irritation de l&rsquo;estomac, il est pr&eacute;f&eacute;rable de prendre les antiplaquettaires avec ou apr&egrave;s la prise de nourriture.<\/p>\n<p>Si vous prenez de l&rsquo;aspirine &agrave; faible dose pour pr&eacute;venir la formation de caillots sanguins et que vous devez aussi prendre des antalgiques (par exemple pour les maux de t&ecirc;te), il est pr&eacute;f&eacute;rable de prendre du parac&eacute;tamol, plut&ocirc;t qu&rsquo;une dose plus forte d&rsquo;aspirine.<\/p>\n<h2>&Eacute;galement connus sous les noms suivants&nbsp;:<\/h2>\n<ul>\n<li><strong>Aspirine<\/strong><br \/>(Gencardia&reg;, Micropirin&reg;, Angettes 75&reg;, Caprin&reg;, Nu-Seals&reg;, Albyl&reg;)<\/li>\n<li><strong>Clopidogrel<\/strong><br \/>(Plavix&reg;)<\/li>\n<li><strong>Ticlopidine<br \/> <\/strong>(Ticlid&reg;)<\/li>\n<li><strong>Dipyridamole<br \/> <\/strong>(Persantin&reg;, Persantin Retard&reg;), Association de m&eacute;dicaments (Asasantin Retard&reg;)<\/li>\n<\/ul>\n<p><a href=\"https:\/\/www.heartfailurematters.org\/fr\/ce-que-votre-medecin-ou-votre-infirmier-ere-peut-faire\/medicaments-contre-linsuffisance-cardiaque\/\">Retourner &agrave; la rubrique &laquo;&nbsp;Les m&eacute;dicaments contre l&rsquo;insuffisance cardiaque&nbsp;&raquo; <\/a><\/p>\n","protected":false},"excerpt":{"rendered":"<p>Leur action Les Antiplaquettaires pr&eacute;viennent la formation de caillots sanguins dans les art&egrave;res. La pr&eacute;sence de caillots sanguins dans les art&egrave;res du c&oelig;ur et du cerveau peut entra&icirc;ner une crise cardiaque ou un accident vasculaire c&eacute;r&eacute;bral. Bien que les antiplaquettaires soient souvent d&eacute;sign&eacute;s comme des fluidifiants du sang, ils ne permettent pas v&eacute;ritablement au sang [&hellip;]<\/p>\n","protected":false},"author":1,"featured_media":10868,"parent":2679,"menu_order":0,"comment_status":"open","ping_status":"open","template":"","meta":{"_acf_changed":false,"footnotes":""},"categories":[],"tags":[],"class_list":["post-505","page","type-page","status-publish","has-post-thumbnail","hentry"],"acf":[],"yoast_head":"<!-- This site is optimized with the Yoast SEO plugin v24.8.1 - https:\/\/yoast.com\/wordpress\/plugins\/seo\/ -->\n<title>Antiplaquettaires - Heart Failure Matters<\/title>\n<meta name=\"description\" content=\"Les antiplaquettaires pr\u00e9viennent la formation de caillots sanguins dans les art\u00e8res. Les caillots sanguins dans les art\u00e8res du c\u0153ur et du cerveau peuvent provoquer une crise cardiaque ou un accident vasculaire c\u00e9r\u00e9bral.\" \/>\n<meta name=\"robots\" content=\"index, follow, max-snippet:-1, max-image-preview:large, max-video-preview:-1\" \/>\n<link rel=\"canonical\" href=\"https:\/\/www.heartfailurematters.org\/fr\/ce-que-votre-medecin-ou-votre-infirmier-ere-peut-faire\/antiplaquettaires\/\" \/>\n<meta property=\"og:locale\" content=\"fr_FR\" \/>\n<meta property=\"og:type\" content=\"article\" \/>\n<meta property=\"og:title\" content=\"Antiplaquettaires - Heart Failure Matters\" \/>\n<meta property=\"og:description\" content=\"Les antiplaquettaires pr\u00e9viennent la formation de caillots sanguins dans les art\u00e8res. Les caillots sanguins dans les art\u00e8res du c\u0153ur et du cerveau peuvent provoquer une crise cardiaque ou un accident vasculaire c\u00e9r\u00e9bral.\" \/>\n<meta property=\"og:url\" content=\"https:\/\/www.heartfailurematters.org\/fr\/ce-que-votre-medecin-ou-votre-infirmier-ere-peut-faire\/antiplaquettaires\/\" \/>\n<meta property=\"og:site_name\" content=\"Heart Failure Matters\" \/>\n<meta property=\"article:publisher\" content=\"https:\/\/www.facebook.com\/heartfailurematters\" \/>\n<meta property=\"og:image\" content=\"https:\/\/www.heartfailurematters.org\/wp-content\/uploads\/2022\/03\/shutterstock_441673426-1-min.jpg\" \/>\n\t<meta property=\"og:image:width\" content=\"900\" \/>\n\t<meta property=\"og:image:height\" content=\"596\" \/>\n\t<meta property=\"og:image:type\" content=\"image\/jpeg\" \/>\n<meta name=\"twitter:card\" content=\"summary_large_image\" \/>\n<meta name=\"twitter:label1\" content=\"Dur\u00e9e de lecture estim\u00e9e\" \/>\n\t<meta name=\"twitter:data1\" content=\"2 minutes\" \/>\n<script type=\"application\/ld+json\" class=\"yoast-schema-graph\">{\"@context\":\"https:\/\/schema.org\",\"@graph\":[{\"@type\":\"WebPage\",\"@id\":\"https:\/\/www.heartfailurematters.org\/fr\/ce-que-votre-medecin-ou-votre-infirmier-ere-peut-faire\/antiplaquettaires\/\",\"url\":\"https:\/\/www.heartfailurematters.org\/fr\/ce-que-votre-medecin-ou-votre-infirmier-ere-peut-faire\/antiplaquettaires\/\",\"name\":\"Antiplaquettaires - Heart Failure Matters\",\"isPartOf\":{\"@id\":\"https:\/\/www.heartfailurematters.org\/fr\/#website\"},\"primaryImageOfPage\":{\"@id\":\"https:\/\/www.heartfailurematters.org\/fr\/ce-que-votre-medecin-ou-votre-infirmier-ere-peut-faire\/antiplaquettaires\/#primaryimage\"},\"image\":{\"@id\":\"https:\/\/www.heartfailurematters.org\/fr\/ce-que-votre-medecin-ou-votre-infirmier-ere-peut-faire\/antiplaquettaires\/#primaryimage\"},\"thumbnailUrl\":\"https:\/\/www.heartfailurematters.org\/wp-content\/uploads\/2022\/03\/shutterstock_441673426-1-min.jpg\",\"datePublished\":\"2021-01-27T21:36:17+00:00\",\"description\":\"Les antiplaquettaires pr\u00e9viennent la formation de caillots sanguins dans les art\u00e8res. Les caillots sanguins dans les art\u00e8res du c\u0153ur et du cerveau peuvent provoquer une crise cardiaque ou un accident vasculaire c\u00e9r\u00e9bral.\",\"breadcrumb\":{\"@id\":\"https:\/\/www.heartfailurematters.org\/fr\/ce-que-votre-medecin-ou-votre-infirmier-ere-peut-faire\/antiplaquettaires\/#breadcrumb\"},\"inLanguage\":\"fr-FR\",\"potentialAction\":[{\"@type\":\"ReadAction\",\"target\":[\"https:\/\/www.heartfailurematters.org\/fr\/ce-que-votre-medecin-ou-votre-infirmier-ere-peut-faire\/antiplaquettaires\/\"]}]},{\"@type\":\"ImageObject\",\"inLanguage\":\"fr-FR\",\"@id\":\"https:\/\/www.heartfailurematters.org\/fr\/ce-que-votre-medecin-ou-votre-infirmier-ere-peut-faire\/antiplaquettaires\/#primaryimage\",\"url\":\"https:\/\/www.heartfailurematters.org\/wp-content\/uploads\/2022\/03\/shutterstock_441673426-1-min.jpg\",\"contentUrl\":\"https:\/\/www.heartfailurematters.org\/wp-content\/uploads\/2022\/03\/shutterstock_441673426-1-min.jpg\",\"width\":900,\"height\":596},{\"@type\":\"BreadcrumbList\",\"@id\":\"https:\/\/www.heartfailurematters.org\/fr\/ce-que-votre-medecin-ou-votre-infirmier-ere-peut-faire\/antiplaquettaires\/#breadcrumb\",\"itemListElement\":[{\"@type\":\"ListItem\",\"position\":1,\"name\":\"Accueil\",\"item\":\"https:\/\/www.heartfailurematters.org\/fr\/\"},{\"@type\":\"ListItem\",\"position\":2,\"name\":\"Ce que votre m\u00e9decin peut faire\",\"item\":\"https:\/\/www.heartfailurematters.org\/fr\/ce-que-votre-medecin-ou-votre-infirmier-ere-peut-faire\/\"},{\"@type\":\"ListItem\",\"position\":3,\"name\":\"Antiplaquettaires\"}]},{\"@type\":\"WebSite\",\"@id\":\"https:\/\/www.heartfailurematters.org\/fr\/#website\",\"url\":\"https:\/\/www.heartfailurematters.org\/fr\/\",\"name\":\"Heart Failure Matters\",\"description\":\"Practical information for patients, families and caregivers.\",\"publisher\":{\"@id\":\"https:\/\/www.heartfailurematters.org\/fr\/#organization\"},\"potentialAction\":[{\"@type\":\"SearchAction\",\"target\":{\"@type\":\"EntryPoint\",\"urlTemplate\":\"https:\/\/www.heartfailurematters.org\/fr\/?s={search_term_string}\"},\"query-input\":{\"@type\":\"PropertyValueSpecification\",\"valueRequired\":true,\"valueName\":\"search_term_string\"}}],\"inLanguage\":\"fr-FR\"},{\"@type\":\"Organization\",\"@id\":\"https:\/\/www.heartfailurematters.org\/fr\/#organization\",\"name\":\"Heart Failure Matters\",\"url\":\"https:\/\/www.heartfailurematters.org\/fr\/\",\"logo\":{\"@type\":\"ImageObject\",\"inLanguage\":\"fr-FR\",\"@id\":\"https:\/\/www.heartfailurematters.org\/fr\/#\/schema\/logo\/image\/\",\"url\":\"https:\/\/cdn-endpoint-hfm.azureedge.net\/heartfailurematters\/2024\/07\/hfm-logo1.jpg\",\"contentUrl\":\"https:\/\/cdn-endpoint-hfm.azureedge.net\/heartfailurematters\/2024\/07\/hfm-logo1.jpg\",\"width\":1280,\"height\":720,\"caption\":\"Heart Failure Matters\"},\"image\":{\"@id\":\"https:\/\/www.heartfailurematters.org\/fr\/#\/schema\/logo\/image\/\"},\"sameAs\":[\"https:\/\/www.facebook.com\/heartfailurematters\"]}]}<\/script>\n<!-- \/ Yoast SEO plugin. -->","yoast_head_json":{"title":"Antiplaquettaires - Heart Failure Matters","description":"Les antiplaquettaires pr\u00e9viennent la formation de caillots sanguins dans les art\u00e8res. Les caillots sanguins dans les art\u00e8res du c\u0153ur et du cerveau peuvent provoquer une crise cardiaque ou un accident vasculaire c\u00e9r\u00e9bral.","robots":{"index":"index","follow":"follow","max-snippet":"max-snippet:-1","max-image-preview":"max-image-preview:large","max-video-preview":"max-video-preview:-1"},"canonical":"https:\/\/www.heartfailurematters.org\/fr\/ce-que-votre-medecin-ou-votre-infirmier-ere-peut-faire\/antiplaquettaires\/","og_locale":"fr_FR","og_type":"article","og_title":"Antiplaquettaires - Heart Failure Matters","og_description":"Les antiplaquettaires pr\u00e9viennent la formation de caillots sanguins dans les art\u00e8res. Les caillots sanguins dans les art\u00e8res du c\u0153ur et du cerveau peuvent provoquer une crise cardiaque ou un accident vasculaire c\u00e9r\u00e9bral.","og_url":"https:\/\/www.heartfailurematters.org\/fr\/ce-que-votre-medecin-ou-votre-infirmier-ere-peut-faire\/antiplaquettaires\/","og_site_name":"Heart Failure Matters","article_publisher":"https:\/\/www.facebook.com\/heartfailurematters","og_image":[{"width":900,"height":596,"url":"https:\/\/www.heartfailurematters.org\/wp-content\/uploads\/2022\/03\/shutterstock_441673426-1-min.jpg","type":"image\/jpeg"}],"twitter_card":"summary_large_image","twitter_misc":{"Dur\u00e9e de lecture estim\u00e9e":"2 minutes"},"schema":{"@context":"https:\/\/schema.org","@graph":[{"@type":"WebPage","@id":"https:\/\/www.heartfailurematters.org\/fr\/ce-que-votre-medecin-ou-votre-infirmier-ere-peut-faire\/antiplaquettaires\/","url":"https:\/\/www.heartfailurematters.org\/fr\/ce-que-votre-medecin-ou-votre-infirmier-ere-peut-faire\/antiplaquettaires\/","name":"Antiplaquettaires - Heart Failure Matters","isPartOf":{"@id":"https:\/\/www.heartfailurematters.org\/fr\/#website"},"primaryImageOfPage":{"@id":"https:\/\/www.heartfailurematters.org\/fr\/ce-que-votre-medecin-ou-votre-infirmier-ere-peut-faire\/antiplaquettaires\/#primaryimage"},"image":{"@id":"https:\/\/www.heartfailurematters.org\/fr\/ce-que-votre-medecin-ou-votre-infirmier-ere-peut-faire\/antiplaquettaires\/#primaryimage"},"thumbnailUrl":"https:\/\/www.heartfailurematters.org\/wp-content\/uploads\/2022\/03\/shutterstock_441673426-1-min.jpg","datePublished":"2021-01-27T21:36:17+00:00","description":"Les antiplaquettaires pr\u00e9viennent la formation de caillots sanguins dans les art\u00e8res. Les caillots sanguins dans les art\u00e8res du c\u0153ur et du cerveau peuvent provoquer une crise cardiaque ou un accident vasculaire c\u00e9r\u00e9bral.","breadcrumb":{"@id":"https:\/\/www.heartfailurematters.org\/fr\/ce-que-votre-medecin-ou-votre-infirmier-ere-peut-faire\/antiplaquettaires\/#breadcrumb"},"inLanguage":"fr-FR","potentialAction":[{"@type":"ReadAction","target":["https:\/\/www.heartfailurematters.org\/fr\/ce-que-votre-medecin-ou-votre-infirmier-ere-peut-faire\/antiplaquettaires\/"]}]},{"@type":"ImageObject","inLanguage":"fr-FR","@id":"https:\/\/www.heartfailurematters.org\/fr\/ce-que-votre-medecin-ou-votre-infirmier-ere-peut-faire\/antiplaquettaires\/#primaryimage","url":"https:\/\/www.heartfailurematters.org\/wp-content\/uploads\/2022\/03\/shutterstock_441673426-1-min.jpg","contentUrl":"https:\/\/www.heartfailurematters.org\/wp-content\/uploads\/2022\/03\/shutterstock_441673426-1-min.jpg","width":900,"height":596},{"@type":"BreadcrumbList","@id":"https:\/\/www.heartfailurematters.org\/fr\/ce-que-votre-medecin-ou-votre-infirmier-ere-peut-faire\/antiplaquettaires\/#breadcrumb","itemListElement":[{"@type":"ListItem","position":1,"name":"Accueil","item":"https:\/\/www.heartfailurematters.org\/fr\/"},{"@type":"ListItem","position":2,"name":"Ce que votre m\u00e9decin peut faire","item":"https:\/\/www.heartfailurematters.org\/fr\/ce-que-votre-medecin-ou-votre-infirmier-ere-peut-faire\/"},{"@type":"ListItem","position":3,"name":"Antiplaquettaires"}]},{"@type":"WebSite","@id":"https:\/\/www.heartfailurematters.org\/fr\/#website","url":"https:\/\/www.heartfailurematters.org\/fr\/","name":"Heart Failure Matters","description":"Practical information for patients, families and caregivers.","publisher":{"@id":"https:\/\/www.heartfailurematters.org\/fr\/#organization"},"potentialAction":[{"@type":"SearchAction","target":{"@type":"EntryPoint","urlTemplate":"https:\/\/www.heartfailurematters.org\/fr\/?s={search_term_string}"},"query-input":{"@type":"PropertyValueSpecification","valueRequired":true,"valueName":"search_term_string"}}],"inLanguage":"fr-FR"},{"@type":"Organization","@id":"https:\/\/www.heartfailurematters.org\/fr\/#organization","name":"Heart Failure Matters","url":"https:\/\/www.heartfailurematters.org\/fr\/","logo":{"@type":"ImageObject","inLanguage":"fr-FR","@id":"https:\/\/www.heartfailurematters.org\/fr\/#\/schema\/logo\/image\/","url":"https:\/\/cdn-endpoint-hfm.azureedge.net\/heartfailurematters\/2024\/07\/hfm-logo1.jpg","contentUrl":"https:\/\/cdn-endpoint-hfm.azureedge.net\/heartfailurematters\/2024\/07\/hfm-logo1.jpg","width":1280,"height":720,"caption":"Heart Failure Matters"},"image":{"@id":"https:\/\/www.heartfailurematters.org\/fr\/#\/schema\/logo\/image\/"},"sameAs":["https:\/\/www.facebook.com\/heartfailurematters"]}]}},"_links":{"self":[{"href":"https:\/\/www.heartfailurematters.org\/fr\/wp-json\/wp\/v2\/pages\/505","targetHints":{"allow":["GET"]}}],"collection":[{"href":"https:\/\/www.heartfailurematters.org\/fr\/wp-json\/wp\/v2\/pages"}],"about":[{"href":"https:\/\/www.heartfailurematters.org\/fr\/wp-json\/wp\/v2\/types\/page"}],"author":[{"embeddable":true,"href":"https:\/\/www.heartfailurematters.org\/fr\/wp-json\/wp\/v2\/users\/1"}],"replies":[{"embeddable":true,"href":"https:\/\/www.heartfailurematters.org\/fr\/wp-json\/wp\/v2\/comments?post=505"}],"version-history":[{"count":0,"href":"https:\/\/www.heartfailurematters.org\/fr\/wp-json\/wp\/v2\/pages\/505\/revisions"}],"up":[{"embeddable":true,"href":"https:\/\/www.heartfailurematters.org\/fr\/wp-json\/wp\/v2\/pages\/2679"}],"wp:featuredmedia":[{"embeddable":true,"href":"https:\/\/www.heartfailurematters.org\/fr\/wp-json\/wp\/v2\/media\/10868"}],"wp:attachment":[{"href":"https:\/\/www.heartfailurematters.org\/fr\/wp-json\/wp\/v2\/media?parent=505"}],"wp:term":[{"taxonomy":"category","embeddable":true,"href":"https:\/\/www.heartfailurematters.org\/fr\/wp-json\/wp\/v2\/categories?post=505"},{"taxonomy":"post_tag","embeddable":true,"href":"https:\/\/www.heartfailurematters.org\/fr\/wp-json\/wp\/v2\/tags?post=505"}],"curies":[{"name":"wp","href":"https:\/\/api.w.org\/{rel}","templated":true}]}}