{"id":504,"date":"2021-01-27T21:36:17","date_gmt":"2021-01-27T21:36:17","guid":{"rendered":"http:\/\/heartfailurematters.local:8888\/nitrates-vasodilatateurs\/"},"modified":"2021-08-12T11:50:30","modified_gmt":"2021-08-12T10:50:30","slug":"nitrates-vasodilatateurs","status":"publish","type":"page","link":"https:\/\/www.heartfailurematters.org\/fr\/ce-que-votre-medecin-ou-votre-infirmier-ere-peut-faire\/nitrates-vasodilatateurs\/","title":{"rendered":"Nitrates \/ Vasodilatateurs"},"content":{"rendered":"<h2>Leur action<\/h2>\n<p>Les nitrates sont des vasodilatateurs, qui peuvent entra\u00eener une dilatation ou un rel\u00e2chement des vaisseaux sanguins et par cons\u00e9quent r\u00e9duire la r\u00e9sistance \u00e0 l\u2019\u00e9coulement du sang. Ceci diminuera votre pression art\u00e9rielle, permettant au sang de circuler plus facilement dans tout votre corps et soulagera vos sympt\u00f4mes.<\/p>\n<p>Certains <a class=\"addtooltip\" title=\"Pr\u00e9parations \u00e0 base de nitroglyc\u00e9rines \u00e0 longue dur\u00e9e d\u2019action prises par voie orale\"><strong>nitrates<\/strong><\/a> sont pris de mani\u00e8re r\u00e9guli\u00e8re. Cependant, certains <a class=\"addtooltip\" title=\"Pr\u00e9parations \u00e0 base de nitroglyc\u00e9rines \u00e0 longue dur\u00e9e d\u2019action prises par voie orale\"><strong>nitrates<\/strong><\/a> \u00e0 courte dur\u00e9e d\u2019action (tels que le trinitrate de glyc\u00e9ryl ou la nitroglyc\u00e9rine) peuvent \u00eatre pris sous forme de vaporisateur ou de comprim\u00e9s \u00e0 laisser fondre sous la langue \u00ab\u00a0au besoin\u00a0\u00bb en cas\u00a0de douleur dans la poitrine (angine de poitrine).\u00a0<span style=\"font-weight: 400;\">Ceci est g\u00e9n\u00e9ralement provoqu\u00e9 par une coronaropathie.<\/span>\u00a0Ces produits peuvent \u00e9galement \u00eatre donn\u00e9s sous forme de timbres transdermiques ou de pommade (<a class=\"addtooltip\" title=\"Douleur ou g\u00eane au niveau de la poitrine suite \u00e0 une diminution de la circulation sanguine dans une partie du muscle cardiaque\"><strong>angine de poitrine)<\/strong><\/a>. Ceci est g\u00e9n\u00e9ralement provoqu\u00e9 par une coronaropathie. Il existe plusieurs autres types de vasodilatateurs, qui ne sont pas des <a class=\"addtooltip\" title=\"Pr\u00e9parations \u00e0 base de nitroglyc\u00e9rines \u00e0 longue dur\u00e9e d\u2019action prises par voie orale\"><strong>nitrates<\/strong><\/a>, utilis\u00e9s pour lutter contre l\u2019insuffisance cardiaque.<\/p>\n<h2>Quels sont les b\u00e9n\u00e9fices escompt\u00e9s\u00a0?<\/h2>\n<p>Les nitrates r\u00e9duisent le nombre et l\u2019intensit\u00e9 des douleurs dans la poitrine (angine de poitrine) et sont donc administr\u00e9s pour soulager les sympt\u00f4mes. D\u2019autres vasodilatateurs, comme l\u2019hydralazine et le minoxidil, peuvent \u00eatre utilis\u00e9s pour att\u00e9nuer des sympt\u00f4mes, comme l\u2019essoufflement.<\/p>\n<h2>Effets secondaires<\/h2>\n<p>Les vasodilatateurs peuvent entra\u00eener une diminution de la pression art\u00e9rielle, ce qui peut provoquer des \u00e9vanouissements ou des vertiges au moment de s\u2019asseoir ou en se levant rapidement. Les autres effets secondaires incluent les c\u00e9phal\u00e9es, les bouff\u00e9es de chaleur, les <a class=\"addtooltip\" title=\"Sensations de battements cardiaques manqu\u00e9s, suppl\u00e9mentaires ou irr\u00e9guliers\"><strong>palpitations<\/strong><\/a> cardiaques et la congestion nasale. Les c\u00e9phal\u00e9es sont particuli\u00e8rement fr\u00e9quentes avec les vasodilatateurs \u00e0 longue dur\u00e9e d&rsquo;action, tels que les nitrates.<\/p>\n<h2>Conseils essentiels<\/h2>\n<p><a href=\"https:\/\/www.heartfailurematters.org\/fr\/comprendre-linsuffisance-cardiaque\/vertiges\/\" shape=\"rect\">Les vertiges<\/a>\u00a0sont fr\u00e9quents avec tout m\u00e9dicament qui diminue votre pression art\u00e9rielle, mais votre c\u0153ur peut fonctionner plus efficacement \u00e0 ces pressions moins \u00e9lev\u00e9es.<\/p>\n<p>Si vous avez des vertiges le matin, essayez de bouger vos pieds d\u2019avant en arri\u00e8re environ dix fois avant de vous lever. Sinon, vous pouvez glisser les jambes vers le bord du lit avant de vous asseoir, puis rester assis sur le bord du lit pendant une minute avant de vous mettre debout. Vous devriez \u00e9viter de passer rapidement d\u2019une position assise ou pench\u00e9e en avant \u00e0 une position debout, car ceci peut entra\u00eener des vertiges. Prenez votre temps et laissez votre corps s&rsquo;adapter.<\/p>\n<h2>Nitrates\/Vasodilatateurs\u00a0:<\/h2>\n<ul>\n<li><strong>Trinitrate de glyc\u00e9ryl \/ GTN \/ pr\u00e9parations \u00e0 base de nitroglyc\u00e9rine<\/strong><br \/>\n(Coro-Nitro Pump Spray\u00ae, Glytrin Spray\u00ae, Nitrolingual Pumpspray\u00ae, Nitromin\u00ae, Suscard\u00ae, Deponit\u00ae, Minitran\u00ae, Nitro-Dur\u00ae, Percutol\u00ae, Transiderm-Nitro\u00ae)<\/li>\n<li><strong>Isosorbide dinitrate<\/strong><br \/>\n(Angitak\u00ae,\u00a0Isoket Retard\u00ae)<\/li>\n<li><strong>Isosorbide mononitrate<\/strong><br \/>\n(Angeze\u00ae, Angeze SR\u00ae, Chemydur 60X\u00ae, Elantan\u00ae, Ismo\u00ae, Elantan LA\u00ae, Imdur\u00ae, Isib 60XL\u00ae, Ismo Retard\u00ae, Isodur\u00ae, Isotard\u00ae, Modisal LA\u00ae, Modisal XL\u00ae, Monomax\u00ae, Monomil X\u00ae, Monosorb XL 60\u00ae, Zemon\u00ae)<\/li>\n<li><strong>Hydralazine<br \/>\n<\/strong>(Apresoline\u00ae)<\/li>\n<li><strong>Minoxidil<br \/>\n<\/strong>(Loniten\u00ae)<\/li>\n<li><strong>Nesiritide<br \/>\n<\/strong>(Natrecor\u00ae)<\/li>\n<li><strong>Levosimendan<br \/>\n<\/strong>(Simdax\u00ae)<\/li>\n<\/ul>\n<table border=\"1\" width=\"100%\" cellspacing=\"0\" cellpadding=\"0\">\n<tbody>\n<tr>\n<td style=\"width: 25%;\">\n<h2>Animation<\/h2>\n<\/td>\n<td style=\"width: 75%; vertical-align: middle; text-align: left;\"><\/td>\n<\/tr>\n<tr>\n<td style=\"width: 25%;\"><a class=\"lightview\" href=\"https:\/\/www.youtube.com\/embed\/Hs9DOxbYfno?hl=en_UK&amp;autoplay=1;&amp;version=3&amp;rel=0&amp;showinfo=0\" data-lightview-caption=\"The animation above shows how ACE (Angiotensin converting enzyme) inhibitors can help you by causing your blood vessels to relax and thus lower your blood pressure. This means your heart doesn't have to work so hard to squeeze your blood around your body.\" data-lightview-title=\"How ACE inhibitors work in heart failure\" data-lightview-options=\"width: 535, height: 400\" data-lightview-type=\"iframe\" data-lightview-group=\"journey\"><img decoding=\"async\" class=\"alignleft size-full wp-image-5074\" src=\"https:\/\/cdn-endpoint-hfm.azureedge.net\/heartfailurematters\/2021\/02\/07-animation.jpg\" alt=\"\" width=\"180\" height=\"130\" \/><\/a><\/td>\n<td style=\"width: 75%; vertical-align: middle; text-align: left;\">Animation expliquant l\u2019action des vasodilatateurs en cas d\u2019insuffisance cardiaque<\/td>\n<\/tr>\n<\/tbody>\n<\/table>\n<p><a href=\"https:\/\/www.heartfailurematters.org\/fr\/ce-que-votre-medecin-ou-votre-infirmier-ere-peut-faire\/medicaments-contre-linsuffisance-cardiaque\/\" shape=\"rect\">Retourner \u00e0 la rubrique \u00ab\u00a0Les m\u00e9dicaments contre l\u2019insuffisance cardiaque\u00a0\u00bb<\/a><\/p>\n","protected":false},"excerpt":{"rendered":"<p>Leur action Les nitrates sont des vasodilatateurs, qui peuvent entra\u00eener une dilatation ou un rel\u00e2chement des vaisseaux sanguins et par cons\u00e9quent r\u00e9duire la r\u00e9sistance \u00e0 l\u2019\u00e9coulement du sang. Ceci diminuera votre pression art\u00e9rielle, permettant au sang de circuler plus facilement dans tout votre corps et soulagera vos sympt\u00f4mes. Certains nitrates sont pris de mani\u00e8re r\u00e9guli\u00e8re. [&hellip;]<\/p>\n","protected":false},"author":1,"featured_media":10868,"parent":2679,"menu_order":0,"comment_status":"open","ping_status":"open","template":"","meta":{"_acf_changed":false,"footnotes":""},"categories":[],"tags":[],"class_list":["post-504","page","type-page","status-publish","has-post-thumbnail","hentry"],"acf":[],"yoast_head":"<!-- This site is optimized with the Yoast SEO plugin v24.8.1 - https:\/\/yoast.com\/wordpress\/plugins\/seo\/ -->\n<title>Nitrates \/ Vasodilatateurs - Heart Failure Matters<\/title>\n<meta name=\"description\" content=\"Vasodilatateurs pour l&#039;insuffisance cardiaque\u00a0: d\u00e9couvrez ce qu&#039;ils sont, quelle est leur fonction et quels sont les effets secondaires possibles.\" \/>\n<meta name=\"robots\" content=\"index, follow, max-snippet:-1, max-image-preview:large, max-video-preview:-1\" \/>\n<link rel=\"canonical\" href=\"https:\/\/www.heartfailurematters.org\/fr\/ce-que-votre-medecin-ou-votre-infirmier-ere-peut-faire\/nitrates-vasodilatateurs\/\" \/>\n<meta property=\"og:locale\" content=\"fr_FR\" \/>\n<meta property=\"og:type\" content=\"article\" \/>\n<meta property=\"og:title\" content=\"Nitrates \/ Vasodilatateurs - Heart Failure Matters\" \/>\n<meta property=\"og:description\" content=\"Vasodilatateurs pour l&#039;insuffisance cardiaque\u00a0: d\u00e9couvrez ce qu&#039;ils sont, quelle est leur fonction et quels sont les effets secondaires possibles.\" \/>\n<meta property=\"og:url\" content=\"https:\/\/www.heartfailurematters.org\/fr\/ce-que-votre-medecin-ou-votre-infirmier-ere-peut-faire\/nitrates-vasodilatateurs\/\" \/>\n<meta property=\"og:site_name\" content=\"Heart Failure Matters\" \/>\n<meta property=\"article:publisher\" content=\"https:\/\/www.facebook.com\/heartfailurematters\" \/>\n<meta property=\"article:modified_time\" content=\"2021-08-12T10:50:30+00:00\" \/>\n<meta property=\"og:image\" content=\"https:\/\/www.heartfailurematters.org\/wp-content\/uploads\/2022\/03\/shutterstock_441673426-1-min.jpg\" \/>\n\t<meta property=\"og:image:width\" content=\"900\" \/>\n\t<meta property=\"og:image:height\" content=\"596\" \/>\n\t<meta property=\"og:image:type\" content=\"image\/jpeg\" \/>\n<meta name=\"twitter:card\" content=\"summary_large_image\" \/>\n<meta name=\"twitter:label1\" content=\"Dur\u00e9e de lecture estim\u00e9e\" \/>\n\t<meta name=\"twitter:data1\" content=\"3 minutes\" \/>\n<script type=\"application\/ld+json\" class=\"yoast-schema-graph\">{\"@context\":\"https:\/\/schema.org\",\"@graph\":[{\"@type\":\"WebPage\",\"@id\":\"https:\/\/www.heartfailurematters.org\/fr\/ce-que-votre-medecin-ou-votre-infirmier-ere-peut-faire\/nitrates-vasodilatateurs\/\",\"url\":\"https:\/\/www.heartfailurematters.org\/fr\/ce-que-votre-medecin-ou-votre-infirmier-ere-peut-faire\/nitrates-vasodilatateurs\/\",\"name\":\"Nitrates \/ Vasodilatateurs - Heart Failure Matters\",\"isPartOf\":{\"@id\":\"https:\/\/www.heartfailurematters.org\/fr\/#website\"},\"primaryImageOfPage\":{\"@id\":\"https:\/\/www.heartfailurematters.org\/fr\/ce-que-votre-medecin-ou-votre-infirmier-ere-peut-faire\/nitrates-vasodilatateurs\/#primaryimage\"},\"image\":{\"@id\":\"https:\/\/www.heartfailurematters.org\/fr\/ce-que-votre-medecin-ou-votre-infirmier-ere-peut-faire\/nitrates-vasodilatateurs\/#primaryimage\"},\"thumbnailUrl\":\"https:\/\/www.heartfailurematters.org\/wp-content\/uploads\/2022\/03\/shutterstock_441673426-1-min.jpg\",\"datePublished\":\"2021-01-27T21:36:17+00:00\",\"dateModified\":\"2021-08-12T10:50:30+00:00\",\"description\":\"Vasodilatateurs pour l'insuffisance cardiaque\u00a0: d\u00e9couvrez ce qu'ils sont, quelle est leur fonction et quels sont les effets secondaires possibles.\",\"breadcrumb\":{\"@id\":\"https:\/\/www.heartfailurematters.org\/fr\/ce-que-votre-medecin-ou-votre-infirmier-ere-peut-faire\/nitrates-vasodilatateurs\/#breadcrumb\"},\"inLanguage\":\"fr-FR\",\"potentialAction\":[{\"@type\":\"ReadAction\",\"target\":[\"https:\/\/www.heartfailurematters.org\/fr\/ce-que-votre-medecin-ou-votre-infirmier-ere-peut-faire\/nitrates-vasodilatateurs\/\"]}]},{\"@type\":\"ImageObject\",\"inLanguage\":\"fr-FR\",\"@id\":\"https:\/\/www.heartfailurematters.org\/fr\/ce-que-votre-medecin-ou-votre-infirmier-ere-peut-faire\/nitrates-vasodilatateurs\/#primaryimage\",\"url\":\"https:\/\/www.heartfailurematters.org\/wp-content\/uploads\/2022\/03\/shutterstock_441673426-1-min.jpg\",\"contentUrl\":\"https:\/\/www.heartfailurematters.org\/wp-content\/uploads\/2022\/03\/shutterstock_441673426-1-min.jpg\",\"width\":900,\"height\":596},{\"@type\":\"BreadcrumbList\",\"@id\":\"https:\/\/www.heartfailurematters.org\/fr\/ce-que-votre-medecin-ou-votre-infirmier-ere-peut-faire\/nitrates-vasodilatateurs\/#breadcrumb\",\"itemListElement\":[{\"@type\":\"ListItem\",\"position\":1,\"name\":\"Accueil\",\"item\":\"https:\/\/www.heartfailurematters.org\/fr\/\"},{\"@type\":\"ListItem\",\"position\":2,\"name\":\"Ce que votre m\u00e9decin peut faire\",\"item\":\"https:\/\/www.heartfailurematters.org\/fr\/ce-que-votre-medecin-ou-votre-infirmier-ere-peut-faire\/\"},{\"@type\":\"ListItem\",\"position\":3,\"name\":\"Nitrates \/ Vasodilatateurs\"}]},{\"@type\":\"WebSite\",\"@id\":\"https:\/\/www.heartfailurematters.org\/fr\/#website\",\"url\":\"https:\/\/www.heartfailurematters.org\/fr\/\",\"name\":\"Heart Failure Matters\",\"description\":\"Practical information for patients, families and caregivers.\",\"publisher\":{\"@id\":\"https:\/\/www.heartfailurematters.org\/fr\/#organization\"},\"potentialAction\":[{\"@type\":\"SearchAction\",\"target\":{\"@type\":\"EntryPoint\",\"urlTemplate\":\"https:\/\/www.heartfailurematters.org\/fr\/?s={search_term_string}\"},\"query-input\":{\"@type\":\"PropertyValueSpecification\",\"valueRequired\":true,\"valueName\":\"search_term_string\"}}],\"inLanguage\":\"fr-FR\"},{\"@type\":\"Organization\",\"@id\":\"https:\/\/www.heartfailurematters.org\/fr\/#organization\",\"name\":\"Heart Failure Matters\",\"url\":\"https:\/\/www.heartfailurematters.org\/fr\/\",\"logo\":{\"@type\":\"ImageObject\",\"inLanguage\":\"fr-FR\",\"@id\":\"https:\/\/www.heartfailurematters.org\/fr\/#\/schema\/logo\/image\/\",\"url\":\"https:\/\/cdn-endpoint-hfm.azureedge.net\/heartfailurematters\/2024\/07\/hfm-logo1.jpg\",\"contentUrl\":\"https:\/\/cdn-endpoint-hfm.azureedge.net\/heartfailurematters\/2024\/07\/hfm-logo1.jpg\",\"width\":1280,\"height\":720,\"caption\":\"Heart Failure Matters\"},\"image\":{\"@id\":\"https:\/\/www.heartfailurematters.org\/fr\/#\/schema\/logo\/image\/\"},\"sameAs\":[\"https:\/\/www.facebook.com\/heartfailurematters\"]}]}<\/script>\n<!-- \/ Yoast SEO plugin. -->","yoast_head_json":{"title":"Nitrates \/ Vasodilatateurs - Heart Failure Matters","description":"Vasodilatateurs pour l'insuffisance cardiaque\u00a0: d\u00e9couvrez ce qu'ils sont, quelle est leur fonction et quels sont les effets secondaires possibles.","robots":{"index":"index","follow":"follow","max-snippet":"max-snippet:-1","max-image-preview":"max-image-preview:large","max-video-preview":"max-video-preview:-1"},"canonical":"https:\/\/www.heartfailurematters.org\/fr\/ce-que-votre-medecin-ou-votre-infirmier-ere-peut-faire\/nitrates-vasodilatateurs\/","og_locale":"fr_FR","og_type":"article","og_title":"Nitrates \/ Vasodilatateurs - Heart Failure Matters","og_description":"Vasodilatateurs pour l'insuffisance cardiaque\u00a0: d\u00e9couvrez ce qu'ils sont, quelle est leur fonction et quels sont les effets secondaires possibles.","og_url":"https:\/\/www.heartfailurematters.org\/fr\/ce-que-votre-medecin-ou-votre-infirmier-ere-peut-faire\/nitrates-vasodilatateurs\/","og_site_name":"Heart Failure Matters","article_publisher":"https:\/\/www.facebook.com\/heartfailurematters","article_modified_time":"2021-08-12T10:50:30+00:00","og_image":[{"width":900,"height":596,"url":"https:\/\/www.heartfailurematters.org\/wp-content\/uploads\/2022\/03\/shutterstock_441673426-1-min.jpg","type":"image\/jpeg"}],"twitter_card":"summary_large_image","twitter_misc":{"Dur\u00e9e de lecture estim\u00e9e":"3 minutes"},"schema":{"@context":"https:\/\/schema.org","@graph":[{"@type":"WebPage","@id":"https:\/\/www.heartfailurematters.org\/fr\/ce-que-votre-medecin-ou-votre-infirmier-ere-peut-faire\/nitrates-vasodilatateurs\/","url":"https:\/\/www.heartfailurematters.org\/fr\/ce-que-votre-medecin-ou-votre-infirmier-ere-peut-faire\/nitrates-vasodilatateurs\/","name":"Nitrates \/ Vasodilatateurs - Heart Failure Matters","isPartOf":{"@id":"https:\/\/www.heartfailurematters.org\/fr\/#website"},"primaryImageOfPage":{"@id":"https:\/\/www.heartfailurematters.org\/fr\/ce-que-votre-medecin-ou-votre-infirmier-ere-peut-faire\/nitrates-vasodilatateurs\/#primaryimage"},"image":{"@id":"https:\/\/www.heartfailurematters.org\/fr\/ce-que-votre-medecin-ou-votre-infirmier-ere-peut-faire\/nitrates-vasodilatateurs\/#primaryimage"},"thumbnailUrl":"https:\/\/www.heartfailurematters.org\/wp-content\/uploads\/2022\/03\/shutterstock_441673426-1-min.jpg","datePublished":"2021-01-27T21:36:17+00:00","dateModified":"2021-08-12T10:50:30+00:00","description":"Vasodilatateurs pour l'insuffisance cardiaque\u00a0: d\u00e9couvrez ce qu'ils sont, quelle est leur fonction et quels sont les effets secondaires possibles.","breadcrumb":{"@id":"https:\/\/www.heartfailurematters.org\/fr\/ce-que-votre-medecin-ou-votre-infirmier-ere-peut-faire\/nitrates-vasodilatateurs\/#breadcrumb"},"inLanguage":"fr-FR","potentialAction":[{"@type":"ReadAction","target":["https:\/\/www.heartfailurematters.org\/fr\/ce-que-votre-medecin-ou-votre-infirmier-ere-peut-faire\/nitrates-vasodilatateurs\/"]}]},{"@type":"ImageObject","inLanguage":"fr-FR","@id":"https:\/\/www.heartfailurematters.org\/fr\/ce-que-votre-medecin-ou-votre-infirmier-ere-peut-faire\/nitrates-vasodilatateurs\/#primaryimage","url":"https:\/\/www.heartfailurematters.org\/wp-content\/uploads\/2022\/03\/shutterstock_441673426-1-min.jpg","contentUrl":"https:\/\/www.heartfailurematters.org\/wp-content\/uploads\/2022\/03\/shutterstock_441673426-1-min.jpg","width":900,"height":596},{"@type":"BreadcrumbList","@id":"https:\/\/www.heartfailurematters.org\/fr\/ce-que-votre-medecin-ou-votre-infirmier-ere-peut-faire\/nitrates-vasodilatateurs\/#breadcrumb","itemListElement":[{"@type":"ListItem","position":1,"name":"Accueil","item":"https:\/\/www.heartfailurematters.org\/fr\/"},{"@type":"ListItem","position":2,"name":"Ce que votre m\u00e9decin peut faire","item":"https:\/\/www.heartfailurematters.org\/fr\/ce-que-votre-medecin-ou-votre-infirmier-ere-peut-faire\/"},{"@type":"ListItem","position":3,"name":"Nitrates \/ Vasodilatateurs"}]},{"@type":"WebSite","@id":"https:\/\/www.heartfailurematters.org\/fr\/#website","url":"https:\/\/www.heartfailurematters.org\/fr\/","name":"Heart Failure Matters","description":"Practical information for patients, families and caregivers.","publisher":{"@id":"https:\/\/www.heartfailurematters.org\/fr\/#organization"},"potentialAction":[{"@type":"SearchAction","target":{"@type":"EntryPoint","urlTemplate":"https:\/\/www.heartfailurematters.org\/fr\/?s={search_term_string}"},"query-input":{"@type":"PropertyValueSpecification","valueRequired":true,"valueName":"search_term_string"}}],"inLanguage":"fr-FR"},{"@type":"Organization","@id":"https:\/\/www.heartfailurematters.org\/fr\/#organization","name":"Heart Failure Matters","url":"https:\/\/www.heartfailurematters.org\/fr\/","logo":{"@type":"ImageObject","inLanguage":"fr-FR","@id":"https:\/\/www.heartfailurematters.org\/fr\/#\/schema\/logo\/image\/","url":"https:\/\/cdn-endpoint-hfm.azureedge.net\/heartfailurematters\/2024\/07\/hfm-logo1.jpg","contentUrl":"https:\/\/cdn-endpoint-hfm.azureedge.net\/heartfailurematters\/2024\/07\/hfm-logo1.jpg","width":1280,"height":720,"caption":"Heart Failure Matters"},"image":{"@id":"https:\/\/www.heartfailurematters.org\/fr\/#\/schema\/logo\/image\/"},"sameAs":["https:\/\/www.facebook.com\/heartfailurematters"]}]}},"_links":{"self":[{"href":"https:\/\/www.heartfailurematters.org\/fr\/wp-json\/wp\/v2\/pages\/504","targetHints":{"allow":["GET"]}}],"collection":[{"href":"https:\/\/www.heartfailurematters.org\/fr\/wp-json\/wp\/v2\/pages"}],"about":[{"href":"https:\/\/www.heartfailurematters.org\/fr\/wp-json\/wp\/v2\/types\/page"}],"author":[{"embeddable":true,"href":"https:\/\/www.heartfailurematters.org\/fr\/wp-json\/wp\/v2\/users\/1"}],"replies":[{"embeddable":true,"href":"https:\/\/www.heartfailurematters.org\/fr\/wp-json\/wp\/v2\/comments?post=504"}],"version-history":[{"count":2,"href":"https:\/\/www.heartfailurematters.org\/fr\/wp-json\/wp\/v2\/pages\/504\/revisions"}],"predecessor-version":[{"id":9834,"href":"https:\/\/www.heartfailurematters.org\/fr\/wp-json\/wp\/v2\/pages\/504\/revisions\/9834"}],"up":[{"embeddable":true,"href":"https:\/\/www.heartfailurematters.org\/fr\/wp-json\/wp\/v2\/pages\/2679"}],"wp:featuredmedia":[{"embeddable":true,"href":"https:\/\/www.heartfailurematters.org\/fr\/wp-json\/wp\/v2\/media\/10868"}],"wp:attachment":[{"href":"https:\/\/www.heartfailurematters.org\/fr\/wp-json\/wp\/v2\/media?parent=504"}],"wp:term":[{"taxonomy":"category","embeddable":true,"href":"https:\/\/www.heartfailurematters.org\/fr\/wp-json\/wp\/v2\/categories?post=504"},{"taxonomy":"post_tag","embeddable":true,"href":"https:\/\/www.heartfailurematters.org\/fr\/wp-json\/wp\/v2\/tags?post=504"}],"curies":[{"name":"wp","href":"https:\/\/api.w.org\/{rel}","templated":true}]}}