{"id":502,"date":"2021-01-27T21:36:17","date_gmt":"2021-01-27T21:36:17","guid":{"rendered":"http:\/\/heartfailurematters.local:8888\/adaptation-de-votre-alimentation-alcool\/"},"modified":"2021-02-05T18:00:17","modified_gmt":"2021-02-05T18:00:17","slug":"adaptation-de-votre-alimentation-alcool","status":"publish","type":"page","link":"https:\/\/www.heartfailurematters.org\/fr\/ce-que-vous-pouvez-faire\/adaptation-de-votre-alimentation-alcool\/","title":{"rendered":"Adaptation de votre alimentation\u00a0: alcool"},"content":{"rendered":"<p>L&rsquo;alcool peut entra\u00eener un rel\u00e2chement de votre muscle cardiaque, ralentir les battements de votre c\u0153ur et r\u00e9duire votre pression art\u00e9rielle. La consommation d\u2019une petite quantit\u00e9 d\u2019alcool peut aider \u00e0 \u00e9viter la survenue d\u2019une\u00a0<a class=\"addtooltip\" title=\"Se produit quand les art\u00e8res coronaires sont r\u00e9tr\u00e9cies ou compl\u00e8tement bouch\u00e9es, provoquant une diminution de la circulation sanguine et pouvant conduire \u00e0 l'angine de poitrine, l\u2019infarctus et l\u2019insuffisance cardiaque.\"><strong>coronaropathie<\/strong><\/a>.\u00a0En revanche, une consommation excessive d&rsquo;alcool, quand on est atteint d\u2019une maladie cardiaque, peut augmenter votre fr\u00e9quence cardiaque et votre pression art\u00e9rielle et l&rsquo;abus \u00e0 long terme peut provoquer une <a class=\"addtooltip\" title=\"Affection qui provoque une dilatation, une rigidit\u00e9 ou un \u00e9paississement anormal du muscle cardiaque. Il existe de nombreuses causes de cardiomyopathie.\"><strong>cardiomyopathie<\/strong><\/a>.<\/p>\n<p>Votre m\u00e9decin ou votre infirmi\u00e8re sp\u00e9cialis\u00e9e vous conseillera sur la quantit\u00e9 d&rsquo;alcool que vous pouvez consommer sans danger. En g\u00e9n\u00e9ral, on recommande de ne pas d\u00e9passer 1 \u00e0 2 boissons alcoolis\u00e9es par jour (une boisson est repr\u00e9sent\u00e9e par un petit verre de bi\u00e8re ou de vin, ou une boisson m\u00e9lang\u00e9e avec seulement une mesure d&rsquo;alcool). Si vous avez des sympt\u00f4mes d\u2019insuffisance cardiaque s\u00e9v\u00e8re, il vous sera peut-\u00eatre conseill\u00e9 d\u2019\u00e9viter toute consommation d\u2019alcool.<\/p>\n<p>N&rsquo;oubliez pas que les boissons alcoolis\u00e9es doivent \u00eatre comptabilis\u00e9es dans la quantit\u00e9 de liquide permise pour la journ\u00e9e.<\/p>\n<p><a href=\"https:\/\/www.heartfailurematters.org\/fr\/ce-que-vous-pouvez-faire\/adaptation-de-votre-alimentation\/\">Retourner \u00e0 la rubrique \u00ab\u00a0Adaptation de votre alimentation\u00a0\u00bb<\/a><\/p>\n","protected":false},"excerpt":{"rendered":"<p>L&rsquo;alcool peut entra\u00eener un rel\u00e2chement de votre muscle cardiaque, ralentir les battements de votre c\u0153ur et r\u00e9duire votre pression art\u00e9rielle. La consommation d\u2019une petite quantit\u00e9 d\u2019alcool peut aider \u00e0 \u00e9viter la survenue d\u2019une\u00a0coronaropathie.\u00a0En revanche, une consommation excessive d&rsquo;alcool, quand on est atteint d\u2019une maladie cardiaque, peut augmenter votre fr\u00e9quence cardiaque et votre pression art\u00e9rielle et [&hellip;]<\/p>\n","protected":false},"author":1,"featured_media":10838,"parent":2715,"menu_order":0,"comment_status":"open","ping_status":"open","template":"","meta":{"_acf_changed":false,"footnotes":""},"categories":[],"tags":[],"class_list":["post-502","page","type-page","status-publish","has-post-thumbnail","hentry"],"acf":[],"yoast_head":"<!-- This site is optimized with the Yoast SEO plugin v24.8.1 - https:\/\/yoast.com\/wordpress\/plugins\/seo\/ -->\n<title>Adaptation de votre alimentation\u00a0: alcool - Heart Failure Matters<\/title>\n<meta name=\"description\" content=\"Bien qu&#039;un peu d&#039;alcool puisse aider \u00e0 pr\u00e9venir les maladies coronariennes, une consommation excessive d&#039;alcool peut augmenter votre fr\u00e9quence cardiaque si vous \u00eates atteint d&#039;une maladie cardiaque\" \/>\n<meta name=\"robots\" content=\"index, follow, max-snippet:-1, max-image-preview:large, max-video-preview:-1\" \/>\n<link rel=\"canonical\" href=\"https:\/\/www.heartfailurematters.org\/fr\/ce-que-vous-pouvez-faire\/adaptation-de-votre-alimentation-alcool\/\" \/>\n<meta property=\"og:locale\" content=\"fr_FR\" \/>\n<meta property=\"og:type\" content=\"article\" \/>\n<meta property=\"og:title\" content=\"Adaptation de votre alimentation\u00a0: alcool - Heart Failure Matters\" \/>\n<meta property=\"og:description\" content=\"Bien qu&#039;un peu d&#039;alcool puisse aider \u00e0 pr\u00e9venir les maladies coronariennes, une consommation excessive d&#039;alcool peut augmenter votre fr\u00e9quence cardiaque si vous \u00eates atteint d&#039;une maladie cardiaque\" \/>\n<meta property=\"og:url\" content=\"https:\/\/www.heartfailurematters.org\/fr\/ce-que-vous-pouvez-faire\/adaptation-de-votre-alimentation-alcool\/\" \/>\n<meta property=\"og:site_name\" content=\"Heart Failure Matters\" \/>\n<meta property=\"article:publisher\" content=\"https:\/\/www.facebook.com\/heartfailurematters\" \/>\n<meta property=\"article:modified_time\" content=\"2021-02-05T18:00:17+00:00\" \/>\n<meta property=\"og:image\" content=\"https:\/\/www.heartfailurematters.org\/wp-content\/uploads\/2022\/03\/shutterstock_1671285592-1-min.jpg\" \/>\n\t<meta property=\"og:image:width\" content=\"900\" \/>\n\t<meta property=\"og:image:height\" content=\"450\" \/>\n\t<meta property=\"og:image:type\" content=\"image\/jpeg\" \/>\n<meta name=\"twitter:card\" content=\"summary_large_image\" \/>\n<meta name=\"twitter:label1\" content=\"Dur\u00e9e de lecture estim\u00e9e\" \/>\n\t<meta name=\"twitter:data1\" content=\"1 minute\" \/>\n<script type=\"application\/ld+json\" class=\"yoast-schema-graph\">{\"@context\":\"https:\/\/schema.org\",\"@graph\":[{\"@type\":\"WebPage\",\"@id\":\"https:\/\/www.heartfailurematters.org\/fr\/ce-que-vous-pouvez-faire\/adaptation-de-votre-alimentation-alcool\/\",\"url\":\"https:\/\/www.heartfailurematters.org\/fr\/ce-que-vous-pouvez-faire\/adaptation-de-votre-alimentation-alcool\/\",\"name\":\"Adaptation de votre alimentation\u00a0: alcool - Heart Failure Matters\",\"isPartOf\":{\"@id\":\"https:\/\/www.heartfailurematters.org\/fr\/#website\"},\"primaryImageOfPage\":{\"@id\":\"https:\/\/www.heartfailurematters.org\/fr\/ce-que-vous-pouvez-faire\/adaptation-de-votre-alimentation-alcool\/#primaryimage\"},\"image\":{\"@id\":\"https:\/\/www.heartfailurematters.org\/fr\/ce-que-vous-pouvez-faire\/adaptation-de-votre-alimentation-alcool\/#primaryimage\"},\"thumbnailUrl\":\"https:\/\/www.heartfailurematters.org\/wp-content\/uploads\/2022\/03\/shutterstock_1671285592-1-min.jpg\",\"datePublished\":\"2021-01-27T21:36:17+00:00\",\"dateModified\":\"2021-02-05T18:00:17+00:00\",\"description\":\"Bien qu'un peu d'alcool puisse aider \u00e0 pr\u00e9venir les maladies coronariennes, une consommation excessive d'alcool peut augmenter votre fr\u00e9quence cardiaque si vous \u00eates atteint d'une maladie cardiaque\",\"breadcrumb\":{\"@id\":\"https:\/\/www.heartfailurematters.org\/fr\/ce-que-vous-pouvez-faire\/adaptation-de-votre-alimentation-alcool\/#breadcrumb\"},\"inLanguage\":\"fr-FR\",\"potentialAction\":[{\"@type\":\"ReadAction\",\"target\":[\"https:\/\/www.heartfailurematters.org\/fr\/ce-que-vous-pouvez-faire\/adaptation-de-votre-alimentation-alcool\/\"]}]},{\"@type\":\"ImageObject\",\"inLanguage\":\"fr-FR\",\"@id\":\"https:\/\/www.heartfailurematters.org\/fr\/ce-que-vous-pouvez-faire\/adaptation-de-votre-alimentation-alcool\/#primaryimage\",\"url\":\"https:\/\/www.heartfailurematters.org\/wp-content\/uploads\/2022\/03\/shutterstock_1671285592-1-min.jpg\",\"contentUrl\":\"https:\/\/www.heartfailurematters.org\/wp-content\/uploads\/2022\/03\/shutterstock_1671285592-1-min.jpg\",\"width\":900,\"height\":450},{\"@type\":\"BreadcrumbList\",\"@id\":\"https:\/\/www.heartfailurematters.org\/fr\/ce-que-vous-pouvez-faire\/adaptation-de-votre-alimentation-alcool\/#breadcrumb\",\"itemListElement\":[{\"@type\":\"ListItem\",\"position\":1,\"name\":\"Accueil\",\"item\":\"https:\/\/www.heartfailurematters.org\/fr\/\"},{\"@type\":\"ListItem\",\"position\":2,\"name\":\"Ce que vous pouvez faire\",\"item\":\"https:\/\/www.heartfailurematters.org\/fr\/ce-que-vous-pouvez-faire\/\"},{\"@type\":\"ListItem\",\"position\":3,\"name\":\"Adaptation de votre alimentation\u00a0: alcool\"}]},{\"@type\":\"WebSite\",\"@id\":\"https:\/\/www.heartfailurematters.org\/fr\/#website\",\"url\":\"https:\/\/www.heartfailurematters.org\/fr\/\",\"name\":\"Heart Failure Matters\",\"description\":\"Practical information for patients, families and caregivers.\",\"publisher\":{\"@id\":\"https:\/\/www.heartfailurematters.org\/fr\/#organization\"},\"potentialAction\":[{\"@type\":\"SearchAction\",\"target\":{\"@type\":\"EntryPoint\",\"urlTemplate\":\"https:\/\/www.heartfailurematters.org\/fr\/?s={search_term_string}\"},\"query-input\":{\"@type\":\"PropertyValueSpecification\",\"valueRequired\":true,\"valueName\":\"search_term_string\"}}],\"inLanguage\":\"fr-FR\"},{\"@type\":\"Organization\",\"@id\":\"https:\/\/www.heartfailurematters.org\/fr\/#organization\",\"name\":\"Heart Failure Matters\",\"url\":\"https:\/\/www.heartfailurematters.org\/fr\/\",\"logo\":{\"@type\":\"ImageObject\",\"inLanguage\":\"fr-FR\",\"@id\":\"https:\/\/www.heartfailurematters.org\/fr\/#\/schema\/logo\/image\/\",\"url\":\"https:\/\/cdn-endpoint-hfm.azureedge.net\/heartfailurematters\/2024\/07\/hfm-logo1.jpg\",\"contentUrl\":\"https:\/\/cdn-endpoint-hfm.azureedge.net\/heartfailurematters\/2024\/07\/hfm-logo1.jpg\",\"width\":1280,\"height\":720,\"caption\":\"Heart Failure Matters\"},\"image\":{\"@id\":\"https:\/\/www.heartfailurematters.org\/fr\/#\/schema\/logo\/image\/\"},\"sameAs\":[\"https:\/\/www.facebook.com\/heartfailurematters\"]}]}<\/script>\n<!-- \/ Yoast SEO plugin. -->","yoast_head_json":{"title":"Adaptation de votre alimentation\u00a0: alcool - Heart Failure Matters","description":"Bien qu'un peu d'alcool puisse aider \u00e0 pr\u00e9venir les maladies coronariennes, une consommation excessive d'alcool peut augmenter votre fr\u00e9quence cardiaque si vous \u00eates atteint d'une maladie cardiaque","robots":{"index":"index","follow":"follow","max-snippet":"max-snippet:-1","max-image-preview":"max-image-preview:large","max-video-preview":"max-video-preview:-1"},"canonical":"https:\/\/www.heartfailurematters.org\/fr\/ce-que-vous-pouvez-faire\/adaptation-de-votre-alimentation-alcool\/","og_locale":"fr_FR","og_type":"article","og_title":"Adaptation de votre alimentation\u00a0: alcool - Heart Failure Matters","og_description":"Bien qu'un peu d'alcool puisse aider \u00e0 pr\u00e9venir les maladies coronariennes, une consommation excessive d'alcool peut augmenter votre fr\u00e9quence cardiaque si vous \u00eates atteint d'une maladie cardiaque","og_url":"https:\/\/www.heartfailurematters.org\/fr\/ce-que-vous-pouvez-faire\/adaptation-de-votre-alimentation-alcool\/","og_site_name":"Heart Failure Matters","article_publisher":"https:\/\/www.facebook.com\/heartfailurematters","article_modified_time":"2021-02-05T18:00:17+00:00","og_image":[{"width":900,"height":450,"url":"https:\/\/www.heartfailurematters.org\/wp-content\/uploads\/2022\/03\/shutterstock_1671285592-1-min.jpg","type":"image\/jpeg"}],"twitter_card":"summary_large_image","twitter_misc":{"Dur\u00e9e de lecture estim\u00e9e":"1 minute"},"schema":{"@context":"https:\/\/schema.org","@graph":[{"@type":"WebPage","@id":"https:\/\/www.heartfailurematters.org\/fr\/ce-que-vous-pouvez-faire\/adaptation-de-votre-alimentation-alcool\/","url":"https:\/\/www.heartfailurematters.org\/fr\/ce-que-vous-pouvez-faire\/adaptation-de-votre-alimentation-alcool\/","name":"Adaptation de votre alimentation\u00a0: alcool - Heart Failure Matters","isPartOf":{"@id":"https:\/\/www.heartfailurematters.org\/fr\/#website"},"primaryImageOfPage":{"@id":"https:\/\/www.heartfailurematters.org\/fr\/ce-que-vous-pouvez-faire\/adaptation-de-votre-alimentation-alcool\/#primaryimage"},"image":{"@id":"https:\/\/www.heartfailurematters.org\/fr\/ce-que-vous-pouvez-faire\/adaptation-de-votre-alimentation-alcool\/#primaryimage"},"thumbnailUrl":"https:\/\/www.heartfailurematters.org\/wp-content\/uploads\/2022\/03\/shutterstock_1671285592-1-min.jpg","datePublished":"2021-01-27T21:36:17+00:00","dateModified":"2021-02-05T18:00:17+00:00","description":"Bien qu'un peu d'alcool puisse aider \u00e0 pr\u00e9venir les maladies coronariennes, une consommation excessive d'alcool peut augmenter votre fr\u00e9quence cardiaque si vous \u00eates atteint d'une maladie cardiaque","breadcrumb":{"@id":"https:\/\/www.heartfailurematters.org\/fr\/ce-que-vous-pouvez-faire\/adaptation-de-votre-alimentation-alcool\/#breadcrumb"},"inLanguage":"fr-FR","potentialAction":[{"@type":"ReadAction","target":["https:\/\/www.heartfailurematters.org\/fr\/ce-que-vous-pouvez-faire\/adaptation-de-votre-alimentation-alcool\/"]}]},{"@type":"ImageObject","inLanguage":"fr-FR","@id":"https:\/\/www.heartfailurematters.org\/fr\/ce-que-vous-pouvez-faire\/adaptation-de-votre-alimentation-alcool\/#primaryimage","url":"https:\/\/www.heartfailurematters.org\/wp-content\/uploads\/2022\/03\/shutterstock_1671285592-1-min.jpg","contentUrl":"https:\/\/www.heartfailurematters.org\/wp-content\/uploads\/2022\/03\/shutterstock_1671285592-1-min.jpg","width":900,"height":450},{"@type":"BreadcrumbList","@id":"https:\/\/www.heartfailurematters.org\/fr\/ce-que-vous-pouvez-faire\/adaptation-de-votre-alimentation-alcool\/#breadcrumb","itemListElement":[{"@type":"ListItem","position":1,"name":"Accueil","item":"https:\/\/www.heartfailurematters.org\/fr\/"},{"@type":"ListItem","position":2,"name":"Ce que vous pouvez faire","item":"https:\/\/www.heartfailurematters.org\/fr\/ce-que-vous-pouvez-faire\/"},{"@type":"ListItem","position":3,"name":"Adaptation de votre alimentation\u00a0: alcool"}]},{"@type":"WebSite","@id":"https:\/\/www.heartfailurematters.org\/fr\/#website","url":"https:\/\/www.heartfailurematters.org\/fr\/","name":"Heart Failure Matters","description":"Practical information for patients, families and caregivers.","publisher":{"@id":"https:\/\/www.heartfailurematters.org\/fr\/#organization"},"potentialAction":[{"@type":"SearchAction","target":{"@type":"EntryPoint","urlTemplate":"https:\/\/www.heartfailurematters.org\/fr\/?s={search_term_string}"},"query-input":{"@type":"PropertyValueSpecification","valueRequired":true,"valueName":"search_term_string"}}],"inLanguage":"fr-FR"},{"@type":"Organization","@id":"https:\/\/www.heartfailurematters.org\/fr\/#organization","name":"Heart Failure Matters","url":"https:\/\/www.heartfailurematters.org\/fr\/","logo":{"@type":"ImageObject","inLanguage":"fr-FR","@id":"https:\/\/www.heartfailurematters.org\/fr\/#\/schema\/logo\/image\/","url":"https:\/\/cdn-endpoint-hfm.azureedge.net\/heartfailurematters\/2024\/07\/hfm-logo1.jpg","contentUrl":"https:\/\/cdn-endpoint-hfm.azureedge.net\/heartfailurematters\/2024\/07\/hfm-logo1.jpg","width":1280,"height":720,"caption":"Heart Failure Matters"},"image":{"@id":"https:\/\/www.heartfailurematters.org\/fr\/#\/schema\/logo\/image\/"},"sameAs":["https:\/\/www.facebook.com\/heartfailurematters"]}]}},"_links":{"self":[{"href":"https:\/\/www.heartfailurematters.org\/fr\/wp-json\/wp\/v2\/pages\/502","targetHints":{"allow":["GET"]}}],"collection":[{"href":"https:\/\/www.heartfailurematters.org\/fr\/wp-json\/wp\/v2\/pages"}],"about":[{"href":"https:\/\/www.heartfailurematters.org\/fr\/wp-json\/wp\/v2\/types\/page"}],"author":[{"embeddable":true,"href":"https:\/\/www.heartfailurematters.org\/fr\/wp-json\/wp\/v2\/users\/1"}],"replies":[{"embeddable":true,"href":"https:\/\/www.heartfailurematters.org\/fr\/wp-json\/wp\/v2\/comments?post=502"}],"version-history":[{"count":1,"href":"https:\/\/www.heartfailurematters.org\/fr\/wp-json\/wp\/v2\/pages\/502\/revisions"}],"predecessor-version":[{"id":4578,"href":"https:\/\/www.heartfailurematters.org\/fr\/wp-json\/wp\/v2\/pages\/502\/revisions\/4578"}],"up":[{"embeddable":true,"href":"https:\/\/www.heartfailurematters.org\/fr\/wp-json\/wp\/v2\/pages\/2715"}],"wp:featuredmedia":[{"embeddable":true,"href":"https:\/\/www.heartfailurematters.org\/fr\/wp-json\/wp\/v2\/media\/10838"}],"wp:attachment":[{"href":"https:\/\/www.heartfailurematters.org\/fr\/wp-json\/wp\/v2\/media?parent=502"}],"wp:term":[{"taxonomy":"category","embeddable":true,"href":"https:\/\/www.heartfailurematters.org\/fr\/wp-json\/wp\/v2\/categories?post=502"},{"taxonomy":"post_tag","embeddable":true,"href":"https:\/\/www.heartfailurematters.org\/fr\/wp-json\/wp\/v2\/tags?post=502"}],"curies":[{"name":"wp","href":"https:\/\/api.w.org\/{rel}","templated":true}]}}