{"id":501,"date":"2021-01-27T21:36:17","date_gmt":"2021-01-27T21:36:17","guid":{"rendered":"http:\/\/heartfailurematters.local:8888\/adaptation-de-votre-alimentation\/"},"modified":"2021-01-27T21:36:17","modified_gmt":"2021-01-27T21:36:17","slug":"adaptation-de-votre-alimentation","status":"publish","type":"page","link":"https:\/\/www.heartfailurematters.org\/fr\/ce-que-vous-pouvez-faire\/adaptation-de-votre-alimentation\/","title":{"rendered":"Adaptation de votre alimentation"},"content":{"rendered":"<p>Bien que vous puissiez consid\u00e9rer votre r\u00e9gime actuel comme plut\u00f4t sain, il est possible que vous soyez amen\u00e9 \u00e0 r\u00e9duire la consommation d\u2019aliments tels que le sel, les graisses et l&rsquo;alcool. Vous pourrez \u00eatre orient\u00e9 vers une di\u00e9t\u00e9ticienne, qui \u00e9laborera avec vous un r\u00e9gime personnalis\u00e9 qui vous aidera \u00e0 vous sentir mieux et \u00e0 contr\u00f4ler votre insuffisance cardiaque.<\/p>\n<p>Cliquez sur l\u2019un des liens ci-dessous pour en savoir plus sur la fa\u00e7on d\u2019am\u00e9liorer votre alimentation&nbsp;:<\/p>\n<ul>\n<li><a title=\"\" href=\"https:\/\/www.heartfailurematters.org\/fr\/ce-que-vous-pouvez-faire\/adaptation-de-votre-alimentation-maintien-dun-poids-de-forme\/\">Maintien d&rsquo;un poids de forme<\/a><\/li>\n<li><a title=\"\" href=\"https:\/\/www.heartfailurematters.org\/fr\/ce-que-vous-pouvez-faire\/adaptation-de-votre-alimentation-le-sel\/\">Sel<\/a><\/li>\n<li><a title=\"\" href=\"https:\/\/www.heartfailurematters.org\/fr\/ce-que-vous-pouvez-faire\/adaptation-de-votre-alimentation-liquides\/\">Liquides<\/a><\/li>\n<li><a title=\"\" href=\"https:\/\/www.heartfailurematters.org\/fr\/ce-que-vous-pouvez-faire\/adaptation-de-votre-alimentation-alcool\/\">Alcool<\/a><\/li>\n<li><a title=\"\" href=\"https:\/\/www.heartfailurematters.org\/fr\/ce-que-vous-pouvez-faire\/adaptation-de-votre-alimentation-potassium\/\">Potassium<\/a><\/li>\n<li><a title=\"\" href=\"https:\/\/www.heartfailurematters.org\/fr\/ce-que-vous-pouvez-faire\/adaptation-de-votre-alimentation-graisses-et-cholesterol\/\">Graisses et cholest\u00e9rol<\/a><\/li>\n<li><a title=\"\" href=\"https:\/\/www.heartfailurematters.org\/fr\/ce-que-vous-pouvez-faire\/adaptation-de-votre-alimentation-regime-en-cas-de-diabete\/\">R\u00e9gime en cas de diab\u00e8te<\/a><\/li>\n<li><a title=\"\" href=\"https:\/\/www.heartfailurematters.org\/fr\/ce-que-vous-pouvez-faire\/adaptation-de-votre-alimentation-liens-vers-des-recettes\/\">Liens vers des recettes<\/a><\/li>\n<\/ul>\n<p><a title=\"\" href=\"https:\/\/www.heartfailurematters.org\/fr\/ce-que-vous-pouvez-faire\/adaptation-de-votre-mode-de-vie\/\">Retourne \u00e0 la rubrique \u00ab&nbsp;Adaptation de votre mode de vie&nbsp;\u00bb<\/a><\/p>\n","protected":false},"excerpt":{"rendered":"<p>Bien que vous puissiez consid\u00e9rer votre r\u00e9gime actuel comme plut\u00f4t sain, il est possible que vous soyez amen\u00e9 \u00e0 r\u00e9duire la consommation d\u2019aliments tels que le sel, les graisses et l&rsquo;alcool. Vous pourrez \u00eatre orient\u00e9 vers une di\u00e9t\u00e9ticienne, qui \u00e9laborera avec vous un r\u00e9gime personnalis\u00e9 qui vous aidera \u00e0 vous sentir mieux et \u00e0 contr\u00f4ler [&hellip;]<\/p>\n","protected":false},"author":1,"featured_media":10994,"parent":2715,"menu_order":0,"comment_status":"open","ping_status":"open","template":"","meta":{"_acf_changed":false,"footnotes":""},"categories":[],"tags":[],"class_list":["post-501","page","type-page","status-publish","has-post-thumbnail","hentry"],"acf":[],"yoast_head":"<!-- This site is optimized with the Yoast SEO plugin v24.8.1 - https:\/\/yoast.com\/wordpress\/plugins\/seo\/ -->\n<title>Adaptation de votre alimentation - Heart Failure Matters<\/title>\n<meta name=\"description\" content=\"Si vous souffrez d&#039;insuffisance cardiaque, il vous sera peut-\u00eatre demand\u00e9 de r\u00e9duire les \u00e9l\u00e9ments cl\u00e9s de votre alimentation, tels que le sel, les graisses et l&#039;alcool. Cliquez sur les liens pour en savoir plus\" \/>\n<meta name=\"robots\" content=\"index, follow, max-snippet:-1, max-image-preview:large, max-video-preview:-1\" \/>\n<link rel=\"canonical\" href=\"https:\/\/www.heartfailurematters.org\/fr\/ce-que-vous-pouvez-faire\/adaptation-de-votre-alimentation\/\" \/>\n<meta property=\"og:locale\" content=\"fr_FR\" \/>\n<meta property=\"og:type\" content=\"article\" \/>\n<meta property=\"og:title\" content=\"Adaptation de votre alimentation - Heart Failure Matters\" \/>\n<meta property=\"og:description\" content=\"Si vous souffrez d&#039;insuffisance cardiaque, il vous sera peut-\u00eatre demand\u00e9 de r\u00e9duire les \u00e9l\u00e9ments cl\u00e9s de votre alimentation, tels que le sel, les graisses et l&#039;alcool. Cliquez sur les liens pour en savoir plus\" \/>\n<meta property=\"og:url\" content=\"https:\/\/www.heartfailurematters.org\/fr\/ce-que-vous-pouvez-faire\/adaptation-de-votre-alimentation\/\" \/>\n<meta property=\"og:site_name\" content=\"Heart Failure Matters\" \/>\n<meta property=\"article:publisher\" content=\"https:\/\/www.facebook.com\/heartfailurematters\" \/>\n<meta property=\"og:image\" content=\"https:\/\/www.heartfailurematters.org\/wp-content\/uploads\/2022\/03\/shutterstock_1130328140-1-min.jpg\" \/>\n\t<meta property=\"og:image:width\" content=\"900\" \/>\n\t<meta property=\"og:image:height\" content=\"599\" \/>\n\t<meta property=\"og:image:type\" content=\"image\/jpeg\" \/>\n<meta name=\"twitter:card\" content=\"summary_large_image\" \/>\n<meta name=\"twitter:label1\" content=\"Dur\u00e9e de lecture estim\u00e9e\" \/>\n\t<meta name=\"twitter:data1\" content=\"1 minute\" \/>\n<script type=\"application\/ld+json\" class=\"yoast-schema-graph\">{\"@context\":\"https:\/\/schema.org\",\"@graph\":[{\"@type\":\"WebPage\",\"@id\":\"https:\/\/www.heartfailurematters.org\/fr\/ce-que-vous-pouvez-faire\/adaptation-de-votre-alimentation\/\",\"url\":\"https:\/\/www.heartfailurematters.org\/fr\/ce-que-vous-pouvez-faire\/adaptation-de-votre-alimentation\/\",\"name\":\"Adaptation de votre alimentation - Heart Failure Matters\",\"isPartOf\":{\"@id\":\"https:\/\/www.heartfailurematters.org\/fr\/#website\"},\"primaryImageOfPage\":{\"@id\":\"https:\/\/www.heartfailurematters.org\/fr\/ce-que-vous-pouvez-faire\/adaptation-de-votre-alimentation\/#primaryimage\"},\"image\":{\"@id\":\"https:\/\/www.heartfailurematters.org\/fr\/ce-que-vous-pouvez-faire\/adaptation-de-votre-alimentation\/#primaryimage\"},\"thumbnailUrl\":\"https:\/\/www.heartfailurematters.org\/wp-content\/uploads\/2022\/03\/shutterstock_1130328140-1-min.jpg\",\"datePublished\":\"2021-01-27T21:36:17+00:00\",\"description\":\"Si vous souffrez d'insuffisance cardiaque, il vous sera peut-\u00eatre demand\u00e9 de r\u00e9duire les \u00e9l\u00e9ments cl\u00e9s de votre alimentation, tels que le sel, les graisses et l'alcool. Cliquez sur les liens pour en savoir plus\",\"breadcrumb\":{\"@id\":\"https:\/\/www.heartfailurematters.org\/fr\/ce-que-vous-pouvez-faire\/adaptation-de-votre-alimentation\/#breadcrumb\"},\"inLanguage\":\"fr-FR\",\"potentialAction\":[{\"@type\":\"ReadAction\",\"target\":[\"https:\/\/www.heartfailurematters.org\/fr\/ce-que-vous-pouvez-faire\/adaptation-de-votre-alimentation\/\"]}]},{\"@type\":\"ImageObject\",\"inLanguage\":\"fr-FR\",\"@id\":\"https:\/\/www.heartfailurematters.org\/fr\/ce-que-vous-pouvez-faire\/adaptation-de-votre-alimentation\/#primaryimage\",\"url\":\"https:\/\/www.heartfailurematters.org\/wp-content\/uploads\/2022\/03\/shutterstock_1130328140-1-min.jpg\",\"contentUrl\":\"https:\/\/www.heartfailurematters.org\/wp-content\/uploads\/2022\/03\/shutterstock_1130328140-1-min.jpg\",\"width\":900,\"height\":599},{\"@type\":\"BreadcrumbList\",\"@id\":\"https:\/\/www.heartfailurematters.org\/fr\/ce-que-vous-pouvez-faire\/adaptation-de-votre-alimentation\/#breadcrumb\",\"itemListElement\":[{\"@type\":\"ListItem\",\"position\":1,\"name\":\"Accueil\",\"item\":\"https:\/\/www.heartfailurematters.org\/fr\/\"},{\"@type\":\"ListItem\",\"position\":2,\"name\":\"Ce que vous pouvez faire\",\"item\":\"https:\/\/www.heartfailurematters.org\/fr\/ce-que-vous-pouvez-faire\/\"},{\"@type\":\"ListItem\",\"position\":3,\"name\":\"Adaptation de votre alimentation\"}]},{\"@type\":\"WebSite\",\"@id\":\"https:\/\/www.heartfailurematters.org\/fr\/#website\",\"url\":\"https:\/\/www.heartfailurematters.org\/fr\/\",\"name\":\"Heart Failure Matters\",\"description\":\"Practical information for patients, families and caregivers.\",\"publisher\":{\"@id\":\"https:\/\/www.heartfailurematters.org\/fr\/#organization\"},\"potentialAction\":[{\"@type\":\"SearchAction\",\"target\":{\"@type\":\"EntryPoint\",\"urlTemplate\":\"https:\/\/www.heartfailurematters.org\/fr\/?s={search_term_string}\"},\"query-input\":{\"@type\":\"PropertyValueSpecification\",\"valueRequired\":true,\"valueName\":\"search_term_string\"}}],\"inLanguage\":\"fr-FR\"},{\"@type\":\"Organization\",\"@id\":\"https:\/\/www.heartfailurematters.org\/fr\/#organization\",\"name\":\"Heart Failure Matters\",\"url\":\"https:\/\/www.heartfailurematters.org\/fr\/\",\"logo\":{\"@type\":\"ImageObject\",\"inLanguage\":\"fr-FR\",\"@id\":\"https:\/\/www.heartfailurematters.org\/fr\/#\/schema\/logo\/image\/\",\"url\":\"https:\/\/cdn-endpoint-hfm.azureedge.net\/heartfailurematters\/2024\/07\/hfm-logo1.jpg\",\"contentUrl\":\"https:\/\/cdn-endpoint-hfm.azureedge.net\/heartfailurematters\/2024\/07\/hfm-logo1.jpg\",\"width\":1280,\"height\":720,\"caption\":\"Heart Failure Matters\"},\"image\":{\"@id\":\"https:\/\/www.heartfailurematters.org\/fr\/#\/schema\/logo\/image\/\"},\"sameAs\":[\"https:\/\/www.facebook.com\/heartfailurematters\"]}]}<\/script>\n<!-- \/ Yoast SEO plugin. -->","yoast_head_json":{"title":"Adaptation de votre alimentation - Heart Failure Matters","description":"Si vous souffrez d'insuffisance cardiaque, il vous sera peut-\u00eatre demand\u00e9 de r\u00e9duire les \u00e9l\u00e9ments cl\u00e9s de votre alimentation, tels que le sel, les graisses et l'alcool. Cliquez sur les liens pour en savoir plus","robots":{"index":"index","follow":"follow","max-snippet":"max-snippet:-1","max-image-preview":"max-image-preview:large","max-video-preview":"max-video-preview:-1"},"canonical":"https:\/\/www.heartfailurematters.org\/fr\/ce-que-vous-pouvez-faire\/adaptation-de-votre-alimentation\/","og_locale":"fr_FR","og_type":"article","og_title":"Adaptation de votre alimentation - Heart Failure Matters","og_description":"Si vous souffrez d'insuffisance cardiaque, il vous sera peut-\u00eatre demand\u00e9 de r\u00e9duire les \u00e9l\u00e9ments cl\u00e9s de votre alimentation, tels que le sel, les graisses et l'alcool. Cliquez sur les liens pour en savoir plus","og_url":"https:\/\/www.heartfailurematters.org\/fr\/ce-que-vous-pouvez-faire\/adaptation-de-votre-alimentation\/","og_site_name":"Heart Failure Matters","article_publisher":"https:\/\/www.facebook.com\/heartfailurematters","og_image":[{"width":900,"height":599,"url":"https:\/\/www.heartfailurematters.org\/wp-content\/uploads\/2022\/03\/shutterstock_1130328140-1-min.jpg","type":"image\/jpeg"}],"twitter_card":"summary_large_image","twitter_misc":{"Dur\u00e9e de lecture estim\u00e9e":"1 minute"},"schema":{"@context":"https:\/\/schema.org","@graph":[{"@type":"WebPage","@id":"https:\/\/www.heartfailurematters.org\/fr\/ce-que-vous-pouvez-faire\/adaptation-de-votre-alimentation\/","url":"https:\/\/www.heartfailurematters.org\/fr\/ce-que-vous-pouvez-faire\/adaptation-de-votre-alimentation\/","name":"Adaptation de votre alimentation - Heart Failure Matters","isPartOf":{"@id":"https:\/\/www.heartfailurematters.org\/fr\/#website"},"primaryImageOfPage":{"@id":"https:\/\/www.heartfailurematters.org\/fr\/ce-que-vous-pouvez-faire\/adaptation-de-votre-alimentation\/#primaryimage"},"image":{"@id":"https:\/\/www.heartfailurematters.org\/fr\/ce-que-vous-pouvez-faire\/adaptation-de-votre-alimentation\/#primaryimage"},"thumbnailUrl":"https:\/\/www.heartfailurematters.org\/wp-content\/uploads\/2022\/03\/shutterstock_1130328140-1-min.jpg","datePublished":"2021-01-27T21:36:17+00:00","description":"Si vous souffrez d'insuffisance cardiaque, il vous sera peut-\u00eatre demand\u00e9 de r\u00e9duire les \u00e9l\u00e9ments cl\u00e9s de votre alimentation, tels que le sel, les graisses et l'alcool. Cliquez sur les liens pour en savoir plus","breadcrumb":{"@id":"https:\/\/www.heartfailurematters.org\/fr\/ce-que-vous-pouvez-faire\/adaptation-de-votre-alimentation\/#breadcrumb"},"inLanguage":"fr-FR","potentialAction":[{"@type":"ReadAction","target":["https:\/\/www.heartfailurematters.org\/fr\/ce-que-vous-pouvez-faire\/adaptation-de-votre-alimentation\/"]}]},{"@type":"ImageObject","inLanguage":"fr-FR","@id":"https:\/\/www.heartfailurematters.org\/fr\/ce-que-vous-pouvez-faire\/adaptation-de-votre-alimentation\/#primaryimage","url":"https:\/\/www.heartfailurematters.org\/wp-content\/uploads\/2022\/03\/shutterstock_1130328140-1-min.jpg","contentUrl":"https:\/\/www.heartfailurematters.org\/wp-content\/uploads\/2022\/03\/shutterstock_1130328140-1-min.jpg","width":900,"height":599},{"@type":"BreadcrumbList","@id":"https:\/\/www.heartfailurematters.org\/fr\/ce-que-vous-pouvez-faire\/adaptation-de-votre-alimentation\/#breadcrumb","itemListElement":[{"@type":"ListItem","position":1,"name":"Accueil","item":"https:\/\/www.heartfailurematters.org\/fr\/"},{"@type":"ListItem","position":2,"name":"Ce que vous pouvez faire","item":"https:\/\/www.heartfailurematters.org\/fr\/ce-que-vous-pouvez-faire\/"},{"@type":"ListItem","position":3,"name":"Adaptation de votre alimentation"}]},{"@type":"WebSite","@id":"https:\/\/www.heartfailurematters.org\/fr\/#website","url":"https:\/\/www.heartfailurematters.org\/fr\/","name":"Heart Failure Matters","description":"Practical information for patients, families and caregivers.","publisher":{"@id":"https:\/\/www.heartfailurematters.org\/fr\/#organization"},"potentialAction":[{"@type":"SearchAction","target":{"@type":"EntryPoint","urlTemplate":"https:\/\/www.heartfailurematters.org\/fr\/?s={search_term_string}"},"query-input":{"@type":"PropertyValueSpecification","valueRequired":true,"valueName":"search_term_string"}}],"inLanguage":"fr-FR"},{"@type":"Organization","@id":"https:\/\/www.heartfailurematters.org\/fr\/#organization","name":"Heart Failure Matters","url":"https:\/\/www.heartfailurematters.org\/fr\/","logo":{"@type":"ImageObject","inLanguage":"fr-FR","@id":"https:\/\/www.heartfailurematters.org\/fr\/#\/schema\/logo\/image\/","url":"https:\/\/cdn-endpoint-hfm.azureedge.net\/heartfailurematters\/2024\/07\/hfm-logo1.jpg","contentUrl":"https:\/\/cdn-endpoint-hfm.azureedge.net\/heartfailurematters\/2024\/07\/hfm-logo1.jpg","width":1280,"height":720,"caption":"Heart Failure Matters"},"image":{"@id":"https:\/\/www.heartfailurematters.org\/fr\/#\/schema\/logo\/image\/"},"sameAs":["https:\/\/www.facebook.com\/heartfailurematters"]}]}},"_links":{"self":[{"href":"https:\/\/www.heartfailurematters.org\/fr\/wp-json\/wp\/v2\/pages\/501","targetHints":{"allow":["GET"]}}],"collection":[{"href":"https:\/\/www.heartfailurematters.org\/fr\/wp-json\/wp\/v2\/pages"}],"about":[{"href":"https:\/\/www.heartfailurematters.org\/fr\/wp-json\/wp\/v2\/types\/page"}],"author":[{"embeddable":true,"href":"https:\/\/www.heartfailurematters.org\/fr\/wp-json\/wp\/v2\/users\/1"}],"replies":[{"embeddable":true,"href":"https:\/\/www.heartfailurematters.org\/fr\/wp-json\/wp\/v2\/comments?post=501"}],"version-history":[{"count":0,"href":"https:\/\/www.heartfailurematters.org\/fr\/wp-json\/wp\/v2\/pages\/501\/revisions"}],"up":[{"embeddable":true,"href":"https:\/\/www.heartfailurematters.org\/fr\/wp-json\/wp\/v2\/pages\/2715"}],"wp:featuredmedia":[{"embeddable":true,"href":"https:\/\/www.heartfailurematters.org\/fr\/wp-json\/wp\/v2\/media\/10994"}],"wp:attachment":[{"href":"https:\/\/www.heartfailurematters.org\/fr\/wp-json\/wp\/v2\/media?parent=501"}],"wp:term":[{"taxonomy":"category","embeddable":true,"href":"https:\/\/www.heartfailurematters.org\/fr\/wp-json\/wp\/v2\/categories?post=501"},{"taxonomy":"post_tag","embeddable":true,"href":"https:\/\/www.heartfailurematters.org\/fr\/wp-json\/wp\/v2\/tags?post=501"}],"curies":[{"name":"wp","href":"https:\/\/api.w.org\/{rel}","templated":true}]}}