{"id":499,"date":"2021-01-27T21:36:17","date_gmt":"2021-01-27T21:36:17","guid":{"rendered":"http:\/\/heartfailurematters.local:8888\/maintenir-les-autres-affections-sous-controle\/"},"modified":"2021-01-27T21:36:17","modified_gmt":"2021-01-27T21:36:17","slug":"maintenir-les-autres-affections-sous-controle","status":"publish","type":"page","link":"https:\/\/www.heartfailurematters.org\/fr\/ce-que-vous-pouvez-faire\/maintenir-les-autres-affections-sous-controle\/","title":{"rendered":"Maintenir les autres affections sous contr\u00f4le"},"content":{"rendered":"<p>Votre insuffisance cardiaque est consid&eacute;r&eacute;e comme une affection chronique, car vous allez probablement recevoir un traitement &agrave; long terme. Vous pouvez &eacute;galement pr&eacute;senter une ou plusieurs autres affections chroniques, ce qui peut impliquer de prendre des m&eacute;dicaments ou d&rsquo;apporter des changements &agrave; votre mode de vie en plus de ceux recommand&eacute;s par votre m&eacute;decin dans le cadre de la prise en charge de votre insuffisance cardiaque.<\/p>\n<p>Il est important de prendre en charge votre ou vos autres affections chroniques aussi efficacement que possible, car si elles sont mal contr&ocirc;l&eacute;es, elles peuvent aggraver votre insuffisance cardiaque. La prise en charge de plusieurs affections est parfois difficile. Veillez donc &agrave; tenir votre m&eacute;decin et votre infirmi&egrave;re inform&eacute;s de vos affections chroniques et de leurs traitements pour obtenir les meilleurs r&eacute;sultats possibles. Cela est particuli&egrave;rement vrai si vous voyez plus d&rsquo;un m&eacute;decin pour des affections diff&eacute;rentes.<\/p>\n<p>Les patients atteints d&rsquo;insuffisance cardiaque pr&eacute;sentent souvent &eacute;galement les affections suivantes&nbsp;:<\/p>\n<ul>\n<li>Pression art&eacute;rielle constamment &eacute;lev&eacute;e (<a class=\"addtooltip\" title=\"Pression art&eacute;rielle constamment &eacute;lev&amp;eacute\"><strong>hypertension<\/strong><\/a>)<\/li>\n<li>Rythme cardiaque anormal, comme une fibrillation auriculaire<\/li>\n<li>Affection pulmonaire, comme de l&rsquo;<a class=\"addtooltip\" title=\"Maladie respiratoire qui provoque le r&eacute;tr&eacute;cissement des bronches, rendant la respiration particuli&egrave;rement difficile.\"><strong>asthme<\/strong><\/a> ou&nbsp;une maladie obstructive des voies respiratoires<\/li>\n<li>Probl&egrave;mes de thyro&iuml;de<\/li>\n<li>Arthrite, douleurs musculaires et articulaires<\/li>\n<li><a class=\"addtooltip\" title=\"Affection li&eacute;e &agrave; une production insuffisante par le corps d'insuline, ou li&eacute;e &agrave; une insuline ne fonctionne pas correctement. Dans cette situation, l&rsquo;organisme\"><strong>Diab&egrave;te<\/strong><\/a><\/li>\n<li><strong><a class=\"addtooltip\" title=\"Faible quantit&eacute; de globules rouges ou d&rsquo;h&eacute;moglobine dans les globules rouges, entra&icirc;nant une r&eacute;duction de l&rsquo;apport d&rsquo;oxyg&egrave;ne aux tissus et aux organes.\"><strong title=\"\">An&eacute;mie<\/strong><\/a><\/strong><\/li>\n<li>La d&eacute;pression est souvent un probl&egrave;me majeur associ&eacute; &agrave; l&rsquo;insuffisance cardiaque symptomatique et devrait &ecirc;tre abord&eacute;e avec votre professionnel de sant&eacute;.<\/li>\n<\/ul>\n","protected":false},"excerpt":{"rendered":"<p>Votre insuffisance cardiaque est consid&eacute;r&eacute;e comme une affection chronique, car vous allez probablement recevoir un traitement &agrave; long terme. Vous pouvez &eacute;galement pr&eacute;senter une ou plusieurs autres affections chroniques, ce qui peut impliquer de prendre des m&eacute;dicaments ou d&rsquo;apporter des changements &agrave; votre mode de vie en plus de ceux recommand&eacute;s par votre m&eacute;decin dans [&hellip;]<\/p>\n","protected":false},"author":1,"featured_media":0,"parent":2715,"menu_order":0,"comment_status":"open","ping_status":"open","template":"","meta":{"_acf_changed":false,"footnotes":""},"categories":[],"tags":[],"class_list":["post-499","page","type-page","status-publish","hentry"],"acf":[],"yoast_head":"<!-- This site is optimized with the Yoast SEO plugin v24.8.1 - https:\/\/yoast.com\/wordpress\/plugins\/seo\/ -->\n<title>Maintenir les autres affections sous contr\u00f4le - Heart Failure Matters<\/title>\n<meta name=\"description\" content=\"Votre insuffisance cardiaque est consid\u00e9r\u00e9e comme un probl\u00e8me de sant\u00e9 chronique, car vous \u00eates susceptible de recevoir un traitement \u00e0 long terme pour cette pathologie. Vous pouvez \u00e9galement avoir un ou plusieurs autres probl\u00e8mes de sant\u00e9 chroniques.\" \/>\n<meta name=\"robots\" content=\"index, follow, max-snippet:-1, max-image-preview:large, max-video-preview:-1\" \/>\n<link rel=\"canonical\" href=\"https:\/\/www.heartfailurematters.org\/fr\/ce-que-vous-pouvez-faire\/maintenir-les-autres-affections-sous-controle\/\" \/>\n<meta property=\"og:locale\" content=\"fr_FR\" \/>\n<meta property=\"og:type\" content=\"article\" \/>\n<meta property=\"og:title\" content=\"Maintenir les autres affections sous contr\u00f4le - Heart Failure Matters\" \/>\n<meta property=\"og:description\" content=\"Votre insuffisance cardiaque est consid\u00e9r\u00e9e comme un probl\u00e8me de sant\u00e9 chronique, car vous \u00eates susceptible de recevoir un traitement \u00e0 long terme pour cette pathologie. Vous pouvez \u00e9galement avoir un ou plusieurs autres probl\u00e8mes de sant\u00e9 chroniques.\" \/>\n<meta property=\"og:url\" content=\"https:\/\/www.heartfailurematters.org\/fr\/ce-que-vous-pouvez-faire\/maintenir-les-autres-affections-sous-controle\/\" \/>\n<meta property=\"og:site_name\" content=\"Heart Failure Matters\" \/>\n<meta property=\"article:publisher\" content=\"https:\/\/www.facebook.com\/heartfailurematters\" \/>\n<meta name=\"twitter:card\" content=\"summary_large_image\" \/>\n<meta name=\"twitter:label1\" content=\"Dur\u00e9e de lecture estim\u00e9e\" \/>\n\t<meta name=\"twitter:data1\" content=\"1 minute\" \/>\n<script type=\"application\/ld+json\" class=\"yoast-schema-graph\">{\"@context\":\"https:\/\/schema.org\",\"@graph\":[{\"@type\":\"WebPage\",\"@id\":\"https:\/\/www.heartfailurematters.org\/fr\/ce-que-vous-pouvez-faire\/maintenir-les-autres-affections-sous-controle\/\",\"url\":\"https:\/\/www.heartfailurematters.org\/fr\/ce-que-vous-pouvez-faire\/maintenir-les-autres-affections-sous-controle\/\",\"name\":\"Maintenir les autres affections sous contr\u00f4le - Heart Failure Matters\",\"isPartOf\":{\"@id\":\"https:\/\/www.heartfailurematters.org\/fr\/#website\"},\"datePublished\":\"2021-01-27T21:36:17+00:00\",\"description\":\"Votre insuffisance cardiaque est consid\u00e9r\u00e9e comme un probl\u00e8me de sant\u00e9 chronique, car vous \u00eates susceptible de recevoir un traitement \u00e0 long terme pour cette pathologie. Vous pouvez \u00e9galement avoir un ou plusieurs autres probl\u00e8mes de sant\u00e9 chroniques.\",\"breadcrumb\":{\"@id\":\"https:\/\/www.heartfailurematters.org\/fr\/ce-que-vous-pouvez-faire\/maintenir-les-autres-affections-sous-controle\/#breadcrumb\"},\"inLanguage\":\"fr-FR\",\"potentialAction\":[{\"@type\":\"ReadAction\",\"target\":[\"https:\/\/www.heartfailurematters.org\/fr\/ce-que-vous-pouvez-faire\/maintenir-les-autres-affections-sous-controle\/\"]}]},{\"@type\":\"BreadcrumbList\",\"@id\":\"https:\/\/www.heartfailurematters.org\/fr\/ce-que-vous-pouvez-faire\/maintenir-les-autres-affections-sous-controle\/#breadcrumb\",\"itemListElement\":[{\"@type\":\"ListItem\",\"position\":1,\"name\":\"Accueil\",\"item\":\"https:\/\/www.heartfailurematters.org\/fr\/\"},{\"@type\":\"ListItem\",\"position\":2,\"name\":\"Ce que vous pouvez faire\",\"item\":\"https:\/\/www.heartfailurematters.org\/fr\/ce-que-vous-pouvez-faire\/\"},{\"@type\":\"ListItem\",\"position\":3,\"name\":\"Maintenir les autres affections sous contr\u00f4le\"}]},{\"@type\":\"WebSite\",\"@id\":\"https:\/\/www.heartfailurematters.org\/fr\/#website\",\"url\":\"https:\/\/www.heartfailurematters.org\/fr\/\",\"name\":\"Heart Failure Matters\",\"description\":\"Practical information for patients, families and caregivers.\",\"publisher\":{\"@id\":\"https:\/\/www.heartfailurematters.org\/fr\/#organization\"},\"potentialAction\":[{\"@type\":\"SearchAction\",\"target\":{\"@type\":\"EntryPoint\",\"urlTemplate\":\"https:\/\/www.heartfailurematters.org\/fr\/?s={search_term_string}\"},\"query-input\":{\"@type\":\"PropertyValueSpecification\",\"valueRequired\":true,\"valueName\":\"search_term_string\"}}],\"inLanguage\":\"fr-FR\"},{\"@type\":\"Organization\",\"@id\":\"https:\/\/www.heartfailurematters.org\/fr\/#organization\",\"name\":\"Heart Failure Matters\",\"url\":\"https:\/\/www.heartfailurematters.org\/fr\/\",\"logo\":{\"@type\":\"ImageObject\",\"inLanguage\":\"fr-FR\",\"@id\":\"https:\/\/www.heartfailurematters.org\/fr\/#\/schema\/logo\/image\/\",\"url\":\"https:\/\/cdn-endpoint-hfm.azureedge.net\/heartfailurematters\/2024\/07\/hfm-logo1.jpg\",\"contentUrl\":\"https:\/\/cdn-endpoint-hfm.azureedge.net\/heartfailurematters\/2024\/07\/hfm-logo1.jpg\",\"width\":1280,\"height\":720,\"caption\":\"Heart Failure Matters\"},\"image\":{\"@id\":\"https:\/\/www.heartfailurematters.org\/fr\/#\/schema\/logo\/image\/\"},\"sameAs\":[\"https:\/\/www.facebook.com\/heartfailurematters\"]}]}<\/script>\n<!-- \/ Yoast SEO plugin. -->","yoast_head_json":{"title":"Maintenir les autres affections sous contr\u00f4le - Heart Failure Matters","description":"Votre insuffisance cardiaque est consid\u00e9r\u00e9e comme un probl\u00e8me de sant\u00e9 chronique, car vous \u00eates susceptible de recevoir un traitement \u00e0 long terme pour cette pathologie. Vous pouvez \u00e9galement avoir un ou plusieurs autres probl\u00e8mes de sant\u00e9 chroniques.","robots":{"index":"index","follow":"follow","max-snippet":"max-snippet:-1","max-image-preview":"max-image-preview:large","max-video-preview":"max-video-preview:-1"},"canonical":"https:\/\/www.heartfailurematters.org\/fr\/ce-que-vous-pouvez-faire\/maintenir-les-autres-affections-sous-controle\/","og_locale":"fr_FR","og_type":"article","og_title":"Maintenir les autres affections sous contr\u00f4le - Heart Failure Matters","og_description":"Votre insuffisance cardiaque est consid\u00e9r\u00e9e comme un probl\u00e8me de sant\u00e9 chronique, car vous \u00eates susceptible de recevoir un traitement \u00e0 long terme pour cette pathologie. Vous pouvez \u00e9galement avoir un ou plusieurs autres probl\u00e8mes de sant\u00e9 chroniques.","og_url":"https:\/\/www.heartfailurematters.org\/fr\/ce-que-vous-pouvez-faire\/maintenir-les-autres-affections-sous-controle\/","og_site_name":"Heart Failure Matters","article_publisher":"https:\/\/www.facebook.com\/heartfailurematters","twitter_card":"summary_large_image","twitter_misc":{"Dur\u00e9e de lecture estim\u00e9e":"1 minute"},"schema":{"@context":"https:\/\/schema.org","@graph":[{"@type":"WebPage","@id":"https:\/\/www.heartfailurematters.org\/fr\/ce-que-vous-pouvez-faire\/maintenir-les-autres-affections-sous-controle\/","url":"https:\/\/www.heartfailurematters.org\/fr\/ce-que-vous-pouvez-faire\/maintenir-les-autres-affections-sous-controle\/","name":"Maintenir les autres affections sous contr\u00f4le - Heart Failure Matters","isPartOf":{"@id":"https:\/\/www.heartfailurematters.org\/fr\/#website"},"datePublished":"2021-01-27T21:36:17+00:00","description":"Votre insuffisance cardiaque est consid\u00e9r\u00e9e comme un probl\u00e8me de sant\u00e9 chronique, car vous \u00eates susceptible de recevoir un traitement \u00e0 long terme pour cette pathologie. Vous pouvez \u00e9galement avoir un ou plusieurs autres probl\u00e8mes de sant\u00e9 chroniques.","breadcrumb":{"@id":"https:\/\/www.heartfailurematters.org\/fr\/ce-que-vous-pouvez-faire\/maintenir-les-autres-affections-sous-controle\/#breadcrumb"},"inLanguage":"fr-FR","potentialAction":[{"@type":"ReadAction","target":["https:\/\/www.heartfailurematters.org\/fr\/ce-que-vous-pouvez-faire\/maintenir-les-autres-affections-sous-controle\/"]}]},{"@type":"BreadcrumbList","@id":"https:\/\/www.heartfailurematters.org\/fr\/ce-que-vous-pouvez-faire\/maintenir-les-autres-affections-sous-controle\/#breadcrumb","itemListElement":[{"@type":"ListItem","position":1,"name":"Accueil","item":"https:\/\/www.heartfailurematters.org\/fr\/"},{"@type":"ListItem","position":2,"name":"Ce que vous pouvez faire","item":"https:\/\/www.heartfailurematters.org\/fr\/ce-que-vous-pouvez-faire\/"},{"@type":"ListItem","position":3,"name":"Maintenir les autres affections sous contr\u00f4le"}]},{"@type":"WebSite","@id":"https:\/\/www.heartfailurematters.org\/fr\/#website","url":"https:\/\/www.heartfailurematters.org\/fr\/","name":"Heart Failure Matters","description":"Practical information for patients, families and caregivers.","publisher":{"@id":"https:\/\/www.heartfailurematters.org\/fr\/#organization"},"potentialAction":[{"@type":"SearchAction","target":{"@type":"EntryPoint","urlTemplate":"https:\/\/www.heartfailurematters.org\/fr\/?s={search_term_string}"},"query-input":{"@type":"PropertyValueSpecification","valueRequired":true,"valueName":"search_term_string"}}],"inLanguage":"fr-FR"},{"@type":"Organization","@id":"https:\/\/www.heartfailurematters.org\/fr\/#organization","name":"Heart Failure Matters","url":"https:\/\/www.heartfailurematters.org\/fr\/","logo":{"@type":"ImageObject","inLanguage":"fr-FR","@id":"https:\/\/www.heartfailurematters.org\/fr\/#\/schema\/logo\/image\/","url":"https:\/\/cdn-endpoint-hfm.azureedge.net\/heartfailurematters\/2024\/07\/hfm-logo1.jpg","contentUrl":"https:\/\/cdn-endpoint-hfm.azureedge.net\/heartfailurematters\/2024\/07\/hfm-logo1.jpg","width":1280,"height":720,"caption":"Heart Failure Matters"},"image":{"@id":"https:\/\/www.heartfailurematters.org\/fr\/#\/schema\/logo\/image\/"},"sameAs":["https:\/\/www.facebook.com\/heartfailurematters"]}]}},"_links":{"self":[{"href":"https:\/\/www.heartfailurematters.org\/fr\/wp-json\/wp\/v2\/pages\/499","targetHints":{"allow":["GET"]}}],"collection":[{"href":"https:\/\/www.heartfailurematters.org\/fr\/wp-json\/wp\/v2\/pages"}],"about":[{"href":"https:\/\/www.heartfailurematters.org\/fr\/wp-json\/wp\/v2\/types\/page"}],"author":[{"embeddable":true,"href":"https:\/\/www.heartfailurematters.org\/fr\/wp-json\/wp\/v2\/users\/1"}],"replies":[{"embeddable":true,"href":"https:\/\/www.heartfailurematters.org\/fr\/wp-json\/wp\/v2\/comments?post=499"}],"version-history":[{"count":0,"href":"https:\/\/www.heartfailurematters.org\/fr\/wp-json\/wp\/v2\/pages\/499\/revisions"}],"up":[{"embeddable":true,"href":"https:\/\/www.heartfailurematters.org\/fr\/wp-json\/wp\/v2\/pages\/2715"}],"wp:attachment":[{"href":"https:\/\/www.heartfailurematters.org\/fr\/wp-json\/wp\/v2\/media?parent=499"}],"wp:term":[{"taxonomy":"category","embeddable":true,"href":"https:\/\/www.heartfailurematters.org\/fr\/wp-json\/wp\/v2\/categories?post=499"},{"taxonomy":"post_tag","embeddable":true,"href":"https:\/\/www.heartfailurematters.org\/fr\/wp-json\/wp\/v2\/tags?post=499"}],"curies":[{"name":"wp","href":"https:\/\/api.w.org\/{rel}","templated":true}]}}