{"id":497,"date":"2021-01-27T21:36:17","date_gmt":"2021-01-27T21:36:17","guid":{"rendered":"http:\/\/heartfailurematters.local:8888\/comprendre-votre-role\/"},"modified":"2021-02-15T15:35:34","modified_gmt":"2021-02-15T15:35:34","slug":"comprendre-votre-role","status":"publish","type":"page","link":"https:\/\/www.heartfailurematters.org\/fr\/pour-les-soignants\/comprendre-votre-role\/","title":{"rendered":"Comprendre votre r\u00f4le"},"content":{"rendered":"<p>En devenant une personne soignante, vous devrez peut-\u00eatre jouer de nombreux r\u00f4les en m\u00eame temps, en \u00e9tant tout \u00e0 la fois ami, confident, infirmier et assistant. Vous endosserez peut-\u00eatre ce r\u00f4le de fa\u00e7on progressive, sur une certaine p\u00e9riode, ou cela pourra arriver soudainement si, par exemple, votre conjoint ou votre parent subit une crise cardiaque.<\/p>\n<p>Votre r\u00f4le consistera \u00e0 aider et \u00e0 soutenir votre\u00a0proche afin\u00a0qu&rsquo;il adapte son mode de vie au nouveau plan de soins. C\u2019est vous qui serez le plus \u00e0 m\u00eame de convaincre votre proche de collaborer avec son \u00e9quipe soignante et de respecter ses instructions. Il est capital de vous impliquer, car de nombreuses personnes contraintes de g\u00e9rer une insuffisance cardiaque consid\u00e8rent que leur soignant est la personne la plus importante dans leurs soins. Vous devrez aider votre conjoint ou parent \u00e0 accepter qu\u2019il doit se prendre en charge et essayer de ne pas le surprot\u00e9ger. Un soignant est en quelque sorte l\u00e0 pour encadrer le patient et ne doit pas se sentir oblig\u00e9 de faire les choses \u00e0 sa place. Le patient doit apprendre \u00e0 se g\u00e9rer seul.<\/p>\n<p>Votre r\u00f4le\u00a0de soignant\u00a0ne sera peut-\u00eatre pas permanent, et le niveau d&rsquo;aide et de soutien dont votre proche a besoin maintenant peut diminuer avec le temps.<\/p>\n<p>Cliquez sur les liens ci-dessous pour en savoir plus au sujet de l&rsquo;aide et du soutien que vous pouvez fournir \u00e0 votre conjoint ou parent.<\/p>\n<p>&nbsp;<\/p>\n<p><a title=\"\" href=\"\/?page_id=546\">Apporter de l\u2019aide pour les soins personnels et les questions pratiques<\/a><br \/>\n<a title=\"\" href=\"https:\/\/www.heartfailurematters.org\/fr\/pour-les-soignants\/aider-a-gerer-les-soins-medicaux\/\">Helping with medical care issues<br \/>\n<\/a><a title=\"\" href=\"https:\/\/www.heartfailurematters.org\/fr\/pour-les-soignants\/apporter-un-soutien-emotionnel\/\">Apporter un soutien \u00e9motionnel<br \/>\n<\/a><a title=\"\" href=\"https:\/\/www.heartfailurematters.org\/fr\/pour-les-soignants\/autres-suggestions\/\">Autres astuces<\/a><\/p>\n<p><img decoding=\"async\" class=\"alignnone size-full wp-image-6205\" src=\"https:\/\/www.heartfailurematters.org\/wp-content\/uploads\/2021\/02\/Understanding-you-role.jpg\" alt=\"\" width=\"211\" height=\"111\" \/><\/p>\n","protected":false},"excerpt":{"rendered":"<p>En devenant une personne soignante, vous devrez peut-\u00eatre jouer de nombreux r\u00f4les en m\u00eame temps, en \u00e9tant tout \u00e0 la fois ami, confident, infirmier et assistant. Vous endosserez peut-\u00eatre ce r\u00f4le de fa\u00e7on progressive, sur une certaine p\u00e9riode, ou cela pourra arriver soudainement si, par exemple, votre conjoint ou votre parent subit une crise cardiaque. [&hellip;]<\/p>\n","protected":false},"author":1,"featured_media":11143,"parent":2841,"menu_order":5,"comment_status":"open","ping_status":"closed","template":"","meta":{"_acf_changed":false,"footnotes":""},"categories":[82],"tags":[],"class_list":["post-497","page","type-page","status-publish","has-post-thumbnail","hentry","category-for-caregivers-fr"],"acf":[],"yoast_head":"<!-- This site is optimized with the Yoast SEO plugin v24.8.1 - https:\/\/yoast.com\/wordpress\/plugins\/seo\/ -->\n<title>Comprendre votre r\u00f4le - Heart Failure Matters<\/title>\n<meta name=\"description\" content=\"\u00catre soignant peut signifier que vous devez jouer de nombreux r\u00f4les simultan\u00e9ment, \u00e0 savoir \u00eatre un\/e ami\/e, un\/e confident\/e, un\/e infirmier\/\u00e8re et un\/e assistant\/e.\" \/>\n<meta name=\"robots\" content=\"index, follow, max-snippet:-1, max-image-preview:large, max-video-preview:-1\" \/>\n<link rel=\"canonical\" href=\"https:\/\/www.heartfailurematters.org\/fr\/pour-les-soignants\/comprendre-votre-role\/\" \/>\n<meta property=\"og:locale\" content=\"fr_FR\" \/>\n<meta property=\"og:type\" content=\"article\" \/>\n<meta property=\"og:title\" content=\"Comprendre votre r\u00f4le - Heart Failure Matters\" \/>\n<meta property=\"og:description\" content=\"\u00catre soignant peut signifier que vous devez jouer de nombreux r\u00f4les simultan\u00e9ment, \u00e0 savoir \u00eatre un\/e ami\/e, un\/e confident\/e, un\/e infirmier\/\u00e8re et un\/e assistant\/e.\" \/>\n<meta property=\"og:url\" content=\"https:\/\/www.heartfailurematters.org\/fr\/pour-les-soignants\/comprendre-votre-role\/\" \/>\n<meta property=\"og:site_name\" content=\"Heart Failure Matters\" \/>\n<meta property=\"article:publisher\" content=\"https:\/\/www.facebook.com\/heartfailurematters\" \/>\n<meta property=\"article:modified_time\" content=\"2021-02-15T15:35:34+00:00\" \/>\n<meta property=\"og:image\" content=\"https:\/\/www.heartfailurematters.org\/wp-content\/uploads\/2022\/03\/shutterstock_326634329-1-min.jpg\" \/>\n\t<meta property=\"og:image:width\" content=\"900\" \/>\n\t<meta property=\"og:image:height\" content=\"600\" \/>\n\t<meta property=\"og:image:type\" content=\"image\/jpeg\" \/>\n<meta name=\"twitter:card\" content=\"summary_large_image\" \/>\n<meta name=\"twitter:label1\" content=\"Dur\u00e9e de lecture estim\u00e9e\" \/>\n\t<meta name=\"twitter:data1\" content=\"2 minutes\" \/>\n<script type=\"application\/ld+json\" class=\"yoast-schema-graph\">{\"@context\":\"https:\/\/schema.org\",\"@graph\":[{\"@type\":\"WebPage\",\"@id\":\"https:\/\/www.heartfailurematters.org\/fr\/pour-les-soignants\/comprendre-votre-role\/\",\"url\":\"https:\/\/www.heartfailurematters.org\/fr\/pour-les-soignants\/comprendre-votre-role\/\",\"name\":\"Comprendre votre r\u00f4le - Heart Failure Matters\",\"isPartOf\":{\"@id\":\"https:\/\/www.heartfailurematters.org\/fr\/#website\"},\"primaryImageOfPage\":{\"@id\":\"https:\/\/www.heartfailurematters.org\/fr\/pour-les-soignants\/comprendre-votre-role\/#primaryimage\"},\"image\":{\"@id\":\"https:\/\/www.heartfailurematters.org\/fr\/pour-les-soignants\/comprendre-votre-role\/#primaryimage\"},\"thumbnailUrl\":\"https:\/\/www.heartfailurematters.org\/wp-content\/uploads\/2022\/03\/shutterstock_326634329-1-min.jpg\",\"datePublished\":\"2021-01-27T21:36:17+00:00\",\"dateModified\":\"2021-02-15T15:35:34+00:00\",\"description\":\"\u00catre soignant peut signifier que vous devez jouer de nombreux r\u00f4les simultan\u00e9ment, \u00e0 savoir \u00eatre un\/e ami\/e, un\/e confident\/e, un\/e infirmier\/\u00e8re et un\/e assistant\/e.\",\"breadcrumb\":{\"@id\":\"https:\/\/www.heartfailurematters.org\/fr\/pour-les-soignants\/comprendre-votre-role\/#breadcrumb\"},\"inLanguage\":\"fr-FR\",\"potentialAction\":[{\"@type\":\"ReadAction\",\"target\":[\"https:\/\/www.heartfailurematters.org\/fr\/pour-les-soignants\/comprendre-votre-role\/\"]}]},{\"@type\":\"ImageObject\",\"inLanguage\":\"fr-FR\",\"@id\":\"https:\/\/www.heartfailurematters.org\/fr\/pour-les-soignants\/comprendre-votre-role\/#primaryimage\",\"url\":\"https:\/\/www.heartfailurematters.org\/wp-content\/uploads\/2022\/03\/shutterstock_326634329-1-min.jpg\",\"contentUrl\":\"https:\/\/www.heartfailurematters.org\/wp-content\/uploads\/2022\/03\/shutterstock_326634329-1-min.jpg\",\"width\":900,\"height\":600},{\"@type\":\"BreadcrumbList\",\"@id\":\"https:\/\/www.heartfailurematters.org\/fr\/pour-les-soignants\/comprendre-votre-role\/#breadcrumb\",\"itemListElement\":[{\"@type\":\"ListItem\",\"position\":1,\"name\":\"Accueil\",\"item\":\"https:\/\/www.heartfailurematters.org\/fr\/\"},{\"@type\":\"ListItem\",\"position\":2,\"name\":\"Pour les soignants\",\"item\":\"https:\/\/www.heartfailurematters.org\/fr\/pour-les-soignants\/\"},{\"@type\":\"ListItem\",\"position\":3,\"name\":\"Comprendre votre r\u00f4le\"}]},{\"@type\":\"WebSite\",\"@id\":\"https:\/\/www.heartfailurematters.org\/fr\/#website\",\"url\":\"https:\/\/www.heartfailurematters.org\/fr\/\",\"name\":\"Heart Failure Matters\",\"description\":\"Practical information for patients, families and caregivers.\",\"publisher\":{\"@id\":\"https:\/\/www.heartfailurematters.org\/fr\/#organization\"},\"potentialAction\":[{\"@type\":\"SearchAction\",\"target\":{\"@type\":\"EntryPoint\",\"urlTemplate\":\"https:\/\/www.heartfailurematters.org\/fr\/?s={search_term_string}\"},\"query-input\":{\"@type\":\"PropertyValueSpecification\",\"valueRequired\":true,\"valueName\":\"search_term_string\"}}],\"inLanguage\":\"fr-FR\"},{\"@type\":\"Organization\",\"@id\":\"https:\/\/www.heartfailurematters.org\/fr\/#organization\",\"name\":\"Heart Failure Matters\",\"url\":\"https:\/\/www.heartfailurematters.org\/fr\/\",\"logo\":{\"@type\":\"ImageObject\",\"inLanguage\":\"fr-FR\",\"@id\":\"https:\/\/www.heartfailurematters.org\/fr\/#\/schema\/logo\/image\/\",\"url\":\"https:\/\/cdn-endpoint-hfm.azureedge.net\/heartfailurematters\/2024\/07\/hfm-logo1.jpg\",\"contentUrl\":\"https:\/\/cdn-endpoint-hfm.azureedge.net\/heartfailurematters\/2024\/07\/hfm-logo1.jpg\",\"width\":1280,\"height\":720,\"caption\":\"Heart Failure Matters\"},\"image\":{\"@id\":\"https:\/\/www.heartfailurematters.org\/fr\/#\/schema\/logo\/image\/\"},\"sameAs\":[\"https:\/\/www.facebook.com\/heartfailurematters\"]}]}<\/script>\n<!-- \/ Yoast SEO plugin. -->","yoast_head_json":{"title":"Comprendre votre r\u00f4le - Heart Failure Matters","description":"\u00catre soignant peut signifier que vous devez jouer de nombreux r\u00f4les simultan\u00e9ment, \u00e0 savoir \u00eatre un\/e ami\/e, un\/e confident\/e, un\/e infirmier\/\u00e8re et un\/e assistant\/e.","robots":{"index":"index","follow":"follow","max-snippet":"max-snippet:-1","max-image-preview":"max-image-preview:large","max-video-preview":"max-video-preview:-1"},"canonical":"https:\/\/www.heartfailurematters.org\/fr\/pour-les-soignants\/comprendre-votre-role\/","og_locale":"fr_FR","og_type":"article","og_title":"Comprendre votre r\u00f4le - Heart Failure Matters","og_description":"\u00catre soignant peut signifier que vous devez jouer de nombreux r\u00f4les simultan\u00e9ment, \u00e0 savoir \u00eatre un\/e ami\/e, un\/e confident\/e, un\/e infirmier\/\u00e8re et un\/e assistant\/e.","og_url":"https:\/\/www.heartfailurematters.org\/fr\/pour-les-soignants\/comprendre-votre-role\/","og_site_name":"Heart Failure Matters","article_publisher":"https:\/\/www.facebook.com\/heartfailurematters","article_modified_time":"2021-02-15T15:35:34+00:00","og_image":[{"width":900,"height":600,"url":"https:\/\/www.heartfailurematters.org\/wp-content\/uploads\/2022\/03\/shutterstock_326634329-1-min.jpg","type":"image\/jpeg"}],"twitter_card":"summary_large_image","twitter_misc":{"Dur\u00e9e de lecture estim\u00e9e":"2 minutes"},"schema":{"@context":"https:\/\/schema.org","@graph":[{"@type":"WebPage","@id":"https:\/\/www.heartfailurematters.org\/fr\/pour-les-soignants\/comprendre-votre-role\/","url":"https:\/\/www.heartfailurematters.org\/fr\/pour-les-soignants\/comprendre-votre-role\/","name":"Comprendre votre r\u00f4le - Heart Failure Matters","isPartOf":{"@id":"https:\/\/www.heartfailurematters.org\/fr\/#website"},"primaryImageOfPage":{"@id":"https:\/\/www.heartfailurematters.org\/fr\/pour-les-soignants\/comprendre-votre-role\/#primaryimage"},"image":{"@id":"https:\/\/www.heartfailurematters.org\/fr\/pour-les-soignants\/comprendre-votre-role\/#primaryimage"},"thumbnailUrl":"https:\/\/www.heartfailurematters.org\/wp-content\/uploads\/2022\/03\/shutterstock_326634329-1-min.jpg","datePublished":"2021-01-27T21:36:17+00:00","dateModified":"2021-02-15T15:35:34+00:00","description":"\u00catre soignant peut signifier que vous devez jouer de nombreux r\u00f4les simultan\u00e9ment, \u00e0 savoir \u00eatre un\/e ami\/e, un\/e confident\/e, un\/e infirmier\/\u00e8re et un\/e assistant\/e.","breadcrumb":{"@id":"https:\/\/www.heartfailurematters.org\/fr\/pour-les-soignants\/comprendre-votre-role\/#breadcrumb"},"inLanguage":"fr-FR","potentialAction":[{"@type":"ReadAction","target":["https:\/\/www.heartfailurematters.org\/fr\/pour-les-soignants\/comprendre-votre-role\/"]}]},{"@type":"ImageObject","inLanguage":"fr-FR","@id":"https:\/\/www.heartfailurematters.org\/fr\/pour-les-soignants\/comprendre-votre-role\/#primaryimage","url":"https:\/\/www.heartfailurematters.org\/wp-content\/uploads\/2022\/03\/shutterstock_326634329-1-min.jpg","contentUrl":"https:\/\/www.heartfailurematters.org\/wp-content\/uploads\/2022\/03\/shutterstock_326634329-1-min.jpg","width":900,"height":600},{"@type":"BreadcrumbList","@id":"https:\/\/www.heartfailurematters.org\/fr\/pour-les-soignants\/comprendre-votre-role\/#breadcrumb","itemListElement":[{"@type":"ListItem","position":1,"name":"Accueil","item":"https:\/\/www.heartfailurematters.org\/fr\/"},{"@type":"ListItem","position":2,"name":"Pour les soignants","item":"https:\/\/www.heartfailurematters.org\/fr\/pour-les-soignants\/"},{"@type":"ListItem","position":3,"name":"Comprendre votre r\u00f4le"}]},{"@type":"WebSite","@id":"https:\/\/www.heartfailurematters.org\/fr\/#website","url":"https:\/\/www.heartfailurematters.org\/fr\/","name":"Heart Failure Matters","description":"Practical information for patients, families and caregivers.","publisher":{"@id":"https:\/\/www.heartfailurematters.org\/fr\/#organization"},"potentialAction":[{"@type":"SearchAction","target":{"@type":"EntryPoint","urlTemplate":"https:\/\/www.heartfailurematters.org\/fr\/?s={search_term_string}"},"query-input":{"@type":"PropertyValueSpecification","valueRequired":true,"valueName":"search_term_string"}}],"inLanguage":"fr-FR"},{"@type":"Organization","@id":"https:\/\/www.heartfailurematters.org\/fr\/#organization","name":"Heart Failure Matters","url":"https:\/\/www.heartfailurematters.org\/fr\/","logo":{"@type":"ImageObject","inLanguage":"fr-FR","@id":"https:\/\/www.heartfailurematters.org\/fr\/#\/schema\/logo\/image\/","url":"https:\/\/cdn-endpoint-hfm.azureedge.net\/heartfailurematters\/2024\/07\/hfm-logo1.jpg","contentUrl":"https:\/\/cdn-endpoint-hfm.azureedge.net\/heartfailurematters\/2024\/07\/hfm-logo1.jpg","width":1280,"height":720,"caption":"Heart Failure Matters"},"image":{"@id":"https:\/\/www.heartfailurematters.org\/fr\/#\/schema\/logo\/image\/"},"sameAs":["https:\/\/www.facebook.com\/heartfailurematters"]}]}},"_links":{"self":[{"href":"https:\/\/www.heartfailurematters.org\/fr\/wp-json\/wp\/v2\/pages\/497","targetHints":{"allow":["GET"]}}],"collection":[{"href":"https:\/\/www.heartfailurematters.org\/fr\/wp-json\/wp\/v2\/pages"}],"about":[{"href":"https:\/\/www.heartfailurematters.org\/fr\/wp-json\/wp\/v2\/types\/page"}],"author":[{"embeddable":true,"href":"https:\/\/www.heartfailurematters.org\/fr\/wp-json\/wp\/v2\/users\/1"}],"replies":[{"embeddable":true,"href":"https:\/\/www.heartfailurematters.org\/fr\/wp-json\/wp\/v2\/comments?post=497"}],"version-history":[{"count":1,"href":"https:\/\/www.heartfailurematters.org\/fr\/wp-json\/wp\/v2\/pages\/497\/revisions"}],"predecessor-version":[{"id":6429,"href":"https:\/\/www.heartfailurematters.org\/fr\/wp-json\/wp\/v2\/pages\/497\/revisions\/6429"}],"up":[{"embeddable":true,"href":"https:\/\/www.heartfailurematters.org\/fr\/wp-json\/wp\/v2\/pages\/2841"}],"wp:featuredmedia":[{"embeddable":true,"href":"https:\/\/www.heartfailurematters.org\/fr\/wp-json\/wp\/v2\/media\/11143"}],"wp:attachment":[{"href":"https:\/\/www.heartfailurematters.org\/fr\/wp-json\/wp\/v2\/media?parent=497"}],"wp:term":[{"taxonomy":"category","embeddable":true,"href":"https:\/\/www.heartfailurematters.org\/fr\/wp-json\/wp\/v2\/categories?post=497"},{"taxonomy":"post_tag","embeddable":true,"href":"https:\/\/www.heartfailurematters.org\/fr\/wp-json\/wp\/v2\/tags?post=497"}],"curies":[{"name":"wp","href":"https:\/\/api.w.org\/{rel}","templated":true}]}}