{"id":483,"date":"2021-01-27T21:36:13","date_gmt":"2021-01-27T21:36:13","guid":{"rendered":"http:\/\/heartfailurematters.local:8888\/aider-a-gerer-les-soins-medicaux\/"},"modified":"2021-01-27T21:36:13","modified_gmt":"2021-01-27T21:36:13","slug":"aider-a-gerer-les-soins-medicaux","status":"publish","type":"page","link":"https:\/\/www.heartfailurematters.org\/fr\/pour-les-soignants\/aider-a-gerer-les-soins-medicaux\/","title":{"rendered":"Aider \u00e0 g\u00e9rer les soins m\u00e9dicaux"},"content":{"rendered":"<p>Les questions des soins m\u00e9dicaux peuvent \u00eatre particuli\u00e8rement d\u00e9routantes et accablantes au premier abord, parce qu&rsquo;il peut sembler y avoir beaucoup d&rsquo;informations \u00e0 retenir.<\/p>\n<p>Voici quelques suggestions pour aider votre conjoint ou votre parent \u00e0 g\u00e9rer ses soins m\u00e9dicaux\u00a0:<\/p>\n<ul>\n<li>Participez activement\u00a0aux visites chez le m\u00e9decin en posant des questions et en prenant des notes (mais sans contr\u00f4ler la conversation). Cela vous permettra d\u2019aider votre conjoint ou votre parent \u00e0 garder une trace des informations concernant ses <a title=\"\" href=\"https:\/\/www.heartfailurematters.org\/fr\/ce-que-votre-medecin-ou-votre-infirmier-ere-peut-faire\/medicaments-contre-linsuffisance-cardiaque\/\"\">m\u00e9dicaments contre l\u2019insuffisance cardiaque<\/a>, son <a title=\"\" href=\"https:\/\/www.heartfailurematters.org\/fr\/ce-que-vous-pouvez-faire\/adaptation-de-votre-alimentation\/\"\">alimentation<\/a> et les <a title=\"\" href=\"https:\/\/www.heartfailurematters.org\/fr\/ce-que-vous-pouvez-faire\/activite-et-exercices-physiques\/\"\">exercices physiques<\/a>.<\/li>\n<li>Aidez votre conjoint ou votre parent \u00e0 suivre les conseils du m\u00e9decin et de l\u2019infirmi\u00e8re, en apportant une aide pratique et un soutien moral. Par exemple\u00a0:<a title=\"\" href=\"https:\/\/www.heartfailurematters.org\/fr\/ce-que-votre-medecin-ou-votre-infirmier-ere-peut-faire\/limportance-de-prendre-vos-medicaments\/\"\">aidez-le\/la \u00e0\u00a0g\u00e9rer ses m\u00e9dicaments<\/a>, proposez-lui de faire de l&rsquo;<a title=\"\" href=\"https:\/\/www.heartfailurematters.org\/fr\/ce-que-vous-pouvez-faire\/activite-et-exercices-physiques\/\"\">exercice<\/a> ensemble r\u00e9guli\u00e8rement et, si vous fumez aussi, faites un effort pour\u00a0<a title=\"\" href=\"https:\/\/www.heartfailurematters.org\/fr\/ce-que-vous-pouvez-faire\/tabagisme-vapotage\/\"\">arr\u00eater de fumer en m\u00eame temps <\/a>, achetez et pr\u00e9parez des aliments sains et pauvres en sel que vous et votre conjoint ou parent appr\u00e9ciez et rappelez-lui gentiment pourquoi il est important qu\u2019il ou elle modifie son\u00a0<a title=\"\" href=\"https:\/\/www.heartfailurematters.org\/fr\/ce-que-vous-pouvez-faire\/adaptation-de-votre-alimentation\/\"\">alimentation<\/a>, aidez-le\/la \u00e0 contr\u00f4ler ses sympt\u00f4mes en l\u2019encourageant \u00e0 se <a title=\"\" href=\"https:\/\/www.heartfailurematters.org\/fr\/ce-que-vous-pouvez-faire\/adaptation-de-votre-alimentation-maintien-dun-poids-de-forme\/\"\">peser quotidiennement<\/a>\u00a0et \u00e0 mesurer sa <a title=\"\" href=\"https:\/\/www.heartfailurematters.org\/fr\/ce-que-vous-pouvez-faire\/prendre-votre-tension-et-votre-pouls\/\"\">fr\u00e9quence cardiaque et sa tension art\u00e9rielle<\/a>\u00a0deux fois par semaine.<\/li>\n<li>Encouragez votre conjoint ou parent \u00e0 se faire <a title=\"\" href=\"https:\/\/www.heartfailurematters.org\/fr\/vivre-avec-une-insuffisance-cardiaque\/vaccinations\/\"\">vacciner contre la grippe et la pneumonie<\/a>\u00a0si cela est recommand\u00e9 par son m\u00e9decin ou son infirmi\u00e8re.<\/li>\n<li>Contr\u00f4lez les progr\u00e8s de votre conjoint ou parent. Les m\u00e9decins et les infirmi\u00e8res comptent souvent sur les personnes soignantes de la famille pour obtenir des informations sur l&rsquo;\u00e9tat du malade, l\u2019\u00e9volution des sympt\u00f4mes et les progr\u00e8s concernant les recommandations relatives \u00e0 l\u2019alimentation et \u00e0 l\u2019exercice physique. Pour en savoir plus sur ce que vous devez surveiller, consultez la rubrique <a href=\"https:\/\/www.heartfailurematters.org\/fr\/signaux-dalerte\/douleur-a-la-poitrine\/\"\">\u00ab\u00a0Signaux d&rsquo;alerte\u00a0\u00bb<\/a>. <\/li>\n<\/ul>\n<p><a title=\"\" href=\"https:\/\/www.heartfailurematters.org\/fr\/pour-les-soignants\/comprendre-votre-role\/\"\">Retourner \u00e0 la rubrique \u00ab\u00a0Comprendre votre r\u00f4le\u00a0\u00bb<\/a><\/p>\n","protected":false},"excerpt":{"rendered":"<p>Les questions des soins m\u00e9dicaux peuvent \u00eatre particuli\u00e8rement d\u00e9routantes et accablantes au premier abord, parce qu&rsquo;il peut sembler y avoir beaucoup d&rsquo;informations \u00e0 retenir. Voici quelques suggestions pour aider votre conjoint ou votre parent \u00e0 g\u00e9rer ses soins m\u00e9dicaux\u00a0: Participez activement\u00a0aux visites chez le m\u00e9decin en posant des questions et en prenant des notes (mais [&hellip;]<\/p>\n","protected":false},"author":1,"featured_media":11143,"parent":2841,"menu_order":0,"comment_status":"open","ping_status":"open","template":"","meta":{"_acf_changed":false,"footnotes":""},"categories":[],"tags":[],"class_list":["post-483","page","type-page","status-publish","has-post-thumbnail","hentry"],"acf":[],"yoast_head":"<!-- This site is optimized with the Yoast SEO plugin v24.8.1 - https:\/\/yoast.com\/wordpress\/plugins\/seo\/ -->\n<title>Aider \u00e0 g\u00e9rer les soins m\u00e9dicaux - Heart Failure Matters<\/title>\n<meta name=\"description\" content=\"Les probl\u00e8mes li\u00e9s aux soins m\u00e9dicaux peuvent \u00eatre particuli\u00e8rement perturbants et accablants au d\u00e9but, car on peut avoir l&#039;impression qu&#039;il y a beaucoup d&#039;informations \u00e0 retenir. En savoir plus ici\" \/>\n<meta name=\"robots\" content=\"index, follow, max-snippet:-1, max-image-preview:large, max-video-preview:-1\" \/>\n<link rel=\"canonical\" href=\"https:\/\/www.heartfailurematters.org\/fr\/pour-les-soignants\/aider-a-gerer-les-soins-medicaux\/\" \/>\n<meta property=\"og:locale\" content=\"fr_FR\" \/>\n<meta property=\"og:type\" content=\"article\" \/>\n<meta property=\"og:title\" content=\"Aider \u00e0 g\u00e9rer les soins m\u00e9dicaux - Heart Failure Matters\" \/>\n<meta property=\"og:description\" content=\"Les probl\u00e8mes li\u00e9s aux soins m\u00e9dicaux peuvent \u00eatre particuli\u00e8rement perturbants et accablants au d\u00e9but, car on peut avoir l&#039;impression qu&#039;il y a beaucoup d&#039;informations \u00e0 retenir. En savoir plus ici\" \/>\n<meta property=\"og:url\" content=\"https:\/\/www.heartfailurematters.org\/fr\/pour-les-soignants\/aider-a-gerer-les-soins-medicaux\/\" \/>\n<meta property=\"og:site_name\" content=\"Heart Failure Matters\" \/>\n<meta property=\"article:publisher\" content=\"https:\/\/www.facebook.com\/heartfailurematters\" \/>\n<meta property=\"og:image\" content=\"https:\/\/www.heartfailurematters.org\/wp-content\/uploads\/2022\/03\/shutterstock_326634329-1-min.jpg\" \/>\n\t<meta property=\"og:image:width\" content=\"900\" \/>\n\t<meta property=\"og:image:height\" content=\"600\" \/>\n\t<meta property=\"og:image:type\" content=\"image\/jpeg\" \/>\n<meta name=\"twitter:card\" content=\"summary_large_image\" \/>\n<meta name=\"twitter:label1\" content=\"Dur\u00e9e de lecture estim\u00e9e\" \/>\n\t<meta name=\"twitter:data1\" content=\"1 minute\" \/>\n<script type=\"application\/ld+json\" class=\"yoast-schema-graph\">{\"@context\":\"https:\/\/schema.org\",\"@graph\":[{\"@type\":\"WebPage\",\"@id\":\"https:\/\/www.heartfailurematters.org\/fr\/pour-les-soignants\/aider-a-gerer-les-soins-medicaux\/\",\"url\":\"https:\/\/www.heartfailurematters.org\/fr\/pour-les-soignants\/aider-a-gerer-les-soins-medicaux\/\",\"name\":\"Aider \u00e0 g\u00e9rer les soins m\u00e9dicaux - Heart Failure Matters\",\"isPartOf\":{\"@id\":\"https:\/\/www.heartfailurematters.org\/fr\/#website\"},\"primaryImageOfPage\":{\"@id\":\"https:\/\/www.heartfailurematters.org\/fr\/pour-les-soignants\/aider-a-gerer-les-soins-medicaux\/#primaryimage\"},\"image\":{\"@id\":\"https:\/\/www.heartfailurematters.org\/fr\/pour-les-soignants\/aider-a-gerer-les-soins-medicaux\/#primaryimage\"},\"thumbnailUrl\":\"https:\/\/www.heartfailurematters.org\/wp-content\/uploads\/2022\/03\/shutterstock_326634329-1-min.jpg\",\"datePublished\":\"2021-01-27T21:36:13+00:00\",\"description\":\"Les probl\u00e8mes li\u00e9s aux soins m\u00e9dicaux peuvent \u00eatre particuli\u00e8rement perturbants et accablants au d\u00e9but, car on peut avoir l'impression qu'il y a beaucoup d'informations \u00e0 retenir. En savoir plus ici\",\"breadcrumb\":{\"@id\":\"https:\/\/www.heartfailurematters.org\/fr\/pour-les-soignants\/aider-a-gerer-les-soins-medicaux\/#breadcrumb\"},\"inLanguage\":\"fr-FR\",\"potentialAction\":[{\"@type\":\"ReadAction\",\"target\":[\"https:\/\/www.heartfailurematters.org\/fr\/pour-les-soignants\/aider-a-gerer-les-soins-medicaux\/\"]}]},{\"@type\":\"ImageObject\",\"inLanguage\":\"fr-FR\",\"@id\":\"https:\/\/www.heartfailurematters.org\/fr\/pour-les-soignants\/aider-a-gerer-les-soins-medicaux\/#primaryimage\",\"url\":\"https:\/\/www.heartfailurematters.org\/wp-content\/uploads\/2022\/03\/shutterstock_326634329-1-min.jpg\",\"contentUrl\":\"https:\/\/www.heartfailurematters.org\/wp-content\/uploads\/2022\/03\/shutterstock_326634329-1-min.jpg\",\"width\":900,\"height\":600},{\"@type\":\"BreadcrumbList\",\"@id\":\"https:\/\/www.heartfailurematters.org\/fr\/pour-les-soignants\/aider-a-gerer-les-soins-medicaux\/#breadcrumb\",\"itemListElement\":[{\"@type\":\"ListItem\",\"position\":1,\"name\":\"Accueil\",\"item\":\"https:\/\/www.heartfailurematters.org\/fr\/\"},{\"@type\":\"ListItem\",\"position\":2,\"name\":\"Pour les soignants\",\"item\":\"https:\/\/www.heartfailurematters.org\/fr\/pour-les-soignants\/\"},{\"@type\":\"ListItem\",\"position\":3,\"name\":\"Aider \u00e0 g\u00e9rer les soins m\u00e9dicaux\"}]},{\"@type\":\"WebSite\",\"@id\":\"https:\/\/www.heartfailurematters.org\/fr\/#website\",\"url\":\"https:\/\/www.heartfailurematters.org\/fr\/\",\"name\":\"Heart Failure Matters\",\"description\":\"Practical information for patients, families and caregivers.\",\"publisher\":{\"@id\":\"https:\/\/www.heartfailurematters.org\/fr\/#organization\"},\"potentialAction\":[{\"@type\":\"SearchAction\",\"target\":{\"@type\":\"EntryPoint\",\"urlTemplate\":\"https:\/\/www.heartfailurematters.org\/fr\/?s={search_term_string}\"},\"query-input\":{\"@type\":\"PropertyValueSpecification\",\"valueRequired\":true,\"valueName\":\"search_term_string\"}}],\"inLanguage\":\"fr-FR\"},{\"@type\":\"Organization\",\"@id\":\"https:\/\/www.heartfailurematters.org\/fr\/#organization\",\"name\":\"Heart Failure Matters\",\"url\":\"https:\/\/www.heartfailurematters.org\/fr\/\",\"logo\":{\"@type\":\"ImageObject\",\"inLanguage\":\"fr-FR\",\"@id\":\"https:\/\/www.heartfailurematters.org\/fr\/#\/schema\/logo\/image\/\",\"url\":\"https:\/\/cdn-endpoint-hfm.azureedge.net\/heartfailurematters\/2024\/07\/hfm-logo1.jpg\",\"contentUrl\":\"https:\/\/cdn-endpoint-hfm.azureedge.net\/heartfailurematters\/2024\/07\/hfm-logo1.jpg\",\"width\":1280,\"height\":720,\"caption\":\"Heart Failure Matters\"},\"image\":{\"@id\":\"https:\/\/www.heartfailurematters.org\/fr\/#\/schema\/logo\/image\/\"},\"sameAs\":[\"https:\/\/www.facebook.com\/heartfailurematters\"]}]}<\/script>\n<!-- \/ Yoast SEO plugin. -->","yoast_head_json":{"title":"Aider \u00e0 g\u00e9rer les soins m\u00e9dicaux - Heart Failure Matters","description":"Les probl\u00e8mes li\u00e9s aux soins m\u00e9dicaux peuvent \u00eatre particuli\u00e8rement perturbants et accablants au d\u00e9but, car on peut avoir l'impression qu'il y a beaucoup d'informations \u00e0 retenir. En savoir plus ici","robots":{"index":"index","follow":"follow","max-snippet":"max-snippet:-1","max-image-preview":"max-image-preview:large","max-video-preview":"max-video-preview:-1"},"canonical":"https:\/\/www.heartfailurematters.org\/fr\/pour-les-soignants\/aider-a-gerer-les-soins-medicaux\/","og_locale":"fr_FR","og_type":"article","og_title":"Aider \u00e0 g\u00e9rer les soins m\u00e9dicaux - Heart Failure Matters","og_description":"Les probl\u00e8mes li\u00e9s aux soins m\u00e9dicaux peuvent \u00eatre particuli\u00e8rement perturbants et accablants au d\u00e9but, car on peut avoir l'impression qu'il y a beaucoup d'informations \u00e0 retenir. En savoir plus ici","og_url":"https:\/\/www.heartfailurematters.org\/fr\/pour-les-soignants\/aider-a-gerer-les-soins-medicaux\/","og_site_name":"Heart Failure Matters","article_publisher":"https:\/\/www.facebook.com\/heartfailurematters","og_image":[{"width":900,"height":600,"url":"https:\/\/www.heartfailurematters.org\/wp-content\/uploads\/2022\/03\/shutterstock_326634329-1-min.jpg","type":"image\/jpeg"}],"twitter_card":"summary_large_image","twitter_misc":{"Dur\u00e9e de lecture estim\u00e9e":"1 minute"},"schema":{"@context":"https:\/\/schema.org","@graph":[{"@type":"WebPage","@id":"https:\/\/www.heartfailurematters.org\/fr\/pour-les-soignants\/aider-a-gerer-les-soins-medicaux\/","url":"https:\/\/www.heartfailurematters.org\/fr\/pour-les-soignants\/aider-a-gerer-les-soins-medicaux\/","name":"Aider \u00e0 g\u00e9rer les soins m\u00e9dicaux - Heart Failure Matters","isPartOf":{"@id":"https:\/\/www.heartfailurematters.org\/fr\/#website"},"primaryImageOfPage":{"@id":"https:\/\/www.heartfailurematters.org\/fr\/pour-les-soignants\/aider-a-gerer-les-soins-medicaux\/#primaryimage"},"image":{"@id":"https:\/\/www.heartfailurematters.org\/fr\/pour-les-soignants\/aider-a-gerer-les-soins-medicaux\/#primaryimage"},"thumbnailUrl":"https:\/\/www.heartfailurematters.org\/wp-content\/uploads\/2022\/03\/shutterstock_326634329-1-min.jpg","datePublished":"2021-01-27T21:36:13+00:00","description":"Les probl\u00e8mes li\u00e9s aux soins m\u00e9dicaux peuvent \u00eatre particuli\u00e8rement perturbants et accablants au d\u00e9but, car on peut avoir l'impression qu'il y a beaucoup d'informations \u00e0 retenir. En savoir plus ici","breadcrumb":{"@id":"https:\/\/www.heartfailurematters.org\/fr\/pour-les-soignants\/aider-a-gerer-les-soins-medicaux\/#breadcrumb"},"inLanguage":"fr-FR","potentialAction":[{"@type":"ReadAction","target":["https:\/\/www.heartfailurematters.org\/fr\/pour-les-soignants\/aider-a-gerer-les-soins-medicaux\/"]}]},{"@type":"ImageObject","inLanguage":"fr-FR","@id":"https:\/\/www.heartfailurematters.org\/fr\/pour-les-soignants\/aider-a-gerer-les-soins-medicaux\/#primaryimage","url":"https:\/\/www.heartfailurematters.org\/wp-content\/uploads\/2022\/03\/shutterstock_326634329-1-min.jpg","contentUrl":"https:\/\/www.heartfailurematters.org\/wp-content\/uploads\/2022\/03\/shutterstock_326634329-1-min.jpg","width":900,"height":600},{"@type":"BreadcrumbList","@id":"https:\/\/www.heartfailurematters.org\/fr\/pour-les-soignants\/aider-a-gerer-les-soins-medicaux\/#breadcrumb","itemListElement":[{"@type":"ListItem","position":1,"name":"Accueil","item":"https:\/\/www.heartfailurematters.org\/fr\/"},{"@type":"ListItem","position":2,"name":"Pour les soignants","item":"https:\/\/www.heartfailurematters.org\/fr\/pour-les-soignants\/"},{"@type":"ListItem","position":3,"name":"Aider \u00e0 g\u00e9rer les soins m\u00e9dicaux"}]},{"@type":"WebSite","@id":"https:\/\/www.heartfailurematters.org\/fr\/#website","url":"https:\/\/www.heartfailurematters.org\/fr\/","name":"Heart Failure Matters","description":"Practical information for patients, families and caregivers.","publisher":{"@id":"https:\/\/www.heartfailurematters.org\/fr\/#organization"},"potentialAction":[{"@type":"SearchAction","target":{"@type":"EntryPoint","urlTemplate":"https:\/\/www.heartfailurematters.org\/fr\/?s={search_term_string}"},"query-input":{"@type":"PropertyValueSpecification","valueRequired":true,"valueName":"search_term_string"}}],"inLanguage":"fr-FR"},{"@type":"Organization","@id":"https:\/\/www.heartfailurematters.org\/fr\/#organization","name":"Heart Failure Matters","url":"https:\/\/www.heartfailurematters.org\/fr\/","logo":{"@type":"ImageObject","inLanguage":"fr-FR","@id":"https:\/\/www.heartfailurematters.org\/fr\/#\/schema\/logo\/image\/","url":"https:\/\/cdn-endpoint-hfm.azureedge.net\/heartfailurematters\/2024\/07\/hfm-logo1.jpg","contentUrl":"https:\/\/cdn-endpoint-hfm.azureedge.net\/heartfailurematters\/2024\/07\/hfm-logo1.jpg","width":1280,"height":720,"caption":"Heart Failure Matters"},"image":{"@id":"https:\/\/www.heartfailurematters.org\/fr\/#\/schema\/logo\/image\/"},"sameAs":["https:\/\/www.facebook.com\/heartfailurematters"]}]}},"_links":{"self":[{"href":"https:\/\/www.heartfailurematters.org\/fr\/wp-json\/wp\/v2\/pages\/483","targetHints":{"allow":["GET"]}}],"collection":[{"href":"https:\/\/www.heartfailurematters.org\/fr\/wp-json\/wp\/v2\/pages"}],"about":[{"href":"https:\/\/www.heartfailurematters.org\/fr\/wp-json\/wp\/v2\/types\/page"}],"author":[{"embeddable":true,"href":"https:\/\/www.heartfailurematters.org\/fr\/wp-json\/wp\/v2\/users\/1"}],"replies":[{"embeddable":true,"href":"https:\/\/www.heartfailurematters.org\/fr\/wp-json\/wp\/v2\/comments?post=483"}],"version-history":[{"count":0,"href":"https:\/\/www.heartfailurematters.org\/fr\/wp-json\/wp\/v2\/pages\/483\/revisions"}],"up":[{"embeddable":true,"href":"https:\/\/www.heartfailurematters.org\/fr\/wp-json\/wp\/v2\/pages\/2841"}],"wp:featuredmedia":[{"embeddable":true,"href":"https:\/\/www.heartfailurematters.org\/fr\/wp-json\/wp\/v2\/media\/11143"}],"wp:attachment":[{"href":"https:\/\/www.heartfailurematters.org\/fr\/wp-json\/wp\/v2\/media?parent=483"}],"wp:term":[{"taxonomy":"category","embeddable":true,"href":"https:\/\/www.heartfailurematters.org\/fr\/wp-json\/wp\/v2\/categories?post=483"},{"taxonomy":"post_tag","embeddable":true,"href":"https:\/\/www.heartfailurematters.org\/fr\/wp-json\/wp\/v2\/tags?post=483"}],"curies":[{"name":"wp","href":"https:\/\/api.w.org\/{rel}","templated":true}]}}