{"id":482,"date":"2021-01-27T21:36:13","date_gmt":"2021-01-27T21:36:13","guid":{"rendered":"http:\/\/heartfailurematters.local:8888\/intervention-coronarienne-percutanee-icp\/"},"modified":"2021-06-30T14:34:02","modified_gmt":"2021-06-30T13:34:02","slug":"intervention-coronarienne-percutanee-icp","status":"publish","type":"page","link":"https:\/\/www.heartfailurematters.org\/fr\/ce-que-votre-medecin-ou-votre-infirmier-ere-peut-faire\/intervention-coronarienne-percutanee-icp\/","title":{"rendered":"Intervention coronarienne percutan\u00e9e (ICP)"},"content":{"rendered":"<h2>Pourquoi cette intervention est-elle r\u00e9alis\u00e9e\u00a0?<\/h2>\n<p>L\u2019accumulation de graisses et de cholest\u00e9rol (connue sous le nom de <a class=\"addtooltip\" title=\"Accumulation, dans la paroi d'une art\u00e8re, de cholest\u00e9rol, de compos\u00e9s graisseux, de calcium et de produits impliqu\u00e9s dans la coagulation sanguine.\"><strong title=\" \">plaque<\/strong><\/a>), ou la formation de gros caillots sanguins, peut provoquer le r\u00e9tr\u00e9cissement ou une obstruction de vos art\u00e8res. Cela peut priver votre c\u0153ur d\u2019oxyg\u00e8ne, car la circulation sanguine est consid\u00e9rablement r\u00e9duite. L&rsquo;<a class=\"addtooltip\" title=\"Intervention permettant de r\u00e9tablir la circulation sanguine dans une art\u00e8re r\u00e9tr\u00e9cie, en dilatant le vaisseau \u00e0 l\u2019aide d\u2019un ballon. Celle-ci peut \u00eatre pratiqu\u00e9e en phase aigu\u00eb d\u2019une crise cardiaque et un stent est fr\u00e9quemment pos\u00e9. \"><strong title=\" \">intervention coronarienne percutan\u00e9e (ICP)<\/strong><\/a> a pour objectif de r\u00e9tablir l\u2019apport de sang au c\u0153ur en d\u00e9bouchant les art\u00e8res r\u00e9tr\u00e9cies qui peuvent \u00eatre \u00e0 l\u2019origine de votre insuffisance cardiaque. Cette intervention est moins invasive que la chirurgie. L\u2019ICP, associ\u00e9e \u00e0 la pose d\u2019un <a title=\"\" href=\"https:\/\/www.heartfailurematters.org\/fr\/ce-que-votre-medecin-ou-votre-infirmier-ere-peut-faire\/intervention-coronarienne-percutanee-icp\/\">stent<\/a> s\u2019est av\u00e9r\u00e9e efficace chez de nombreuses personnes.<\/p>\n<h2>En quoi consiste l\u2019intervention\u00a0?<\/h2>\n<p>Un tube fin, flexible et creux (<a class=\"addtooltip\" title=\"Tube fin et souple utilis\u00e9 dans de nombreuses interventions. \"><strong title=\" \">cath\u00e9ter<\/strong><\/a>) comportant un petit ballon gonflable \u00e0 son extr\u00e9mit\u00e9 est ins\u00e9r\u00e9 dans une art\u00e8re de l\u2019aine ou de l&rsquo;avant-bras. Ce tube est dirig\u00e9 vers le c\u0153ur par guidage radiographique. Une fois qu&rsquo;il atteint la partie r\u00e9tr\u00e9cie ou obstru\u00e9e, le ballon est gonfl\u00e9 pour rapidement ouvrir l&rsquo;art\u00e8re et r\u00e9tablir la circulation sanguine. Tous les patients devront prendre des anti-thrombotiques apr\u00e8s l\u2019intervention pour emp\u00eacher toute formation de caillot.<\/p>\n<h2>Questions \u00e0 poser \u00e0 votre m\u00e9decin\u00a0:<\/h2>\n<ul>\n<li>Quels sont les risques associ\u00e9s \u00e0 l\u2019intervention\u00a0?<\/li>\n<li>Devrai-je rester \u00e0 l&rsquo;h\u00f4pital\u00a0?<\/li>\n<li>Que dois-je faire pour me pr\u00e9parer en vue de l\u2019intervention\u00a0?<\/li>\n<li>Aurai-je une anesth\u00e9sie g\u00e9n\u00e9rale ou locale\u00a0?<\/li>\n<li>Devrai-je prendre des m\u00e9dicaments suppl\u00e9mentaires apr\u00e8s l\u2019intervention\u00a0?<\/li>\n<li>Un stent sera-t-il ins\u00e9r\u00e9 lors de l\u2019IPC\u00a0?<\/li>\n<\/ul>\n<p><a title=\"\" href=\"https:\/\/www.heartfailurematters.org\/fr\/ce-que-votre-medecin-ou-votre-infirmier-ere-peut-faire\/autres-interventions\/\">Retourner \u00e0 la rubrique \u00ab\u00a0Autres interventions\u00a0\u00bb<\/a><\/p>\n","protected":false},"excerpt":{"rendered":"<p>Pourquoi cette intervention est-elle r\u00e9alis\u00e9e\u00a0? L\u2019accumulation de graisses et de cholest\u00e9rol (connue sous le nom de plaque), ou la formation de gros caillots sanguins, peut provoquer le r\u00e9tr\u00e9cissement ou une obstruction de vos art\u00e8res. Cela peut priver votre c\u0153ur d\u2019oxyg\u00e8ne, car la circulation sanguine est consid\u00e9rablement r\u00e9duite. L&rsquo;intervention coronarienne percutan\u00e9e (ICP) a pour objectif de [&hellip;]<\/p>\n","protected":false},"author":1,"featured_media":10686,"parent":2679,"menu_order":0,"comment_status":"open","ping_status":"open","template":"","meta":{"_acf_changed":false,"footnotes":""},"categories":[],"tags":[],"class_list":["post-482","page","type-page","status-publish","has-post-thumbnail","hentry"],"acf":[],"yoast_head":"<!-- This site is optimized with the Yoast SEO plugin v24.8.1 - https:\/\/yoast.com\/wordpress\/plugins\/seo\/ -->\n<title>Intervention coronarienne percutan\u00e9e (ICP) - Heart Failure Matters<\/title>\n<meta name=\"description\" content=\"L&#039;intervention coronaire percutan\u00e9e (ICP) a pour objectif de r\u00e9tablir l&#039;irrigation sanguine du c\u0153ur en d\u00e9bouchant les art\u00e8res r\u00e9tr\u00e9cies qui peuvent \u00eatre \u00e0 l&#039;origine de votre insuffisance cardiaque.\" \/>\n<meta name=\"robots\" content=\"index, follow, max-snippet:-1, max-image-preview:large, max-video-preview:-1\" \/>\n<link rel=\"canonical\" href=\"https:\/\/www.heartfailurematters.org\/fr\/ce-que-votre-medecin-ou-votre-infirmier-ere-peut-faire\/intervention-coronarienne-percutanee-icp\/\" \/>\n<meta property=\"og:locale\" content=\"fr_FR\" \/>\n<meta property=\"og:type\" content=\"article\" \/>\n<meta property=\"og:title\" content=\"Intervention coronarienne percutan\u00e9e (ICP) - Heart Failure Matters\" \/>\n<meta property=\"og:description\" content=\"L&#039;intervention coronaire percutan\u00e9e (ICP) a pour objectif de r\u00e9tablir l&#039;irrigation sanguine du c\u0153ur en d\u00e9bouchant les art\u00e8res r\u00e9tr\u00e9cies qui peuvent \u00eatre \u00e0 l&#039;origine de votre insuffisance cardiaque.\" \/>\n<meta property=\"og:url\" content=\"https:\/\/www.heartfailurematters.org\/fr\/ce-que-votre-medecin-ou-votre-infirmier-ere-peut-faire\/intervention-coronarienne-percutanee-icp\/\" \/>\n<meta property=\"og:site_name\" content=\"Heart Failure Matters\" \/>\n<meta property=\"article:publisher\" content=\"https:\/\/www.facebook.com\/heartfailurematters\" \/>\n<meta property=\"article:modified_time\" content=\"2021-06-30T13:34:02+00:00\" \/>\n<meta property=\"og:image\" content=\"https:\/\/www.heartfailurematters.org\/wp-content\/uploads\/2022\/02\/shutterstock_26945083-1-min.jpg\" \/>\n\t<meta property=\"og:image:width\" content=\"900\" \/>\n\t<meta property=\"og:image:height\" content=\"600\" \/>\n\t<meta property=\"og:image:type\" content=\"image\/jpeg\" \/>\n<meta name=\"twitter:card\" content=\"summary_large_image\" \/>\n<meta name=\"twitter:label1\" content=\"Dur\u00e9e de lecture estim\u00e9e\" \/>\n\t<meta name=\"twitter:data1\" content=\"1 minute\" \/>\n<script type=\"application\/ld+json\" class=\"yoast-schema-graph\">{\"@context\":\"https:\/\/schema.org\",\"@graph\":[{\"@type\":\"WebPage\",\"@id\":\"https:\/\/www.heartfailurematters.org\/fr\/ce-que-votre-medecin-ou-votre-infirmier-ere-peut-faire\/intervention-coronarienne-percutanee-icp\/\",\"url\":\"https:\/\/www.heartfailurematters.org\/fr\/ce-que-votre-medecin-ou-votre-infirmier-ere-peut-faire\/intervention-coronarienne-percutanee-icp\/\",\"name\":\"Intervention coronarienne percutan\u00e9e (ICP) - Heart Failure Matters\",\"isPartOf\":{\"@id\":\"https:\/\/www.heartfailurematters.org\/fr\/#website\"},\"primaryImageOfPage\":{\"@id\":\"https:\/\/www.heartfailurematters.org\/fr\/ce-que-votre-medecin-ou-votre-infirmier-ere-peut-faire\/intervention-coronarienne-percutanee-icp\/#primaryimage\"},\"image\":{\"@id\":\"https:\/\/www.heartfailurematters.org\/fr\/ce-que-votre-medecin-ou-votre-infirmier-ere-peut-faire\/intervention-coronarienne-percutanee-icp\/#primaryimage\"},\"thumbnailUrl\":\"https:\/\/www.heartfailurematters.org\/wp-content\/uploads\/2022\/02\/shutterstock_26945083-1-min.jpg\",\"datePublished\":\"2021-01-27T21:36:13+00:00\",\"dateModified\":\"2021-06-30T13:34:02+00:00\",\"description\":\"L'intervention coronaire percutan\u00e9e (ICP) a pour objectif de r\u00e9tablir l'irrigation sanguine du c\u0153ur en d\u00e9bouchant les art\u00e8res r\u00e9tr\u00e9cies qui peuvent \u00eatre \u00e0 l'origine de votre insuffisance cardiaque.\",\"breadcrumb\":{\"@id\":\"https:\/\/www.heartfailurematters.org\/fr\/ce-que-votre-medecin-ou-votre-infirmier-ere-peut-faire\/intervention-coronarienne-percutanee-icp\/#breadcrumb\"},\"inLanguage\":\"fr-FR\",\"potentialAction\":[{\"@type\":\"ReadAction\",\"target\":[\"https:\/\/www.heartfailurematters.org\/fr\/ce-que-votre-medecin-ou-votre-infirmier-ere-peut-faire\/intervention-coronarienne-percutanee-icp\/\"]}]},{\"@type\":\"ImageObject\",\"inLanguage\":\"fr-FR\",\"@id\":\"https:\/\/www.heartfailurematters.org\/fr\/ce-que-votre-medecin-ou-votre-infirmier-ere-peut-faire\/intervention-coronarienne-percutanee-icp\/#primaryimage\",\"url\":\"https:\/\/www.heartfailurematters.org\/wp-content\/uploads\/2022\/02\/shutterstock_26945083-1-min.jpg\",\"contentUrl\":\"https:\/\/www.heartfailurematters.org\/wp-content\/uploads\/2022\/02\/shutterstock_26945083-1-min.jpg\",\"width\":900,\"height\":600},{\"@type\":\"BreadcrumbList\",\"@id\":\"https:\/\/www.heartfailurematters.org\/fr\/ce-que-votre-medecin-ou-votre-infirmier-ere-peut-faire\/intervention-coronarienne-percutanee-icp\/#breadcrumb\",\"itemListElement\":[{\"@type\":\"ListItem\",\"position\":1,\"name\":\"Accueil\",\"item\":\"https:\/\/www.heartfailurematters.org\/fr\/\"},{\"@type\":\"ListItem\",\"position\":2,\"name\":\"Ce que votre m\u00e9decin peut faire\",\"item\":\"https:\/\/www.heartfailurematters.org\/fr\/ce-que-votre-medecin-ou-votre-infirmier-ere-peut-faire\/\"},{\"@type\":\"ListItem\",\"position\":3,\"name\":\"Intervention coronarienne percutan\u00e9e (ICP)\"}]},{\"@type\":\"WebSite\",\"@id\":\"https:\/\/www.heartfailurematters.org\/fr\/#website\",\"url\":\"https:\/\/www.heartfailurematters.org\/fr\/\",\"name\":\"Heart Failure Matters\",\"description\":\"Practical information for patients, families and caregivers.\",\"publisher\":{\"@id\":\"https:\/\/www.heartfailurematters.org\/fr\/#organization\"},\"potentialAction\":[{\"@type\":\"SearchAction\",\"target\":{\"@type\":\"EntryPoint\",\"urlTemplate\":\"https:\/\/www.heartfailurematters.org\/fr\/?s={search_term_string}\"},\"query-input\":{\"@type\":\"PropertyValueSpecification\",\"valueRequired\":true,\"valueName\":\"search_term_string\"}}],\"inLanguage\":\"fr-FR\"},{\"@type\":\"Organization\",\"@id\":\"https:\/\/www.heartfailurematters.org\/fr\/#organization\",\"name\":\"Heart Failure Matters\",\"url\":\"https:\/\/www.heartfailurematters.org\/fr\/\",\"logo\":{\"@type\":\"ImageObject\",\"inLanguage\":\"fr-FR\",\"@id\":\"https:\/\/www.heartfailurematters.org\/fr\/#\/schema\/logo\/image\/\",\"url\":\"https:\/\/cdn-endpoint-hfm.azureedge.net\/heartfailurematters\/2024\/07\/hfm-logo1.jpg\",\"contentUrl\":\"https:\/\/cdn-endpoint-hfm.azureedge.net\/heartfailurematters\/2024\/07\/hfm-logo1.jpg\",\"width\":1280,\"height\":720,\"caption\":\"Heart Failure Matters\"},\"image\":{\"@id\":\"https:\/\/www.heartfailurematters.org\/fr\/#\/schema\/logo\/image\/\"},\"sameAs\":[\"https:\/\/www.facebook.com\/heartfailurematters\"]}]}<\/script>\n<!-- \/ Yoast SEO plugin. -->","yoast_head_json":{"title":"Intervention coronarienne percutan\u00e9e (ICP) - Heart Failure Matters","description":"L'intervention coronaire percutan\u00e9e (ICP) a pour objectif de r\u00e9tablir l'irrigation sanguine du c\u0153ur en d\u00e9bouchant les art\u00e8res r\u00e9tr\u00e9cies qui peuvent \u00eatre \u00e0 l'origine de votre insuffisance cardiaque.","robots":{"index":"index","follow":"follow","max-snippet":"max-snippet:-1","max-image-preview":"max-image-preview:large","max-video-preview":"max-video-preview:-1"},"canonical":"https:\/\/www.heartfailurematters.org\/fr\/ce-que-votre-medecin-ou-votre-infirmier-ere-peut-faire\/intervention-coronarienne-percutanee-icp\/","og_locale":"fr_FR","og_type":"article","og_title":"Intervention coronarienne percutan\u00e9e (ICP) - Heart Failure Matters","og_description":"L'intervention coronaire percutan\u00e9e (ICP) a pour objectif de r\u00e9tablir l'irrigation sanguine du c\u0153ur en d\u00e9bouchant les art\u00e8res r\u00e9tr\u00e9cies qui peuvent \u00eatre \u00e0 l'origine de votre insuffisance cardiaque.","og_url":"https:\/\/www.heartfailurematters.org\/fr\/ce-que-votre-medecin-ou-votre-infirmier-ere-peut-faire\/intervention-coronarienne-percutanee-icp\/","og_site_name":"Heart Failure Matters","article_publisher":"https:\/\/www.facebook.com\/heartfailurematters","article_modified_time":"2021-06-30T13:34:02+00:00","og_image":[{"width":900,"height":600,"url":"https:\/\/www.heartfailurematters.org\/wp-content\/uploads\/2022\/02\/shutterstock_26945083-1-min.jpg","type":"image\/jpeg"}],"twitter_card":"summary_large_image","twitter_misc":{"Dur\u00e9e de lecture estim\u00e9e":"1 minute"},"schema":{"@context":"https:\/\/schema.org","@graph":[{"@type":"WebPage","@id":"https:\/\/www.heartfailurematters.org\/fr\/ce-que-votre-medecin-ou-votre-infirmier-ere-peut-faire\/intervention-coronarienne-percutanee-icp\/","url":"https:\/\/www.heartfailurematters.org\/fr\/ce-que-votre-medecin-ou-votre-infirmier-ere-peut-faire\/intervention-coronarienne-percutanee-icp\/","name":"Intervention coronarienne percutan\u00e9e (ICP) - Heart Failure Matters","isPartOf":{"@id":"https:\/\/www.heartfailurematters.org\/fr\/#website"},"primaryImageOfPage":{"@id":"https:\/\/www.heartfailurematters.org\/fr\/ce-que-votre-medecin-ou-votre-infirmier-ere-peut-faire\/intervention-coronarienne-percutanee-icp\/#primaryimage"},"image":{"@id":"https:\/\/www.heartfailurematters.org\/fr\/ce-que-votre-medecin-ou-votre-infirmier-ere-peut-faire\/intervention-coronarienne-percutanee-icp\/#primaryimage"},"thumbnailUrl":"https:\/\/www.heartfailurematters.org\/wp-content\/uploads\/2022\/02\/shutterstock_26945083-1-min.jpg","datePublished":"2021-01-27T21:36:13+00:00","dateModified":"2021-06-30T13:34:02+00:00","description":"L'intervention coronaire percutan\u00e9e (ICP) a pour objectif de r\u00e9tablir l'irrigation sanguine du c\u0153ur en d\u00e9bouchant les art\u00e8res r\u00e9tr\u00e9cies qui peuvent \u00eatre \u00e0 l'origine de votre insuffisance cardiaque.","breadcrumb":{"@id":"https:\/\/www.heartfailurematters.org\/fr\/ce-que-votre-medecin-ou-votre-infirmier-ere-peut-faire\/intervention-coronarienne-percutanee-icp\/#breadcrumb"},"inLanguage":"fr-FR","potentialAction":[{"@type":"ReadAction","target":["https:\/\/www.heartfailurematters.org\/fr\/ce-que-votre-medecin-ou-votre-infirmier-ere-peut-faire\/intervention-coronarienne-percutanee-icp\/"]}]},{"@type":"ImageObject","inLanguage":"fr-FR","@id":"https:\/\/www.heartfailurematters.org\/fr\/ce-que-votre-medecin-ou-votre-infirmier-ere-peut-faire\/intervention-coronarienne-percutanee-icp\/#primaryimage","url":"https:\/\/www.heartfailurematters.org\/wp-content\/uploads\/2022\/02\/shutterstock_26945083-1-min.jpg","contentUrl":"https:\/\/www.heartfailurematters.org\/wp-content\/uploads\/2022\/02\/shutterstock_26945083-1-min.jpg","width":900,"height":600},{"@type":"BreadcrumbList","@id":"https:\/\/www.heartfailurematters.org\/fr\/ce-que-votre-medecin-ou-votre-infirmier-ere-peut-faire\/intervention-coronarienne-percutanee-icp\/#breadcrumb","itemListElement":[{"@type":"ListItem","position":1,"name":"Accueil","item":"https:\/\/www.heartfailurematters.org\/fr\/"},{"@type":"ListItem","position":2,"name":"Ce que votre m\u00e9decin peut faire","item":"https:\/\/www.heartfailurematters.org\/fr\/ce-que-votre-medecin-ou-votre-infirmier-ere-peut-faire\/"},{"@type":"ListItem","position":3,"name":"Intervention coronarienne percutan\u00e9e (ICP)"}]},{"@type":"WebSite","@id":"https:\/\/www.heartfailurematters.org\/fr\/#website","url":"https:\/\/www.heartfailurematters.org\/fr\/","name":"Heart Failure Matters","description":"Practical information for patients, families and caregivers.","publisher":{"@id":"https:\/\/www.heartfailurematters.org\/fr\/#organization"},"potentialAction":[{"@type":"SearchAction","target":{"@type":"EntryPoint","urlTemplate":"https:\/\/www.heartfailurematters.org\/fr\/?s={search_term_string}"},"query-input":{"@type":"PropertyValueSpecification","valueRequired":true,"valueName":"search_term_string"}}],"inLanguage":"fr-FR"},{"@type":"Organization","@id":"https:\/\/www.heartfailurematters.org\/fr\/#organization","name":"Heart Failure Matters","url":"https:\/\/www.heartfailurematters.org\/fr\/","logo":{"@type":"ImageObject","inLanguage":"fr-FR","@id":"https:\/\/www.heartfailurematters.org\/fr\/#\/schema\/logo\/image\/","url":"https:\/\/cdn-endpoint-hfm.azureedge.net\/heartfailurematters\/2024\/07\/hfm-logo1.jpg","contentUrl":"https:\/\/cdn-endpoint-hfm.azureedge.net\/heartfailurematters\/2024\/07\/hfm-logo1.jpg","width":1280,"height":720,"caption":"Heart Failure Matters"},"image":{"@id":"https:\/\/www.heartfailurematters.org\/fr\/#\/schema\/logo\/image\/"},"sameAs":["https:\/\/www.facebook.com\/heartfailurematters"]}]}},"_links":{"self":[{"href":"https:\/\/www.heartfailurematters.org\/fr\/wp-json\/wp\/v2\/pages\/482","targetHints":{"allow":["GET"]}}],"collection":[{"href":"https:\/\/www.heartfailurematters.org\/fr\/wp-json\/wp\/v2\/pages"}],"about":[{"href":"https:\/\/www.heartfailurematters.org\/fr\/wp-json\/wp\/v2\/types\/page"}],"author":[{"embeddable":true,"href":"https:\/\/www.heartfailurematters.org\/fr\/wp-json\/wp\/v2\/users\/1"}],"replies":[{"embeddable":true,"href":"https:\/\/www.heartfailurematters.org\/fr\/wp-json\/wp\/v2\/comments?post=482"}],"version-history":[{"count":1,"href":"https:\/\/www.heartfailurematters.org\/fr\/wp-json\/wp\/v2\/pages\/482\/revisions"}],"predecessor-version":[{"id":9306,"href":"https:\/\/www.heartfailurematters.org\/fr\/wp-json\/wp\/v2\/pages\/482\/revisions\/9306"}],"up":[{"embeddable":true,"href":"https:\/\/www.heartfailurematters.org\/fr\/wp-json\/wp\/v2\/pages\/2679"}],"wp:featuredmedia":[{"embeddable":true,"href":"https:\/\/www.heartfailurematters.org\/fr\/wp-json\/wp\/v2\/media\/10686"}],"wp:attachment":[{"href":"https:\/\/www.heartfailurematters.org\/fr\/wp-json\/wp\/v2\/media?parent=482"}],"wp:term":[{"taxonomy":"category","embeddable":true,"href":"https:\/\/www.heartfailurematters.org\/fr\/wp-json\/wp\/v2\/categories?post=482"},{"taxonomy":"post_tag","embeddable":true,"href":"https:\/\/www.heartfailurematters.org\/fr\/wp-json\/wp\/v2\/tags?post=482"}],"curies":[{"name":"wp","href":"https:\/\/api.w.org\/{rel}","templated":true}]}}