{"id":479,"date":"2021-01-27T21:36:13","date_gmt":"2021-01-27T21:36:13","guid":{"rendered":"http:\/\/heartfailurematters.local:8888\/test-deffort\/"},"modified":"2021-07-27T15:03:36","modified_gmt":"2021-07-27T14:03:36","slug":"test-deffort","status":"publish","type":"page","link":"https:\/\/www.heartfailurematters.org\/fr\/comprendre-linsuffisance-cardiaque\/test-deffort\/","title":{"rendered":"Test d\u2019effort"},"content":{"rendered":"<p><a class=\"addtooltip\" title=\"Activit\u00e9 physique contr\u00f4l\u00e9e, g\u00e9n\u00e9ralement pratiqu\u00e9e sur un tapis de course ou un v\u00e9lo stationnaire, utilis\u00e9e pour \u00e9valuer la r\u00e9sistance du c\u0153ur et du corps \u00e0 l\u2019exercice ou \u00e0 l\u2019effort. Cet examen permet de r\u00e9v\u00e9ler des signes d\u2019isch\u00e9mie due \u00e0 une coronaropathie.\" href=\"https:\/\/www.heartfailurematters.org\/fr\/comprendre-linsuffisance-cardiaque\/test-deffort\/\"><strong>Le test d\u2019effort<\/strong><\/a>\u00a0permet \u00e0 votre m\u00e9decin de d\u00e9couvrir comment votre c\u0153ur r\u00e9agit lors d\u2019un exercice physique ou d&rsquo;un effort. Le test consiste \u00e0 faire de l\u2019exercice sur un tapis roulant, tandis que votre fr\u00e9quence cardiaque, votre respiration, votre tension art\u00e9rielle et l\u2019activit\u00e9 \u00e9lectrique de votre c\u0153ur sont surveill\u00e9es.<\/p>\n<p>Vous \u00eates tout d&rsquo;abord reli\u00e9 \u00e0 un \u00e9quipement de surveillance. On vous demande ensuite de marcher lentement sur un tapis roulant ou de p\u00e9daler sur un v\u00e9lo stationnaire. La vitesse est augment\u00e9e et le tapis roulant est inclin\u00e9 pour produire un effet de mont\u00e9e sur une petite colline (sur un v\u00e9lo, la charge sur les p\u00e9dales augmente continuellement ou par paliers). On vous demandera peut-\u00eatre \u00e9galement de respirer dans un tube pendant quelques minutes.<\/p>\n<p>Les tests peuvent \u00eatre interrompus \u00e0 n\u2019importe quel moment, si n\u00e9cessaire. Apr\u00e8s l&rsquo;\u00e9preuve, vous resterez assis ou allong\u00e9 pour que votre c\u0153ur et votre tension art\u00e9rielle soient contr\u00f4l\u00e9s.<\/p>\n<p>Quelques fois, il vous sera demand\u00e9, en plus d\u2019un test d\u2019effort ordinaire, de porter un masque pour recueillir l\u2019air expir\u00e9 afin de mesurer votre respiration et la rapidit\u00e9 \u00e0 laquelle votre organisme consomme l\u2019oxyg\u00e8ne. C\u2019est ce que l\u2019on appelle une \u00e9preuve <span style=\"font-weight: 400;\">d\u2019effort cardio-respiratoire ou cardio-pulmonaire ou m\u00e9tabolique<\/span><span style=\"font-weight: 400;\">.<\/span><\/p>\n<p>\u00c9tant donn\u00e9 que votre corps travaille plus lors du test, il a besoin de plus d\u2019oxyg\u00e8ne et le c\u0153ur doit donc pomper davantage de sang. Le test permet de voir si votre irrigation sanguine est r\u00e9duite dans les art\u00e8res qui alimentent votre c\u0153ur. Ce test contribue \u00e9galement \u00e0 \u00e9valuer votre capacit\u00e9 \u00e0 faire de l\u2019exercice et \u00e0 d\u00e9cider du type et du niveau d&rsquo;effort le plus adapt\u00e9 \u00e0 votre condition.<\/p>\n<p>Le test d\u2019effort est utile pour diagnostiquer une <a class=\"addtooltip\" title=\"Se produit quand les art\u00e8res coronaires sont r\u00e9tr\u00e9cies ou compl\u00e8tement bouch\u00e9es, provoquant une diminution de la circulation sanguine et pouvant conduire \u00e0 l'angine de poitrine, l\u2019infarctus et l\u2019insuffisance cardiaque.\" href=\"https:\/\/www.heartfailurematters.org\/fr\/comprendre-linsuffisance-cardiaque\/test-deffort\/\"><strong>coronaropathie<\/strong><\/a>, qui repr\u00e9sente un important facteur de risque <span style=\"font-weight: 400;\">d\u2019insuffisance cardiaque et<\/span><span style=\"font-weight: 400;\"> pour<\/span> \u00e9valuer votre <a class=\"addtooltip\" title=\"Terme utilis\u00e9 pour d\u00e9crire la condition physique d\u2019une personne ou le niveau d\u2019exercice physique dont son corps est capable.\" href=\"https:\/\/www.heartfailurematters.org\/fr\/comprendre-linsuffisance-cardiaque\/test-deffort\/\"><strong>capacit\u00e9 d\u2019effort<\/strong><\/a>.<\/p>\n<table border=\"1\" width=\"100%\" cellspacing=\"0\" cellpadding=\"0\">\n<tbody>\n<tr>\n<td width=\"100%\"><img decoding=\"async\" class=\"alignleft size-full wp-image-6736\" src=\"https:\/\/cdn-endpoint-hfm.azureedge.net\/heartfailurematters\/2021\/02\/Patient-during-an-exercise-test.jpg\" alt=\"\" width=\"211\" height=\"206\" \/><\/td>\n<\/tr>\n<tr>\n<td width=\"100%\"><span class=\"caption\">\u00a9 Siemens<\/span><br \/>\n<span style=\"font-size: medium;\">Patient en train de subir un test d\u2019effort<\/span><\/td>\n<\/tr>\n<\/tbody>\n<\/table>\n<p>Retourner \u00e0 la rubrique \u00ab\u00a0Examens fr\u00e9quemment utilis\u00e9s pour d\u00e9celer une insuffisance cardiaque\u00a0\u00bb<\/p>\n","protected":false},"excerpt":{"rendered":"<p>Le test d\u2019effort\u00a0permet \u00e0 votre m\u00e9decin de d\u00e9couvrir comment votre c\u0153ur r\u00e9agit lors d\u2019un exercice physique ou d&rsquo;un effort. Le test consiste \u00e0 faire de l\u2019exercice sur un tapis roulant, tandis que votre fr\u00e9quence cardiaque, votre respiration, votre tension art\u00e9rielle et l\u2019activit\u00e9 \u00e9lectrique de votre c\u0153ur sont surveill\u00e9es. Vous \u00eates tout d&rsquo;abord reli\u00e9 \u00e0 un [&hellip;]<\/p>\n","protected":false},"author":1,"featured_media":10666,"parent":307,"menu_order":0,"comment_status":"open","ping_status":"open","template":"","meta":{"_acf_changed":false,"footnotes":""},"categories":[],"tags":[],"class_list":["post-479","page","type-page","status-publish","has-post-thumbnail","hentry"],"acf":[],"yoast_head":"<!-- This site is optimized with the Yoast SEO plugin v24.8.1 - https:\/\/yoast.com\/wordpress\/plugins\/seo\/ -->\n<title>Tests d&#039;effort pour d\u00e9celer l&#039;insuffisance cardiaque<\/title>\n<meta name=\"description\" content=\"Le test d&#039;effort aide votre m\u00e9decin \u00e0 d\u00e9terminer dans quelle mesure votre c\u0153ur fait face aux activit\u00e9s physiques et au stress. Le test consiste \u00e0 faire de l&#039;exercice sur un tapis roulant tandis que votre fr\u00e9quence cardiaque, votre respiration, votre tension art\u00e9rielle et l&#039;activit\u00e9 \u00e9lectrique de votre c\u0153ur sont surveill\u00e9es.\" \/>\n<meta name=\"robots\" content=\"index, follow, max-snippet:-1, max-image-preview:large, max-video-preview:-1\" \/>\n<link rel=\"canonical\" href=\"https:\/\/www.heartfailurematters.org\/fr\/comprendre-linsuffisance-cardiaque\/test-deffort\/\" \/>\n<meta property=\"og:locale\" content=\"fr_FR\" \/>\n<meta property=\"og:type\" content=\"article\" \/>\n<meta property=\"og:title\" content=\"Tests d&#039;effort pour d\u00e9celer l&#039;insuffisance cardiaque\" \/>\n<meta property=\"og:description\" content=\"Le test d&#039;effort aide votre m\u00e9decin \u00e0 d\u00e9terminer dans quelle mesure votre c\u0153ur fait face aux activit\u00e9s physiques et au stress. Le test consiste \u00e0 faire de l&#039;exercice sur un tapis roulant tandis que votre fr\u00e9quence cardiaque, votre respiration, votre tension art\u00e9rielle et l&#039;activit\u00e9 \u00e9lectrique de votre c\u0153ur sont surveill\u00e9es.\" \/>\n<meta property=\"og:url\" content=\"https:\/\/www.heartfailurematters.org\/fr\/comprendre-linsuffisance-cardiaque\/test-deffort\/\" \/>\n<meta property=\"og:site_name\" content=\"Heart Failure Matters\" \/>\n<meta property=\"article:publisher\" content=\"https:\/\/www.facebook.com\/heartfailurematters\" \/>\n<meta property=\"article:modified_time\" content=\"2021-07-27T14:03:36+00:00\" \/>\n<meta property=\"og:image\" content=\"https:\/\/www.heartfailurematters.org\/wp-content\/uploads\/2022\/02\/shutterstock_362699957-1-min.jpg\" \/>\n\t<meta property=\"og:image:width\" content=\"900\" \/>\n\t<meta property=\"og:image:height\" content=\"600\" \/>\n\t<meta property=\"og:image:type\" content=\"image\/jpeg\" \/>\n<meta name=\"twitter:card\" content=\"summary_large_image\" \/>\n<meta name=\"twitter:label1\" content=\"Dur\u00e9e de lecture estim\u00e9e\" \/>\n\t<meta name=\"twitter:data1\" content=\"2 minutes\" \/>\n<script type=\"application\/ld+json\" class=\"yoast-schema-graph\">{\"@context\":\"https:\/\/schema.org\",\"@graph\":[{\"@type\":\"WebPage\",\"@id\":\"https:\/\/www.heartfailurematters.org\/fr\/comprendre-linsuffisance-cardiaque\/test-deffort\/\",\"url\":\"https:\/\/www.heartfailurematters.org\/fr\/comprendre-linsuffisance-cardiaque\/test-deffort\/\",\"name\":\"Tests d'effort pour d\u00e9celer l'insuffisance cardiaque\",\"isPartOf\":{\"@id\":\"https:\/\/www.heartfailurematters.org\/fr\/#website\"},\"primaryImageOfPage\":{\"@id\":\"https:\/\/www.heartfailurematters.org\/fr\/comprendre-linsuffisance-cardiaque\/test-deffort\/#primaryimage\"},\"image\":{\"@id\":\"https:\/\/www.heartfailurematters.org\/fr\/comprendre-linsuffisance-cardiaque\/test-deffort\/#primaryimage\"},\"thumbnailUrl\":\"https:\/\/www.heartfailurematters.org\/wp-content\/uploads\/2022\/02\/shutterstock_362699957-1-min.jpg\",\"datePublished\":\"2021-01-27T21:36:13+00:00\",\"dateModified\":\"2021-07-27T14:03:36+00:00\",\"description\":\"Le test d'effort aide votre m\u00e9decin \u00e0 d\u00e9terminer dans quelle mesure votre c\u0153ur fait face aux activit\u00e9s physiques et au stress. Le test consiste \u00e0 faire de l'exercice sur un tapis roulant tandis que votre fr\u00e9quence cardiaque, votre respiration, votre tension art\u00e9rielle et l'activit\u00e9 \u00e9lectrique de votre c\u0153ur sont surveill\u00e9es.\",\"breadcrumb\":{\"@id\":\"https:\/\/www.heartfailurematters.org\/fr\/comprendre-linsuffisance-cardiaque\/test-deffort\/#breadcrumb\"},\"inLanguage\":\"fr-FR\",\"potentialAction\":[{\"@type\":\"ReadAction\",\"target\":[\"https:\/\/www.heartfailurematters.org\/fr\/comprendre-linsuffisance-cardiaque\/test-deffort\/\"]}]},{\"@type\":\"ImageObject\",\"inLanguage\":\"fr-FR\",\"@id\":\"https:\/\/www.heartfailurematters.org\/fr\/comprendre-linsuffisance-cardiaque\/test-deffort\/#primaryimage\",\"url\":\"https:\/\/www.heartfailurematters.org\/wp-content\/uploads\/2022\/02\/shutterstock_362699957-1-min.jpg\",\"contentUrl\":\"https:\/\/www.heartfailurematters.org\/wp-content\/uploads\/2022\/02\/shutterstock_362699957-1-min.jpg\",\"width\":900,\"height\":600},{\"@type\":\"BreadcrumbList\",\"@id\":\"https:\/\/www.heartfailurematters.org\/fr\/comprendre-linsuffisance-cardiaque\/test-deffort\/#breadcrumb\",\"itemListElement\":[{\"@type\":\"ListItem\",\"position\":1,\"name\":\"Accueil\",\"item\":\"https:\/\/www.heartfailurematters.org\/fr\/\"},{\"@type\":\"ListItem\",\"position\":2,\"name\":\"Comprendre l&#8217;insuffisance cardiaque\",\"item\":\"https:\/\/www.heartfailurematters.org\/fr\/comprendre-linsuffisance-cardiaque\/\"},{\"@type\":\"ListItem\",\"position\":3,\"name\":\"Test d\u2019effort\"}]},{\"@type\":\"WebSite\",\"@id\":\"https:\/\/www.heartfailurematters.org\/fr\/#website\",\"url\":\"https:\/\/www.heartfailurematters.org\/fr\/\",\"name\":\"Heart Failure Matters\",\"description\":\"Practical information for patients, families and caregivers.\",\"publisher\":{\"@id\":\"https:\/\/www.heartfailurematters.org\/fr\/#organization\"},\"potentialAction\":[{\"@type\":\"SearchAction\",\"target\":{\"@type\":\"EntryPoint\",\"urlTemplate\":\"https:\/\/www.heartfailurematters.org\/fr\/?s={search_term_string}\"},\"query-input\":{\"@type\":\"PropertyValueSpecification\",\"valueRequired\":true,\"valueName\":\"search_term_string\"}}],\"inLanguage\":\"fr-FR\"},{\"@type\":\"Organization\",\"@id\":\"https:\/\/www.heartfailurematters.org\/fr\/#organization\",\"name\":\"Heart Failure Matters\",\"url\":\"https:\/\/www.heartfailurematters.org\/fr\/\",\"logo\":{\"@type\":\"ImageObject\",\"inLanguage\":\"fr-FR\",\"@id\":\"https:\/\/www.heartfailurematters.org\/fr\/#\/schema\/logo\/image\/\",\"url\":\"https:\/\/cdn-endpoint-hfm.azureedge.net\/heartfailurematters\/2024\/07\/hfm-logo1.jpg\",\"contentUrl\":\"https:\/\/cdn-endpoint-hfm.azureedge.net\/heartfailurematters\/2024\/07\/hfm-logo1.jpg\",\"width\":1280,\"height\":720,\"caption\":\"Heart Failure Matters\"},\"image\":{\"@id\":\"https:\/\/www.heartfailurematters.org\/fr\/#\/schema\/logo\/image\/\"},\"sameAs\":[\"https:\/\/www.facebook.com\/heartfailurematters\"]}]}<\/script>\n<!-- \/ Yoast SEO plugin. -->","yoast_head_json":{"title":"Tests d'effort pour d\u00e9celer l'insuffisance cardiaque","description":"Le test d'effort aide votre m\u00e9decin \u00e0 d\u00e9terminer dans quelle mesure votre c\u0153ur fait face aux activit\u00e9s physiques et au stress. Le test consiste \u00e0 faire de l'exercice sur un tapis roulant tandis que votre fr\u00e9quence cardiaque, votre respiration, votre tension art\u00e9rielle et l'activit\u00e9 \u00e9lectrique de votre c\u0153ur sont surveill\u00e9es.","robots":{"index":"index","follow":"follow","max-snippet":"max-snippet:-1","max-image-preview":"max-image-preview:large","max-video-preview":"max-video-preview:-1"},"canonical":"https:\/\/www.heartfailurematters.org\/fr\/comprendre-linsuffisance-cardiaque\/test-deffort\/","og_locale":"fr_FR","og_type":"article","og_title":"Tests d'effort pour d\u00e9celer l'insuffisance cardiaque","og_description":"Le test d'effort aide votre m\u00e9decin \u00e0 d\u00e9terminer dans quelle mesure votre c\u0153ur fait face aux activit\u00e9s physiques et au stress. Le test consiste \u00e0 faire de l'exercice sur un tapis roulant tandis que votre fr\u00e9quence cardiaque, votre respiration, votre tension art\u00e9rielle et l'activit\u00e9 \u00e9lectrique de votre c\u0153ur sont surveill\u00e9es.","og_url":"https:\/\/www.heartfailurematters.org\/fr\/comprendre-linsuffisance-cardiaque\/test-deffort\/","og_site_name":"Heart Failure Matters","article_publisher":"https:\/\/www.facebook.com\/heartfailurematters","article_modified_time":"2021-07-27T14:03:36+00:00","og_image":[{"width":900,"height":600,"url":"https:\/\/www.heartfailurematters.org\/wp-content\/uploads\/2022\/02\/shutterstock_362699957-1-min.jpg","type":"image\/jpeg"}],"twitter_card":"summary_large_image","twitter_misc":{"Dur\u00e9e de lecture estim\u00e9e":"2 minutes"},"schema":{"@context":"https:\/\/schema.org","@graph":[{"@type":"WebPage","@id":"https:\/\/www.heartfailurematters.org\/fr\/comprendre-linsuffisance-cardiaque\/test-deffort\/","url":"https:\/\/www.heartfailurematters.org\/fr\/comprendre-linsuffisance-cardiaque\/test-deffort\/","name":"Tests d'effort pour d\u00e9celer l'insuffisance cardiaque","isPartOf":{"@id":"https:\/\/www.heartfailurematters.org\/fr\/#website"},"primaryImageOfPage":{"@id":"https:\/\/www.heartfailurematters.org\/fr\/comprendre-linsuffisance-cardiaque\/test-deffort\/#primaryimage"},"image":{"@id":"https:\/\/www.heartfailurematters.org\/fr\/comprendre-linsuffisance-cardiaque\/test-deffort\/#primaryimage"},"thumbnailUrl":"https:\/\/www.heartfailurematters.org\/wp-content\/uploads\/2022\/02\/shutterstock_362699957-1-min.jpg","datePublished":"2021-01-27T21:36:13+00:00","dateModified":"2021-07-27T14:03:36+00:00","description":"Le test d'effort aide votre m\u00e9decin \u00e0 d\u00e9terminer dans quelle mesure votre c\u0153ur fait face aux activit\u00e9s physiques et au stress. Le test consiste \u00e0 faire de l'exercice sur un tapis roulant tandis que votre fr\u00e9quence cardiaque, votre respiration, votre tension art\u00e9rielle et l'activit\u00e9 \u00e9lectrique de votre c\u0153ur sont surveill\u00e9es.","breadcrumb":{"@id":"https:\/\/www.heartfailurematters.org\/fr\/comprendre-linsuffisance-cardiaque\/test-deffort\/#breadcrumb"},"inLanguage":"fr-FR","potentialAction":[{"@type":"ReadAction","target":["https:\/\/www.heartfailurematters.org\/fr\/comprendre-linsuffisance-cardiaque\/test-deffort\/"]}]},{"@type":"ImageObject","inLanguage":"fr-FR","@id":"https:\/\/www.heartfailurematters.org\/fr\/comprendre-linsuffisance-cardiaque\/test-deffort\/#primaryimage","url":"https:\/\/www.heartfailurematters.org\/wp-content\/uploads\/2022\/02\/shutterstock_362699957-1-min.jpg","contentUrl":"https:\/\/www.heartfailurematters.org\/wp-content\/uploads\/2022\/02\/shutterstock_362699957-1-min.jpg","width":900,"height":600},{"@type":"BreadcrumbList","@id":"https:\/\/www.heartfailurematters.org\/fr\/comprendre-linsuffisance-cardiaque\/test-deffort\/#breadcrumb","itemListElement":[{"@type":"ListItem","position":1,"name":"Accueil","item":"https:\/\/www.heartfailurematters.org\/fr\/"},{"@type":"ListItem","position":2,"name":"Comprendre l&#8217;insuffisance cardiaque","item":"https:\/\/www.heartfailurematters.org\/fr\/comprendre-linsuffisance-cardiaque\/"},{"@type":"ListItem","position":3,"name":"Test d\u2019effort"}]},{"@type":"WebSite","@id":"https:\/\/www.heartfailurematters.org\/fr\/#website","url":"https:\/\/www.heartfailurematters.org\/fr\/","name":"Heart Failure Matters","description":"Practical information for patients, families and caregivers.","publisher":{"@id":"https:\/\/www.heartfailurematters.org\/fr\/#organization"},"potentialAction":[{"@type":"SearchAction","target":{"@type":"EntryPoint","urlTemplate":"https:\/\/www.heartfailurematters.org\/fr\/?s={search_term_string}"},"query-input":{"@type":"PropertyValueSpecification","valueRequired":true,"valueName":"search_term_string"}}],"inLanguage":"fr-FR"},{"@type":"Organization","@id":"https:\/\/www.heartfailurematters.org\/fr\/#organization","name":"Heart Failure Matters","url":"https:\/\/www.heartfailurematters.org\/fr\/","logo":{"@type":"ImageObject","inLanguage":"fr-FR","@id":"https:\/\/www.heartfailurematters.org\/fr\/#\/schema\/logo\/image\/","url":"https:\/\/cdn-endpoint-hfm.azureedge.net\/heartfailurematters\/2024\/07\/hfm-logo1.jpg","contentUrl":"https:\/\/cdn-endpoint-hfm.azureedge.net\/heartfailurematters\/2024\/07\/hfm-logo1.jpg","width":1280,"height":720,"caption":"Heart Failure Matters"},"image":{"@id":"https:\/\/www.heartfailurematters.org\/fr\/#\/schema\/logo\/image\/"},"sameAs":["https:\/\/www.facebook.com\/heartfailurematters"]}]}},"_links":{"self":[{"href":"https:\/\/www.heartfailurematters.org\/fr\/wp-json\/wp\/v2\/pages\/479","targetHints":{"allow":["GET"]}}],"collection":[{"href":"https:\/\/www.heartfailurematters.org\/fr\/wp-json\/wp\/v2\/pages"}],"about":[{"href":"https:\/\/www.heartfailurematters.org\/fr\/wp-json\/wp\/v2\/types\/page"}],"author":[{"embeddable":true,"href":"https:\/\/www.heartfailurematters.org\/fr\/wp-json\/wp\/v2\/users\/1"}],"replies":[{"embeddable":true,"href":"https:\/\/www.heartfailurematters.org\/fr\/wp-json\/wp\/v2\/comments?post=479"}],"version-history":[{"count":2,"href":"https:\/\/www.heartfailurematters.org\/fr\/wp-json\/wp\/v2\/pages\/479\/revisions"}],"predecessor-version":[{"id":9606,"href":"https:\/\/www.heartfailurematters.org\/fr\/wp-json\/wp\/v2\/pages\/479\/revisions\/9606"}],"up":[{"embeddable":true,"href":"https:\/\/www.heartfailurematters.org\/fr\/wp-json\/wp\/v2\/pages\/307"}],"wp:featuredmedia":[{"embeddable":true,"href":"https:\/\/www.heartfailurematters.org\/fr\/wp-json\/wp\/v2\/media\/10666"}],"wp:attachment":[{"href":"https:\/\/www.heartfailurematters.org\/fr\/wp-json\/wp\/v2\/media?parent=479"}],"wp:term":[{"taxonomy":"category","embeddable":true,"href":"https:\/\/www.heartfailurematters.org\/fr\/wp-json\/wp\/v2\/categories?post=479"},{"taxonomy":"post_tag","embeddable":true,"href":"https:\/\/www.heartfailurematters.org\/fr\/wp-json\/wp\/v2\/tags?post=479"}],"curies":[{"name":"wp","href":"https:\/\/api.w.org\/{rel}","templated":true}]}}