{"id":477,"date":"2021-01-27T21:36:13","date_gmt":"2021-01-27T21:36:13","guid":{"rendered":"http:\/\/heartfailurematters.local:8888\/adaptation-de-votre-alimentation-liquides\/"},"modified":"2021-01-27T21:36:13","modified_gmt":"2021-01-27T21:36:13","slug":"adaptation-de-votre-alimentation-liquides","status":"publish","type":"page","link":"https:\/\/www.heartfailurematters.org\/fr\/ce-que-vous-pouvez-faire\/adaptation-de-votre-alimentation-liquides\/","title":{"rendered":"Adaptation de votre alimentation\u00a0: liquides"},"content":{"rendered":"<p>Le contr&ocirc;le de la consommation de liquide peut &ecirc;tre important chez les patients atteints d&rsquo;insuffisance cardiaque.<\/p>\n<h2>Pourquoi est-il important de contr&ocirc;ler l&rsquo;apport de liquides&nbsp;?<\/h2>\n<p><a class=\"addtooltip\" title=\"When there is too much fluid in the blood circulating around the body and congestion the pressure rises in the blood vessels. Fluid then leaks out into the surrounding tissues, where it accumulates leasing to oedema.\"><strong>La r&eacute;tention d&rsquo;eau et de sel<\/strong><\/a> entra&icirc;ne une augmentation de la quantit&eacute; de liquide dans le sang. Votre c&oelig;ur doit redoubler d&rsquo;effort pour faire circuler cette quantit&eacute; suppl&eacute;mentaire de sang dans tout votre corps. Le liquide en exc&egrave;s peut &ecirc;tre envoy&eacute; dans vos poumons, rendant la respiration plus difficile, dans l&rsquo;abdomen, rendant la consommation d&rsquo;aliments et la digestion plus difficiles, ou dans la partie inf&eacute;rieure des jambes.<\/p>\n<h2>Comment pouvez-vous contr&ocirc;ler votre apport en liquides&nbsp;?<\/h2>\n<p>Votre m&eacute;decin peut vous prescrire des m&eacute;dicaments appel&eacute;s&nbsp;<a class=\"addtooltip\" title=\"Classe de m&eacute;dicaments stimulant les reins pour produire plus d'urine, r&eacute;duisant ainsi la r&eacute;tention d&rsquo;eau et la congestion.\"><strong>diur&eacute;tiques<\/strong><\/a> pour vous aider &agrave; vous d&eacute;barrasser du liquide exc&eacute;dentaire. Vous devez cependant faire attention &agrave; ne pas remplacer cette eau en buvant davantage. Votre m&eacute;decin ou votre infirmi&egrave;re peut vous indiquer la quantit&eacute; de liquide &agrave; boire chaque jour.<\/p>\n<p>Si l&rsquo;on vous a recommand&eacute; de boire moins de liquide, voici quelques suggestions qui peuvent vous &ecirc;tre utiles&nbsp;:<\/p>\n<h2>Astuces pour limiter la quantit&eacute; que vous buvez&nbsp;:<\/h2>\n<ul>\n<li>Utilisez une petite plut&ocirc;t qu&rsquo;une grosse tasse<\/li>\n<li>Essayez de faire durer la quantit&eacute; d&rsquo;eau autoris&eacute;e sur toute la journ&eacute;e<\/li>\n<li>Essayez de boire des liquides tr&egrave;s froids ou tr&egrave;s chauds &#8211; cela prend plus de temps<\/li>\n<li>S&rsquo;il fait tr&egrave;s chaud ou si vous avez de la fi&egrave;vre ou la diarrh&eacute;e, vous devriez boire 100 &agrave; 300 ml suppl&eacute;mentaires.<\/li>\n<\/ul>\n<h2>Astuces si vous avez soif&nbsp;:<\/h2>\n<ul>\n<li>Sucez un gla&ccedil;on<\/li>\n<li>Limitez les boissons contenant de la caf&eacute;ine (y compris le caf&eacute;, le th&eacute; et certaines boissons gazeuses)<\/li>\n<li>Limitez les boissons alcoolis&eacute;es<\/li>\n<li>Utilisez des b&acirc;tonnets &laquo; glyc&eacute;rine-citron &raquo;<\/li>\n<li>M&acirc;chez du chewing-gum<\/li>\n<li>Mangez des fruits glac&eacute;s<\/li>\n<li>Ajoutez du jus de citron &agrave; votre th&eacute; ou &agrave; l&rsquo;eau min&eacute;rale<\/li>\n<\/ul>\n<p><a href=\"https:\/\/www.heartfailurematters.org\/fr\/ce-que-vous-pouvez-faire\/adaptation-de-votre-alimentation\/\">Retourner &agrave; la rubrique &laquo;&nbsp;Adaptation de votre alimentation&nbsp;&raquo;<\/a><\/p>\n","protected":false},"excerpt":{"rendered":"<p>Le contr&ocirc;le de la consommation de liquide peut &ecirc;tre important chez les patients atteints d&rsquo;insuffisance cardiaque. Pourquoi est-il important de contr&ocirc;ler l&rsquo;apport de liquides&nbsp;? La r&eacute;tention d&rsquo;eau et de sel entra&icirc;ne une augmentation de la quantit&eacute; de liquide dans le sang. Votre c&oelig;ur doit redoubler d&rsquo;effort pour faire circuler cette quantit&eacute; suppl&eacute;mentaire de sang dans [&hellip;]<\/p>\n","protected":false},"author":1,"featured_media":11017,"parent":2715,"menu_order":0,"comment_status":"open","ping_status":"open","template":"","meta":{"_acf_changed":false,"footnotes":""},"categories":[],"tags":[],"class_list":["post-477","page","type-page","status-publish","has-post-thumbnail","hentry"],"acf":[],"yoast_head":"<!-- This site is optimized with the Yoast SEO plugin v24.8.1 - https:\/\/yoast.com\/wordpress\/plugins\/seo\/ -->\n<title>Adaptation de votre alimentation\u00a0: liquides - Heart Failure Matters<\/title>\n<meta name=\"description\" content=\"Le contr\u00f4le de l&#039;apport de liquides peut \u00eatre primordial chez les patients souffrant d&#039;une insuffisance cardiaque. Le contr\u00f4le de l&#039;apport de liquides peut \u00eatre primordial chez les patients souffrant d&#039;une insuffisance cardiaque.\" \/>\n<meta name=\"robots\" content=\"index, follow, max-snippet:-1, max-image-preview:large, max-video-preview:-1\" \/>\n<link rel=\"canonical\" href=\"https:\/\/www.heartfailurematters.org\/fr\/ce-que-vous-pouvez-faire\/adaptation-de-votre-alimentation-liquides\/\" \/>\n<meta property=\"og:locale\" content=\"fr_FR\" \/>\n<meta property=\"og:type\" content=\"article\" \/>\n<meta property=\"og:title\" content=\"Adaptation de votre alimentation\u00a0: liquides - Heart Failure Matters\" \/>\n<meta property=\"og:description\" content=\"Le contr\u00f4le de l&#039;apport de liquides peut \u00eatre primordial chez les patients souffrant d&#039;une insuffisance cardiaque. Le contr\u00f4le de l&#039;apport de liquides peut \u00eatre primordial chez les patients souffrant d&#039;une insuffisance cardiaque.\" \/>\n<meta property=\"og:url\" content=\"https:\/\/www.heartfailurematters.org\/fr\/ce-que-vous-pouvez-faire\/adaptation-de-votre-alimentation-liquides\/\" \/>\n<meta property=\"og:site_name\" content=\"Heart Failure Matters\" \/>\n<meta property=\"article:publisher\" content=\"https:\/\/www.facebook.com\/heartfailurematters\" \/>\n<meta property=\"og:image\" content=\"https:\/\/www.heartfailurematters.org\/wp-content\/uploads\/2022\/03\/shutterstock_1064420267-1-min.jpg\" \/>\n\t<meta property=\"og:image:width\" content=\"900\" \/>\n\t<meta property=\"og:image:height\" content=\"624\" \/>\n\t<meta property=\"og:image:type\" content=\"image\/jpeg\" \/>\n<meta name=\"twitter:card\" content=\"summary_large_image\" \/>\n<meta name=\"twitter:label1\" content=\"Dur\u00e9e de lecture estim\u00e9e\" \/>\n\t<meta name=\"twitter:data1\" content=\"2 minutes\" \/>\n<script type=\"application\/ld+json\" class=\"yoast-schema-graph\">{\"@context\":\"https:\/\/schema.org\",\"@graph\":[{\"@type\":\"WebPage\",\"@id\":\"https:\/\/www.heartfailurematters.org\/fr\/ce-que-vous-pouvez-faire\/adaptation-de-votre-alimentation-liquides\/\",\"url\":\"https:\/\/www.heartfailurematters.org\/fr\/ce-que-vous-pouvez-faire\/adaptation-de-votre-alimentation-liquides\/\",\"name\":\"Adaptation de votre alimentation\u00a0: liquides - Heart Failure Matters\",\"isPartOf\":{\"@id\":\"https:\/\/www.heartfailurematters.org\/fr\/#website\"},\"primaryImageOfPage\":{\"@id\":\"https:\/\/www.heartfailurematters.org\/fr\/ce-que-vous-pouvez-faire\/adaptation-de-votre-alimentation-liquides\/#primaryimage\"},\"image\":{\"@id\":\"https:\/\/www.heartfailurematters.org\/fr\/ce-que-vous-pouvez-faire\/adaptation-de-votre-alimentation-liquides\/#primaryimage\"},\"thumbnailUrl\":\"https:\/\/www.heartfailurematters.org\/wp-content\/uploads\/2022\/03\/shutterstock_1064420267-1-min.jpg\",\"datePublished\":\"2021-01-27T21:36:13+00:00\",\"description\":\"Le contr\u00f4le de l'apport de liquides peut \u00eatre primordial chez les patients souffrant d'une insuffisance cardiaque. Le contr\u00f4le de l'apport de liquides peut \u00eatre primordial chez les patients souffrant d'une insuffisance cardiaque.\",\"breadcrumb\":{\"@id\":\"https:\/\/www.heartfailurematters.org\/fr\/ce-que-vous-pouvez-faire\/adaptation-de-votre-alimentation-liquides\/#breadcrumb\"},\"inLanguage\":\"fr-FR\",\"potentialAction\":[{\"@type\":\"ReadAction\",\"target\":[\"https:\/\/www.heartfailurematters.org\/fr\/ce-que-vous-pouvez-faire\/adaptation-de-votre-alimentation-liquides\/\"]}]},{\"@type\":\"ImageObject\",\"inLanguage\":\"fr-FR\",\"@id\":\"https:\/\/www.heartfailurematters.org\/fr\/ce-que-vous-pouvez-faire\/adaptation-de-votre-alimentation-liquides\/#primaryimage\",\"url\":\"https:\/\/www.heartfailurematters.org\/wp-content\/uploads\/2022\/03\/shutterstock_1064420267-1-min.jpg\",\"contentUrl\":\"https:\/\/www.heartfailurematters.org\/wp-content\/uploads\/2022\/03\/shutterstock_1064420267-1-min.jpg\",\"width\":900,\"height\":624},{\"@type\":\"BreadcrumbList\",\"@id\":\"https:\/\/www.heartfailurematters.org\/fr\/ce-que-vous-pouvez-faire\/adaptation-de-votre-alimentation-liquides\/#breadcrumb\",\"itemListElement\":[{\"@type\":\"ListItem\",\"position\":1,\"name\":\"Accueil\",\"item\":\"https:\/\/www.heartfailurematters.org\/fr\/\"},{\"@type\":\"ListItem\",\"position\":2,\"name\":\"Ce que vous pouvez faire\",\"item\":\"https:\/\/www.heartfailurematters.org\/fr\/ce-que-vous-pouvez-faire\/\"},{\"@type\":\"ListItem\",\"position\":3,\"name\":\"Adaptation de votre alimentation\u00a0: liquides\"}]},{\"@type\":\"WebSite\",\"@id\":\"https:\/\/www.heartfailurematters.org\/fr\/#website\",\"url\":\"https:\/\/www.heartfailurematters.org\/fr\/\",\"name\":\"Heart Failure Matters\",\"description\":\"Practical information for patients, families and caregivers.\",\"publisher\":{\"@id\":\"https:\/\/www.heartfailurematters.org\/fr\/#organization\"},\"potentialAction\":[{\"@type\":\"SearchAction\",\"target\":{\"@type\":\"EntryPoint\",\"urlTemplate\":\"https:\/\/www.heartfailurematters.org\/fr\/?s={search_term_string}\"},\"query-input\":{\"@type\":\"PropertyValueSpecification\",\"valueRequired\":true,\"valueName\":\"search_term_string\"}}],\"inLanguage\":\"fr-FR\"},{\"@type\":\"Organization\",\"@id\":\"https:\/\/www.heartfailurematters.org\/fr\/#organization\",\"name\":\"Heart Failure Matters\",\"url\":\"https:\/\/www.heartfailurematters.org\/fr\/\",\"logo\":{\"@type\":\"ImageObject\",\"inLanguage\":\"fr-FR\",\"@id\":\"https:\/\/www.heartfailurematters.org\/fr\/#\/schema\/logo\/image\/\",\"url\":\"https:\/\/cdn-endpoint-hfm.azureedge.net\/heartfailurematters\/2024\/07\/hfm-logo1.jpg\",\"contentUrl\":\"https:\/\/cdn-endpoint-hfm.azureedge.net\/heartfailurematters\/2024\/07\/hfm-logo1.jpg\",\"width\":1280,\"height\":720,\"caption\":\"Heart Failure Matters\"},\"image\":{\"@id\":\"https:\/\/www.heartfailurematters.org\/fr\/#\/schema\/logo\/image\/\"},\"sameAs\":[\"https:\/\/www.facebook.com\/heartfailurematters\"]}]}<\/script>\n<!-- \/ Yoast SEO plugin. -->","yoast_head_json":{"title":"Adaptation de votre alimentation\u00a0: liquides - Heart Failure Matters","description":"Le contr\u00f4le de l'apport de liquides peut \u00eatre primordial chez les patients souffrant d'une insuffisance cardiaque. Le contr\u00f4le de l'apport de liquides peut \u00eatre primordial chez les patients souffrant d'une insuffisance cardiaque.","robots":{"index":"index","follow":"follow","max-snippet":"max-snippet:-1","max-image-preview":"max-image-preview:large","max-video-preview":"max-video-preview:-1"},"canonical":"https:\/\/www.heartfailurematters.org\/fr\/ce-que-vous-pouvez-faire\/adaptation-de-votre-alimentation-liquides\/","og_locale":"fr_FR","og_type":"article","og_title":"Adaptation de votre alimentation\u00a0: liquides - Heart Failure Matters","og_description":"Le contr\u00f4le de l'apport de liquides peut \u00eatre primordial chez les patients souffrant d'une insuffisance cardiaque. Le contr\u00f4le de l'apport de liquides peut \u00eatre primordial chez les patients souffrant d'une insuffisance cardiaque.","og_url":"https:\/\/www.heartfailurematters.org\/fr\/ce-que-vous-pouvez-faire\/adaptation-de-votre-alimentation-liquides\/","og_site_name":"Heart Failure Matters","article_publisher":"https:\/\/www.facebook.com\/heartfailurematters","og_image":[{"width":900,"height":624,"url":"https:\/\/www.heartfailurematters.org\/wp-content\/uploads\/2022\/03\/shutterstock_1064420267-1-min.jpg","type":"image\/jpeg"}],"twitter_card":"summary_large_image","twitter_misc":{"Dur\u00e9e de lecture estim\u00e9e":"2 minutes"},"schema":{"@context":"https:\/\/schema.org","@graph":[{"@type":"WebPage","@id":"https:\/\/www.heartfailurematters.org\/fr\/ce-que-vous-pouvez-faire\/adaptation-de-votre-alimentation-liquides\/","url":"https:\/\/www.heartfailurematters.org\/fr\/ce-que-vous-pouvez-faire\/adaptation-de-votre-alimentation-liquides\/","name":"Adaptation de votre alimentation\u00a0: liquides - Heart Failure Matters","isPartOf":{"@id":"https:\/\/www.heartfailurematters.org\/fr\/#website"},"primaryImageOfPage":{"@id":"https:\/\/www.heartfailurematters.org\/fr\/ce-que-vous-pouvez-faire\/adaptation-de-votre-alimentation-liquides\/#primaryimage"},"image":{"@id":"https:\/\/www.heartfailurematters.org\/fr\/ce-que-vous-pouvez-faire\/adaptation-de-votre-alimentation-liquides\/#primaryimage"},"thumbnailUrl":"https:\/\/www.heartfailurematters.org\/wp-content\/uploads\/2022\/03\/shutterstock_1064420267-1-min.jpg","datePublished":"2021-01-27T21:36:13+00:00","description":"Le contr\u00f4le de l'apport de liquides peut \u00eatre primordial chez les patients souffrant d'une insuffisance cardiaque. Le contr\u00f4le de l'apport de liquides peut \u00eatre primordial chez les patients souffrant d'une insuffisance cardiaque.","breadcrumb":{"@id":"https:\/\/www.heartfailurematters.org\/fr\/ce-que-vous-pouvez-faire\/adaptation-de-votre-alimentation-liquides\/#breadcrumb"},"inLanguage":"fr-FR","potentialAction":[{"@type":"ReadAction","target":["https:\/\/www.heartfailurematters.org\/fr\/ce-que-vous-pouvez-faire\/adaptation-de-votre-alimentation-liquides\/"]}]},{"@type":"ImageObject","inLanguage":"fr-FR","@id":"https:\/\/www.heartfailurematters.org\/fr\/ce-que-vous-pouvez-faire\/adaptation-de-votre-alimentation-liquides\/#primaryimage","url":"https:\/\/www.heartfailurematters.org\/wp-content\/uploads\/2022\/03\/shutterstock_1064420267-1-min.jpg","contentUrl":"https:\/\/www.heartfailurematters.org\/wp-content\/uploads\/2022\/03\/shutterstock_1064420267-1-min.jpg","width":900,"height":624},{"@type":"BreadcrumbList","@id":"https:\/\/www.heartfailurematters.org\/fr\/ce-que-vous-pouvez-faire\/adaptation-de-votre-alimentation-liquides\/#breadcrumb","itemListElement":[{"@type":"ListItem","position":1,"name":"Accueil","item":"https:\/\/www.heartfailurematters.org\/fr\/"},{"@type":"ListItem","position":2,"name":"Ce que vous pouvez faire","item":"https:\/\/www.heartfailurematters.org\/fr\/ce-que-vous-pouvez-faire\/"},{"@type":"ListItem","position":3,"name":"Adaptation de votre alimentation\u00a0: liquides"}]},{"@type":"WebSite","@id":"https:\/\/www.heartfailurematters.org\/fr\/#website","url":"https:\/\/www.heartfailurematters.org\/fr\/","name":"Heart Failure Matters","description":"Practical information for patients, families and caregivers.","publisher":{"@id":"https:\/\/www.heartfailurematters.org\/fr\/#organization"},"potentialAction":[{"@type":"SearchAction","target":{"@type":"EntryPoint","urlTemplate":"https:\/\/www.heartfailurematters.org\/fr\/?s={search_term_string}"},"query-input":{"@type":"PropertyValueSpecification","valueRequired":true,"valueName":"search_term_string"}}],"inLanguage":"fr-FR"},{"@type":"Organization","@id":"https:\/\/www.heartfailurematters.org\/fr\/#organization","name":"Heart Failure Matters","url":"https:\/\/www.heartfailurematters.org\/fr\/","logo":{"@type":"ImageObject","inLanguage":"fr-FR","@id":"https:\/\/www.heartfailurematters.org\/fr\/#\/schema\/logo\/image\/","url":"https:\/\/cdn-endpoint-hfm.azureedge.net\/heartfailurematters\/2024\/07\/hfm-logo1.jpg","contentUrl":"https:\/\/cdn-endpoint-hfm.azureedge.net\/heartfailurematters\/2024\/07\/hfm-logo1.jpg","width":1280,"height":720,"caption":"Heart Failure Matters"},"image":{"@id":"https:\/\/www.heartfailurematters.org\/fr\/#\/schema\/logo\/image\/"},"sameAs":["https:\/\/www.facebook.com\/heartfailurematters"]}]}},"_links":{"self":[{"href":"https:\/\/www.heartfailurematters.org\/fr\/wp-json\/wp\/v2\/pages\/477","targetHints":{"allow":["GET"]}}],"collection":[{"href":"https:\/\/www.heartfailurematters.org\/fr\/wp-json\/wp\/v2\/pages"}],"about":[{"href":"https:\/\/www.heartfailurematters.org\/fr\/wp-json\/wp\/v2\/types\/page"}],"author":[{"embeddable":true,"href":"https:\/\/www.heartfailurematters.org\/fr\/wp-json\/wp\/v2\/users\/1"}],"replies":[{"embeddable":true,"href":"https:\/\/www.heartfailurematters.org\/fr\/wp-json\/wp\/v2\/comments?post=477"}],"version-history":[{"count":0,"href":"https:\/\/www.heartfailurematters.org\/fr\/wp-json\/wp\/v2\/pages\/477\/revisions"}],"up":[{"embeddable":true,"href":"https:\/\/www.heartfailurematters.org\/fr\/wp-json\/wp\/v2\/pages\/2715"}],"wp:featuredmedia":[{"embeddable":true,"href":"https:\/\/www.heartfailurematters.org\/fr\/wp-json\/wp\/v2\/media\/11017"}],"wp:attachment":[{"href":"https:\/\/www.heartfailurematters.org\/fr\/wp-json\/wp\/v2\/media?parent=477"}],"wp:term":[{"taxonomy":"category","embeddable":true,"href":"https:\/\/www.heartfailurematters.org\/fr\/wp-json\/wp\/v2\/categories?post=477"},{"taxonomy":"post_tag","embeddable":true,"href":"https:\/\/www.heartfailurematters.org\/fr\/wp-json\/wp\/v2\/tags?post=477"}],"curies":[{"name":"wp","href":"https:\/\/api.w.org\/{rel}","templated":true}]}}