{"id":473,"date":"2021-01-27T21:36:13","date_gmt":"2021-01-27T21:36:13","guid":{"rendered":"http:\/\/heartfailurematters.local:8888\/arni-antagonistes-de-la-neprilysine-et-des-recepteurs-de-langiotensine\/"},"modified":"2023-02-16T14:49:19","modified_gmt":"2023-02-16T14:49:19","slug":"arni-antagonistes-de-la-neprilysine-et-des-recepteurs-de-langiotensine","status":"publish","type":"page","link":"https:\/\/www.heartfailurematters.org\/fr\/ce-que-votre-medecin-ou-votre-infirmier-ere-peut-faire\/arni-antagonistes-de-la-neprilysine-et-des-recepteurs-de-langiotensine\/","title":{"rendered":"Inhibiteur du r\u00e9cepteur de l&rsquo;angiotensine-n\u00e9prilysine (ARNi) \u2013 Sacubitril\/Valsartan"},"content":{"rendered":"<p><strong>L&rsquo;inhibiteur du r\u00e9cepteur de l&rsquo;angiotensine-n\u00e9prilysine (ARNi)<\/strong> est un m\u00e9dicament issu de l&rsquo;association de deux anti-hypertenseurs (sacubitril et valsartan) qui diminuent la pression art\u00e9rielle.<\/p>\n<p>Des \u00e9tudes r\u00e9centes ont montr\u00e9 que ce m\u00e9dicament peut am\u00e9liorer la dur\u00e9e de vie, plus que les inhibiteurs de l&rsquo;ECA, m\u00e9dicaments couramment utilis\u00e9s pour le traitement de l&rsquo;insuffisance cardiaque. L&rsquo;ARNi est actuellement utilis\u00e9 pour le traitement des patients souffrant d&rsquo;une insuffisance cardiaque avec une fraction d&rsquo;\u00e9jection r\u00e9duite, ce qui signifie une fonction r\u00e9duite de la cavit\u00e9 de pompage principale. Les patients \u00e9ligibles doivent toujours \u00eatre symptomatiques bien qu&rsquo;ils aient re\u00e7u un traitement m\u00e9dical complet pour insuffisance cardiaque ou qu&rsquo;ils ne soient pas en mesure de tol\u00e9rer une dose ad\u00e9quate d&rsquo;inhibiteurs de l&rsquo;ECA.<\/p>\n<p><strong>Ce qu&rsquo;ils font&nbsp;: <\/strong> Les deux substances actives, le sacubitril et le valsartan, agissent de diff\u00e9rentes fa\u00e7ons. Le valsartan bloque l&rsquo;action d&rsquo;une hormone du rein appel\u00e9e angiotensine II, qui peut \u00eatre nocive chez les patients souffrant d&rsquo;une insuffisance cardiaque, en bloquant les r\u00e9cepteurs auxquels l&rsquo;angiotensine II se fixe normalement. Cela stoppe les effets nocifs de l&rsquo;hormone sur le c\u0153ur et permet aux vaisseaux sanguins de se dilater ou de s&rsquo;\u00e9largir.<br \/>\nLe sacubitril bloque la d\u00e9gradation des peptides natriur\u00e9tiques produits dans le corps. Les peptides natriur\u00e9tiques font passer le sodium et l&rsquo;eau dans l&rsquo;urine. Cet effet r\u00e9duit le travail sur le c\u0153ur et diminue la pression art\u00e9rielle. L&rsquo;effet combin\u00e9 des deux m\u00e9dicaments r\u00e9duit la tension du c\u0153ur d\u00e9faillant.<\/p>\n<p><strong>Quels sont les avantages attendus&nbsp;?<\/strong> Il a \u00e9t\u00e9 d\u00e9montr\u00e9 que le sacubitril\/valsartan r\u00e9duisait les hospitalisations pour insuffisance cardiaque et am\u00e9liorait la survie.<\/p>\n<p><strong>Effets secondaires: <\/strong> Le traitement \u00e0 base d&#39;ARNI est tr\u00e8s bien tol\u00e9r\u00e9. Cependant, l&#39;effet secondaire potentiel le plus grave, mais extr\u00eamement rare, du sacubitril\/valsartan est une r\u00e9action allergique s\u00e9v\u00e8re appel\u00e9e angi\u0153d\u00e8me (un gonflement rapide des tissus profonds de la peau ainsi que des tissus entourant la gorge, qui provoque des difficult\u00e9s respiratoires). Le traitement par sacubitril\/valsartan ne doit PAS \u00eatre d\u00e9but\u00e9 moins de 36 heures apr\u00e8s l&#39;arr\u00eat d&#39;un inhibiteur de l&#39;ECA. Le sacubitril\/valsartan ne doit pas \u00eatre pris en plus d&#39;un inhibiteur de l&#39;ECA ou d&#39;un ARA. Il ne doit pas \u00eatre adiministr\u00e9 \u00e0 des patients ayant eu de la toux ou fait une r\u00e9action allergique aux inhibiteurs de l&#39;ECA, ni par des patients ayant eu un angi\u0153d\u00e8me par le pass\u00e9, quelle qu&#39;en soit la cause. Les effets ind\u00e9sirables les plus fr\u00e9quents sous sacubitril\/valsartan (pouvant affecter plus d &#39;1 personne sur 10) sont une tension basse, une \u00e9l\u00e9vation du taux de potassium sanguin (hyperkali\u00e9mie) ou une alt\u00e9ration l\u00e9g\u00e8re de la fonction r\u00e9nale. <\/p>\n<p><strong>Conseils pratiques:<\/strong> Les <a href=\"https:\/\/www.escardio.org\/Guidelines\/Clinical-Practice-Guidelines\/Acute-and-Chronic-Heart-Failure\" target=\"_blank\" rel=\"noopener\">directives de l&#39;ESC<\/a> les plus r\u00e9centes recommandent de prescrire le sacubitril\/valsartan aux insuffisants cardiaques toujours symptomatiques, malgr\u00e9 un traitement par inhibiteur de l&#39;ECA \u00e0 dose compl\u00e8te ou par ARA. Le sacubitril\/valsartan peut \u00e9galement \u00eatre envisag\u00e9 chez les patients symptomatiques pr\u00e9sentant une fraction d&#39;\u00e9jection r\u00e9duite et n&#39;ayant pas \u00e9t\u00e9 trait\u00e9s pr\u00e9c\u00e9demment par inhibiteur de l&#39;ECA ou un ARA. Il ne doit pas \u00eatre pris par les patients qui prennent actuellement des inhibiteurs de l&#39;ECA ou des antagonistes des r\u00e9cepteurs de l&#39;angiotensine (ARA).<\/p>\n<h2>Aussi appel\u00e9&nbsp;:<\/h2>\n<ul>\n<li><strong>Sacubitril\/valsartan<\/strong><br \/>\n(Entresto\u00ae)<\/li>\n<\/ul>\n<p><a href=\"https:\/\/www.heartfailurematters.org\/what-your-doctor-can-do\/heart-failure-medicines\/\">Retour aux M\u00e9dicaments contre l&rsquo;insuffisance cardiaque<\/a><\/p>\n","protected":false},"excerpt":{"rendered":"<p>L&rsquo;inhibiteur du r\u00e9cepteur de l&rsquo;angiotensine-n\u00e9prilysine (ARNi) est un m\u00e9dicament issu de l&rsquo;association de deux anti-hypertenseurs (sacubitril et valsartan) qui diminuent la pression art\u00e9rielle. Des \u00e9tudes r\u00e9centes ont montr\u00e9 que ce m\u00e9dicament peut am\u00e9liorer la dur\u00e9e de vie, plus que les inhibiteurs de l&rsquo;ECA, m\u00e9dicaments couramment utilis\u00e9s pour le traitement de l&rsquo;insuffisance cardiaque. L&rsquo;ARNi est actuellement [&hellip;]<\/p>\n","protected":false},"author":1,"featured_media":10868,"parent":2679,"menu_order":0,"comment_status":"open","ping_status":"open","template":"","meta":{"_acf_changed":false,"footnotes":""},"categories":[],"tags":[],"class_list":["post-473","page","type-page","status-publish","has-post-thumbnail","hentry"],"acf":[],"yoast_head":"<!-- This site is optimized with the Yoast SEO plugin v24.8.1 - https:\/\/yoast.com\/wordpress\/plugins\/seo\/ -->\n<title>ARNI (Inhibiteur du r\u00e9cepteur de l&#039;angiotensine-n\u00e9prilysine)<\/title>\n<meta name=\"description\" content=\"Les antagonistes des r\u00e9cepteurs de l&#039;angiotensine\u00a0II (ARA) bloquent l&#039;action de l&#039;angiotensine\u00a0II, une hormone naturellement produite par vos reins. En savoir plus\" \/>\n<meta name=\"robots\" content=\"index, follow, max-snippet:-1, max-image-preview:large, max-video-preview:-1\" \/>\n<link rel=\"canonical\" href=\"https:\/\/www.heartfailurematters.org\/fr\/ce-que-votre-medecin-ou-votre-infirmier-ere-peut-faire\/arni-antagonistes-de-la-neprilysine-et-des-recepteurs-de-langiotensine\/\" \/>\n<meta property=\"og:locale\" content=\"fr_FR\" \/>\n<meta property=\"og:type\" content=\"article\" \/>\n<meta property=\"og:title\" content=\"ARNI (Inhibiteur du r\u00e9cepteur de l&#039;angiotensine-n\u00e9prilysine)\" \/>\n<meta property=\"og:description\" content=\"Les antagonistes des r\u00e9cepteurs de l&#039;angiotensine\u00a0II (ARA) bloquent l&#039;action de l&#039;angiotensine\u00a0II, une hormone naturellement produite par vos reins. En savoir plus\" \/>\n<meta property=\"og:url\" content=\"https:\/\/www.heartfailurematters.org\/fr\/ce-que-votre-medecin-ou-votre-infirmier-ere-peut-faire\/arni-antagonistes-de-la-neprilysine-et-des-recepteurs-de-langiotensine\/\" \/>\n<meta property=\"og:site_name\" content=\"Heart Failure Matters\" \/>\n<meta property=\"article:publisher\" content=\"https:\/\/www.facebook.com\/heartfailurematters\" \/>\n<meta property=\"article:modified_time\" content=\"2023-02-16T14:49:19+00:00\" \/>\n<meta property=\"og:image\" content=\"https:\/\/www.heartfailurematters.org\/wp-content\/uploads\/2022\/03\/shutterstock_441673426-1-min.jpg\" \/>\n\t<meta property=\"og:image:width\" content=\"900\" \/>\n\t<meta property=\"og:image:height\" content=\"596\" \/>\n\t<meta property=\"og:image:type\" content=\"image\/jpeg\" \/>\n<meta name=\"twitter:card\" content=\"summary_large_image\" \/>\n<meta name=\"twitter:label1\" content=\"Dur\u00e9e de lecture estim\u00e9e\" \/>\n\t<meta name=\"twitter:data1\" content=\"3 minutes\" \/>\n<script type=\"application\/ld+json\" class=\"yoast-schema-graph\">{\"@context\":\"https:\/\/schema.org\",\"@graph\":[{\"@type\":\"WebPage\",\"@id\":\"https:\/\/www.heartfailurematters.org\/fr\/ce-que-votre-medecin-ou-votre-infirmier-ere-peut-faire\/arni-antagonistes-de-la-neprilysine-et-des-recepteurs-de-langiotensine\/\",\"url\":\"https:\/\/www.heartfailurematters.org\/fr\/ce-que-votre-medecin-ou-votre-infirmier-ere-peut-faire\/arni-antagonistes-de-la-neprilysine-et-des-recepteurs-de-langiotensine\/\",\"name\":\"ARNI (Inhibiteur du r\u00e9cepteur de l'angiotensine-n\u00e9prilysine)\",\"isPartOf\":{\"@id\":\"https:\/\/www.heartfailurematters.org\/fr\/#website\"},\"primaryImageOfPage\":{\"@id\":\"https:\/\/www.heartfailurematters.org\/fr\/ce-que-votre-medecin-ou-votre-infirmier-ere-peut-faire\/arni-antagonistes-de-la-neprilysine-et-des-recepteurs-de-langiotensine\/#primaryimage\"},\"image\":{\"@id\":\"https:\/\/www.heartfailurematters.org\/fr\/ce-que-votre-medecin-ou-votre-infirmier-ere-peut-faire\/arni-antagonistes-de-la-neprilysine-et-des-recepteurs-de-langiotensine\/#primaryimage\"},\"thumbnailUrl\":\"https:\/\/www.heartfailurematters.org\/wp-content\/uploads\/2022\/03\/shutterstock_441673426-1-min.jpg\",\"datePublished\":\"2021-01-27T21:36:13+00:00\",\"dateModified\":\"2023-02-16T14:49:19+00:00\",\"description\":\"Les antagonistes des r\u00e9cepteurs de l'angiotensine\u00a0II (ARA) bloquent l'action de l'angiotensine\u00a0II, une hormone naturellement produite par vos reins. En savoir plus\",\"breadcrumb\":{\"@id\":\"https:\/\/www.heartfailurematters.org\/fr\/ce-que-votre-medecin-ou-votre-infirmier-ere-peut-faire\/arni-antagonistes-de-la-neprilysine-et-des-recepteurs-de-langiotensine\/#breadcrumb\"},\"inLanguage\":\"fr-FR\",\"potentialAction\":[{\"@type\":\"ReadAction\",\"target\":[\"https:\/\/www.heartfailurematters.org\/fr\/ce-que-votre-medecin-ou-votre-infirmier-ere-peut-faire\/arni-antagonistes-de-la-neprilysine-et-des-recepteurs-de-langiotensine\/\"]}]},{\"@type\":\"ImageObject\",\"inLanguage\":\"fr-FR\",\"@id\":\"https:\/\/www.heartfailurematters.org\/fr\/ce-que-votre-medecin-ou-votre-infirmier-ere-peut-faire\/arni-antagonistes-de-la-neprilysine-et-des-recepteurs-de-langiotensine\/#primaryimage\",\"url\":\"https:\/\/www.heartfailurematters.org\/wp-content\/uploads\/2022\/03\/shutterstock_441673426-1-min.jpg\",\"contentUrl\":\"https:\/\/www.heartfailurematters.org\/wp-content\/uploads\/2022\/03\/shutterstock_441673426-1-min.jpg\",\"width\":900,\"height\":596},{\"@type\":\"BreadcrumbList\",\"@id\":\"https:\/\/www.heartfailurematters.org\/fr\/ce-que-votre-medecin-ou-votre-infirmier-ere-peut-faire\/arni-antagonistes-de-la-neprilysine-et-des-recepteurs-de-langiotensine\/#breadcrumb\",\"itemListElement\":[{\"@type\":\"ListItem\",\"position\":1,\"name\":\"Accueil\",\"item\":\"https:\/\/www.heartfailurematters.org\/fr\/\"},{\"@type\":\"ListItem\",\"position\":2,\"name\":\"Ce que votre m\u00e9decin peut faire\",\"item\":\"https:\/\/www.heartfailurematters.org\/fr\/ce-que-votre-medecin-ou-votre-infirmier-ere-peut-faire\/\"},{\"@type\":\"ListItem\",\"position\":3,\"name\":\"Inhibiteur du r\u00e9cepteur de l&#8217;angiotensine-n\u00e9prilysine (ARNi) \u2013 Sacubitril\/Valsartan\"}]},{\"@type\":\"WebSite\",\"@id\":\"https:\/\/www.heartfailurematters.org\/fr\/#website\",\"url\":\"https:\/\/www.heartfailurematters.org\/fr\/\",\"name\":\"Heart Failure Matters\",\"description\":\"Practical information for patients, families and caregivers.\",\"publisher\":{\"@id\":\"https:\/\/www.heartfailurematters.org\/fr\/#organization\"},\"potentialAction\":[{\"@type\":\"SearchAction\",\"target\":{\"@type\":\"EntryPoint\",\"urlTemplate\":\"https:\/\/www.heartfailurematters.org\/fr\/?s={search_term_string}\"},\"query-input\":{\"@type\":\"PropertyValueSpecification\",\"valueRequired\":true,\"valueName\":\"search_term_string\"}}],\"inLanguage\":\"fr-FR\"},{\"@type\":\"Organization\",\"@id\":\"https:\/\/www.heartfailurematters.org\/fr\/#organization\",\"name\":\"Heart Failure Matters\",\"url\":\"https:\/\/www.heartfailurematters.org\/fr\/\",\"logo\":{\"@type\":\"ImageObject\",\"inLanguage\":\"fr-FR\",\"@id\":\"https:\/\/www.heartfailurematters.org\/fr\/#\/schema\/logo\/image\/\",\"url\":\"https:\/\/cdn-endpoint-hfm.azureedge.net\/heartfailurematters\/2024\/07\/hfm-logo1.jpg\",\"contentUrl\":\"https:\/\/cdn-endpoint-hfm.azureedge.net\/heartfailurematters\/2024\/07\/hfm-logo1.jpg\",\"width\":1280,\"height\":720,\"caption\":\"Heart Failure Matters\"},\"image\":{\"@id\":\"https:\/\/www.heartfailurematters.org\/fr\/#\/schema\/logo\/image\/\"},\"sameAs\":[\"https:\/\/www.facebook.com\/heartfailurematters\"]}]}<\/script>\n<!-- \/ Yoast SEO plugin. -->","yoast_head_json":{"title":"ARNI (Inhibiteur du r\u00e9cepteur de l'angiotensine-n\u00e9prilysine)","description":"Les antagonistes des r\u00e9cepteurs de l'angiotensine\u00a0II (ARA) bloquent l'action de l'angiotensine\u00a0II, une hormone naturellement produite par vos reins. En savoir plus","robots":{"index":"index","follow":"follow","max-snippet":"max-snippet:-1","max-image-preview":"max-image-preview:large","max-video-preview":"max-video-preview:-1"},"canonical":"https:\/\/www.heartfailurematters.org\/fr\/ce-que-votre-medecin-ou-votre-infirmier-ere-peut-faire\/arni-antagonistes-de-la-neprilysine-et-des-recepteurs-de-langiotensine\/","og_locale":"fr_FR","og_type":"article","og_title":"ARNI (Inhibiteur du r\u00e9cepteur de l'angiotensine-n\u00e9prilysine)","og_description":"Les antagonistes des r\u00e9cepteurs de l'angiotensine\u00a0II (ARA) bloquent l'action de l'angiotensine\u00a0II, une hormone naturellement produite par vos reins. En savoir plus","og_url":"https:\/\/www.heartfailurematters.org\/fr\/ce-que-votre-medecin-ou-votre-infirmier-ere-peut-faire\/arni-antagonistes-de-la-neprilysine-et-des-recepteurs-de-langiotensine\/","og_site_name":"Heart Failure Matters","article_publisher":"https:\/\/www.facebook.com\/heartfailurematters","article_modified_time":"2023-02-16T14:49:19+00:00","og_image":[{"width":900,"height":596,"url":"https:\/\/www.heartfailurematters.org\/wp-content\/uploads\/2022\/03\/shutterstock_441673426-1-min.jpg","type":"image\/jpeg"}],"twitter_card":"summary_large_image","twitter_misc":{"Dur\u00e9e de lecture estim\u00e9e":"3 minutes"},"schema":{"@context":"https:\/\/schema.org","@graph":[{"@type":"WebPage","@id":"https:\/\/www.heartfailurematters.org\/fr\/ce-que-votre-medecin-ou-votre-infirmier-ere-peut-faire\/arni-antagonistes-de-la-neprilysine-et-des-recepteurs-de-langiotensine\/","url":"https:\/\/www.heartfailurematters.org\/fr\/ce-que-votre-medecin-ou-votre-infirmier-ere-peut-faire\/arni-antagonistes-de-la-neprilysine-et-des-recepteurs-de-langiotensine\/","name":"ARNI (Inhibiteur du r\u00e9cepteur de l'angiotensine-n\u00e9prilysine)","isPartOf":{"@id":"https:\/\/www.heartfailurematters.org\/fr\/#website"},"primaryImageOfPage":{"@id":"https:\/\/www.heartfailurematters.org\/fr\/ce-que-votre-medecin-ou-votre-infirmier-ere-peut-faire\/arni-antagonistes-de-la-neprilysine-et-des-recepteurs-de-langiotensine\/#primaryimage"},"image":{"@id":"https:\/\/www.heartfailurematters.org\/fr\/ce-que-votre-medecin-ou-votre-infirmier-ere-peut-faire\/arni-antagonistes-de-la-neprilysine-et-des-recepteurs-de-langiotensine\/#primaryimage"},"thumbnailUrl":"https:\/\/www.heartfailurematters.org\/wp-content\/uploads\/2022\/03\/shutterstock_441673426-1-min.jpg","datePublished":"2021-01-27T21:36:13+00:00","dateModified":"2023-02-16T14:49:19+00:00","description":"Les antagonistes des r\u00e9cepteurs de l'angiotensine\u00a0II (ARA) bloquent l'action de l'angiotensine\u00a0II, une hormone naturellement produite par vos reins. En savoir plus","breadcrumb":{"@id":"https:\/\/www.heartfailurematters.org\/fr\/ce-que-votre-medecin-ou-votre-infirmier-ere-peut-faire\/arni-antagonistes-de-la-neprilysine-et-des-recepteurs-de-langiotensine\/#breadcrumb"},"inLanguage":"fr-FR","potentialAction":[{"@type":"ReadAction","target":["https:\/\/www.heartfailurematters.org\/fr\/ce-que-votre-medecin-ou-votre-infirmier-ere-peut-faire\/arni-antagonistes-de-la-neprilysine-et-des-recepteurs-de-langiotensine\/"]}]},{"@type":"ImageObject","inLanguage":"fr-FR","@id":"https:\/\/www.heartfailurematters.org\/fr\/ce-que-votre-medecin-ou-votre-infirmier-ere-peut-faire\/arni-antagonistes-de-la-neprilysine-et-des-recepteurs-de-langiotensine\/#primaryimage","url":"https:\/\/www.heartfailurematters.org\/wp-content\/uploads\/2022\/03\/shutterstock_441673426-1-min.jpg","contentUrl":"https:\/\/www.heartfailurematters.org\/wp-content\/uploads\/2022\/03\/shutterstock_441673426-1-min.jpg","width":900,"height":596},{"@type":"BreadcrumbList","@id":"https:\/\/www.heartfailurematters.org\/fr\/ce-que-votre-medecin-ou-votre-infirmier-ere-peut-faire\/arni-antagonistes-de-la-neprilysine-et-des-recepteurs-de-langiotensine\/#breadcrumb","itemListElement":[{"@type":"ListItem","position":1,"name":"Accueil","item":"https:\/\/www.heartfailurematters.org\/fr\/"},{"@type":"ListItem","position":2,"name":"Ce que votre m\u00e9decin peut faire","item":"https:\/\/www.heartfailurematters.org\/fr\/ce-que-votre-medecin-ou-votre-infirmier-ere-peut-faire\/"},{"@type":"ListItem","position":3,"name":"Inhibiteur du r\u00e9cepteur de l&#8217;angiotensine-n\u00e9prilysine (ARNi) \u2013 Sacubitril\/Valsartan"}]},{"@type":"WebSite","@id":"https:\/\/www.heartfailurematters.org\/fr\/#website","url":"https:\/\/www.heartfailurematters.org\/fr\/","name":"Heart Failure Matters","description":"Practical information for patients, families and caregivers.","publisher":{"@id":"https:\/\/www.heartfailurematters.org\/fr\/#organization"},"potentialAction":[{"@type":"SearchAction","target":{"@type":"EntryPoint","urlTemplate":"https:\/\/www.heartfailurematters.org\/fr\/?s={search_term_string}"},"query-input":{"@type":"PropertyValueSpecification","valueRequired":true,"valueName":"search_term_string"}}],"inLanguage":"fr-FR"},{"@type":"Organization","@id":"https:\/\/www.heartfailurematters.org\/fr\/#organization","name":"Heart Failure Matters","url":"https:\/\/www.heartfailurematters.org\/fr\/","logo":{"@type":"ImageObject","inLanguage":"fr-FR","@id":"https:\/\/www.heartfailurematters.org\/fr\/#\/schema\/logo\/image\/","url":"https:\/\/cdn-endpoint-hfm.azureedge.net\/heartfailurematters\/2024\/07\/hfm-logo1.jpg","contentUrl":"https:\/\/cdn-endpoint-hfm.azureedge.net\/heartfailurematters\/2024\/07\/hfm-logo1.jpg","width":1280,"height":720,"caption":"Heart Failure Matters"},"image":{"@id":"https:\/\/www.heartfailurematters.org\/fr\/#\/schema\/logo\/image\/"},"sameAs":["https:\/\/www.facebook.com\/heartfailurematters"]}]}},"_links":{"self":[{"href":"https:\/\/www.heartfailurematters.org\/fr\/wp-json\/wp\/v2\/pages\/473","targetHints":{"allow":["GET"]}}],"collection":[{"href":"https:\/\/www.heartfailurematters.org\/fr\/wp-json\/wp\/v2\/pages"}],"about":[{"href":"https:\/\/www.heartfailurematters.org\/fr\/wp-json\/wp\/v2\/types\/page"}],"author":[{"embeddable":true,"href":"https:\/\/www.heartfailurematters.org\/fr\/wp-json\/wp\/v2\/users\/1"}],"replies":[{"embeddable":true,"href":"https:\/\/www.heartfailurematters.org\/fr\/wp-json\/wp\/v2\/comments?post=473"}],"version-history":[{"count":3,"href":"https:\/\/www.heartfailurematters.org\/fr\/wp-json\/wp\/v2\/pages\/473\/revisions"}],"predecessor-version":[{"id":11396,"href":"https:\/\/www.heartfailurematters.org\/fr\/wp-json\/wp\/v2\/pages\/473\/revisions\/11396"}],"up":[{"embeddable":true,"href":"https:\/\/www.heartfailurematters.org\/fr\/wp-json\/wp\/v2\/pages\/2679"}],"wp:featuredmedia":[{"embeddable":true,"href":"https:\/\/www.heartfailurematters.org\/fr\/wp-json\/wp\/v2\/media\/10868"}],"wp:attachment":[{"href":"https:\/\/www.heartfailurematters.org\/fr\/wp-json\/wp\/v2\/media?parent=473"}],"wp:term":[{"taxonomy":"category","embeddable":true,"href":"https:\/\/www.heartfailurematters.org\/fr\/wp-json\/wp\/v2\/categories?post=473"},{"taxonomy":"post_tag","embeddable":true,"href":"https:\/\/www.heartfailurematters.org\/fr\/wp-json\/wp\/v2\/tags?post=473"}],"curies":[{"name":"wp","href":"https:\/\/api.w.org\/{rel}","templated":true}]}}