{"id":472,"date":"2021-01-27T21:36:13","date_gmt":"2021-01-27T21:36:13","guid":{"rendered":"http:\/\/heartfailurematters.local:8888\/politique-de-confidentialite\/"},"modified":"2021-04-30T12:24:26","modified_gmt":"2021-04-30T11:24:26","slug":"politique-de-confidentialite","status":"publish","type":"page","link":"https:\/\/www.heartfailurematters.org\/fr\/politique-de-confidentialite\/","title":{"rendered":"Politique de confidentialit\u00e9"},"content":{"rendered":"<h2>La Soci\u00e9t\u00e9 Europ\u00e9enne de Cardiologie (SEC) s&rsquo;engage \u00e0 prot\u00e9ger vos donn\u00e9es en ligne. Nous utilisons les informations que nous recueillons pour mieux comprendre la mani\u00e8re dont notre site est utilis\u00e9 et apporter ainsi des am\u00e9liorations au site.<\/h2>\n<p>Veuillez lire les politiques suivantes pour comprendre comment ces informations seront trait\u00e9es. Ces politiques sont susceptibles de changer, veuillez donc les consulter r\u00e9guli\u00e8rement.<\/p>\n<h3>Quelles sont les informations recueillies par la SEC\u00a0?<\/h3>\n<p>La SEC recueille les informations suivantes concernant les visiteurs du site Web\u00a0: quelles pages sont consult\u00e9es et quand, les informations que vous avez fournies volontairement (telles que les informations relatives \u00e0 des sondages).<\/p>\n<h3>Comment la SEC utilise-t-elle ces informations\u00a0?<\/h3>\n<p>Nous utilisons les informations recueillies pour mieux comprendre la mani\u00e8re dont notre site est utilis\u00e9 et y apporter ainsi des am\u00e9liorations.<\/p>\n<p>La SEC peut, \u00e0 l&rsquo;occasion, mettre \u00e0 la disposition de tiers des informations anonymes (telles que les r\u00e9sultats des sondages).<\/p>\n<p>Quelles sont les mesures de s\u00e9curit\u00e9 mises en place pour pr\u00e9venir une perte, une mauvaise utilisation ou une alt\u00e9ration des informations\u00a0? Malheureusement, aucune transmission de donn\u00e9es par Internet n&rsquo;a la garantie d&rsquo;\u00eatre s\u00e9curis\u00e9e \u00e0 100 %. La SEC ne peut assurer ni garantir la s\u00e9curit\u00e9 des donn\u00e9es que vous nous transmettez, et la transmission des donn\u00e9es s&rsquo;effectue \u00e0 vos propres risques et p\u00e9rils. Une fois que nous avons re\u00e7u vos donn\u00e9es, nous mettons tout en \u0153uvre pour assurer leur s\u00e9curit\u00e9 dans nos syst\u00e8mes.<\/p>\n<h3>Utilisation des cookies<\/h3>\n<p>Les cookies sont des informations qu&rsquo;un site Web transf\u00e8re sur le disque dur de votre ordinateur \u00e0 des fins d&rsquo;archivage. Ce sont de petits fichiers texte qu&rsquo;un site Web peut utiliser pour reconna\u00eetre les utilisateurs r\u00e9currents et faciliter leur acc\u00e8s et leur utilisation continus du site. Ils ne constituent pas une menace pour votre syst\u00e8me ou vos fichiers. L&rsquo;utilisation de cookies est une norme accept\u00e9e de l&rsquo;industrie, et de nombreux sites Web s&rsquo;en servent pour fournir des fonctionnalit\u00e9s utiles. Les cookies en eux-m\u00eames n&rsquo;identifient pas personnellement les utilisateurs, mais leur ordinateur. La plupart des navigateurs sont configur\u00e9s initialement pour accepter les cookies. Vous pouvez configurer votre ordinateur pour qu&rsquo;il rejette les cookies.<\/p>\n<p>La Soci\u00e9t\u00e9 Europ\u00e9enne de Cardiologie est une association \u00e0 but non lucratif cr\u00e9\u00e9e en vertu de la loi fran\u00e7aise de 1901 et ax\u00e9e sur la pr\u00e9vention, le diagnostic et la prise en charge des maladies du c\u0153ur et des vaisseaux sanguins.<\/p>\n<p><!-- OneTrust Cookies Settings button start --><\/p>\n<p><a class=\"optanon-show-settings\">Cookie Settings<\/a><\/p>\n<p><!-- OneTrust Cookies Settings button end --><br \/>\n<a><\/a><br \/>\n<!-- OneTrust Cookies List start --><\/p>\n<div id=\"optanon-cookie-policy\"><\/div>\n<p><!-- OneTrust Cookies List end --><\/p>\n","protected":false},"excerpt":{"rendered":"<p>La Soci\u00e9t\u00e9 Europ\u00e9enne de Cardiologie (SEC) s&rsquo;engage \u00e0 prot\u00e9ger vos donn\u00e9es en ligne. Nous utilisons les informations que nous recueillons pour mieux comprendre la mani\u00e8re dont notre site est utilis\u00e9 et apporter ainsi des am\u00e9liorations au site. Veuillez lire les politiques suivantes pour comprendre comment ces informations seront trait\u00e9es. Ces politiques sont susceptibles de changer, [&hellip;]<\/p>\n","protected":false},"author":1,"featured_media":0,"parent":0,"menu_order":0,"comment_status":"open","ping_status":"open","template":"","meta":{"_acf_changed":false,"footnotes":""},"categories":[],"tags":[],"class_list":["post-472","page","type-page","status-publish","hentry"],"acf":[],"yoast_head":"<!-- This site is optimized with the Yoast SEO plugin v24.8.1 - https:\/\/yoast.com\/wordpress\/plugins\/seo\/ -->\n<title>Politique de confidentialit\u00e9<\/title>\n<meta name=\"description\" content=\"La Soci\u00e9t\u00e9 Europ\u00e9enne de Cardiologie (ESC) s\u2019est engag\u00e9e \u00e0 prot\u00e9ger votre vie priv\u00e9e en ligne. Nous utilisons les informations que nous recueillons pour en savoir plus sur l\u2019utilisation de notre site.\" \/>\n<meta name=\"robots\" content=\"index, follow, max-snippet:-1, max-image-preview:large, max-video-preview:-1\" \/>\n<link rel=\"canonical\" href=\"https:\/\/www.heartfailurematters.org\/fr\/politique-de-confidentialite\/\" \/>\n<meta property=\"og:locale\" content=\"fr_FR\" \/>\n<meta property=\"og:type\" content=\"article\" \/>\n<meta property=\"og:title\" content=\"Politique de confidentialit\u00e9\" \/>\n<meta property=\"og:description\" content=\"La Soci\u00e9t\u00e9 Europ\u00e9enne de Cardiologie (ESC) s\u2019est engag\u00e9e \u00e0 prot\u00e9ger votre vie priv\u00e9e en ligne. Nous utilisons les informations que nous recueillons pour en savoir plus sur l\u2019utilisation de notre site.\" \/>\n<meta property=\"og:url\" content=\"https:\/\/www.heartfailurematters.org\/fr\/politique-de-confidentialite\/\" \/>\n<meta property=\"og:site_name\" content=\"Heart Failure Matters\" \/>\n<meta property=\"article:publisher\" content=\"https:\/\/www.facebook.com\/heartfailurematters\" \/>\n<meta property=\"article:modified_time\" content=\"2021-04-30T11:24:26+00:00\" \/>\n<meta name=\"twitter:card\" content=\"summary_large_image\" \/>\n<meta name=\"twitter:label1\" content=\"Dur\u00e9e de lecture estim\u00e9e\" \/>\n\t<meta name=\"twitter:data1\" content=\"2 minutes\" \/>\n<script type=\"application\/ld+json\" class=\"yoast-schema-graph\">{\"@context\":\"https:\/\/schema.org\",\"@graph\":[{\"@type\":\"WebPage\",\"@id\":\"https:\/\/www.heartfailurematters.org\/fr\/politique-de-confidentialite\/\",\"url\":\"https:\/\/www.heartfailurematters.org\/fr\/politique-de-confidentialite\/\",\"name\":\"Politique de confidentialit\u00e9\",\"isPartOf\":{\"@id\":\"https:\/\/www.heartfailurematters.org\/fr\/#website\"},\"datePublished\":\"2021-01-27T21:36:13+00:00\",\"dateModified\":\"2021-04-30T11:24:26+00:00\",\"description\":\"La Soci\u00e9t\u00e9 Europ\u00e9enne de Cardiologie (ESC) s\u2019est engag\u00e9e \u00e0 prot\u00e9ger votre vie priv\u00e9e en ligne. Nous utilisons les informations que nous recueillons pour en savoir plus sur l\u2019utilisation de notre site.\",\"breadcrumb\":{\"@id\":\"https:\/\/www.heartfailurematters.org\/fr\/politique-de-confidentialite\/#breadcrumb\"},\"inLanguage\":\"fr-FR\",\"potentialAction\":[{\"@type\":\"ReadAction\",\"target\":[\"https:\/\/www.heartfailurematters.org\/fr\/politique-de-confidentialite\/\"]}]},{\"@type\":\"BreadcrumbList\",\"@id\":\"https:\/\/www.heartfailurematters.org\/fr\/politique-de-confidentialite\/#breadcrumb\",\"itemListElement\":[{\"@type\":\"ListItem\",\"position\":1,\"name\":\"Accueil\",\"item\":\"https:\/\/www.heartfailurematters.org\/fr\/\"},{\"@type\":\"ListItem\",\"position\":2,\"name\":\"Politique de confidentialit\u00e9\"}]},{\"@type\":\"WebSite\",\"@id\":\"https:\/\/www.heartfailurematters.org\/fr\/#website\",\"url\":\"https:\/\/www.heartfailurematters.org\/fr\/\",\"name\":\"Heart Failure Matters\",\"description\":\"Practical information for patients, families and caregivers.\",\"publisher\":{\"@id\":\"https:\/\/www.heartfailurematters.org\/fr\/#organization\"},\"potentialAction\":[{\"@type\":\"SearchAction\",\"target\":{\"@type\":\"EntryPoint\",\"urlTemplate\":\"https:\/\/www.heartfailurematters.org\/fr\/?s={search_term_string}\"},\"query-input\":{\"@type\":\"PropertyValueSpecification\",\"valueRequired\":true,\"valueName\":\"search_term_string\"}}],\"inLanguage\":\"fr-FR\"},{\"@type\":\"Organization\",\"@id\":\"https:\/\/www.heartfailurematters.org\/fr\/#organization\",\"name\":\"Heart Failure Matters\",\"url\":\"https:\/\/www.heartfailurematters.org\/fr\/\",\"logo\":{\"@type\":\"ImageObject\",\"inLanguage\":\"fr-FR\",\"@id\":\"https:\/\/www.heartfailurematters.org\/fr\/#\/schema\/logo\/image\/\",\"url\":\"https:\/\/cdn-endpoint-hfm.azureedge.net\/heartfailurematters\/2024\/07\/hfm-logo1.jpg\",\"contentUrl\":\"https:\/\/cdn-endpoint-hfm.azureedge.net\/heartfailurematters\/2024\/07\/hfm-logo1.jpg\",\"width\":1280,\"height\":720,\"caption\":\"Heart Failure Matters\"},\"image\":{\"@id\":\"https:\/\/www.heartfailurematters.org\/fr\/#\/schema\/logo\/image\/\"},\"sameAs\":[\"https:\/\/www.facebook.com\/heartfailurematters\"]}]}<\/script>\n<!-- \/ Yoast SEO plugin. -->","yoast_head_json":{"title":"Politique de confidentialit\u00e9","description":"La Soci\u00e9t\u00e9 Europ\u00e9enne de Cardiologie (ESC) s\u2019est engag\u00e9e \u00e0 prot\u00e9ger votre vie priv\u00e9e en ligne. Nous utilisons les informations que nous recueillons pour en savoir plus sur l\u2019utilisation de notre site.","robots":{"index":"index","follow":"follow","max-snippet":"max-snippet:-1","max-image-preview":"max-image-preview:large","max-video-preview":"max-video-preview:-1"},"canonical":"https:\/\/www.heartfailurematters.org\/fr\/politique-de-confidentialite\/","og_locale":"fr_FR","og_type":"article","og_title":"Politique de confidentialit\u00e9","og_description":"La Soci\u00e9t\u00e9 Europ\u00e9enne de Cardiologie (ESC) s\u2019est engag\u00e9e \u00e0 prot\u00e9ger votre vie priv\u00e9e en ligne. Nous utilisons les informations que nous recueillons pour en savoir plus sur l\u2019utilisation de notre site.","og_url":"https:\/\/www.heartfailurematters.org\/fr\/politique-de-confidentialite\/","og_site_name":"Heart Failure Matters","article_publisher":"https:\/\/www.facebook.com\/heartfailurematters","article_modified_time":"2021-04-30T11:24:26+00:00","twitter_card":"summary_large_image","twitter_misc":{"Dur\u00e9e de lecture estim\u00e9e":"2 minutes"},"schema":{"@context":"https:\/\/schema.org","@graph":[{"@type":"WebPage","@id":"https:\/\/www.heartfailurematters.org\/fr\/politique-de-confidentialite\/","url":"https:\/\/www.heartfailurematters.org\/fr\/politique-de-confidentialite\/","name":"Politique de confidentialit\u00e9","isPartOf":{"@id":"https:\/\/www.heartfailurematters.org\/fr\/#website"},"datePublished":"2021-01-27T21:36:13+00:00","dateModified":"2021-04-30T11:24:26+00:00","description":"La Soci\u00e9t\u00e9 Europ\u00e9enne de Cardiologie (ESC) s\u2019est engag\u00e9e \u00e0 prot\u00e9ger votre vie priv\u00e9e en ligne. Nous utilisons les informations que nous recueillons pour en savoir plus sur l\u2019utilisation de notre site.","breadcrumb":{"@id":"https:\/\/www.heartfailurematters.org\/fr\/politique-de-confidentialite\/#breadcrumb"},"inLanguage":"fr-FR","potentialAction":[{"@type":"ReadAction","target":["https:\/\/www.heartfailurematters.org\/fr\/politique-de-confidentialite\/"]}]},{"@type":"BreadcrumbList","@id":"https:\/\/www.heartfailurematters.org\/fr\/politique-de-confidentialite\/#breadcrumb","itemListElement":[{"@type":"ListItem","position":1,"name":"Accueil","item":"https:\/\/www.heartfailurematters.org\/fr\/"},{"@type":"ListItem","position":2,"name":"Politique de confidentialit\u00e9"}]},{"@type":"WebSite","@id":"https:\/\/www.heartfailurematters.org\/fr\/#website","url":"https:\/\/www.heartfailurematters.org\/fr\/","name":"Heart Failure Matters","description":"Practical information for patients, families and caregivers.","publisher":{"@id":"https:\/\/www.heartfailurematters.org\/fr\/#organization"},"potentialAction":[{"@type":"SearchAction","target":{"@type":"EntryPoint","urlTemplate":"https:\/\/www.heartfailurematters.org\/fr\/?s={search_term_string}"},"query-input":{"@type":"PropertyValueSpecification","valueRequired":true,"valueName":"search_term_string"}}],"inLanguage":"fr-FR"},{"@type":"Organization","@id":"https:\/\/www.heartfailurematters.org\/fr\/#organization","name":"Heart Failure Matters","url":"https:\/\/www.heartfailurematters.org\/fr\/","logo":{"@type":"ImageObject","inLanguage":"fr-FR","@id":"https:\/\/www.heartfailurematters.org\/fr\/#\/schema\/logo\/image\/","url":"https:\/\/cdn-endpoint-hfm.azureedge.net\/heartfailurematters\/2024\/07\/hfm-logo1.jpg","contentUrl":"https:\/\/cdn-endpoint-hfm.azureedge.net\/heartfailurematters\/2024\/07\/hfm-logo1.jpg","width":1280,"height":720,"caption":"Heart Failure Matters"},"image":{"@id":"https:\/\/www.heartfailurematters.org\/fr\/#\/schema\/logo\/image\/"},"sameAs":["https:\/\/www.facebook.com\/heartfailurematters"]}]}},"_links":{"self":[{"href":"https:\/\/www.heartfailurematters.org\/fr\/wp-json\/wp\/v2\/pages\/472","targetHints":{"allow":["GET"]}}],"collection":[{"href":"https:\/\/www.heartfailurematters.org\/fr\/wp-json\/wp\/v2\/pages"}],"about":[{"href":"https:\/\/www.heartfailurematters.org\/fr\/wp-json\/wp\/v2\/types\/page"}],"author":[{"embeddable":true,"href":"https:\/\/www.heartfailurematters.org\/fr\/wp-json\/wp\/v2\/users\/1"}],"replies":[{"embeddable":true,"href":"https:\/\/www.heartfailurematters.org\/fr\/wp-json\/wp\/v2\/comments?post=472"}],"version-history":[{"count":1,"href":"https:\/\/www.heartfailurematters.org\/fr\/wp-json\/wp\/v2\/pages\/472\/revisions"}],"predecessor-version":[{"id":8875,"href":"https:\/\/www.heartfailurematters.org\/fr\/wp-json\/wp\/v2\/pages\/472\/revisions\/8875"}],"wp:attachment":[{"href":"https:\/\/www.heartfailurematters.org\/fr\/wp-json\/wp\/v2\/media?parent=472"}],"wp:term":[{"taxonomy":"category","embeddable":true,"href":"https:\/\/www.heartfailurematters.org\/fr\/wp-json\/wp\/v2\/categories?post=472"},{"taxonomy":"post_tag","embeddable":true,"href":"https:\/\/www.heartfailurematters.org\/fr\/wp-json\/wp\/v2\/tags?post=472"}],"curies":[{"name":"wp","href":"https:\/\/api.w.org\/{rel}","templated":true}]}}