{"id":471,"date":"2021-01-27T21:36:13","date_gmt":"2021-01-27T21:36:13","guid":{"rendered":"http:\/\/heartfailurematters.local:8888\/questions-a-poser-a-votre-medecin-pharmacien-ou-infirmiere-au-sujet-de-vos-medicaments-2\/"},"modified":"2021-01-27T21:36:13","modified_gmt":"2021-01-27T21:36:13","slug":"questions-a-poser-a-votre-medecin-pharmacien-ou-infirmiere-au-sujet-de-vos-medicaments","status":"publish","type":"page","link":"https:\/\/www.heartfailurematters.org\/fr\/ce-que-votre-medecin-ou-votre-infirmier-ere-peut-faire\/questions-a-poser-a-votre-medecin-pharmacien-ou-infirmiere-au-sujet-de-vos-medicaments\/","title":{"rendered":"Questions \u00e0 poser \u00e0 votre m\u00e9decin, pharmacien ou infirmi\u00e8re au sujet de vos m\u00e9dicaments"},"content":{"rendered":"<ul>\n<li>Quels sont mes m&eacute;dicaments&nbsp;?<\/li>\n<li>Quels sont les effets secondaires associ&eacute;s &agrave; mes m&eacute;dicaments&nbsp;?<\/li>\n<li>Comment agissent-ils sur l&rsquo;insuffisance cardiaque&nbsp;? Que puis-je faire pour r&eacute;duire les effets secondaires&nbsp;?<\/li>\n<li>Que se passe-t-il si j&rsquo;oublie de prendre une dose&nbsp;?<\/li>\n<li>Qu&rsquo;est-ce que je ne dois pas manger ni boire pendant mon traitement avec ce m&eacute;dicament&nbsp;?<\/li>\n<li>&Agrave; quel moment de la journ&eacute;e (c&rsquo;-&agrave;-d. le matin ou le soir) devrai-je prendre mon m&eacute;dicament&nbsp;?<\/li>\n<li>Quand devrai-je revenir pour plus d&rsquo;analyses de sang&nbsp;?<\/li>\n<\/ul>\n<p><a title=\"\" href=\"https:\/\/www.heartfailurematters.org\/fr\/ce-que-votre-medecin-ou-votre-infirmier-ere-peut-faire\/medicaments-contre-linsuffisance-cardiaque\/\">Retourner &agrave; la rubrique &laquo;&nbsp;Les m&eacute;dicaments contre l&rsquo;insuffisance cardiaque&nbsp;&raquo;<\/a><\/p>\n","protected":false},"excerpt":{"rendered":"<p>Quels sont mes m&eacute;dicaments&nbsp;? Quels sont les effets secondaires associ&eacute;s &agrave; mes m&eacute;dicaments&nbsp;? Comment agissent-ils sur l&rsquo;insuffisance cardiaque&nbsp;? Que puis-je faire pour r&eacute;duire les effets secondaires&nbsp;? Que se passe-t-il si j&rsquo;oublie de prendre une dose&nbsp;? Qu&rsquo;est-ce que je ne dois pas manger ni boire pendant mon traitement avec ce m&eacute;dicament&nbsp;? &Agrave; quel moment de la [&hellip;]<\/p>\n","protected":false},"author":1,"featured_media":0,"parent":2679,"menu_order":0,"comment_status":"open","ping_status":"open","template":"","meta":{"_acf_changed":false,"footnotes":""},"categories":[],"tags":[],"class_list":["post-471","page","type-page","status-publish","hentry"],"acf":[],"yoast_head":"<!-- This site is optimized with the Yoast SEO plugin v24.8.1 - https:\/\/yoast.com\/wordpress\/plugins\/seo\/ -->\n<title>Questions \u00e0 poser \u00e0 votre m\u00e9decin, pharmacien ou infirmi\u00e8re au sujet de vos m\u00e9dicaments - Heart Failure Matters<\/title>\n<meta name=\"description\" content=\"Vous trouverez ici une liste de questions que vous voudrez peut-\u00eatre poser \u00e0 votre m\u00e9decin ou \u00e0 votre infirmier\/\u00e8re concernant vos m\u00e9dicaments contre l&#039;insuffisance cardiaque.\" \/>\n<meta name=\"robots\" content=\"index, follow, max-snippet:-1, max-image-preview:large, max-video-preview:-1\" \/>\n<link rel=\"canonical\" href=\"https:\/\/www.heartfailurematters.org\/fr\/ce-que-votre-medecin-ou-votre-infirmier-ere-peut-faire\/questions-a-poser-a-votre-medecin-pharmacien-ou-infirmiere-au-sujet-de-vos-medicaments\/\" \/>\n<meta property=\"og:locale\" content=\"fr_FR\" \/>\n<meta property=\"og:type\" content=\"article\" \/>\n<meta property=\"og:title\" content=\"Questions \u00e0 poser \u00e0 votre m\u00e9decin, pharmacien ou infirmi\u00e8re au sujet de vos m\u00e9dicaments - Heart Failure Matters\" \/>\n<meta property=\"og:description\" content=\"Vous trouverez ici une liste de questions que vous voudrez peut-\u00eatre poser \u00e0 votre m\u00e9decin ou \u00e0 votre infirmier\/\u00e8re concernant vos m\u00e9dicaments contre l&#039;insuffisance cardiaque.\" \/>\n<meta property=\"og:url\" content=\"https:\/\/www.heartfailurematters.org\/fr\/ce-que-votre-medecin-ou-votre-infirmier-ere-peut-faire\/questions-a-poser-a-votre-medecin-pharmacien-ou-infirmiere-au-sujet-de-vos-medicaments\/\" \/>\n<meta property=\"og:site_name\" content=\"Heart Failure Matters\" \/>\n<meta property=\"article:publisher\" content=\"https:\/\/www.facebook.com\/heartfailurematters\" \/>\n<meta name=\"twitter:card\" content=\"summary_large_image\" \/>\n<meta name=\"twitter:label1\" content=\"Dur\u00e9e de lecture estim\u00e9e\" \/>\n\t<meta name=\"twitter:data1\" content=\"1 minute\" \/>\n<script type=\"application\/ld+json\" class=\"yoast-schema-graph\">{\"@context\":\"https:\/\/schema.org\",\"@graph\":[{\"@type\":\"WebPage\",\"@id\":\"https:\/\/www.heartfailurematters.org\/fr\/ce-que-votre-medecin-ou-votre-infirmier-ere-peut-faire\/questions-a-poser-a-votre-medecin-pharmacien-ou-infirmiere-au-sujet-de-vos-medicaments\/\",\"url\":\"https:\/\/www.heartfailurematters.org\/fr\/ce-que-votre-medecin-ou-votre-infirmier-ere-peut-faire\/questions-a-poser-a-votre-medecin-pharmacien-ou-infirmiere-au-sujet-de-vos-medicaments\/\",\"name\":\"Questions \u00e0 poser \u00e0 votre m\u00e9decin, pharmacien ou infirmi\u00e8re au sujet de vos m\u00e9dicaments - Heart Failure Matters\",\"isPartOf\":{\"@id\":\"https:\/\/www.heartfailurematters.org\/fr\/#website\"},\"datePublished\":\"2021-01-27T21:36:13+00:00\",\"description\":\"Vous trouverez ici une liste de questions que vous voudrez peut-\u00eatre poser \u00e0 votre m\u00e9decin ou \u00e0 votre infirmier\/\u00e8re concernant vos m\u00e9dicaments contre l'insuffisance cardiaque.\",\"breadcrumb\":{\"@id\":\"https:\/\/www.heartfailurematters.org\/fr\/ce-que-votre-medecin-ou-votre-infirmier-ere-peut-faire\/questions-a-poser-a-votre-medecin-pharmacien-ou-infirmiere-au-sujet-de-vos-medicaments\/#breadcrumb\"},\"inLanguage\":\"fr-FR\",\"potentialAction\":[{\"@type\":\"ReadAction\",\"target\":[\"https:\/\/www.heartfailurematters.org\/fr\/ce-que-votre-medecin-ou-votre-infirmier-ere-peut-faire\/questions-a-poser-a-votre-medecin-pharmacien-ou-infirmiere-au-sujet-de-vos-medicaments\/\"]}]},{\"@type\":\"BreadcrumbList\",\"@id\":\"https:\/\/www.heartfailurematters.org\/fr\/ce-que-votre-medecin-ou-votre-infirmier-ere-peut-faire\/questions-a-poser-a-votre-medecin-pharmacien-ou-infirmiere-au-sujet-de-vos-medicaments\/#breadcrumb\",\"itemListElement\":[{\"@type\":\"ListItem\",\"position\":1,\"name\":\"Accueil\",\"item\":\"https:\/\/www.heartfailurematters.org\/fr\/\"},{\"@type\":\"ListItem\",\"position\":2,\"name\":\"Ce que votre m\u00e9decin peut faire\",\"item\":\"https:\/\/www.heartfailurematters.org\/fr\/ce-que-votre-medecin-ou-votre-infirmier-ere-peut-faire\/\"},{\"@type\":\"ListItem\",\"position\":3,\"name\":\"Questions \u00e0 poser \u00e0 votre m\u00e9decin, pharmacien ou infirmi\u00e8re au sujet de vos m\u00e9dicaments\"}]},{\"@type\":\"WebSite\",\"@id\":\"https:\/\/www.heartfailurematters.org\/fr\/#website\",\"url\":\"https:\/\/www.heartfailurematters.org\/fr\/\",\"name\":\"Heart Failure Matters\",\"description\":\"Practical information for patients, families and caregivers.\",\"publisher\":{\"@id\":\"https:\/\/www.heartfailurematters.org\/fr\/#organization\"},\"potentialAction\":[{\"@type\":\"SearchAction\",\"target\":{\"@type\":\"EntryPoint\",\"urlTemplate\":\"https:\/\/www.heartfailurematters.org\/fr\/?s={search_term_string}\"},\"query-input\":{\"@type\":\"PropertyValueSpecification\",\"valueRequired\":true,\"valueName\":\"search_term_string\"}}],\"inLanguage\":\"fr-FR\"},{\"@type\":\"Organization\",\"@id\":\"https:\/\/www.heartfailurematters.org\/fr\/#organization\",\"name\":\"Heart Failure Matters\",\"url\":\"https:\/\/www.heartfailurematters.org\/fr\/\",\"logo\":{\"@type\":\"ImageObject\",\"inLanguage\":\"fr-FR\",\"@id\":\"https:\/\/www.heartfailurematters.org\/fr\/#\/schema\/logo\/image\/\",\"url\":\"https:\/\/cdn-endpoint-hfm.azureedge.net\/heartfailurematters\/2024\/07\/hfm-logo1.jpg\",\"contentUrl\":\"https:\/\/cdn-endpoint-hfm.azureedge.net\/heartfailurematters\/2024\/07\/hfm-logo1.jpg\",\"width\":1280,\"height\":720,\"caption\":\"Heart Failure Matters\"},\"image\":{\"@id\":\"https:\/\/www.heartfailurematters.org\/fr\/#\/schema\/logo\/image\/\"},\"sameAs\":[\"https:\/\/www.facebook.com\/heartfailurematters\"]}]}<\/script>\n<!-- \/ Yoast SEO plugin. -->","yoast_head_json":{"title":"Questions \u00e0 poser \u00e0 votre m\u00e9decin, pharmacien ou infirmi\u00e8re au sujet de vos m\u00e9dicaments - Heart Failure Matters","description":"Vous trouverez ici une liste de questions que vous voudrez peut-\u00eatre poser \u00e0 votre m\u00e9decin ou \u00e0 votre infirmier\/\u00e8re concernant vos m\u00e9dicaments contre l'insuffisance cardiaque.","robots":{"index":"index","follow":"follow","max-snippet":"max-snippet:-1","max-image-preview":"max-image-preview:large","max-video-preview":"max-video-preview:-1"},"canonical":"https:\/\/www.heartfailurematters.org\/fr\/ce-que-votre-medecin-ou-votre-infirmier-ere-peut-faire\/questions-a-poser-a-votre-medecin-pharmacien-ou-infirmiere-au-sujet-de-vos-medicaments\/","og_locale":"fr_FR","og_type":"article","og_title":"Questions \u00e0 poser \u00e0 votre m\u00e9decin, pharmacien ou infirmi\u00e8re au sujet de vos m\u00e9dicaments - Heart Failure Matters","og_description":"Vous trouverez ici une liste de questions que vous voudrez peut-\u00eatre poser \u00e0 votre m\u00e9decin ou \u00e0 votre infirmier\/\u00e8re concernant vos m\u00e9dicaments contre l'insuffisance cardiaque.","og_url":"https:\/\/www.heartfailurematters.org\/fr\/ce-que-votre-medecin-ou-votre-infirmier-ere-peut-faire\/questions-a-poser-a-votre-medecin-pharmacien-ou-infirmiere-au-sujet-de-vos-medicaments\/","og_site_name":"Heart Failure Matters","article_publisher":"https:\/\/www.facebook.com\/heartfailurematters","twitter_card":"summary_large_image","twitter_misc":{"Dur\u00e9e de lecture estim\u00e9e":"1 minute"},"schema":{"@context":"https:\/\/schema.org","@graph":[{"@type":"WebPage","@id":"https:\/\/www.heartfailurematters.org\/fr\/ce-que-votre-medecin-ou-votre-infirmier-ere-peut-faire\/questions-a-poser-a-votre-medecin-pharmacien-ou-infirmiere-au-sujet-de-vos-medicaments\/","url":"https:\/\/www.heartfailurematters.org\/fr\/ce-que-votre-medecin-ou-votre-infirmier-ere-peut-faire\/questions-a-poser-a-votre-medecin-pharmacien-ou-infirmiere-au-sujet-de-vos-medicaments\/","name":"Questions \u00e0 poser \u00e0 votre m\u00e9decin, pharmacien ou infirmi\u00e8re au sujet de vos m\u00e9dicaments - Heart Failure Matters","isPartOf":{"@id":"https:\/\/www.heartfailurematters.org\/fr\/#website"},"datePublished":"2021-01-27T21:36:13+00:00","description":"Vous trouverez ici une liste de questions que vous voudrez peut-\u00eatre poser \u00e0 votre m\u00e9decin ou \u00e0 votre infirmier\/\u00e8re concernant vos m\u00e9dicaments contre l'insuffisance cardiaque.","breadcrumb":{"@id":"https:\/\/www.heartfailurematters.org\/fr\/ce-que-votre-medecin-ou-votre-infirmier-ere-peut-faire\/questions-a-poser-a-votre-medecin-pharmacien-ou-infirmiere-au-sujet-de-vos-medicaments\/#breadcrumb"},"inLanguage":"fr-FR","potentialAction":[{"@type":"ReadAction","target":["https:\/\/www.heartfailurematters.org\/fr\/ce-que-votre-medecin-ou-votre-infirmier-ere-peut-faire\/questions-a-poser-a-votre-medecin-pharmacien-ou-infirmiere-au-sujet-de-vos-medicaments\/"]}]},{"@type":"BreadcrumbList","@id":"https:\/\/www.heartfailurematters.org\/fr\/ce-que-votre-medecin-ou-votre-infirmier-ere-peut-faire\/questions-a-poser-a-votre-medecin-pharmacien-ou-infirmiere-au-sujet-de-vos-medicaments\/#breadcrumb","itemListElement":[{"@type":"ListItem","position":1,"name":"Accueil","item":"https:\/\/www.heartfailurematters.org\/fr\/"},{"@type":"ListItem","position":2,"name":"Ce que votre m\u00e9decin peut faire","item":"https:\/\/www.heartfailurematters.org\/fr\/ce-que-votre-medecin-ou-votre-infirmier-ere-peut-faire\/"},{"@type":"ListItem","position":3,"name":"Questions \u00e0 poser \u00e0 votre m\u00e9decin, pharmacien ou infirmi\u00e8re au sujet de vos m\u00e9dicaments"}]},{"@type":"WebSite","@id":"https:\/\/www.heartfailurematters.org\/fr\/#website","url":"https:\/\/www.heartfailurematters.org\/fr\/","name":"Heart Failure Matters","description":"Practical information for patients, families and caregivers.","publisher":{"@id":"https:\/\/www.heartfailurematters.org\/fr\/#organization"},"potentialAction":[{"@type":"SearchAction","target":{"@type":"EntryPoint","urlTemplate":"https:\/\/www.heartfailurematters.org\/fr\/?s={search_term_string}"},"query-input":{"@type":"PropertyValueSpecification","valueRequired":true,"valueName":"search_term_string"}}],"inLanguage":"fr-FR"},{"@type":"Organization","@id":"https:\/\/www.heartfailurematters.org\/fr\/#organization","name":"Heart Failure Matters","url":"https:\/\/www.heartfailurematters.org\/fr\/","logo":{"@type":"ImageObject","inLanguage":"fr-FR","@id":"https:\/\/www.heartfailurematters.org\/fr\/#\/schema\/logo\/image\/","url":"https:\/\/cdn-endpoint-hfm.azureedge.net\/heartfailurematters\/2024\/07\/hfm-logo1.jpg","contentUrl":"https:\/\/cdn-endpoint-hfm.azureedge.net\/heartfailurematters\/2024\/07\/hfm-logo1.jpg","width":1280,"height":720,"caption":"Heart Failure Matters"},"image":{"@id":"https:\/\/www.heartfailurematters.org\/fr\/#\/schema\/logo\/image\/"},"sameAs":["https:\/\/www.facebook.com\/heartfailurematters"]}]}},"_links":{"self":[{"href":"https:\/\/www.heartfailurematters.org\/fr\/wp-json\/wp\/v2\/pages\/471","targetHints":{"allow":["GET"]}}],"collection":[{"href":"https:\/\/www.heartfailurematters.org\/fr\/wp-json\/wp\/v2\/pages"}],"about":[{"href":"https:\/\/www.heartfailurematters.org\/fr\/wp-json\/wp\/v2\/types\/page"}],"author":[{"embeddable":true,"href":"https:\/\/www.heartfailurematters.org\/fr\/wp-json\/wp\/v2\/users\/1"}],"replies":[{"embeddable":true,"href":"https:\/\/www.heartfailurematters.org\/fr\/wp-json\/wp\/v2\/comments?post=471"}],"version-history":[{"count":0,"href":"https:\/\/www.heartfailurematters.org\/fr\/wp-json\/wp\/v2\/pages\/471\/revisions"}],"up":[{"embeddable":true,"href":"https:\/\/www.heartfailurematters.org\/fr\/wp-json\/wp\/v2\/pages\/2679"}],"wp:attachment":[{"href":"https:\/\/www.heartfailurematters.org\/fr\/wp-json\/wp\/v2\/media?parent=471"}],"wp:term":[{"taxonomy":"category","embeddable":true,"href":"https:\/\/www.heartfailurematters.org\/fr\/wp-json\/wp\/v2\/categories?post=471"},{"taxonomy":"post_tag","embeddable":true,"href":"https:\/\/www.heartfailurematters.org\/fr\/wp-json\/wp\/v2\/tags?post=471"}],"curies":[{"name":"wp","href":"https:\/\/api.w.org\/{rel}","templated":true}]}}