{"id":470,"date":"2021-01-27T21:36:09","date_gmt":"2021-01-27T21:36:09","guid":{"rendered":"http:\/\/heartfailurematters.local:8888\/radiographie-pulmonaire\/"},"modified":"2021-07-19T11:08:09","modified_gmt":"2021-07-19T10:08:09","slug":"radiographie-pulmonaire","status":"publish","type":"page","link":"https:\/\/www.heartfailurematters.org\/fr\/comprendre-linsuffisance-cardiaque\/radiographie-pulmonaire\/","title":{"rendered":"Radiographie pulmonaire"},"content":{"rendered":"<p>Une\u00a0<a class=\"addtooltip\" title=\"Examen consistant \u00e0 photographier le thorax (poitrine), comprenant les poumons, le c\u0153ur, les vaisseaux sanguins et la colonne vert\u00e9brale. En cas d\u2019insuffisance cardiaque, la radiographie thoracique est utilis\u00e9e pour d\u00e9tecter des signes de congestion, d'infection ou d'accumulation de liquide.\"><strong>Radiographie pulmonaire<\/strong><\/a>\u00a0est une sorte de photographie du c\u0153ur, des poumons, des vaisseaux sanguins et des os de la colonne <span style=\"font-weight: 400;\">vert\u00e9brale<\/span> et de la poitrine. Cet examen ne montre aucun d\u00e9tail sp\u00e9cifique du c\u0153ur et seules des modifications g\u00e9n\u00e9rales de la forme et de la taille du c\u0153ur seront donc visualis\u00e9es.<\/p>\n<p><span style=\"font-weight: 400;\">Vous devrez vous rendre au service de radiologie de votre h\u00f4pital ou du cabinet du radiologue<\/span><span style=\"font-weight: 400;\">, o\u00f9 on vous demandera de vous tenir debout, la poitrine coll\u00e9e contre une plaque de photographie, de prendre une profonde inspiration<\/span> <span style=\"font-weight: 400;\">et rester immobile. Cet examen est indolore et inoffensif et la quantit\u00e9 d\u2019irradiation est faible. Cependant, la plaque photographique peut \u00eatre froide, ce qui pourrait \u00eatre g\u00eanant. En appuyant sur un bouton, le radiologue d\u00e9clenche l\u2019envoi d\u2019un faisceau de rayons X vers la plaque photographique.<\/span><\/p>\n<p>Peu de temps apr\u00e8s, votre radiographie sera pr\u00eate. Le m\u00e9decin pourra voir si votre c\u0153ur a augment\u00e9 de volume ou s\u2019il y a des signes de <a class=\"addtooltip\" title=\"Exc\u00e8s de liquide dans une partie du corps.\"><strong>congestion<\/strong><\/a> ou d\u2019infection pulmonaire. De plus, la radiographie pulmonaire peut r\u00e9v\u00e9ler des maladies pulmonaires pouvant expliquer des sympt\u00f4mes similaires \u00e0 ceux \u00e9prouv\u00e9s par des patients atteints d\u2019insuffisance cardiaque.<\/p>\n<p><a href=\"https:\/\/www.heartfailurematters.org\/fr\/comprendre-linsuffisance-cardiaque\/examens-frequemment-utilises-pour-deceler-une-insuffisance-cardiaque\/\">Retourner \u00e0 la rubrique \u00ab\u00a0Examens fr\u00e9quemment utilis\u00e9s pour d\u00e9celer une insuffisance cardiaque\u00a0\u00bb<\/a><\/p>\n","protected":false},"excerpt":{"rendered":"<p>Une\u00a0Radiographie pulmonaire\u00a0est une sorte de photographie du c\u0153ur, des poumons, des vaisseaux sanguins et des os de la colonne vert\u00e9brale et de la poitrine. Cet examen ne montre aucun d\u00e9tail sp\u00e9cifique du c\u0153ur et seules des modifications g\u00e9n\u00e9rales de la forme et de la taille du c\u0153ur seront donc visualis\u00e9es. Vous devrez vous rendre au [&hellip;]<\/p>\n","protected":false},"author":1,"featured_media":10636,"parent":307,"menu_order":0,"comment_status":"open","ping_status":"open","template":"","meta":{"_acf_changed":false,"footnotes":""},"categories":[],"tags":[],"class_list":["post-470","page","type-page","status-publish","has-post-thumbnail","hentry"],"acf":[],"yoast_head":"<!-- This site is optimized with the Yoast SEO plugin v24.8.1 - https:\/\/yoast.com\/wordpress\/plugins\/seo\/ -->\n<title>Radiographie du thorax pour d\u00e9celer l&#039;insuffisance cardiaque<\/title>\n<meta name=\"description\" content=\"Une radiographie du thorax est un type de photographie du c\u0153ur, des poumons, des vaisseaux sanguins et des os de la colonne vert\u00e9brale et du thorax. Elle ne donne pas d&#039;informations sp\u00e9cifiques sur le c\u0153ur et seuls des changements d&#039;ordre g\u00e9n\u00e9ral sur la forme et la taille peuvent \u00eatre observ\u00e9s.\" \/>\n<meta name=\"robots\" content=\"index, follow, max-snippet:-1, max-image-preview:large, max-video-preview:-1\" \/>\n<link rel=\"canonical\" href=\"https:\/\/www.heartfailurematters.org\/fr\/comprendre-linsuffisance-cardiaque\/radiographie-pulmonaire\/\" \/>\n<meta property=\"og:locale\" content=\"fr_FR\" \/>\n<meta property=\"og:type\" content=\"article\" \/>\n<meta property=\"og:title\" content=\"Radiographie du thorax pour d\u00e9celer l&#039;insuffisance cardiaque\" \/>\n<meta property=\"og:description\" content=\"Une radiographie du thorax est un type de photographie du c\u0153ur, des poumons, des vaisseaux sanguins et des os de la colonne vert\u00e9brale et du thorax. Elle ne donne pas d&#039;informations sp\u00e9cifiques sur le c\u0153ur et seuls des changements d&#039;ordre g\u00e9n\u00e9ral sur la forme et la taille peuvent \u00eatre observ\u00e9s.\" \/>\n<meta property=\"og:url\" content=\"https:\/\/www.heartfailurematters.org\/fr\/comprendre-linsuffisance-cardiaque\/radiographie-pulmonaire\/\" \/>\n<meta property=\"og:site_name\" content=\"Heart Failure Matters\" \/>\n<meta property=\"article:publisher\" content=\"https:\/\/www.facebook.com\/heartfailurematters\" \/>\n<meta property=\"article:modified_time\" content=\"2021-07-19T10:08:09+00:00\" \/>\n<meta property=\"og:image\" content=\"https:\/\/www.heartfailurematters.org\/wp-content\/uploads\/2022\/02\/shutterstock_560923156-1-min.jpg\" \/>\n\t<meta property=\"og:image:width\" content=\"900\" \/>\n\t<meta property=\"og:image:height\" content=\"558\" \/>\n\t<meta property=\"og:image:type\" content=\"image\/jpeg\" \/>\n<meta name=\"twitter:card\" content=\"summary_large_image\" \/>\n<meta name=\"twitter:label1\" content=\"Dur\u00e9e de lecture estim\u00e9e\" \/>\n\t<meta name=\"twitter:data1\" content=\"1 minute\" \/>\n<script type=\"application\/ld+json\" class=\"yoast-schema-graph\">{\"@context\":\"https:\/\/schema.org\",\"@graph\":[{\"@type\":\"WebPage\",\"@id\":\"https:\/\/www.heartfailurematters.org\/fr\/comprendre-linsuffisance-cardiaque\/radiographie-pulmonaire\/\",\"url\":\"https:\/\/www.heartfailurematters.org\/fr\/comprendre-linsuffisance-cardiaque\/radiographie-pulmonaire\/\",\"name\":\"Radiographie du thorax pour d\u00e9celer l'insuffisance cardiaque\",\"isPartOf\":{\"@id\":\"https:\/\/www.heartfailurematters.org\/fr\/#website\"},\"primaryImageOfPage\":{\"@id\":\"https:\/\/www.heartfailurematters.org\/fr\/comprendre-linsuffisance-cardiaque\/radiographie-pulmonaire\/#primaryimage\"},\"image\":{\"@id\":\"https:\/\/www.heartfailurematters.org\/fr\/comprendre-linsuffisance-cardiaque\/radiographie-pulmonaire\/#primaryimage\"},\"thumbnailUrl\":\"https:\/\/www.heartfailurematters.org\/wp-content\/uploads\/2022\/02\/shutterstock_560923156-1-min.jpg\",\"datePublished\":\"2021-01-27T21:36:09+00:00\",\"dateModified\":\"2021-07-19T10:08:09+00:00\",\"description\":\"Une radiographie du thorax est un type de photographie du c\u0153ur, des poumons, des vaisseaux sanguins et des os de la colonne vert\u00e9brale et du thorax. Elle ne donne pas d'informations sp\u00e9cifiques sur le c\u0153ur et seuls des changements d'ordre g\u00e9n\u00e9ral sur la forme et la taille peuvent \u00eatre observ\u00e9s.\",\"breadcrumb\":{\"@id\":\"https:\/\/www.heartfailurematters.org\/fr\/comprendre-linsuffisance-cardiaque\/radiographie-pulmonaire\/#breadcrumb\"},\"inLanguage\":\"fr-FR\",\"potentialAction\":[{\"@type\":\"ReadAction\",\"target\":[\"https:\/\/www.heartfailurematters.org\/fr\/comprendre-linsuffisance-cardiaque\/radiographie-pulmonaire\/\"]}]},{\"@type\":\"ImageObject\",\"inLanguage\":\"fr-FR\",\"@id\":\"https:\/\/www.heartfailurematters.org\/fr\/comprendre-linsuffisance-cardiaque\/radiographie-pulmonaire\/#primaryimage\",\"url\":\"https:\/\/www.heartfailurematters.org\/wp-content\/uploads\/2022\/02\/shutterstock_560923156-1-min.jpg\",\"contentUrl\":\"https:\/\/www.heartfailurematters.org\/wp-content\/uploads\/2022\/02\/shutterstock_560923156-1-min.jpg\",\"width\":900,\"height\":558},{\"@type\":\"BreadcrumbList\",\"@id\":\"https:\/\/www.heartfailurematters.org\/fr\/comprendre-linsuffisance-cardiaque\/radiographie-pulmonaire\/#breadcrumb\",\"itemListElement\":[{\"@type\":\"ListItem\",\"position\":1,\"name\":\"Accueil\",\"item\":\"https:\/\/www.heartfailurematters.org\/fr\/\"},{\"@type\":\"ListItem\",\"position\":2,\"name\":\"Comprendre l&#8217;insuffisance cardiaque\",\"item\":\"https:\/\/www.heartfailurematters.org\/fr\/comprendre-linsuffisance-cardiaque\/\"},{\"@type\":\"ListItem\",\"position\":3,\"name\":\"Radiographie pulmonaire\"}]},{\"@type\":\"WebSite\",\"@id\":\"https:\/\/www.heartfailurematters.org\/fr\/#website\",\"url\":\"https:\/\/www.heartfailurematters.org\/fr\/\",\"name\":\"Heart Failure Matters\",\"description\":\"Practical information for patients, families and caregivers.\",\"publisher\":{\"@id\":\"https:\/\/www.heartfailurematters.org\/fr\/#organization\"},\"potentialAction\":[{\"@type\":\"SearchAction\",\"target\":{\"@type\":\"EntryPoint\",\"urlTemplate\":\"https:\/\/www.heartfailurematters.org\/fr\/?s={search_term_string}\"},\"query-input\":{\"@type\":\"PropertyValueSpecification\",\"valueRequired\":true,\"valueName\":\"search_term_string\"}}],\"inLanguage\":\"fr-FR\"},{\"@type\":\"Organization\",\"@id\":\"https:\/\/www.heartfailurematters.org\/fr\/#organization\",\"name\":\"Heart Failure Matters\",\"url\":\"https:\/\/www.heartfailurematters.org\/fr\/\",\"logo\":{\"@type\":\"ImageObject\",\"inLanguage\":\"fr-FR\",\"@id\":\"https:\/\/www.heartfailurematters.org\/fr\/#\/schema\/logo\/image\/\",\"url\":\"https:\/\/cdn-endpoint-hfm.azureedge.net\/heartfailurematters\/2024\/07\/hfm-logo1.jpg\",\"contentUrl\":\"https:\/\/cdn-endpoint-hfm.azureedge.net\/heartfailurematters\/2024\/07\/hfm-logo1.jpg\",\"width\":1280,\"height\":720,\"caption\":\"Heart Failure Matters\"},\"image\":{\"@id\":\"https:\/\/www.heartfailurematters.org\/fr\/#\/schema\/logo\/image\/\"},\"sameAs\":[\"https:\/\/www.facebook.com\/heartfailurematters\"]}]}<\/script>\n<!-- \/ Yoast SEO plugin. -->","yoast_head_json":{"title":"Radiographie du thorax pour d\u00e9celer l'insuffisance cardiaque","description":"Une radiographie du thorax est un type de photographie du c\u0153ur, des poumons, des vaisseaux sanguins et des os de la colonne vert\u00e9brale et du thorax. Elle ne donne pas d'informations sp\u00e9cifiques sur le c\u0153ur et seuls des changements d'ordre g\u00e9n\u00e9ral sur la forme et la taille peuvent \u00eatre observ\u00e9s.","robots":{"index":"index","follow":"follow","max-snippet":"max-snippet:-1","max-image-preview":"max-image-preview:large","max-video-preview":"max-video-preview:-1"},"canonical":"https:\/\/www.heartfailurematters.org\/fr\/comprendre-linsuffisance-cardiaque\/radiographie-pulmonaire\/","og_locale":"fr_FR","og_type":"article","og_title":"Radiographie du thorax pour d\u00e9celer l'insuffisance cardiaque","og_description":"Une radiographie du thorax est un type de photographie du c\u0153ur, des poumons, des vaisseaux sanguins et des os de la colonne vert\u00e9brale et du thorax. Elle ne donne pas d'informations sp\u00e9cifiques sur le c\u0153ur et seuls des changements d'ordre g\u00e9n\u00e9ral sur la forme et la taille peuvent \u00eatre observ\u00e9s.","og_url":"https:\/\/www.heartfailurematters.org\/fr\/comprendre-linsuffisance-cardiaque\/radiographie-pulmonaire\/","og_site_name":"Heart Failure Matters","article_publisher":"https:\/\/www.facebook.com\/heartfailurematters","article_modified_time":"2021-07-19T10:08:09+00:00","og_image":[{"width":900,"height":558,"url":"https:\/\/www.heartfailurematters.org\/wp-content\/uploads\/2022\/02\/shutterstock_560923156-1-min.jpg","type":"image\/jpeg"}],"twitter_card":"summary_large_image","twitter_misc":{"Dur\u00e9e de lecture estim\u00e9e":"1 minute"},"schema":{"@context":"https:\/\/schema.org","@graph":[{"@type":"WebPage","@id":"https:\/\/www.heartfailurematters.org\/fr\/comprendre-linsuffisance-cardiaque\/radiographie-pulmonaire\/","url":"https:\/\/www.heartfailurematters.org\/fr\/comprendre-linsuffisance-cardiaque\/radiographie-pulmonaire\/","name":"Radiographie du thorax pour d\u00e9celer l'insuffisance cardiaque","isPartOf":{"@id":"https:\/\/www.heartfailurematters.org\/fr\/#website"},"primaryImageOfPage":{"@id":"https:\/\/www.heartfailurematters.org\/fr\/comprendre-linsuffisance-cardiaque\/radiographie-pulmonaire\/#primaryimage"},"image":{"@id":"https:\/\/www.heartfailurematters.org\/fr\/comprendre-linsuffisance-cardiaque\/radiographie-pulmonaire\/#primaryimage"},"thumbnailUrl":"https:\/\/www.heartfailurematters.org\/wp-content\/uploads\/2022\/02\/shutterstock_560923156-1-min.jpg","datePublished":"2021-01-27T21:36:09+00:00","dateModified":"2021-07-19T10:08:09+00:00","description":"Une radiographie du thorax est un type de photographie du c\u0153ur, des poumons, des vaisseaux sanguins et des os de la colonne vert\u00e9brale et du thorax. Elle ne donne pas d'informations sp\u00e9cifiques sur le c\u0153ur et seuls des changements d'ordre g\u00e9n\u00e9ral sur la forme et la taille peuvent \u00eatre observ\u00e9s.","breadcrumb":{"@id":"https:\/\/www.heartfailurematters.org\/fr\/comprendre-linsuffisance-cardiaque\/radiographie-pulmonaire\/#breadcrumb"},"inLanguage":"fr-FR","potentialAction":[{"@type":"ReadAction","target":["https:\/\/www.heartfailurematters.org\/fr\/comprendre-linsuffisance-cardiaque\/radiographie-pulmonaire\/"]}]},{"@type":"ImageObject","inLanguage":"fr-FR","@id":"https:\/\/www.heartfailurematters.org\/fr\/comprendre-linsuffisance-cardiaque\/radiographie-pulmonaire\/#primaryimage","url":"https:\/\/www.heartfailurematters.org\/wp-content\/uploads\/2022\/02\/shutterstock_560923156-1-min.jpg","contentUrl":"https:\/\/www.heartfailurematters.org\/wp-content\/uploads\/2022\/02\/shutterstock_560923156-1-min.jpg","width":900,"height":558},{"@type":"BreadcrumbList","@id":"https:\/\/www.heartfailurematters.org\/fr\/comprendre-linsuffisance-cardiaque\/radiographie-pulmonaire\/#breadcrumb","itemListElement":[{"@type":"ListItem","position":1,"name":"Accueil","item":"https:\/\/www.heartfailurematters.org\/fr\/"},{"@type":"ListItem","position":2,"name":"Comprendre l&#8217;insuffisance cardiaque","item":"https:\/\/www.heartfailurematters.org\/fr\/comprendre-linsuffisance-cardiaque\/"},{"@type":"ListItem","position":3,"name":"Radiographie pulmonaire"}]},{"@type":"WebSite","@id":"https:\/\/www.heartfailurematters.org\/fr\/#website","url":"https:\/\/www.heartfailurematters.org\/fr\/","name":"Heart Failure Matters","description":"Practical information for patients, families and caregivers.","publisher":{"@id":"https:\/\/www.heartfailurematters.org\/fr\/#organization"},"potentialAction":[{"@type":"SearchAction","target":{"@type":"EntryPoint","urlTemplate":"https:\/\/www.heartfailurematters.org\/fr\/?s={search_term_string}"},"query-input":{"@type":"PropertyValueSpecification","valueRequired":true,"valueName":"search_term_string"}}],"inLanguage":"fr-FR"},{"@type":"Organization","@id":"https:\/\/www.heartfailurematters.org\/fr\/#organization","name":"Heart Failure Matters","url":"https:\/\/www.heartfailurematters.org\/fr\/","logo":{"@type":"ImageObject","inLanguage":"fr-FR","@id":"https:\/\/www.heartfailurematters.org\/fr\/#\/schema\/logo\/image\/","url":"https:\/\/cdn-endpoint-hfm.azureedge.net\/heartfailurematters\/2024\/07\/hfm-logo1.jpg","contentUrl":"https:\/\/cdn-endpoint-hfm.azureedge.net\/heartfailurematters\/2024\/07\/hfm-logo1.jpg","width":1280,"height":720,"caption":"Heart Failure Matters"},"image":{"@id":"https:\/\/www.heartfailurematters.org\/fr\/#\/schema\/logo\/image\/"},"sameAs":["https:\/\/www.facebook.com\/heartfailurematters"]}]}},"_links":{"self":[{"href":"https:\/\/www.heartfailurematters.org\/fr\/wp-json\/wp\/v2\/pages\/470","targetHints":{"allow":["GET"]}}],"collection":[{"href":"https:\/\/www.heartfailurematters.org\/fr\/wp-json\/wp\/v2\/pages"}],"about":[{"href":"https:\/\/www.heartfailurematters.org\/fr\/wp-json\/wp\/v2\/types\/page"}],"author":[{"embeddable":true,"href":"https:\/\/www.heartfailurematters.org\/fr\/wp-json\/wp\/v2\/users\/1"}],"replies":[{"embeddable":true,"href":"https:\/\/www.heartfailurematters.org\/fr\/wp-json\/wp\/v2\/comments?post=470"}],"version-history":[{"count":1,"href":"https:\/\/www.heartfailurematters.org\/fr\/wp-json\/wp\/v2\/pages\/470\/revisions"}],"predecessor-version":[{"id":9503,"href":"https:\/\/www.heartfailurematters.org\/fr\/wp-json\/wp\/v2\/pages\/470\/revisions\/9503"}],"up":[{"embeddable":true,"href":"https:\/\/www.heartfailurematters.org\/fr\/wp-json\/wp\/v2\/pages\/307"}],"wp:featuredmedia":[{"embeddable":true,"href":"https:\/\/www.heartfailurematters.org\/fr\/wp-json\/wp\/v2\/media\/10636"}],"wp:attachment":[{"href":"https:\/\/www.heartfailurematters.org\/fr\/wp-json\/wp\/v2\/media?parent=470"}],"wp:term":[{"taxonomy":"category","embeddable":true,"href":"https:\/\/www.heartfailurematters.org\/fr\/wp-json\/wp\/v2\/categories?post=470"},{"taxonomy":"post_tag","embeddable":true,"href":"https:\/\/www.heartfailurematters.org\/fr\/wp-json\/wp\/v2\/tags?post=470"}],"curies":[{"name":"wp","href":"https:\/\/api.w.org\/{rel}","templated":true}]}}