{"id":467,"date":"2021-01-27T21:36:09","date_gmt":"2021-01-27T21:36:09","guid":{"rendered":"http:\/\/heartfailurematters.local:8888\/quelles-sont-les-causes-de-linsuffisance-cardiaque\/"},"modified":"2021-01-27T21:36:09","modified_gmt":"2021-01-27T21:36:09","slug":"quelles-sont-les-causes-de-linsuffisance-cardiaque","status":"publish","type":"page","link":"https:\/\/www.heartfailurematters.org\/fr\/comprendre-linsuffisance-cardiaque\/quelles-sont-les-causes-de-linsuffisance-cardiaque\/","title":{"rendered":"Quelles sont les causes de l\u2019insuffisance cardiaque\u00a0?"},"content":{"rendered":"<p>Les patients et les soignants expliquent qu\u2019il est important de conna\u00eetre les causes de l\u2019insuffisance cardiaque car cela permet de poser le diagnostic dans le bon contexte. L\u2019insuffisance cardiaque peut \u00eatre caus\u00e9e par des affections que vous avez ou avez eues et qui ont soit endommag\u00e9, soit exerc\u00e9 une surcharge sur votre c\u0153ur. Si vous pr\u00e9sentez (ou avez pr\u00e9sent\u00e9) plusieurs de ces affections, votre risque d\u2019insuffisance cardiaque est consid\u00e9rablement accru. Votre m\u00e9decin devrait \u00eatre en mesure de vous dire ce qui a engendr\u00e9 votre insuffisance cardiaque.<\/p>\n<p>Cette rubrique \u00e9num\u00e8re les diff\u00e9rentes affections pouvant causer ou provoquer une insuffisance cardiaque et explique en quoi consiste chacune d\u2019entre elles et la mani\u00e8re dont elle peut causer une insuffisance cardiaque. Cliquez simplement sur l\u2019une des affections ci-dessous pour en savoir plus.<\/p>\n<p>Certaines des causes les plus fr\u00e9quentes d\u2019insuffisance cardiaque sont&nbsp;:<\/p>\n<ul>\n<li><a href=\"https:\/\/www.heartfailurematters.org\/fr\/causes-de-linsuffisance-cardiaque-et-autres-problemes-medicaux-courants\/crises-cardiaques-anterieures\/\" title=\"Past heart attacks\">Crises cardiaques pr\u00e9c\u00e9dentes<\/a><\/li>\n<li><a href=\"https:\/\/www.heartfailurematters.org\/fr\/causes-de-linsuffisance-cardiaque-et-autres-problemes-medicaux-courants\/coronaropathie\/\" title=\"Coronary artery disease\">Coronaropathie<\/a><\/li>\n<li><a href=\"https:\/\/www.heartfailurematters.org\/fr\/causes-de-linsuffisance-cardiaque-et-autres-problemes-medicaux-courants\/hypertension-arterielle\/\" title=\"High blood pressure\">Hypertension art\u00e9rielle<\/a><\/li>\n<li><a href=\"https:\/\/www.heartfailurematters.org\/fr\/causes-de-linsuffisance-cardiaque-et-autres-problemes-medicaux-courants\/valvulopathie\/\" title=\"Heart valve disease\">Valvulopathie<\/a><\/li>\n<li><a href=\"https:\/\/www.heartfailurematters.org\/fr\/causes-de-linsuffisance-cardiaque-et-autres-problemes-medicaux-courants\/cardiomyopathie-ou-inflammation-cardiaque\/\" title=\"Heart muscle disease or inflammation of the heart\">Cardiomyopathie ou inflammation cardiaque<\/a><\/li>\n<li><a href=\"https:\/\/www.heartfailurematters.org\/fr\/causes-de-linsuffisance-cardiaque-et-autres-problemes-medicaux-courants\/malformations-cardiaques-congenitales\/\" title=\"Congenital heart defects\">Malformations cardiaques cong\u00e9nitales<\/a><\/li>\n<li><a href=\"https:\/\/www.heartfailurematters.org\/heart-failure-causes-and-other-common-medical-conditions\/lung-disease\/\" title=\"Lung conditions\">Pneumopathies<\/a><\/li>\n<li><a href=\"https:\/\/www.heartfailurematters.org\/fr\/causes-de-linsuffisance-cardiaque-et-autres-problemes-medicaux-courants\/consommation-dalcool-ou-de-drogues\/\" title=\"Alcohol \/ drug abuse\">Consommation d\u2019alcool ou de drogues<\/a><\/li>\n<\/ul>\n<p>Plus rarement, une personne dont l\u2019organisme compense bien l&rsquo;insuffisance cardiaque pourra manifester des sympt\u00f4mes si le c\u0153ur est temporairement incapable de r\u00e9pondre <span style=\"font-weight: 400;\">\u00e0<\/span>&nbsp;ses besoins. Les affections pouvant provoquer ce type d\u2019insuffisance cardiaque sont notamment&nbsp;:<\/p>\n<ul>\n<li><a href=\"https:\/\/www.heartfailurematters.org\/fr\/causes-de-linsuffisance-cardiaque-et-autres-problemes-medicaux-courants\/infections\/\" title=\"Infection\">Infection<\/a><\/li>\n<li><a href=\"https:\/\/www.heartfailurematters.org\/fr\/causes-de-linsuffisance-cardiaque-et-autres-problemes-medicaux-courants\/maladie-renale-dysfonctionnement-renal\/\" title=\"Kidney disease \/ poor kidney function\">Maladie r\u00e9nale \/ dysfonctionnement r\u00e9nal<\/a><\/li>\n<li><a href=\"https:\/\/www.heartfailurematters.org\/fr\/causes-de-linsuffisance-cardiaque-et-autres-problemes-medicaux-courants\/anemie\/\" title=\"Anaemia\">An\u00e9mie<\/a><\/li>\n<li><a href=\"https:\/\/www.heartfailurematters.org\/fr\/causes-de-linsuffisance-cardiaque-et-autres-problemes-medicaux-courants\/rythme-cardiaque-anormal\/\" title=\"Abnormal heart rhythm\">Rythme cardiaque anormal<\/a><\/li>\n<li><a href=\"https:\/\/www.heartfailurematters.org\/fr\/causes-de-linsuffisance-cardiaque-et-autres-problemes-medicaux-courants\/hyperactivite-de-la-glande-thyroide\/\" title=\"Overactive thyroid gland\">Hyperactivit\u00e9 de la glande thyro\u00efde<\/a><\/li>\n<\/ul>\n<p>Cette insuffisance cardiaque peut souvent s\u2019am\u00e9liorer si ces facteurs d\u00e9clenchants sont trait\u00e9s.<\/p>\n<p>D\u2019autres affections, tel que le <a href=\"https:\/\/www.heartfailurematters.org\/fr\/causes-de-linsuffisance-cardiaque-et-autres-problemes-medicaux-courants\/diabete\/\" title=\"diabetes\">diab\u00e8te<\/a>, peuvent aggraver l\u2019insuffisance cardiaque.<\/p>\n<p>De plus, il arrive fr\u00e9quemment que les personnes atteintes d\u2019insuffisance cardiaque deviennent symptomatiques lorsqu\u2019elles arr\u00eatent de prendre leurs m\u00e9dicaments ou qu&rsquo;elles ne suivent pas correctement le plan de traitement.<\/p>\n<p>Cliquez ici&nbsp;pour obtenir des <a href=\"https:\/\/www.heartfailurematters.org\/fr\/ce-que-votre-medecin-ou-votre-infirmier-ere-peut-faire\/limportance-de-prendre-vos-medicaments\/\" title=\"For tips on managing your medicines and following your treatment plan\">conseils sur la gestion de vos m\u00e9dicaments et le bon suivi de votre sch\u00e9ma th\u00e9rapeutique<\/a>.<\/p>\n<p>Chez certaines personnes, la cause de l\u2019insuffisance cardiaque est inconnue. Ces personnes ne pr\u00e9sentent aucune des affections \u00e9num\u00e9r\u00e9es ci-dessus.<\/p>\n<p>Si vous n\u2019\u00eates pas s\u00fbr de la cause de votre insuffisance cardiaque, vous devriez en discuter avec votre m\u00e9decin.<\/p>\n","protected":false},"excerpt":{"rendered":"<p>Les patients et les soignants expliquent qu\u2019il est important de conna\u00eetre les causes de l\u2019insuffisance cardiaque car cela permet de poser le diagnostic dans le bon contexte. L\u2019insuffisance cardiaque peut \u00eatre caus\u00e9e par des affections que vous avez ou avez eues et qui ont soit endommag\u00e9, soit exerc\u00e9 une surcharge sur votre c\u0153ur. Si vous [&hellip;]<\/p>\n","protected":false},"author":1,"featured_media":0,"parent":307,"menu_order":12,"comment_status":"open","ping_status":"closed","template":"","meta":{"_acf_changed":false,"footnotes":""},"categories":[118],"tags":[],"class_list":["post-467","page","type-page","status-publish","hentry","category-understanding-heart-failure-fr"],"acf":[],"yoast_head":"<!-- This site is optimized with the Yoast SEO plugin v24.8.1 - https:\/\/yoast.com\/wordpress\/plugins\/seo\/ -->\n<title>Quelles sont les causes de l\u2019insuffisance cardiaque\u00a0? - Heart Failure Matters<\/title>\n<meta name=\"description\" content=\"Voici une liste des diff\u00e9rentes pathologies qui peuvent causer ou d\u00e9clencher une insuffisance cardiaque, d\u00e9taillant chaque pathologie et les probl\u00e8mes qui y sont li\u00e9s\" \/>\n<meta name=\"robots\" content=\"index, follow, max-snippet:-1, max-image-preview:large, max-video-preview:-1\" \/>\n<link rel=\"canonical\" href=\"https:\/\/www.heartfailurematters.org\/fr\/comprendre-linsuffisance-cardiaque\/quelles-sont-les-causes-de-linsuffisance-cardiaque\/\" \/>\n<meta property=\"og:locale\" content=\"fr_FR\" \/>\n<meta property=\"og:type\" content=\"article\" \/>\n<meta property=\"og:title\" content=\"Quelles sont les causes de l\u2019insuffisance cardiaque\u00a0? - Heart Failure Matters\" \/>\n<meta property=\"og:description\" content=\"Voici une liste des diff\u00e9rentes pathologies qui peuvent causer ou d\u00e9clencher une insuffisance cardiaque, d\u00e9taillant chaque pathologie et les probl\u00e8mes qui y sont li\u00e9s\" \/>\n<meta property=\"og:url\" content=\"https:\/\/www.heartfailurematters.org\/fr\/comprendre-linsuffisance-cardiaque\/quelles-sont-les-causes-de-linsuffisance-cardiaque\/\" \/>\n<meta property=\"og:site_name\" content=\"Heart Failure Matters\" \/>\n<meta property=\"article:publisher\" content=\"https:\/\/www.facebook.com\/heartfailurematters\" \/>\n<meta name=\"twitter:card\" content=\"summary_large_image\" \/>\n<meta name=\"twitter:label1\" content=\"Dur\u00e9e de lecture estim\u00e9e\" \/>\n\t<meta name=\"twitter:data1\" content=\"2 minutes\" \/>\n<script type=\"application\/ld+json\" class=\"yoast-schema-graph\">{\"@context\":\"https:\/\/schema.org\",\"@graph\":[{\"@type\":\"WebPage\",\"@id\":\"https:\/\/www.heartfailurematters.org\/fr\/comprendre-linsuffisance-cardiaque\/quelles-sont-les-causes-de-linsuffisance-cardiaque\/\",\"url\":\"https:\/\/www.heartfailurematters.org\/fr\/comprendre-linsuffisance-cardiaque\/quelles-sont-les-causes-de-linsuffisance-cardiaque\/\",\"name\":\"Quelles sont les causes de l\u2019insuffisance cardiaque\u00a0? - Heart Failure Matters\",\"isPartOf\":{\"@id\":\"https:\/\/www.heartfailurematters.org\/fr\/#website\"},\"datePublished\":\"2021-01-27T21:36:09+00:00\",\"description\":\"Voici une liste des diff\u00e9rentes pathologies qui peuvent causer ou d\u00e9clencher une insuffisance cardiaque, d\u00e9taillant chaque pathologie et les probl\u00e8mes qui y sont li\u00e9s\",\"breadcrumb\":{\"@id\":\"https:\/\/www.heartfailurematters.org\/fr\/comprendre-linsuffisance-cardiaque\/quelles-sont-les-causes-de-linsuffisance-cardiaque\/#breadcrumb\"},\"inLanguage\":\"fr-FR\",\"potentialAction\":[{\"@type\":\"ReadAction\",\"target\":[\"https:\/\/www.heartfailurematters.org\/fr\/comprendre-linsuffisance-cardiaque\/quelles-sont-les-causes-de-linsuffisance-cardiaque\/\"]}]},{\"@type\":\"BreadcrumbList\",\"@id\":\"https:\/\/www.heartfailurematters.org\/fr\/comprendre-linsuffisance-cardiaque\/quelles-sont-les-causes-de-linsuffisance-cardiaque\/#breadcrumb\",\"itemListElement\":[{\"@type\":\"ListItem\",\"position\":1,\"name\":\"Accueil\",\"item\":\"https:\/\/www.heartfailurematters.org\/fr\/\"},{\"@type\":\"ListItem\",\"position\":2,\"name\":\"Comprendre l&#8217;insuffisance cardiaque\",\"item\":\"https:\/\/www.heartfailurematters.org\/fr\/comprendre-linsuffisance-cardiaque\/\"},{\"@type\":\"ListItem\",\"position\":3,\"name\":\"Quelles sont les causes de l\u2019insuffisance cardiaque\u00a0?\"}]},{\"@type\":\"WebSite\",\"@id\":\"https:\/\/www.heartfailurematters.org\/fr\/#website\",\"url\":\"https:\/\/www.heartfailurematters.org\/fr\/\",\"name\":\"Heart Failure Matters\",\"description\":\"Practical information for patients, families and caregivers.\",\"publisher\":{\"@id\":\"https:\/\/www.heartfailurematters.org\/fr\/#organization\"},\"potentialAction\":[{\"@type\":\"SearchAction\",\"target\":{\"@type\":\"EntryPoint\",\"urlTemplate\":\"https:\/\/www.heartfailurematters.org\/fr\/?s={search_term_string}\"},\"query-input\":{\"@type\":\"PropertyValueSpecification\",\"valueRequired\":true,\"valueName\":\"search_term_string\"}}],\"inLanguage\":\"fr-FR\"},{\"@type\":\"Organization\",\"@id\":\"https:\/\/www.heartfailurematters.org\/fr\/#organization\",\"name\":\"Heart Failure Matters\",\"url\":\"https:\/\/www.heartfailurematters.org\/fr\/\",\"logo\":{\"@type\":\"ImageObject\",\"inLanguage\":\"fr-FR\",\"@id\":\"https:\/\/www.heartfailurematters.org\/fr\/#\/schema\/logo\/image\/\",\"url\":\"https:\/\/cdn-endpoint-hfm.azureedge.net\/heartfailurematters\/2024\/07\/hfm-logo1.jpg\",\"contentUrl\":\"https:\/\/cdn-endpoint-hfm.azureedge.net\/heartfailurematters\/2024\/07\/hfm-logo1.jpg\",\"width\":1280,\"height\":720,\"caption\":\"Heart Failure Matters\"},\"image\":{\"@id\":\"https:\/\/www.heartfailurematters.org\/fr\/#\/schema\/logo\/image\/\"},\"sameAs\":[\"https:\/\/www.facebook.com\/heartfailurematters\"]}]}<\/script>\n<!-- \/ Yoast SEO plugin. -->","yoast_head_json":{"title":"Quelles sont les causes de l\u2019insuffisance cardiaque\u00a0? - Heart Failure Matters","description":"Voici une liste des diff\u00e9rentes pathologies qui peuvent causer ou d\u00e9clencher une insuffisance cardiaque, d\u00e9taillant chaque pathologie et les probl\u00e8mes qui y sont li\u00e9s","robots":{"index":"index","follow":"follow","max-snippet":"max-snippet:-1","max-image-preview":"max-image-preview:large","max-video-preview":"max-video-preview:-1"},"canonical":"https:\/\/www.heartfailurematters.org\/fr\/comprendre-linsuffisance-cardiaque\/quelles-sont-les-causes-de-linsuffisance-cardiaque\/","og_locale":"fr_FR","og_type":"article","og_title":"Quelles sont les causes de l\u2019insuffisance cardiaque\u00a0? - Heart Failure Matters","og_description":"Voici une liste des diff\u00e9rentes pathologies qui peuvent causer ou d\u00e9clencher une insuffisance cardiaque, d\u00e9taillant chaque pathologie et les probl\u00e8mes qui y sont li\u00e9s","og_url":"https:\/\/www.heartfailurematters.org\/fr\/comprendre-linsuffisance-cardiaque\/quelles-sont-les-causes-de-linsuffisance-cardiaque\/","og_site_name":"Heart Failure Matters","article_publisher":"https:\/\/www.facebook.com\/heartfailurematters","twitter_card":"summary_large_image","twitter_misc":{"Dur\u00e9e de lecture estim\u00e9e":"2 minutes"},"schema":{"@context":"https:\/\/schema.org","@graph":[{"@type":"WebPage","@id":"https:\/\/www.heartfailurematters.org\/fr\/comprendre-linsuffisance-cardiaque\/quelles-sont-les-causes-de-linsuffisance-cardiaque\/","url":"https:\/\/www.heartfailurematters.org\/fr\/comprendre-linsuffisance-cardiaque\/quelles-sont-les-causes-de-linsuffisance-cardiaque\/","name":"Quelles sont les causes de l\u2019insuffisance cardiaque\u00a0? - Heart Failure Matters","isPartOf":{"@id":"https:\/\/www.heartfailurematters.org\/fr\/#website"},"datePublished":"2021-01-27T21:36:09+00:00","description":"Voici une liste des diff\u00e9rentes pathologies qui peuvent causer ou d\u00e9clencher une insuffisance cardiaque, d\u00e9taillant chaque pathologie et les probl\u00e8mes qui y sont li\u00e9s","breadcrumb":{"@id":"https:\/\/www.heartfailurematters.org\/fr\/comprendre-linsuffisance-cardiaque\/quelles-sont-les-causes-de-linsuffisance-cardiaque\/#breadcrumb"},"inLanguage":"fr-FR","potentialAction":[{"@type":"ReadAction","target":["https:\/\/www.heartfailurematters.org\/fr\/comprendre-linsuffisance-cardiaque\/quelles-sont-les-causes-de-linsuffisance-cardiaque\/"]}]},{"@type":"BreadcrumbList","@id":"https:\/\/www.heartfailurematters.org\/fr\/comprendre-linsuffisance-cardiaque\/quelles-sont-les-causes-de-linsuffisance-cardiaque\/#breadcrumb","itemListElement":[{"@type":"ListItem","position":1,"name":"Accueil","item":"https:\/\/www.heartfailurematters.org\/fr\/"},{"@type":"ListItem","position":2,"name":"Comprendre l&#8217;insuffisance cardiaque","item":"https:\/\/www.heartfailurematters.org\/fr\/comprendre-linsuffisance-cardiaque\/"},{"@type":"ListItem","position":3,"name":"Quelles sont les causes de l\u2019insuffisance cardiaque\u00a0?"}]},{"@type":"WebSite","@id":"https:\/\/www.heartfailurematters.org\/fr\/#website","url":"https:\/\/www.heartfailurematters.org\/fr\/","name":"Heart Failure Matters","description":"Practical information for patients, families and caregivers.","publisher":{"@id":"https:\/\/www.heartfailurematters.org\/fr\/#organization"},"potentialAction":[{"@type":"SearchAction","target":{"@type":"EntryPoint","urlTemplate":"https:\/\/www.heartfailurematters.org\/fr\/?s={search_term_string}"},"query-input":{"@type":"PropertyValueSpecification","valueRequired":true,"valueName":"search_term_string"}}],"inLanguage":"fr-FR"},{"@type":"Organization","@id":"https:\/\/www.heartfailurematters.org\/fr\/#organization","name":"Heart Failure Matters","url":"https:\/\/www.heartfailurematters.org\/fr\/","logo":{"@type":"ImageObject","inLanguage":"fr-FR","@id":"https:\/\/www.heartfailurematters.org\/fr\/#\/schema\/logo\/image\/","url":"https:\/\/cdn-endpoint-hfm.azureedge.net\/heartfailurematters\/2024\/07\/hfm-logo1.jpg","contentUrl":"https:\/\/cdn-endpoint-hfm.azureedge.net\/heartfailurematters\/2024\/07\/hfm-logo1.jpg","width":1280,"height":720,"caption":"Heart Failure Matters"},"image":{"@id":"https:\/\/www.heartfailurematters.org\/fr\/#\/schema\/logo\/image\/"},"sameAs":["https:\/\/www.facebook.com\/heartfailurematters"]}]}},"_links":{"self":[{"href":"https:\/\/www.heartfailurematters.org\/fr\/wp-json\/wp\/v2\/pages\/467","targetHints":{"allow":["GET"]}}],"collection":[{"href":"https:\/\/www.heartfailurematters.org\/fr\/wp-json\/wp\/v2\/pages"}],"about":[{"href":"https:\/\/www.heartfailurematters.org\/fr\/wp-json\/wp\/v2\/types\/page"}],"author":[{"embeddable":true,"href":"https:\/\/www.heartfailurematters.org\/fr\/wp-json\/wp\/v2\/users\/1"}],"replies":[{"embeddable":true,"href":"https:\/\/www.heartfailurematters.org\/fr\/wp-json\/wp\/v2\/comments?post=467"}],"version-history":[{"count":0,"href":"https:\/\/www.heartfailurematters.org\/fr\/wp-json\/wp\/v2\/pages\/467\/revisions"}],"up":[{"embeddable":true,"href":"https:\/\/www.heartfailurematters.org\/fr\/wp-json\/wp\/v2\/pages\/307"}],"wp:attachment":[{"href":"https:\/\/www.heartfailurematters.org\/fr\/wp-json\/wp\/v2\/media?parent=467"}],"wp:term":[{"taxonomy":"category","embeddable":true,"href":"https:\/\/www.heartfailurematters.org\/fr\/wp-json\/wp\/v2\/categories?post=467"},{"taxonomy":"post_tag","embeddable":true,"href":"https:\/\/www.heartfailurematters.org\/fr\/wp-json\/wp\/v2\/tags?post=467"}],"curies":[{"name":"wp","href":"https:\/\/api.w.org\/{rel}","templated":true}]}}